{"id":49,"date":"2023-08-22T10:55:22","date_gmt":"2023-08-22T07:55:22","guid":{"rendered":"https:\/\/decubal.com\/tr\/?post_type=product&#038;p=49"},"modified":"2023-11-16T18:51:28","modified_gmt":"2023-11-16T15:51:28","slug":"decubal-junior-sac-ve-vucut-sampuani","status":"publish","type":"product","link":"https:\/\/decubal.com\/tr\/urun\/decubal-junior-sac-ve-vucut-sampuani\/","title":{"rendered":"Decubal Junior Sa\u00e7 ve V\u00fccut \u015eampuan\u0131"},"content":{"rendered":"\n<div class=\"wp-block-karopharma-accordions is-style-secondary\"><div class=\"container\">\n<details class=\"wp-block-karopharma-accordion\"><summary><h2 class=\"accordion-title\">Kullan\u0131m<\/h2><\/summary><div class=\"accordion-content\">\n<p>G\u00fcnl\u00fck olarak \u015fampuan ve v\u00fccut temizleyici olarak kullan\u0131labilir.<br>Sa\u00e7 i\u00e7in: Nemli sa\u00e7a uygulay\u0131n. Sa\u00e7 ve sa\u00e7 derisine masaj yap\u0131n ard\u0131ndan suyla durulay\u0131n. V\u00fccut i\u00e7in: Du\u015fta veya banyoda cildinizi nemlendirin. Cilde uygulay\u0131n ve ard\u0131ndan su ile durulay\u0131n. K\u00fcvette kullan\u0131ma uygundur.<\/p>\n<\/div><\/details>\n\n\n\n<details class=\"wp-block-karopharma-accordion\"><summary><h2 class=\"accordion-title\">\u0130\u00e7indekiler<\/h2><\/summary><div class=\"accordion-content\">\n<figure class=\"wp-block-table\"><table><tbody><tr><td><strong>\u0130\u00e7erik<\/strong><\/td><td><strong>Fonksiyonu<\/strong><\/td><\/tr><tr><td>Aqua (Su)<\/td><td>\u00c7\u00f6z\u00fcc\u00fc<\/td><\/tr><tr><td>Cocamidopropyl Betaine<\/td><td>Temizleme, k\u00f6p\u00fcrme<\/td><\/tr><tr><td>Gliserin<\/td><td>Nemlendirici<\/td><\/tr><tr><td>Gliseret-2 Cocoate<\/td><td>Em\u00fclgat\u00f6r<\/td><\/tr><tr><td>Guar Hydroxypropyltrimonium Chloride<\/td><td>Antistatik, film olu\u015fturucu, yumu\u015fat\u0131c\u0131<\/td><\/tr><tr><td>Badem Ya\u011f\u0131 Gliseret-8 Esterleri<\/td><td>\u0130yile\u015ftirme<\/td><\/tr><tr><td>Betain<\/td><td>Antistatik, Nemlendirici, Besleyici, \u0130yile\u015ftirici<\/td><\/tr><tr><td>Sodyum Benzoat<\/td><td>Koruyucu<\/td><\/tr><tr><td>Laktik Asit<\/td><td>Tampon, Nemlendirici, \u0130yile\u015ftirici<\/td><\/tr><\/tbody><\/table><\/figure>\n<\/div><\/details>\n<\/div><\/div>\n","protected":false},"excerpt":{"rendered":"<p>Her ya\u015ftan \u00e7ocuklar ve bebekler i\u00e7in nazik sa\u00e7 ve v\u00fccut y\u0131kama.<\/p>\n","protected":false},"featured_media":76,"comment_status":"closed","ping_status":"closed","template":"","meta":{"_acf_changed":false,"footnotes":""},"product_brand":[],"product_cat":[20],"product_tag":[],"class_list":{"0":"post-49","1":"product","2":"type-product","3":"status-publish","4":"has-post-thumbnail","6":"product_cat-cocuk","8":"first","9":"instock","10":"shipping-taxable","11":"product-type-simple"},"acf":[],"yoast_head":"<!-- This site is optimized with the Yoast SEO plugin v26.6 - https:\/\/yoast.com\/wordpress\/plugins\/seo\/ -->\n<title>Decubal Junior Sa\u00e7 ve V\u00fccut \u015eampuan\u0131 - Decubal<\/title>\n<meta name=\"description\" content=\"Bebeklerde ve \u00e7ocuklarda kuru ve hassas cildi temizleyen, koruyan ve nemlendiren, \u00f6zenle se\u00e7ilmi\u015f bile\u015fenlerle nazik bir sa\u00e7 ve v\u00fccut \u015fampuan\u0131.\" \/>\n<meta name=\"robots\" content=\"index, follow, max-snippet:-1, max-image-preview:large, max-video-preview:-1\" \/>\n<link rel=\"canonical\" href=\"https:\/\/decubal.com\/tr\/urun\/decubal-junior-sac-ve-vucut-sampuani\/\" \/>\n<meta property=\"og:locale\" content=\"tr_TR\" \/>\n<meta property=\"og:type\" content=\"article\" \/>\n<meta property=\"og:title\" content=\"Decubal Junior Sa\u00e7 ve V\u00fccut \u015eampuan\u0131 - Decubal\" \/>\n<meta property=\"og:description\" content=\"Bebeklerde ve \u00e7ocuklarda kuru ve hassas cildi temizleyen, koruyan ve nemlendiren, \u00f6zenle se\u00e7ilmi\u015f bile\u015fenlerle nazik bir sa\u00e7 ve v\u00fccut \u015fampuan\u0131.\" \/>\n<meta property=\"og:url\" content=\"https:\/\/decubal.com\/tr\/urun\/decubal-junior-sac-ve-vucut-sampuani\/\" \/>\n<meta property=\"og:site_name\" content=\"Decubal\" \/>\n<meta property=\"article:modified_time\" content=\"2023-11-16T15:51:28+00:00\" \/>\n<meta property=\"og:image\" content=\"https:\/\/decubal.com\/app\/uploads\/sites\/7\/2023\/08\/decubal-junior-hair-body-wash.png\" \/>\n\t<meta property=\"og:image:width\" content=\"600\" \/>\n\t<meta property=\"og:image:height\" content=\"600\" \/>\n\t<meta property=\"og:image:type\" content=\"image\/png\" \/>\n<meta name=\"twitter:card\" content=\"summary_large_image\" \/>\n<meta name=\"twitter:label1\" content=\"Tahmini okuma s\u00fcresi\" \/>\n\t<meta name=\"twitter:data1\" content=\"1 dakika\" \/>\n<script type=\"application\/ld+json\" class=\"yoast-schema-graph\">{\"@context\":\"https:\/\/schema.org\",\"@graph\":[{\"@type\":\"WebPage\",\"@id\":\"https:\/\/decubal.com\/tr\/urun\/decubal-junior-sac-ve-vucut-sampuani\/\",\"url\":\"https:\/\/decubal.com\/tr\/urun\/decubal-junior-sac-ve-vucut-sampuani\/\",\"name\":\"Decubal Junior Sa\u00e7 ve V\u00fccut \u015eampuan\u0131 - Decubal\",\"isPartOf\":{\"@id\":\"https:\/\/decubal.com\/tr\/#website\"},\"primaryImageOfPage\":{\"@id\":\"https:\/\/decubal.com\/tr\/urun\/decubal-junior-sac-ve-vucut-sampuani\/#primaryimage\"},\"image\":{\"@id\":\"https:\/\/decubal.com\/tr\/urun\/decubal-junior-sac-ve-vucut-sampuani\/#primaryimage\"},\"thumbnailUrl\":\"https:\/\/decubal.com\/app\/uploads\/sites\/7\/2023\/08\/decubal-junior-hair-body-wash.png\",\"datePublished\":\"2023-08-22T07:55:22+00:00\",\"dateModified\":\"2023-11-16T15:51:28+00:00\",\"description\":\"Bebeklerde ve \u00e7ocuklarda kuru ve hassas cildi temizleyen, koruyan ve nemlendiren, \u00f6zenle se\u00e7ilmi\u015f bile\u015fenlerle nazik bir sa\u00e7 ve v\u00fccut \u015fampuan\u0131.\",\"breadcrumb\":{\"@id\":\"https:\/\/decubal.com\/tr\/urun\/decubal-junior-sac-ve-vucut-sampuani\/#breadcrumb\"},\"inLanguage\":\"tr\",\"potentialAction\":[{\"@type\":\"ReadAction\",\"target\":[\"https:\/\/decubal.com\/tr\/urun\/decubal-junior-sac-ve-vucut-sampuani\/\"]}]},{\"@type\":\"ImageObject\",\"inLanguage\":\"tr\",\"@id\":\"https:\/\/decubal.com\/tr\/urun\/decubal-junior-sac-ve-vucut-sampuani\/#primaryimage\",\"url\":\"https:\/\/decubal.com\/app\/uploads\/sites\/7\/2023\/08\/decubal-junior-hair-body-wash.png\",\"contentUrl\":\"https:\/\/decubal.com\/app\/uploads\/sites\/7\/2023\/08\/decubal-junior-hair-body-wash.png\",\"width\":600,\"height\":600,\"caption\":\"Decubal Junior Sa\u00e7 ve V\u00fccut \u015eampuan\u0131\"},{\"@type\":\"BreadcrumbList\",\"@id\":\"https:\/\/decubal.com\/tr\/urun\/decubal-junior-sac-ve-vucut-sampuani\/#breadcrumb\",\"itemListElement\":[{\"@type\":\"ListItem\",\"position\":1,\"name\":\"Home\",\"item\":\"https:\/\/decubal.com\/tr\/\"},{\"@type\":\"ListItem\",\"position\":2,\"name\":\"\u00dcr\u00fcnler\",\"item\":\"https:\/\/decubal.com\/tr\/urunler\/\"},{\"@type\":\"ListItem\",\"position\":3,\"name\":\"Decubal Junior Sa\u00e7 ve V\u00fccut \u015eampuan\u0131\"}]},{\"@type\":\"WebSite\",\"@id\":\"https:\/\/decubal.com\/tr\/#website\",\"url\":\"https:\/\/decubal.com\/tr\/\",\"name\":\"Decubal\",\"description\":\"\",\"publisher\":{\"@id\":\"https:\/\/decubal.com\/tr\/#organization\"},\"potentialAction\":[{\"@type\":\"SearchAction\",\"target\":{\"@type\":\"EntryPoint\",\"urlTemplate\":\"https:\/\/decubal.com\/tr\/?s={search_term_string}\"},\"query-input\":{\"@type\":\"PropertyValueSpecification\",\"valueRequired\":true,\"valueName\":\"search_term_string\"}}],\"inLanguage\":\"tr\"},{\"@type\":\"Organization\",\"@id\":\"https:\/\/decubal.com\/tr\/#organization\",\"name\":\"Decubal\",\"url\":\"https:\/\/decubal.com\/tr\/\",\"logo\":{\"@type\":\"ImageObject\",\"inLanguage\":\"tr\",\"@id\":\"https:\/\/decubal.com\/tr\/#\/schema\/logo\/image\/\",\"url\":\"https:\/\/decubal.com\/app\/uploads\/sites\/7\/2023\/03\/Decubal-logo.png\",\"contentUrl\":\"https:\/\/decubal.com\/app\/uploads\/sites\/7\/2023\/03\/Decubal-logo.png\",\"width\":138,\"height\":40,\"caption\":\"Decubal\"},\"image\":{\"@id\":\"https:\/\/decubal.com\/tr\/#\/schema\/logo\/image\/\"}}]}<\/script>\n<!-- \/ Yoast SEO plugin. -->","yoast_head_json":{"title":"Decubal Junior Sa\u00e7 ve V\u00fccut \u015eampuan\u0131 - Decubal","description":"Bebeklerde ve \u00e7ocuklarda kuru ve hassas cildi temizleyen, koruyan ve nemlendiren, \u00f6zenle se\u00e7ilmi\u015f bile\u015fenlerle nazik bir sa\u00e7 ve v\u00fccut \u015fampuan\u0131.","robots":{"index":"index","follow":"follow","max-snippet":"max-snippet:-1","max-image-preview":"max-image-preview:large","max-video-preview":"max-video-preview:-1"},"canonical":"https:\/\/decubal.com\/tr\/urun\/decubal-junior-sac-ve-vucut-sampuani\/","og_locale":"tr_TR","og_type":"article","og_title":"Decubal Junior Sa\u00e7 ve V\u00fccut \u015eampuan\u0131 - Decubal","og_description":"Bebeklerde ve \u00e7ocuklarda kuru ve hassas cildi temizleyen, koruyan ve nemlendiren, \u00f6zenle se\u00e7ilmi\u015f bile\u015fenlerle nazik bir sa\u00e7 ve v\u00fccut \u015fampuan\u0131.","og_url":"https:\/\/decubal.com\/tr\/urun\/decubal-junior-sac-ve-vucut-sampuani\/","og_site_name":"Decubal","article_modified_time":"2023-11-16T15:51:28+00:00","og_image":[{"width":600,"height":600,"url":"https:\/\/decubal.com\/app\/uploads\/sites\/7\/2023\/08\/decubal-junior-hair-body-wash.png","type":"image\/png"}],"twitter_card":"summary_large_image","twitter_misc":{"Tahmini okuma s\u00fcresi":"1 dakika"},"schema":{"@context":"https:\/\/schema.org","@graph":[{"@type":"WebPage","@id":"https:\/\/decubal.com\/tr\/urun\/decubal-junior-sac-ve-vucut-sampuani\/","url":"https:\/\/decubal.com\/tr\/urun\/decubal-junior-sac-ve-vucut-sampuani\/","name":"Decubal Junior Sa\u00e7 ve V\u00fccut \u015eampuan\u0131 - Decubal","isPartOf":{"@id":"https:\/\/decubal.com\/tr\/#website"},"primaryImageOfPage":{"@id":"https:\/\/decubal.com\/tr\/urun\/decubal-junior-sac-ve-vucut-sampuani\/#primaryimage"},"image":{"@id":"https:\/\/decubal.com\/tr\/urun\/decubal-junior-sac-ve-vucut-sampuani\/#primaryimage"},"thumbnailUrl":"https:\/\/decubal.com\/app\/uploads\/sites\/7\/2023\/08\/decubal-junior-hair-body-wash.png","datePublished":"2023-08-22T07:55:22+00:00","dateModified":"2023-11-16T15:51:28+00:00","description":"Bebeklerde ve \u00e7ocuklarda kuru ve hassas cildi temizleyen, koruyan ve nemlendiren, \u00f6zenle se\u00e7ilmi\u015f bile\u015fenlerle nazik bir sa\u00e7 ve v\u00fccut \u015fampuan\u0131.","breadcrumb":{"@id":"https:\/\/decubal.com\/tr\/urun\/decubal-junior-sac-ve-vucut-sampuani\/#breadcrumb"},"inLanguage":"tr","potentialAction":[{"@type":"ReadAction","target":["https:\/\/decubal.com\/tr\/urun\/decubal-junior-sac-ve-vucut-sampuani\/"]}]},{"@type":"ImageObject","inLanguage":"tr","@id":"https:\/\/decubal.com\/tr\/urun\/decubal-junior-sac-ve-vucut-sampuani\/#primaryimage","url":"https:\/\/decubal.com\/app\/uploads\/sites\/7\/2023\/08\/decubal-junior-hair-body-wash.png","contentUrl":"https:\/\/decubal.com\/app\/uploads\/sites\/7\/2023\/08\/decubal-junior-hair-body-wash.png","width":600,"height":600,"caption":"Decubal Junior Sa\u00e7 ve V\u00fccut \u015eampuan\u0131"},{"@type":"BreadcrumbList","@id":"https:\/\/decubal.com\/tr\/urun\/decubal-junior-sac-ve-vucut-sampuani\/#breadcrumb","itemListElement":[{"@type":"ListItem","position":1,"name":"Home","item":"https:\/\/decubal.com\/tr\/"},{"@type":"ListItem","position":2,"name":"\u00dcr\u00fcnler","item":"https:\/\/decubal.com\/tr\/urunler\/"},{"@type":"ListItem","position":3,"name":"Decubal Junior Sa\u00e7 ve V\u00fccut \u015eampuan\u0131"}]},{"@type":"WebSite","@id":"https:\/\/decubal.com\/tr\/#website","url":"https:\/\/decubal.com\/tr\/","name":"Decubal","description":"","publisher":{"@id":"https:\/\/decubal.com\/tr\/#organization"},"potentialAction":[{"@type":"SearchAction","target":{"@type":"EntryPoint","urlTemplate":"https:\/\/decubal.com\/tr\/?s={search_term_string}"},"query-input":{"@type":"PropertyValueSpecification","valueRequired":true,"valueName":"search_term_string"}}],"inLanguage":"tr"},{"@type":"Organization","@id":"https:\/\/decubal.com\/tr\/#organization","name":"Decubal","url":"https:\/\/decubal.com\/tr\/","logo":{"@type":"ImageObject","inLanguage":"tr","@id":"https:\/\/decubal.com\/tr\/#\/schema\/logo\/image\/","url":"https:\/\/decubal.com\/app\/uploads\/sites\/7\/2023\/03\/Decubal-logo.png","contentUrl":"https:\/\/decubal.com\/app\/uploads\/sites\/7\/2023\/03\/Decubal-logo.png","width":138,"height":40,"caption":"Decubal"},"image":{"@id":"https:\/\/decubal.com\/tr\/#\/schema\/logo\/image\/"}}]}},"_links":{"self":[{"href":"https:\/\/decubal.com\/tr\/wp-json\/wp\/v2\/product\/49","targetHints":{"allow":["GET"]}}],"collection":[{"href":"https:\/\/decubal.com\/tr\/wp-json\/wp\/v2\/product"}],"about":[{"href":"https:\/\/decubal.com\/tr\/wp-json\/wp\/v2\/types\/product"}],"replies":[{"embeddable":true,"href":"https:\/\/decubal.com\/tr\/wp-json\/wp\/v2\/comments?post=49"}],"version-history":[{"count":5,"href":"https:\/\/decubal.com\/tr\/wp-json\/wp\/v2\/product\/49\/revisions"}],"predecessor-version":[{"id":89,"href":"https:\/\/decubal.com\/tr\/wp-json\/wp\/v2\/product\/49\/revisions\/89"}],"wp:featuredmedia":[{"embeddable":true,"href":"https:\/\/decubal.com\/tr\/wp-json\/wp\/v2\/media\/76"}],"wp:attachment":[{"href":"https:\/\/decubal.com\/tr\/wp-json\/wp\/v2\/media?parent=49"}],"wp:term":[{"taxonomy":"product_brand","embeddable":true,"href":"https:\/\/decubal.com\/tr\/wp-json\/wp\/v2\/product_brand?post=49"},{"taxonomy":"product_cat","embeddable":true,"href":"https:\/\/decubal.com\/tr\/wp-json\/wp\/v2\/product_cat?post=49"},{"taxonomy":"product_tag","embeddable":true,"href":"https:\/\/decubal.com\/tr\/wp-json\/wp\/v2\/product_tag?post=49"}],"curies":[{"name":"wp","href":"https:\/\/api.w.org\/{rel}","templated":true}]}}