{"id":155,"date":"2023-09-01T11:33:58","date_gmt":"2023-09-01T08:33:58","guid":{"rendered":"https:\/\/decubal.com\/tr\/?post_type=product&#038;p=155"},"modified":"2023-11-16T18:50:56","modified_gmt":"2023-11-16T15:50:56","slug":"decubal-dus-ve-banyo-yagi","status":"publish","type":"product","link":"https:\/\/decubal.com\/tr\/urun\/decubal-dus-ve-banyo-yagi\/","title":{"rendered":"Decubal Du\u015f ve Banyo Ya\u011f\u0131"},"content":{"rendered":"\n<div class=\"wp-block-karopharma-accordions is-style-secondary\"><div class=\"container\">\n<details class=\"wp-block-karopharma-accordion\"><summary><h2 class=\"accordion-title\">Kullan\u0131m<\/h2><\/summary><div class=\"accordion-content\">\n<ul class=\"is-style-icon wp-block-list\"><li>V\u00fccudun g\u00fcnl\u00fck y\u0131kanmas\u0131 ve temizlenmesi i\u00e7in<\/li><li>Hem du\u015fta hem banyoda kullan\u0131labilir<\/li><\/ul>\n<\/div><\/details>\n\n\n\n<details class=\"wp-block-karopharma-accordion\"><summary><h2 class=\"accordion-title\">\u0130\u00e7indekiler<\/h2><\/summary><div class=\"accordion-content\">\n<figure class=\"wp-block-table\"><table><tbody><tr><td><strong>\u0130\u00e7erik<\/strong><\/td><td><strong>Fonksiyonu<\/strong><\/td><\/tr><tr><td>MIPA laureth s\u00fclfat<\/td><td>S\u00fcrfaktan<\/td><\/tr><tr><td>Kaprilik\/kaprik trigliserit<\/td><td>Yumu\u015fat\u0131c\u0131<\/td><\/tr><tr><td>Cocamide DEA<\/td><td>K\u00f6p\u00fcrme maddesi<\/td><\/tr><tr><td>Etilheksil stearat<\/td><td>Yumu\u015fat\u0131c\u0131<\/td><\/tr><tr><td>Hint ya\u011f\u0131<\/td><td>Yumu\u015fat\u0131c\u0131<\/td><\/tr><tr><td>Zeytinya\u011f\u0131<\/td><td>Yumu\u015fat\u0131c\u0131<\/td><\/tr><tr><td>Lauret-4<\/td><td>S\u00fcrfaktan<\/td><\/tr><tr><td>Propilen glikol<\/td><td>Nem ba\u011flay\u0131c\u0131 madde\/\u00e7\u00f6z\u00fcc\u00fc<\/td><\/tr><tr><td>Su<\/td><td>\u00c7\u00f6z\u00fcc\u00fc<\/td><\/tr><tr><td>Poligliseril-3-kaprilat<\/td><td>Koku giderici<\/td><\/tr><tr><td>Bisabolol<\/td><td>Cilt bak\u0131m\u0131<\/td><\/tr><tr><td>Tokoferol<\/td><td>Antioksidan<\/td><\/tr><tr><td>Tokoferil asetat<\/td><td>Antioksidan<\/td><\/tr><tr><td>Laureth-2<\/td><td>S\u00fcrfaktan<\/td><\/tr><tr><td>Sitrik Asit<\/td><td>pH D\u00fczenleyici<\/td><\/tr><\/tbody><\/table><\/figure>\n<\/div><\/details>\n<\/div><\/div>\n","protected":false},"excerpt":{"rendered":"<p>Hafif ve nemlendirici du\u015f ve banyo ya\u011f\u0131<\/p>\n","protected":false},"featured_media":156,"comment_status":"closed","ping_status":"closed","template":"","meta":{"_acf_changed":false,"footnotes":""},"product_brand":[],"product_cat":[18],"product_tag":[],"class_list":{"0":"post-155","1":"product","2":"type-product","3":"status-publish","4":"has-post-thumbnail","6":"product_cat-gunluk","8":"first","9":"instock","10":"shipping-taxable","11":"product-type-simple"},"acf":[],"yoast_head":"<!-- This site is optimized with the Yoast SEO plugin v26.6 - https:\/\/yoast.com\/wordpress\/plugins\/seo\/ -->\n<title>Decubal Du\u015f ve Banyo Ya\u011f\u0131 - Decubal<\/title>\n<meta name=\"description\" content=\"G\u00fcnl\u00fck du\u015f veya banyo cilt \u00fczerinde kuruma etkisine sebep olabilir. Bu nedenle kuru, hassas ve tahri\u015f olmu\u015f ciltmtemizlenirken cilde \u00f6zen g\u00f6sterenve nazik bir du\u015f ve banyo \u00fcr\u00fcn\u00fcne ihtiya\u00e7 duyar.\" \/>\n<meta name=\"robots\" content=\"index, follow, max-snippet:-1, max-image-preview:large, max-video-preview:-1\" \/>\n<link rel=\"canonical\" href=\"https:\/\/decubal.com\/tr\/urun\/decubal-dus-ve-banyo-yagi\/\" \/>\n<meta property=\"og:locale\" content=\"tr_TR\" \/>\n<meta property=\"og:type\" content=\"article\" \/>\n<meta property=\"og:title\" content=\"Decubal Du\u015f ve Banyo Ya\u011f\u0131 - Decubal\" \/>\n<meta property=\"og:description\" content=\"G\u00fcnl\u00fck du\u015f veya banyo cilt \u00fczerinde kuruma etkisine sebep olabilir. Bu nedenle kuru, hassas ve tahri\u015f olmu\u015f ciltmtemizlenirken cilde \u00f6zen g\u00f6sterenve nazik bir du\u015f ve banyo \u00fcr\u00fcn\u00fcne ihtiya\u00e7 duyar.\" \/>\n<meta property=\"og:url\" content=\"https:\/\/decubal.com\/tr\/urun\/decubal-dus-ve-banyo-yagi\/\" \/>\n<meta property=\"og:site_name\" content=\"Decubal\" \/>\n<meta property=\"article:modified_time\" content=\"2023-11-16T15:50:56+00:00\" \/>\n<meta property=\"og:image\" content=\"https:\/\/decubal.com\/app\/uploads\/sites\/7\/2023\/09\/Decubal-dus\u0327-ve-banyo-yag\u0306i.png\" \/>\n\t<meta property=\"og:image:width\" content=\"600\" \/>\n\t<meta property=\"og:image:height\" content=\"600\" \/>\n\t<meta property=\"og:image:type\" content=\"image\/png\" \/>\n<meta name=\"twitter:card\" content=\"summary_large_image\" \/>\n<meta name=\"twitter:label1\" content=\"Tahmini okuma s\u00fcresi\" \/>\n\t<meta name=\"twitter:data1\" content=\"1 dakika\" \/>\n<script type=\"application\/ld+json\" class=\"yoast-schema-graph\">{\"@context\":\"https:\/\/schema.org\",\"@graph\":[{\"@type\":\"WebPage\",\"@id\":\"https:\/\/decubal.com\/tr\/urun\/decubal-dus-ve-banyo-yagi\/\",\"url\":\"https:\/\/decubal.com\/tr\/urun\/decubal-dus-ve-banyo-yagi\/\",\"name\":\"Decubal Du\u015f ve Banyo Ya\u011f\u0131 - Decubal\",\"isPartOf\":{\"@id\":\"https:\/\/decubal.com\/tr\/#website\"},\"primaryImageOfPage\":{\"@id\":\"https:\/\/decubal.com\/tr\/urun\/decubal-dus-ve-banyo-yagi\/#primaryimage\"},\"image\":{\"@id\":\"https:\/\/decubal.com\/tr\/urun\/decubal-dus-ve-banyo-yagi\/#primaryimage\"},\"thumbnailUrl\":\"https:\/\/decubal.com\/app\/uploads\/sites\/7\/2023\/09\/Decubal-dus\u0327-ve-banyo-yag\u0306i.png\",\"datePublished\":\"2023-09-01T08:33:58+00:00\",\"dateModified\":\"2023-11-16T15:50:56+00:00\",\"description\":\"G\u00fcnl\u00fck du\u015f veya banyo cilt \u00fczerinde kuruma etkisine sebep olabilir. Bu nedenle kuru, hassas ve tahri\u015f olmu\u015f ciltmtemizlenirken cilde \u00f6zen g\u00f6sterenve nazik bir du\u015f ve banyo \u00fcr\u00fcn\u00fcne ihtiya\u00e7 duyar.\",\"breadcrumb\":{\"@id\":\"https:\/\/decubal.com\/tr\/urun\/decubal-dus-ve-banyo-yagi\/#breadcrumb\"},\"inLanguage\":\"tr\",\"potentialAction\":[{\"@type\":\"ReadAction\",\"target\":[\"https:\/\/decubal.com\/tr\/urun\/decubal-dus-ve-banyo-yagi\/\"]}]},{\"@type\":\"ImageObject\",\"inLanguage\":\"tr\",\"@id\":\"https:\/\/decubal.com\/tr\/urun\/decubal-dus-ve-banyo-yagi\/#primaryimage\",\"url\":\"https:\/\/decubal.com\/app\/uploads\/sites\/7\/2023\/09\/Decubal-dus\u0327-ve-banyo-yag\u0306i.png\",\"contentUrl\":\"https:\/\/decubal.com\/app\/uploads\/sites\/7\/2023\/09\/Decubal-dus\u0327-ve-banyo-yag\u0306i.png\",\"width\":600,\"height\":600,\"caption\":\"Decubal-dus\u0327-ve-banyo-yag\u0306\u0131\"},{\"@type\":\"BreadcrumbList\",\"@id\":\"https:\/\/decubal.com\/tr\/urun\/decubal-dus-ve-banyo-yagi\/#breadcrumb\",\"itemListElement\":[{\"@type\":\"ListItem\",\"position\":1,\"name\":\"Home\",\"item\":\"https:\/\/decubal.com\/tr\/\"},{\"@type\":\"ListItem\",\"position\":2,\"name\":\"\u00dcr\u00fcnler\",\"item\":\"https:\/\/decubal.com\/tr\/urunler\/\"},{\"@type\":\"ListItem\",\"position\":3,\"name\":\"Decubal Du\u015f ve Banyo Ya\u011f\u0131\"}]},{\"@type\":\"WebSite\",\"@id\":\"https:\/\/decubal.com\/tr\/#website\",\"url\":\"https:\/\/decubal.com\/tr\/\",\"name\":\"Decubal\",\"description\":\"\",\"publisher\":{\"@id\":\"https:\/\/decubal.com\/tr\/#organization\"},\"potentialAction\":[{\"@type\":\"SearchAction\",\"target\":{\"@type\":\"EntryPoint\",\"urlTemplate\":\"https:\/\/decubal.com\/tr\/?s={search_term_string}\"},\"query-input\":{\"@type\":\"PropertyValueSpecification\",\"valueRequired\":true,\"valueName\":\"search_term_string\"}}],\"inLanguage\":\"tr\"},{\"@type\":\"Organization\",\"@id\":\"https:\/\/decubal.com\/tr\/#organization\",\"name\":\"Decubal\",\"url\":\"https:\/\/decubal.com\/tr\/\",\"logo\":{\"@type\":\"ImageObject\",\"inLanguage\":\"tr\",\"@id\":\"https:\/\/decubal.com\/tr\/#\/schema\/logo\/image\/\",\"url\":\"https:\/\/decubal.com\/app\/uploads\/sites\/7\/2023\/03\/Decubal-logo.png\",\"contentUrl\":\"https:\/\/decubal.com\/app\/uploads\/sites\/7\/2023\/03\/Decubal-logo.png\",\"width\":138,\"height\":40,\"caption\":\"Decubal\"},\"image\":{\"@id\":\"https:\/\/decubal.com\/tr\/#\/schema\/logo\/image\/\"}}]}<\/script>\n<!-- \/ Yoast SEO plugin. -->","yoast_head_json":{"title":"Decubal Du\u015f ve Banyo Ya\u011f\u0131 - Decubal","description":"G\u00fcnl\u00fck du\u015f veya banyo cilt \u00fczerinde kuruma etkisine sebep olabilir. Bu nedenle kuru, hassas ve tahri\u015f olmu\u015f ciltmtemizlenirken cilde \u00f6zen g\u00f6sterenve nazik bir du\u015f ve banyo \u00fcr\u00fcn\u00fcne ihtiya\u00e7 duyar.","robots":{"index":"index","follow":"follow","max-snippet":"max-snippet:-1","max-image-preview":"max-image-preview:large","max-video-preview":"max-video-preview:-1"},"canonical":"https:\/\/decubal.com\/tr\/urun\/decubal-dus-ve-banyo-yagi\/","og_locale":"tr_TR","og_type":"article","og_title":"Decubal Du\u015f ve Banyo Ya\u011f\u0131 - Decubal","og_description":"G\u00fcnl\u00fck du\u015f veya banyo cilt \u00fczerinde kuruma etkisine sebep olabilir. Bu nedenle kuru, hassas ve tahri\u015f olmu\u015f ciltmtemizlenirken cilde \u00f6zen g\u00f6sterenve nazik bir du\u015f ve banyo \u00fcr\u00fcn\u00fcne ihtiya\u00e7 duyar.","og_url":"https:\/\/decubal.com\/tr\/urun\/decubal-dus-ve-banyo-yagi\/","og_site_name":"Decubal","article_modified_time":"2023-11-16T15:50:56+00:00","og_image":[{"width":600,"height":600,"url":"https:\/\/decubal.com\/app\/uploads\/sites\/7\/2023\/09\/Decubal-dus\u0327-ve-banyo-yag\u0306i.png","type":"image\/png"}],"twitter_card":"summary_large_image","twitter_misc":{"Tahmini okuma s\u00fcresi":"1 dakika"},"schema":{"@context":"https:\/\/schema.org","@graph":[{"@type":"WebPage","@id":"https:\/\/decubal.com\/tr\/urun\/decubal-dus-ve-banyo-yagi\/","url":"https:\/\/decubal.com\/tr\/urun\/decubal-dus-ve-banyo-yagi\/","name":"Decubal Du\u015f ve Banyo Ya\u011f\u0131 - Decubal","isPartOf":{"@id":"https:\/\/decubal.com\/tr\/#website"},"primaryImageOfPage":{"@id":"https:\/\/decubal.com\/tr\/urun\/decubal-dus-ve-banyo-yagi\/#primaryimage"},"image":{"@id":"https:\/\/decubal.com\/tr\/urun\/decubal-dus-ve-banyo-yagi\/#primaryimage"},"thumbnailUrl":"https:\/\/decubal.com\/app\/uploads\/sites\/7\/2023\/09\/Decubal-dus\u0327-ve-banyo-yag\u0306i.png","datePublished":"2023-09-01T08:33:58+00:00","dateModified":"2023-11-16T15:50:56+00:00","description":"G\u00fcnl\u00fck du\u015f veya banyo cilt \u00fczerinde kuruma etkisine sebep olabilir. Bu nedenle kuru, hassas ve tahri\u015f olmu\u015f ciltmtemizlenirken cilde \u00f6zen g\u00f6sterenve nazik bir du\u015f ve banyo \u00fcr\u00fcn\u00fcne ihtiya\u00e7 duyar.","breadcrumb":{"@id":"https:\/\/decubal.com\/tr\/urun\/decubal-dus-ve-banyo-yagi\/#breadcrumb"},"inLanguage":"tr","potentialAction":[{"@type":"ReadAction","target":["https:\/\/decubal.com\/tr\/urun\/decubal-dus-ve-banyo-yagi\/"]}]},{"@type":"ImageObject","inLanguage":"tr","@id":"https:\/\/decubal.com\/tr\/urun\/decubal-dus-ve-banyo-yagi\/#primaryimage","url":"https:\/\/decubal.com\/app\/uploads\/sites\/7\/2023\/09\/Decubal-dus\u0327-ve-banyo-yag\u0306i.png","contentUrl":"https:\/\/decubal.com\/app\/uploads\/sites\/7\/2023\/09\/Decubal-dus\u0327-ve-banyo-yag\u0306i.png","width":600,"height":600,"caption":"Decubal-dus\u0327-ve-banyo-yag\u0306\u0131"},{"@type":"BreadcrumbList","@id":"https:\/\/decubal.com\/tr\/urun\/decubal-dus-ve-banyo-yagi\/#breadcrumb","itemListElement":[{"@type":"ListItem","position":1,"name":"Home","item":"https:\/\/decubal.com\/tr\/"},{"@type":"ListItem","position":2,"name":"\u00dcr\u00fcnler","item":"https:\/\/decubal.com\/tr\/urunler\/"},{"@type":"ListItem","position":3,"name":"Decubal Du\u015f ve Banyo Ya\u011f\u0131"}]},{"@type":"WebSite","@id":"https:\/\/decubal.com\/tr\/#website","url":"https:\/\/decubal.com\/tr\/","name":"Decubal","description":"","publisher":{"@id":"https:\/\/decubal.com\/tr\/#organization"},"potentialAction":[{"@type":"SearchAction","target":{"@type":"EntryPoint","urlTemplate":"https:\/\/decubal.com\/tr\/?s={search_term_string}"},"query-input":{"@type":"PropertyValueSpecification","valueRequired":true,"valueName":"search_term_string"}}],"inLanguage":"tr"},{"@type":"Organization","@id":"https:\/\/decubal.com\/tr\/#organization","name":"Decubal","url":"https:\/\/decubal.com\/tr\/","logo":{"@type":"ImageObject","inLanguage":"tr","@id":"https:\/\/decubal.com\/tr\/#\/schema\/logo\/image\/","url":"https:\/\/decubal.com\/app\/uploads\/sites\/7\/2023\/03\/Decubal-logo.png","contentUrl":"https:\/\/decubal.com\/app\/uploads\/sites\/7\/2023\/03\/Decubal-logo.png","width":138,"height":40,"caption":"Decubal"},"image":{"@id":"https:\/\/decubal.com\/tr\/#\/schema\/logo\/image\/"}}]}},"_links":{"self":[{"href":"https:\/\/decubal.com\/tr\/wp-json\/wp\/v2\/product\/155","targetHints":{"allow":["GET"]}}],"collection":[{"href":"https:\/\/decubal.com\/tr\/wp-json\/wp\/v2\/product"}],"about":[{"href":"https:\/\/decubal.com\/tr\/wp-json\/wp\/v2\/types\/product"}],"replies":[{"embeddable":true,"href":"https:\/\/decubal.com\/tr\/wp-json\/wp\/v2\/comments?post=155"}],"version-history":[{"count":5,"href":"https:\/\/decubal.com\/tr\/wp-json\/wp\/v2\/product\/155\/revisions"}],"predecessor-version":[{"id":193,"href":"https:\/\/decubal.com\/tr\/wp-json\/wp\/v2\/product\/155\/revisions\/193"}],"wp:featuredmedia":[{"embeddable":true,"href":"https:\/\/decubal.com\/tr\/wp-json\/wp\/v2\/media\/156"}],"wp:attachment":[{"href":"https:\/\/decubal.com\/tr\/wp-json\/wp\/v2\/media?parent=155"}],"wp:term":[{"taxonomy":"product_brand","embeddable":true,"href":"https:\/\/decubal.com\/tr\/wp-json\/wp\/v2\/product_brand?post=155"},{"taxonomy":"product_cat","embeddable":true,"href":"https:\/\/decubal.com\/tr\/wp-json\/wp\/v2\/product_cat?post=155"},{"taxonomy":"product_tag","embeddable":true,"href":"https:\/\/decubal.com\/tr\/wp-json\/wp\/v2\/product_tag?post=155"}],"curies":[{"name":"wp","href":"https:\/\/api.w.org\/{rel}","templated":true}]}}