{"id":130,"date":"2023-09-01T10:12:07","date_gmt":"2023-09-01T07:12:07","guid":{"rendered":"https:\/\/decubal.com\/tr\/?post_type=product&#038;p=130"},"modified":"2023-11-16T18:51:08","modified_gmt":"2023-11-16T15:51:08","slug":"decubal-junior-cold-krem","status":"publish","type":"product","link":"https:\/\/decubal.com\/tr\/urun\/decubal-junior-cold-krem\/","title":{"rendered":"Decubal Junior Cold Krem"},"content":{"rendered":"\n<div class=\"wp-block-karopharma-accordions is-style-secondary\"><div class=\"container\">\n<details class=\"wp-block-karopharma-accordion\"><summary><h2 class=\"accordion-title\">Kullan\u0131m<\/h2><\/summary><div class=\"accordion-content\">\n<ul class=\"is-style-icon wp-block-list\"><li><span style=\"font-family: var(--font-family-body);font-size: 1rem;font-weight: var(--font-weight-body);background-color: var(--color-secondary-10);color: initial\">G\u00fcnl\u00fck olarak veya gerekti\u011finde kullan\u0131labilir<\/span><\/li><li>T\u00fcm v\u00fccutta veya lokal olarak \u00f6rn. yanaklar, kulaklar, eller ve dirsekler kullan\u0131labilir<\/li><li>Tercihen \u00e7ocuk d\u0131\u015far\u0131 \u00e7\u0131kmadan 15-20 dakika \u00f6nce uygulay\u0131n\u0131z<\/li><\/ul>\n<\/div><\/details>\n\n\n\n<details class=\"wp-block-karopharma-accordion\"><summary><h2 class=\"accordion-title\">\u0130\u00e7indekiler<\/h2><\/summary><div class=\"accordion-content\">\n<figure class=\"wp-block-table\"><table><tbody><tr><td><strong>\u0130\u00e7erik<\/strong><\/td><td><strong>Fonksiyonu<\/strong><\/td><\/tr><tr><td>Vazelin<\/td><td>Yumu\u015fat\u0131c\u0131<\/td><\/tr><tr><td>Su<\/td><td>\u00c7\u00f6z\u00fcc\u00fc<\/td><\/tr><tr><td>Parafin<\/td><td>Yumu\u015fat\u0131c\u0131<\/td><\/tr><tr><td>Setearil alkol<\/td><td>K\u0131vam maddesi<\/td><\/tr><tr><td>Ceteareth -25<\/td><td>Em\u00fclgat\u00f6r<\/td><\/tr><tr><td>Ceteareth-20<\/td><td>Em\u00fclgat\u00f6r<\/td><\/tr><tr><td>Kaprililglikol<\/td><td>Nemlendirici\/\u00e7\u00f6z\u00fcc\u00fc<\/td><\/tr><tr><td>Sitrik asit<\/td><td>pH ayarlay\u0131c\u0131<\/td><\/tr><tr><td>Sodyum sitrat<\/td><td>pH ayarlay\u0131c\u0131<\/td><\/tr><tr><td>Sodyum glukonat<\/td><td>Stabilizat\u00f6r<\/td><\/tr><tr><td>Fenoksietanol<\/td><td>Koruyucu<\/td><\/tr><\/tbody><\/table><\/figure>\n<\/div><\/details>\n<\/div><\/div>\n","protected":false},"excerpt":{"rendered":"<p>So\u011fuk havalarda kuruyan, k\u0131zaran yanaklara kar\u015f\u0131 koruyucu krem<\/p>\n","protected":false},"featured_media":131,"comment_status":"closed","ping_status":"closed","template":"","meta":{"_acf_changed":false,"footnotes":""},"product_brand":[],"product_cat":[20],"product_tag":[],"class_list":{"0":"post-130","1":"product","2":"type-product","3":"status-publish","4":"has-post-thumbnail","6":"product_cat-cocuk","8":"first","9":"instock","10":"shipping-taxable","11":"product-type-simple"},"acf":[],"yoast_head":"<!-- This site is optimized with the Yoast SEO plugin v26.6 - https:\/\/yoast.com\/wordpress\/plugins\/seo\/ -->\n<title>Decubal Junior Cold Krem - Decubal<\/title>\n<meta name=\"description\" content=\"Decubal Junior Cold Krem, d\u0131\u015far\u0131s\u0131 so\u011fuk oldu\u011funda \u00e7ocu\u011funuzun yanaklar\u0131n\u0131 ve y\u00fcz\u00fcn\u00fc korumak i\u00e7in \u00f6zel olarak geli\u015ftirilmi\u015f bir kremdir.\" \/>\n<meta name=\"robots\" content=\"index, follow, max-snippet:-1, max-image-preview:large, max-video-preview:-1\" \/>\n<link rel=\"canonical\" href=\"https:\/\/decubal.com\/tr\/urun\/decubal-junior-cold-krem\/\" \/>\n<meta property=\"og:locale\" content=\"tr_TR\" \/>\n<meta property=\"og:type\" content=\"article\" \/>\n<meta property=\"og:title\" content=\"Decubal Junior Cold Krem - Decubal\" \/>\n<meta property=\"og:description\" content=\"Decubal Junior Cold Krem, d\u0131\u015far\u0131s\u0131 so\u011fuk oldu\u011funda \u00e7ocu\u011funuzun yanaklar\u0131n\u0131 ve y\u00fcz\u00fcn\u00fc korumak i\u00e7in \u00f6zel olarak geli\u015ftirilmi\u015f bir kremdir.\" \/>\n<meta property=\"og:url\" content=\"https:\/\/decubal.com\/tr\/urun\/decubal-junior-cold-krem\/\" \/>\n<meta property=\"og:site_name\" content=\"Decubal\" \/>\n<meta property=\"article:modified_time\" content=\"2023-11-16T15:51:08+00:00\" \/>\n<meta property=\"og:image\" content=\"https:\/\/decubal.com\/app\/uploads\/sites\/7\/2023\/09\/Decubal-Junior-Cold-Cream.png\" \/>\n\t<meta property=\"og:image:width\" content=\"600\" \/>\n\t<meta property=\"og:image:height\" content=\"600\" \/>\n\t<meta property=\"og:image:type\" content=\"image\/png\" \/>\n<meta name=\"twitter:card\" content=\"summary_large_image\" \/>\n<meta name=\"twitter:label1\" content=\"Tahmini okuma s\u00fcresi\" \/>\n\t<meta name=\"twitter:data1\" content=\"1 dakika\" \/>\n<script type=\"application\/ld+json\" class=\"yoast-schema-graph\">{\"@context\":\"https:\/\/schema.org\",\"@graph\":[{\"@type\":\"WebPage\",\"@id\":\"https:\/\/decubal.com\/tr\/urun\/decubal-junior-cold-krem\/\",\"url\":\"https:\/\/decubal.com\/tr\/urun\/decubal-junior-cold-krem\/\",\"name\":\"Decubal Junior Cold Krem - Decubal\",\"isPartOf\":{\"@id\":\"https:\/\/decubal.com\/tr\/#website\"},\"primaryImageOfPage\":{\"@id\":\"https:\/\/decubal.com\/tr\/urun\/decubal-junior-cold-krem\/#primaryimage\"},\"image\":{\"@id\":\"https:\/\/decubal.com\/tr\/urun\/decubal-junior-cold-krem\/#primaryimage\"},\"thumbnailUrl\":\"https:\/\/decubal.com\/app\/uploads\/sites\/7\/2023\/09\/Decubal-Junior-Cold-Cream.png\",\"datePublished\":\"2023-09-01T07:12:07+00:00\",\"dateModified\":\"2023-11-16T15:51:08+00:00\",\"description\":\"Decubal Junior Cold Krem, d\u0131\u015far\u0131s\u0131 so\u011fuk oldu\u011funda \u00e7ocu\u011funuzun yanaklar\u0131n\u0131 ve y\u00fcz\u00fcn\u00fc korumak i\u00e7in \u00f6zel olarak geli\u015ftirilmi\u015f bir kremdir.\",\"breadcrumb\":{\"@id\":\"https:\/\/decubal.com\/tr\/urun\/decubal-junior-cold-krem\/#breadcrumb\"},\"inLanguage\":\"tr\",\"potentialAction\":[{\"@type\":\"ReadAction\",\"target\":[\"https:\/\/decubal.com\/tr\/urun\/decubal-junior-cold-krem\/\"]}]},{\"@type\":\"ImageObject\",\"inLanguage\":\"tr\",\"@id\":\"https:\/\/decubal.com\/tr\/urun\/decubal-junior-cold-krem\/#primaryimage\",\"url\":\"https:\/\/decubal.com\/app\/uploads\/sites\/7\/2023\/09\/Decubal-Junior-Cold-Cream.png\",\"contentUrl\":\"https:\/\/decubal.com\/app\/uploads\/sites\/7\/2023\/09\/Decubal-Junior-Cold-Cream.png\",\"width\":600,\"height\":600,\"caption\":\"Decubal Junior Cold Cream\"},{\"@type\":\"BreadcrumbList\",\"@id\":\"https:\/\/decubal.com\/tr\/urun\/decubal-junior-cold-krem\/#breadcrumb\",\"itemListElement\":[{\"@type\":\"ListItem\",\"position\":1,\"name\":\"Home\",\"item\":\"https:\/\/decubal.com\/tr\/\"},{\"@type\":\"ListItem\",\"position\":2,\"name\":\"\u00dcr\u00fcnler\",\"item\":\"https:\/\/decubal.com\/tr\/urunler\/\"},{\"@type\":\"ListItem\",\"position\":3,\"name\":\"Decubal Junior Cold Krem\"}]},{\"@type\":\"WebSite\",\"@id\":\"https:\/\/decubal.com\/tr\/#website\",\"url\":\"https:\/\/decubal.com\/tr\/\",\"name\":\"Decubal\",\"description\":\"\",\"publisher\":{\"@id\":\"https:\/\/decubal.com\/tr\/#organization\"},\"potentialAction\":[{\"@type\":\"SearchAction\",\"target\":{\"@type\":\"EntryPoint\",\"urlTemplate\":\"https:\/\/decubal.com\/tr\/?s={search_term_string}\"},\"query-input\":{\"@type\":\"PropertyValueSpecification\",\"valueRequired\":true,\"valueName\":\"search_term_string\"}}],\"inLanguage\":\"tr\"},{\"@type\":\"Organization\",\"@id\":\"https:\/\/decubal.com\/tr\/#organization\",\"name\":\"Decubal\",\"url\":\"https:\/\/decubal.com\/tr\/\",\"logo\":{\"@type\":\"ImageObject\",\"inLanguage\":\"tr\",\"@id\":\"https:\/\/decubal.com\/tr\/#\/schema\/logo\/image\/\",\"url\":\"https:\/\/decubal.com\/app\/uploads\/sites\/7\/2023\/03\/Decubal-logo.png\",\"contentUrl\":\"https:\/\/decubal.com\/app\/uploads\/sites\/7\/2023\/03\/Decubal-logo.png\",\"width\":138,\"height\":40,\"caption\":\"Decubal\"},\"image\":{\"@id\":\"https:\/\/decubal.com\/tr\/#\/schema\/logo\/image\/\"}}]}<\/script>\n<!-- \/ Yoast SEO plugin. -->","yoast_head_json":{"title":"Decubal Junior Cold Krem - Decubal","description":"Decubal Junior Cold Krem, d\u0131\u015far\u0131s\u0131 so\u011fuk oldu\u011funda \u00e7ocu\u011funuzun yanaklar\u0131n\u0131 ve y\u00fcz\u00fcn\u00fc korumak i\u00e7in \u00f6zel olarak geli\u015ftirilmi\u015f bir kremdir.","robots":{"index":"index","follow":"follow","max-snippet":"max-snippet:-1","max-image-preview":"max-image-preview:large","max-video-preview":"max-video-preview:-1"},"canonical":"https:\/\/decubal.com\/tr\/urun\/decubal-junior-cold-krem\/","og_locale":"tr_TR","og_type":"article","og_title":"Decubal Junior Cold Krem - Decubal","og_description":"Decubal Junior Cold Krem, d\u0131\u015far\u0131s\u0131 so\u011fuk oldu\u011funda \u00e7ocu\u011funuzun yanaklar\u0131n\u0131 ve y\u00fcz\u00fcn\u00fc korumak i\u00e7in \u00f6zel olarak geli\u015ftirilmi\u015f bir kremdir.","og_url":"https:\/\/decubal.com\/tr\/urun\/decubal-junior-cold-krem\/","og_site_name":"Decubal","article_modified_time":"2023-11-16T15:51:08+00:00","og_image":[{"width":600,"height":600,"url":"https:\/\/decubal.com\/app\/uploads\/sites\/7\/2023\/09\/Decubal-Junior-Cold-Cream.png","type":"image\/png"}],"twitter_card":"summary_large_image","twitter_misc":{"Tahmini okuma s\u00fcresi":"1 dakika"},"schema":{"@context":"https:\/\/schema.org","@graph":[{"@type":"WebPage","@id":"https:\/\/decubal.com\/tr\/urun\/decubal-junior-cold-krem\/","url":"https:\/\/decubal.com\/tr\/urun\/decubal-junior-cold-krem\/","name":"Decubal Junior Cold Krem - Decubal","isPartOf":{"@id":"https:\/\/decubal.com\/tr\/#website"},"primaryImageOfPage":{"@id":"https:\/\/decubal.com\/tr\/urun\/decubal-junior-cold-krem\/#primaryimage"},"image":{"@id":"https:\/\/decubal.com\/tr\/urun\/decubal-junior-cold-krem\/#primaryimage"},"thumbnailUrl":"https:\/\/decubal.com\/app\/uploads\/sites\/7\/2023\/09\/Decubal-Junior-Cold-Cream.png","datePublished":"2023-09-01T07:12:07+00:00","dateModified":"2023-11-16T15:51:08+00:00","description":"Decubal Junior Cold Krem, d\u0131\u015far\u0131s\u0131 so\u011fuk oldu\u011funda \u00e7ocu\u011funuzun yanaklar\u0131n\u0131 ve y\u00fcz\u00fcn\u00fc korumak i\u00e7in \u00f6zel olarak geli\u015ftirilmi\u015f bir kremdir.","breadcrumb":{"@id":"https:\/\/decubal.com\/tr\/urun\/decubal-junior-cold-krem\/#breadcrumb"},"inLanguage":"tr","potentialAction":[{"@type":"ReadAction","target":["https:\/\/decubal.com\/tr\/urun\/decubal-junior-cold-krem\/"]}]},{"@type":"ImageObject","inLanguage":"tr","@id":"https:\/\/decubal.com\/tr\/urun\/decubal-junior-cold-krem\/#primaryimage","url":"https:\/\/decubal.com\/app\/uploads\/sites\/7\/2023\/09\/Decubal-Junior-Cold-Cream.png","contentUrl":"https:\/\/decubal.com\/app\/uploads\/sites\/7\/2023\/09\/Decubal-Junior-Cold-Cream.png","width":600,"height":600,"caption":"Decubal Junior Cold Cream"},{"@type":"BreadcrumbList","@id":"https:\/\/decubal.com\/tr\/urun\/decubal-junior-cold-krem\/#breadcrumb","itemListElement":[{"@type":"ListItem","position":1,"name":"Home","item":"https:\/\/decubal.com\/tr\/"},{"@type":"ListItem","position":2,"name":"\u00dcr\u00fcnler","item":"https:\/\/decubal.com\/tr\/urunler\/"},{"@type":"ListItem","position":3,"name":"Decubal Junior Cold Krem"}]},{"@type":"WebSite","@id":"https:\/\/decubal.com\/tr\/#website","url":"https:\/\/decubal.com\/tr\/","name":"Decubal","description":"","publisher":{"@id":"https:\/\/decubal.com\/tr\/#organization"},"potentialAction":[{"@type":"SearchAction","target":{"@type":"EntryPoint","urlTemplate":"https:\/\/decubal.com\/tr\/?s={search_term_string}"},"query-input":{"@type":"PropertyValueSpecification","valueRequired":true,"valueName":"search_term_string"}}],"inLanguage":"tr"},{"@type":"Organization","@id":"https:\/\/decubal.com\/tr\/#organization","name":"Decubal","url":"https:\/\/decubal.com\/tr\/","logo":{"@type":"ImageObject","inLanguage":"tr","@id":"https:\/\/decubal.com\/tr\/#\/schema\/logo\/image\/","url":"https:\/\/decubal.com\/app\/uploads\/sites\/7\/2023\/03\/Decubal-logo.png","contentUrl":"https:\/\/decubal.com\/app\/uploads\/sites\/7\/2023\/03\/Decubal-logo.png","width":138,"height":40,"caption":"Decubal"},"image":{"@id":"https:\/\/decubal.com\/tr\/#\/schema\/logo\/image\/"}}]}},"_links":{"self":[{"href":"https:\/\/decubal.com\/tr\/wp-json\/wp\/v2\/product\/130","targetHints":{"allow":["GET"]}}],"collection":[{"href":"https:\/\/decubal.com\/tr\/wp-json\/wp\/v2\/product"}],"about":[{"href":"https:\/\/decubal.com\/tr\/wp-json\/wp\/v2\/types\/product"}],"replies":[{"embeddable":true,"href":"https:\/\/decubal.com\/tr\/wp-json\/wp\/v2\/comments?post=130"}],"version-history":[{"count":7,"href":"https:\/\/decubal.com\/tr\/wp-json\/wp\/v2\/product\/130\/revisions"}],"predecessor-version":[{"id":223,"href":"https:\/\/decubal.com\/tr\/wp-json\/wp\/v2\/product\/130\/revisions\/223"}],"wp:featuredmedia":[{"embeddable":true,"href":"https:\/\/decubal.com\/tr\/wp-json\/wp\/v2\/media\/131"}],"wp:attachment":[{"href":"https:\/\/decubal.com\/tr\/wp-json\/wp\/v2\/media?parent=130"}],"wp:term":[{"taxonomy":"product_brand","embeddable":true,"href":"https:\/\/decubal.com\/tr\/wp-json\/wp\/v2\/product_brand?post=130"},{"taxonomy":"product_cat","embeddable":true,"href":"https:\/\/decubal.com\/tr\/wp-json\/wp\/v2\/product_cat?post=130"},{"taxonomy":"product_tag","embeddable":true,"href":"https:\/\/decubal.com\/tr\/wp-json\/wp\/v2\/product_tag?post=130"}],"curies":[{"name":"wp","href":"https:\/\/api.w.org\/{rel}","templated":true}]}}