{"id":116,"date":"2023-09-01T09:49:55","date_gmt":"2023-09-01T06:49:55","guid":{"rendered":"https:\/\/decubal.com\/tr\/?post_type=product&#038;p=116"},"modified":"2023-11-16T18:51:13","modified_gmt":"2023-11-16T15:51:13","slug":"decubal-face-wash","status":"publish","type":"product","link":"https:\/\/decubal.com\/tr\/urun\/decubal-face-wash\/","title":{"rendered":"Decubal Face Wash"},"content":{"rendered":"\n<div class=\"wp-block-karopharma-accordions is-style-secondary\"><div class=\"container\">\n<details class=\"wp-block-karopharma-accordion\"><summary><h2 class=\"accordion-title\">Kullan\u0131m<\/h2><\/summary><div class=\"accordion-content\">\n<ul class=\"is-style-icon wp-block-list\"><li>G\u00fcnl\u00fck y\u00fcz temizli\u011fi<\/li><\/ul>\n<\/div><\/details>\n\n\n\n<details class=\"wp-block-karopharma-accordion\"><summary><h2 class=\"accordion-title\">\u0130\u00e7indekiler<\/h2><\/summary><div class=\"accordion-content\">\n<figure class=\"wp-block-table\"><table><tbody><tr><td><strong>\u0130\u00e7erik<\/strong><\/td><td><strong>Fonksiyonu<\/strong><\/td><\/tr><tr><td>Gliserin<\/td><td>Yumu\u015fat\u0131c\u0131<\/td><\/tr><tr><td>Su<\/td><td>\u00c7\u00f6z\u00fcc\u00fc<\/td><\/tr><tr><td>Kocamidopropil Betain<\/td><td>S\u00fcrfaktan<\/td><\/tr><tr><td>PEG-7 Gliseril Cocoate<\/td><td>S\u00fcrfaktan<\/td><\/tr><tr><td>Betain<\/td><td>Nemlendirici, yat\u0131\u015ft\u0131r\u0131c\u0131<\/td><\/tr><tr><td>Panthenol B5 Vitamini<\/td><td>nemlendirici\/cilt bak\u0131m\u0131<\/td><\/tr><tr><td>Kaprililglikol<\/td><td>Nemlendirici\/\u00e7\u00f6z\u00fcc\u00fc<\/td><\/tr><tr><td>Sitrik asit<\/td><td>Ph d\u00fczenleyici<\/td><\/tr><tr><td>Sodyum Glukonat<\/td><td>Dengeleyici<\/td><\/tr><\/tbody><\/table><\/figure>\n<\/div><\/details>\n<\/div><\/div>\n","protected":false},"excerpt":{"rendered":"<p>Cildi etkili bir \u015fekilde temizleyen hafif ve nemlendirici y\u0131kama k\u00f6p\u00fc\u011f\u00fc.<\/p>\n","protected":false},"featured_media":117,"comment_status":"closed","ping_status":"closed","template":"","meta":{"_acf_changed":false,"footnotes":""},"product_brand":[],"product_cat":[18],"product_tag":[],"class_list":{"0":"post-116","1":"product","2":"type-product","3":"status-publish","4":"has-post-thumbnail","6":"product_cat-gunluk","8":"first","9":"instock","10":"shipping-taxable","11":"product-type-simple"},"acf":[],"yoast_head":"<!-- This site is optimized with the Yoast SEO plugin v26.6 - https:\/\/yoast.com\/wordpress\/plugins\/seo\/ -->\n<title>Decubal Face Wash - Decubal<\/title>\n<meta name=\"description\" content=\"Y\u00fcz\u00fcn\u00fcz\u00fc sabah ve ak\u015fam, cildi kurutmadan etkili bir \u015fekilde temizleyen hafif bir temizleme k\u00f6p\u00fc\u011f\u00fc. Hafif ve yumu\u015fak bir his veren k\u00f6p\u00fck benzeri bir dokuya sahiptir.\" \/>\n<meta name=\"robots\" content=\"index, follow, max-snippet:-1, max-image-preview:large, max-video-preview:-1\" \/>\n<link rel=\"canonical\" href=\"https:\/\/decubal.com\/tr\/urun\/decubal-face-wash\/\" \/>\n<meta property=\"og:locale\" content=\"tr_TR\" \/>\n<meta property=\"og:type\" content=\"article\" \/>\n<meta property=\"og:title\" content=\"Decubal Face Wash - Decubal\" \/>\n<meta property=\"og:description\" content=\"Y\u00fcz\u00fcn\u00fcz\u00fc sabah ve ak\u015fam, cildi kurutmadan etkili bir \u015fekilde temizleyen hafif bir temizleme k\u00f6p\u00fc\u011f\u00fc. Hafif ve yumu\u015fak bir his veren k\u00f6p\u00fck benzeri bir dokuya sahiptir.\" \/>\n<meta property=\"og:url\" content=\"https:\/\/decubal.com\/tr\/urun\/decubal-face-wash\/\" \/>\n<meta property=\"og:site_name\" content=\"Decubal\" \/>\n<meta property=\"article:modified_time\" content=\"2023-11-16T15:51:13+00:00\" \/>\n<meta property=\"og:image\" content=\"https:\/\/decubal.com\/app\/uploads\/sites\/7\/2023\/09\/Decubal-face-wash.png\" \/>\n\t<meta property=\"og:image:width\" content=\"600\" \/>\n\t<meta property=\"og:image:height\" content=\"600\" \/>\n\t<meta property=\"og:image:type\" content=\"image\/png\" \/>\n<meta name=\"twitter:card\" content=\"summary_large_image\" \/>\n<meta name=\"twitter:label1\" content=\"Tahmini okuma s\u00fcresi\" \/>\n\t<meta name=\"twitter:data1\" content=\"1 dakika\" \/>\n<script type=\"application\/ld+json\" class=\"yoast-schema-graph\">{\"@context\":\"https:\/\/schema.org\",\"@graph\":[{\"@type\":\"WebPage\",\"@id\":\"https:\/\/decubal.com\/tr\/urun\/decubal-face-wash\/\",\"url\":\"https:\/\/decubal.com\/tr\/urun\/decubal-face-wash\/\",\"name\":\"Decubal Face Wash - Decubal\",\"isPartOf\":{\"@id\":\"https:\/\/decubal.com\/tr\/#website\"},\"primaryImageOfPage\":{\"@id\":\"https:\/\/decubal.com\/tr\/urun\/decubal-face-wash\/#primaryimage\"},\"image\":{\"@id\":\"https:\/\/decubal.com\/tr\/urun\/decubal-face-wash\/#primaryimage\"},\"thumbnailUrl\":\"https:\/\/decubal.com\/app\/uploads\/sites\/7\/2023\/09\/Decubal-face-wash.png\",\"datePublished\":\"2023-09-01T06:49:55+00:00\",\"dateModified\":\"2023-11-16T15:51:13+00:00\",\"description\":\"Y\u00fcz\u00fcn\u00fcz\u00fc sabah ve ak\u015fam, cildi kurutmadan etkili bir \u015fekilde temizleyen hafif bir temizleme k\u00f6p\u00fc\u011f\u00fc. Hafif ve yumu\u015fak bir his veren k\u00f6p\u00fck benzeri bir dokuya sahiptir.\",\"breadcrumb\":{\"@id\":\"https:\/\/decubal.com\/tr\/urun\/decubal-face-wash\/#breadcrumb\"},\"inLanguage\":\"tr\",\"potentialAction\":[{\"@type\":\"ReadAction\",\"target\":[\"https:\/\/decubal.com\/tr\/urun\/decubal-face-wash\/\"]}]},{\"@type\":\"ImageObject\",\"inLanguage\":\"tr\",\"@id\":\"https:\/\/decubal.com\/tr\/urun\/decubal-face-wash\/#primaryimage\",\"url\":\"https:\/\/decubal.com\/app\/uploads\/sites\/7\/2023\/09\/Decubal-face-wash.png\",\"contentUrl\":\"https:\/\/decubal.com\/app\/uploads\/sites\/7\/2023\/09\/Decubal-face-wash.png\",\"width\":600,\"height\":600,\"caption\":\"Decubal face wash\"},{\"@type\":\"BreadcrumbList\",\"@id\":\"https:\/\/decubal.com\/tr\/urun\/decubal-face-wash\/#breadcrumb\",\"itemListElement\":[{\"@type\":\"ListItem\",\"position\":1,\"name\":\"Home\",\"item\":\"https:\/\/decubal.com\/tr\/\"},{\"@type\":\"ListItem\",\"position\":2,\"name\":\"\u00dcr\u00fcnler\",\"item\":\"https:\/\/decubal.com\/tr\/urunler\/\"},{\"@type\":\"ListItem\",\"position\":3,\"name\":\"Decubal Face Wash\"}]},{\"@type\":\"WebSite\",\"@id\":\"https:\/\/decubal.com\/tr\/#website\",\"url\":\"https:\/\/decubal.com\/tr\/\",\"name\":\"Decubal\",\"description\":\"\",\"publisher\":{\"@id\":\"https:\/\/decubal.com\/tr\/#organization\"},\"potentialAction\":[{\"@type\":\"SearchAction\",\"target\":{\"@type\":\"EntryPoint\",\"urlTemplate\":\"https:\/\/decubal.com\/tr\/?s={search_term_string}\"},\"query-input\":{\"@type\":\"PropertyValueSpecification\",\"valueRequired\":true,\"valueName\":\"search_term_string\"}}],\"inLanguage\":\"tr\"},{\"@type\":\"Organization\",\"@id\":\"https:\/\/decubal.com\/tr\/#organization\",\"name\":\"Decubal\",\"url\":\"https:\/\/decubal.com\/tr\/\",\"logo\":{\"@type\":\"ImageObject\",\"inLanguage\":\"tr\",\"@id\":\"https:\/\/decubal.com\/tr\/#\/schema\/logo\/image\/\",\"url\":\"https:\/\/decubal.com\/app\/uploads\/sites\/7\/2023\/03\/Decubal-logo.png\",\"contentUrl\":\"https:\/\/decubal.com\/app\/uploads\/sites\/7\/2023\/03\/Decubal-logo.png\",\"width\":138,\"height\":40,\"caption\":\"Decubal\"},\"image\":{\"@id\":\"https:\/\/decubal.com\/tr\/#\/schema\/logo\/image\/\"}}]}<\/script>\n<!-- \/ Yoast SEO plugin. -->","yoast_head_json":{"title":"Decubal Face Wash - Decubal","description":"Y\u00fcz\u00fcn\u00fcz\u00fc sabah ve ak\u015fam, cildi kurutmadan etkili bir \u015fekilde temizleyen hafif bir temizleme k\u00f6p\u00fc\u011f\u00fc. Hafif ve yumu\u015fak bir his veren k\u00f6p\u00fck benzeri bir dokuya sahiptir.","robots":{"index":"index","follow":"follow","max-snippet":"max-snippet:-1","max-image-preview":"max-image-preview:large","max-video-preview":"max-video-preview:-1"},"canonical":"https:\/\/decubal.com\/tr\/urun\/decubal-face-wash\/","og_locale":"tr_TR","og_type":"article","og_title":"Decubal Face Wash - Decubal","og_description":"Y\u00fcz\u00fcn\u00fcz\u00fc sabah ve ak\u015fam, cildi kurutmadan etkili bir \u015fekilde temizleyen hafif bir temizleme k\u00f6p\u00fc\u011f\u00fc. Hafif ve yumu\u015fak bir his veren k\u00f6p\u00fck benzeri bir dokuya sahiptir.","og_url":"https:\/\/decubal.com\/tr\/urun\/decubal-face-wash\/","og_site_name":"Decubal","article_modified_time":"2023-11-16T15:51:13+00:00","og_image":[{"width":600,"height":600,"url":"https:\/\/decubal.com\/app\/uploads\/sites\/7\/2023\/09\/Decubal-face-wash.png","type":"image\/png"}],"twitter_card":"summary_large_image","twitter_misc":{"Tahmini okuma s\u00fcresi":"1 dakika"},"schema":{"@context":"https:\/\/schema.org","@graph":[{"@type":"WebPage","@id":"https:\/\/decubal.com\/tr\/urun\/decubal-face-wash\/","url":"https:\/\/decubal.com\/tr\/urun\/decubal-face-wash\/","name":"Decubal Face Wash - Decubal","isPartOf":{"@id":"https:\/\/decubal.com\/tr\/#website"},"primaryImageOfPage":{"@id":"https:\/\/decubal.com\/tr\/urun\/decubal-face-wash\/#primaryimage"},"image":{"@id":"https:\/\/decubal.com\/tr\/urun\/decubal-face-wash\/#primaryimage"},"thumbnailUrl":"https:\/\/decubal.com\/app\/uploads\/sites\/7\/2023\/09\/Decubal-face-wash.png","datePublished":"2023-09-01T06:49:55+00:00","dateModified":"2023-11-16T15:51:13+00:00","description":"Y\u00fcz\u00fcn\u00fcz\u00fc sabah ve ak\u015fam, cildi kurutmadan etkili bir \u015fekilde temizleyen hafif bir temizleme k\u00f6p\u00fc\u011f\u00fc. Hafif ve yumu\u015fak bir his veren k\u00f6p\u00fck benzeri bir dokuya sahiptir.","breadcrumb":{"@id":"https:\/\/decubal.com\/tr\/urun\/decubal-face-wash\/#breadcrumb"},"inLanguage":"tr","potentialAction":[{"@type":"ReadAction","target":["https:\/\/decubal.com\/tr\/urun\/decubal-face-wash\/"]}]},{"@type":"ImageObject","inLanguage":"tr","@id":"https:\/\/decubal.com\/tr\/urun\/decubal-face-wash\/#primaryimage","url":"https:\/\/decubal.com\/app\/uploads\/sites\/7\/2023\/09\/Decubal-face-wash.png","contentUrl":"https:\/\/decubal.com\/app\/uploads\/sites\/7\/2023\/09\/Decubal-face-wash.png","width":600,"height":600,"caption":"Decubal face wash"},{"@type":"BreadcrumbList","@id":"https:\/\/decubal.com\/tr\/urun\/decubal-face-wash\/#breadcrumb","itemListElement":[{"@type":"ListItem","position":1,"name":"Home","item":"https:\/\/decubal.com\/tr\/"},{"@type":"ListItem","position":2,"name":"\u00dcr\u00fcnler","item":"https:\/\/decubal.com\/tr\/urunler\/"},{"@type":"ListItem","position":3,"name":"Decubal Face Wash"}]},{"@type":"WebSite","@id":"https:\/\/decubal.com\/tr\/#website","url":"https:\/\/decubal.com\/tr\/","name":"Decubal","description":"","publisher":{"@id":"https:\/\/decubal.com\/tr\/#organization"},"potentialAction":[{"@type":"SearchAction","target":{"@type":"EntryPoint","urlTemplate":"https:\/\/decubal.com\/tr\/?s={search_term_string}"},"query-input":{"@type":"PropertyValueSpecification","valueRequired":true,"valueName":"search_term_string"}}],"inLanguage":"tr"},{"@type":"Organization","@id":"https:\/\/decubal.com\/tr\/#organization","name":"Decubal","url":"https:\/\/decubal.com\/tr\/","logo":{"@type":"ImageObject","inLanguage":"tr","@id":"https:\/\/decubal.com\/tr\/#\/schema\/logo\/image\/","url":"https:\/\/decubal.com\/app\/uploads\/sites\/7\/2023\/03\/Decubal-logo.png","contentUrl":"https:\/\/decubal.com\/app\/uploads\/sites\/7\/2023\/03\/Decubal-logo.png","width":138,"height":40,"caption":"Decubal"},"image":{"@id":"https:\/\/decubal.com\/tr\/#\/schema\/logo\/image\/"}}]}},"_links":{"self":[{"href":"https:\/\/decubal.com\/tr\/wp-json\/wp\/v2\/product\/116","targetHints":{"allow":["GET"]}}],"collection":[{"href":"https:\/\/decubal.com\/tr\/wp-json\/wp\/v2\/product"}],"about":[{"href":"https:\/\/decubal.com\/tr\/wp-json\/wp\/v2\/types\/product"}],"replies":[{"embeddable":true,"href":"https:\/\/decubal.com\/tr\/wp-json\/wp\/v2\/comments?post=116"}],"version-history":[{"count":9,"href":"https:\/\/decubal.com\/tr\/wp-json\/wp\/v2\/product\/116\/revisions"}],"predecessor-version":[{"id":226,"href":"https:\/\/decubal.com\/tr\/wp-json\/wp\/v2\/product\/116\/revisions\/226"}],"wp:featuredmedia":[{"embeddable":true,"href":"https:\/\/decubal.com\/tr\/wp-json\/wp\/v2\/media\/117"}],"wp:attachment":[{"href":"https:\/\/decubal.com\/tr\/wp-json\/wp\/v2\/media?parent=116"}],"wp:term":[{"taxonomy":"product_brand","embeddable":true,"href":"https:\/\/decubal.com\/tr\/wp-json\/wp\/v2\/product_brand?post=116"},{"taxonomy":"product_cat","embeddable":true,"href":"https:\/\/decubal.com\/tr\/wp-json\/wp\/v2\/product_cat?post=116"},{"taxonomy":"product_tag","embeddable":true,"href":"https:\/\/decubal.com\/tr\/wp-json\/wp\/v2\/product_tag?post=116"}],"curies":[{"name":"wp","href":"https:\/\/api.w.org\/{rel}","templated":true}]}}