{"id":100,"date":"2023-08-25T12:34:06","date_gmt":"2023-08-25T09:34:06","guid":{"rendered":"https:\/\/decubal.com\/tr\/?post_type=product&#038;p=100"},"modified":"2023-11-16T18:51:19","modified_gmt":"2023-11-16T15:51:19","slug":"decubal-kuru-sac-derisi-bakimi","status":"publish","type":"product","link":"https:\/\/decubal.com\/tr\/urun\/decubal-kuru-sac-derisi-bakimi\/","title":{"rendered":"Decubal Kuru Sa\u00e7 Derisi Bak\u0131m\u0131"},"content":{"rendered":"\n<div class=\"wp-block-karopharma-accordions is-style-secondary\"><div class=\"container\">\n<details class=\"wp-block-karopharma-accordion\"><summary><h2 class=\"accordion-title\">Kullan\u0131m<\/h2><\/summary><div class=\"accordion-content\">\n<p>Sa\u00e7\u0131n\u0131z\u0131 y\u0131kay\u0131n, k\u00fcr\u00fc sa\u00e7 derisine masaj yaparak uygulay\u0131n ve 1-2 dakika bekletin sonra durulay\u0131n. Haftada 1-2 kez veya gerekti\u011finde kullan\u0131n.<\/p>\n<\/div><\/details>\n\n\n\n<details class=\"wp-block-karopharma-accordion\"><summary><h2 class=\"accordion-title\">\u0130\u00e7indekiler<\/h2><\/summary><div class=\"accordion-content\">\n<figure class=\"wp-block-table\"><table><tbody><tr><td><strong>\u0130\u00e7erik<\/strong><\/td><td><strong>Fonksiyonu<\/strong><\/td><\/tr><tr><td>Su<\/td><td>\u00c7\u00f6z\u00fcc\u00fc<\/td><\/tr><tr><td>Dihidrojene palmoiletilhidroksietilmonyum metos\u00fclfat<\/td><td>Sa\u00e7 kremi<\/td><\/tr><tr><td>Setearil alkol<\/td><td>K\u0131vam maddesi<\/td><\/tr><tr><td>Niacinamide<\/td><td>Besleyici\/yeniden in\u015fa edici<\/td><\/tr><tr><td>Setil alkol<\/td><td>K\u0131vam maddesi<\/td><\/tr><tr><td>PPG-3 miristil eter<\/td><td>Da\u011f\u0131t\u0131c\u0131<\/td><\/tr><tr><td>Hidrolize bu\u011fday proteini<\/td><td>Yumu\u015fat\u0131c\u0131<\/td><\/tr><tr><td>Hidrolize bu\u011fday ni\u015fastas\u0131<\/td><td>Yumu\u015fat\u0131c\u0131<\/td><\/tr><tr><td>Panthenol<\/td><td>Yat\u0131\u015ft\u0131r\u0131c\u0131\/bak\u0131mc\u0131<\/td><\/tr><tr><td>Behentrimonium metos\u00fclfat<\/td><td>Yumu\u015fat\u0131c\u0131<\/td><\/tr><tr><td>Sitrik asit<\/td><td>pH ayarlay\u0131c\u0131<\/td><\/tr><tr><td>Mentol<\/td><td>Canland\u0131r\u0131c\u0131\/serinletici<\/td><\/tr><tr><td>Dipropilen glikol<\/td><td>\u00c7\u00f6z\u00fcc\u00fc<\/td><\/tr><tr><td>Fenoksietanol<\/td><td>Koruyucu<\/td><\/tr><tr><td>Sodyum Benzoat<\/td><td>Koruyucu<\/td><\/tr><\/tbody><\/table><\/figure>\n<\/div><\/details>\n<\/div><\/div>\n","protected":false},"excerpt":{"rendered":"<p>Kuru, tahri\u015f olmu\u015f sa\u00e7 derisi i\u00e7in besleyici ve yat\u0131\u015ft\u0131r\u0131c\u0131 bak\u0131m<\/p>\n","protected":false},"featured_media":101,"comment_status":"closed","ping_status":"closed","template":"","meta":{"_acf_changed":false,"footnotes":""},"product_brand":[],"product_cat":[19],"product_tag":[],"class_list":{"0":"post-100","1":"product","2":"type-product","3":"status-publish","4":"has-post-thumbnail","6":"product_cat-yogun","8":"first","9":"instock","10":"shipping-taxable","11":"product-type-simple"},"acf":[],"yoast_head":"<!-- This site is optimized with the Yoast SEO plugin v26.6 - https:\/\/yoast.com\/wordpress\/plugins\/seo\/ -->\n<title>Decubal Kuru Sa\u00e7 Derisi Bak\u0131m\u0131 - Decubal<\/title>\n<meta name=\"description\" content=\"Decubal Kuru Sa\u00e7 Derisi Bak\u0131m\u0131; kuru, tahri\u015f olmu\u015f ve ka\u015f\u0131nt\u0131l\u0131 sa\u00e7 derisi i\u00e7in \u00f6zel olarak geli\u015ftirilmi\u015f besleyici ve yat\u0131\u015ft\u0131r\u0131c\u0131 bir sa\u00e7 derisi bak\u0131m\u0131d\u0131r.\" \/>\n<meta name=\"robots\" content=\"index, follow, max-snippet:-1, max-image-preview:large, max-video-preview:-1\" \/>\n<link rel=\"canonical\" href=\"https:\/\/decubal.com\/tr\/urun\/decubal-kuru-sac-derisi-bakimi\/\" \/>\n<meta property=\"og:locale\" content=\"tr_TR\" \/>\n<meta property=\"og:type\" content=\"article\" \/>\n<meta property=\"og:title\" content=\"Decubal Kuru Sa\u00e7 Derisi Bak\u0131m\u0131 - Decubal\" \/>\n<meta property=\"og:description\" content=\"Decubal Kuru Sa\u00e7 Derisi Bak\u0131m\u0131; kuru, tahri\u015f olmu\u015f ve ka\u015f\u0131nt\u0131l\u0131 sa\u00e7 derisi i\u00e7in \u00f6zel olarak geli\u015ftirilmi\u015f besleyici ve yat\u0131\u015ft\u0131r\u0131c\u0131 bir sa\u00e7 derisi bak\u0131m\u0131d\u0131r.\" \/>\n<meta property=\"og:url\" content=\"https:\/\/decubal.com\/tr\/urun\/decubal-kuru-sac-derisi-bakimi\/\" \/>\n<meta property=\"og:site_name\" content=\"Decubal\" \/>\n<meta property=\"article:modified_time\" content=\"2023-11-16T15:51:19+00:00\" \/>\n<meta property=\"og:image\" content=\"https:\/\/decubal.com\/app\/uploads\/sites\/7\/2023\/08\/Decubal-dry-scalp-treatment.png\" \/>\n\t<meta property=\"og:image:width\" content=\"600\" \/>\n\t<meta property=\"og:image:height\" content=\"600\" \/>\n\t<meta property=\"og:image:type\" content=\"image\/png\" \/>\n<meta name=\"twitter:card\" content=\"summary_large_image\" \/>\n<meta name=\"twitter:label1\" content=\"Tahmini okuma s\u00fcresi\" \/>\n\t<meta name=\"twitter:data1\" content=\"1 dakika\" \/>\n<script type=\"application\/ld+json\" class=\"yoast-schema-graph\">{\"@context\":\"https:\/\/schema.org\",\"@graph\":[{\"@type\":\"WebPage\",\"@id\":\"https:\/\/decubal.com\/tr\/urun\/decubal-kuru-sac-derisi-bakimi\/\",\"url\":\"https:\/\/decubal.com\/tr\/urun\/decubal-kuru-sac-derisi-bakimi\/\",\"name\":\"Decubal Kuru Sa\u00e7 Derisi Bak\u0131m\u0131 - Decubal\",\"isPartOf\":{\"@id\":\"https:\/\/decubal.com\/tr\/#website\"},\"primaryImageOfPage\":{\"@id\":\"https:\/\/decubal.com\/tr\/urun\/decubal-kuru-sac-derisi-bakimi\/#primaryimage\"},\"image\":{\"@id\":\"https:\/\/decubal.com\/tr\/urun\/decubal-kuru-sac-derisi-bakimi\/#primaryimage\"},\"thumbnailUrl\":\"https:\/\/decubal.com\/app\/uploads\/sites\/7\/2023\/08\/Decubal-dry-scalp-treatment.png\",\"datePublished\":\"2023-08-25T09:34:06+00:00\",\"dateModified\":\"2023-11-16T15:51:19+00:00\",\"description\":\"Decubal Kuru Sa\u00e7 Derisi Bak\u0131m\u0131; kuru, tahri\u015f olmu\u015f ve ka\u015f\u0131nt\u0131l\u0131 sa\u00e7 derisi i\u00e7in \u00f6zel olarak geli\u015ftirilmi\u015f besleyici ve yat\u0131\u015ft\u0131r\u0131c\u0131 bir sa\u00e7 derisi bak\u0131m\u0131d\u0131r.\",\"breadcrumb\":{\"@id\":\"https:\/\/decubal.com\/tr\/urun\/decubal-kuru-sac-derisi-bakimi\/#breadcrumb\"},\"inLanguage\":\"tr\",\"potentialAction\":[{\"@type\":\"ReadAction\",\"target\":[\"https:\/\/decubal.com\/tr\/urun\/decubal-kuru-sac-derisi-bakimi\/\"]}]},{\"@type\":\"ImageObject\",\"inLanguage\":\"tr\",\"@id\":\"https:\/\/decubal.com\/tr\/urun\/decubal-kuru-sac-derisi-bakimi\/#primaryimage\",\"url\":\"https:\/\/decubal.com\/app\/uploads\/sites\/7\/2023\/08\/Decubal-dry-scalp-treatment.png\",\"contentUrl\":\"https:\/\/decubal.com\/app\/uploads\/sites\/7\/2023\/08\/Decubal-dry-scalp-treatment.png\",\"width\":600,\"height\":600,\"caption\":\"Decubal dry scalp treatment\"},{\"@type\":\"BreadcrumbList\",\"@id\":\"https:\/\/decubal.com\/tr\/urun\/decubal-kuru-sac-derisi-bakimi\/#breadcrumb\",\"itemListElement\":[{\"@type\":\"ListItem\",\"position\":1,\"name\":\"Home\",\"item\":\"https:\/\/decubal.com\/tr\/\"},{\"@type\":\"ListItem\",\"position\":2,\"name\":\"\u00dcr\u00fcnler\",\"item\":\"https:\/\/decubal.com\/tr\/urunler\/\"},{\"@type\":\"ListItem\",\"position\":3,\"name\":\"Decubal Kuru Sa\u00e7 Derisi Bak\u0131m\u0131\"}]},{\"@type\":\"WebSite\",\"@id\":\"https:\/\/decubal.com\/tr\/#website\",\"url\":\"https:\/\/decubal.com\/tr\/\",\"name\":\"Decubal\",\"description\":\"\",\"publisher\":{\"@id\":\"https:\/\/decubal.com\/tr\/#organization\"},\"potentialAction\":[{\"@type\":\"SearchAction\",\"target\":{\"@type\":\"EntryPoint\",\"urlTemplate\":\"https:\/\/decubal.com\/tr\/?s={search_term_string}\"},\"query-input\":{\"@type\":\"PropertyValueSpecification\",\"valueRequired\":true,\"valueName\":\"search_term_string\"}}],\"inLanguage\":\"tr\"},{\"@type\":\"Organization\",\"@id\":\"https:\/\/decubal.com\/tr\/#organization\",\"name\":\"Decubal\",\"url\":\"https:\/\/decubal.com\/tr\/\",\"logo\":{\"@type\":\"ImageObject\",\"inLanguage\":\"tr\",\"@id\":\"https:\/\/decubal.com\/tr\/#\/schema\/logo\/image\/\",\"url\":\"https:\/\/decubal.com\/app\/uploads\/sites\/7\/2023\/03\/Decubal-logo.png\",\"contentUrl\":\"https:\/\/decubal.com\/app\/uploads\/sites\/7\/2023\/03\/Decubal-logo.png\",\"width\":138,\"height\":40,\"caption\":\"Decubal\"},\"image\":{\"@id\":\"https:\/\/decubal.com\/tr\/#\/schema\/logo\/image\/\"}}]}<\/script>\n<!-- \/ Yoast SEO plugin. -->","yoast_head_json":{"title":"Decubal Kuru Sa\u00e7 Derisi Bak\u0131m\u0131 - Decubal","description":"Decubal Kuru Sa\u00e7 Derisi Bak\u0131m\u0131; kuru, tahri\u015f olmu\u015f ve ka\u015f\u0131nt\u0131l\u0131 sa\u00e7 derisi i\u00e7in \u00f6zel olarak geli\u015ftirilmi\u015f besleyici ve yat\u0131\u015ft\u0131r\u0131c\u0131 bir sa\u00e7 derisi bak\u0131m\u0131d\u0131r.","robots":{"index":"index","follow":"follow","max-snippet":"max-snippet:-1","max-image-preview":"max-image-preview:large","max-video-preview":"max-video-preview:-1"},"canonical":"https:\/\/decubal.com\/tr\/urun\/decubal-kuru-sac-derisi-bakimi\/","og_locale":"tr_TR","og_type":"article","og_title":"Decubal Kuru Sa\u00e7 Derisi Bak\u0131m\u0131 - Decubal","og_description":"Decubal Kuru Sa\u00e7 Derisi Bak\u0131m\u0131; kuru, tahri\u015f olmu\u015f ve ka\u015f\u0131nt\u0131l\u0131 sa\u00e7 derisi i\u00e7in \u00f6zel olarak geli\u015ftirilmi\u015f besleyici ve yat\u0131\u015ft\u0131r\u0131c\u0131 bir sa\u00e7 derisi bak\u0131m\u0131d\u0131r.","og_url":"https:\/\/decubal.com\/tr\/urun\/decubal-kuru-sac-derisi-bakimi\/","og_site_name":"Decubal","article_modified_time":"2023-11-16T15:51:19+00:00","og_image":[{"width":600,"height":600,"url":"https:\/\/decubal.com\/app\/uploads\/sites\/7\/2023\/08\/Decubal-dry-scalp-treatment.png","type":"image\/png"}],"twitter_card":"summary_large_image","twitter_misc":{"Tahmini okuma s\u00fcresi":"1 dakika"},"schema":{"@context":"https:\/\/schema.org","@graph":[{"@type":"WebPage","@id":"https:\/\/decubal.com\/tr\/urun\/decubal-kuru-sac-derisi-bakimi\/","url":"https:\/\/decubal.com\/tr\/urun\/decubal-kuru-sac-derisi-bakimi\/","name":"Decubal Kuru Sa\u00e7 Derisi Bak\u0131m\u0131 - Decubal","isPartOf":{"@id":"https:\/\/decubal.com\/tr\/#website"},"primaryImageOfPage":{"@id":"https:\/\/decubal.com\/tr\/urun\/decubal-kuru-sac-derisi-bakimi\/#primaryimage"},"image":{"@id":"https:\/\/decubal.com\/tr\/urun\/decubal-kuru-sac-derisi-bakimi\/#primaryimage"},"thumbnailUrl":"https:\/\/decubal.com\/app\/uploads\/sites\/7\/2023\/08\/Decubal-dry-scalp-treatment.png","datePublished":"2023-08-25T09:34:06+00:00","dateModified":"2023-11-16T15:51:19+00:00","description":"Decubal Kuru Sa\u00e7 Derisi Bak\u0131m\u0131; kuru, tahri\u015f olmu\u015f ve ka\u015f\u0131nt\u0131l\u0131 sa\u00e7 derisi i\u00e7in \u00f6zel olarak geli\u015ftirilmi\u015f besleyici ve yat\u0131\u015ft\u0131r\u0131c\u0131 bir sa\u00e7 derisi bak\u0131m\u0131d\u0131r.","breadcrumb":{"@id":"https:\/\/decubal.com\/tr\/urun\/decubal-kuru-sac-derisi-bakimi\/#breadcrumb"},"inLanguage":"tr","potentialAction":[{"@type":"ReadAction","target":["https:\/\/decubal.com\/tr\/urun\/decubal-kuru-sac-derisi-bakimi\/"]}]},{"@type":"ImageObject","inLanguage":"tr","@id":"https:\/\/decubal.com\/tr\/urun\/decubal-kuru-sac-derisi-bakimi\/#primaryimage","url":"https:\/\/decubal.com\/app\/uploads\/sites\/7\/2023\/08\/Decubal-dry-scalp-treatment.png","contentUrl":"https:\/\/decubal.com\/app\/uploads\/sites\/7\/2023\/08\/Decubal-dry-scalp-treatment.png","width":600,"height":600,"caption":"Decubal dry scalp treatment"},{"@type":"BreadcrumbList","@id":"https:\/\/decubal.com\/tr\/urun\/decubal-kuru-sac-derisi-bakimi\/#breadcrumb","itemListElement":[{"@type":"ListItem","position":1,"name":"Home","item":"https:\/\/decubal.com\/tr\/"},{"@type":"ListItem","position":2,"name":"\u00dcr\u00fcnler","item":"https:\/\/decubal.com\/tr\/urunler\/"},{"@type":"ListItem","position":3,"name":"Decubal Kuru Sa\u00e7 Derisi Bak\u0131m\u0131"}]},{"@type":"WebSite","@id":"https:\/\/decubal.com\/tr\/#website","url":"https:\/\/decubal.com\/tr\/","name":"Decubal","description":"","publisher":{"@id":"https:\/\/decubal.com\/tr\/#organization"},"potentialAction":[{"@type":"SearchAction","target":{"@type":"EntryPoint","urlTemplate":"https:\/\/decubal.com\/tr\/?s={search_term_string}"},"query-input":{"@type":"PropertyValueSpecification","valueRequired":true,"valueName":"search_term_string"}}],"inLanguage":"tr"},{"@type":"Organization","@id":"https:\/\/decubal.com\/tr\/#organization","name":"Decubal","url":"https:\/\/decubal.com\/tr\/","logo":{"@type":"ImageObject","inLanguage":"tr","@id":"https:\/\/decubal.com\/tr\/#\/schema\/logo\/image\/","url":"https:\/\/decubal.com\/app\/uploads\/sites\/7\/2023\/03\/Decubal-logo.png","contentUrl":"https:\/\/decubal.com\/app\/uploads\/sites\/7\/2023\/03\/Decubal-logo.png","width":138,"height":40,"caption":"Decubal"},"image":{"@id":"https:\/\/decubal.com\/tr\/#\/schema\/logo\/image\/"}}]}},"_links":{"self":[{"href":"https:\/\/decubal.com\/tr\/wp-json\/wp\/v2\/product\/100","targetHints":{"allow":["GET"]}}],"collection":[{"href":"https:\/\/decubal.com\/tr\/wp-json\/wp\/v2\/product"}],"about":[{"href":"https:\/\/decubal.com\/tr\/wp-json\/wp\/v2\/types\/product"}],"replies":[{"embeddable":true,"href":"https:\/\/decubal.com\/tr\/wp-json\/wp\/v2\/comments?post=100"}],"version-history":[{"count":3,"href":"https:\/\/decubal.com\/tr\/wp-json\/wp\/v2\/product\/100\/revisions"}],"predecessor-version":[{"id":195,"href":"https:\/\/decubal.com\/tr\/wp-json\/wp\/v2\/product\/100\/revisions\/195"}],"wp:featuredmedia":[{"embeddable":true,"href":"https:\/\/decubal.com\/tr\/wp-json\/wp\/v2\/media\/101"}],"wp:attachment":[{"href":"https:\/\/decubal.com\/tr\/wp-json\/wp\/v2\/media?parent=100"}],"wp:term":[{"taxonomy":"product_brand","embeddable":true,"href":"https:\/\/decubal.com\/tr\/wp-json\/wp\/v2\/product_brand?post=100"},{"taxonomy":"product_cat","embeddable":true,"href":"https:\/\/decubal.com\/tr\/wp-json\/wp\/v2\/product_cat?post=100"},{"taxonomy":"product_tag","embeddable":true,"href":"https:\/\/decubal.com\/tr\/wp-json\/wp\/v2\/product_tag?post=100"}],"curies":[{"name":"wp","href":"https:\/\/api.w.org\/{rel}","templated":true}]}}