{"id":57,"date":"2023-04-12T15:44:00","date_gmt":"2023-04-12T12:44:00","guid":{"rendered":"https:\/\/decubal.com\/tr\/?page_id=57"},"modified":"2023-11-16T18:51:31","modified_gmt":"2023-11-16T15:51:31","slug":"decubal-hakkinda","status":"publish","type":"page","link":"https:\/\/decubal.com\/tr\/decubal-hakkinda\/","title":{"rendered":"Decubal hakk\u0131nda"},"content":{"rendered":"\n<div class=\"wp-block-karopharma-background-image-with-text-v2 background-image-with-text-v2 undefined content-position-center fixed-height-layout\" datatest=\"root\"><div class=\"background-image-with-text-wrapper\"><picture class=\"background-image-with-text-image\"><source media=\"(max-width: 560px)\" srcset=\"https:\/\/decubal.com\/cdn-cgi\/image\/format=auto,width=560\/app\/uploads\/sites\/7\/2023\/08\/about.jpg\"\/><source media=\"(max-width: 800px)\" srcset=\"https:\/\/decubal.com\/cdn-cgi\/image\/format=auto,width=800\/app\/uploads\/sites\/7\/2023\/08\/about.jpg\"\/><source media=\"(max-width: 1920px)\" srcset=\"https:\/\/decubal.com\/cdn-cgi\/image\/format=auto,width=1920\/app\/uploads\/sites\/7\/2023\/08\/about.jpg\"\/><img decoding=\"async\" width=\"1920\" height=\"747\" datatest=\"background-image\" loading=\"lazy\" class=\"object-center object-cover\" src=\"https:\/\/decubal.com\/cdn-cgi\/image\/format=auto\/app\/uploads\/sites\/7\/2023\/08\/about.jpg\" alt=\"Decubal hakk\u0131nda\"\/><\/picture><div datatest=\"content-wrapper\" class=\"background-image-with-text-content-wrapper container max-w-large text-alignment-left  pt-large pb-large\"><div class=\"content\"><h1 datatest=\"heading\" class=\"\">Decubal Hakk\u0131nda<\/h1>\n<div class=\"wp-block-buttons is-layout-flex wp-block-buttons-is-layout-flex\"><\/div>\n<\/div><\/div><\/div><\/div>\n\n\n\n<div class=\"wp-block-karopharma-free-text md:pt-20 lg:pt-32 md:pb-20 lg:pb-32 bg-center bg-contain bg-no-repeat  undefined is-style-transparent\" style=\"background-image:url()\"><div class=\"free-text-wrapper container max-w-medium text-center\">\n<p>Decubal, kuru ve hassas cilde sahip olanlar i\u00e7in besleyici ve fonksiyonel cilt bak\u0131m\u0131d\u0131r. Decubal,cildin do\u011fal nemini ve esnekli\u011fini koruman\u0131n ne anlama geldi\u011fini anlayarak kuzey ikliminde cildi korumak i\u00e7in geli\u015ftirilmi\u015ftir ve 40 y\u0131l\u0131 a\u015fk\u0131n deneyime sahiptir. Yelpazemiz geni\u015f oldu\u011fundan, g\u00fcnl\u00fck hayat\u0131n\u0131z i\u00e7in hem koruyucu hem de nemlendirici cilt bak\u0131m\u0131, \u00f6zel ihtiya\u00e7lar i\u00e7in yo\u011fun bak\u0131m \u00fcr\u00fcnleri bulabilirsiniz. Bu nedenle Decubal t\u00fcm y\u0131l boyunca t\u00fcm kuzey \u00fclkelerinde dermatologlar ve sa\u011fl\u0131k uzmanlar\u0131 taraf\u0131ndan ba\u015ftan aya\u011fa yeti\u015fkinler ve \u00e7ocuklar i\u00e7in \u00f6nerilmektedir.<\/p>\n<\/div><\/div>\n\n\n\n<section class=\"wp-block-karopharma-image-with-text image-with-text image-with-text__full-width is-style-primary\"><div class=\"image-with-text-container \"><div class=\"image-with-text-container-image-container\"><img decoding=\"async\" loading=\"lazy\" src=\"https:\/\/decubal.com\/cdn-cgi\/image\/format=auto\/app\/uploads\/sites\/7\/2023\/08\/Feature-1.jpeg\" alt=\"\u00d6zellikle kuzey iklimi i\u00e7in geli\u015ftirildi.\"\/><\/div><div class=\"image-with-text-container-content\" style=\"text-align:left\" data-test=\"content\"><div class=\"content\"><h2>\u00d6zellikle kuzey iklimi i\u00e7in geli\u015ftirildi.<\/h2><p class=\"body\" data-test=\"body\"><br>Sert kuzey iklimi, hassas ciltler i\u00e7in olduk\u00e7a zorlay\u0131c\u0131 olabilir. Decubal; cildi mevsimlerin, s\u0131cakl\u0131\u011f\u0131n ve nemin \u00e7ok de\u011fi\u015fken oldu\u011fu kuzey ikliminden korumak i\u00e7in geli\u015ftirilmi\u015ftir. Bu durum \u00f6zellikle kuzey \u00fclkesinde ya\u015fayan ve a\u00e7\u0131khavada fazla vakit ge\u00e7iren insanlar i\u00e7in sorun olu\u015fturur.<br>Decubal, cildinizi kuzey iklimine kar\u015f\u0131 korur. Kumsalda uzun, ayd\u0131nl\u0131k yaz g\u00fcnlerinin, ormanda r\u00fczgarl\u0131 sonbahar y\u00fcr\u00fcy\u00fc\u015flerinin ve da\u011flarda so\u011fuk, ayaz k\u0131\u015flar\u0131n\u0131n keyfini g\u00fcvenle \u00e7\u0131karabilmeniz i\u00e7in.<\/p>\n<div class=\"wp-block-buttons is-layout-flex wp-block-buttons-is-layout-flex\"><\/div>\n<\/div><\/div><\/div><\/section>\n\n\n\n<section class=\"wp-block-karopharma-image-with-text image-with-text image-with-text__full-width is-style-primary\"><div class=\"image-with-text-container image-with-text-container__align-right\"><div class=\"image-with-text-container-image-container\"><img decoding=\"async\" loading=\"lazy\" src=\"https:\/\/decubal.com\/cdn-cgi\/image\/format=auto\/app\/uploads\/sites\/7\/2023\/08\/feature-2-about.jpg\" alt=\"\u00d6zenle yap\u0131lm\u0131\u015f\"\/><\/div><div class=\"image-with-text-container-content\" style=\"text-align:left\" data-test=\"content\"><div class=\"content\"><h2>\u00d6zenle yap\u0131lm\u0131\u015f<\/h2><p class=\"body\" data-test=\"body\">Decubal sadece en nazik malzemeleri kullan\u0131r. T\u00fcm \u00fcr\u00fcnler parf\u00fcms\u00fczd\u00fcr ve alerji sertifikas\u0131na sahiptir. Bu, \u00fcr\u00fcnlerin toksikologlar taraf\u0131ndan onayland\u0131\u011f\u0131 ve alerjenler, kirleticiler, kanserojenler ve endokrin bozucular i\u00e7in test edildi\u011fi anlam\u0131na gelir. Bu nedenle Decubal siz ve aileniz i\u00e7in g\u00fcvenli bir se\u00e7imdir.<\/p>\n<div class=\"wp-block-buttons is-layout-flex wp-block-buttons-is-layout-flex\">\n<div class=\"wp-block-button\"><a class=\"wp-block-button__link\" href=\"https:\/\/decubal.com\/se\/produkter\/\">\u00dcr\u00fcnlerimizi g\u00f6r\u00fcn<\/a><\/div>\n<\/div>\n<\/div><\/div><\/div><\/section>\n","protected":false},"excerpt":{"rendered":"","protected":false},"author":2,"featured_media":0,"parent":0,"menu_order":0,"comment_status":"closed","ping_status":"closed","template":"","meta":{"_acf_changed":false,"footnotes":""},"from-article-database":[],"class_list":["post-57","page","type-page","status-publish","hentry"],"acf":[],"yoast_head":"<!-- This site is optimized with the Yoast SEO plugin v26.6 - https:\/\/yoast.com\/wordpress\/plugins\/seo\/ -->\n<title>Decubal hakk\u0131nda - Decubal<\/title>\n<meta name=\"description\" content=\"Decubal, kuru ve hassas cilde sahip olanlar i\u00e7in besleyici ve fonksiyonel cilt bak\u0131m\u0131d\u0131r. Decubal,cildin do\u011fal nemini ve esnekli\u011fini koruman\u0131n ne anlama geldi\u011fini anlayarak kuzey ikliminde cildi korumak i\u00e7in geli\u015ftirilmi\u015ftir ve 40 y\u0131l\u0131 a\u015fk\u0131n deneyime sahiptir.\" \/>\n<meta name=\"robots\" content=\"index, follow, max-snippet:-1, max-image-preview:large, max-video-preview:-1\" \/>\n<link rel=\"canonical\" href=\"https:\/\/decubal.com\/tr\/decubal-hakkinda\/\" \/>\n<meta property=\"og:locale\" content=\"tr_TR\" \/>\n<meta property=\"og:type\" content=\"article\" \/>\n<meta property=\"og:title\" content=\"Decubal hakk\u0131nda - Decubal\" \/>\n<meta property=\"og:description\" content=\"Decubal, kuru ve hassas cilde sahip olanlar i\u00e7in besleyici ve fonksiyonel cilt bak\u0131m\u0131d\u0131r. Decubal,cildin do\u011fal nemini ve esnekli\u011fini koruman\u0131n ne anlama geldi\u011fini anlayarak kuzey ikliminde cildi korumak i\u00e7in geli\u015ftirilmi\u015ftir ve 40 y\u0131l\u0131 a\u015fk\u0131n deneyime sahiptir.\" \/>\n<meta property=\"og:url\" content=\"https:\/\/decubal.com\/tr\/decubal-hakkinda\/\" \/>\n<meta property=\"og:site_name\" content=\"Decubal\" \/>\n<meta property=\"article:modified_time\" content=\"2023-11-16T15:51:31+00:00\" \/>\n<meta property=\"og:image\" content=\"https:\/\/decubal.com\/cdn-cgi\/image\/format=auto\/app\/uploads\/sites\/7\/2023\/08\/about.jpg\" \/>\n<meta name=\"twitter:card\" content=\"summary_large_image\" \/>\n<meta name=\"twitter:label1\" content=\"Tahmini okuma s\u00fcresi\" \/>\n\t<meta name=\"twitter:data1\" content=\"2 dakika\" \/>\n<script type=\"application\/ld+json\" class=\"yoast-schema-graph\">{\"@context\":\"https:\/\/schema.org\",\"@graph\":[{\"@type\":\"WebPage\",\"@id\":\"https:\/\/decubal.com\/tr\/decubal-hakkinda\/\",\"url\":\"https:\/\/decubal.com\/tr\/decubal-hakkinda\/\",\"name\":\"Decubal hakk\u0131nda - Decubal\",\"isPartOf\":{\"@id\":\"https:\/\/decubal.com\/tr\/#website\"},\"primaryImageOfPage\":{\"@id\":\"https:\/\/decubal.com\/tr\/decubal-hakkinda\/#primaryimage\"},\"image\":{\"@id\":\"https:\/\/decubal.com\/tr\/decubal-hakkinda\/#primaryimage\"},\"thumbnailUrl\":\"https:\/\/decubal.com\/cdn-cgi\/image\/format=auto\/app\/uploads\/sites\/7\/2023\/08\/about.jpg\",\"datePublished\":\"2023-04-12T12:44:00+00:00\",\"dateModified\":\"2023-11-16T15:51:31+00:00\",\"description\":\"Decubal, kuru ve hassas cilde sahip olanlar i\u00e7in besleyici ve fonksiyonel cilt bak\u0131m\u0131d\u0131r. Decubal,cildin do\u011fal nemini ve esnekli\u011fini koruman\u0131n ne anlama geldi\u011fini anlayarak kuzey ikliminde cildi korumak i\u00e7in geli\u015ftirilmi\u015ftir ve 40 y\u0131l\u0131 a\u015fk\u0131n deneyime sahiptir.\",\"breadcrumb\":{\"@id\":\"https:\/\/decubal.com\/tr\/decubal-hakkinda\/#breadcrumb\"},\"inLanguage\":\"tr\",\"potentialAction\":[{\"@type\":\"ReadAction\",\"target\":[\"https:\/\/decubal.com\/tr\/decubal-hakkinda\/\"]}]},{\"@type\":\"ImageObject\",\"inLanguage\":\"tr\",\"@id\":\"https:\/\/decubal.com\/tr\/decubal-hakkinda\/#primaryimage\",\"url\":\"https:\/\/decubal.com\/cdn-cgi\/image\/format=auto\/app\/uploads\/sites\/7\/2023\/08\/about.jpg\",\"contentUrl\":\"https:\/\/decubal.com\/cdn-cgi\/image\/format=auto\/app\/uploads\/sites\/7\/2023\/08\/about.jpg\"},{\"@type\":\"BreadcrumbList\",\"@id\":\"https:\/\/decubal.com\/tr\/decubal-hakkinda\/#breadcrumb\",\"itemListElement\":[{\"@type\":\"ListItem\",\"position\":1,\"name\":\"Home\",\"item\":\"https:\/\/decubal.com\/tr\/\"},{\"@type\":\"ListItem\",\"position\":2,\"name\":\"Decubal hakk\u0131nda\"}]},{\"@type\":\"WebSite\",\"@id\":\"https:\/\/decubal.com\/tr\/#website\",\"url\":\"https:\/\/decubal.com\/tr\/\",\"name\":\"Decubal\",\"description\":\"\",\"publisher\":{\"@id\":\"https:\/\/decubal.com\/tr\/#organization\"},\"potentialAction\":[{\"@type\":\"SearchAction\",\"target\":{\"@type\":\"EntryPoint\",\"urlTemplate\":\"https:\/\/decubal.com\/tr\/?s={search_term_string}\"},\"query-input\":{\"@type\":\"PropertyValueSpecification\",\"valueRequired\":true,\"valueName\":\"search_term_string\"}}],\"inLanguage\":\"tr\"},{\"@type\":\"Organization\",\"@id\":\"https:\/\/decubal.com\/tr\/#organization\",\"name\":\"Decubal\",\"url\":\"https:\/\/decubal.com\/tr\/\",\"logo\":{\"@type\":\"ImageObject\",\"inLanguage\":\"tr\",\"@id\":\"https:\/\/decubal.com\/tr\/#\/schema\/logo\/image\/\",\"url\":\"https:\/\/decubal.com\/app\/uploads\/sites\/7\/2023\/03\/Decubal-logo.png\",\"contentUrl\":\"https:\/\/decubal.com\/app\/uploads\/sites\/7\/2023\/03\/Decubal-logo.png\",\"width\":138,\"height\":40,\"caption\":\"Decubal\"},\"image\":{\"@id\":\"https:\/\/decubal.com\/tr\/#\/schema\/logo\/image\/\"}}]}<\/script>\n<!-- \/ Yoast SEO plugin. -->","yoast_head_json":{"title":"Decubal hakk\u0131nda - Decubal","description":"Decubal, kuru ve hassas cilde sahip olanlar i\u00e7in besleyici ve fonksiyonel cilt bak\u0131m\u0131d\u0131r. Decubal,cildin do\u011fal nemini ve esnekli\u011fini koruman\u0131n ne anlama geldi\u011fini anlayarak kuzey ikliminde cildi korumak i\u00e7in geli\u015ftirilmi\u015ftir ve 40 y\u0131l\u0131 a\u015fk\u0131n deneyime sahiptir.","robots":{"index":"index","follow":"follow","max-snippet":"max-snippet:-1","max-image-preview":"max-image-preview:large","max-video-preview":"max-video-preview:-1"},"canonical":"https:\/\/decubal.com\/tr\/decubal-hakkinda\/","og_locale":"tr_TR","og_type":"article","og_title":"Decubal hakk\u0131nda - Decubal","og_description":"Decubal, kuru ve hassas cilde sahip olanlar i\u00e7in besleyici ve fonksiyonel cilt bak\u0131m\u0131d\u0131r. Decubal,cildin do\u011fal nemini ve esnekli\u011fini koruman\u0131n ne anlama geldi\u011fini anlayarak kuzey ikliminde cildi korumak i\u00e7in geli\u015ftirilmi\u015ftir ve 40 y\u0131l\u0131 a\u015fk\u0131n deneyime sahiptir.","og_url":"https:\/\/decubal.com\/tr\/decubal-hakkinda\/","og_site_name":"Decubal","article_modified_time":"2023-11-16T15:51:31+00:00","og_image":[{"url":"https:\/\/decubal.com\/cdn-cgi\/image\/format=auto\/app\/uploads\/sites\/7\/2023\/08\/about.jpg","type":"","width":"","height":""}],"twitter_card":"summary_large_image","twitter_misc":{"Tahmini okuma s\u00fcresi":"2 dakika"},"schema":{"@context":"https:\/\/schema.org","@graph":[{"@type":"WebPage","@id":"https:\/\/decubal.com\/tr\/decubal-hakkinda\/","url":"https:\/\/decubal.com\/tr\/decubal-hakkinda\/","name":"Decubal hakk\u0131nda - Decubal","isPartOf":{"@id":"https:\/\/decubal.com\/tr\/#website"},"primaryImageOfPage":{"@id":"https:\/\/decubal.com\/tr\/decubal-hakkinda\/#primaryimage"},"image":{"@id":"https:\/\/decubal.com\/tr\/decubal-hakkinda\/#primaryimage"},"thumbnailUrl":"https:\/\/decubal.com\/cdn-cgi\/image\/format=auto\/app\/uploads\/sites\/7\/2023\/08\/about.jpg","datePublished":"2023-04-12T12:44:00+00:00","dateModified":"2023-11-16T15:51:31+00:00","description":"Decubal, kuru ve hassas cilde sahip olanlar i\u00e7in besleyici ve fonksiyonel cilt bak\u0131m\u0131d\u0131r. Decubal,cildin do\u011fal nemini ve esnekli\u011fini koruman\u0131n ne anlama geldi\u011fini anlayarak kuzey ikliminde cildi korumak i\u00e7in geli\u015ftirilmi\u015ftir ve 40 y\u0131l\u0131 a\u015fk\u0131n deneyime sahiptir.","breadcrumb":{"@id":"https:\/\/decubal.com\/tr\/decubal-hakkinda\/#breadcrumb"},"inLanguage":"tr","potentialAction":[{"@type":"ReadAction","target":["https:\/\/decubal.com\/tr\/decubal-hakkinda\/"]}]},{"@type":"ImageObject","inLanguage":"tr","@id":"https:\/\/decubal.com\/tr\/decubal-hakkinda\/#primaryimage","url":"https:\/\/decubal.com\/cdn-cgi\/image\/format=auto\/app\/uploads\/sites\/7\/2023\/08\/about.jpg","contentUrl":"https:\/\/decubal.com\/cdn-cgi\/image\/format=auto\/app\/uploads\/sites\/7\/2023\/08\/about.jpg"},{"@type":"BreadcrumbList","@id":"https:\/\/decubal.com\/tr\/decubal-hakkinda\/#breadcrumb","itemListElement":[{"@type":"ListItem","position":1,"name":"Home","item":"https:\/\/decubal.com\/tr\/"},{"@type":"ListItem","position":2,"name":"Decubal hakk\u0131nda"}]},{"@type":"WebSite","@id":"https:\/\/decubal.com\/tr\/#website","url":"https:\/\/decubal.com\/tr\/","name":"Decubal","description":"","publisher":{"@id":"https:\/\/decubal.com\/tr\/#organization"},"potentialAction":[{"@type":"SearchAction","target":{"@type":"EntryPoint","urlTemplate":"https:\/\/decubal.com\/tr\/?s={search_term_string}"},"query-input":{"@type":"PropertyValueSpecification","valueRequired":true,"valueName":"search_term_string"}}],"inLanguage":"tr"},{"@type":"Organization","@id":"https:\/\/decubal.com\/tr\/#organization","name":"Decubal","url":"https:\/\/decubal.com\/tr\/","logo":{"@type":"ImageObject","inLanguage":"tr","@id":"https:\/\/decubal.com\/tr\/#\/schema\/logo\/image\/","url":"https:\/\/decubal.com\/app\/uploads\/sites\/7\/2023\/03\/Decubal-logo.png","contentUrl":"https:\/\/decubal.com\/app\/uploads\/sites\/7\/2023\/03\/Decubal-logo.png","width":138,"height":40,"caption":"Decubal"},"image":{"@id":"https:\/\/decubal.com\/tr\/#\/schema\/logo\/image\/"}}]}},"_links":{"self":[{"href":"https:\/\/decubal.com\/tr\/wp-json\/wp\/v2\/pages\/57","targetHints":{"allow":["GET"]}}],"collection":[{"href":"https:\/\/decubal.com\/tr\/wp-json\/wp\/v2\/pages"}],"about":[{"href":"https:\/\/decubal.com\/tr\/wp-json\/wp\/v2\/types\/page"}],"author":[{"embeddable":true,"href":"https:\/\/decubal.com\/tr\/wp-json\/wp\/v2\/users\/2"}],"replies":[{"embeddable":true,"href":"https:\/\/decubal.com\/tr\/wp-json\/wp\/v2\/comments?post=57"}],"version-history":[{"count":7,"href":"https:\/\/decubal.com\/tr\/wp-json\/wp\/v2\/pages\/57\/revisions"}],"predecessor-version":[{"id":184,"href":"https:\/\/decubal.com\/tr\/wp-json\/wp\/v2\/pages\/57\/revisions\/184"}],"wp:attachment":[{"href":"https:\/\/decubal.com\/tr\/wp-json\/wp\/v2\/media?parent=57"}],"wp:term":[{"taxonomy":"from-article-database","embeddable":true,"href":"https:\/\/decubal.com\/tr\/wp-json\/wp\/v2\/from-article-database?post=57"}],"curies":[{"name":"wp","href":"https:\/\/api.w.org\/{rel}","templated":true}]}}