{"id":990,"date":"2025-05-23T08:28:15","date_gmt":"2025-05-23T06:28:15","guid":{"rendered":"https:\/\/decubal.com\/se\/?post_type=product&#038;p=990"},"modified":"2026-02-09T12:05:18","modified_gmt":"2026-02-09T11:05:18","slug":"decubal-enriching-hand-cream","status":"publish","type":"product","link":"https:\/\/decubal.com\/se\/produkt\/decubal-enriching-hand-cream\/","title":{"rendered":"Decubal Enriching hand cream"},"content":{"rendered":"\n<div class=\"wp-block-karopharma-free-text pt-large pb-large bg-center bg-cover bg-no-repeat  redblock\" style=\"background-image:url()\"><div class=\"free-text-wrapper container max-w-medium text-left\">\n<p>Decubal Enriching hand cream \u00e4r en intensivt v\u00e5rdande handkr\u00e4m som mjukg\u00f6r och \u00e5terst\u00e4ller torr hud p\u00e5 h\u00e4nderna. Kliniskt bevisad snabb och l\u00e5ngvarig \u00e5terfuktande effekt i upp till 72 timmar. Rik konsistens som absorberas snabbt in i huden. Inneh\u00e5ller hyaluronsyra och avokadoolja som \u00e5terfuktar p\u00e5 djupet, mjukg\u00f6r och \u00e5terst\u00e4ller hudens elasticitet. Oparfymerad och allergicertifierad l\u00e4mplig att anv\u00e4nda \u00e4ven f\u00f6r k\u00e4nslig hud. Anv\u00e4nds dagligen efter behov och \u00e4r l\u00e4mplig f\u00f6r hela familjen.<\/p>\n<\/div><\/div>\n\n\n\n<div class=\"wp-block-karopharma-product-promotion text-align-right pt-large pb-large bg-center bg-cover bg-no-repeat\" style=\"background-image:url()\"><div class=\"container max-w-large\">\n<div class=\"wp-block-group is-layout-flow wp-block-group-is-layout-flow\">\n<div class=\"wp-block-group hexagon is-layout-constrained wp-block-group-is-layout-constrained\">\n<h3 class=\"wp-block-heading has-text-align-center has-primary-color has-text-color has-link-color wp-elements-c6aee251a44b3b3c1bb6450860dd5c83\">Anv\u00e4ndning<\/h3>\n\n\n\n<p class=\"has-text-align-center\">Applicera rikligt p\u00e5 utsatt omr\u00e5de. F\u00f6r torr, sprucken och extra utsatt hud. L\u00e4mplig f\u00f6r anv\u00e4ndning dagligen eller efter behov.<\/p>\n<\/div>\n<\/div>\n\n\n\n<div class=\"wp-block-group is-layout-flow wp-block-group-is-layout-flow\">\n<div class=\"wp-block-group hexagon is-layout-constrained wp-block-group-is-layout-constrained\">\n<h3 class=\"wp-block-heading has-text-align-center has-primary-color has-text-color has-link-color wp-elements-4a0bf1a110c499428bc704dd2eb1cc5c\">Ingredienser<\/h3>\n\n\n\n<p class=\"has-text-align-center mindretext2\">Aqua, Caprylic\/Capric Triglyceride, Glycerin, Isopropyl Myristate, Purified Lanolin, Petrolatum, Polyglyceryl-3 Methylglucose Distearate, Glyceryl Stearate, Tocopheryl Acetate, Cetearyl Alcohol, Pentylene Glycol, Dimethicone, Sodium Hyaluronate, Persea Gratissima Oil, Tocopherol, Ceteareth-20, Sodium Cetearyl Sulfate, Citric Acid, Phenoxyethanol, Sodium Benzoate.<\/p>\n<\/div>\n<\/div>\n<\/div><\/div>\n\n\n\n<div class=\"wp-block-karopharma-free-text pt-large pb-large bg-center bg-cover bg-no-repeat  beigeblock\" style=\"background-image:url()\"><div class=\"free-text-wrapper container max-w-small text-center\">\n<figure class=\"wp-block-image aligncenter size-full\"><img loading=\"lazy\" decoding=\"async\" width=\"200\" height=\"204\" src=\"https:\/\/decubal.com\/app\/uploads\/sites\/3\/2024\/05\/allergy-certified.png\" alt=\"Allergy Certified\" class=\"wp-image-666\"\/><\/figure>\n\n\n\n<h2 class=\"wp-block-heading is-style-heading-h2\">Decubal Enriching hand cream \u00e4r oparfymerad och dermatologiskt testad p\u00e5 torr och k\u00e4nslig hud.<\/h2>\n\n\n\n<p>Produkten \u00e4r rekommenderad av Allergy Certified, vilket inneb\u00e4r att en toxikolog eller farmaceut har gjort en riskbed\u00f6mning av varje enskild ingrediens i sammans\u00e4ttningen f\u00f6r att minimera risken f\u00f6r allergisk reaktion.<\/p>\n<\/div><\/div>\n","protected":false},"excerpt":{"rendered":"<p>N\u00e4rande handkr\u00e4m berikad med hyaluronsyra och avokadoolja som \u00e5terfuktar p\u00e5 djupet och mjukg\u00f6r torr och k\u00e4nslig hud.<\/p>\n","protected":false},"featured_media":991,"comment_status":"closed","ping_status":"closed","template":"","meta":{"_acf_changed":false,"footnotes":""},"product_brand":[],"product_cat":[24],"product_tag":[],"class_list":{"0":"post-990","1":"product","2":"type-product","3":"status-publish","4":"has-post-thumbnail","6":"product_cat-enriching","8":"first","9":"instock","10":"shipping-taxable","11":"product-type-simple"},"acf":[],"yoast_head":"<!-- This site is optimized with the Yoast SEO plugin v26.6 - https:\/\/yoast.com\/wordpress\/plugins\/seo\/ -->\n<title>Decubal Enriching hand cream - Decubal<\/title>\n<meta name=\"description\" content=\"Decubal Enriching Hand Cream \u00e4r en intensivt v\u00e5rdande handkr\u00e4m som mjukg\u00f6r och \u00e5terst\u00e4ller torr hud p\u00e5 h\u00e4nderna. Kliniskt bevisad snabb och l\u00e5ngvarig \u00e5terfuktande effekt i upp till 72 timmar.\" \/>\n<meta name=\"robots\" content=\"index, follow, max-snippet:-1, max-image-preview:large, max-video-preview:-1\" \/>\n<link rel=\"canonical\" href=\"https:\/\/decubal.com\/se\/produkt\/decubal-enriching-hand-cream\/\" \/>\n<meta property=\"og:locale\" content=\"sv_SE\" \/>\n<meta property=\"og:type\" content=\"article\" \/>\n<meta property=\"og:title\" content=\"Decubal Enriching hand cream - Decubal\" \/>\n<meta property=\"og:description\" content=\"Decubal Enriching Hand Cream \u00e4r en intensivt v\u00e5rdande handkr\u00e4m som mjukg\u00f6r och \u00e5terst\u00e4ller torr hud p\u00e5 h\u00e4nderna. Kliniskt bevisad snabb och l\u00e5ngvarig \u00e5terfuktande effekt i upp till 72 timmar.\" \/>\n<meta property=\"og:url\" content=\"https:\/\/decubal.com\/se\/produkt\/decubal-enriching-hand-cream\/\" \/>\n<meta property=\"og:site_name\" content=\"Decubal\" \/>\n<meta property=\"article:modified_time\" content=\"2026-02-09T11:05:18+00:00\" \/>\n<meta property=\"og:image\" content=\"https:\/\/decubal.com\/app\/uploads\/sites\/3\/2025\/05\/decubal-hand-cream-splash.png\" \/>\n\t<meta property=\"og:image:width\" content=\"600\" \/>\n\t<meta property=\"og:image:height\" content=\"600\" \/>\n\t<meta property=\"og:image:type\" content=\"image\/png\" \/>\n<meta name=\"twitter:card\" content=\"summary_large_image\" \/>\n<meta name=\"twitter:label1\" content=\"Ber\u00e4knad l\u00e4stid\" \/>\n\t<meta name=\"twitter:data1\" content=\"2 minuter\" \/>\n<script type=\"application\/ld+json\" class=\"yoast-schema-graph\">{\"@context\":\"https:\/\/schema.org\",\"@graph\":[{\"@type\":\"WebPage\",\"@id\":\"https:\/\/decubal.com\/se\/produkt\/decubal-enriching-hand-cream\/\",\"url\":\"https:\/\/decubal.com\/se\/produkt\/decubal-enriching-hand-cream\/\",\"name\":\"Decubal Enriching hand cream - Decubal\",\"isPartOf\":{\"@id\":\"https:\/\/decubal.com\/se\/#website\"},\"primaryImageOfPage\":{\"@id\":\"https:\/\/decubal.com\/se\/produkt\/decubal-enriching-hand-cream\/#primaryimage\"},\"image\":{\"@id\":\"https:\/\/decubal.com\/se\/produkt\/decubal-enriching-hand-cream\/#primaryimage\"},\"thumbnailUrl\":\"https:\/\/decubal.com\/app\/uploads\/sites\/3\/2025\/05\/decubal-hand-cream-splash.png\",\"datePublished\":\"2025-05-23T06:28:15+00:00\",\"dateModified\":\"2026-02-09T11:05:18+00:00\",\"description\":\"Decubal Enriching Hand Cream \u00e4r en intensivt v\u00e5rdande handkr\u00e4m som mjukg\u00f6r och \u00e5terst\u00e4ller torr hud p\u00e5 h\u00e4nderna. Kliniskt bevisad snabb och l\u00e5ngvarig \u00e5terfuktande effekt i upp till 72 timmar.\",\"breadcrumb\":{\"@id\":\"https:\/\/decubal.com\/se\/produkt\/decubal-enriching-hand-cream\/#breadcrumb\"},\"inLanguage\":\"sv-SE\",\"potentialAction\":[{\"@type\":\"ReadAction\",\"target\":[\"https:\/\/decubal.com\/se\/produkt\/decubal-enriching-hand-cream\/\"]}]},{\"@type\":\"ImageObject\",\"inLanguage\":\"sv-SE\",\"@id\":\"https:\/\/decubal.com\/se\/produkt\/decubal-enriching-hand-cream\/#primaryimage\",\"url\":\"https:\/\/decubal.com\/app\/uploads\/sites\/3\/2025\/05\/decubal-hand-cream-splash.png\",\"contentUrl\":\"https:\/\/decubal.com\/app\/uploads\/sites\/3\/2025\/05\/decubal-hand-cream-splash.png\",\"width\":600,\"height\":600,\"caption\":\"Decubal-hand-cream\"},{\"@type\":\"BreadcrumbList\",\"@id\":\"https:\/\/decubal.com\/se\/produkt\/decubal-enriching-hand-cream\/#breadcrumb\",\"itemListElement\":[{\"@type\":\"ListItem\",\"position\":1,\"name\":\"Home\",\"item\":\"https:\/\/decubal.com\/se\/\"},{\"@type\":\"ListItem\",\"position\":2,\"name\":\"Produkter\",\"item\":\"https:\/\/decubal.com\/se\/produkter\/\"},{\"@type\":\"ListItem\",\"position\":3,\"name\":\"Decubal Enriching hand cream\"}]},{\"@type\":\"WebSite\",\"@id\":\"https:\/\/decubal.com\/se\/#website\",\"url\":\"https:\/\/decubal.com\/se\/\",\"name\":\"Decubal\",\"description\":\"\",\"publisher\":{\"@id\":\"https:\/\/decubal.com\/se\/#organization\"},\"potentialAction\":[{\"@type\":\"SearchAction\",\"target\":{\"@type\":\"EntryPoint\",\"urlTemplate\":\"https:\/\/decubal.com\/se\/?s={search_term_string}\"},\"query-input\":{\"@type\":\"PropertyValueSpecification\",\"valueRequired\":true,\"valueName\":\"search_term_string\"}}],\"inLanguage\":\"sv-SE\"},{\"@type\":\"Organization\",\"@id\":\"https:\/\/decubal.com\/se\/#organization\",\"name\":\"Decubal\",\"url\":\"https:\/\/decubal.com\/se\/\",\"logo\":{\"@type\":\"ImageObject\",\"inLanguage\":\"sv-SE\",\"@id\":\"https:\/\/decubal.com\/se\/#\/schema\/logo\/image\/\",\"url\":\"https:\/\/decubal.com\/app\/uploads\/sites\/3\/2022\/05\/Decubal-logo.png\",\"contentUrl\":\"https:\/\/decubal.com\/app\/uploads\/sites\/3\/2022\/05\/Decubal-logo.png\",\"width\":138,\"height\":40,\"caption\":\"Decubal\"},\"image\":{\"@id\":\"https:\/\/decubal.com\/se\/#\/schema\/logo\/image\/\"}}]}<\/script>\n<!-- \/ Yoast SEO plugin. -->","yoast_head_json":{"title":"Decubal Enriching hand cream - Decubal","description":"Decubal Enriching Hand Cream \u00e4r en intensivt v\u00e5rdande handkr\u00e4m som mjukg\u00f6r och \u00e5terst\u00e4ller torr hud p\u00e5 h\u00e4nderna. Kliniskt bevisad snabb och l\u00e5ngvarig \u00e5terfuktande effekt i upp till 72 timmar.","robots":{"index":"index","follow":"follow","max-snippet":"max-snippet:-1","max-image-preview":"max-image-preview:large","max-video-preview":"max-video-preview:-1"},"canonical":"https:\/\/decubal.com\/se\/produkt\/decubal-enriching-hand-cream\/","og_locale":"sv_SE","og_type":"article","og_title":"Decubal Enriching hand cream - Decubal","og_description":"Decubal Enriching Hand Cream \u00e4r en intensivt v\u00e5rdande handkr\u00e4m som mjukg\u00f6r och \u00e5terst\u00e4ller torr hud p\u00e5 h\u00e4nderna. Kliniskt bevisad snabb och l\u00e5ngvarig \u00e5terfuktande effekt i upp till 72 timmar.","og_url":"https:\/\/decubal.com\/se\/produkt\/decubal-enriching-hand-cream\/","og_site_name":"Decubal","article_modified_time":"2026-02-09T11:05:18+00:00","og_image":[{"width":600,"height":600,"url":"https:\/\/decubal.com\/app\/uploads\/sites\/3\/2025\/05\/decubal-hand-cream-splash.png","type":"image\/png"}],"twitter_card":"summary_large_image","twitter_misc":{"Ber\u00e4knad l\u00e4stid":"2 minuter"},"schema":{"@context":"https:\/\/schema.org","@graph":[{"@type":"WebPage","@id":"https:\/\/decubal.com\/se\/produkt\/decubal-enriching-hand-cream\/","url":"https:\/\/decubal.com\/se\/produkt\/decubal-enriching-hand-cream\/","name":"Decubal Enriching hand cream - Decubal","isPartOf":{"@id":"https:\/\/decubal.com\/se\/#website"},"primaryImageOfPage":{"@id":"https:\/\/decubal.com\/se\/produkt\/decubal-enriching-hand-cream\/#primaryimage"},"image":{"@id":"https:\/\/decubal.com\/se\/produkt\/decubal-enriching-hand-cream\/#primaryimage"},"thumbnailUrl":"https:\/\/decubal.com\/app\/uploads\/sites\/3\/2025\/05\/decubal-hand-cream-splash.png","datePublished":"2025-05-23T06:28:15+00:00","dateModified":"2026-02-09T11:05:18+00:00","description":"Decubal Enriching Hand Cream \u00e4r en intensivt v\u00e5rdande handkr\u00e4m som mjukg\u00f6r och \u00e5terst\u00e4ller torr hud p\u00e5 h\u00e4nderna. Kliniskt bevisad snabb och l\u00e5ngvarig \u00e5terfuktande effekt i upp till 72 timmar.","breadcrumb":{"@id":"https:\/\/decubal.com\/se\/produkt\/decubal-enriching-hand-cream\/#breadcrumb"},"inLanguage":"sv-SE","potentialAction":[{"@type":"ReadAction","target":["https:\/\/decubal.com\/se\/produkt\/decubal-enriching-hand-cream\/"]}]},{"@type":"ImageObject","inLanguage":"sv-SE","@id":"https:\/\/decubal.com\/se\/produkt\/decubal-enriching-hand-cream\/#primaryimage","url":"https:\/\/decubal.com\/app\/uploads\/sites\/3\/2025\/05\/decubal-hand-cream-splash.png","contentUrl":"https:\/\/decubal.com\/app\/uploads\/sites\/3\/2025\/05\/decubal-hand-cream-splash.png","width":600,"height":600,"caption":"Decubal-hand-cream"},{"@type":"BreadcrumbList","@id":"https:\/\/decubal.com\/se\/produkt\/decubal-enriching-hand-cream\/#breadcrumb","itemListElement":[{"@type":"ListItem","position":1,"name":"Home","item":"https:\/\/decubal.com\/se\/"},{"@type":"ListItem","position":2,"name":"Produkter","item":"https:\/\/decubal.com\/se\/produkter\/"},{"@type":"ListItem","position":3,"name":"Decubal Enriching hand cream"}]},{"@type":"WebSite","@id":"https:\/\/decubal.com\/se\/#website","url":"https:\/\/decubal.com\/se\/","name":"Decubal","description":"","publisher":{"@id":"https:\/\/decubal.com\/se\/#organization"},"potentialAction":[{"@type":"SearchAction","target":{"@type":"EntryPoint","urlTemplate":"https:\/\/decubal.com\/se\/?s={search_term_string}"},"query-input":{"@type":"PropertyValueSpecification","valueRequired":true,"valueName":"search_term_string"}}],"inLanguage":"sv-SE"},{"@type":"Organization","@id":"https:\/\/decubal.com\/se\/#organization","name":"Decubal","url":"https:\/\/decubal.com\/se\/","logo":{"@type":"ImageObject","inLanguage":"sv-SE","@id":"https:\/\/decubal.com\/se\/#\/schema\/logo\/image\/","url":"https:\/\/decubal.com\/app\/uploads\/sites\/3\/2022\/05\/Decubal-logo.png","contentUrl":"https:\/\/decubal.com\/app\/uploads\/sites\/3\/2022\/05\/Decubal-logo.png","width":138,"height":40,"caption":"Decubal"},"image":{"@id":"https:\/\/decubal.com\/se\/#\/schema\/logo\/image\/"}}]}},"_links":{"self":[{"href":"https:\/\/decubal.com\/se\/wp-json\/wp\/v2\/product\/990","targetHints":{"allow":["GET"]}}],"collection":[{"href":"https:\/\/decubal.com\/se\/wp-json\/wp\/v2\/product"}],"about":[{"href":"https:\/\/decubal.com\/se\/wp-json\/wp\/v2\/types\/product"}],"replies":[{"embeddable":true,"href":"https:\/\/decubal.com\/se\/wp-json\/wp\/v2\/comments?post=990"}],"version-history":[{"count":4,"href":"https:\/\/decubal.com\/se\/wp-json\/wp\/v2\/product\/990\/revisions"}],"predecessor-version":[{"id":1100,"href":"https:\/\/decubal.com\/se\/wp-json\/wp\/v2\/product\/990\/revisions\/1100"}],"wp:featuredmedia":[{"embeddable":true,"href":"https:\/\/decubal.com\/se\/wp-json\/wp\/v2\/media\/991"}],"wp:attachment":[{"href":"https:\/\/decubal.com\/se\/wp-json\/wp\/v2\/media?parent=990"}],"wp:term":[{"taxonomy":"product_brand","embeddable":true,"href":"https:\/\/decubal.com\/se\/wp-json\/wp\/v2\/product_brand?post=990"},{"taxonomy":"product_cat","embeddable":true,"href":"https:\/\/decubal.com\/se\/wp-json\/wp\/v2\/product_cat?post=990"},{"taxonomy":"product_tag","embeddable":true,"href":"https:\/\/decubal.com\/se\/wp-json\/wp\/v2\/product_tag?post=990"}],"curies":[{"name":"wp","href":"https:\/\/api.w.org\/{rel}","templated":true}]}}