{"id":940,"date":"2025-05-21T08:17:38","date_gmt":"2025-05-21T06:17:38","guid":{"rendered":"https:\/\/decubal.com\/se\/?post_type=product&#038;p=940"},"modified":"2025-05-26T09:45:48","modified_gmt":"2025-05-26T07:45:48","slug":"decubal-sun-spray-spf50","status":"publish","type":"product","link":"https:\/\/decubal.com\/se\/produkt\/decubal-sun-spray-spf50\/","title":{"rendered":"Decubal Sun spray SPF50+"},"content":{"rendered":"\n<div class=\"wp-block-karopharma-free-text pt-large pb-large bg-center bg-cover bg-no-repeat  redblock\" style=\"background-image:url()\"><div class=\"free-text-wrapper container max-w-medium text-left\">\n<p>Decubal Sun Spray SPF50+ ger ett h\u00f6gt, bredspektrigt skydd mot UVA- och UVB-str\u00e5lar i ett praktiskt sprayformat. Formuleringen som \u00e4r berikad med bland annat vitamin E och avokadoolja har en kliniskt bevisad \u00e5terfuktande effekt i upp till 24 timmar, samtidigt som den st\u00e4rker hudens barri\u00e4r. N\u00e4rande men \u00e4nd\u00e5 l\u00e4tt i konsistensen och snabbabsorberande. Decubal Sun Spray som \u00e4r utvecklad f\u00f6r att skydda \u00e4ven den torraste och mest k\u00e4nsliga huden, \u00e4r \u00e4ven dermatologiskt testad och allergicertifierad.<\/p>\n<\/div><\/div>\n\n\n\n<div class=\"wp-block-karopharma-product-promotion text-align-right pt-large pb-large bg-center bg-cover bg-no-repeat\" style=\"background-image:url()\"><div class=\"container max-w-large\">\n<div class=\"wp-block-group is-layout-flow wp-block-group-is-layout-flow\">\n<div class=\"wp-block-group hexagon is-layout-constrained wp-block-group-is-layout-constrained\">\n<h3 class=\"wp-block-heading has-text-align-center has-primary-color has-text-color has-link-color wp-elements-c6aee251a44b3b3c1bb6450860dd5c83\">Anv\u00e4ndning<\/h3>\n\n\n\n<p class=\"has-text-align-center\">Applicera rikligt f\u00f6re solexponering och \u00e5terapplicera regelbundet f\u00f6r att uppr\u00e4tth\u00e5lla skyddet, s\u00e4rskilt efter svettning, bad eller handdukstorkning. F\u00f6r liten m\u00e4ngd solskyddsmedel ger ett l\u00e4gre skydd. H\u00e5ll sp\u00e4dbarn och sm\u00e5 barn borta fr\u00e5n direkt solljus.<\/p>\n<\/div>\n<\/div>\n\n\n\n<div class=\"wp-block-group is-layout-flow wp-block-group-is-layout-flow\">\n<div class=\"wp-block-group hexagon is-layout-constrained wp-block-group-is-layout-constrained\">\n<h3 class=\"wp-block-heading has-text-align-center has-primary-color has-text-color has-link-color wp-elements-4a0bf1a110c499428bc704dd2eb1cc5c\">Ingredienser<\/h3>\n\n\n\n<p class=\"has-text-align-center mindretext2\">Aqua, Dibutyl Adipate, Diethylamino Hydroxybenzoyl Hexyl Benzoate, PhenoxyethylCaprylate, C12-15 Alkyl Benzoate, Ethylhexyl Triazone, Bis-Ethylhexyloxyphenol Methoxyphenyl Triazine, Diethylhexyl Butamido Triazone, Propanediol, Acrylates\/C12-22 Alkyl Methacrylate Copolymer, Glycerin, Persea Gratissima Oil, Tocopheryl Acetate, XanthanGum, VP\/Eicosene Copolymer, Potassium Cetyl Phosphate, PEG-100 Stearate, Arginine, Cetearyl Alcohol, Coco-Glucoside, Sodium Citrate, Citric Acid, Disodium Lauryl Sulfosuccinate, Ethylhexylglycerin, Caprylyl Glycol, Phenoxyethanol<\/p>\n<\/div>\n<\/div>\n<\/div><\/div>\n\n\n\n<div class=\"wp-block-karopharma-free-text pt-large pb-large bg-center bg-cover bg-no-repeat  beigeblock\" style=\"background-image:url()\"><div class=\"free-text-wrapper container max-w-small text-center\">\n<figure class=\"wp-block-image aligncenter size-full\"><img decoding=\"async\" src=\"https:\/\/decubal.com\/app\/uploads\/sites\/4\/2024\/12\/allergy-certified.png\" alt=\"allergy-certified\" class=\"wp-image-715\"\/><\/figure>\n\n\n\n<h2 class=\"wp-block-heading is-style-heading-h2\">Decubal SPF50+ Sun spray \u00e4r oparfymerad och dermatologiskt testad p\u00e5 torr och k\u00e4nslig hud.<\/h2>\n\n\n\n<p>Produkten \u00e4r rekommenderad av Allergy Certified, vilket inneb\u00e4r att en toxikolog eller farmaceut har gjort en riskbed\u00f6mning av varje enskild ingrediens i sammans\u00e4ttningen f\u00f6r att minimera risken f\u00f6r allergisk reaktion.<\/p>\n<\/div><\/div>\n","protected":false},"excerpt":{"rendered":"<p>L\u00e4tt, n\u00e4rande solspray med SPF 50+ och h\u00f6gt UVA-och UVB skydd f\u00f6r normal till torr och k\u00e4nslig hud.<\/p>\n","protected":false},"featured_media":950,"comment_status":"closed","ping_status":"closed","template":"","meta":{"_acf_changed":false,"footnotes":""},"product_brand":[],"product_cat":[25],"product_tag":[],"class_list":{"0":"post-940","1":"product","2":"type-product","3":"status-publish","4":"has-post-thumbnail","6":"product_cat-sun","8":"first","9":"instock","10":"shipping-taxable","11":"product-type-simple"},"acf":[],"yoast_head":"<!-- This site is optimized with the Yoast SEO plugin v26.6 - https:\/\/yoast.com\/wordpress\/plugins\/seo\/ -->\n<title>Decubal Sun spray SPF50+ - Decubal<\/title>\n<meta name=\"description\" content=\"Decubal Sun Spray SPF50+ ger ett h\u00f6gt, bredspektrigt skydd mot UVA- och UVB-str\u00e5lar i ett praktiskt sprayformat.\" \/>\n<meta name=\"robots\" content=\"index, follow, max-snippet:-1, max-image-preview:large, max-video-preview:-1\" \/>\n<link rel=\"canonical\" href=\"https:\/\/decubal.com\/se\/produkt\/decubal-sun-spray-spf50\/\" \/>\n<meta property=\"og:locale\" content=\"sv_SE\" \/>\n<meta property=\"og:type\" content=\"article\" \/>\n<meta property=\"og:title\" content=\"Decubal Sun spray SPF50+ - Decubal\" \/>\n<meta property=\"og:description\" content=\"Decubal Sun Spray SPF50+ ger ett h\u00f6gt, bredspektrigt skydd mot UVA- och UVB-str\u00e5lar i ett praktiskt sprayformat.\" \/>\n<meta property=\"og:url\" content=\"https:\/\/decubal.com\/se\/produkt\/decubal-sun-spray-spf50\/\" \/>\n<meta property=\"og:site_name\" content=\"Decubal\" \/>\n<meta property=\"article:modified_time\" content=\"2025-05-26T07:45:48+00:00\" \/>\n<meta property=\"og:image\" content=\"https:\/\/decubal.com\/app\/uploads\/sites\/3\/2025\/05\/Decubal-Sun-spray-50spf-splash.png\" \/>\n\t<meta property=\"og:image:width\" content=\"600\" \/>\n\t<meta property=\"og:image:height\" content=\"600\" \/>\n\t<meta property=\"og:image:type\" content=\"image\/png\" \/>\n<meta name=\"twitter:card\" content=\"summary_large_image\" \/>\n<meta name=\"twitter:label1\" content=\"Ber\u00e4knad l\u00e4stid\" \/>\n\t<meta name=\"twitter:data1\" content=\"2 minuter\" \/>\n<script type=\"application\/ld+json\" class=\"yoast-schema-graph\">{\"@context\":\"https:\/\/schema.org\",\"@graph\":[{\"@type\":\"WebPage\",\"@id\":\"https:\/\/decubal.com\/se\/produkt\/decubal-sun-spray-spf50\/\",\"url\":\"https:\/\/decubal.com\/se\/produkt\/decubal-sun-spray-spf50\/\",\"name\":\"Decubal Sun spray SPF50+ - Decubal\",\"isPartOf\":{\"@id\":\"https:\/\/decubal.com\/se\/#website\"},\"primaryImageOfPage\":{\"@id\":\"https:\/\/decubal.com\/se\/produkt\/decubal-sun-spray-spf50\/#primaryimage\"},\"image\":{\"@id\":\"https:\/\/decubal.com\/se\/produkt\/decubal-sun-spray-spf50\/#primaryimage\"},\"thumbnailUrl\":\"https:\/\/decubal.com\/app\/uploads\/sites\/3\/2025\/05\/Decubal-Sun-spray-50spf-splash.png\",\"datePublished\":\"2025-05-21T06:17:38+00:00\",\"dateModified\":\"2025-05-26T07:45:48+00:00\",\"description\":\"Decubal Sun Spray SPF50+ ger ett h\u00f6gt, bredspektrigt skydd mot UVA- och UVB-str\u00e5lar i ett praktiskt sprayformat.\",\"breadcrumb\":{\"@id\":\"https:\/\/decubal.com\/se\/produkt\/decubal-sun-spray-spf50\/#breadcrumb\"},\"inLanguage\":\"sv-SE\",\"potentialAction\":[{\"@type\":\"ReadAction\",\"target\":[\"https:\/\/decubal.com\/se\/produkt\/decubal-sun-spray-spf50\/\"]}]},{\"@type\":\"ImageObject\",\"inLanguage\":\"sv-SE\",\"@id\":\"https:\/\/decubal.com\/se\/produkt\/decubal-sun-spray-spf50\/#primaryimage\",\"url\":\"https:\/\/decubal.com\/app\/uploads\/sites\/3\/2025\/05\/Decubal-Sun-spray-50spf-splash.png\",\"contentUrl\":\"https:\/\/decubal.com\/app\/uploads\/sites\/3\/2025\/05\/Decubal-Sun-spray-50spf-splash.png\",\"width\":600,\"height\":600,\"caption\":\"Decubal Sun spray 50 SPF\"},{\"@type\":\"BreadcrumbList\",\"@id\":\"https:\/\/decubal.com\/se\/produkt\/decubal-sun-spray-spf50\/#breadcrumb\",\"itemListElement\":[{\"@type\":\"ListItem\",\"position\":1,\"name\":\"Home\",\"item\":\"https:\/\/decubal.com\/se\/\"},{\"@type\":\"ListItem\",\"position\":2,\"name\":\"Produkter\",\"item\":\"https:\/\/decubal.com\/se\/produkter\/\"},{\"@type\":\"ListItem\",\"position\":3,\"name\":\"Decubal Sun spray SPF50+\"}]},{\"@type\":\"WebSite\",\"@id\":\"https:\/\/decubal.com\/se\/#website\",\"url\":\"https:\/\/decubal.com\/se\/\",\"name\":\"Decubal\",\"description\":\"\",\"publisher\":{\"@id\":\"https:\/\/decubal.com\/se\/#organization\"},\"potentialAction\":[{\"@type\":\"SearchAction\",\"target\":{\"@type\":\"EntryPoint\",\"urlTemplate\":\"https:\/\/decubal.com\/se\/?s={search_term_string}\"},\"query-input\":{\"@type\":\"PropertyValueSpecification\",\"valueRequired\":true,\"valueName\":\"search_term_string\"}}],\"inLanguage\":\"sv-SE\"},{\"@type\":\"Organization\",\"@id\":\"https:\/\/decubal.com\/se\/#organization\",\"name\":\"Decubal\",\"url\":\"https:\/\/decubal.com\/se\/\",\"logo\":{\"@type\":\"ImageObject\",\"inLanguage\":\"sv-SE\",\"@id\":\"https:\/\/decubal.com\/se\/#\/schema\/logo\/image\/\",\"url\":\"https:\/\/decubal.com\/app\/uploads\/sites\/3\/2022\/05\/Decubal-logo.png\",\"contentUrl\":\"https:\/\/decubal.com\/app\/uploads\/sites\/3\/2022\/05\/Decubal-logo.png\",\"width\":138,\"height\":40,\"caption\":\"Decubal\"},\"image\":{\"@id\":\"https:\/\/decubal.com\/se\/#\/schema\/logo\/image\/\"}}]}<\/script>\n<!-- \/ Yoast SEO plugin. -->","yoast_head_json":{"title":"Decubal Sun spray SPF50+ - Decubal","description":"Decubal Sun Spray SPF50+ ger ett h\u00f6gt, bredspektrigt skydd mot UVA- och UVB-str\u00e5lar i ett praktiskt sprayformat.","robots":{"index":"index","follow":"follow","max-snippet":"max-snippet:-1","max-image-preview":"max-image-preview:large","max-video-preview":"max-video-preview:-1"},"canonical":"https:\/\/decubal.com\/se\/produkt\/decubal-sun-spray-spf50\/","og_locale":"sv_SE","og_type":"article","og_title":"Decubal Sun spray SPF50+ - Decubal","og_description":"Decubal Sun Spray SPF50+ ger ett h\u00f6gt, bredspektrigt skydd mot UVA- och UVB-str\u00e5lar i ett praktiskt sprayformat.","og_url":"https:\/\/decubal.com\/se\/produkt\/decubal-sun-spray-spf50\/","og_site_name":"Decubal","article_modified_time":"2025-05-26T07:45:48+00:00","og_image":[{"width":600,"height":600,"url":"https:\/\/decubal.com\/app\/uploads\/sites\/3\/2025\/05\/Decubal-Sun-spray-50spf-splash.png","type":"image\/png"}],"twitter_card":"summary_large_image","twitter_misc":{"Ber\u00e4knad l\u00e4stid":"2 minuter"},"schema":{"@context":"https:\/\/schema.org","@graph":[{"@type":"WebPage","@id":"https:\/\/decubal.com\/se\/produkt\/decubal-sun-spray-spf50\/","url":"https:\/\/decubal.com\/se\/produkt\/decubal-sun-spray-spf50\/","name":"Decubal Sun spray SPF50+ - Decubal","isPartOf":{"@id":"https:\/\/decubal.com\/se\/#website"},"primaryImageOfPage":{"@id":"https:\/\/decubal.com\/se\/produkt\/decubal-sun-spray-spf50\/#primaryimage"},"image":{"@id":"https:\/\/decubal.com\/se\/produkt\/decubal-sun-spray-spf50\/#primaryimage"},"thumbnailUrl":"https:\/\/decubal.com\/app\/uploads\/sites\/3\/2025\/05\/Decubal-Sun-spray-50spf-splash.png","datePublished":"2025-05-21T06:17:38+00:00","dateModified":"2025-05-26T07:45:48+00:00","description":"Decubal Sun Spray SPF50+ ger ett h\u00f6gt, bredspektrigt skydd mot UVA- och UVB-str\u00e5lar i ett praktiskt sprayformat.","breadcrumb":{"@id":"https:\/\/decubal.com\/se\/produkt\/decubal-sun-spray-spf50\/#breadcrumb"},"inLanguage":"sv-SE","potentialAction":[{"@type":"ReadAction","target":["https:\/\/decubal.com\/se\/produkt\/decubal-sun-spray-spf50\/"]}]},{"@type":"ImageObject","inLanguage":"sv-SE","@id":"https:\/\/decubal.com\/se\/produkt\/decubal-sun-spray-spf50\/#primaryimage","url":"https:\/\/decubal.com\/app\/uploads\/sites\/3\/2025\/05\/Decubal-Sun-spray-50spf-splash.png","contentUrl":"https:\/\/decubal.com\/app\/uploads\/sites\/3\/2025\/05\/Decubal-Sun-spray-50spf-splash.png","width":600,"height":600,"caption":"Decubal Sun spray 50 SPF"},{"@type":"BreadcrumbList","@id":"https:\/\/decubal.com\/se\/produkt\/decubal-sun-spray-spf50\/#breadcrumb","itemListElement":[{"@type":"ListItem","position":1,"name":"Home","item":"https:\/\/decubal.com\/se\/"},{"@type":"ListItem","position":2,"name":"Produkter","item":"https:\/\/decubal.com\/se\/produkter\/"},{"@type":"ListItem","position":3,"name":"Decubal Sun spray SPF50+"}]},{"@type":"WebSite","@id":"https:\/\/decubal.com\/se\/#website","url":"https:\/\/decubal.com\/se\/","name":"Decubal","description":"","publisher":{"@id":"https:\/\/decubal.com\/se\/#organization"},"potentialAction":[{"@type":"SearchAction","target":{"@type":"EntryPoint","urlTemplate":"https:\/\/decubal.com\/se\/?s={search_term_string}"},"query-input":{"@type":"PropertyValueSpecification","valueRequired":true,"valueName":"search_term_string"}}],"inLanguage":"sv-SE"},{"@type":"Organization","@id":"https:\/\/decubal.com\/se\/#organization","name":"Decubal","url":"https:\/\/decubal.com\/se\/","logo":{"@type":"ImageObject","inLanguage":"sv-SE","@id":"https:\/\/decubal.com\/se\/#\/schema\/logo\/image\/","url":"https:\/\/decubal.com\/app\/uploads\/sites\/3\/2022\/05\/Decubal-logo.png","contentUrl":"https:\/\/decubal.com\/app\/uploads\/sites\/3\/2022\/05\/Decubal-logo.png","width":138,"height":40,"caption":"Decubal"},"image":{"@id":"https:\/\/decubal.com\/se\/#\/schema\/logo\/image\/"}}]}},"_links":{"self":[{"href":"https:\/\/decubal.com\/se\/wp-json\/wp\/v2\/product\/940","targetHints":{"allow":["GET"]}}],"collection":[{"href":"https:\/\/decubal.com\/se\/wp-json\/wp\/v2\/product"}],"about":[{"href":"https:\/\/decubal.com\/se\/wp-json\/wp\/v2\/types\/product"}],"replies":[{"embeddable":true,"href":"https:\/\/decubal.com\/se\/wp-json\/wp\/v2\/comments?post=940"}],"version-history":[{"count":5,"href":"https:\/\/decubal.com\/se\/wp-json\/wp\/v2\/product\/940\/revisions"}],"predecessor-version":[{"id":999,"href":"https:\/\/decubal.com\/se\/wp-json\/wp\/v2\/product\/940\/revisions\/999"}],"wp:featuredmedia":[{"embeddable":true,"href":"https:\/\/decubal.com\/se\/wp-json\/wp\/v2\/media\/950"}],"wp:attachment":[{"href":"https:\/\/decubal.com\/se\/wp-json\/wp\/v2\/media?parent=940"}],"wp:term":[{"taxonomy":"product_brand","embeddable":true,"href":"https:\/\/decubal.com\/se\/wp-json\/wp\/v2\/product_brand?post=940"},{"taxonomy":"product_cat","embeddable":true,"href":"https:\/\/decubal.com\/se\/wp-json\/wp\/v2\/product_cat?post=940"},{"taxonomy":"product_tag","embeddable":true,"href":"https:\/\/decubal.com\/se\/wp-json\/wp\/v2\/product_tag?post=940"}],"curies":[{"name":"wp","href":"https:\/\/api.w.org\/{rel}","templated":true}]}}