{"id":912,"date":"2025-02-10T12:12:36","date_gmt":"2025-02-10T11:12:36","guid":{"rendered":"https:\/\/decubal.com\/se\/?post_type=product&#038;p=912"},"modified":"2025-05-20T10:28:13","modified_gmt":"2025-05-20T08:28:13","slug":"decubal-sun-lip-balm-spf30","status":"publish","type":"product","link":"https:\/\/decubal.com\/se\/produkt\/decubal-sun-lip-balm-spf30\/","title":{"rendered":"Decubal Sun lip balm SPF 30"},"content":{"rendered":"\n<div class=\"wp-block-karopharma-free-text pt-large pb-large bg-center bg-cover bg-no-repeat  redblock\" style=\"background-image:url()\"><div class=\"free-text-wrapper container max-w-medium text-left\">\n<p>Decubal Sun lip balm SPF30 \u00e4r speciellt utvecklat f\u00f6r att skydda torra, mycket torra och k\u00e4nsliga l\u00e4ppar. Det ger ett h\u00f6gt skydd mot UVA- och UVB-str\u00e5lar samtidigt som det \u00e5terst\u00e4ller och ger huden n\u00e4ring. Produkten ger upp till 48 timmars \u00e5terfuktning och inneh\u00e5ller bl.a. sheasm\u00f6r, bivax och E-vitamin som v\u00e5rdar p\u00e5 djupet och g\u00f6r l\u00e4pparna mjuka. Dermatologiskt testad, hypoallergen, utan parfym och vatten \u2013 l\u00e4mplig i alla v\u00e4der, \u00e4ven f\u00f6r den k\u00e4nsliga huden. Produkten \u00e4r \u00e4ven EcoSun Pass-godk\u00e4nd, vilket inneb\u00e4r att den inneh\u00e5ller effektiva solskyddsfilter som \u00e4ven \u00e4r skonsamma mot milj\u00f6n.<\/p>\n<\/div><\/div>\n\n\n\n<div class=\"wp-block-karopharma-product-promotion text-align-right pt-large pb-large bg-center bg-cover bg-no-repeat\" style=\"background-image:url()\"><div class=\"container max-w-large\">\n<div class=\"wp-block-group is-layout-flow wp-block-group-is-layout-flow\">\n<div class=\"wp-block-group hexagon is-layout-constrained wp-block-group-is-layout-constrained\">\n<h3 class=\"wp-block-heading has-text-align-center has-primary-color has-text-color has-link-color wp-elements-c6aee251a44b3b3c1bb6450860dd5c83\">Anv\u00e4ndning<\/h3>\n\n\n\n<p class=\"has-text-align-center\">Applicera en riklig m\u00e4ngd f\u00f6re solexponering och \u00e5teranv\u00e4nd ofta f\u00f6r att bibeh\u00e5lla skyddet. Minimera solexponeringen eftersom solskyddsprodukter inte skyddar till 100%. H\u00e5ll sm\u00e5 barn borta fr\u00e5n direkt solljus.<\/p>\n<\/div>\n<\/div>\n\n\n\n<div class=\"wp-block-group is-layout-flow wp-block-group-is-layout-flow\">\n<div class=\"wp-block-group hexagon is-layout-constrained wp-block-group-is-layout-constrained\">\n<h3 class=\"wp-block-heading has-text-align-center has-primary-color has-text-color has-link-color wp-elements-4a0bf1a110c499428bc704dd2eb1cc5c\">Ingredienser<\/h3>\n\n\n\n<p class=\"has-text-align-center\">Cera Alba, C12-15 Alkyl Benzoate, Dibutyl Adipate, Lanolin, Petrolatum, Shea Butter Ethyl Esters, Diethylamino Hydroxybenzoyl Hexyl Benzoate, Bis-Ethylhexyloxyphenol Methoxyphenyl Triazine, Ethylhexyl Triazone, Synthetic Fluorphlogopite, Glycine Soja Oil, Lauroyl Lysine, Tocopherol, Beta-Sitosterol, Squalene.<\/p>\n<\/div>\n<\/div>\n<\/div><\/div>\n","protected":false},"excerpt":{"rendered":"<p>V\u00e5rdande l\u00e4ppbalsam som \u00e5terst\u00e4ller, \u00e5terfuktar och mjukg\u00f6r torra l\u00e4ppar, samtidigt som den ger h\u00f6gt skydd mot UVB-\/UVA-str\u00e5lar.<\/p>\n","protected":false},"featured_media":918,"comment_status":"closed","ping_status":"closed","template":"","meta":{"_acf_changed":false,"footnotes":""},"product_brand":[],"product_cat":[25],"product_tag":[],"class_list":{"0":"post-912","1":"product","2":"type-product","3":"status-publish","4":"has-post-thumbnail","6":"product_cat-sun","8":"first","9":"instock","10":"shipping-taxable","11":"product-type-simple"},"acf":[],"yoast_head":"<!-- This site is optimized with the Yoast SEO plugin v26.6 - https:\/\/yoast.com\/wordpress\/plugins\/seo\/ -->\n<title>Decubal Sun lip balm SPF 30 - Decubal<\/title>\n<meta name=\"description\" content=\"Decubal Sun lip balm SPF30 \u00e4r speciellt utvecklat f\u00f6r att skydda torra, mycket torra och k\u00e4nsliga l\u00e4ppar. Det ger ett h\u00f6gt skydd mot UVA- och UVB-str\u00e5lar samtidigt som det \u00e5terst\u00e4ller och ger huden n\u00e4ring.\" \/>\n<meta name=\"robots\" content=\"index, follow, max-snippet:-1, max-image-preview:large, max-video-preview:-1\" \/>\n<link rel=\"canonical\" href=\"https:\/\/decubal.com\/se\/produkt\/decubal-sun-lip-balm-spf30\/\" \/>\n<meta property=\"og:locale\" content=\"sv_SE\" \/>\n<meta property=\"og:type\" content=\"article\" \/>\n<meta property=\"og:title\" content=\"Decubal Sun lip balm SPF 30 - Decubal\" \/>\n<meta property=\"og:description\" content=\"Decubal Sun lip balm SPF30 \u00e4r speciellt utvecklat f\u00f6r att skydda torra, mycket torra och k\u00e4nsliga l\u00e4ppar. Det ger ett h\u00f6gt skydd mot UVA- och UVB-str\u00e5lar samtidigt som det \u00e5terst\u00e4ller och ger huden n\u00e4ring.\" \/>\n<meta property=\"og:url\" content=\"https:\/\/decubal.com\/se\/produkt\/decubal-sun-lip-balm-spf30\/\" \/>\n<meta property=\"og:site_name\" content=\"Decubal\" \/>\n<meta property=\"article:modified_time\" content=\"2025-05-20T08:28:13+00:00\" \/>\n<meta property=\"og:image\" content=\"https:\/\/decubal.com\/app\/uploads\/sites\/3\/2025\/02\/Decubal-Sun-lip-balm-splash.png\" \/>\n\t<meta property=\"og:image:width\" content=\"600\" \/>\n\t<meta property=\"og:image:height\" content=\"600\" \/>\n\t<meta property=\"og:image:type\" content=\"image\/png\" \/>\n<meta name=\"twitter:card\" content=\"summary_large_image\" \/>\n<meta name=\"twitter:label1\" content=\"Ber\u00e4knad l\u00e4stid\" \/>\n\t<meta name=\"twitter:data1\" content=\"1 minut\" \/>\n<script type=\"application\/ld+json\" class=\"yoast-schema-graph\">{\"@context\":\"https:\/\/schema.org\",\"@graph\":[{\"@type\":\"WebPage\",\"@id\":\"https:\/\/decubal.com\/se\/produkt\/decubal-sun-lip-balm-spf30\/\",\"url\":\"https:\/\/decubal.com\/se\/produkt\/decubal-sun-lip-balm-spf30\/\",\"name\":\"Decubal Sun lip balm SPF 30 - Decubal\",\"isPartOf\":{\"@id\":\"https:\/\/decubal.com\/se\/#website\"},\"primaryImageOfPage\":{\"@id\":\"https:\/\/decubal.com\/se\/produkt\/decubal-sun-lip-balm-spf30\/#primaryimage\"},\"image\":{\"@id\":\"https:\/\/decubal.com\/se\/produkt\/decubal-sun-lip-balm-spf30\/#primaryimage\"},\"thumbnailUrl\":\"https:\/\/decubal.com\/app\/uploads\/sites\/3\/2025\/02\/Decubal-Sun-lip-balm-splash.png\",\"datePublished\":\"2025-02-10T11:12:36+00:00\",\"dateModified\":\"2025-05-20T08:28:13+00:00\",\"description\":\"Decubal Sun lip balm SPF30 \u00e4r speciellt utvecklat f\u00f6r att skydda torra, mycket torra och k\u00e4nsliga l\u00e4ppar. Det ger ett h\u00f6gt skydd mot UVA- och UVB-str\u00e5lar samtidigt som det \u00e5terst\u00e4ller och ger huden n\u00e4ring.\",\"breadcrumb\":{\"@id\":\"https:\/\/decubal.com\/se\/produkt\/decubal-sun-lip-balm-spf30\/#breadcrumb\"},\"inLanguage\":\"sv-SE\",\"potentialAction\":[{\"@type\":\"ReadAction\",\"target\":[\"https:\/\/decubal.com\/se\/produkt\/decubal-sun-lip-balm-spf30\/\"]}]},{\"@type\":\"ImageObject\",\"inLanguage\":\"sv-SE\",\"@id\":\"https:\/\/decubal.com\/se\/produkt\/decubal-sun-lip-balm-spf30\/#primaryimage\",\"url\":\"https:\/\/decubal.com\/app\/uploads\/sites\/3\/2025\/02\/Decubal-Sun-lip-balm-splash.png\",\"contentUrl\":\"https:\/\/decubal.com\/app\/uploads\/sites\/3\/2025\/02\/Decubal-Sun-lip-balm-splash.png\",\"width\":600,\"height\":600},{\"@type\":\"BreadcrumbList\",\"@id\":\"https:\/\/decubal.com\/se\/produkt\/decubal-sun-lip-balm-spf30\/#breadcrumb\",\"itemListElement\":[{\"@type\":\"ListItem\",\"position\":1,\"name\":\"Home\",\"item\":\"https:\/\/decubal.com\/se\/\"},{\"@type\":\"ListItem\",\"position\":2,\"name\":\"Produkter\",\"item\":\"https:\/\/decubal.com\/se\/produkter\/\"},{\"@type\":\"ListItem\",\"position\":3,\"name\":\"Decubal Sun lip balm SPF 30\"}]},{\"@type\":\"WebSite\",\"@id\":\"https:\/\/decubal.com\/se\/#website\",\"url\":\"https:\/\/decubal.com\/se\/\",\"name\":\"Decubal\",\"description\":\"\",\"publisher\":{\"@id\":\"https:\/\/decubal.com\/se\/#organization\"},\"potentialAction\":[{\"@type\":\"SearchAction\",\"target\":{\"@type\":\"EntryPoint\",\"urlTemplate\":\"https:\/\/decubal.com\/se\/?s={search_term_string}\"},\"query-input\":{\"@type\":\"PropertyValueSpecification\",\"valueRequired\":true,\"valueName\":\"search_term_string\"}}],\"inLanguage\":\"sv-SE\"},{\"@type\":\"Organization\",\"@id\":\"https:\/\/decubal.com\/se\/#organization\",\"name\":\"Decubal\",\"url\":\"https:\/\/decubal.com\/se\/\",\"logo\":{\"@type\":\"ImageObject\",\"inLanguage\":\"sv-SE\",\"@id\":\"https:\/\/decubal.com\/se\/#\/schema\/logo\/image\/\",\"url\":\"https:\/\/decubal.com\/app\/uploads\/sites\/3\/2022\/05\/Decubal-logo.png\",\"contentUrl\":\"https:\/\/decubal.com\/app\/uploads\/sites\/3\/2022\/05\/Decubal-logo.png\",\"width\":138,\"height\":40,\"caption\":\"Decubal\"},\"image\":{\"@id\":\"https:\/\/decubal.com\/se\/#\/schema\/logo\/image\/\"}}]}<\/script>\n<!-- \/ Yoast SEO plugin. -->","yoast_head_json":{"title":"Decubal Sun lip balm SPF 30 - Decubal","description":"Decubal Sun lip balm SPF30 \u00e4r speciellt utvecklat f\u00f6r att skydda torra, mycket torra och k\u00e4nsliga l\u00e4ppar. Det ger ett h\u00f6gt skydd mot UVA- och UVB-str\u00e5lar samtidigt som det \u00e5terst\u00e4ller och ger huden n\u00e4ring.","robots":{"index":"index","follow":"follow","max-snippet":"max-snippet:-1","max-image-preview":"max-image-preview:large","max-video-preview":"max-video-preview:-1"},"canonical":"https:\/\/decubal.com\/se\/produkt\/decubal-sun-lip-balm-spf30\/","og_locale":"sv_SE","og_type":"article","og_title":"Decubal Sun lip balm SPF 30 - Decubal","og_description":"Decubal Sun lip balm SPF30 \u00e4r speciellt utvecklat f\u00f6r att skydda torra, mycket torra och k\u00e4nsliga l\u00e4ppar. Det ger ett h\u00f6gt skydd mot UVA- och UVB-str\u00e5lar samtidigt som det \u00e5terst\u00e4ller och ger huden n\u00e4ring.","og_url":"https:\/\/decubal.com\/se\/produkt\/decubal-sun-lip-balm-spf30\/","og_site_name":"Decubal","article_modified_time":"2025-05-20T08:28:13+00:00","og_image":[{"width":600,"height":600,"url":"https:\/\/decubal.com\/app\/uploads\/sites\/3\/2025\/02\/Decubal-Sun-lip-balm-splash.png","type":"image\/png"}],"twitter_card":"summary_large_image","twitter_misc":{"Ber\u00e4knad l\u00e4stid":"1 minut"},"schema":{"@context":"https:\/\/schema.org","@graph":[{"@type":"WebPage","@id":"https:\/\/decubal.com\/se\/produkt\/decubal-sun-lip-balm-spf30\/","url":"https:\/\/decubal.com\/se\/produkt\/decubal-sun-lip-balm-spf30\/","name":"Decubal Sun lip balm SPF 30 - Decubal","isPartOf":{"@id":"https:\/\/decubal.com\/se\/#website"},"primaryImageOfPage":{"@id":"https:\/\/decubal.com\/se\/produkt\/decubal-sun-lip-balm-spf30\/#primaryimage"},"image":{"@id":"https:\/\/decubal.com\/se\/produkt\/decubal-sun-lip-balm-spf30\/#primaryimage"},"thumbnailUrl":"https:\/\/decubal.com\/app\/uploads\/sites\/3\/2025\/02\/Decubal-Sun-lip-balm-splash.png","datePublished":"2025-02-10T11:12:36+00:00","dateModified":"2025-05-20T08:28:13+00:00","description":"Decubal Sun lip balm SPF30 \u00e4r speciellt utvecklat f\u00f6r att skydda torra, mycket torra och k\u00e4nsliga l\u00e4ppar. Det ger ett h\u00f6gt skydd mot UVA- och UVB-str\u00e5lar samtidigt som det \u00e5terst\u00e4ller och ger huden n\u00e4ring.","breadcrumb":{"@id":"https:\/\/decubal.com\/se\/produkt\/decubal-sun-lip-balm-spf30\/#breadcrumb"},"inLanguage":"sv-SE","potentialAction":[{"@type":"ReadAction","target":["https:\/\/decubal.com\/se\/produkt\/decubal-sun-lip-balm-spf30\/"]}]},{"@type":"ImageObject","inLanguage":"sv-SE","@id":"https:\/\/decubal.com\/se\/produkt\/decubal-sun-lip-balm-spf30\/#primaryimage","url":"https:\/\/decubal.com\/app\/uploads\/sites\/3\/2025\/02\/Decubal-Sun-lip-balm-splash.png","contentUrl":"https:\/\/decubal.com\/app\/uploads\/sites\/3\/2025\/02\/Decubal-Sun-lip-balm-splash.png","width":600,"height":600},{"@type":"BreadcrumbList","@id":"https:\/\/decubal.com\/se\/produkt\/decubal-sun-lip-balm-spf30\/#breadcrumb","itemListElement":[{"@type":"ListItem","position":1,"name":"Home","item":"https:\/\/decubal.com\/se\/"},{"@type":"ListItem","position":2,"name":"Produkter","item":"https:\/\/decubal.com\/se\/produkter\/"},{"@type":"ListItem","position":3,"name":"Decubal Sun lip balm SPF 30"}]},{"@type":"WebSite","@id":"https:\/\/decubal.com\/se\/#website","url":"https:\/\/decubal.com\/se\/","name":"Decubal","description":"","publisher":{"@id":"https:\/\/decubal.com\/se\/#organization"},"potentialAction":[{"@type":"SearchAction","target":{"@type":"EntryPoint","urlTemplate":"https:\/\/decubal.com\/se\/?s={search_term_string}"},"query-input":{"@type":"PropertyValueSpecification","valueRequired":true,"valueName":"search_term_string"}}],"inLanguage":"sv-SE"},{"@type":"Organization","@id":"https:\/\/decubal.com\/se\/#organization","name":"Decubal","url":"https:\/\/decubal.com\/se\/","logo":{"@type":"ImageObject","inLanguage":"sv-SE","@id":"https:\/\/decubal.com\/se\/#\/schema\/logo\/image\/","url":"https:\/\/decubal.com\/app\/uploads\/sites\/3\/2022\/05\/Decubal-logo.png","contentUrl":"https:\/\/decubal.com\/app\/uploads\/sites\/3\/2022\/05\/Decubal-logo.png","width":138,"height":40,"caption":"Decubal"},"image":{"@id":"https:\/\/decubal.com\/se\/#\/schema\/logo\/image\/"}}]}},"_links":{"self":[{"href":"https:\/\/decubal.com\/se\/wp-json\/wp\/v2\/product\/912","targetHints":{"allow":["GET"]}}],"collection":[{"href":"https:\/\/decubal.com\/se\/wp-json\/wp\/v2\/product"}],"about":[{"href":"https:\/\/decubal.com\/se\/wp-json\/wp\/v2\/types\/product"}],"replies":[{"embeddable":true,"href":"https:\/\/decubal.com\/se\/wp-json\/wp\/v2\/comments?post=912"}],"version-history":[{"count":7,"href":"https:\/\/decubal.com\/se\/wp-json\/wp\/v2\/product\/912\/revisions"}],"predecessor-version":[{"id":958,"href":"https:\/\/decubal.com\/se\/wp-json\/wp\/v2\/product\/912\/revisions\/958"}],"wp:featuredmedia":[{"embeddable":true,"href":"https:\/\/decubal.com\/se\/wp-json\/wp\/v2\/media\/918"}],"wp:attachment":[{"href":"https:\/\/decubal.com\/se\/wp-json\/wp\/v2\/media?parent=912"}],"wp:term":[{"taxonomy":"product_brand","embeddable":true,"href":"https:\/\/decubal.com\/se\/wp-json\/wp\/v2\/product_brand?post=912"},{"taxonomy":"product_cat","embeddable":true,"href":"https:\/\/decubal.com\/se\/wp-json\/wp\/v2\/product_cat?post=912"},{"taxonomy":"product_tag","embeddable":true,"href":"https:\/\/decubal.com\/se\/wp-json\/wp\/v2\/product_tag?post=912"}],"curies":[{"name":"wp","href":"https:\/\/api.w.org\/{rel}","templated":true}]}}