{"id":601,"date":"2024-05-13T11:00:49","date_gmt":"2024-05-13T09:00:49","guid":{"rendered":"https:\/\/decubal.com\/se\/?post_type=product&#038;p=601"},"modified":"2026-02-09T11:54:07","modified_gmt":"2026-02-09T10:54:07","slug":"decubal-hydrating-body-spray","status":"publish","type":"product","link":"https:\/\/decubal.com\/se\/produkt\/decubal-hydrating-body-spray\/","title":{"rendered":"Decubal Hydrating body spray"},"content":{"rendered":"\n<div class=\"wp-block-karopharma-free-text pt-large pb-large bg-center bg-cover bg-no-repeat  redblock\" style=\"background-image:url()\"><div class=\"free-text-wrapper container max-w-medium text-left\">\n<p>Decubals nya \u00e5terfuktande kroppsspray ger snabb \u00e5terfuktning som varar i 24 timmar och hj\u00e4lper till att skydda hudens naturliga barri\u00e4r. V\u00e5r l\u00e4ttabsorberade kroppsspray \u00e4r en snabb och smidig l\u00f6sning f\u00f6r att \u00e5terfukta huden, oavsett om det \u00e4r efter tr\u00e4ning eller n\u00e4r du \u00e4r p\u00e5 spr\u00e5ng, och den \u00e4r enkel att applicera \u00e4ven p\u00e5 sv\u00e5r\u00e5tkomliga omr\u00e5den. Decubal Hydrating body spray inneh\u00e5ller ett naturligt fuktgivande komplex och glycerin som g\u00f6r att huden k\u00e4nns mjuk, smidig och skyddad. Sprayen \u00e4r oparfymerad, dermatologiskt testad och allergicertifierad, vilket g\u00f6r den l\u00e4mplig \u00e4ven f\u00f6r k\u00e4nslig hud.<\/p>\n<\/div><\/div>\n\n\n\n<div class=\"wp-block-karopharma-product-promotion text-align-right pt-large pb-large bg-center bg-cover bg-no-repeat\" style=\"background-image:url()\"><div class=\"container max-w-large\">\n<div class=\"wp-block-group is-layout-flow wp-block-group-is-layout-flow\">\n<div class=\"wp-block-group hexagon is-layout-constrained wp-block-group-is-layout-constrained\">\n<h3 class=\"wp-block-heading has-text-align-center has-primary-color has-text-color has-link-color wp-elements-c6aee251a44b3b3c1bb6450860dd5c83\">Anv\u00e4ndning<\/h3>\n\n\n\n<p>Applicera genom att h\u00e5lla beh\u00e5llaren cirka 10cm fr\u00e5n huden och spraya \u00f6ver de avsedda hudpartierna. Sm\u00f6rj varsamt in i huden.<\/p>\n<\/div>\n<\/div>\n\n\n\n<div class=\"wp-block-group is-layout-flow wp-block-group-is-layout-flow\">\n<div class=\"wp-block-group hexagon is-layout-constrained wp-block-group-is-layout-constrained\">\n<h3 class=\"wp-block-heading has-text-align-center has-primary-color has-text-color has-link-color wp-elements-4a0bf1a110c499428bc704dd2eb1cc5c\">Ingredienser<\/h3>\n\n\n\n<p>Aqua, Glycerin, Caprylic\/Capric Triglyceride, Glyceryl Stearate, Phenoxyethanol, Xanthan Gum, Sodium Cetearyl Sulphate, Ethylhexylglycerin, Ammonium Acryloyldimethyltaurate\/VP Copolymer, Citric Acid, Sodium Hydroxide<\/p>\n<\/div>\n<\/div>\n<\/div><\/div>\n\n\n\n<div class=\"wp-block-karopharma-free-text pt-large pb-large bg-center bg-cover bg-no-repeat  beigeblock\" style=\"background-image:url()\"><div class=\"free-text-wrapper container max-w-small text-center\">\n<figure class=\"wp-block-image aligncenter size-full\"><img loading=\"lazy\" decoding=\"async\" width=\"200\" height=\"204\" src=\"https:\/\/decubal.com\/app\/uploads\/sites\/3\/2024\/05\/allergy-certified.png\" alt=\"Allergy Certified\" class=\"wp-image-666\"\/><\/figure>\n\n\n\n<h2 class=\"wp-block-heading is-style-heading-h2\">Decubal Hydrating body spray \u00e4r oparfymerad och dermatologiskt testad p\u00e5 torr och k\u00e4nslig hud.<\/h2>\n\n\n\n<p>Produkten \u00e4r rekommenderad av Allergy Certified, vilket inneb\u00e4r att en toxikolog eller farmaceut har gjort en riskbed\u00f6mning av varje enskild ingrediens i sammans\u00e4ttningen f\u00f6r att minimera risken f\u00f6r allergisk reaktion.<\/p>\n<\/div><\/div>\n","protected":false},"excerpt":{"rendered":"<p>En snabbverkande kroppsspray f\u00f6r smidig och l\u00e5ngvarig \u00e5terfuktning av normal till torr och k\u00e4nslig hud.<\/p>\n","protected":false},"featured_media":1095,"comment_status":"closed","ping_status":"closed","template":"","meta":{"_acf_changed":false,"footnotes":""},"product_brand":[],"product_cat":[22],"product_tag":[],"class_list":{"0":"post-601","1":"product","2":"type-product","3":"status-publish","4":"has-post-thumbnail","6":"product_cat-hydrating","8":"first","9":"instock","10":"shipping-taxable","11":"product-type-simple"},"acf":[],"yoast_head":"<!-- This site is optimized with the Yoast SEO plugin v26.6 - https:\/\/yoast.com\/wordpress\/plugins\/seo\/ -->\n<title>Decubal Hydrating body spray - Decubal<\/title>\n<meta name=\"description\" content=\"Decubals nya Hydrating Body Spray ger kliniskt bevisad intensiv 24-timmars \u00e5terfuktning och hj\u00e4lper till att skydda hudens naturliga barri\u00e4r. Den har en l\u00e4tt konsistens som snabbt absorberas in i huden\" \/>\n<meta name=\"robots\" content=\"index, follow, max-snippet:-1, max-image-preview:large, max-video-preview:-1\" \/>\n<link rel=\"canonical\" href=\"https:\/\/decubal.com\/se\/produkt\/decubal-hydrating-body-spray\/\" \/>\n<meta property=\"og:locale\" content=\"sv_SE\" \/>\n<meta property=\"og:type\" content=\"article\" \/>\n<meta property=\"og:title\" content=\"Decubal Hydrating body spray - Decubal\" \/>\n<meta property=\"og:description\" content=\"Decubals nya Hydrating Body Spray ger kliniskt bevisad intensiv 24-timmars \u00e5terfuktning och hj\u00e4lper till att skydda hudens naturliga barri\u00e4r. Den har en l\u00e4tt konsistens som snabbt absorberas in i huden\" \/>\n<meta property=\"og:url\" content=\"https:\/\/decubal.com\/se\/produkt\/decubal-hydrating-body-spray\/\" \/>\n<meta property=\"og:site_name\" content=\"Decubal\" \/>\n<meta property=\"article:modified_time\" content=\"2026-02-09T10:54:07+00:00\" \/>\n<meta property=\"og:image\" content=\"https:\/\/decubal.com\/app\/uploads\/sites\/3\/2024\/05\/Decubal-Hydrating-Body-Spray-1.png\" \/>\n\t<meta property=\"og:image:width\" content=\"600\" \/>\n\t<meta property=\"og:image:height\" content=\"600\" \/>\n\t<meta property=\"og:image:type\" content=\"image\/png\" \/>\n<meta name=\"twitter:card\" content=\"summary_large_image\" \/>\n<meta name=\"twitter:label1\" content=\"Ber\u00e4knad l\u00e4stid\" \/>\n\t<meta name=\"twitter:data1\" content=\"2 minuter\" \/>\n<script type=\"application\/ld+json\" class=\"yoast-schema-graph\">{\"@context\":\"https:\/\/schema.org\",\"@graph\":[{\"@type\":\"WebPage\",\"@id\":\"https:\/\/decubal.com\/se\/produkt\/decubal-hydrating-body-spray\/\",\"url\":\"https:\/\/decubal.com\/se\/produkt\/decubal-hydrating-body-spray\/\",\"name\":\"Decubal Hydrating body spray - Decubal\",\"isPartOf\":{\"@id\":\"https:\/\/decubal.com\/se\/#website\"},\"primaryImageOfPage\":{\"@id\":\"https:\/\/decubal.com\/se\/produkt\/decubal-hydrating-body-spray\/#primaryimage\"},\"image\":{\"@id\":\"https:\/\/decubal.com\/se\/produkt\/decubal-hydrating-body-spray\/#primaryimage\"},\"thumbnailUrl\":\"https:\/\/decubal.com\/app\/uploads\/sites\/3\/2024\/05\/Decubal-Hydrating-Body-Spray-1.png\",\"datePublished\":\"2024-05-13T09:00:49+00:00\",\"dateModified\":\"2026-02-09T10:54:07+00:00\",\"description\":\"Decubals nya Hydrating Body Spray ger kliniskt bevisad intensiv 24-timmars \u00e5terfuktning och hj\u00e4lper till att skydda hudens naturliga barri\u00e4r. Den har en l\u00e4tt konsistens som snabbt absorberas in i huden\",\"breadcrumb\":{\"@id\":\"https:\/\/decubal.com\/se\/produkt\/decubal-hydrating-body-spray\/#breadcrumb\"},\"inLanguage\":\"sv-SE\",\"potentialAction\":[{\"@type\":\"ReadAction\",\"target\":[\"https:\/\/decubal.com\/se\/produkt\/decubal-hydrating-body-spray\/\"]}]},{\"@type\":\"ImageObject\",\"inLanguage\":\"sv-SE\",\"@id\":\"https:\/\/decubal.com\/se\/produkt\/decubal-hydrating-body-spray\/#primaryimage\",\"url\":\"https:\/\/decubal.com\/app\/uploads\/sites\/3\/2024\/05\/Decubal-Hydrating-Body-Spray-1.png\",\"contentUrl\":\"https:\/\/decubal.com\/app\/uploads\/sites\/3\/2024\/05\/Decubal-Hydrating-Body-Spray-1.png\",\"width\":600,\"height\":600,\"caption\":\"Decubal-Hydrating-Body-Spray\"},{\"@type\":\"BreadcrumbList\",\"@id\":\"https:\/\/decubal.com\/se\/produkt\/decubal-hydrating-body-spray\/#breadcrumb\",\"itemListElement\":[{\"@type\":\"ListItem\",\"position\":1,\"name\":\"Home\",\"item\":\"https:\/\/decubal.com\/se\/\"},{\"@type\":\"ListItem\",\"position\":2,\"name\":\"Produkter\",\"item\":\"https:\/\/decubal.com\/se\/produkter\/\"},{\"@type\":\"ListItem\",\"position\":3,\"name\":\"Decubal Hydrating body spray\"}]},{\"@type\":\"WebSite\",\"@id\":\"https:\/\/decubal.com\/se\/#website\",\"url\":\"https:\/\/decubal.com\/se\/\",\"name\":\"Decubal\",\"description\":\"\",\"publisher\":{\"@id\":\"https:\/\/decubal.com\/se\/#organization\"},\"potentialAction\":[{\"@type\":\"SearchAction\",\"target\":{\"@type\":\"EntryPoint\",\"urlTemplate\":\"https:\/\/decubal.com\/se\/?s={search_term_string}\"},\"query-input\":{\"@type\":\"PropertyValueSpecification\",\"valueRequired\":true,\"valueName\":\"search_term_string\"}}],\"inLanguage\":\"sv-SE\"},{\"@type\":\"Organization\",\"@id\":\"https:\/\/decubal.com\/se\/#organization\",\"name\":\"Decubal\",\"url\":\"https:\/\/decubal.com\/se\/\",\"logo\":{\"@type\":\"ImageObject\",\"inLanguage\":\"sv-SE\",\"@id\":\"https:\/\/decubal.com\/se\/#\/schema\/logo\/image\/\",\"url\":\"https:\/\/decubal.com\/app\/uploads\/sites\/3\/2022\/05\/Decubal-logo.png\",\"contentUrl\":\"https:\/\/decubal.com\/app\/uploads\/sites\/3\/2022\/05\/Decubal-logo.png\",\"width\":138,\"height\":40,\"caption\":\"Decubal\"},\"image\":{\"@id\":\"https:\/\/decubal.com\/se\/#\/schema\/logo\/image\/\"}}]}<\/script>\n<!-- \/ Yoast SEO plugin. -->","yoast_head_json":{"title":"Decubal Hydrating body spray - Decubal","description":"Decubals nya Hydrating Body Spray ger kliniskt bevisad intensiv 24-timmars \u00e5terfuktning och hj\u00e4lper till att skydda hudens naturliga barri\u00e4r. Den har en l\u00e4tt konsistens som snabbt absorberas in i huden","robots":{"index":"index","follow":"follow","max-snippet":"max-snippet:-1","max-image-preview":"max-image-preview:large","max-video-preview":"max-video-preview:-1"},"canonical":"https:\/\/decubal.com\/se\/produkt\/decubal-hydrating-body-spray\/","og_locale":"sv_SE","og_type":"article","og_title":"Decubal Hydrating body spray - Decubal","og_description":"Decubals nya Hydrating Body Spray ger kliniskt bevisad intensiv 24-timmars \u00e5terfuktning och hj\u00e4lper till att skydda hudens naturliga barri\u00e4r. Den har en l\u00e4tt konsistens som snabbt absorberas in i huden","og_url":"https:\/\/decubal.com\/se\/produkt\/decubal-hydrating-body-spray\/","og_site_name":"Decubal","article_modified_time":"2026-02-09T10:54:07+00:00","og_image":[{"width":600,"height":600,"url":"https:\/\/decubal.com\/app\/uploads\/sites\/3\/2024\/05\/Decubal-Hydrating-Body-Spray-1.png","type":"image\/png"}],"twitter_card":"summary_large_image","twitter_misc":{"Ber\u00e4knad l\u00e4stid":"2 minuter"},"schema":{"@context":"https:\/\/schema.org","@graph":[{"@type":"WebPage","@id":"https:\/\/decubal.com\/se\/produkt\/decubal-hydrating-body-spray\/","url":"https:\/\/decubal.com\/se\/produkt\/decubal-hydrating-body-spray\/","name":"Decubal Hydrating body spray - Decubal","isPartOf":{"@id":"https:\/\/decubal.com\/se\/#website"},"primaryImageOfPage":{"@id":"https:\/\/decubal.com\/se\/produkt\/decubal-hydrating-body-spray\/#primaryimage"},"image":{"@id":"https:\/\/decubal.com\/se\/produkt\/decubal-hydrating-body-spray\/#primaryimage"},"thumbnailUrl":"https:\/\/decubal.com\/app\/uploads\/sites\/3\/2024\/05\/Decubal-Hydrating-Body-Spray-1.png","datePublished":"2024-05-13T09:00:49+00:00","dateModified":"2026-02-09T10:54:07+00:00","description":"Decubals nya Hydrating Body Spray ger kliniskt bevisad intensiv 24-timmars \u00e5terfuktning och hj\u00e4lper till att skydda hudens naturliga barri\u00e4r. Den har en l\u00e4tt konsistens som snabbt absorberas in i huden","breadcrumb":{"@id":"https:\/\/decubal.com\/se\/produkt\/decubal-hydrating-body-spray\/#breadcrumb"},"inLanguage":"sv-SE","potentialAction":[{"@type":"ReadAction","target":["https:\/\/decubal.com\/se\/produkt\/decubal-hydrating-body-spray\/"]}]},{"@type":"ImageObject","inLanguage":"sv-SE","@id":"https:\/\/decubal.com\/se\/produkt\/decubal-hydrating-body-spray\/#primaryimage","url":"https:\/\/decubal.com\/app\/uploads\/sites\/3\/2024\/05\/Decubal-Hydrating-Body-Spray-1.png","contentUrl":"https:\/\/decubal.com\/app\/uploads\/sites\/3\/2024\/05\/Decubal-Hydrating-Body-Spray-1.png","width":600,"height":600,"caption":"Decubal-Hydrating-Body-Spray"},{"@type":"BreadcrumbList","@id":"https:\/\/decubal.com\/se\/produkt\/decubal-hydrating-body-spray\/#breadcrumb","itemListElement":[{"@type":"ListItem","position":1,"name":"Home","item":"https:\/\/decubal.com\/se\/"},{"@type":"ListItem","position":2,"name":"Produkter","item":"https:\/\/decubal.com\/se\/produkter\/"},{"@type":"ListItem","position":3,"name":"Decubal Hydrating body spray"}]},{"@type":"WebSite","@id":"https:\/\/decubal.com\/se\/#website","url":"https:\/\/decubal.com\/se\/","name":"Decubal","description":"","publisher":{"@id":"https:\/\/decubal.com\/se\/#organization"},"potentialAction":[{"@type":"SearchAction","target":{"@type":"EntryPoint","urlTemplate":"https:\/\/decubal.com\/se\/?s={search_term_string}"},"query-input":{"@type":"PropertyValueSpecification","valueRequired":true,"valueName":"search_term_string"}}],"inLanguage":"sv-SE"},{"@type":"Organization","@id":"https:\/\/decubal.com\/se\/#organization","name":"Decubal","url":"https:\/\/decubal.com\/se\/","logo":{"@type":"ImageObject","inLanguage":"sv-SE","@id":"https:\/\/decubal.com\/se\/#\/schema\/logo\/image\/","url":"https:\/\/decubal.com\/app\/uploads\/sites\/3\/2022\/05\/Decubal-logo.png","contentUrl":"https:\/\/decubal.com\/app\/uploads\/sites\/3\/2022\/05\/Decubal-logo.png","width":138,"height":40,"caption":"Decubal"},"image":{"@id":"https:\/\/decubal.com\/se\/#\/schema\/logo\/image\/"}}]}},"_links":{"self":[{"href":"https:\/\/decubal.com\/se\/wp-json\/wp\/v2\/product\/601","targetHints":{"allow":["GET"]}}],"collection":[{"href":"https:\/\/decubal.com\/se\/wp-json\/wp\/v2\/product"}],"about":[{"href":"https:\/\/decubal.com\/se\/wp-json\/wp\/v2\/types\/product"}],"replies":[{"embeddable":true,"href":"https:\/\/decubal.com\/se\/wp-json\/wp\/v2\/comments?post=601"}],"version-history":[{"count":10,"href":"https:\/\/decubal.com\/se\/wp-json\/wp\/v2\/product\/601\/revisions"}],"predecessor-version":[{"id":959,"href":"https:\/\/decubal.com\/se\/wp-json\/wp\/v2\/product\/601\/revisions\/959"}],"wp:featuredmedia":[{"embeddable":true,"href":"https:\/\/decubal.com\/se\/wp-json\/wp\/v2\/media\/1095"}],"wp:attachment":[{"href":"https:\/\/decubal.com\/se\/wp-json\/wp\/v2\/media?parent=601"}],"wp:term":[{"taxonomy":"product_brand","embeddable":true,"href":"https:\/\/decubal.com\/se\/wp-json\/wp\/v2\/product_brand?post=601"},{"taxonomy":"product_cat","embeddable":true,"href":"https:\/\/decubal.com\/se\/wp-json\/wp\/v2\/product_cat?post=601"},{"taxonomy":"product_tag","embeddable":true,"href":"https:\/\/decubal.com\/se\/wp-json\/wp\/v2\/product_tag?post=601"}],"curies":[{"name":"wp","href":"https:\/\/api.w.org\/{rel}","templated":true}]}}