{"id":595,"date":"2024-05-13T10:28:11","date_gmt":"2024-05-13T08:28:11","guid":{"rendered":"https:\/\/decubal.com\/se\/?post_type=product&#038;p=595"},"modified":"2026-02-09T11:52:21","modified_gmt":"2026-02-09T10:52:21","slug":"decubal-hydrating-body-lotion","status":"publish","type":"product","link":"https:\/\/decubal.com\/se\/produkt\/decubal-hydrating-body-lotion\/","title":{"rendered":"Decubal Hydrating body lotion"},"content":{"rendered":"\n<div class=\"wp-block-karopharma-free-text pt-large pb-large bg-center bg-cover bg-no-repeat  redblock\" style=\"background-image:url()\"><div class=\"free-text-wrapper container max-w-medium text-left\">\n<p>Decubals \u00e5terfuktande body lotion har en l\u00e4tt konsistens som g\u00e5r snabbt in i huden, ger intensiv \u00e5terfuktning i 48 timmar och hj\u00e4lper till att skydda hudens naturliga barri\u00e4r \u2013 en idealisk hudlotion att anv\u00e4nda \u00e5ret runt. Produkten inneh\u00e5ller Aquaxyl\u2122 som hj\u00e4lper till att st\u00e4rka hudens skyddsbarri\u00e4r, tillsammans med hyaluronsyra och glycerin som verkar mjukg\u00f6rande och fuktbevarande. V\u00e5r \u00e5terfuktande bodylotion inneh\u00e5ller hudv\u00e4nliga ingredienser som \u00e4r oparfymerade och allergicertifierade, vilket g\u00f6r produkten l\u00e4mplig \u00e4ven f\u00f6r k\u00e4nslig hud.<\/p>\n<\/div><\/div>\n\n\n\n<div class=\"wp-block-karopharma-product-promotion text-align-right pt-large pb-large bg-center bg-cover bg-no-repeat\" style=\"background-image:url()\"><div class=\"container max-w-large\">\n<div class=\"wp-block-group is-layout-flow wp-block-group-is-layout-flow\">\n<div class=\"wp-block-group hexagon is-layout-constrained wp-block-group-is-layout-constrained\">\n<h3 class=\"wp-block-heading has-text-align-center has-primary-color has-text-color has-link-color wp-elements-c6aee251a44b3b3c1bb6450860dd5c83\">Anv\u00e4ndning<\/h3>\n\n\n\n<p class=\"has-text-align-center\">Applicera dagligen p\u00e5 hela kroppen f\u00f6r att h\u00e5lla torr och k\u00e4nslig hud mjuk, smidig och \u00e5terfuktad.<\/p>\n<\/div>\n<\/div>\n\n\n\n<div class=\"wp-block-group is-layout-flow wp-block-group-is-layout-flow\">\n<div class=\"wp-block-group hexagon is-layout-constrained wp-block-group-is-layout-constrained\">\n<h3 class=\"wp-block-heading has-text-align-center has-primary-color has-text-color has-link-color wp-elements-4a0bf1a110c499428bc704dd2eb1cc5c\">Ingredienser<\/h3>\n\n\n\n<p class=\"has-text-align-center\">Aqua, Glycerin, Canola Oil, Cetearyl Alcohol, Polyglyceryl-3 Dicitrate\/Stearate, Glyceryl Stearate, Xylitylglucoside, Anhydroxylitol, Xylitol, Sodium Benzoate, Xanthan Gum, Potassium Sorbate, Glucose, Lactic Acid, Sodium Hyaluronate<\/p>\n<\/div>\n<\/div>\n<\/div><\/div>\n\n\n\n<div class=\"wp-block-karopharma-free-text pt-large pb-large bg-center bg-cover bg-no-repeat  beigeblock\" style=\"background-image:url()\"><div class=\"free-text-wrapper container max-w-small text-center\">\n<figure class=\"wp-block-image aligncenter size-full\"><img loading=\"lazy\" decoding=\"async\" width=\"200\" height=\"204\" src=\"https:\/\/decubal.com\/app\/uploads\/sites\/3\/2024\/05\/allergy-certified.png\" alt=\"Allergy Certified\" class=\"wp-image-666\"\/><\/figure>\n\n\n\n<h2 class=\"wp-block-heading is-style-heading-h2\">Decubal Hydrating body lotion \u00e4r oparfymerad och dermatologiskt testad p\u00e5 torr och k\u00e4nslig hud.<\/h2>\n\n\n\n<p>Produkten \u00e4r rekommenderad av Allergy Certified, vilket inneb\u00e4r att en toxikolog eller farmaceut har gjort en riskbed\u00f6mning av varje enskild ingrediens i sammans\u00e4ttningen f\u00f6r att minimera risken f\u00f6r allergisk reaktion.<\/p>\n<\/div><\/div>\n","protected":false},"excerpt":{"rendered":"<p>Intensivt \u00e5terfuktande daglig kroppslotion f\u00f6r normal till torr och k\u00e4nslig hud.  <\/p>\n","protected":false},"featured_media":1094,"comment_status":"closed","ping_status":"closed","template":"","meta":{"_acf_changed":false,"footnotes":""},"product_brand":[],"product_cat":[22],"product_tag":[],"class_list":{"0":"post-595","1":"product","2":"type-product","3":"status-publish","4":"has-post-thumbnail","6":"product_cat-hydrating","8":"first","9":"instock","10":"shipping-taxable","11":"product-type-simple"},"acf":[],"yoast_head":"<!-- This site is optimized with the Yoast SEO plugin v26.6 - https:\/\/yoast.com\/wordpress\/plugins\/seo\/ -->\n<title>Decubal Hydrating body lotion - Decubal<\/title>\n<meta name=\"description\" content=\"Decubals nya Hydrating Body Lotion ger kliniskt bevisad intensiv 48-timmars \u00e5terfuktning och hj\u00e4lper till att skydda hudens naturliga barri\u00e4r. Den har en l\u00e4tt konsistens som absorberas snabbt in i huden\" \/>\n<meta name=\"robots\" content=\"index, follow, max-snippet:-1, max-image-preview:large, max-video-preview:-1\" \/>\n<link rel=\"canonical\" href=\"https:\/\/decubal.com\/se\/produkt\/decubal-hydrating-body-lotion\/\" \/>\n<meta property=\"og:locale\" content=\"sv_SE\" \/>\n<meta property=\"og:type\" content=\"article\" \/>\n<meta property=\"og:title\" content=\"Decubal Hydrating body lotion - Decubal\" \/>\n<meta property=\"og:description\" content=\"Decubals nya Hydrating Body Lotion ger kliniskt bevisad intensiv 48-timmars \u00e5terfuktning och hj\u00e4lper till att skydda hudens naturliga barri\u00e4r. Den har en l\u00e4tt konsistens som absorberas snabbt in i huden\" \/>\n<meta property=\"og:url\" content=\"https:\/\/decubal.com\/se\/produkt\/decubal-hydrating-body-lotion\/\" \/>\n<meta property=\"og:site_name\" content=\"Decubal\" \/>\n<meta property=\"article:modified_time\" content=\"2026-02-09T10:52:21+00:00\" \/>\n<meta property=\"og:image\" content=\"https:\/\/decubal.com\/app\/uploads\/sites\/3\/2024\/05\/Decubal-Hydrating-body-lotion.jpg\" \/>\n\t<meta property=\"og:image:width\" content=\"600\" \/>\n\t<meta property=\"og:image:height\" content=\"600\" \/>\n\t<meta property=\"og:image:type\" content=\"image\/jpeg\" \/>\n<meta name=\"twitter:card\" content=\"summary_large_image\" \/>\n<meta name=\"twitter:label1\" content=\"Ber\u00e4knad l\u00e4stid\" \/>\n\t<meta name=\"twitter:data1\" content=\"2 minuter\" \/>\n<script type=\"application\/ld+json\" class=\"yoast-schema-graph\">{\"@context\":\"https:\/\/schema.org\",\"@graph\":[{\"@type\":\"WebPage\",\"@id\":\"https:\/\/decubal.com\/se\/produkt\/decubal-hydrating-body-lotion\/\",\"url\":\"https:\/\/decubal.com\/se\/produkt\/decubal-hydrating-body-lotion\/\",\"name\":\"Decubal Hydrating body lotion - Decubal\",\"isPartOf\":{\"@id\":\"https:\/\/decubal.com\/se\/#website\"},\"primaryImageOfPage\":{\"@id\":\"https:\/\/decubal.com\/se\/produkt\/decubal-hydrating-body-lotion\/#primaryimage\"},\"image\":{\"@id\":\"https:\/\/decubal.com\/se\/produkt\/decubal-hydrating-body-lotion\/#primaryimage\"},\"thumbnailUrl\":\"https:\/\/decubal.com\/app\/uploads\/sites\/3\/2024\/05\/Decubal-Hydrating-body-lotion.jpg\",\"datePublished\":\"2024-05-13T08:28:11+00:00\",\"dateModified\":\"2026-02-09T10:52:21+00:00\",\"description\":\"Decubals nya Hydrating Body Lotion ger kliniskt bevisad intensiv 48-timmars \u00e5terfuktning och hj\u00e4lper till att skydda hudens naturliga barri\u00e4r. Den har en l\u00e4tt konsistens som absorberas snabbt in i huden\",\"breadcrumb\":{\"@id\":\"https:\/\/decubal.com\/se\/produkt\/decubal-hydrating-body-lotion\/#breadcrumb\"},\"inLanguage\":\"sv-SE\",\"potentialAction\":[{\"@type\":\"ReadAction\",\"target\":[\"https:\/\/decubal.com\/se\/produkt\/decubal-hydrating-body-lotion\/\"]}]},{\"@type\":\"ImageObject\",\"inLanguage\":\"sv-SE\",\"@id\":\"https:\/\/decubal.com\/se\/produkt\/decubal-hydrating-body-lotion\/#primaryimage\",\"url\":\"https:\/\/decubal.com\/app\/uploads\/sites\/3\/2024\/05\/Decubal-Hydrating-body-lotion.jpg\",\"contentUrl\":\"https:\/\/decubal.com\/app\/uploads\/sites\/3\/2024\/05\/Decubal-Hydrating-body-lotion.jpg\",\"width\":600,\"height\":600,\"caption\":\"Decubal-Hydrating-body-lotion\"},{\"@type\":\"BreadcrumbList\",\"@id\":\"https:\/\/decubal.com\/se\/produkt\/decubal-hydrating-body-lotion\/#breadcrumb\",\"itemListElement\":[{\"@type\":\"ListItem\",\"position\":1,\"name\":\"Home\",\"item\":\"https:\/\/decubal.com\/se\/\"},{\"@type\":\"ListItem\",\"position\":2,\"name\":\"Produkter\",\"item\":\"https:\/\/decubal.com\/se\/produkter\/\"},{\"@type\":\"ListItem\",\"position\":3,\"name\":\"Decubal Hydrating body lotion\"}]},{\"@type\":\"WebSite\",\"@id\":\"https:\/\/decubal.com\/se\/#website\",\"url\":\"https:\/\/decubal.com\/se\/\",\"name\":\"Decubal\",\"description\":\"\",\"publisher\":{\"@id\":\"https:\/\/decubal.com\/se\/#organization\"},\"potentialAction\":[{\"@type\":\"SearchAction\",\"target\":{\"@type\":\"EntryPoint\",\"urlTemplate\":\"https:\/\/decubal.com\/se\/?s={search_term_string}\"},\"query-input\":{\"@type\":\"PropertyValueSpecification\",\"valueRequired\":true,\"valueName\":\"search_term_string\"}}],\"inLanguage\":\"sv-SE\"},{\"@type\":\"Organization\",\"@id\":\"https:\/\/decubal.com\/se\/#organization\",\"name\":\"Decubal\",\"url\":\"https:\/\/decubal.com\/se\/\",\"logo\":{\"@type\":\"ImageObject\",\"inLanguage\":\"sv-SE\",\"@id\":\"https:\/\/decubal.com\/se\/#\/schema\/logo\/image\/\",\"url\":\"https:\/\/decubal.com\/app\/uploads\/sites\/3\/2022\/05\/Decubal-logo.png\",\"contentUrl\":\"https:\/\/decubal.com\/app\/uploads\/sites\/3\/2022\/05\/Decubal-logo.png\",\"width\":138,\"height\":40,\"caption\":\"Decubal\"},\"image\":{\"@id\":\"https:\/\/decubal.com\/se\/#\/schema\/logo\/image\/\"}}]}<\/script>\n<!-- \/ Yoast SEO plugin. -->","yoast_head_json":{"title":"Decubal Hydrating body lotion - Decubal","description":"Decubals nya Hydrating Body Lotion ger kliniskt bevisad intensiv 48-timmars \u00e5terfuktning och hj\u00e4lper till att skydda hudens naturliga barri\u00e4r. Den har en l\u00e4tt konsistens som absorberas snabbt in i huden","robots":{"index":"index","follow":"follow","max-snippet":"max-snippet:-1","max-image-preview":"max-image-preview:large","max-video-preview":"max-video-preview:-1"},"canonical":"https:\/\/decubal.com\/se\/produkt\/decubal-hydrating-body-lotion\/","og_locale":"sv_SE","og_type":"article","og_title":"Decubal Hydrating body lotion - Decubal","og_description":"Decubals nya Hydrating Body Lotion ger kliniskt bevisad intensiv 48-timmars \u00e5terfuktning och hj\u00e4lper till att skydda hudens naturliga barri\u00e4r. Den har en l\u00e4tt konsistens som absorberas snabbt in i huden","og_url":"https:\/\/decubal.com\/se\/produkt\/decubal-hydrating-body-lotion\/","og_site_name":"Decubal","article_modified_time":"2026-02-09T10:52:21+00:00","og_image":[{"width":600,"height":600,"url":"https:\/\/decubal.com\/app\/uploads\/sites\/3\/2024\/05\/Decubal-Hydrating-body-lotion.jpg","type":"image\/jpeg"}],"twitter_card":"summary_large_image","twitter_misc":{"Ber\u00e4knad l\u00e4stid":"2 minuter"},"schema":{"@context":"https:\/\/schema.org","@graph":[{"@type":"WebPage","@id":"https:\/\/decubal.com\/se\/produkt\/decubal-hydrating-body-lotion\/","url":"https:\/\/decubal.com\/se\/produkt\/decubal-hydrating-body-lotion\/","name":"Decubal Hydrating body lotion - Decubal","isPartOf":{"@id":"https:\/\/decubal.com\/se\/#website"},"primaryImageOfPage":{"@id":"https:\/\/decubal.com\/se\/produkt\/decubal-hydrating-body-lotion\/#primaryimage"},"image":{"@id":"https:\/\/decubal.com\/se\/produkt\/decubal-hydrating-body-lotion\/#primaryimage"},"thumbnailUrl":"https:\/\/decubal.com\/app\/uploads\/sites\/3\/2024\/05\/Decubal-Hydrating-body-lotion.jpg","datePublished":"2024-05-13T08:28:11+00:00","dateModified":"2026-02-09T10:52:21+00:00","description":"Decubals nya Hydrating Body Lotion ger kliniskt bevisad intensiv 48-timmars \u00e5terfuktning och hj\u00e4lper till att skydda hudens naturliga barri\u00e4r. Den har en l\u00e4tt konsistens som absorberas snabbt in i huden","breadcrumb":{"@id":"https:\/\/decubal.com\/se\/produkt\/decubal-hydrating-body-lotion\/#breadcrumb"},"inLanguage":"sv-SE","potentialAction":[{"@type":"ReadAction","target":["https:\/\/decubal.com\/se\/produkt\/decubal-hydrating-body-lotion\/"]}]},{"@type":"ImageObject","inLanguage":"sv-SE","@id":"https:\/\/decubal.com\/se\/produkt\/decubal-hydrating-body-lotion\/#primaryimage","url":"https:\/\/decubal.com\/app\/uploads\/sites\/3\/2024\/05\/Decubal-Hydrating-body-lotion.jpg","contentUrl":"https:\/\/decubal.com\/app\/uploads\/sites\/3\/2024\/05\/Decubal-Hydrating-body-lotion.jpg","width":600,"height":600,"caption":"Decubal-Hydrating-body-lotion"},{"@type":"BreadcrumbList","@id":"https:\/\/decubal.com\/se\/produkt\/decubal-hydrating-body-lotion\/#breadcrumb","itemListElement":[{"@type":"ListItem","position":1,"name":"Home","item":"https:\/\/decubal.com\/se\/"},{"@type":"ListItem","position":2,"name":"Produkter","item":"https:\/\/decubal.com\/se\/produkter\/"},{"@type":"ListItem","position":3,"name":"Decubal Hydrating body lotion"}]},{"@type":"WebSite","@id":"https:\/\/decubal.com\/se\/#website","url":"https:\/\/decubal.com\/se\/","name":"Decubal","description":"","publisher":{"@id":"https:\/\/decubal.com\/se\/#organization"},"potentialAction":[{"@type":"SearchAction","target":{"@type":"EntryPoint","urlTemplate":"https:\/\/decubal.com\/se\/?s={search_term_string}"},"query-input":{"@type":"PropertyValueSpecification","valueRequired":true,"valueName":"search_term_string"}}],"inLanguage":"sv-SE"},{"@type":"Organization","@id":"https:\/\/decubal.com\/se\/#organization","name":"Decubal","url":"https:\/\/decubal.com\/se\/","logo":{"@type":"ImageObject","inLanguage":"sv-SE","@id":"https:\/\/decubal.com\/se\/#\/schema\/logo\/image\/","url":"https:\/\/decubal.com\/app\/uploads\/sites\/3\/2022\/05\/Decubal-logo.png","contentUrl":"https:\/\/decubal.com\/app\/uploads\/sites\/3\/2022\/05\/Decubal-logo.png","width":138,"height":40,"caption":"Decubal"},"image":{"@id":"https:\/\/decubal.com\/se\/#\/schema\/logo\/image\/"}}]}},"_links":{"self":[{"href":"https:\/\/decubal.com\/se\/wp-json\/wp\/v2\/product\/595","targetHints":{"allow":["GET"]}}],"collection":[{"href":"https:\/\/decubal.com\/se\/wp-json\/wp\/v2\/product"}],"about":[{"href":"https:\/\/decubal.com\/se\/wp-json\/wp\/v2\/types\/product"}],"replies":[{"embeddable":true,"href":"https:\/\/decubal.com\/se\/wp-json\/wp\/v2\/comments?post=595"}],"version-history":[{"count":10,"href":"https:\/\/decubal.com\/se\/wp-json\/wp\/v2\/product\/595\/revisions"}],"predecessor-version":[{"id":960,"href":"https:\/\/decubal.com\/se\/wp-json\/wp\/v2\/product\/595\/revisions\/960"}],"wp:featuredmedia":[{"embeddable":true,"href":"https:\/\/decubal.com\/se\/wp-json\/wp\/v2\/media\/1094"}],"wp:attachment":[{"href":"https:\/\/decubal.com\/se\/wp-json\/wp\/v2\/media?parent=595"}],"wp:term":[{"taxonomy":"product_brand","embeddable":true,"href":"https:\/\/decubal.com\/se\/wp-json\/wp\/v2\/product_brand?post=595"},{"taxonomy":"product_cat","embeddable":true,"href":"https:\/\/decubal.com\/se\/wp-json\/wp\/v2\/product_cat?post=595"},{"taxonomy":"product_tag","embeddable":true,"href":"https:\/\/decubal.com\/se\/wp-json\/wp\/v2\/product_tag?post=595"}],"curies":[{"name":"wp","href":"https:\/\/api.w.org\/{rel}","templated":true}]}}