{"id":590,"date":"2024-05-13T10:18:22","date_gmt":"2024-05-13T08:18:22","guid":{"rendered":"https:\/\/decubal.com\/se\/?post_type=product&#038;p=590"},"modified":"2026-02-09T11:50:50","modified_gmt":"2026-02-09T10:50:50","slug":"decubal-hydrating-body-cream","status":"publish","type":"product","link":"https:\/\/decubal.com\/se\/produkt\/decubal-hydrating-body-cream\/","title":{"rendered":"Decubal Hydrating body cream"},"content":{"rendered":"\n<div class=\"wp-block-karopharma-free-text pt-large pb-large bg-center bg-cover bg-no-repeat  redblock\" style=\"background-image:url()\"><div class=\"free-text-wrapper container max-w-medium text-left\">\n<p>Decubals \u00e5terfuktande hudkr\u00e4m ger intensiv \u00e5terfuktning i 48 timmar och hj\u00e4lper till att skydda hudens naturliga barri\u00e4r. Den l\u00e4tta och v\u00e5rdande formuleringen inneh\u00e5ller Aquaxyl\u2122 , ett komplex som best\u00e5r av naturliga fuktgivande sockerarter som hj\u00e4lper till att st\u00e4rka hudbarri\u00e4ren, och hyaluronsyra samt glycerin som verkar fuktbevarande och mjukg\u00f6rande. Decubal Hydrating body cream skyddar ocks\u00e5 huden mot yttre p\u00e5frestningar, vilket g\u00f6r den till en perfekt hudkr\u00e4m s\u00e4rskilt under de kallare vinterm\u00e5naderna. V\u00e5r hudkr\u00e4m \u00e4r oparfymerad och allergicertifierad vilket g\u00f6r den l\u00e4mplig \u00e4ven f\u00f6r k\u00e4nslig hud.<\/p>\n<\/div><\/div>\n\n\n\n<div class=\"wp-block-karopharma-product-promotion text-align-right pt-large pb-large bg-center bg-cover bg-no-repeat\" style=\"background-image:url()\"><div class=\"container max-w-large\">\n<div class=\"wp-block-group is-layout-flow wp-block-group-is-layout-flow\">\n<div class=\"wp-block-group hexagon is-layout-constrained wp-block-group-is-layout-constrained\">\n<h3 class=\"wp-block-heading has-text-align-center has-primary-color has-text-color has-link-color wp-elements-c6aee251a44b3b3c1bb6450860dd5c83\">Anv\u00e4ndning<\/h3>\n\n\n\n<p class=\"has-text-align-center\">Applicera dagligen p\u00e5 hela kroppen f\u00f6r att h\u00e5lla torr och k\u00e4nslig hud mjuk, smidig och \u00e5terfuktad.<\/p>\n<\/div>\n<\/div>\n\n\n\n<div class=\"wp-block-group is-layout-flow wp-block-group-is-layout-flow\">\n<div class=\"wp-block-group hexagon is-layout-constrained wp-block-group-is-layout-constrained\">\n<h3 class=\"wp-block-heading has-text-align-center has-primary-color has-text-color has-link-color wp-elements-4a0bf1a110c499428bc704dd2eb1cc5c\">Ingredienser<\/h3>\n\n\n\n<p class=\"has-text-align-center mindretext1\">Aqua, Canola Oil, Glycerin, Cetearyl Alcohol, Polyglyceryl-3 Dicitrate\/Stearate, Caprylic\/Capric Triglyceride, Glyceryl Stearate, Xylitylglucoside, Butyrospermum Parkii Butter, Anhydroxylitol, Xylitol, Sodium Benzoate, Potassium Sorbate, Xanthan Gum, Glucose, Lactic Acid, Sodium Hyaluronate<\/p>\n<\/div>\n<\/div>\n<\/div><\/div>\n\n\n\n<div class=\"wp-block-karopharma-free-text pt-large pb-large bg-center bg-cover bg-no-repeat  beigeblock\" style=\"background-image:url()\"><div class=\"free-text-wrapper container max-w-small text-center\">\n<figure class=\"wp-block-image aligncenter size-full\"><img loading=\"lazy\" decoding=\"async\" width=\"200\" height=\"204\" src=\"https:\/\/decubal.com\/app\/uploads\/sites\/3\/2024\/05\/allergy-certified.png\" alt=\"Allergy Certified\" class=\"wp-image-666\"\/><\/figure>\n\n\n\n<h2 class=\"wp-block-heading is-style-heading-h2\">Decubal Hydrating body cream \u00e4r oparfymerad och dermatologiskt testad p\u00e5 torr och k\u00e4nslig hud.<\/h2>\n\n\n\n<p>Produkten \u00e4r rekommenderad av Allergy Certified, vilket inneb\u00e4r att en toxikolog eller farmaceut har gjort en riskbed\u00f6mning av varje enskild ingrediens i sammans\u00e4ttningen f\u00f6r att minimera risken f\u00f6r allergisk reaktion.<\/p>\n<\/div><\/div>\n","protected":false},"excerpt":{"rendered":"<p>Intensivt \u00e5terfuktande hudkr\u00e4m f\u00f6r normal till torr och k\u00e4nslig hud.  <\/p>\n","protected":false},"featured_media":1093,"comment_status":"closed","ping_status":"closed","template":"","meta":{"_acf_changed":false,"footnotes":""},"product_brand":[],"product_cat":[22],"product_tag":[],"class_list":{"0":"post-590","1":"product","2":"type-product","3":"status-publish","4":"has-post-thumbnail","6":"product_cat-hydrating","8":"first","9":"instock","10":"shipping-taxable","11":"product-type-simple"},"acf":[],"yoast_head":"<!-- This site is optimized with the Yoast SEO plugin v26.6 - https:\/\/yoast.com\/wordpress\/plugins\/seo\/ -->\n<title>Decubal Hydrating body cream - Decubal<\/title>\n<meta name=\"description\" content=\"Decubals nya Hydrating Body Cream ger kliniskt bevisad intensiv 48-timmars \u00e5terfuktning och hj\u00e4lper till att skydda hudens naturliga barri\u00e4r.\" \/>\n<meta name=\"robots\" content=\"index, follow, max-snippet:-1, max-image-preview:large, max-video-preview:-1\" \/>\n<link rel=\"canonical\" href=\"https:\/\/decubal.com\/se\/produkt\/decubal-hydrating-body-cream\/\" \/>\n<meta property=\"og:locale\" content=\"sv_SE\" \/>\n<meta property=\"og:type\" content=\"article\" \/>\n<meta property=\"og:title\" content=\"Decubal Hydrating body cream - Decubal\" \/>\n<meta property=\"og:description\" content=\"Decubals nya Hydrating Body Cream ger kliniskt bevisad intensiv 48-timmars \u00e5terfuktning och hj\u00e4lper till att skydda hudens naturliga barri\u00e4r.\" \/>\n<meta property=\"og:url\" content=\"https:\/\/decubal.com\/se\/produkt\/decubal-hydrating-body-cream\/\" \/>\n<meta property=\"og:site_name\" content=\"Decubal\" \/>\n<meta property=\"article:modified_time\" content=\"2026-02-09T10:50:50+00:00\" \/>\n<meta property=\"og:image\" content=\"https:\/\/decubal.com\/app\/uploads\/sites\/3\/2024\/05\/Decubal-Hydrating-body-cream.jpg\" \/>\n\t<meta property=\"og:image:width\" content=\"600\" \/>\n\t<meta property=\"og:image:height\" content=\"600\" \/>\n\t<meta property=\"og:image:type\" content=\"image\/jpeg\" \/>\n<meta name=\"twitter:card\" content=\"summary_large_image\" \/>\n<meta name=\"twitter:label1\" content=\"Ber\u00e4knad l\u00e4stid\" \/>\n\t<meta name=\"twitter:data1\" content=\"2 minuter\" \/>\n<script type=\"application\/ld+json\" class=\"yoast-schema-graph\">{\"@context\":\"https:\/\/schema.org\",\"@graph\":[{\"@type\":\"WebPage\",\"@id\":\"https:\/\/decubal.com\/se\/produkt\/decubal-hydrating-body-cream\/\",\"url\":\"https:\/\/decubal.com\/se\/produkt\/decubal-hydrating-body-cream\/\",\"name\":\"Decubal Hydrating body cream - Decubal\",\"isPartOf\":{\"@id\":\"https:\/\/decubal.com\/se\/#website\"},\"primaryImageOfPage\":{\"@id\":\"https:\/\/decubal.com\/se\/produkt\/decubal-hydrating-body-cream\/#primaryimage\"},\"image\":{\"@id\":\"https:\/\/decubal.com\/se\/produkt\/decubal-hydrating-body-cream\/#primaryimage\"},\"thumbnailUrl\":\"https:\/\/decubal.com\/app\/uploads\/sites\/3\/2024\/05\/Decubal-Hydrating-body-cream.jpg\",\"datePublished\":\"2024-05-13T08:18:22+00:00\",\"dateModified\":\"2026-02-09T10:50:50+00:00\",\"description\":\"Decubals nya Hydrating Body Cream ger kliniskt bevisad intensiv 48-timmars \u00e5terfuktning och hj\u00e4lper till att skydda hudens naturliga barri\u00e4r.\",\"breadcrumb\":{\"@id\":\"https:\/\/decubal.com\/se\/produkt\/decubal-hydrating-body-cream\/#breadcrumb\"},\"inLanguage\":\"sv-SE\",\"potentialAction\":[{\"@type\":\"ReadAction\",\"target\":[\"https:\/\/decubal.com\/se\/produkt\/decubal-hydrating-body-cream\/\"]}]},{\"@type\":\"ImageObject\",\"inLanguage\":\"sv-SE\",\"@id\":\"https:\/\/decubal.com\/se\/produkt\/decubal-hydrating-body-cream\/#primaryimage\",\"url\":\"https:\/\/decubal.com\/app\/uploads\/sites\/3\/2024\/05\/Decubal-Hydrating-body-cream.jpg\",\"contentUrl\":\"https:\/\/decubal.com\/app\/uploads\/sites\/3\/2024\/05\/Decubal-Hydrating-body-cream.jpg\",\"width\":600,\"height\":600,\"caption\":\"Decubal-Hydrating-body-cream\"},{\"@type\":\"BreadcrumbList\",\"@id\":\"https:\/\/decubal.com\/se\/produkt\/decubal-hydrating-body-cream\/#breadcrumb\",\"itemListElement\":[{\"@type\":\"ListItem\",\"position\":1,\"name\":\"Home\",\"item\":\"https:\/\/decubal.com\/se\/\"},{\"@type\":\"ListItem\",\"position\":2,\"name\":\"Produkter\",\"item\":\"https:\/\/decubal.com\/se\/produkter\/\"},{\"@type\":\"ListItem\",\"position\":3,\"name\":\"Decubal Hydrating body cream\"}]},{\"@type\":\"WebSite\",\"@id\":\"https:\/\/decubal.com\/se\/#website\",\"url\":\"https:\/\/decubal.com\/se\/\",\"name\":\"Decubal\",\"description\":\"\",\"publisher\":{\"@id\":\"https:\/\/decubal.com\/se\/#organization\"},\"potentialAction\":[{\"@type\":\"SearchAction\",\"target\":{\"@type\":\"EntryPoint\",\"urlTemplate\":\"https:\/\/decubal.com\/se\/?s={search_term_string}\"},\"query-input\":{\"@type\":\"PropertyValueSpecification\",\"valueRequired\":true,\"valueName\":\"search_term_string\"}}],\"inLanguage\":\"sv-SE\"},{\"@type\":\"Organization\",\"@id\":\"https:\/\/decubal.com\/se\/#organization\",\"name\":\"Decubal\",\"url\":\"https:\/\/decubal.com\/se\/\",\"logo\":{\"@type\":\"ImageObject\",\"inLanguage\":\"sv-SE\",\"@id\":\"https:\/\/decubal.com\/se\/#\/schema\/logo\/image\/\",\"url\":\"https:\/\/decubal.com\/app\/uploads\/sites\/3\/2022\/05\/Decubal-logo.png\",\"contentUrl\":\"https:\/\/decubal.com\/app\/uploads\/sites\/3\/2022\/05\/Decubal-logo.png\",\"width\":138,\"height\":40,\"caption\":\"Decubal\"},\"image\":{\"@id\":\"https:\/\/decubal.com\/se\/#\/schema\/logo\/image\/\"}}]}<\/script>\n<!-- \/ Yoast SEO plugin. -->","yoast_head_json":{"title":"Decubal Hydrating body cream - Decubal","description":"Decubals nya Hydrating Body Cream ger kliniskt bevisad intensiv 48-timmars \u00e5terfuktning och hj\u00e4lper till att skydda hudens naturliga barri\u00e4r.","robots":{"index":"index","follow":"follow","max-snippet":"max-snippet:-1","max-image-preview":"max-image-preview:large","max-video-preview":"max-video-preview:-1"},"canonical":"https:\/\/decubal.com\/se\/produkt\/decubal-hydrating-body-cream\/","og_locale":"sv_SE","og_type":"article","og_title":"Decubal Hydrating body cream - Decubal","og_description":"Decubals nya Hydrating Body Cream ger kliniskt bevisad intensiv 48-timmars \u00e5terfuktning och hj\u00e4lper till att skydda hudens naturliga barri\u00e4r.","og_url":"https:\/\/decubal.com\/se\/produkt\/decubal-hydrating-body-cream\/","og_site_name":"Decubal","article_modified_time":"2026-02-09T10:50:50+00:00","og_image":[{"width":600,"height":600,"url":"https:\/\/decubal.com\/app\/uploads\/sites\/3\/2024\/05\/Decubal-Hydrating-body-cream.jpg","type":"image\/jpeg"}],"twitter_card":"summary_large_image","twitter_misc":{"Ber\u00e4knad l\u00e4stid":"2 minuter"},"schema":{"@context":"https:\/\/schema.org","@graph":[{"@type":"WebPage","@id":"https:\/\/decubal.com\/se\/produkt\/decubal-hydrating-body-cream\/","url":"https:\/\/decubal.com\/se\/produkt\/decubal-hydrating-body-cream\/","name":"Decubal Hydrating body cream - Decubal","isPartOf":{"@id":"https:\/\/decubal.com\/se\/#website"},"primaryImageOfPage":{"@id":"https:\/\/decubal.com\/se\/produkt\/decubal-hydrating-body-cream\/#primaryimage"},"image":{"@id":"https:\/\/decubal.com\/se\/produkt\/decubal-hydrating-body-cream\/#primaryimage"},"thumbnailUrl":"https:\/\/decubal.com\/app\/uploads\/sites\/3\/2024\/05\/Decubal-Hydrating-body-cream.jpg","datePublished":"2024-05-13T08:18:22+00:00","dateModified":"2026-02-09T10:50:50+00:00","description":"Decubals nya Hydrating Body Cream ger kliniskt bevisad intensiv 48-timmars \u00e5terfuktning och hj\u00e4lper till att skydda hudens naturliga barri\u00e4r.","breadcrumb":{"@id":"https:\/\/decubal.com\/se\/produkt\/decubal-hydrating-body-cream\/#breadcrumb"},"inLanguage":"sv-SE","potentialAction":[{"@type":"ReadAction","target":["https:\/\/decubal.com\/se\/produkt\/decubal-hydrating-body-cream\/"]}]},{"@type":"ImageObject","inLanguage":"sv-SE","@id":"https:\/\/decubal.com\/se\/produkt\/decubal-hydrating-body-cream\/#primaryimage","url":"https:\/\/decubal.com\/app\/uploads\/sites\/3\/2024\/05\/Decubal-Hydrating-body-cream.jpg","contentUrl":"https:\/\/decubal.com\/app\/uploads\/sites\/3\/2024\/05\/Decubal-Hydrating-body-cream.jpg","width":600,"height":600,"caption":"Decubal-Hydrating-body-cream"},{"@type":"BreadcrumbList","@id":"https:\/\/decubal.com\/se\/produkt\/decubal-hydrating-body-cream\/#breadcrumb","itemListElement":[{"@type":"ListItem","position":1,"name":"Home","item":"https:\/\/decubal.com\/se\/"},{"@type":"ListItem","position":2,"name":"Produkter","item":"https:\/\/decubal.com\/se\/produkter\/"},{"@type":"ListItem","position":3,"name":"Decubal Hydrating body cream"}]},{"@type":"WebSite","@id":"https:\/\/decubal.com\/se\/#website","url":"https:\/\/decubal.com\/se\/","name":"Decubal","description":"","publisher":{"@id":"https:\/\/decubal.com\/se\/#organization"},"potentialAction":[{"@type":"SearchAction","target":{"@type":"EntryPoint","urlTemplate":"https:\/\/decubal.com\/se\/?s={search_term_string}"},"query-input":{"@type":"PropertyValueSpecification","valueRequired":true,"valueName":"search_term_string"}}],"inLanguage":"sv-SE"},{"@type":"Organization","@id":"https:\/\/decubal.com\/se\/#organization","name":"Decubal","url":"https:\/\/decubal.com\/se\/","logo":{"@type":"ImageObject","inLanguage":"sv-SE","@id":"https:\/\/decubal.com\/se\/#\/schema\/logo\/image\/","url":"https:\/\/decubal.com\/app\/uploads\/sites\/3\/2022\/05\/Decubal-logo.png","contentUrl":"https:\/\/decubal.com\/app\/uploads\/sites\/3\/2022\/05\/Decubal-logo.png","width":138,"height":40,"caption":"Decubal"},"image":{"@id":"https:\/\/decubal.com\/se\/#\/schema\/logo\/image\/"}}]}},"_links":{"self":[{"href":"https:\/\/decubal.com\/se\/wp-json\/wp\/v2\/product\/590","targetHints":{"allow":["GET"]}}],"collection":[{"href":"https:\/\/decubal.com\/se\/wp-json\/wp\/v2\/product"}],"about":[{"href":"https:\/\/decubal.com\/se\/wp-json\/wp\/v2\/types\/product"}],"replies":[{"embeddable":true,"href":"https:\/\/decubal.com\/se\/wp-json\/wp\/v2\/comments?post=590"}],"version-history":[{"count":10,"href":"https:\/\/decubal.com\/se\/wp-json\/wp\/v2\/product\/590\/revisions"}],"predecessor-version":[{"id":963,"href":"https:\/\/decubal.com\/se\/wp-json\/wp\/v2\/product\/590\/revisions\/963"}],"wp:featuredmedia":[{"embeddable":true,"href":"https:\/\/decubal.com\/se\/wp-json\/wp\/v2\/media\/1093"}],"wp:attachment":[{"href":"https:\/\/decubal.com\/se\/wp-json\/wp\/v2\/media?parent=590"}],"wp:term":[{"taxonomy":"product_brand","embeddable":true,"href":"https:\/\/decubal.com\/se\/wp-json\/wp\/v2\/product_brand?post=590"},{"taxonomy":"product_cat","embeddable":true,"href":"https:\/\/decubal.com\/se\/wp-json\/wp\/v2\/product_cat?post=590"},{"taxonomy":"product_tag","embeddable":true,"href":"https:\/\/decubal.com\/se\/wp-json\/wp\/v2\/product_tag?post=590"}],"curies":[{"name":"wp","href":"https:\/\/api.w.org\/{rel}","templated":true}]}}