{"id":543,"date":"2023-10-17T15:49:14","date_gmt":"2023-10-17T13:49:14","guid":{"rendered":"https:\/\/decubal.com\/se\/?post_type=product&#038;p=543"},"modified":"2025-02-12T08:46:31","modified_gmt":"2025-02-12T07:46:31","slug":"decubal-hydrating-night-cream","status":"publish","type":"product","link":"https:\/\/decubal.com\/se\/produkt\/decubal-hydrating-night-cream\/","title":{"rendered":"Decubal Hydrating night cream"},"content":{"rendered":"\n<div class=\"wp-block-karopharma-free-text pt-large pb-large bg-center bg-cover bg-no-repeat  redblock\" style=\"background-image:url()\"><div class=\"free-text-wrapper container max-w-medium text-left\">\n<p>Decubal Hydrating night cream \u00e5terfuktar huden p\u00e5 djupet under natten och verkar intensivt fuktgivande i 24 timmar. Ansiktskr\u00e4men har en l\u00e4tt konsistens som absorberas snabbt och inneh\u00e5ller E-vitamin, macadamiaolja och sheasm\u00f6r som \u00e5terfuktar huden och hj\u00e4lper till att \u00e5terst\u00e4lla hudens naturliga barri\u00e4r medan du sover. Kliniskt bevisad, l\u00e5ngvarig \u00e5terfuktande effekt som g\u00f6r huden silkeslen, \u00e5terfuktad och smidig. Decubals \u00e5terfuktande nattkr\u00e4m \u00e4r allergicertifierad, oparfymerad och dermatologiskt testad p\u00e5 k\u00e4nslig hud.<\/p>\n<\/div><\/div>\n\n\n\n<div class=\"wp-block-karopharma-product-promotion text-align-right pt-large pb-large bg-center bg-cover bg-no-repeat\" style=\"background-image:url()\"><div class=\"container max-w-large\">\n<div class=\"wp-block-group is-layout-flow wp-block-group-is-layout-flow\">\n<div class=\"wp-block-group hexagon is-layout-constrained wp-block-group-is-layout-constrained\">\n<h3 class=\"wp-block-heading has-text-align-center has-primary-color has-text-color has-link-color wp-elements-c6aee251a44b3b3c1bb6450860dd5c83\">Anv\u00e4ndning<\/h3>\n\n\n\n<p class=\"has-text-align-center\">Applicera i ansiktet p\u00e5 kv\u00e4llen efter reng\u00f6ring eller efter applicering av Decubals \u00e5terfuktande serum. Om du anv\u00e4nder serumet b\u00f6r du v\u00e4nta tills det har absorberats in i huden innan du applicerar nattkr\u00e4men.<\/p>\n<\/div>\n<\/div>\n\n\n\n<div class=\"wp-block-group is-layout-flow wp-block-group-is-layout-flow\">\n<div class=\"wp-block-group hexagon is-layout-constrained wp-block-group-is-layout-constrained\">\n<h3 class=\"wp-block-heading has-text-align-center has-primary-color has-text-color has-link-color wp-elements-4a0bf1a110c499428bc704dd2eb1cc5c\">Ingredienser<\/h3>\n\n\n\n<p class=\"has-text-align-center mindretext2\">Aqua, Macadamia integrifolia seed oil, Prunus amygdalus dulcis oil, Pentylene glycol, Glycerin, Simmondsia chinensis seed oil, Stearyl alcohol, Polyglyceryl-2 stearate, Behenyl alcohol, Theobroma cacao seed butter, Butyrospermum parkii butter, Glyceryl stearate, Hydrogenated rapeseed alcohol, Polyglyceryl -10 eicosanedioate\/tetradecanedioate, Betaine, Xanthan gum, Tocopheryl acetate, Levulinic acid, Sodium anisate, Sodium levulinate, Polyglyceryl-4 oleate, Tocopherol, Sodium hydroxide, Helianthus annuus seed oil, Glyceryl olivate<\/p>\n<\/div>\n<\/div>\n<\/div><\/div>\n\n\n\n<div class=\"wp-block-karopharma-free-text pt-large pb-large bg-center bg-cover bg-no-repeat  beigeblock\" style=\"background-image:url()\"><div class=\"free-text-wrapper container max-w-small text-center\">\n<figure class=\"wp-block-image aligncenter size-full\"><img loading=\"lazy\" decoding=\"async\" width=\"200\" height=\"204\" src=\"https:\/\/decubal.com\/app\/uploads\/sites\/3\/2024\/05\/allergy-certified.png\" alt=\"Allergy Certified\" class=\"wp-image-666\"\/><\/figure>\n\n\n\n<h2 class=\"wp-block-heading is-style-heading-h2\">Decubal Hydrating night cream \u00e4r oparfymerad och dermatologiskt testad p\u00e5 torr och k\u00e4nslig hud.<\/h2>\n\n\n\n<p>Produkten \u00e4r rekommenderad av Allergy Certified, vilket inneb\u00e4r att en toxikolog eller farmaceut har gjort en riskbed\u00f6mning av varje enskild ingrediens i sammans\u00e4ttningen f\u00f6r att minimera risken f\u00f6r allergisk reaktion.<\/p>\n<\/div><\/div>\n","protected":false},"excerpt":{"rendered":"<p>En l\u00e4tt och intensivt \u00e5terfuktande nattkr\u00e4m f\u00f6r normal till torr och k\u00e4nslig hud.<\/p>\n","protected":false},"featured_media":884,"comment_status":"closed","ping_status":"closed","template":"","meta":{"_acf_changed":false,"footnotes":""},"product_brand":[],"product_cat":[22],"product_tag":[],"class_list":{"0":"post-543","1":"product","2":"type-product","3":"status-publish","4":"has-post-thumbnail","6":"product_cat-hydrating","8":"first","9":"instock","10":"shipping-taxable","11":"product-type-simple"},"acf":[],"yoast_head":"<!-- This site is optimized with the Yoast SEO plugin v26.6 - https:\/\/yoast.com\/wordpress\/plugins\/seo\/ -->\n<title>Decubal Hydrating night cream - Decubal<\/title>\n<meta name=\"description\" content=\"Intensiv \u00e5terfuktande nattkr\u00e4m som ger snabb och l\u00e5ngvarig \u00e5terfuktning och hj\u00e4lper till att \u00e5teruppbygga hudens fuktbarri\u00e4r medan du sover.\" \/>\n<meta name=\"robots\" content=\"index, follow, max-snippet:-1, max-image-preview:large, max-video-preview:-1\" \/>\n<link rel=\"canonical\" href=\"https:\/\/decubal.com\/se\/produkt\/decubal-hydrating-night-cream\/\" \/>\n<meta property=\"og:locale\" content=\"sv_SE\" \/>\n<meta property=\"og:type\" content=\"article\" \/>\n<meta property=\"og:title\" content=\"Decubal Hydrating night cream - Decubal\" \/>\n<meta property=\"og:description\" content=\"Intensiv \u00e5terfuktande nattkr\u00e4m som ger snabb och l\u00e5ngvarig \u00e5terfuktning och hj\u00e4lper till att \u00e5teruppbygga hudens fuktbarri\u00e4r medan du sover.\" \/>\n<meta property=\"og:url\" content=\"https:\/\/decubal.com\/se\/produkt\/decubal-hydrating-night-cream\/\" \/>\n<meta property=\"og:site_name\" content=\"Decubal\" \/>\n<meta property=\"article:modified_time\" content=\"2025-02-12T07:46:31+00:00\" \/>\n<meta property=\"og:image\" content=\"https:\/\/decubal.com\/app\/uploads\/sites\/3\/2023\/10\/Decubal-Face-Night-Cream-1.png\" \/>\n\t<meta property=\"og:image:width\" content=\"600\" \/>\n\t<meta property=\"og:image:height\" content=\"600\" \/>\n\t<meta property=\"og:image:type\" content=\"image\/png\" \/>\n<meta name=\"twitter:card\" content=\"summary_large_image\" \/>\n<meta name=\"twitter:label1\" content=\"Ber\u00e4knad l\u00e4stid\" \/>\n\t<meta name=\"twitter:data1\" content=\"2 minuter\" \/>\n<script type=\"application\/ld+json\" class=\"yoast-schema-graph\">{\"@context\":\"https:\/\/schema.org\",\"@graph\":[{\"@type\":\"WebPage\",\"@id\":\"https:\/\/decubal.com\/se\/produkt\/decubal-hydrating-night-cream\/\",\"url\":\"https:\/\/decubal.com\/se\/produkt\/decubal-hydrating-night-cream\/\",\"name\":\"Decubal Hydrating night cream - Decubal\",\"isPartOf\":{\"@id\":\"https:\/\/decubal.com\/se\/#website\"},\"primaryImageOfPage\":{\"@id\":\"https:\/\/decubal.com\/se\/produkt\/decubal-hydrating-night-cream\/#primaryimage\"},\"image\":{\"@id\":\"https:\/\/decubal.com\/se\/produkt\/decubal-hydrating-night-cream\/#primaryimage\"},\"thumbnailUrl\":\"https:\/\/decubal.com\/app\/uploads\/sites\/3\/2023\/10\/Decubal-Face-Night-Cream-1.png\",\"datePublished\":\"2023-10-17T13:49:14+00:00\",\"dateModified\":\"2025-02-12T07:46:31+00:00\",\"description\":\"Intensiv \u00e5terfuktande nattkr\u00e4m som ger snabb och l\u00e5ngvarig \u00e5terfuktning och hj\u00e4lper till att \u00e5teruppbygga hudens fuktbarri\u00e4r medan du sover.\",\"breadcrumb\":{\"@id\":\"https:\/\/decubal.com\/se\/produkt\/decubal-hydrating-night-cream\/#breadcrumb\"},\"inLanguage\":\"sv-SE\",\"potentialAction\":[{\"@type\":\"ReadAction\",\"target\":[\"https:\/\/decubal.com\/se\/produkt\/decubal-hydrating-night-cream\/\"]}]},{\"@type\":\"ImageObject\",\"inLanguage\":\"sv-SE\",\"@id\":\"https:\/\/decubal.com\/se\/produkt\/decubal-hydrating-night-cream\/#primaryimage\",\"url\":\"https:\/\/decubal.com\/app\/uploads\/sites\/3\/2023\/10\/Decubal-Face-Night-Cream-1.png\",\"contentUrl\":\"https:\/\/decubal.com\/app\/uploads\/sites\/3\/2023\/10\/Decubal-Face-Night-Cream-1.png\",\"width\":600,\"height\":600,\"caption\":\"Decubal-Face-Night-Cream\"},{\"@type\":\"BreadcrumbList\",\"@id\":\"https:\/\/decubal.com\/se\/produkt\/decubal-hydrating-night-cream\/#breadcrumb\",\"itemListElement\":[{\"@type\":\"ListItem\",\"position\":1,\"name\":\"Home\",\"item\":\"https:\/\/decubal.com\/se\/\"},{\"@type\":\"ListItem\",\"position\":2,\"name\":\"Produkter\",\"item\":\"https:\/\/decubal.com\/se\/produkter\/\"},{\"@type\":\"ListItem\",\"position\":3,\"name\":\"Decubal Hydrating night cream\"}]},{\"@type\":\"WebSite\",\"@id\":\"https:\/\/decubal.com\/se\/#website\",\"url\":\"https:\/\/decubal.com\/se\/\",\"name\":\"Decubal\",\"description\":\"\",\"publisher\":{\"@id\":\"https:\/\/decubal.com\/se\/#organization\"},\"potentialAction\":[{\"@type\":\"SearchAction\",\"target\":{\"@type\":\"EntryPoint\",\"urlTemplate\":\"https:\/\/decubal.com\/se\/?s={search_term_string}\"},\"query-input\":{\"@type\":\"PropertyValueSpecification\",\"valueRequired\":true,\"valueName\":\"search_term_string\"}}],\"inLanguage\":\"sv-SE\"},{\"@type\":\"Organization\",\"@id\":\"https:\/\/decubal.com\/se\/#organization\",\"name\":\"Decubal\",\"url\":\"https:\/\/decubal.com\/se\/\",\"logo\":{\"@type\":\"ImageObject\",\"inLanguage\":\"sv-SE\",\"@id\":\"https:\/\/decubal.com\/se\/#\/schema\/logo\/image\/\",\"url\":\"https:\/\/decubal.com\/app\/uploads\/sites\/3\/2022\/05\/Decubal-logo.png\",\"contentUrl\":\"https:\/\/decubal.com\/app\/uploads\/sites\/3\/2022\/05\/Decubal-logo.png\",\"width\":138,\"height\":40,\"caption\":\"Decubal\"},\"image\":{\"@id\":\"https:\/\/decubal.com\/se\/#\/schema\/logo\/image\/\"}}]}<\/script>\n<!-- \/ Yoast SEO plugin. -->","yoast_head_json":{"title":"Decubal Hydrating night cream - Decubal","description":"Intensiv \u00e5terfuktande nattkr\u00e4m som ger snabb och l\u00e5ngvarig \u00e5terfuktning och hj\u00e4lper till att \u00e5teruppbygga hudens fuktbarri\u00e4r medan du sover.","robots":{"index":"index","follow":"follow","max-snippet":"max-snippet:-1","max-image-preview":"max-image-preview:large","max-video-preview":"max-video-preview:-1"},"canonical":"https:\/\/decubal.com\/se\/produkt\/decubal-hydrating-night-cream\/","og_locale":"sv_SE","og_type":"article","og_title":"Decubal Hydrating night cream - Decubal","og_description":"Intensiv \u00e5terfuktande nattkr\u00e4m som ger snabb och l\u00e5ngvarig \u00e5terfuktning och hj\u00e4lper till att \u00e5teruppbygga hudens fuktbarri\u00e4r medan du sover.","og_url":"https:\/\/decubal.com\/se\/produkt\/decubal-hydrating-night-cream\/","og_site_name":"Decubal","article_modified_time":"2025-02-12T07:46:31+00:00","og_image":[{"width":600,"height":600,"url":"https:\/\/decubal.com\/app\/uploads\/sites\/3\/2023\/10\/Decubal-Face-Night-Cream-1.png","type":"image\/png"}],"twitter_card":"summary_large_image","twitter_misc":{"Ber\u00e4knad l\u00e4stid":"2 minuter"},"schema":{"@context":"https:\/\/schema.org","@graph":[{"@type":"WebPage","@id":"https:\/\/decubal.com\/se\/produkt\/decubal-hydrating-night-cream\/","url":"https:\/\/decubal.com\/se\/produkt\/decubal-hydrating-night-cream\/","name":"Decubal Hydrating night cream - Decubal","isPartOf":{"@id":"https:\/\/decubal.com\/se\/#website"},"primaryImageOfPage":{"@id":"https:\/\/decubal.com\/se\/produkt\/decubal-hydrating-night-cream\/#primaryimage"},"image":{"@id":"https:\/\/decubal.com\/se\/produkt\/decubal-hydrating-night-cream\/#primaryimage"},"thumbnailUrl":"https:\/\/decubal.com\/app\/uploads\/sites\/3\/2023\/10\/Decubal-Face-Night-Cream-1.png","datePublished":"2023-10-17T13:49:14+00:00","dateModified":"2025-02-12T07:46:31+00:00","description":"Intensiv \u00e5terfuktande nattkr\u00e4m som ger snabb och l\u00e5ngvarig \u00e5terfuktning och hj\u00e4lper till att \u00e5teruppbygga hudens fuktbarri\u00e4r medan du sover.","breadcrumb":{"@id":"https:\/\/decubal.com\/se\/produkt\/decubal-hydrating-night-cream\/#breadcrumb"},"inLanguage":"sv-SE","potentialAction":[{"@type":"ReadAction","target":["https:\/\/decubal.com\/se\/produkt\/decubal-hydrating-night-cream\/"]}]},{"@type":"ImageObject","inLanguage":"sv-SE","@id":"https:\/\/decubal.com\/se\/produkt\/decubal-hydrating-night-cream\/#primaryimage","url":"https:\/\/decubal.com\/app\/uploads\/sites\/3\/2023\/10\/Decubal-Face-Night-Cream-1.png","contentUrl":"https:\/\/decubal.com\/app\/uploads\/sites\/3\/2023\/10\/Decubal-Face-Night-Cream-1.png","width":600,"height":600,"caption":"Decubal-Face-Night-Cream"},{"@type":"BreadcrumbList","@id":"https:\/\/decubal.com\/se\/produkt\/decubal-hydrating-night-cream\/#breadcrumb","itemListElement":[{"@type":"ListItem","position":1,"name":"Home","item":"https:\/\/decubal.com\/se\/"},{"@type":"ListItem","position":2,"name":"Produkter","item":"https:\/\/decubal.com\/se\/produkter\/"},{"@type":"ListItem","position":3,"name":"Decubal Hydrating night cream"}]},{"@type":"WebSite","@id":"https:\/\/decubal.com\/se\/#website","url":"https:\/\/decubal.com\/se\/","name":"Decubal","description":"","publisher":{"@id":"https:\/\/decubal.com\/se\/#organization"},"potentialAction":[{"@type":"SearchAction","target":{"@type":"EntryPoint","urlTemplate":"https:\/\/decubal.com\/se\/?s={search_term_string}"},"query-input":{"@type":"PropertyValueSpecification","valueRequired":true,"valueName":"search_term_string"}}],"inLanguage":"sv-SE"},{"@type":"Organization","@id":"https:\/\/decubal.com\/se\/#organization","name":"Decubal","url":"https:\/\/decubal.com\/se\/","logo":{"@type":"ImageObject","inLanguage":"sv-SE","@id":"https:\/\/decubal.com\/se\/#\/schema\/logo\/image\/","url":"https:\/\/decubal.com\/app\/uploads\/sites\/3\/2022\/05\/Decubal-logo.png","contentUrl":"https:\/\/decubal.com\/app\/uploads\/sites\/3\/2022\/05\/Decubal-logo.png","width":138,"height":40,"caption":"Decubal"},"image":{"@id":"https:\/\/decubal.com\/se\/#\/schema\/logo\/image\/"}}]}},"_links":{"self":[{"href":"https:\/\/decubal.com\/se\/wp-json\/wp\/v2\/product\/543","targetHints":{"allow":["GET"]}}],"collection":[{"href":"https:\/\/decubal.com\/se\/wp-json\/wp\/v2\/product"}],"about":[{"href":"https:\/\/decubal.com\/se\/wp-json\/wp\/v2\/types\/product"}],"replies":[{"embeddable":true,"href":"https:\/\/decubal.com\/se\/wp-json\/wp\/v2\/comments?post=543"}],"version-history":[{"count":10,"href":"https:\/\/decubal.com\/se\/wp-json\/wp\/v2\/product\/543\/revisions"}],"predecessor-version":[{"id":922,"href":"https:\/\/decubal.com\/se\/wp-json\/wp\/v2\/product\/543\/revisions\/922"}],"wp:featuredmedia":[{"embeddable":true,"href":"https:\/\/decubal.com\/se\/wp-json\/wp\/v2\/media\/884"}],"wp:attachment":[{"href":"https:\/\/decubal.com\/se\/wp-json\/wp\/v2\/media?parent=543"}],"wp:term":[{"taxonomy":"product_brand","embeddable":true,"href":"https:\/\/decubal.com\/se\/wp-json\/wp\/v2\/product_brand?post=543"},{"taxonomy":"product_cat","embeddable":true,"href":"https:\/\/decubal.com\/se\/wp-json\/wp\/v2\/product_cat?post=543"},{"taxonomy":"product_tag","embeddable":true,"href":"https:\/\/decubal.com\/se\/wp-json\/wp\/v2\/product_tag?post=543"}],"curies":[{"name":"wp","href":"https:\/\/api.w.org\/{rel}","templated":true}]}}