{"id":53,"date":"2022-05-17T18:48:29","date_gmt":"2022-05-17T16:48:29","guid":{"rendered":"https:\/\/decubal.com\/sv\/?post_type=product&#038;p=53"},"modified":"2025-08-14T11:58:28","modified_gmt":"2025-08-14T09:58:28","slug":"decubal-restoring-lips-dry-spots-balm","status":"publish","type":"product","link":"https:\/\/decubal.com\/se\/produkt\/decubal-restoring-lips-dry-spots-balm\/","title":{"rendered":"Decubal Restoring lips &amp; dry spots balm"},"content":{"rendered":"\n<div class=\"wp-block-karopharma-free-text pt-large pb-large bg-center bg-cover bg-no-repeat  redblock\" style=\"background-image:url()\"><div class=\"free-text-wrapper container max-w-medium text-left\">\n<p>Decubal Restoring lips &amp; dry spots balm har en rik och n\u00e4rande konsistens som hj\u00e4lper till att \u00e5terst\u00e4lla, mjukg\u00f6ra och v\u00e5rda mycket torr och narig hud p\u00e5 l\u00e4pparna och andra mindre hudpartier p\u00e5 ansikte och kropp. Produkten inneh\u00e5ller 99% lipider, E-vitamin och bivax som ger snabb och l\u00e5ngvarig \u00e5terfuktning. V\u00e5ra ingredienser samverkar f\u00f6r att skapa en skyddande barri\u00e4r p\u00e5 l\u00e4ppar och hud, f\u00f6rsegla fukt och fr\u00e4mja hudens naturliga fuktbevarande f\u00f6rm\u00e5ga. V\u00e5r lips &amp; dry spots balm \u00e4r helt vattenfri och oparfymerad och passar mycket torr och k\u00e4nslig hud.<\/p>\n<\/div><\/div>\n\n\n\n<div class=\"wp-block-karopharma-product-promotion text-align-right pt-large pb-large bg-center bg-cover bg-no-repeat\" style=\"background-image:url()\"><div class=\"container max-w-large\">\n<div class=\"wp-block-group is-layout-flow wp-block-group-is-layout-flow\">\n<div class=\"wp-block-group hexagon is-layout-constrained wp-block-group-is-layout-constrained\">\n<h3 class=\"wp-block-heading has-text-align-center has-primary-color has-text-color has-link-color wp-elements-c6aee251a44b3b3c1bb6450860dd5c83\">Anv\u00e4ndning<\/h3>\n\n\n\n<p class=\"has-text-align-center\">Applicera s\u00e5 ofta som beh\u00f6vs p\u00e5 nariga l\u00e4ppar och andra torra hudpartier som nagelband, knogar, armb\u00e5gar och kn\u00e4n.<\/p>\n<\/div>\n<\/div>\n\n\n\n<div class=\"wp-block-group is-layout-flow wp-block-group-is-layout-flow\">\n<div class=\"wp-block-group hexagon is-layout-constrained wp-block-group-is-layout-constrained\">\n<h3 class=\"wp-block-heading has-text-align-center has-primary-color has-text-color has-link-color wp-elements-4a0bf1a110c499428bc704dd2eb1cc5c\">Ingredienser<\/h3>\n\n\n\n<p class=\"has-text-align-center\">Petrolatum, Lanolin, Paraffinum Liquidum, Cera Alba, Ricinus Communis Seed Oil, Tocopherol.<\/p>\n<\/div>\n<\/div>\n<\/div><\/div>\n","protected":false},"excerpt":{"rendered":"<p>N\u00e4rande och mjukg\u00f6rande salva som \u00e5terfuktar och \u00e5terst\u00e4ller torr och narig hud p\u00e5 l\u00e4pparna och andra hudpartier.<\/p>\n","protected":false},"featured_media":702,"comment_status":"closed","ping_status":"closed","template":"","meta":{"_acf_changed":false,"footnotes":""},"product_brand":[],"product_cat":[23],"product_tag":[],"class_list":{"0":"post-53","1":"product","2":"type-product","3":"status-publish","4":"has-post-thumbnail","6":"product_cat-restoring","8":"first","9":"instock","10":"shipping-taxable","11":"product-type-simple"},"acf":[],"yoast_head":"<!-- This site is optimized with the Yoast SEO plugin v26.6 - https:\/\/yoast.com\/wordpress\/plugins\/seo\/ -->\n<title>Decubal Restoring lips &amp; dry spots balm - Decubal<\/title>\n<meta name=\"description\" content=\"Riktad och effektiv hj\u00e4lp f\u00f6r v\u00e5rd av torra, spruckna l\u00e4ppar, slitna nagelband, vita knogar och sm\u00e5 revor.\" \/>\n<meta name=\"robots\" content=\"index, follow, max-snippet:-1, max-image-preview:large, max-video-preview:-1\" \/>\n<link rel=\"canonical\" href=\"https:\/\/decubal.com\/se\/produkt\/decubal-restoring-lips-dry-spots-balm\/\" \/>\n<meta property=\"og:locale\" content=\"sv_SE\" \/>\n<meta property=\"og:type\" content=\"article\" \/>\n<meta property=\"og:title\" content=\"Decubal Restoring lips &amp; dry spots balm - Decubal\" \/>\n<meta property=\"og:description\" content=\"Riktad och effektiv hj\u00e4lp f\u00f6r v\u00e5rd av torra, spruckna l\u00e4ppar, slitna nagelband, vita knogar och sm\u00e5 revor.\" \/>\n<meta property=\"og:url\" content=\"https:\/\/decubal.com\/se\/produkt\/decubal-restoring-lips-dry-spots-balm\/\" \/>\n<meta property=\"og:site_name\" content=\"Decubal\" \/>\n<meta property=\"article:modified_time\" content=\"2025-08-14T09:58:28+00:00\" \/>\n<meta property=\"og:image\" content=\"https:\/\/decubal.com\/app\/uploads\/sites\/3\/2022\/05\/Decubal-lips-and-dry.png\" \/>\n\t<meta property=\"og:image:width\" content=\"600\" \/>\n\t<meta property=\"og:image:height\" content=\"600\" \/>\n\t<meta property=\"og:image:type\" content=\"image\/png\" \/>\n<meta name=\"twitter:card\" content=\"summary_large_image\" \/>\n<meta name=\"twitter:label1\" content=\"Ber\u00e4knad l\u00e4stid\" \/>\n\t<meta name=\"twitter:data1\" content=\"1 minut\" \/>\n<script type=\"application\/ld+json\" class=\"yoast-schema-graph\">{\"@context\":\"https:\/\/schema.org\",\"@graph\":[{\"@type\":\"WebPage\",\"@id\":\"https:\/\/decubal.com\/se\/produkt\/decubal-restoring-lips-dry-spots-balm\/\",\"url\":\"https:\/\/decubal.com\/se\/produkt\/decubal-restoring-lips-dry-spots-balm\/\",\"name\":\"Decubal Restoring lips &amp; dry spots balm - Decubal\",\"isPartOf\":{\"@id\":\"https:\/\/decubal.com\/se\/#website\"},\"primaryImageOfPage\":{\"@id\":\"https:\/\/decubal.com\/se\/produkt\/decubal-restoring-lips-dry-spots-balm\/#primaryimage\"},\"image\":{\"@id\":\"https:\/\/decubal.com\/se\/produkt\/decubal-restoring-lips-dry-spots-balm\/#primaryimage\"},\"thumbnailUrl\":\"https:\/\/decubal.com\/app\/uploads\/sites\/3\/2022\/05\/Decubal-lips-and-dry.png\",\"datePublished\":\"2022-05-17T16:48:29+00:00\",\"dateModified\":\"2025-08-14T09:58:28+00:00\",\"description\":\"Riktad och effektiv hj\u00e4lp f\u00f6r v\u00e5rd av torra, spruckna l\u00e4ppar, slitna nagelband, vita knogar och sm\u00e5 revor.\",\"breadcrumb\":{\"@id\":\"https:\/\/decubal.com\/se\/produkt\/decubal-restoring-lips-dry-spots-balm\/#breadcrumb\"},\"inLanguage\":\"sv-SE\",\"potentialAction\":[{\"@type\":\"ReadAction\",\"target\":[\"https:\/\/decubal.com\/se\/produkt\/decubal-restoring-lips-dry-spots-balm\/\"]}]},{\"@type\":\"ImageObject\",\"inLanguage\":\"sv-SE\",\"@id\":\"https:\/\/decubal.com\/se\/produkt\/decubal-restoring-lips-dry-spots-balm\/#primaryimage\",\"url\":\"https:\/\/decubal.com\/app\/uploads\/sites\/3\/2022\/05\/Decubal-lips-and-dry.png\",\"contentUrl\":\"https:\/\/decubal.com\/app\/uploads\/sites\/3\/2022\/05\/Decubal-lips-and-dry.png\",\"width\":600,\"height\":600,\"caption\":\"Decubal lips & dry spots balm\"},{\"@type\":\"BreadcrumbList\",\"@id\":\"https:\/\/decubal.com\/se\/produkt\/decubal-restoring-lips-dry-spots-balm\/#breadcrumb\",\"itemListElement\":[{\"@type\":\"ListItem\",\"position\":1,\"name\":\"Home\",\"item\":\"https:\/\/decubal.com\/se\/\"},{\"@type\":\"ListItem\",\"position\":2,\"name\":\"Produkter\",\"item\":\"https:\/\/decubal.com\/se\/produkter\/\"},{\"@type\":\"ListItem\",\"position\":3,\"name\":\"Decubal Restoring lips &amp; dry spots balm\"}]},{\"@type\":\"WebSite\",\"@id\":\"https:\/\/decubal.com\/se\/#website\",\"url\":\"https:\/\/decubal.com\/se\/\",\"name\":\"Decubal\",\"description\":\"\",\"publisher\":{\"@id\":\"https:\/\/decubal.com\/se\/#organization\"},\"potentialAction\":[{\"@type\":\"SearchAction\",\"target\":{\"@type\":\"EntryPoint\",\"urlTemplate\":\"https:\/\/decubal.com\/se\/?s={search_term_string}\"},\"query-input\":{\"@type\":\"PropertyValueSpecification\",\"valueRequired\":true,\"valueName\":\"search_term_string\"}}],\"inLanguage\":\"sv-SE\"},{\"@type\":\"Organization\",\"@id\":\"https:\/\/decubal.com\/se\/#organization\",\"name\":\"Decubal\",\"url\":\"https:\/\/decubal.com\/se\/\",\"logo\":{\"@type\":\"ImageObject\",\"inLanguage\":\"sv-SE\",\"@id\":\"https:\/\/decubal.com\/se\/#\/schema\/logo\/image\/\",\"url\":\"https:\/\/decubal.com\/app\/uploads\/sites\/3\/2022\/05\/Decubal-logo.png\",\"contentUrl\":\"https:\/\/decubal.com\/app\/uploads\/sites\/3\/2022\/05\/Decubal-logo.png\",\"width\":138,\"height\":40,\"caption\":\"Decubal\"},\"image\":{\"@id\":\"https:\/\/decubal.com\/se\/#\/schema\/logo\/image\/\"}}]}<\/script>\n<!-- \/ Yoast SEO plugin. -->","yoast_head_json":{"title":"Decubal Restoring lips &amp; dry spots balm - Decubal","description":"Riktad och effektiv hj\u00e4lp f\u00f6r v\u00e5rd av torra, spruckna l\u00e4ppar, slitna nagelband, vita knogar och sm\u00e5 revor.","robots":{"index":"index","follow":"follow","max-snippet":"max-snippet:-1","max-image-preview":"max-image-preview:large","max-video-preview":"max-video-preview:-1"},"canonical":"https:\/\/decubal.com\/se\/produkt\/decubal-restoring-lips-dry-spots-balm\/","og_locale":"sv_SE","og_type":"article","og_title":"Decubal Restoring lips &amp; dry spots balm - Decubal","og_description":"Riktad och effektiv hj\u00e4lp f\u00f6r v\u00e5rd av torra, spruckna l\u00e4ppar, slitna nagelband, vita knogar och sm\u00e5 revor.","og_url":"https:\/\/decubal.com\/se\/produkt\/decubal-restoring-lips-dry-spots-balm\/","og_site_name":"Decubal","article_modified_time":"2025-08-14T09:58:28+00:00","og_image":[{"width":600,"height":600,"url":"https:\/\/decubal.com\/app\/uploads\/sites\/3\/2022\/05\/Decubal-lips-and-dry.png","type":"image\/png"}],"twitter_card":"summary_large_image","twitter_misc":{"Ber\u00e4knad l\u00e4stid":"1 minut"},"schema":{"@context":"https:\/\/schema.org","@graph":[{"@type":"WebPage","@id":"https:\/\/decubal.com\/se\/produkt\/decubal-restoring-lips-dry-spots-balm\/","url":"https:\/\/decubal.com\/se\/produkt\/decubal-restoring-lips-dry-spots-balm\/","name":"Decubal Restoring lips &amp; dry spots balm - Decubal","isPartOf":{"@id":"https:\/\/decubal.com\/se\/#website"},"primaryImageOfPage":{"@id":"https:\/\/decubal.com\/se\/produkt\/decubal-restoring-lips-dry-spots-balm\/#primaryimage"},"image":{"@id":"https:\/\/decubal.com\/se\/produkt\/decubal-restoring-lips-dry-spots-balm\/#primaryimage"},"thumbnailUrl":"https:\/\/decubal.com\/app\/uploads\/sites\/3\/2022\/05\/Decubal-lips-and-dry.png","datePublished":"2022-05-17T16:48:29+00:00","dateModified":"2025-08-14T09:58:28+00:00","description":"Riktad och effektiv hj\u00e4lp f\u00f6r v\u00e5rd av torra, spruckna l\u00e4ppar, slitna nagelband, vita knogar och sm\u00e5 revor.","breadcrumb":{"@id":"https:\/\/decubal.com\/se\/produkt\/decubal-restoring-lips-dry-spots-balm\/#breadcrumb"},"inLanguage":"sv-SE","potentialAction":[{"@type":"ReadAction","target":["https:\/\/decubal.com\/se\/produkt\/decubal-restoring-lips-dry-spots-balm\/"]}]},{"@type":"ImageObject","inLanguage":"sv-SE","@id":"https:\/\/decubal.com\/se\/produkt\/decubal-restoring-lips-dry-spots-balm\/#primaryimage","url":"https:\/\/decubal.com\/app\/uploads\/sites\/3\/2022\/05\/Decubal-lips-and-dry.png","contentUrl":"https:\/\/decubal.com\/app\/uploads\/sites\/3\/2022\/05\/Decubal-lips-and-dry.png","width":600,"height":600,"caption":"Decubal lips & dry spots balm"},{"@type":"BreadcrumbList","@id":"https:\/\/decubal.com\/se\/produkt\/decubal-restoring-lips-dry-spots-balm\/#breadcrumb","itemListElement":[{"@type":"ListItem","position":1,"name":"Home","item":"https:\/\/decubal.com\/se\/"},{"@type":"ListItem","position":2,"name":"Produkter","item":"https:\/\/decubal.com\/se\/produkter\/"},{"@type":"ListItem","position":3,"name":"Decubal Restoring lips &amp; dry spots balm"}]},{"@type":"WebSite","@id":"https:\/\/decubal.com\/se\/#website","url":"https:\/\/decubal.com\/se\/","name":"Decubal","description":"","publisher":{"@id":"https:\/\/decubal.com\/se\/#organization"},"potentialAction":[{"@type":"SearchAction","target":{"@type":"EntryPoint","urlTemplate":"https:\/\/decubal.com\/se\/?s={search_term_string}"},"query-input":{"@type":"PropertyValueSpecification","valueRequired":true,"valueName":"search_term_string"}}],"inLanguage":"sv-SE"},{"@type":"Organization","@id":"https:\/\/decubal.com\/se\/#organization","name":"Decubal","url":"https:\/\/decubal.com\/se\/","logo":{"@type":"ImageObject","inLanguage":"sv-SE","@id":"https:\/\/decubal.com\/se\/#\/schema\/logo\/image\/","url":"https:\/\/decubal.com\/app\/uploads\/sites\/3\/2022\/05\/Decubal-logo.png","contentUrl":"https:\/\/decubal.com\/app\/uploads\/sites\/3\/2022\/05\/Decubal-logo.png","width":138,"height":40,"caption":"Decubal"},"image":{"@id":"https:\/\/decubal.com\/se\/#\/schema\/logo\/image\/"}}]}},"_links":{"self":[{"href":"https:\/\/decubal.com\/se\/wp-json\/wp\/v2\/product\/53","targetHints":{"allow":["GET"]}}],"collection":[{"href":"https:\/\/decubal.com\/se\/wp-json\/wp\/v2\/product"}],"about":[{"href":"https:\/\/decubal.com\/se\/wp-json\/wp\/v2\/types\/product"}],"replies":[{"embeddable":true,"href":"https:\/\/decubal.com\/se\/wp-json\/wp\/v2\/comments?post=53"}],"version-history":[{"count":10,"href":"https:\/\/decubal.com\/se\/wp-json\/wp\/v2\/product\/53\/revisions"}],"predecessor-version":[{"id":1004,"href":"https:\/\/decubal.com\/se\/wp-json\/wp\/v2\/product\/53\/revisions\/1004"}],"wp:featuredmedia":[{"embeddable":true,"href":"https:\/\/decubal.com\/se\/wp-json\/wp\/v2\/media\/702"}],"wp:attachment":[{"href":"https:\/\/decubal.com\/se\/wp-json\/wp\/v2\/media?parent=53"}],"wp:term":[{"taxonomy":"product_brand","embeddable":true,"href":"https:\/\/decubal.com\/se\/wp-json\/wp\/v2\/product_brand?post=53"},{"taxonomy":"product_cat","embeddable":true,"href":"https:\/\/decubal.com\/se\/wp-json\/wp\/v2\/product_cat?post=53"},{"taxonomy":"product_tag","embeddable":true,"href":"https:\/\/decubal.com\/se\/wp-json\/wp\/v2\/product_tag?post=53"}],"curies":[{"name":"wp","href":"https:\/\/api.w.org\/{rel}","templated":true}]}}