{"id":478,"date":"2022-11-03T10:28:58","date_gmt":"2022-11-03T09:28:58","guid":{"rendered":"https:\/\/decubal.com\/se\/?post_type=product&#038;p=478"},"modified":"2025-02-12T08:47:06","modified_gmt":"2025-02-12T07:47:06","slug":"decubal-junior-hair-body-wash","status":"publish","type":"product","link":"https:\/\/decubal.com\/se\/produkt\/decubal-junior-hair-body-wash\/","title":{"rendered":"Decubal Junior hair &amp; body wash"},"content":{"rendered":"\n<div class=\"wp-block-karopharma-free-text pt-large pb-large bg-center bg-cover bg-no-repeat  redblock\" style=\"background-image:url()\"><div class=\"free-text-wrapper container max-w-medium text-left\">\n<p>Decubal Junior hair &amp; body wash \u00e4r en mild h\u00e5r- och kroppstv\u00e4tt f\u00f6r barn i alla \u00e5ldrar. N\u00e4r produkten anv\u00e4nds som duschtv\u00e5l hj\u00e4lper den till att bevara hudens naturliga fuktbalans och reng\u00f6r skonsamt huden utan att torka ut den. N\u00e4r den anv\u00e4nds som schampo hj\u00e4lper v\u00e5r Junior hair &amp; body wash till att lugna torr hud i h\u00e5rbotten och g\u00f6r h\u00e5ret l\u00e4ttare att kamma efter tv\u00e4tt. Den \u00e4r ocks\u00e5 t\u00e5rfri och svider inte vid kontakt med \u00f6gonen. Decubal Junior hair &amp; body wash \u00e4r oparfymerad, dermatologiskt testad och allergicertifierad, vilket g\u00f6r den l\u00e4mplig \u00e4ven f\u00f6r torr och k\u00e4nslig hud.<\/p>\n<\/div><\/div>\n\n\n\n<div class=\"wp-block-karopharma-product-promotion text-align-right pt-large pb-large bg-center bg-cover bg-no-repeat\" style=\"background-image:url()\"><div class=\"container max-w-large\">\n<div class=\"wp-block-group is-layout-flow wp-block-group-is-layout-flow\">\n<div class=\"wp-block-group hexagon is-layout-constrained wp-block-group-is-layout-constrained\">\n<h3 class=\"wp-block-heading has-text-align-center has-primary-color has-text-color has-link-color wp-elements-c6aee251a44b3b3c1bb6450860dd5c83\">Anv\u00e4ndning<\/h3>\n\n\n\n<p class=\"has-text-align-center\">Kan anv\u00e4ndas som schampo och duschtv\u00e5l. F\u00f6r h\u00e5ret: Applicera i fuktigt h\u00e5r. Massera in i h\u00e5r och h\u00e5rbotten och sk\u00f6lj sedan ur med vatten. F\u00f6r kroppen: Massera in i huden i duschen eller badet och sk\u00f6lj sedan med vatten.<\/p>\n<\/div>\n<\/div>\n\n\n\n<div class=\"wp-block-group is-layout-flow wp-block-group-is-layout-flow\">\n<div class=\"wp-block-group hexagon is-layout-constrained wp-block-group-is-layout-constrained\">\n<h3 class=\"wp-block-heading has-text-align-center has-primary-color has-text-color has-link-color wp-elements-4a0bf1a110c499428bc704dd2eb1cc5c\">Ingredienser<\/h3>\n\n\n\n<p class=\"has-text-align-center\">Water, Cocamidopropyl Betaine, Glycerin, Glycereth-2 Cocoate, Guar Hydroxypropyltrimonium Chloride, Almond Oil Glycereth-8 Esters, Betaine, Sodium Benzoate, Lactic acid: Buffer.<\/p>\n<\/div>\n<\/div>\n<\/div><\/div>\n\n\n\n<div class=\"wp-block-karopharma-free-text pt-large pb-large bg-center bg-cover bg-no-repeat  beigeblock\" style=\"background-image:url()\"><div class=\"free-text-wrapper container max-w-small text-center\">\n<figure class=\"wp-block-image aligncenter size-full\"><img loading=\"lazy\" decoding=\"async\" width=\"200\" height=\"204\" src=\"https:\/\/decubal.com\/app\/uploads\/sites\/3\/2024\/05\/allergy-certified.png\" alt=\"Allergy Certified\" class=\"wp-image-666\"\/><\/figure>\n\n\n\n<h2 class=\"wp-block-heading is-style-heading-h2\">Decubal Junior hair &amp; body wash \u00e4r oparfymerad och dermatologiskt testad p\u00e5 torr och k\u00e4nslig hud.<\/h2>\n\n\n\n<p>Produkten \u00e4r rekommenderad av Allergy Certified, vilket inneb\u00e4r att en toxikolog eller farmaceut har gjort en riskbed\u00f6mning av varje enskild ingrediens i sammans\u00e4ttningen f\u00f6r att minimera risken f\u00f6r allergisk reaktion.<\/p>\n<\/div><\/div>\n","protected":false},"excerpt":{"rendered":"<p>Skonsam h\u00e5r- och kroppstv\u00e4tt f\u00f6r bebisar och barn med normal till torr och k\u00e4nslig hud.<\/p>\n","protected":false},"featured_media":708,"comment_status":"closed","ping_status":"closed","template":"","meta":{"_acf_changed":false,"footnotes":""},"product_brand":[],"product_cat":[17],"product_tag":[],"class_list":{"0":"post-478","1":"product","2":"type-product","3":"status-publish","4":"has-post-thumbnail","6":"product_cat-junior","8":"first","9":"instock","10":"shipping-taxable","11":"product-type-simple"},"acf":[],"yoast_head":"<!-- This site is optimized with the Yoast SEO plugin v26.6 - https:\/\/yoast.com\/wordpress\/plugins\/seo\/ -->\n<title>Decubal Junior hair &amp; body wash - Decubal<\/title>\n<meta name=\"description\" content=\"Decubal Junior Hair &amp; Body Wash \u00e4r en skonsam h\u00e5r och kroppstv\u00e4tt med noggrant utvalda ingredienser som reng\u00f6r, v\u00e5rdar och \u00e5terfuktar torr och k\u00e4nslig hud hos sp\u00e4dbarn och barn.\" \/>\n<meta name=\"robots\" content=\"index, follow, max-snippet:-1, max-image-preview:large, max-video-preview:-1\" \/>\n<link rel=\"canonical\" href=\"https:\/\/decubal.com\/se\/produkt\/decubal-junior-hair-body-wash\/\" \/>\n<meta property=\"og:locale\" content=\"sv_SE\" \/>\n<meta property=\"og:type\" content=\"article\" \/>\n<meta property=\"og:title\" content=\"Decubal Junior hair &amp; body wash - Decubal\" \/>\n<meta property=\"og:description\" content=\"Decubal Junior Hair &amp; Body Wash \u00e4r en skonsam h\u00e5r och kroppstv\u00e4tt med noggrant utvalda ingredienser som reng\u00f6r, v\u00e5rdar och \u00e5terfuktar torr och k\u00e4nslig hud hos sp\u00e4dbarn och barn.\" \/>\n<meta property=\"og:url\" content=\"https:\/\/decubal.com\/se\/produkt\/decubal-junior-hair-body-wash\/\" \/>\n<meta property=\"og:site_name\" content=\"Decubal\" \/>\n<meta property=\"article:modified_time\" content=\"2025-02-12T07:47:06+00:00\" \/>\n<meta property=\"og:image\" content=\"https:\/\/decubal.com\/app\/uploads\/sites\/3\/2022\/11\/junior-hair-and-body.png\" \/>\n\t<meta property=\"og:image:width\" content=\"600\" \/>\n\t<meta property=\"og:image:height\" content=\"600\" \/>\n\t<meta property=\"og:image:type\" content=\"image\/png\" \/>\n<meta name=\"twitter:card\" content=\"summary_large_image\" \/>\n<meta name=\"twitter:label1\" content=\"Ber\u00e4knad l\u00e4stid\" \/>\n\t<meta name=\"twitter:data1\" content=\"2 minuter\" \/>\n<script type=\"application\/ld+json\" class=\"yoast-schema-graph\">{\"@context\":\"https:\/\/schema.org\",\"@graph\":[{\"@type\":\"WebPage\",\"@id\":\"https:\/\/decubal.com\/se\/produkt\/decubal-junior-hair-body-wash\/\",\"url\":\"https:\/\/decubal.com\/se\/produkt\/decubal-junior-hair-body-wash\/\",\"name\":\"Decubal Junior hair &amp; body wash - Decubal\",\"isPartOf\":{\"@id\":\"https:\/\/decubal.com\/se\/#website\"},\"primaryImageOfPage\":{\"@id\":\"https:\/\/decubal.com\/se\/produkt\/decubal-junior-hair-body-wash\/#primaryimage\"},\"image\":{\"@id\":\"https:\/\/decubal.com\/se\/produkt\/decubal-junior-hair-body-wash\/#primaryimage\"},\"thumbnailUrl\":\"https:\/\/decubal.com\/app\/uploads\/sites\/3\/2022\/11\/junior-hair-and-body.png\",\"datePublished\":\"2022-11-03T09:28:58+00:00\",\"dateModified\":\"2025-02-12T07:47:06+00:00\",\"description\":\"Decubal Junior Hair & Body Wash \u00e4r en skonsam h\u00e5r och kroppstv\u00e4tt med noggrant utvalda ingredienser som reng\u00f6r, v\u00e5rdar och \u00e5terfuktar torr och k\u00e4nslig hud hos sp\u00e4dbarn och barn.\",\"breadcrumb\":{\"@id\":\"https:\/\/decubal.com\/se\/produkt\/decubal-junior-hair-body-wash\/#breadcrumb\"},\"inLanguage\":\"sv-SE\",\"potentialAction\":[{\"@type\":\"ReadAction\",\"target\":[\"https:\/\/decubal.com\/se\/produkt\/decubal-junior-hair-body-wash\/\"]}]},{\"@type\":\"ImageObject\",\"inLanguage\":\"sv-SE\",\"@id\":\"https:\/\/decubal.com\/se\/produkt\/decubal-junior-hair-body-wash\/#primaryimage\",\"url\":\"https:\/\/decubal.com\/app\/uploads\/sites\/3\/2022\/11\/junior-hair-and-body.png\",\"contentUrl\":\"https:\/\/decubal.com\/app\/uploads\/sites\/3\/2022\/11\/junior-hair-and-body.png\",\"width\":600,\"height\":600,\"caption\":\"Decubal junior hair & body wash\"},{\"@type\":\"BreadcrumbList\",\"@id\":\"https:\/\/decubal.com\/se\/produkt\/decubal-junior-hair-body-wash\/#breadcrumb\",\"itemListElement\":[{\"@type\":\"ListItem\",\"position\":1,\"name\":\"Home\",\"item\":\"https:\/\/decubal.com\/se\/\"},{\"@type\":\"ListItem\",\"position\":2,\"name\":\"Produkter\",\"item\":\"https:\/\/decubal.com\/se\/produkter\/\"},{\"@type\":\"ListItem\",\"position\":3,\"name\":\"Decubal Junior hair &amp; body wash\"}]},{\"@type\":\"WebSite\",\"@id\":\"https:\/\/decubal.com\/se\/#website\",\"url\":\"https:\/\/decubal.com\/se\/\",\"name\":\"Decubal\",\"description\":\"\",\"publisher\":{\"@id\":\"https:\/\/decubal.com\/se\/#organization\"},\"potentialAction\":[{\"@type\":\"SearchAction\",\"target\":{\"@type\":\"EntryPoint\",\"urlTemplate\":\"https:\/\/decubal.com\/se\/?s={search_term_string}\"},\"query-input\":{\"@type\":\"PropertyValueSpecification\",\"valueRequired\":true,\"valueName\":\"search_term_string\"}}],\"inLanguage\":\"sv-SE\"},{\"@type\":\"Organization\",\"@id\":\"https:\/\/decubal.com\/se\/#organization\",\"name\":\"Decubal\",\"url\":\"https:\/\/decubal.com\/se\/\",\"logo\":{\"@type\":\"ImageObject\",\"inLanguage\":\"sv-SE\",\"@id\":\"https:\/\/decubal.com\/se\/#\/schema\/logo\/image\/\",\"url\":\"https:\/\/decubal.com\/app\/uploads\/sites\/3\/2022\/05\/Decubal-logo.png\",\"contentUrl\":\"https:\/\/decubal.com\/app\/uploads\/sites\/3\/2022\/05\/Decubal-logo.png\",\"width\":138,\"height\":40,\"caption\":\"Decubal\"},\"image\":{\"@id\":\"https:\/\/decubal.com\/se\/#\/schema\/logo\/image\/\"}}]}<\/script>\n<!-- \/ Yoast SEO plugin. -->","yoast_head_json":{"title":"Decubal Junior hair &amp; body wash - Decubal","description":"Decubal Junior Hair & Body Wash \u00e4r en skonsam h\u00e5r och kroppstv\u00e4tt med noggrant utvalda ingredienser som reng\u00f6r, v\u00e5rdar och \u00e5terfuktar torr och k\u00e4nslig hud hos sp\u00e4dbarn och barn.","robots":{"index":"index","follow":"follow","max-snippet":"max-snippet:-1","max-image-preview":"max-image-preview:large","max-video-preview":"max-video-preview:-1"},"canonical":"https:\/\/decubal.com\/se\/produkt\/decubal-junior-hair-body-wash\/","og_locale":"sv_SE","og_type":"article","og_title":"Decubal Junior hair &amp; body wash - Decubal","og_description":"Decubal Junior Hair & Body Wash \u00e4r en skonsam h\u00e5r och kroppstv\u00e4tt med noggrant utvalda ingredienser som reng\u00f6r, v\u00e5rdar och \u00e5terfuktar torr och k\u00e4nslig hud hos sp\u00e4dbarn och barn.","og_url":"https:\/\/decubal.com\/se\/produkt\/decubal-junior-hair-body-wash\/","og_site_name":"Decubal","article_modified_time":"2025-02-12T07:47:06+00:00","og_image":[{"width":600,"height":600,"url":"https:\/\/decubal.com\/app\/uploads\/sites\/3\/2022\/11\/junior-hair-and-body.png","type":"image\/png"}],"twitter_card":"summary_large_image","twitter_misc":{"Ber\u00e4knad l\u00e4stid":"2 minuter"},"schema":{"@context":"https:\/\/schema.org","@graph":[{"@type":"WebPage","@id":"https:\/\/decubal.com\/se\/produkt\/decubal-junior-hair-body-wash\/","url":"https:\/\/decubal.com\/se\/produkt\/decubal-junior-hair-body-wash\/","name":"Decubal Junior hair &amp; body wash - Decubal","isPartOf":{"@id":"https:\/\/decubal.com\/se\/#website"},"primaryImageOfPage":{"@id":"https:\/\/decubal.com\/se\/produkt\/decubal-junior-hair-body-wash\/#primaryimage"},"image":{"@id":"https:\/\/decubal.com\/se\/produkt\/decubal-junior-hair-body-wash\/#primaryimage"},"thumbnailUrl":"https:\/\/decubal.com\/app\/uploads\/sites\/3\/2022\/11\/junior-hair-and-body.png","datePublished":"2022-11-03T09:28:58+00:00","dateModified":"2025-02-12T07:47:06+00:00","description":"Decubal Junior Hair & Body Wash \u00e4r en skonsam h\u00e5r och kroppstv\u00e4tt med noggrant utvalda ingredienser som reng\u00f6r, v\u00e5rdar och \u00e5terfuktar torr och k\u00e4nslig hud hos sp\u00e4dbarn och barn.","breadcrumb":{"@id":"https:\/\/decubal.com\/se\/produkt\/decubal-junior-hair-body-wash\/#breadcrumb"},"inLanguage":"sv-SE","potentialAction":[{"@type":"ReadAction","target":["https:\/\/decubal.com\/se\/produkt\/decubal-junior-hair-body-wash\/"]}]},{"@type":"ImageObject","inLanguage":"sv-SE","@id":"https:\/\/decubal.com\/se\/produkt\/decubal-junior-hair-body-wash\/#primaryimage","url":"https:\/\/decubal.com\/app\/uploads\/sites\/3\/2022\/11\/junior-hair-and-body.png","contentUrl":"https:\/\/decubal.com\/app\/uploads\/sites\/3\/2022\/11\/junior-hair-and-body.png","width":600,"height":600,"caption":"Decubal junior hair & body wash"},{"@type":"BreadcrumbList","@id":"https:\/\/decubal.com\/se\/produkt\/decubal-junior-hair-body-wash\/#breadcrumb","itemListElement":[{"@type":"ListItem","position":1,"name":"Home","item":"https:\/\/decubal.com\/se\/"},{"@type":"ListItem","position":2,"name":"Produkter","item":"https:\/\/decubal.com\/se\/produkter\/"},{"@type":"ListItem","position":3,"name":"Decubal Junior hair &amp; body wash"}]},{"@type":"WebSite","@id":"https:\/\/decubal.com\/se\/#website","url":"https:\/\/decubal.com\/se\/","name":"Decubal","description":"","publisher":{"@id":"https:\/\/decubal.com\/se\/#organization"},"potentialAction":[{"@type":"SearchAction","target":{"@type":"EntryPoint","urlTemplate":"https:\/\/decubal.com\/se\/?s={search_term_string}"},"query-input":{"@type":"PropertyValueSpecification","valueRequired":true,"valueName":"search_term_string"}}],"inLanguage":"sv-SE"},{"@type":"Organization","@id":"https:\/\/decubal.com\/se\/#organization","name":"Decubal","url":"https:\/\/decubal.com\/se\/","logo":{"@type":"ImageObject","inLanguage":"sv-SE","@id":"https:\/\/decubal.com\/se\/#\/schema\/logo\/image\/","url":"https:\/\/decubal.com\/app\/uploads\/sites\/3\/2022\/05\/Decubal-logo.png","contentUrl":"https:\/\/decubal.com\/app\/uploads\/sites\/3\/2022\/05\/Decubal-logo.png","width":138,"height":40,"caption":"Decubal"},"image":{"@id":"https:\/\/decubal.com\/se\/#\/schema\/logo\/image\/"}}]}},"_links":{"self":[{"href":"https:\/\/decubal.com\/se\/wp-json\/wp\/v2\/product\/478","targetHints":{"allow":["GET"]}}],"collection":[{"href":"https:\/\/decubal.com\/se\/wp-json\/wp\/v2\/product"}],"about":[{"href":"https:\/\/decubal.com\/se\/wp-json\/wp\/v2\/types\/product"}],"replies":[{"embeddable":true,"href":"https:\/\/decubal.com\/se\/wp-json\/wp\/v2\/comments?post=478"}],"version-history":[{"count":10,"href":"https:\/\/decubal.com\/se\/wp-json\/wp\/v2\/product\/478\/revisions"}],"predecessor-version":[{"id":924,"href":"https:\/\/decubal.com\/se\/wp-json\/wp\/v2\/product\/478\/revisions\/924"}],"wp:featuredmedia":[{"embeddable":true,"href":"https:\/\/decubal.com\/se\/wp-json\/wp\/v2\/media\/708"}],"wp:attachment":[{"href":"https:\/\/decubal.com\/se\/wp-json\/wp\/v2\/media?parent=478"}],"wp:term":[{"taxonomy":"product_brand","embeddable":true,"href":"https:\/\/decubal.com\/se\/wp-json\/wp\/v2\/product_brand?post=478"},{"taxonomy":"product_cat","embeddable":true,"href":"https:\/\/decubal.com\/se\/wp-json\/wp\/v2\/product_cat?post=478"},{"taxonomy":"product_tag","embeddable":true,"href":"https:\/\/decubal.com\/se\/wp-json\/wp\/v2\/product_tag?post=478"}],"curies":[{"name":"wp","href":"https:\/\/api.w.org\/{rel}","templated":true}]}}