{"id":42,"date":"2022-05-17T18:39:02","date_gmt":"2022-05-17T16:39:02","guid":{"rendered":"https:\/\/decubal.com\/sv\/?post_type=product&#038;p=42"},"modified":"2025-05-20T11:43:59","modified_gmt":"2025-05-20T09:43:59","slug":"decubal-restoring-clinic-cream","status":"publish","type":"product","link":"https:\/\/decubal.com\/se\/produkt\/decubal-restoring-clinic-cream\/","title":{"rendered":"Decubal Restoring clinic cream"},"content":{"rendered":"\n<div class=\"wp-block-karopharma-free-text pt-large pb-large bg-center bg-cover bg-no-repeat  redblock\" style=\"background-image:url()\"><div class=\"free-text-wrapper container max-w-medium text-left\">\n<p>Decubal Restoring clinic cream absorberas snabbt och har en l\u00e4tt konsistens som \u00e5terfuktar p\u00e5 djupet och \u00e5terst\u00e4ller torr hud, samtidigt som den st\u00e4rker hudens naturliga skyddsbarri\u00e4r. Produkten inneh\u00e5ller glycerin och h\u00f6grenad lanolin av medicinsk kvalitet som hj\u00e4lper till att \u00e5terfukta och mjukg\u00f6ra huden \u2013 83% av personerna i en klinisk studie ans\u00e5g att de upplevde en m\u00e4rkbart mjukare och mer \u00e5terfuktad hud redan efter en applicering. Decubal Restoring clinic cream har en kliniskt bevisad snabb och l\u00e5ngvarig \u00e5terfuktande effekt som varar i upp till 72 timmar. L\u00e4mplig som daglig kr\u00e4m f\u00f6r hela familjen att anv\u00e4nda i ansiktet och p\u00e5 kroppen.<\/p>\n<\/div><\/div>\n\n\n\n<div class=\"wp-block-karopharma-product-promotion text-align-right pt-large pb-large bg-center bg-cover bg-no-repeat\" style=\"background-image:url()\"><div class=\"container max-w-large\">\n<div class=\"wp-block-group is-layout-flow wp-block-group-is-layout-flow\">\n<div class=\"wp-block-group hexagon is-layout-constrained wp-block-group-is-layout-constrained\">\n<h3 class=\"wp-block-heading has-text-align-center has-primary-color has-text-color has-link-color wp-elements-c6aee251a44b3b3c1bb6450860dd5c83\">Anv\u00e4ndning<\/h3>\n\n\n\n<p class=\"has-text-align-center\">Applicera dagligen, i ansiktet eller p\u00e5 kroppen, f\u00f6r att v\u00e5rda och \u00e5terst\u00e4lla torr hud.<\/p>\n<\/div>\n<\/div>\n\n\n\n<div class=\"wp-block-group is-layout-flow wp-block-group-is-layout-flow\">\n<div class=\"wp-block-group hexagon is-layout-constrained wp-block-group-is-layout-constrained\">\n<h3 class=\"wp-block-heading has-text-align-center has-primary-color has-text-color has-link-color wp-elements-4a0bf1a110c499428bc704dd2eb1cc5c\">Ingredienser<\/h3>\n\n\n\n<p class=\"has-text-align-center\">Water, Isopropyl Myristate, Glycerin, Sorbitan Stearate, Lanolin, Dimethicone, Cetyl Alcohol, Polysorbate 60, Sorbic Acid.<\/p>\n<\/div>\n<\/div>\n<\/div><\/div>\n\n\n\n<div class=\"wp-block-karopharma-free-text pt-large pb-large bg-center bg-cover bg-no-repeat  beigeblock\" style=\"background-image:url()\"><div class=\"free-text-wrapper container max-w-small text-center\">\n<figure class=\"wp-block-image aligncenter size-full\"><img loading=\"lazy\" decoding=\"async\" width=\"200\" height=\"204\" src=\"https:\/\/decubal.com\/app\/uploads\/sites\/3\/2024\/05\/allergy-certified.png\" alt=\"Allergy Certified\" class=\"wp-image-666\"\/><\/figure>\n\n\n\n<h2 class=\"wp-block-heading is-style-heading-h2\">Decubal Restoring clinic cream \u00e4r oparfymerad och dermatologiskt testad p\u00e5 torr och k\u00e4nslig hud.<\/h2>\n\n\n\n<p>Produkten \u00e4r rekommenderad av Allergy Certified, vilket inneb\u00e4r att en toxikolog eller farmaceut har gjort en riskbed\u00f6mning av varje enskild ingrediens i sammans\u00e4ttningen f\u00f6r att minimera risken f\u00f6r allergisk reaktion.<\/p>\n<\/div><\/div>\n","protected":false},"excerpt":{"rendered":"<p>V\u00e5rdande och intensivt \u00e5terfuktande hudkr\u00e4m som \u00e5terst\u00e4ller torr hud och st\u00e4rker hudbarri\u00e4ren. <\/p>\n","protected":false},"featured_media":706,"comment_status":"closed","ping_status":"closed","template":"","meta":{"_acf_changed":false,"footnotes":""},"product_brand":[],"product_cat":[23],"product_tag":[],"class_list":{"0":"post-42","1":"product","2":"type-product","3":"status-publish","4":"has-post-thumbnail","6":"product_cat-restoring","8":"first","9":"instock","10":"shipping-taxable","11":"product-type-simple"},"acf":[],"yoast_head":"<!-- This site is optimized with the Yoast SEO plugin v26.6 - https:\/\/yoast.com\/wordpress\/plugins\/seo\/ -->\n<title>Decubal Restoring clinic cream - Decubal<\/title>\n<meta name=\"description\" content=\"Decubal clinic cream v\u00e5rdar och \u00e5terfuktar huden med sitt inneh\u00e5ll av bl.a. dimetikon, som mjukg\u00f6r och l\u00e4gger ett skyddande lager p\u00e5 huden, som d\u00e4rigenom hj\u00e4lper till att beh\u00e5lla fukten.\" \/>\n<meta name=\"robots\" content=\"index, follow, max-snippet:-1, max-image-preview:large, max-video-preview:-1\" \/>\n<link rel=\"canonical\" href=\"https:\/\/decubal.com\/se\/produkt\/decubal-restoring-clinic-cream\/\" \/>\n<meta property=\"og:locale\" content=\"sv_SE\" \/>\n<meta property=\"og:type\" content=\"article\" \/>\n<meta property=\"og:title\" content=\"Decubal Restoring clinic cream - Decubal\" \/>\n<meta property=\"og:description\" content=\"Decubal clinic cream v\u00e5rdar och \u00e5terfuktar huden med sitt inneh\u00e5ll av bl.a. dimetikon, som mjukg\u00f6r och l\u00e4gger ett skyddande lager p\u00e5 huden, som d\u00e4rigenom hj\u00e4lper till att beh\u00e5lla fukten.\" \/>\n<meta property=\"og:url\" content=\"https:\/\/decubal.com\/se\/produkt\/decubal-restoring-clinic-cream\/\" \/>\n<meta property=\"og:site_name\" content=\"Decubal\" \/>\n<meta property=\"article:modified_time\" content=\"2025-05-20T09:43:59+00:00\" \/>\n<meta property=\"og:image\" content=\"https:\/\/decubal.com\/app\/uploads\/sites\/3\/2022\/05\/Decubal-clinic-cream.png\" \/>\n\t<meta property=\"og:image:width\" content=\"600\" \/>\n\t<meta property=\"og:image:height\" content=\"600\" \/>\n\t<meta property=\"og:image:type\" content=\"image\/png\" \/>\n<meta name=\"twitter:card\" content=\"summary_large_image\" \/>\n<meta name=\"twitter:label1\" content=\"Ber\u00e4knad l\u00e4stid\" \/>\n\t<meta name=\"twitter:data1\" content=\"2 minuter\" \/>\n<script type=\"application\/ld+json\" class=\"yoast-schema-graph\">{\"@context\":\"https:\/\/schema.org\",\"@graph\":[{\"@type\":\"WebPage\",\"@id\":\"https:\/\/decubal.com\/se\/produkt\/decubal-restoring-clinic-cream\/\",\"url\":\"https:\/\/decubal.com\/se\/produkt\/decubal-restoring-clinic-cream\/\",\"name\":\"Decubal Restoring clinic cream - Decubal\",\"isPartOf\":{\"@id\":\"https:\/\/decubal.com\/se\/#website\"},\"primaryImageOfPage\":{\"@id\":\"https:\/\/decubal.com\/se\/produkt\/decubal-restoring-clinic-cream\/#primaryimage\"},\"image\":{\"@id\":\"https:\/\/decubal.com\/se\/produkt\/decubal-restoring-clinic-cream\/#primaryimage\"},\"thumbnailUrl\":\"https:\/\/decubal.com\/app\/uploads\/sites\/3\/2022\/05\/Decubal-clinic-cream.png\",\"datePublished\":\"2022-05-17T16:39:02+00:00\",\"dateModified\":\"2025-05-20T09:43:59+00:00\",\"description\":\"Decubal clinic cream v\u00e5rdar och \u00e5terfuktar huden med sitt inneh\u00e5ll av bl.a. dimetikon, som mjukg\u00f6r och l\u00e4gger ett skyddande lager p\u00e5 huden, som d\u00e4rigenom hj\u00e4lper till att beh\u00e5lla fukten.\",\"breadcrumb\":{\"@id\":\"https:\/\/decubal.com\/se\/produkt\/decubal-restoring-clinic-cream\/#breadcrumb\"},\"inLanguage\":\"sv-SE\",\"potentialAction\":[{\"@type\":\"ReadAction\",\"target\":[\"https:\/\/decubal.com\/se\/produkt\/decubal-restoring-clinic-cream\/\"]}]},{\"@type\":\"ImageObject\",\"inLanguage\":\"sv-SE\",\"@id\":\"https:\/\/decubal.com\/se\/produkt\/decubal-restoring-clinic-cream\/#primaryimage\",\"url\":\"https:\/\/decubal.com\/app\/uploads\/sites\/3\/2022\/05\/Decubal-clinic-cream.png\",\"contentUrl\":\"https:\/\/decubal.com\/app\/uploads\/sites\/3\/2022\/05\/Decubal-clinic-cream.png\",\"width\":600,\"height\":600,\"caption\":\"Decubal-clinic-cream\"},{\"@type\":\"BreadcrumbList\",\"@id\":\"https:\/\/decubal.com\/se\/produkt\/decubal-restoring-clinic-cream\/#breadcrumb\",\"itemListElement\":[{\"@type\":\"ListItem\",\"position\":1,\"name\":\"Home\",\"item\":\"https:\/\/decubal.com\/se\/\"},{\"@type\":\"ListItem\",\"position\":2,\"name\":\"Produkter\",\"item\":\"https:\/\/decubal.com\/se\/produkter\/\"},{\"@type\":\"ListItem\",\"position\":3,\"name\":\"Decubal Restoring clinic cream\"}]},{\"@type\":\"WebSite\",\"@id\":\"https:\/\/decubal.com\/se\/#website\",\"url\":\"https:\/\/decubal.com\/se\/\",\"name\":\"Decubal\",\"description\":\"\",\"publisher\":{\"@id\":\"https:\/\/decubal.com\/se\/#organization\"},\"potentialAction\":[{\"@type\":\"SearchAction\",\"target\":{\"@type\":\"EntryPoint\",\"urlTemplate\":\"https:\/\/decubal.com\/se\/?s={search_term_string}\"},\"query-input\":{\"@type\":\"PropertyValueSpecification\",\"valueRequired\":true,\"valueName\":\"search_term_string\"}}],\"inLanguage\":\"sv-SE\"},{\"@type\":\"Organization\",\"@id\":\"https:\/\/decubal.com\/se\/#organization\",\"name\":\"Decubal\",\"url\":\"https:\/\/decubal.com\/se\/\",\"logo\":{\"@type\":\"ImageObject\",\"inLanguage\":\"sv-SE\",\"@id\":\"https:\/\/decubal.com\/se\/#\/schema\/logo\/image\/\",\"url\":\"https:\/\/decubal.com\/app\/uploads\/sites\/3\/2022\/05\/Decubal-logo.png\",\"contentUrl\":\"https:\/\/decubal.com\/app\/uploads\/sites\/3\/2022\/05\/Decubal-logo.png\",\"width\":138,\"height\":40,\"caption\":\"Decubal\"},\"image\":{\"@id\":\"https:\/\/decubal.com\/se\/#\/schema\/logo\/image\/\"}}]}<\/script>\n<!-- \/ Yoast SEO plugin. -->","yoast_head_json":{"title":"Decubal Restoring clinic cream - Decubal","description":"Decubal clinic cream v\u00e5rdar och \u00e5terfuktar huden med sitt inneh\u00e5ll av bl.a. dimetikon, som mjukg\u00f6r och l\u00e4gger ett skyddande lager p\u00e5 huden, som d\u00e4rigenom hj\u00e4lper till att beh\u00e5lla fukten.","robots":{"index":"index","follow":"follow","max-snippet":"max-snippet:-1","max-image-preview":"max-image-preview:large","max-video-preview":"max-video-preview:-1"},"canonical":"https:\/\/decubal.com\/se\/produkt\/decubal-restoring-clinic-cream\/","og_locale":"sv_SE","og_type":"article","og_title":"Decubal Restoring clinic cream - Decubal","og_description":"Decubal clinic cream v\u00e5rdar och \u00e5terfuktar huden med sitt inneh\u00e5ll av bl.a. dimetikon, som mjukg\u00f6r och l\u00e4gger ett skyddande lager p\u00e5 huden, som d\u00e4rigenom hj\u00e4lper till att beh\u00e5lla fukten.","og_url":"https:\/\/decubal.com\/se\/produkt\/decubal-restoring-clinic-cream\/","og_site_name":"Decubal","article_modified_time":"2025-05-20T09:43:59+00:00","og_image":[{"width":600,"height":600,"url":"https:\/\/decubal.com\/app\/uploads\/sites\/3\/2022\/05\/Decubal-clinic-cream.png","type":"image\/png"}],"twitter_card":"summary_large_image","twitter_misc":{"Ber\u00e4knad l\u00e4stid":"2 minuter"},"schema":{"@context":"https:\/\/schema.org","@graph":[{"@type":"WebPage","@id":"https:\/\/decubal.com\/se\/produkt\/decubal-restoring-clinic-cream\/","url":"https:\/\/decubal.com\/se\/produkt\/decubal-restoring-clinic-cream\/","name":"Decubal Restoring clinic cream - Decubal","isPartOf":{"@id":"https:\/\/decubal.com\/se\/#website"},"primaryImageOfPage":{"@id":"https:\/\/decubal.com\/se\/produkt\/decubal-restoring-clinic-cream\/#primaryimage"},"image":{"@id":"https:\/\/decubal.com\/se\/produkt\/decubal-restoring-clinic-cream\/#primaryimage"},"thumbnailUrl":"https:\/\/decubal.com\/app\/uploads\/sites\/3\/2022\/05\/Decubal-clinic-cream.png","datePublished":"2022-05-17T16:39:02+00:00","dateModified":"2025-05-20T09:43:59+00:00","description":"Decubal clinic cream v\u00e5rdar och \u00e5terfuktar huden med sitt inneh\u00e5ll av bl.a. dimetikon, som mjukg\u00f6r och l\u00e4gger ett skyddande lager p\u00e5 huden, som d\u00e4rigenom hj\u00e4lper till att beh\u00e5lla fukten.","breadcrumb":{"@id":"https:\/\/decubal.com\/se\/produkt\/decubal-restoring-clinic-cream\/#breadcrumb"},"inLanguage":"sv-SE","potentialAction":[{"@type":"ReadAction","target":["https:\/\/decubal.com\/se\/produkt\/decubal-restoring-clinic-cream\/"]}]},{"@type":"ImageObject","inLanguage":"sv-SE","@id":"https:\/\/decubal.com\/se\/produkt\/decubal-restoring-clinic-cream\/#primaryimage","url":"https:\/\/decubal.com\/app\/uploads\/sites\/3\/2022\/05\/Decubal-clinic-cream.png","contentUrl":"https:\/\/decubal.com\/app\/uploads\/sites\/3\/2022\/05\/Decubal-clinic-cream.png","width":600,"height":600,"caption":"Decubal-clinic-cream"},{"@type":"BreadcrumbList","@id":"https:\/\/decubal.com\/se\/produkt\/decubal-restoring-clinic-cream\/#breadcrumb","itemListElement":[{"@type":"ListItem","position":1,"name":"Home","item":"https:\/\/decubal.com\/se\/"},{"@type":"ListItem","position":2,"name":"Produkter","item":"https:\/\/decubal.com\/se\/produkter\/"},{"@type":"ListItem","position":3,"name":"Decubal Restoring clinic cream"}]},{"@type":"WebSite","@id":"https:\/\/decubal.com\/se\/#website","url":"https:\/\/decubal.com\/se\/","name":"Decubal","description":"","publisher":{"@id":"https:\/\/decubal.com\/se\/#organization"},"potentialAction":[{"@type":"SearchAction","target":{"@type":"EntryPoint","urlTemplate":"https:\/\/decubal.com\/se\/?s={search_term_string}"},"query-input":{"@type":"PropertyValueSpecification","valueRequired":true,"valueName":"search_term_string"}}],"inLanguage":"sv-SE"},{"@type":"Organization","@id":"https:\/\/decubal.com\/se\/#organization","name":"Decubal","url":"https:\/\/decubal.com\/se\/","logo":{"@type":"ImageObject","inLanguage":"sv-SE","@id":"https:\/\/decubal.com\/se\/#\/schema\/logo\/image\/","url":"https:\/\/decubal.com\/app\/uploads\/sites\/3\/2022\/05\/Decubal-logo.png","contentUrl":"https:\/\/decubal.com\/app\/uploads\/sites\/3\/2022\/05\/Decubal-logo.png","width":138,"height":40,"caption":"Decubal"},"image":{"@id":"https:\/\/decubal.com\/se\/#\/schema\/logo\/image\/"}}]}},"_links":{"self":[{"href":"https:\/\/decubal.com\/se\/wp-json\/wp\/v2\/product\/42","targetHints":{"allow":["GET"]}}],"collection":[{"href":"https:\/\/decubal.com\/se\/wp-json\/wp\/v2\/product"}],"about":[{"href":"https:\/\/decubal.com\/se\/wp-json\/wp\/v2\/types\/product"}],"replies":[{"embeddable":true,"href":"https:\/\/decubal.com\/se\/wp-json\/wp\/v2\/comments?post=42"}],"version-history":[{"count":10,"href":"https:\/\/decubal.com\/se\/wp-json\/wp\/v2\/product\/42\/revisions"}],"predecessor-version":[{"id":964,"href":"https:\/\/decubal.com\/se\/wp-json\/wp\/v2\/product\/42\/revisions\/964"}],"wp:featuredmedia":[{"embeddable":true,"href":"https:\/\/decubal.com\/se\/wp-json\/wp\/v2\/media\/706"}],"wp:attachment":[{"href":"https:\/\/decubal.com\/se\/wp-json\/wp\/v2\/media?parent=42"}],"wp:term":[{"taxonomy":"product_brand","embeddable":true,"href":"https:\/\/decubal.com\/se\/wp-json\/wp\/v2\/product_brand?post=42"},{"taxonomy":"product_cat","embeddable":true,"href":"https:\/\/decubal.com\/se\/wp-json\/wp\/v2\/product_cat?post=42"},{"taxonomy":"product_tag","embeddable":true,"href":"https:\/\/decubal.com\/se\/wp-json\/wp\/v2\/product_tag?post=42"}],"curies":[{"name":"wp","href":"https:\/\/api.w.org\/{rel}","templated":true}]}}