{"id":285,"date":"2022-05-24T10:21:14","date_gmt":"2022-05-24T08:21:14","guid":{"rendered":"https:\/\/decubal.com\/sv\/?post_type=product&#038;p=285"},"modified":"2024-12-05T15:09:59","modified_gmt":"2024-12-05T14:09:59","slug":"decubal-restoring-anti-itch-gel","status":"publish","type":"product","link":"https:\/\/decubal.com\/se\/produkt\/decubal-restoring-anti-itch-gel\/","title":{"rendered":"Decubal Restoring anti-itch gel"},"content":{"rendered":"\n<div class=\"wp-block-karopharma-free-text pt-large pb-large bg-center bg-cover bg-no-repeat  redblock\" style=\"background-image:url()\"><div class=\"free-text-wrapper container max-w-medium text-left\">\n<p>Det \u00e4r kliniskt bevisat att Decubal Restoring anti-itch gel lindrar kl\u00e5da p\u00e5 mindre \u00e4n 1 minut och i upp till tre timmar efter applicering. Denna svalkande gel inneh\u00e5ller glycerin och B5-vitamin som verkar intensivt fuktgivande och lugnande vid kliande och irriterad hud. Decubal Restoring anti-itch gel \u00e4r l\u00e4tt att applicera och absorberas snabbt in i huden f\u00f6r en omedelbar lugnande effekt. Kan anv\u00e4ndas av hela familjen i ansiktet och p\u00e5 kroppen. F\u00f6rvara produkten i kylsk\u00e5p f\u00f6r extra svalkande effekt.<\/p>\n<\/div><\/div>\n\n\n\n<div class=\"wp-block-karopharma-product-promotion text-align-right pt-large pb-large bg-center bg-cover bg-no-repeat\" style=\"background-image:url()\"><div class=\"container max-w-large\">\n<div class=\"wp-block-group is-layout-flow wp-block-group-is-layout-flow\">\n<div class=\"wp-block-group hexagon is-layout-constrained wp-block-group-is-layout-constrained\">\n<h3 class=\"wp-block-heading has-text-align-center has-primary-color has-text-color has-link-color wp-elements-c6aee251a44b3b3c1bb6450860dd5c83\">Anv\u00e4ndning<\/h3>\n\n\n\n<p class=\"has-text-align-center\">Applicera s\u00e5 ofta som beh\u00f6vs, i ansiktet eller p\u00e5 kroppen, f\u00f6r en omedelbar lugnande effekt vid kl\u00e5da. F\u00f6rvaras i kylsk\u00e5p f\u00f6r extra svalkande effekt.<\/p>\n<\/div>\n<\/div>\n\n\n\n<div class=\"wp-block-group is-layout-flow wp-block-group-is-layout-flow\">\n<div class=\"wp-block-group hexagon is-layout-constrained wp-block-group-is-layout-constrained\">\n<h3 class=\"wp-block-heading has-text-align-center has-primary-color has-text-color has-link-color wp-elements-4a0bf1a110c499428bc704dd2eb1cc5c\">Ingredienser<\/h3>\n\n\n\n<p class=\"has-text-align-center\">Water, Glycerin, Pentylene glycol, Methyl Gluceth-10, Panthenol, Acrylates\/C10-30 alkyl acrylate cross-polymer, Sodium gluconate, Sodium hydroxide.<\/p>\n<\/div>\n<\/div>\n<\/div><\/div>\n\n\n\n<div class=\"wp-block-karopharma-free-text pt-large pb-large bg-center bg-cover bg-no-repeat  beigeblock\" style=\"background-image:url()\"><div class=\"free-text-wrapper container max-w-small text-center\">\n<figure class=\"wp-block-image aligncenter size-full\"><img loading=\"lazy\" decoding=\"async\" width=\"200\" height=\"204\" src=\"https:\/\/decubal.com\/app\/uploads\/sites\/3\/2024\/05\/allergy-certified.png\" alt=\"Allergy Certified\" class=\"wp-image-666\"\/><\/figure>\n\n\n\n<h2 class=\"wp-block-heading is-style-heading-h2\">Decubal Restoring anti-itch gel \u00e4r oparfymerad och dermatologiskt testad p\u00e5 torr och k\u00e4nslig hud.<\/h2>\n\n\n\n<p>Produkten \u00e4r rekommenderad av Allergy Certified, vilket inneb\u00e4r att en toxikolog eller farmaceut har gjort en riskbed\u00f6mning av varje enskild ingrediens i sammans\u00e4ttningen f\u00f6r att minimera risken f\u00f6r allergisk reaktion.<\/p>\n<\/div><\/div>\n","protected":false},"excerpt":{"rendered":"<p>En svalkande och djupt \u00e5terfuktande gel som omedelbart lugnar kliande och irriterad hud. <\/p>\n","protected":false},"featured_media":705,"comment_status":"closed","ping_status":"closed","template":"","meta":{"_acf_changed":false,"footnotes":""},"product_brand":[],"product_cat":[23],"product_tag":[],"class_list":{"0":"post-285","1":"product","2":"type-product","3":"status-publish","4":"has-post-thumbnail","6":"product_cat-restoring","8":"first","9":"instock","10":"shipping-taxable","11":"product-type-simple"},"acf":[],"yoast_head":"<!-- This site is optimized with the Yoast SEO plugin v26.6 - https:\/\/yoast.com\/wordpress\/plugins\/seo\/ -->\n<title>Decubal Restoring anti-itch gel - Decubal<\/title>\n<meta name=\"description\" content=\"Om du har v\u00e4ldigt torr och kliande hud rekommenderar vi Decubal anti-itch gel som \u00e4r effektiv som akut behandling p\u00e5 b\u00e5de kropp och ansikte.\" \/>\n<meta name=\"robots\" content=\"index, follow, max-snippet:-1, max-image-preview:large, max-video-preview:-1\" \/>\n<link rel=\"canonical\" href=\"https:\/\/decubal.com\/se\/produkt\/decubal-restoring-anti-itch-gel\/\" \/>\n<meta property=\"og:locale\" content=\"sv_SE\" \/>\n<meta property=\"og:type\" content=\"article\" \/>\n<meta property=\"og:title\" content=\"Decubal Restoring anti-itch gel - Decubal\" \/>\n<meta property=\"og:description\" content=\"Om du har v\u00e4ldigt torr och kliande hud rekommenderar vi Decubal anti-itch gel som \u00e4r effektiv som akut behandling p\u00e5 b\u00e5de kropp och ansikte.\" \/>\n<meta property=\"og:url\" content=\"https:\/\/decubal.com\/se\/produkt\/decubal-restoring-anti-itch-gel\/\" \/>\n<meta property=\"og:site_name\" content=\"Decubal\" \/>\n<meta property=\"article:modified_time\" content=\"2024-12-05T14:09:59+00:00\" \/>\n<meta property=\"og:image\" content=\"https:\/\/decubal.com\/app\/uploads\/sites\/3\/2022\/05\/Decubal-anti-itch.png\" \/>\n\t<meta property=\"og:image:width\" content=\"600\" \/>\n\t<meta property=\"og:image:height\" content=\"600\" \/>\n\t<meta property=\"og:image:type\" content=\"image\/png\" \/>\n<meta name=\"twitter:card\" content=\"summary_large_image\" \/>\n<meta name=\"twitter:label1\" content=\"Ber\u00e4knad l\u00e4stid\" \/>\n\t<meta name=\"twitter:data1\" content=\"2 minuter\" \/>\n<script type=\"application\/ld+json\" class=\"yoast-schema-graph\">{\"@context\":\"https:\/\/schema.org\",\"@graph\":[{\"@type\":\"WebPage\",\"@id\":\"https:\/\/decubal.com\/se\/produkt\/decubal-restoring-anti-itch-gel\/\",\"url\":\"https:\/\/decubal.com\/se\/produkt\/decubal-restoring-anti-itch-gel\/\",\"name\":\"Decubal Restoring anti-itch gel - Decubal\",\"isPartOf\":{\"@id\":\"https:\/\/decubal.com\/se\/#website\"},\"primaryImageOfPage\":{\"@id\":\"https:\/\/decubal.com\/se\/produkt\/decubal-restoring-anti-itch-gel\/#primaryimage\"},\"image\":{\"@id\":\"https:\/\/decubal.com\/se\/produkt\/decubal-restoring-anti-itch-gel\/#primaryimage\"},\"thumbnailUrl\":\"https:\/\/decubal.com\/app\/uploads\/sites\/3\/2022\/05\/Decubal-anti-itch.png\",\"datePublished\":\"2022-05-24T08:21:14+00:00\",\"dateModified\":\"2024-12-05T14:09:59+00:00\",\"description\":\"Om du har v\u00e4ldigt torr och kliande hud rekommenderar vi Decubal anti-itch gel som \u00e4r effektiv som akut behandling p\u00e5 b\u00e5de kropp och ansikte.\",\"breadcrumb\":{\"@id\":\"https:\/\/decubal.com\/se\/produkt\/decubal-restoring-anti-itch-gel\/#breadcrumb\"},\"inLanguage\":\"sv-SE\",\"potentialAction\":[{\"@type\":\"ReadAction\",\"target\":[\"https:\/\/decubal.com\/se\/produkt\/decubal-restoring-anti-itch-gel\/\"]}]},{\"@type\":\"ImageObject\",\"inLanguage\":\"sv-SE\",\"@id\":\"https:\/\/decubal.com\/se\/produkt\/decubal-restoring-anti-itch-gel\/#primaryimage\",\"url\":\"https:\/\/decubal.com\/app\/uploads\/sites\/3\/2022\/05\/Decubal-anti-itch.png\",\"contentUrl\":\"https:\/\/decubal.com\/app\/uploads\/sites\/3\/2022\/05\/Decubal-anti-itch.png\",\"width\":600,\"height\":600,\"caption\":\"Decubal-anti-itch-gel\"},{\"@type\":\"BreadcrumbList\",\"@id\":\"https:\/\/decubal.com\/se\/produkt\/decubal-restoring-anti-itch-gel\/#breadcrumb\",\"itemListElement\":[{\"@type\":\"ListItem\",\"position\":1,\"name\":\"Home\",\"item\":\"https:\/\/decubal.com\/se\/\"},{\"@type\":\"ListItem\",\"position\":2,\"name\":\"Produkter\",\"item\":\"https:\/\/decubal.com\/se\/produkter\/\"},{\"@type\":\"ListItem\",\"position\":3,\"name\":\"Decubal Restoring anti-itch gel\"}]},{\"@type\":\"WebSite\",\"@id\":\"https:\/\/decubal.com\/se\/#website\",\"url\":\"https:\/\/decubal.com\/se\/\",\"name\":\"Decubal\",\"description\":\"\",\"publisher\":{\"@id\":\"https:\/\/decubal.com\/se\/#organization\"},\"potentialAction\":[{\"@type\":\"SearchAction\",\"target\":{\"@type\":\"EntryPoint\",\"urlTemplate\":\"https:\/\/decubal.com\/se\/?s={search_term_string}\"},\"query-input\":{\"@type\":\"PropertyValueSpecification\",\"valueRequired\":true,\"valueName\":\"search_term_string\"}}],\"inLanguage\":\"sv-SE\"},{\"@type\":\"Organization\",\"@id\":\"https:\/\/decubal.com\/se\/#organization\",\"name\":\"Decubal\",\"url\":\"https:\/\/decubal.com\/se\/\",\"logo\":{\"@type\":\"ImageObject\",\"inLanguage\":\"sv-SE\",\"@id\":\"https:\/\/decubal.com\/se\/#\/schema\/logo\/image\/\",\"url\":\"https:\/\/decubal.com\/app\/uploads\/sites\/3\/2022\/05\/Decubal-logo.png\",\"contentUrl\":\"https:\/\/decubal.com\/app\/uploads\/sites\/3\/2022\/05\/Decubal-logo.png\",\"width\":138,\"height\":40,\"caption\":\"Decubal\"},\"image\":{\"@id\":\"https:\/\/decubal.com\/se\/#\/schema\/logo\/image\/\"}}]}<\/script>\n<!-- \/ Yoast SEO plugin. -->","yoast_head_json":{"title":"Decubal Restoring anti-itch gel - Decubal","description":"Om du har v\u00e4ldigt torr och kliande hud rekommenderar vi Decubal anti-itch gel som \u00e4r effektiv som akut behandling p\u00e5 b\u00e5de kropp och ansikte.","robots":{"index":"index","follow":"follow","max-snippet":"max-snippet:-1","max-image-preview":"max-image-preview:large","max-video-preview":"max-video-preview:-1"},"canonical":"https:\/\/decubal.com\/se\/produkt\/decubal-restoring-anti-itch-gel\/","og_locale":"sv_SE","og_type":"article","og_title":"Decubal Restoring anti-itch gel - Decubal","og_description":"Om du har v\u00e4ldigt torr och kliande hud rekommenderar vi Decubal anti-itch gel som \u00e4r effektiv som akut behandling p\u00e5 b\u00e5de kropp och ansikte.","og_url":"https:\/\/decubal.com\/se\/produkt\/decubal-restoring-anti-itch-gel\/","og_site_name":"Decubal","article_modified_time":"2024-12-05T14:09:59+00:00","og_image":[{"width":600,"height":600,"url":"https:\/\/decubal.com\/app\/uploads\/sites\/3\/2022\/05\/Decubal-anti-itch.png","type":"image\/png"}],"twitter_card":"summary_large_image","twitter_misc":{"Ber\u00e4knad l\u00e4stid":"2 minuter"},"schema":{"@context":"https:\/\/schema.org","@graph":[{"@type":"WebPage","@id":"https:\/\/decubal.com\/se\/produkt\/decubal-restoring-anti-itch-gel\/","url":"https:\/\/decubal.com\/se\/produkt\/decubal-restoring-anti-itch-gel\/","name":"Decubal Restoring anti-itch gel - Decubal","isPartOf":{"@id":"https:\/\/decubal.com\/se\/#website"},"primaryImageOfPage":{"@id":"https:\/\/decubal.com\/se\/produkt\/decubal-restoring-anti-itch-gel\/#primaryimage"},"image":{"@id":"https:\/\/decubal.com\/se\/produkt\/decubal-restoring-anti-itch-gel\/#primaryimage"},"thumbnailUrl":"https:\/\/decubal.com\/app\/uploads\/sites\/3\/2022\/05\/Decubal-anti-itch.png","datePublished":"2022-05-24T08:21:14+00:00","dateModified":"2024-12-05T14:09:59+00:00","description":"Om du har v\u00e4ldigt torr och kliande hud rekommenderar vi Decubal anti-itch gel som \u00e4r effektiv som akut behandling p\u00e5 b\u00e5de kropp och ansikte.","breadcrumb":{"@id":"https:\/\/decubal.com\/se\/produkt\/decubal-restoring-anti-itch-gel\/#breadcrumb"},"inLanguage":"sv-SE","potentialAction":[{"@type":"ReadAction","target":["https:\/\/decubal.com\/se\/produkt\/decubal-restoring-anti-itch-gel\/"]}]},{"@type":"ImageObject","inLanguage":"sv-SE","@id":"https:\/\/decubal.com\/se\/produkt\/decubal-restoring-anti-itch-gel\/#primaryimage","url":"https:\/\/decubal.com\/app\/uploads\/sites\/3\/2022\/05\/Decubal-anti-itch.png","contentUrl":"https:\/\/decubal.com\/app\/uploads\/sites\/3\/2022\/05\/Decubal-anti-itch.png","width":600,"height":600,"caption":"Decubal-anti-itch-gel"},{"@type":"BreadcrumbList","@id":"https:\/\/decubal.com\/se\/produkt\/decubal-restoring-anti-itch-gel\/#breadcrumb","itemListElement":[{"@type":"ListItem","position":1,"name":"Home","item":"https:\/\/decubal.com\/se\/"},{"@type":"ListItem","position":2,"name":"Produkter","item":"https:\/\/decubal.com\/se\/produkter\/"},{"@type":"ListItem","position":3,"name":"Decubal Restoring anti-itch gel"}]},{"@type":"WebSite","@id":"https:\/\/decubal.com\/se\/#website","url":"https:\/\/decubal.com\/se\/","name":"Decubal","description":"","publisher":{"@id":"https:\/\/decubal.com\/se\/#organization"},"potentialAction":[{"@type":"SearchAction","target":{"@type":"EntryPoint","urlTemplate":"https:\/\/decubal.com\/se\/?s={search_term_string}"},"query-input":{"@type":"PropertyValueSpecification","valueRequired":true,"valueName":"search_term_string"}}],"inLanguage":"sv-SE"},{"@type":"Organization","@id":"https:\/\/decubal.com\/se\/#organization","name":"Decubal","url":"https:\/\/decubal.com\/se\/","logo":{"@type":"ImageObject","inLanguage":"sv-SE","@id":"https:\/\/decubal.com\/se\/#\/schema\/logo\/image\/","url":"https:\/\/decubal.com\/app\/uploads\/sites\/3\/2022\/05\/Decubal-logo.png","contentUrl":"https:\/\/decubal.com\/app\/uploads\/sites\/3\/2022\/05\/Decubal-logo.png","width":138,"height":40,"caption":"Decubal"},"image":{"@id":"https:\/\/decubal.com\/se\/#\/schema\/logo\/image\/"}}]}},"_links":{"self":[{"href":"https:\/\/decubal.com\/se\/wp-json\/wp\/v2\/product\/285","targetHints":{"allow":["GET"]}}],"collection":[{"href":"https:\/\/decubal.com\/se\/wp-json\/wp\/v2\/product"}],"about":[{"href":"https:\/\/decubal.com\/se\/wp-json\/wp\/v2\/types\/product"}],"replies":[{"embeddable":true,"href":"https:\/\/decubal.com\/se\/wp-json\/wp\/v2\/comments?post=285"}],"version-history":[{"count":10,"href":"https:\/\/decubal.com\/se\/wp-json\/wp\/v2\/product\/285\/revisions"}],"predecessor-version":[{"id":897,"href":"https:\/\/decubal.com\/se\/wp-json\/wp\/v2\/product\/285\/revisions\/897"}],"wp:featuredmedia":[{"embeddable":true,"href":"https:\/\/decubal.com\/se\/wp-json\/wp\/v2\/media\/705"}],"wp:attachment":[{"href":"https:\/\/decubal.com\/se\/wp-json\/wp\/v2\/media?parent=285"}],"wp:term":[{"taxonomy":"product_brand","embeddable":true,"href":"https:\/\/decubal.com\/se\/wp-json\/wp\/v2\/product_brand?post=285"},{"taxonomy":"product_cat","embeddable":true,"href":"https:\/\/decubal.com\/se\/wp-json\/wp\/v2\/product_cat?post=285"},{"taxonomy":"product_tag","embeddable":true,"href":"https:\/\/decubal.com\/se\/wp-json\/wp\/v2\/product_tag?post=285"}],"curies":[{"name":"wp","href":"https:\/\/api.w.org\/{rel}","templated":true}]}}