{"id":1086,"date":"2026-02-16T08:46:21","date_gmt":"2026-02-16T07:46:21","guid":{"rendered":"https:\/\/decubal.com\/se\/?post_type=product&#038;p=1086"},"modified":"2026-02-16T08:46:22","modified_gmt":"2026-02-16T07:46:22","slug":"decubal-enriching-face-cleanser","status":"publish","type":"product","link":"https:\/\/decubal.com\/se\/produkt\/decubal-enriching-face-cleanser\/","title":{"rendered":"Decubal Enriching face cleanser"},"content":{"rendered":"\n<div class=\"wp-block-karopharma-free-text pt-large pb-large bg-center bg-cover bg-no-repeat  redblock\" style=\"background-image:url()\"><div class=\"free-text-wrapper container max-w-medium text-left\">\n<p>Decubal Enriching Face Cleanser \u00e4r en effektiv och skonsam ansiktsreng\u00f6ring speciellt framtagen f\u00f6r mycket torr och k\u00e4nslig hud. Berikad med skonsamma ingredienser som ceramider, vitamin E, vitamin C och r\u00f6dalg, tar den varsamt bort smuts och orenheter samtidigt som den v\u00e5rdar och revitaliserar huden. Den avancerade formulan \u00e4r framtagen f\u00f6r att st\u00e4rka hudens naturliga barri\u00e4r och \u00e4r kliniskt bevisad att \u00e5terfukta i upp till 8 timmar, vilket g\u00f6r att huden k\u00e4nns mjuk, ren och \u00e5terfuktad hela dagen.<\/p>\n<\/div><\/div>\n\n\n\n<div class=\"wp-block-karopharma-product-promotion text-align-right pt-large pb-large bg-center bg-cover bg-no-repeat\" style=\"background-image:url()\"><div class=\"container max-w-large\">\n<div class=\"wp-block-group is-layout-flow wp-block-group-is-layout-flow\">\n<div class=\"wp-block-group hexagon is-layout-constrained wp-block-group-is-layout-constrained\">\n<h3 class=\"wp-block-heading has-text-align-center has-primary-color has-text-color has-link-color wp-elements-c6aee251a44b3b3c1bb6450860dd5c83\">Anv\u00e4ndning<\/h3>\n\n\n\n<p class=\"has-text-align-center\">Massera in p\u00e5 fuktig hud. Sk\u00f6lj sedan av med vatten. Applicera d\u00e4refter Decubals \u00e5terfuktande serum och dagkr\u00e4m. V\u00e4nta tills seumet tills det har absorberats in i huden innan du applicerar dagkr\u00e4men.<\/p>\n<\/div>\n<\/div>\n\n\n\n<div class=\"wp-block-group is-layout-flow wp-block-group-is-layout-flow\">\n<div class=\"wp-block-group hexagon is-layout-constrained wp-block-group-is-layout-constrained\">\n<h3 class=\"wp-block-heading has-text-align-center has-primary-color has-text-color has-link-color wp-elements-4a0bf1a110c499428bc704dd2eb1cc5c\">Ingredienser<\/h3>\n\n\n\n<p class=\"has-text-align-center mindretext2\">Aqua, Glycerin, Helianthus Annuus Seed Oil, Disodium Laureth Sulfosuccinate, Cellulose Gum, Cocamidopropyl Betaine, Sodium Cocoyl Glutamate, Tocopheryl Acetate, Tocopherol, Ascorbyl Tetraisopalmitate, Ceramide NP, Ceramide AP, Ceramide EOP, Phytosphingosine, Lactic Acid, Sodium Lauroyl Lactylate, Sodium Carrageenan, Maltodextrin, Cholesterol, Ethylhexylglycerin, Cyanocobalamin, Xanthan Gum, Sodium Citrate, Carbomer, Sea Salt, Sodium Chloride, Sodium Benzoate, Potassium Sorbate, Phenoxyethanol, Citric Acid.<\/p>\n<\/div>\n<\/div>\n<\/div><\/div>\n\n\n\n<div class=\"wp-block-karopharma-free-text pt-large pb-large bg-center bg-cover bg-no-repeat  beigeblock\" style=\"background-image:url()\"><div class=\"free-text-wrapper container max-w-small text-center\">\n<figure class=\"wp-block-image aligncenter size-full\"><img loading=\"lazy\" decoding=\"async\" width=\"200\" height=\"204\" src=\"https:\/\/decubal.com\/app\/uploads\/sites\/3\/2024\/05\/allergy-certified.png\" alt=\"Allergy Certified\" class=\"wp-image-666\"\/><\/figure>\n\n\n\n<h2 class=\"wp-block-heading is-style-heading-h2\">Decubal Enriching Face cream SPF 30 \u00e4r oparfymerad och dermatologiskt testad p\u00e5 torr och k\u00e4nslig hud.<\/h2>\n\n\n\n<p>Produkten \u00e4r rekommenderad av Allergy Certified, vilket inneb\u00e4r att en toxikolog eller farmaceut har gjort en riskbed\u00f6mning av varje enskild ingrediens i sammans\u00e4ttningen f\u00f6r att minimera risken f\u00f6r allergisk reaktion.<\/p>\n<\/div><\/div>\n","protected":false},"excerpt":{"rendered":"<p>N\u00e4rande och skonsam ansiktsreng\u00f6ring som st\u00e4rker hudbarri\u00e4ren och \u00e5terfuktar i upp till 8 timmar och huden.  F\u00f6r mycket torr och k\u00e4nslig hud. <\/p>\n","protected":false},"featured_media":1092,"comment_status":"closed","ping_status":"closed","template":"","meta":{"_acf_changed":false,"footnotes":""},"product_brand":[],"product_cat":[24],"product_tag":[],"class_list":{"0":"post-1086","1":"product","2":"type-product","3":"status-publish","4":"has-post-thumbnail","6":"product_cat-enriching","8":"first","9":"instock","10":"shipping-taxable","11":"product-type-simple"},"acf":[],"yoast_head":"<!-- This site is optimized with the Yoast SEO plugin v26.6 - https:\/\/yoast.com\/wordpress\/plugins\/seo\/ -->\n<title>Decubal Enriching face cleanser - Decubal<\/title>\n<meta name=\"description\" content=\"N\u00e4rande och skonsam ansiktsreng\u00f6ring som st\u00e4rker hudbarri\u00e4ren och \u00e5terfuktar i upp till 8 timmar och huden. F\u00f6r mycket torr och k\u00e4nslig hud.\" \/>\n<meta name=\"robots\" content=\"index, follow, max-snippet:-1, max-image-preview:large, max-video-preview:-1\" \/>\n<link rel=\"canonical\" href=\"https:\/\/decubal.com\/se\/produkt\/decubal-enriching-face-cleanser\/\" \/>\n<meta property=\"og:locale\" content=\"sv_SE\" \/>\n<meta property=\"og:type\" content=\"article\" \/>\n<meta property=\"og:title\" content=\"Decubal Enriching face cleanser - Decubal\" \/>\n<meta property=\"og:description\" content=\"N\u00e4rande och skonsam ansiktsreng\u00f6ring som st\u00e4rker hudbarri\u00e4ren och \u00e5terfuktar i upp till 8 timmar och huden. F\u00f6r mycket torr och k\u00e4nslig hud.\" \/>\n<meta property=\"og:url\" content=\"https:\/\/decubal.com\/se\/produkt\/decubal-enriching-face-cleanser\/\" \/>\n<meta property=\"og:site_name\" content=\"Decubal\" \/>\n<meta property=\"article:modified_time\" content=\"2026-02-16T07:46:22+00:00\" \/>\n<meta property=\"og:image\" content=\"https:\/\/decubal.com\/app\/uploads\/sites\/3\/2026\/02\/decubal-face-cleanser.jpg\" \/>\n\t<meta property=\"og:image:width\" content=\"600\" \/>\n\t<meta property=\"og:image:height\" content=\"600\" \/>\n\t<meta property=\"og:image:type\" content=\"image\/jpeg\" \/>\n<meta name=\"twitter:card\" content=\"summary_large_image\" \/>\n<meta name=\"twitter:label1\" content=\"Ber\u00e4knad l\u00e4stid\" \/>\n\t<meta name=\"twitter:data1\" content=\"2 minuter\" \/>\n<script type=\"application\/ld+json\" class=\"yoast-schema-graph\">{\"@context\":\"https:\/\/schema.org\",\"@graph\":[{\"@type\":\"WebPage\",\"@id\":\"https:\/\/decubal.com\/se\/produkt\/decubal-enriching-face-cleanser\/\",\"url\":\"https:\/\/decubal.com\/se\/produkt\/decubal-enriching-face-cleanser\/\",\"name\":\"Decubal Enriching face cleanser - Decubal\",\"isPartOf\":{\"@id\":\"https:\/\/decubal.com\/se\/#website\"},\"primaryImageOfPage\":{\"@id\":\"https:\/\/decubal.com\/se\/produkt\/decubal-enriching-face-cleanser\/#primaryimage\"},\"image\":{\"@id\":\"https:\/\/decubal.com\/se\/produkt\/decubal-enriching-face-cleanser\/#primaryimage\"},\"thumbnailUrl\":\"https:\/\/decubal.com\/app\/uploads\/sites\/3\/2026\/02\/decubal-face-cleanser.jpg\",\"datePublished\":\"2026-02-16T07:46:21+00:00\",\"dateModified\":\"2026-02-16T07:46:22+00:00\",\"description\":\"N\u00e4rande och skonsam ansiktsreng\u00f6ring som st\u00e4rker hudbarri\u00e4ren och \u00e5terfuktar i upp till 8 timmar och huden. F\u00f6r mycket torr och k\u00e4nslig hud.\",\"breadcrumb\":{\"@id\":\"https:\/\/decubal.com\/se\/produkt\/decubal-enriching-face-cleanser\/#breadcrumb\"},\"inLanguage\":\"sv-SE\",\"potentialAction\":[{\"@type\":\"ReadAction\",\"target\":[\"https:\/\/decubal.com\/se\/produkt\/decubal-enriching-face-cleanser\/\"]}]},{\"@type\":\"ImageObject\",\"inLanguage\":\"sv-SE\",\"@id\":\"https:\/\/decubal.com\/se\/produkt\/decubal-enriching-face-cleanser\/#primaryimage\",\"url\":\"https:\/\/decubal.com\/app\/uploads\/sites\/3\/2026\/02\/decubal-face-cleanser.jpg\",\"contentUrl\":\"https:\/\/decubal.com\/app\/uploads\/sites\/3\/2026\/02\/decubal-face-cleanser.jpg\",\"width\":600,\"height\":600,\"caption\":\"Decubal-face-cleanser\"},{\"@type\":\"BreadcrumbList\",\"@id\":\"https:\/\/decubal.com\/se\/produkt\/decubal-enriching-face-cleanser\/#breadcrumb\",\"itemListElement\":[{\"@type\":\"ListItem\",\"position\":1,\"name\":\"Home\",\"item\":\"https:\/\/decubal.com\/se\/\"},{\"@type\":\"ListItem\",\"position\":2,\"name\":\"Produkter\",\"item\":\"https:\/\/decubal.com\/se\/produkter\/\"},{\"@type\":\"ListItem\",\"position\":3,\"name\":\"Decubal Enriching face cleanser\"}]},{\"@type\":\"WebSite\",\"@id\":\"https:\/\/decubal.com\/se\/#website\",\"url\":\"https:\/\/decubal.com\/se\/\",\"name\":\"Decubal\",\"description\":\"\",\"publisher\":{\"@id\":\"https:\/\/decubal.com\/se\/#organization\"},\"potentialAction\":[{\"@type\":\"SearchAction\",\"target\":{\"@type\":\"EntryPoint\",\"urlTemplate\":\"https:\/\/decubal.com\/se\/?s={search_term_string}\"},\"query-input\":{\"@type\":\"PropertyValueSpecification\",\"valueRequired\":true,\"valueName\":\"search_term_string\"}}],\"inLanguage\":\"sv-SE\"},{\"@type\":\"Organization\",\"@id\":\"https:\/\/decubal.com\/se\/#organization\",\"name\":\"Decubal\",\"url\":\"https:\/\/decubal.com\/se\/\",\"logo\":{\"@type\":\"ImageObject\",\"inLanguage\":\"sv-SE\",\"@id\":\"https:\/\/decubal.com\/se\/#\/schema\/logo\/image\/\",\"url\":\"https:\/\/decubal.com\/app\/uploads\/sites\/3\/2022\/05\/Decubal-logo.png\",\"contentUrl\":\"https:\/\/decubal.com\/app\/uploads\/sites\/3\/2022\/05\/Decubal-logo.png\",\"width\":138,\"height\":40,\"caption\":\"Decubal\"},\"image\":{\"@id\":\"https:\/\/decubal.com\/se\/#\/schema\/logo\/image\/\"}}]}<\/script>\n<!-- \/ Yoast SEO plugin. -->","yoast_head_json":{"title":"Decubal Enriching face cleanser - Decubal","description":"N\u00e4rande och skonsam ansiktsreng\u00f6ring som st\u00e4rker hudbarri\u00e4ren och \u00e5terfuktar i upp till 8 timmar och huden. F\u00f6r mycket torr och k\u00e4nslig hud.","robots":{"index":"index","follow":"follow","max-snippet":"max-snippet:-1","max-image-preview":"max-image-preview:large","max-video-preview":"max-video-preview:-1"},"canonical":"https:\/\/decubal.com\/se\/produkt\/decubal-enriching-face-cleanser\/","og_locale":"sv_SE","og_type":"article","og_title":"Decubal Enriching face cleanser - Decubal","og_description":"N\u00e4rande och skonsam ansiktsreng\u00f6ring som st\u00e4rker hudbarri\u00e4ren och \u00e5terfuktar i upp till 8 timmar och huden. F\u00f6r mycket torr och k\u00e4nslig hud.","og_url":"https:\/\/decubal.com\/se\/produkt\/decubal-enriching-face-cleanser\/","og_site_name":"Decubal","article_modified_time":"2026-02-16T07:46:22+00:00","og_image":[{"width":600,"height":600,"url":"https:\/\/decubal.com\/app\/uploads\/sites\/3\/2026\/02\/decubal-face-cleanser.jpg","type":"image\/jpeg"}],"twitter_card":"summary_large_image","twitter_misc":{"Ber\u00e4knad l\u00e4stid":"2 minuter"},"schema":{"@context":"https:\/\/schema.org","@graph":[{"@type":"WebPage","@id":"https:\/\/decubal.com\/se\/produkt\/decubal-enriching-face-cleanser\/","url":"https:\/\/decubal.com\/se\/produkt\/decubal-enriching-face-cleanser\/","name":"Decubal Enriching face cleanser - Decubal","isPartOf":{"@id":"https:\/\/decubal.com\/se\/#website"},"primaryImageOfPage":{"@id":"https:\/\/decubal.com\/se\/produkt\/decubal-enriching-face-cleanser\/#primaryimage"},"image":{"@id":"https:\/\/decubal.com\/se\/produkt\/decubal-enriching-face-cleanser\/#primaryimage"},"thumbnailUrl":"https:\/\/decubal.com\/app\/uploads\/sites\/3\/2026\/02\/decubal-face-cleanser.jpg","datePublished":"2026-02-16T07:46:21+00:00","dateModified":"2026-02-16T07:46:22+00:00","description":"N\u00e4rande och skonsam ansiktsreng\u00f6ring som st\u00e4rker hudbarri\u00e4ren och \u00e5terfuktar i upp till 8 timmar och huden. F\u00f6r mycket torr och k\u00e4nslig hud.","breadcrumb":{"@id":"https:\/\/decubal.com\/se\/produkt\/decubal-enriching-face-cleanser\/#breadcrumb"},"inLanguage":"sv-SE","potentialAction":[{"@type":"ReadAction","target":["https:\/\/decubal.com\/se\/produkt\/decubal-enriching-face-cleanser\/"]}]},{"@type":"ImageObject","inLanguage":"sv-SE","@id":"https:\/\/decubal.com\/se\/produkt\/decubal-enriching-face-cleanser\/#primaryimage","url":"https:\/\/decubal.com\/app\/uploads\/sites\/3\/2026\/02\/decubal-face-cleanser.jpg","contentUrl":"https:\/\/decubal.com\/app\/uploads\/sites\/3\/2026\/02\/decubal-face-cleanser.jpg","width":600,"height":600,"caption":"Decubal-face-cleanser"},{"@type":"BreadcrumbList","@id":"https:\/\/decubal.com\/se\/produkt\/decubal-enriching-face-cleanser\/#breadcrumb","itemListElement":[{"@type":"ListItem","position":1,"name":"Home","item":"https:\/\/decubal.com\/se\/"},{"@type":"ListItem","position":2,"name":"Produkter","item":"https:\/\/decubal.com\/se\/produkter\/"},{"@type":"ListItem","position":3,"name":"Decubal Enriching face cleanser"}]},{"@type":"WebSite","@id":"https:\/\/decubal.com\/se\/#website","url":"https:\/\/decubal.com\/se\/","name":"Decubal","description":"","publisher":{"@id":"https:\/\/decubal.com\/se\/#organization"},"potentialAction":[{"@type":"SearchAction","target":{"@type":"EntryPoint","urlTemplate":"https:\/\/decubal.com\/se\/?s={search_term_string}"},"query-input":{"@type":"PropertyValueSpecification","valueRequired":true,"valueName":"search_term_string"}}],"inLanguage":"sv-SE"},{"@type":"Organization","@id":"https:\/\/decubal.com\/se\/#organization","name":"Decubal","url":"https:\/\/decubal.com\/se\/","logo":{"@type":"ImageObject","inLanguage":"sv-SE","@id":"https:\/\/decubal.com\/se\/#\/schema\/logo\/image\/","url":"https:\/\/decubal.com\/app\/uploads\/sites\/3\/2022\/05\/Decubal-logo.png","contentUrl":"https:\/\/decubal.com\/app\/uploads\/sites\/3\/2022\/05\/Decubal-logo.png","width":138,"height":40,"caption":"Decubal"},"image":{"@id":"https:\/\/decubal.com\/se\/#\/schema\/logo\/image\/"}}]}},"_links":{"self":[{"href":"https:\/\/decubal.com\/se\/wp-json\/wp\/v2\/product\/1086","targetHints":{"allow":["GET"]}}],"collection":[{"href":"https:\/\/decubal.com\/se\/wp-json\/wp\/v2\/product"}],"about":[{"href":"https:\/\/decubal.com\/se\/wp-json\/wp\/v2\/types\/product"}],"replies":[{"embeddable":true,"href":"https:\/\/decubal.com\/se\/wp-json\/wp\/v2\/comments?post=1086"}],"version-history":[{"count":1,"href":"https:\/\/decubal.com\/se\/wp-json\/wp\/v2\/product\/1086\/revisions"}],"predecessor-version":[{"id":1087,"href":"https:\/\/decubal.com\/se\/wp-json\/wp\/v2\/product\/1086\/revisions\/1087"}],"wp:featuredmedia":[{"embeddable":true,"href":"https:\/\/decubal.com\/se\/wp-json\/wp\/v2\/media\/1092"}],"wp:attachment":[{"href":"https:\/\/decubal.com\/se\/wp-json\/wp\/v2\/media?parent=1086"}],"wp:term":[{"taxonomy":"product_brand","embeddable":true,"href":"https:\/\/decubal.com\/se\/wp-json\/wp\/v2\/product_brand?post=1086"},{"taxonomy":"product_cat","embeddable":true,"href":"https:\/\/decubal.com\/se\/wp-json\/wp\/v2\/product_cat?post=1086"},{"taxonomy":"product_tag","embeddable":true,"href":"https:\/\/decubal.com\/se\/wp-json\/wp\/v2\/product_tag?post=1086"}],"curies":[{"name":"wp","href":"https:\/\/api.w.org\/{rel}","templated":true}]}}