{"id":1018,"date":"2025-10-03T08:31:21","date_gmt":"2025-10-03T06:31:21","guid":{"rendered":"https:\/\/decubal.com\/se\/?post_type=product&#038;p=1018"},"modified":"2026-02-09T12:17:21","modified_gmt":"2026-02-09T11:17:21","slug":"decubal-restoring-tinted-lip-balm","status":"publish","type":"product","link":"https:\/\/decubal.com\/se\/produkt\/decubal-restoring-tinted-lip-balm\/","title":{"rendered":"Decubal Restoring tinted lip balm"},"content":{"rendered":"\n<div class=\"wp-block-karopharma-free-text pt-large pb-large bg-center bg-cover bg-no-repeat  redblock\" style=\"background-image:url()\"><div class=\"free-text-wrapper container max-w-medium text-left\">\n<p>Decubal Restoring tinted lip balm \u00e4r resultatet av m\u00e5nga \u00f6nskem\u00e5l fr\u00e5n trogna anv\u00e4ndare \u2013 och nu \u00e4r den \u00e4ntligen h\u00e4r.<\/p>\n\n\n\n<p>Ett v\u00e5rdande l\u00e4ppbalsam som \u00e5terfuktar, skyddar och ger en naturligt rosa ton. Berikad med bivax, ricinolja och E-vitamin f\u00f6r att mjukg\u00f6ra, ge n\u00e4ring och st\u00e4rka huden p\u00e5 l\u00e4pparna. Vattenfri, oparfymerad och kliniskt bevisad att ge l\u00e5ngvarig \u00e5terfuktning i upp till 48 timmar.<\/p>\n<\/div><\/div>\n\n\n\n<div class=\"wp-block-karopharma-product-promotion text-align-right pt-large pb-large bg-center bg-cover bg-no-repeat\" style=\"background-image:url()\"><div class=\"container max-w-large\">\n<div class=\"wp-block-group is-layout-flow wp-block-group-is-layout-flow\">\n<div class=\"wp-block-group hexagon is-layout-constrained wp-block-group-is-layout-constrained\">\n<h3 class=\"wp-block-heading has-text-align-center has-primary-color has-text-color has-link-color wp-elements-c6aee251a44b3b3c1bb6450860dd5c83\">Anv\u00e4ndning<\/h3>\n\n\n\n<p class=\"has-text-align-center\">Applicera en riklig m\u00e4ngd p\u00e5 nariga l\u00e4ppar. \u00c5terapplicera vid behov f\u00f6r a bibeh\u00e5lla mjuka och vackra l\u00e4ppar.<\/p>\n<\/div>\n<\/div>\n\n\n\n<div class=\"wp-block-group is-layout-flow wp-block-group-is-layout-flow\">\n<div class=\"wp-block-group hexagon is-layout-constrained wp-block-group-is-layout-constrained\">\n<h3 class=\"wp-block-heading has-text-align-center has-primary-color has-text-color has-link-color wp-elements-4a0bf1a110c499428bc704dd2eb1cc5c\">Ingredienser<\/h3>\n\n\n\n<p class=\"has-text-align-center\">Petrolatum, Lanolin, Paraffinum Liquidum, Cera Alba, Distarch Phosphate, Ricinus Communis Seed Oil, Tocopherol, Citric Acid, Anthocyanins.<\/p>\n<\/div>\n<\/div>\n<\/div><\/div>\n","protected":false},"excerpt":{"rendered":"<p>Decubal tinted lip balm kombinerar samma \u00e4lskade, v\u00e5rdande formulan fr\u00e5n lip &#038; dry spot med en naturlig rosa ton f\u00f6r vackra, mjuka och \u00e5terfuktade l\u00e4ppar.<\/p>\n","protected":false},"featured_media":1019,"comment_status":"closed","ping_status":"closed","template":"","meta":{"_acf_changed":false,"footnotes":""},"product_brand":[],"product_cat":[23],"product_tag":[],"class_list":{"0":"post-1018","1":"product","2":"type-product","3":"status-publish","4":"has-post-thumbnail","6":"product_cat-restoring","8":"first","9":"instock","10":"shipping-taxable","11":"product-type-simple"},"acf":[],"yoast_head":"<!-- This site is optimized with the Yoast SEO plugin v26.6 - https:\/\/yoast.com\/wordpress\/plugins\/seo\/ -->\n<title>Decubal Restoring tinted lip balm - Decubal<\/title>\n<meta name=\"description\" content=\"Decubal Restoring tinted lip balm kombinerar samma \u00e4lskade, v\u00e5rdande formulan fr\u00e5n lip &amp; dry spot med en naturlig rosa ton f\u00f6r vackra, mjuka och \u00e5terfuktade l\u00e4ppar.\" \/>\n<meta name=\"robots\" content=\"index, follow, max-snippet:-1, max-image-preview:large, max-video-preview:-1\" \/>\n<link rel=\"canonical\" href=\"https:\/\/decubal.com\/se\/produkt\/decubal-restoring-tinted-lip-balm\/\" \/>\n<meta property=\"og:locale\" content=\"sv_SE\" \/>\n<meta property=\"og:type\" content=\"article\" \/>\n<meta property=\"og:title\" content=\"Decubal Restoring tinted lip balm - Decubal\" \/>\n<meta property=\"og:description\" content=\"Decubal Restoring tinted lip balm kombinerar samma \u00e4lskade, v\u00e5rdande formulan fr\u00e5n lip &amp; dry spot med en naturlig rosa ton f\u00f6r vackra, mjuka och \u00e5terfuktade l\u00e4ppar.\" \/>\n<meta property=\"og:url\" content=\"https:\/\/decubal.com\/se\/produkt\/decubal-restoring-tinted-lip-balm\/\" \/>\n<meta property=\"og:site_name\" content=\"Decubal\" \/>\n<meta property=\"article:modified_time\" content=\"2026-02-09T11:17:21+00:00\" \/>\n<meta property=\"og:image\" content=\"https:\/\/decubal.com\/app\/uploads\/sites\/3\/2025\/08\/Decubal-Restoring-Tinted-Lip-Balm.png\" \/>\n\t<meta property=\"og:image:width\" content=\"600\" \/>\n\t<meta property=\"og:image:height\" content=\"600\" \/>\n\t<meta property=\"og:image:type\" content=\"image\/png\" \/>\n<meta name=\"twitter:card\" content=\"summary_large_image\" \/>\n<meta name=\"twitter:label1\" content=\"Ber\u00e4knad l\u00e4stid\" \/>\n\t<meta name=\"twitter:data1\" content=\"1 minut\" \/>\n<script type=\"application\/ld+json\" class=\"yoast-schema-graph\">{\"@context\":\"https:\/\/schema.org\",\"@graph\":[{\"@type\":\"WebPage\",\"@id\":\"https:\/\/decubal.com\/se\/produkt\/decubal-restoring-tinted-lip-balm\/\",\"url\":\"https:\/\/decubal.com\/se\/produkt\/decubal-restoring-tinted-lip-balm\/\",\"name\":\"Decubal Restoring tinted lip balm - Decubal\",\"isPartOf\":{\"@id\":\"https:\/\/decubal.com\/se\/#website\"},\"primaryImageOfPage\":{\"@id\":\"https:\/\/decubal.com\/se\/produkt\/decubal-restoring-tinted-lip-balm\/#primaryimage\"},\"image\":{\"@id\":\"https:\/\/decubal.com\/se\/produkt\/decubal-restoring-tinted-lip-balm\/#primaryimage\"},\"thumbnailUrl\":\"https:\/\/decubal.com\/app\/uploads\/sites\/3\/2025\/08\/Decubal-Restoring-Tinted-Lip-Balm.png\",\"datePublished\":\"2025-10-03T06:31:21+00:00\",\"dateModified\":\"2026-02-09T11:17:21+00:00\",\"description\":\"Decubal Restoring tinted lip balm kombinerar samma \u00e4lskade, v\u00e5rdande formulan fr\u00e5n lip & dry spot med en naturlig rosa ton f\u00f6r vackra, mjuka och \u00e5terfuktade l\u00e4ppar.\",\"breadcrumb\":{\"@id\":\"https:\/\/decubal.com\/se\/produkt\/decubal-restoring-tinted-lip-balm\/#breadcrumb\"},\"inLanguage\":\"sv-SE\",\"potentialAction\":[{\"@type\":\"ReadAction\",\"target\":[\"https:\/\/decubal.com\/se\/produkt\/decubal-restoring-tinted-lip-balm\/\"]}]},{\"@type\":\"ImageObject\",\"inLanguage\":\"sv-SE\",\"@id\":\"https:\/\/decubal.com\/se\/produkt\/decubal-restoring-tinted-lip-balm\/#primaryimage\",\"url\":\"https:\/\/decubal.com\/app\/uploads\/sites\/3\/2025\/08\/Decubal-Restoring-Tinted-Lip-Balm.png\",\"contentUrl\":\"https:\/\/decubal.com\/app\/uploads\/sites\/3\/2025\/08\/Decubal-Restoring-Tinted-Lip-Balm.png\",\"width\":600,\"height\":600,\"caption\":\"Decubal-Restoring-Tinted-Lip-Balm\"},{\"@type\":\"BreadcrumbList\",\"@id\":\"https:\/\/decubal.com\/se\/produkt\/decubal-restoring-tinted-lip-balm\/#breadcrumb\",\"itemListElement\":[{\"@type\":\"ListItem\",\"position\":1,\"name\":\"Home\",\"item\":\"https:\/\/decubal.com\/se\/\"},{\"@type\":\"ListItem\",\"position\":2,\"name\":\"Produkter\",\"item\":\"https:\/\/decubal.com\/se\/produkter\/\"},{\"@type\":\"ListItem\",\"position\":3,\"name\":\"Decubal Restoring tinted lip balm\"}]},{\"@type\":\"WebSite\",\"@id\":\"https:\/\/decubal.com\/se\/#website\",\"url\":\"https:\/\/decubal.com\/se\/\",\"name\":\"Decubal\",\"description\":\"\",\"publisher\":{\"@id\":\"https:\/\/decubal.com\/se\/#organization\"},\"potentialAction\":[{\"@type\":\"SearchAction\",\"target\":{\"@type\":\"EntryPoint\",\"urlTemplate\":\"https:\/\/decubal.com\/se\/?s={search_term_string}\"},\"query-input\":{\"@type\":\"PropertyValueSpecification\",\"valueRequired\":true,\"valueName\":\"search_term_string\"}}],\"inLanguage\":\"sv-SE\"},{\"@type\":\"Organization\",\"@id\":\"https:\/\/decubal.com\/se\/#organization\",\"name\":\"Decubal\",\"url\":\"https:\/\/decubal.com\/se\/\",\"logo\":{\"@type\":\"ImageObject\",\"inLanguage\":\"sv-SE\",\"@id\":\"https:\/\/decubal.com\/se\/#\/schema\/logo\/image\/\",\"url\":\"https:\/\/decubal.com\/app\/uploads\/sites\/3\/2022\/05\/Decubal-logo.png\",\"contentUrl\":\"https:\/\/decubal.com\/app\/uploads\/sites\/3\/2022\/05\/Decubal-logo.png\",\"width\":138,\"height\":40,\"caption\":\"Decubal\"},\"image\":{\"@id\":\"https:\/\/decubal.com\/se\/#\/schema\/logo\/image\/\"}}]}<\/script>\n<!-- \/ Yoast SEO plugin. -->","yoast_head_json":{"title":"Decubal Restoring tinted lip balm - Decubal","description":"Decubal Restoring tinted lip balm kombinerar samma \u00e4lskade, v\u00e5rdande formulan fr\u00e5n lip & dry spot med en naturlig rosa ton f\u00f6r vackra, mjuka och \u00e5terfuktade l\u00e4ppar.","robots":{"index":"index","follow":"follow","max-snippet":"max-snippet:-1","max-image-preview":"max-image-preview:large","max-video-preview":"max-video-preview:-1"},"canonical":"https:\/\/decubal.com\/se\/produkt\/decubal-restoring-tinted-lip-balm\/","og_locale":"sv_SE","og_type":"article","og_title":"Decubal Restoring tinted lip balm - Decubal","og_description":"Decubal Restoring tinted lip balm kombinerar samma \u00e4lskade, v\u00e5rdande formulan fr\u00e5n lip & dry spot med en naturlig rosa ton f\u00f6r vackra, mjuka och \u00e5terfuktade l\u00e4ppar.","og_url":"https:\/\/decubal.com\/se\/produkt\/decubal-restoring-tinted-lip-balm\/","og_site_name":"Decubal","article_modified_time":"2026-02-09T11:17:21+00:00","og_image":[{"width":600,"height":600,"url":"https:\/\/decubal.com\/app\/uploads\/sites\/3\/2025\/08\/Decubal-Restoring-Tinted-Lip-Balm.png","type":"image\/png"}],"twitter_card":"summary_large_image","twitter_misc":{"Ber\u00e4knad l\u00e4stid":"1 minut"},"schema":{"@context":"https:\/\/schema.org","@graph":[{"@type":"WebPage","@id":"https:\/\/decubal.com\/se\/produkt\/decubal-restoring-tinted-lip-balm\/","url":"https:\/\/decubal.com\/se\/produkt\/decubal-restoring-tinted-lip-balm\/","name":"Decubal Restoring tinted lip balm - Decubal","isPartOf":{"@id":"https:\/\/decubal.com\/se\/#website"},"primaryImageOfPage":{"@id":"https:\/\/decubal.com\/se\/produkt\/decubal-restoring-tinted-lip-balm\/#primaryimage"},"image":{"@id":"https:\/\/decubal.com\/se\/produkt\/decubal-restoring-tinted-lip-balm\/#primaryimage"},"thumbnailUrl":"https:\/\/decubal.com\/app\/uploads\/sites\/3\/2025\/08\/Decubal-Restoring-Tinted-Lip-Balm.png","datePublished":"2025-10-03T06:31:21+00:00","dateModified":"2026-02-09T11:17:21+00:00","description":"Decubal Restoring tinted lip balm kombinerar samma \u00e4lskade, v\u00e5rdande formulan fr\u00e5n lip & dry spot med en naturlig rosa ton f\u00f6r vackra, mjuka och \u00e5terfuktade l\u00e4ppar.","breadcrumb":{"@id":"https:\/\/decubal.com\/se\/produkt\/decubal-restoring-tinted-lip-balm\/#breadcrumb"},"inLanguage":"sv-SE","potentialAction":[{"@type":"ReadAction","target":["https:\/\/decubal.com\/se\/produkt\/decubal-restoring-tinted-lip-balm\/"]}]},{"@type":"ImageObject","inLanguage":"sv-SE","@id":"https:\/\/decubal.com\/se\/produkt\/decubal-restoring-tinted-lip-balm\/#primaryimage","url":"https:\/\/decubal.com\/app\/uploads\/sites\/3\/2025\/08\/Decubal-Restoring-Tinted-Lip-Balm.png","contentUrl":"https:\/\/decubal.com\/app\/uploads\/sites\/3\/2025\/08\/Decubal-Restoring-Tinted-Lip-Balm.png","width":600,"height":600,"caption":"Decubal-Restoring-Tinted-Lip-Balm"},{"@type":"BreadcrumbList","@id":"https:\/\/decubal.com\/se\/produkt\/decubal-restoring-tinted-lip-balm\/#breadcrumb","itemListElement":[{"@type":"ListItem","position":1,"name":"Home","item":"https:\/\/decubal.com\/se\/"},{"@type":"ListItem","position":2,"name":"Produkter","item":"https:\/\/decubal.com\/se\/produkter\/"},{"@type":"ListItem","position":3,"name":"Decubal Restoring tinted lip balm"}]},{"@type":"WebSite","@id":"https:\/\/decubal.com\/se\/#website","url":"https:\/\/decubal.com\/se\/","name":"Decubal","description":"","publisher":{"@id":"https:\/\/decubal.com\/se\/#organization"},"potentialAction":[{"@type":"SearchAction","target":{"@type":"EntryPoint","urlTemplate":"https:\/\/decubal.com\/se\/?s={search_term_string}"},"query-input":{"@type":"PropertyValueSpecification","valueRequired":true,"valueName":"search_term_string"}}],"inLanguage":"sv-SE"},{"@type":"Organization","@id":"https:\/\/decubal.com\/se\/#organization","name":"Decubal","url":"https:\/\/decubal.com\/se\/","logo":{"@type":"ImageObject","inLanguage":"sv-SE","@id":"https:\/\/decubal.com\/se\/#\/schema\/logo\/image\/","url":"https:\/\/decubal.com\/app\/uploads\/sites\/3\/2022\/05\/Decubal-logo.png","contentUrl":"https:\/\/decubal.com\/app\/uploads\/sites\/3\/2022\/05\/Decubal-logo.png","width":138,"height":40,"caption":"Decubal"},"image":{"@id":"https:\/\/decubal.com\/se\/#\/schema\/logo\/image\/"}}]}},"_links":{"self":[{"href":"https:\/\/decubal.com\/se\/wp-json\/wp\/v2\/product\/1018","targetHints":{"allow":["GET"]}}],"collection":[{"href":"https:\/\/decubal.com\/se\/wp-json\/wp\/v2\/product"}],"about":[{"href":"https:\/\/decubal.com\/se\/wp-json\/wp\/v2\/types\/product"}],"replies":[{"embeddable":true,"href":"https:\/\/decubal.com\/se\/wp-json\/wp\/v2\/comments?post=1018"}],"version-history":[{"count":6,"href":"https:\/\/decubal.com\/se\/wp-json\/wp\/v2\/product\/1018\/revisions"}],"predecessor-version":[{"id":1104,"href":"https:\/\/decubal.com\/se\/wp-json\/wp\/v2\/product\/1018\/revisions\/1104"}],"wp:featuredmedia":[{"embeddable":true,"href":"https:\/\/decubal.com\/se\/wp-json\/wp\/v2\/media\/1019"}],"wp:attachment":[{"href":"https:\/\/decubal.com\/se\/wp-json\/wp\/v2\/media?parent=1018"}],"wp:term":[{"taxonomy":"product_brand","embeddable":true,"href":"https:\/\/decubal.com\/se\/wp-json\/wp\/v2\/product_brand?post=1018"},{"taxonomy":"product_cat","embeddable":true,"href":"https:\/\/decubal.com\/se\/wp-json\/wp\/v2\/product_cat?post=1018"},{"taxonomy":"product_tag","embeddable":true,"href":"https:\/\/decubal.com\/se\/wp-json\/wp\/v2\/product_tag?post=1018"}],"curies":[{"name":"wp","href":"https:\/\/api.w.org\/{rel}","templated":true}]}}