{"id":1006,"date":"2025-10-03T08:40:09","date_gmt":"2025-10-03T06:40:09","guid":{"rendered":"https:\/\/decubal.com\/se\/?post_type=product&#038;p=1006"},"modified":"2026-02-09T12:06:31","modified_gmt":"2026-02-09T11:06:31","slug":"decubal-enriching-face-cream-spf-30","status":"publish","type":"product","link":"https:\/\/decubal.com\/se\/produkt\/decubal-enriching-face-cream-spf-30\/","title":{"rendered":"Decubal Enriching face cream SPF 30"},"content":{"rendered":"\n<div class=\"wp-block-karopharma-free-text pt-large pb-large bg-center bg-cover bg-no-repeat  redblock\" style=\"background-image:url()\"><div class=\"free-text-wrapper container max-w-medium text-left\">\n<p>Decubal Enriching face day cream SPF30 \u00e4r speciellt utvecklad f\u00f6r daglig v\u00e5rd av torr till mycket torr och k\u00e4nslig hud. Med innovativ hudanpassande teknologi, anpassar sig formulan efter hudens behov i olika milj\u00f6er f\u00f6r optimalt skydd. Kr\u00e4men \u00e4r kliniskt bevisad att reparera hudbarri\u00e4ren och att ge en l\u00e5ngvarig \u00e5terfuktande effekt i upp till 72 timmar. Den l\u00e4tta formulan \u00e4r berikad med en blandning av kollagen, ceramider, antioxidanter och r\u00f6dalger som v\u00e5rdar och ger n\u00e4ring p\u00e5 djupet.<\/p>\n<\/div><\/div>\n\n\n\n<div class=\"wp-block-karopharma-product-promotion text-align-right pt-large pb-large bg-center bg-cover bg-no-repeat\" style=\"background-image:url()\"><div class=\"container max-w-large\">\n<div class=\"wp-block-group is-layout-flow wp-block-group-is-layout-flow\">\n<div class=\"wp-block-group hexagon is-layout-constrained wp-block-group-is-layout-constrained\">\n<h3 class=\"wp-block-heading has-text-align-center has-primary-color has-text-color has-link-color wp-elements-c6aee251a44b3b3c1bb6450860dd5c83\">Anv\u00e4ndning<\/h3>\n\n\n\n<p class=\"has-text-align-center\">Applicera i ansiktet p\u00e5 morgonen efter Decubals \u00e5terfuktande serum eller direkt efter reng\u00f6ring. Om du anv\u00e4nder serumet b\u00f6r du v\u00e4nta tills det har absorberats in i huden innan du applicerar dagkr\u00e4men.<\/p>\n<\/div>\n<\/div>\n\n\n\n<div class=\"wp-block-group is-layout-flow wp-block-group-is-layout-flow\">\n<div class=\"wp-block-group hexagon is-layout-constrained wp-block-group-is-layout-constrained\">\n<h3 class=\"wp-block-heading has-text-align-center has-primary-color has-text-color has-link-color wp-elements-4a0bf1a110c499428bc704dd2eb1cc5c\">Ingredienser<\/h3>\n\n\n\n<p class=\"has-text-align-center mindretext2\">Aqua, Dibutyl Adipate, Diethylamino Hydroxybenzoyl Hexyl Benzoate, C12-15 Alkyl Benzoate, Undecane, Diethylhexyl Butamido Triazone, Glycerin, Bis-Ethylhexyloxyphenol Methoxyphenyl Triazine, Avena Sativa Kernel Oil, Betaine, Ethylhexyl Triazone, Disodium Cetearyl Sulfosuccinate, Propanediol, Butyrospermum Parkii Butter, Glyceryl Stearate, Tridecane, Canola Oil, Hydrolyzed Collagen, Sodium Hyaluronate, Ascorbyl Tetraisopalmitate, Helianthus Annuus Seed Oil, Tocopheryl Acetate, Biosaccharide Gum-1, Caprylyl Glycol, Sodium Carrageenan, Glyceryl Stearate Citrate, Zea Mays Starch, Hydrogenated Lecithin, Tocopherol, Xanthan Gum, Lecithin,Phenoxyethanol, Citric Acid, Sodium Polyacryloyldimethyl Taurate, Sodium Acrylates Copolymer, Polyglyceryl-3 Stearate, Sea Salt.<\/p>\n<\/div>\n<\/div>\n<\/div><\/div>\n\n\n\n<div class=\"wp-block-karopharma-free-text pt-large pb-large bg-center bg-cover bg-no-repeat  beigeblock\" style=\"background-image:url()\"><div class=\"free-text-wrapper container max-w-small text-center\">\n<figure class=\"wp-block-image aligncenter size-full\"><img loading=\"lazy\" decoding=\"async\" width=\"200\" height=\"204\" src=\"https:\/\/decubal.com\/app\/uploads\/sites\/3\/2024\/05\/allergy-certified.png\" alt=\"Allergy Certified\" class=\"wp-image-666\"\/><\/figure>\n\n\n\n<h2 class=\"wp-block-heading is-style-heading-h2\">Decubal Enriching face cream SPF 30 \u00e4r oparfymerad och dermatologiskt testad p\u00e5 torr och k\u00e4nslig hud.<\/h2>\n\n\n\n<p>Produkten \u00e4r rekommenderad av Allergy Certified, vilket inneb\u00e4r att en toxikolog eller farmaceut har gjort en riskbed\u00f6mning av varje enskild ingrediens i sammans\u00e4ttningen f\u00f6r att minimera risken f\u00f6r allergisk reaktion.<\/p>\n<\/div><\/div>\n","protected":false},"excerpt":{"rendered":"<p>Extra n\u00e4rande ansiktskr\u00e4m med  SPF 30 UVA\/UVB-skydd som v\u00e5rdar, skyddar och revitaliserar torr till mycket torr, k\u00e4nslig hud.<\/p>\n","protected":false},"featured_media":1022,"comment_status":"closed","ping_status":"closed","template":"","meta":{"_acf_changed":false,"footnotes":""},"product_brand":[],"product_cat":[24],"product_tag":[],"class_list":{"0":"post-1006","1":"product","2":"type-product","3":"status-publish","4":"has-post-thumbnail","6":"product_cat-enriching","8":"first","9":"instock","10":"shipping-taxable","11":"product-type-simple"},"acf":[],"yoast_head":"<!-- This site is optimized with the Yoast SEO plugin v26.6 - https:\/\/yoast.com\/wordpress\/plugins\/seo\/ -->\n<title>Decubal Enriching face cream SPF 30 - Decubal<\/title>\n<meta name=\"description\" content=\"Extra n\u00e4rande ansiktskr\u00e4m med SPF 30 UVA\/UVB-skydd som v\u00e5rdar, skyddar och revitaliserar torr till mycket torr, k\u00e4nslig hud.\" \/>\n<meta name=\"robots\" content=\"index, follow, max-snippet:-1, max-image-preview:large, max-video-preview:-1\" \/>\n<link rel=\"canonical\" href=\"https:\/\/decubal.com\/se\/produkt\/decubal-enriching-face-cream-spf-30\/\" \/>\n<meta property=\"og:locale\" content=\"sv_SE\" \/>\n<meta property=\"og:type\" content=\"article\" \/>\n<meta property=\"og:title\" content=\"Decubal Enriching face cream SPF 30 - Decubal\" \/>\n<meta property=\"og:description\" content=\"Extra n\u00e4rande ansiktskr\u00e4m med SPF 30 UVA\/UVB-skydd som v\u00e5rdar, skyddar och revitaliserar torr till mycket torr, k\u00e4nslig hud.\" \/>\n<meta property=\"og:url\" content=\"https:\/\/decubal.com\/se\/produkt\/decubal-enriching-face-cream-spf-30\/\" \/>\n<meta property=\"og:site_name\" content=\"Decubal\" \/>\n<meta property=\"article:modified_time\" content=\"2026-02-09T11:06:31+00:00\" \/>\n<meta property=\"og:image\" content=\"https:\/\/decubal.com\/app\/uploads\/sites\/3\/2025\/08\/Decubal-Enriching-Face-Cream-SPF30-splash.png\" \/>\n\t<meta property=\"og:image:width\" content=\"600\" \/>\n\t<meta property=\"og:image:height\" content=\"600\" \/>\n\t<meta property=\"og:image:type\" content=\"image\/png\" \/>\n<meta name=\"twitter:card\" content=\"summary_large_image\" \/>\n<meta name=\"twitter:label1\" content=\"Ber\u00e4knad l\u00e4stid\" \/>\n\t<meta name=\"twitter:data1\" content=\"2 minuter\" \/>\n<script type=\"application\/ld+json\" class=\"yoast-schema-graph\">{\"@context\":\"https:\/\/schema.org\",\"@graph\":[{\"@type\":\"WebPage\",\"@id\":\"https:\/\/decubal.com\/se\/produkt\/decubal-enriching-face-cream-spf-30\/\",\"url\":\"https:\/\/decubal.com\/se\/produkt\/decubal-enriching-face-cream-spf-30\/\",\"name\":\"Decubal Enriching face cream SPF 30 - Decubal\",\"isPartOf\":{\"@id\":\"https:\/\/decubal.com\/se\/#website\"},\"primaryImageOfPage\":{\"@id\":\"https:\/\/decubal.com\/se\/produkt\/decubal-enriching-face-cream-spf-30\/#primaryimage\"},\"image\":{\"@id\":\"https:\/\/decubal.com\/se\/produkt\/decubal-enriching-face-cream-spf-30\/#primaryimage\"},\"thumbnailUrl\":\"https:\/\/decubal.com\/app\/uploads\/sites\/3\/2025\/08\/Decubal-Enriching-Face-Cream-SPF30-splash.png\",\"datePublished\":\"2025-10-03T06:40:09+00:00\",\"dateModified\":\"2026-02-09T11:06:31+00:00\",\"description\":\"Extra n\u00e4rande ansiktskr\u00e4m med SPF 30 UVA\/UVB-skydd som v\u00e5rdar, skyddar och revitaliserar torr till mycket torr, k\u00e4nslig hud.\",\"breadcrumb\":{\"@id\":\"https:\/\/decubal.com\/se\/produkt\/decubal-enriching-face-cream-spf-30\/#breadcrumb\"},\"inLanguage\":\"sv-SE\",\"potentialAction\":[{\"@type\":\"ReadAction\",\"target\":[\"https:\/\/decubal.com\/se\/produkt\/decubal-enriching-face-cream-spf-30\/\"]}]},{\"@type\":\"ImageObject\",\"inLanguage\":\"sv-SE\",\"@id\":\"https:\/\/decubal.com\/se\/produkt\/decubal-enriching-face-cream-spf-30\/#primaryimage\",\"url\":\"https:\/\/decubal.com\/app\/uploads\/sites\/3\/2025\/08\/Decubal-Enriching-Face-Cream-SPF30-splash.png\",\"contentUrl\":\"https:\/\/decubal.com\/app\/uploads\/sites\/3\/2025\/08\/Decubal-Enriching-Face-Cream-SPF30-splash.png\",\"width\":600,\"height\":600,\"caption\":\"Decubal-Enriching-Face-Cream-SPF30-splash\"},{\"@type\":\"BreadcrumbList\",\"@id\":\"https:\/\/decubal.com\/se\/produkt\/decubal-enriching-face-cream-spf-30\/#breadcrumb\",\"itemListElement\":[{\"@type\":\"ListItem\",\"position\":1,\"name\":\"Home\",\"item\":\"https:\/\/decubal.com\/se\/\"},{\"@type\":\"ListItem\",\"position\":2,\"name\":\"Produkter\",\"item\":\"https:\/\/decubal.com\/se\/produkter\/\"},{\"@type\":\"ListItem\",\"position\":3,\"name\":\"Decubal Enriching face cream SPF 30\"}]},{\"@type\":\"WebSite\",\"@id\":\"https:\/\/decubal.com\/se\/#website\",\"url\":\"https:\/\/decubal.com\/se\/\",\"name\":\"Decubal\",\"description\":\"\",\"publisher\":{\"@id\":\"https:\/\/decubal.com\/se\/#organization\"},\"potentialAction\":[{\"@type\":\"SearchAction\",\"target\":{\"@type\":\"EntryPoint\",\"urlTemplate\":\"https:\/\/decubal.com\/se\/?s={search_term_string}\"},\"query-input\":{\"@type\":\"PropertyValueSpecification\",\"valueRequired\":true,\"valueName\":\"search_term_string\"}}],\"inLanguage\":\"sv-SE\"},{\"@type\":\"Organization\",\"@id\":\"https:\/\/decubal.com\/se\/#organization\",\"name\":\"Decubal\",\"url\":\"https:\/\/decubal.com\/se\/\",\"logo\":{\"@type\":\"ImageObject\",\"inLanguage\":\"sv-SE\",\"@id\":\"https:\/\/decubal.com\/se\/#\/schema\/logo\/image\/\",\"url\":\"https:\/\/decubal.com\/app\/uploads\/sites\/3\/2022\/05\/Decubal-logo.png\",\"contentUrl\":\"https:\/\/decubal.com\/app\/uploads\/sites\/3\/2022\/05\/Decubal-logo.png\",\"width\":138,\"height\":40,\"caption\":\"Decubal\"},\"image\":{\"@id\":\"https:\/\/decubal.com\/se\/#\/schema\/logo\/image\/\"}}]}<\/script>\n<!-- \/ Yoast SEO plugin. -->","yoast_head_json":{"title":"Decubal Enriching face cream SPF 30 - Decubal","description":"Extra n\u00e4rande ansiktskr\u00e4m med SPF 30 UVA\/UVB-skydd som v\u00e5rdar, skyddar och revitaliserar torr till mycket torr, k\u00e4nslig hud.","robots":{"index":"index","follow":"follow","max-snippet":"max-snippet:-1","max-image-preview":"max-image-preview:large","max-video-preview":"max-video-preview:-1"},"canonical":"https:\/\/decubal.com\/se\/produkt\/decubal-enriching-face-cream-spf-30\/","og_locale":"sv_SE","og_type":"article","og_title":"Decubal Enriching face cream SPF 30 - Decubal","og_description":"Extra n\u00e4rande ansiktskr\u00e4m med SPF 30 UVA\/UVB-skydd som v\u00e5rdar, skyddar och revitaliserar torr till mycket torr, k\u00e4nslig hud.","og_url":"https:\/\/decubal.com\/se\/produkt\/decubal-enriching-face-cream-spf-30\/","og_site_name":"Decubal","article_modified_time":"2026-02-09T11:06:31+00:00","og_image":[{"width":600,"height":600,"url":"https:\/\/decubal.com\/app\/uploads\/sites\/3\/2025\/08\/Decubal-Enriching-Face-Cream-SPF30-splash.png","type":"image\/png"}],"twitter_card":"summary_large_image","twitter_misc":{"Ber\u00e4knad l\u00e4stid":"2 minuter"},"schema":{"@context":"https:\/\/schema.org","@graph":[{"@type":"WebPage","@id":"https:\/\/decubal.com\/se\/produkt\/decubal-enriching-face-cream-spf-30\/","url":"https:\/\/decubal.com\/se\/produkt\/decubal-enriching-face-cream-spf-30\/","name":"Decubal Enriching face cream SPF 30 - Decubal","isPartOf":{"@id":"https:\/\/decubal.com\/se\/#website"},"primaryImageOfPage":{"@id":"https:\/\/decubal.com\/se\/produkt\/decubal-enriching-face-cream-spf-30\/#primaryimage"},"image":{"@id":"https:\/\/decubal.com\/se\/produkt\/decubal-enriching-face-cream-spf-30\/#primaryimage"},"thumbnailUrl":"https:\/\/decubal.com\/app\/uploads\/sites\/3\/2025\/08\/Decubal-Enriching-Face-Cream-SPF30-splash.png","datePublished":"2025-10-03T06:40:09+00:00","dateModified":"2026-02-09T11:06:31+00:00","description":"Extra n\u00e4rande ansiktskr\u00e4m med SPF 30 UVA\/UVB-skydd som v\u00e5rdar, skyddar och revitaliserar torr till mycket torr, k\u00e4nslig hud.","breadcrumb":{"@id":"https:\/\/decubal.com\/se\/produkt\/decubal-enriching-face-cream-spf-30\/#breadcrumb"},"inLanguage":"sv-SE","potentialAction":[{"@type":"ReadAction","target":["https:\/\/decubal.com\/se\/produkt\/decubal-enriching-face-cream-spf-30\/"]}]},{"@type":"ImageObject","inLanguage":"sv-SE","@id":"https:\/\/decubal.com\/se\/produkt\/decubal-enriching-face-cream-spf-30\/#primaryimage","url":"https:\/\/decubal.com\/app\/uploads\/sites\/3\/2025\/08\/Decubal-Enriching-Face-Cream-SPF30-splash.png","contentUrl":"https:\/\/decubal.com\/app\/uploads\/sites\/3\/2025\/08\/Decubal-Enriching-Face-Cream-SPF30-splash.png","width":600,"height":600,"caption":"Decubal-Enriching-Face-Cream-SPF30-splash"},{"@type":"BreadcrumbList","@id":"https:\/\/decubal.com\/se\/produkt\/decubal-enriching-face-cream-spf-30\/#breadcrumb","itemListElement":[{"@type":"ListItem","position":1,"name":"Home","item":"https:\/\/decubal.com\/se\/"},{"@type":"ListItem","position":2,"name":"Produkter","item":"https:\/\/decubal.com\/se\/produkter\/"},{"@type":"ListItem","position":3,"name":"Decubal Enriching face cream SPF 30"}]},{"@type":"WebSite","@id":"https:\/\/decubal.com\/se\/#website","url":"https:\/\/decubal.com\/se\/","name":"Decubal","description":"","publisher":{"@id":"https:\/\/decubal.com\/se\/#organization"},"potentialAction":[{"@type":"SearchAction","target":{"@type":"EntryPoint","urlTemplate":"https:\/\/decubal.com\/se\/?s={search_term_string}"},"query-input":{"@type":"PropertyValueSpecification","valueRequired":true,"valueName":"search_term_string"}}],"inLanguage":"sv-SE"},{"@type":"Organization","@id":"https:\/\/decubal.com\/se\/#organization","name":"Decubal","url":"https:\/\/decubal.com\/se\/","logo":{"@type":"ImageObject","inLanguage":"sv-SE","@id":"https:\/\/decubal.com\/se\/#\/schema\/logo\/image\/","url":"https:\/\/decubal.com\/app\/uploads\/sites\/3\/2022\/05\/Decubal-logo.png","contentUrl":"https:\/\/decubal.com\/app\/uploads\/sites\/3\/2022\/05\/Decubal-logo.png","width":138,"height":40,"caption":"Decubal"},"image":{"@id":"https:\/\/decubal.com\/se\/#\/schema\/logo\/image\/"}}]}},"_links":{"self":[{"href":"https:\/\/decubal.com\/se\/wp-json\/wp\/v2\/product\/1006","targetHints":{"allow":["GET"]}}],"collection":[{"href":"https:\/\/decubal.com\/se\/wp-json\/wp\/v2\/product"}],"about":[{"href":"https:\/\/decubal.com\/se\/wp-json\/wp\/v2\/types\/product"}],"replies":[{"embeddable":true,"href":"https:\/\/decubal.com\/se\/wp-json\/wp\/v2\/comments?post=1006"}],"version-history":[{"count":5,"href":"https:\/\/decubal.com\/se\/wp-json\/wp\/v2\/product\/1006\/revisions"}],"predecessor-version":[{"id":1101,"href":"https:\/\/decubal.com\/se\/wp-json\/wp\/v2\/product\/1006\/revisions\/1101"}],"wp:featuredmedia":[{"embeddable":true,"href":"https:\/\/decubal.com\/se\/wp-json\/wp\/v2\/media\/1022"}],"wp:attachment":[{"href":"https:\/\/decubal.com\/se\/wp-json\/wp\/v2\/media?parent=1006"}],"wp:term":[{"taxonomy":"product_brand","embeddable":true,"href":"https:\/\/decubal.com\/se\/wp-json\/wp\/v2\/product_brand?post=1006"},{"taxonomy":"product_cat","embeddable":true,"href":"https:\/\/decubal.com\/se\/wp-json\/wp\/v2\/product_cat?post=1006"},{"taxonomy":"product_tag","embeddable":true,"href":"https:\/\/decubal.com\/se\/wp-json\/wp\/v2\/product_tag?post=1006"}],"curies":[{"name":"wp","href":"https:\/\/api.w.org\/{rel}","templated":true}]}}