{"id":821,"date":"2026-03-02T11:21:24","date_gmt":"2026-03-02T10:21:24","guid":{"rendered":"https:\/\/decubal.com\/no\/?post_type=product&#038;p=821"},"modified":"2026-03-02T11:30:17","modified_gmt":"2026-03-02T10:30:17","slug":"decubal-sun-face-cream-spf-50","status":"publish","type":"product","link":"https:\/\/decubal.com\/no\/produkt\/decubal-sun-face-cream-spf-50\/","title":{"rendered":"Decubal Sun face cream SPF 50+"},"content":{"rendered":"\n<div class=\"wp-block-karopharma-free-text pt-large pb-large bg-center bg-cover bg-no-repeat  redblock\" style=\"background-image:url()\"><div class=\"free-text-wrapper container max-w-medium text-left\">\n<p>Decubal Sun face cream SPF 50+ gir h\u00f8y, bredspektret beskyttelse mot b\u00e5de UVA- og UVB-str\u00e5ler for \u00e5 bidra til \u00e5 forebygge solindusert hyperpigmentering og beskytte huden mot ytre p\u00e5kjenninger. Den er spesielt utviklet for den sarte huden i ansiktet og inneholder hyaluronsyre, vitamin E og squalane, som bidrar til \u00e5 pleie, fukte og gjenoppbygge hudens naturlige barriere. Den lette, ikke-fete formuleringen absorberes raskt i huden, etterlater ingen hvite rester, og har en klinisk dokumentert fuktighetsgivende effekten i opptil 24 timer.<\/p>\n\n\n\n<p>Decubal Face Cream SPF 50+ er sv\u00e6rt vannresistent. Den er dermatologisk testet, Allergy Certified og utviklet for \u00e5 beskytte t\u00f8rr og sensitiv hud. Ansiktskremen inneholder hud- og milj\u00f8vennlige UV-filtre og er EcoSun Pass-godkjent for \u00e5 sikre effektiv beskyttelse med minimal p\u00e5virkning p\u00e5 milj\u00f8et.<\/p>\n<\/div><\/div>\n\n\n\n<div class=\"wp-block-karopharma-product-promotion text-align-right pt-large pb-large bg-center bg-cover bg-no-repeat\" style=\"background-image:url()\"><div class=\"container max-w-large\">\n<div class=\"wp-block-group is-layout-flow wp-block-group-is-layout-flow\">\n<div class=\"wp-block-group hexagon is-layout-constrained wp-block-group-is-layout-constrained\">\n<h3 class=\"wp-block-heading has-text-align-center has-primary-color has-text-color has-link-color wp-elements-5c3efc3f619c707f3793e1313c964f14\">Bruk<\/h3>\n\n\n\n<p class=\"has-text-align-center\">P\u00e5f\u00f8r rikelig i ansikt og p\u00e5 hals ca. 20 minutter f\u00f8r soleksponering. P\u00e5f\u00f8r p\u00e5 nytt ofte og i rikelige mengder for \u00e5 opprettholde beskyttelsen, spesielt etter svetting, bading eller t\u00f8rking med h\u00e5ndkle. Ikke opphold deg for lenge i solen, da solkrem ikke gir 100 % beskyttelse. Overeksponering for sol kan v\u00e6re farlig. Hold spedbarn og sm\u00e5 barn unna direkte sollys.<\/p>\n<\/div>\n<\/div>\n\n\n\n<div class=\"wp-block-group is-layout-flow wp-block-group-is-layout-flow\">\n<div class=\"wp-block-group hexagon is-layout-constrained wp-block-group-is-layout-constrained\">\n<h3 class=\"wp-block-heading has-text-align-center has-primary-color has-text-color has-link-color wp-elements-4a0bf1a110c499428bc704dd2eb1cc5c\">Ingredienser<\/h3>\n\n\n\n<p class=\"has-text-align-center mindretext2\">Aqua, Dibutyl Adipate, Diethylamino Hydroxybenzoyl Hexyl Benzoate, Phenoxyethyl Caprylate, C12-15 Alkyl Benzoate, Ethylhexyl Triazone, Bis-Ethylhexyloxyphenol Methoxyphenyl Triazine, Diethylhexyl Butamido Triazone, Tris-Biphenyl Triazine (nano), Glycerin, C12-13 Alkyl Lactate, Propanediol, Cetearyl Alcohol, Squalane, Sodium Hyaluronate, Hydroxyacetophenone, Tocopheryl Acetate, Caprylyl Glycol, Dimethicone, Glyceryl Stearate, Decyl Glucoside, Potassium Cetyl Phosphate, Xanthan Gum, PEG-100 Stearate, Acrylates\/C10-30 Alkyl Acrylate Crosspolymer, Ammonium Acryloyldimethyltaurate\/VP Copolymer, Butylene Glycol, Disodium Phosphate, Tapioca Starch, Sodium Hydroxide, Phenoxyethanol.<\/p>\n<\/div>\n<\/div>\n<\/div><\/div>\n\n\n\n<div class=\"wp-block-karopharma-free-text pt-large pb-large bg-center bg-cover bg-no-repeat  beigeblock\" style=\"background-image:url()\"><div class=\"free-text-wrapper container max-w-small text-center\">\n<figure class=\"wp-block-image aligncenter size-full\"><img decoding=\"async\" src=\"https:\/\/decubal.com\/app\/uploads\/sites\/2\/2022\/05\/allergy-certified.png\" alt=\"allergy-certified\" class=\"wp-image-929\"\/><\/figure>\n\n\n\n<h2 class=\"wp-block-heading is-style-heading-h2\">Decubal Sun face cream SPF 50+ er formuleret uden parfume og er dermatologisk testet p\u00e5 t\u00f8r, sensitiv hud.<\/h2>\n\n\n\n<p>Produktet anbefales af Allergy Certified, hvilket betyder, at en toksikolog eller farmaceut har foretaget en risikovurdering af hver enkelt ingrediens i formlen for at sikre, at risikoen for en allergisk reaktion er minimal.<\/p>\n<\/div><\/div>\n","protected":false},"excerpt":{"rendered":"<p>Lett fuktighetsgivende ansiktskrem med sv\u00e6rt h\u00f8y SPF 50+-beskyttelse mot b\u00e5de UVA- og UVB-str\u00e5ler. For normal til t\u00f8rr og sensitiv hud. Absorberes raskt, er ikke klebrig og egner seg godt under sminke, uten \u00e5 etterlate hvite rester.<\/p>\n","protected":false},"featured_media":822,"comment_status":"closed","ping_status":"closed","template":"","meta":{"_acf_changed":false,"footnotes":""},"product_brand":[],"product_cat":[24],"product_tag":[],"class_list":{"0":"post-821","1":"product","2":"type-product","3":"status-publish","4":"has-post-thumbnail","6":"product_cat-sun","8":"first","9":"instock","10":"shipping-taxable","11":"product-type-simple"},"acf":[],"yoast_head":"<!-- This site is optimized with the Yoast SEO plugin v26.6 - https:\/\/yoast.com\/wordpress\/plugins\/seo\/ -->\n<title>Decubal Sun face cream SPF 50+ - Decubal<\/title>\n<meta name=\"description\" content=\"Lett fuktighetsgivende ansiktskrem med sv\u00e6rt h\u00f8y SPF 50+-beskyttelse mot b\u00e5de UVA- og UVB-str\u00e5ler. For normal til t\u00f8rr og sensitiv hud. Absorberes raskt, er ikke klebrig og egner seg godt under sminke, uten \u00e5 etterlate hvite rester.\" \/>\n<meta name=\"robots\" content=\"index, follow, max-snippet:-1, max-image-preview:large, max-video-preview:-1\" \/>\n<link rel=\"canonical\" href=\"https:\/\/decubal.com\/no\/produkt\/decubal-sun-face-cream-spf-50\/\" \/>\n<meta property=\"og:locale\" content=\"nb_NO\" \/>\n<meta property=\"og:type\" content=\"article\" \/>\n<meta property=\"og:title\" content=\"Decubal Sun face cream SPF 50+ - Decubal\" \/>\n<meta property=\"og:description\" content=\"Lett fuktighetsgivende ansiktskrem med sv\u00e6rt h\u00f8y SPF 50+-beskyttelse mot b\u00e5de UVA- og UVB-str\u00e5ler. For normal til t\u00f8rr og sensitiv hud. Absorberes raskt, er ikke klebrig og egner seg godt under sminke, uten \u00e5 etterlate hvite rester.\" \/>\n<meta property=\"og:url\" content=\"https:\/\/decubal.com\/no\/produkt\/decubal-sun-face-cream-spf-50\/\" \/>\n<meta property=\"og:site_name\" content=\"Decubal\" \/>\n<meta property=\"article:modified_time\" content=\"2026-03-02T10:30:17+00:00\" \/>\n<meta property=\"og:image\" content=\"https:\/\/decubal.com\/app\/uploads\/sites\/4\/2026\/03\/Decubal-Sun-face-cream.jpg\" \/>\n\t<meta property=\"og:image:width\" content=\"600\" \/>\n\t<meta property=\"og:image:height\" content=\"600\" \/>\n\t<meta property=\"og:image:type\" content=\"image\/jpeg\" \/>\n<meta name=\"twitter:card\" content=\"summary_large_image\" \/>\n<meta name=\"twitter:label1\" content=\"Ansl. lesetid\" \/>\n\t<meta name=\"twitter:data1\" content=\"3 minutter\" \/>\n<script type=\"application\/ld+json\" class=\"yoast-schema-graph\">{\"@context\":\"https:\/\/schema.org\",\"@graph\":[{\"@type\":\"WebPage\",\"@id\":\"https:\/\/decubal.com\/no\/produkt\/decubal-sun-face-cream-spf-50\/\",\"url\":\"https:\/\/decubal.com\/no\/produkt\/decubal-sun-face-cream-spf-50\/\",\"name\":\"Decubal Sun face cream SPF 50+ - Decubal\",\"isPartOf\":{\"@id\":\"https:\/\/multisite.decubal.com\/no\/#website\"},\"primaryImageOfPage\":{\"@id\":\"https:\/\/decubal.com\/no\/produkt\/decubal-sun-face-cream-spf-50\/#primaryimage\"},\"image\":{\"@id\":\"https:\/\/decubal.com\/no\/produkt\/decubal-sun-face-cream-spf-50\/#primaryimage\"},\"thumbnailUrl\":\"https:\/\/decubal.com\/app\/uploads\/sites\/4\/2026\/03\/Decubal-Sun-face-cream.jpg\",\"datePublished\":\"2026-03-02T10:21:24+00:00\",\"dateModified\":\"2026-03-02T10:30:17+00:00\",\"description\":\"Lett fuktighetsgivende ansiktskrem med sv\u00e6rt h\u00f8y SPF 50+-beskyttelse mot b\u00e5de UVA- og UVB-str\u00e5ler. For normal til t\u00f8rr og sensitiv hud. Absorberes raskt, er ikke klebrig og egner seg godt under sminke, uten \u00e5 etterlate hvite rester.\",\"breadcrumb\":{\"@id\":\"https:\/\/decubal.com\/no\/produkt\/decubal-sun-face-cream-spf-50\/#breadcrumb\"},\"inLanguage\":\"nb-NO\",\"potentialAction\":[{\"@type\":\"ReadAction\",\"target\":[\"https:\/\/decubal.com\/no\/produkt\/decubal-sun-face-cream-spf-50\/\"]}]},{\"@type\":\"ImageObject\",\"inLanguage\":\"nb-NO\",\"@id\":\"https:\/\/decubal.com\/no\/produkt\/decubal-sun-face-cream-spf-50\/#primaryimage\",\"url\":\"https:\/\/decubal.com\/app\/uploads\/sites\/4\/2026\/03\/Decubal-Sun-face-cream.jpg\",\"contentUrl\":\"https:\/\/decubal.com\/app\/uploads\/sites\/4\/2026\/03\/Decubal-Sun-face-cream.jpg\",\"width\":600,\"height\":600,\"caption\":\"Decubal-Sun-face-cream\"},{\"@type\":\"BreadcrumbList\",\"@id\":\"https:\/\/decubal.com\/no\/produkt\/decubal-sun-face-cream-spf-50\/#breadcrumb\",\"itemListElement\":[{\"@type\":\"ListItem\",\"position\":1,\"name\":\"Home\",\"item\":\"https:\/\/decubal.com\/no\/\"},{\"@type\":\"ListItem\",\"position\":2,\"name\":\"Produkter\",\"item\":\"https:\/\/decubal.com\/no\/produkter\/\"},{\"@type\":\"ListItem\",\"position\":3,\"name\":\"Decubal Sun face cream SPF 50+\"}]},{\"@type\":\"WebSite\",\"@id\":\"https:\/\/multisite.decubal.com\/no\/#website\",\"url\":\"https:\/\/multisite.decubal.com\/no\/\",\"name\":\"Decubal\",\"description\":\"\",\"publisher\":{\"@id\":\"https:\/\/multisite.decubal.com\/no\/#organization\"},\"potentialAction\":[{\"@type\":\"SearchAction\",\"target\":{\"@type\":\"EntryPoint\",\"urlTemplate\":\"https:\/\/multisite.decubal.com\/no\/?s={search_term_string}\"},\"query-input\":{\"@type\":\"PropertyValueSpecification\",\"valueRequired\":true,\"valueName\":\"search_term_string\"}}],\"inLanguage\":\"nb-NO\"},{\"@type\":\"Organization\",\"@id\":\"https:\/\/multisite.decubal.com\/no\/#organization\",\"name\":\"Decubal\",\"url\":\"https:\/\/multisite.decubal.com\/no\/\",\"logo\":{\"@type\":\"ImageObject\",\"inLanguage\":\"nb-NO\",\"@id\":\"https:\/\/multisite.decubal.com\/no\/#\/schema\/logo\/image\/\",\"url\":\"https:\/\/decubal.com\/app\/uploads\/sites\/4\/2022\/05\/Decubal-logo.png\",\"contentUrl\":\"https:\/\/decubal.com\/app\/uploads\/sites\/4\/2022\/05\/Decubal-logo.png\",\"width\":138,\"height\":40,\"caption\":\"Decubal\"},\"image\":{\"@id\":\"https:\/\/multisite.decubal.com\/no\/#\/schema\/logo\/image\/\"}}]}<\/script>\n<!-- \/ Yoast SEO plugin. -->","yoast_head_json":{"title":"Decubal Sun face cream SPF 50+ - Decubal","description":"Lett fuktighetsgivende ansiktskrem med sv\u00e6rt h\u00f8y SPF 50+-beskyttelse mot b\u00e5de UVA- og UVB-str\u00e5ler. For normal til t\u00f8rr og sensitiv hud. Absorberes raskt, er ikke klebrig og egner seg godt under sminke, uten \u00e5 etterlate hvite rester.","robots":{"index":"index","follow":"follow","max-snippet":"max-snippet:-1","max-image-preview":"max-image-preview:large","max-video-preview":"max-video-preview:-1"},"canonical":"https:\/\/decubal.com\/no\/produkt\/decubal-sun-face-cream-spf-50\/","og_locale":"nb_NO","og_type":"article","og_title":"Decubal Sun face cream SPF 50+ - Decubal","og_description":"Lett fuktighetsgivende ansiktskrem med sv\u00e6rt h\u00f8y SPF 50+-beskyttelse mot b\u00e5de UVA- og UVB-str\u00e5ler. For normal til t\u00f8rr og sensitiv hud. Absorberes raskt, er ikke klebrig og egner seg godt under sminke, uten \u00e5 etterlate hvite rester.","og_url":"https:\/\/decubal.com\/no\/produkt\/decubal-sun-face-cream-spf-50\/","og_site_name":"Decubal","article_modified_time":"2026-03-02T10:30:17+00:00","og_image":[{"width":600,"height":600,"url":"https:\/\/decubal.com\/app\/uploads\/sites\/4\/2026\/03\/Decubal-Sun-face-cream.jpg","type":"image\/jpeg"}],"twitter_card":"summary_large_image","twitter_misc":{"Ansl. lesetid":"3 minutter"},"schema":{"@context":"https:\/\/schema.org","@graph":[{"@type":"WebPage","@id":"https:\/\/decubal.com\/no\/produkt\/decubal-sun-face-cream-spf-50\/","url":"https:\/\/decubal.com\/no\/produkt\/decubal-sun-face-cream-spf-50\/","name":"Decubal Sun face cream SPF 50+ - Decubal","isPartOf":{"@id":"https:\/\/multisite.decubal.com\/no\/#website"},"primaryImageOfPage":{"@id":"https:\/\/decubal.com\/no\/produkt\/decubal-sun-face-cream-spf-50\/#primaryimage"},"image":{"@id":"https:\/\/decubal.com\/no\/produkt\/decubal-sun-face-cream-spf-50\/#primaryimage"},"thumbnailUrl":"https:\/\/decubal.com\/app\/uploads\/sites\/4\/2026\/03\/Decubal-Sun-face-cream.jpg","datePublished":"2026-03-02T10:21:24+00:00","dateModified":"2026-03-02T10:30:17+00:00","description":"Lett fuktighetsgivende ansiktskrem med sv\u00e6rt h\u00f8y SPF 50+-beskyttelse mot b\u00e5de UVA- og UVB-str\u00e5ler. For normal til t\u00f8rr og sensitiv hud. Absorberes raskt, er ikke klebrig og egner seg godt under sminke, uten \u00e5 etterlate hvite rester.","breadcrumb":{"@id":"https:\/\/decubal.com\/no\/produkt\/decubal-sun-face-cream-spf-50\/#breadcrumb"},"inLanguage":"nb-NO","potentialAction":[{"@type":"ReadAction","target":["https:\/\/decubal.com\/no\/produkt\/decubal-sun-face-cream-spf-50\/"]}]},{"@type":"ImageObject","inLanguage":"nb-NO","@id":"https:\/\/decubal.com\/no\/produkt\/decubal-sun-face-cream-spf-50\/#primaryimage","url":"https:\/\/decubal.com\/app\/uploads\/sites\/4\/2026\/03\/Decubal-Sun-face-cream.jpg","contentUrl":"https:\/\/decubal.com\/app\/uploads\/sites\/4\/2026\/03\/Decubal-Sun-face-cream.jpg","width":600,"height":600,"caption":"Decubal-Sun-face-cream"},{"@type":"BreadcrumbList","@id":"https:\/\/decubal.com\/no\/produkt\/decubal-sun-face-cream-spf-50\/#breadcrumb","itemListElement":[{"@type":"ListItem","position":1,"name":"Home","item":"https:\/\/decubal.com\/no\/"},{"@type":"ListItem","position":2,"name":"Produkter","item":"https:\/\/decubal.com\/no\/produkter\/"},{"@type":"ListItem","position":3,"name":"Decubal Sun face cream SPF 50+"}]},{"@type":"WebSite","@id":"https:\/\/multisite.decubal.com\/no\/#website","url":"https:\/\/multisite.decubal.com\/no\/","name":"Decubal","description":"","publisher":{"@id":"https:\/\/multisite.decubal.com\/no\/#organization"},"potentialAction":[{"@type":"SearchAction","target":{"@type":"EntryPoint","urlTemplate":"https:\/\/multisite.decubal.com\/no\/?s={search_term_string}"},"query-input":{"@type":"PropertyValueSpecification","valueRequired":true,"valueName":"search_term_string"}}],"inLanguage":"nb-NO"},{"@type":"Organization","@id":"https:\/\/multisite.decubal.com\/no\/#organization","name":"Decubal","url":"https:\/\/multisite.decubal.com\/no\/","logo":{"@type":"ImageObject","inLanguage":"nb-NO","@id":"https:\/\/multisite.decubal.com\/no\/#\/schema\/logo\/image\/","url":"https:\/\/decubal.com\/app\/uploads\/sites\/4\/2022\/05\/Decubal-logo.png","contentUrl":"https:\/\/decubal.com\/app\/uploads\/sites\/4\/2022\/05\/Decubal-logo.png","width":138,"height":40,"caption":"Decubal"},"image":{"@id":"https:\/\/multisite.decubal.com\/no\/#\/schema\/logo\/image\/"}}]}},"_links":{"self":[{"href":"https:\/\/decubal.com\/no\/wp-json\/wp\/v2\/product\/821","targetHints":{"allow":["GET"]}}],"collection":[{"href":"https:\/\/decubal.com\/no\/wp-json\/wp\/v2\/product"}],"about":[{"href":"https:\/\/decubal.com\/no\/wp-json\/wp\/v2\/types\/product"}],"replies":[{"embeddable":true,"href":"https:\/\/decubal.com\/no\/wp-json\/wp\/v2\/comments?post=821"}],"version-history":[{"count":4,"href":"https:\/\/decubal.com\/no\/wp-json\/wp\/v2\/product\/821\/revisions"}],"predecessor-version":[{"id":828,"href":"https:\/\/decubal.com\/no\/wp-json\/wp\/v2\/product\/821\/revisions\/828"}],"wp:featuredmedia":[{"embeddable":true,"href":"https:\/\/decubal.com\/no\/wp-json\/wp\/v2\/media\/822"}],"wp:attachment":[{"href":"https:\/\/decubal.com\/no\/wp-json\/wp\/v2\/media?parent=821"}],"wp:term":[{"taxonomy":"product_brand","embeddable":true,"href":"https:\/\/decubal.com\/no\/wp-json\/wp\/v2\/product_brand?post=821"},{"taxonomy":"product_cat","embeddable":true,"href":"https:\/\/decubal.com\/no\/wp-json\/wp\/v2\/product_cat?post=821"},{"taxonomy":"product_tag","embeddable":true,"href":"https:\/\/decubal.com\/no\/wp-json\/wp\/v2\/product_tag?post=821"}],"curies":[{"name":"wp","href":"https:\/\/api.w.org\/{rel}","templated":true}]}}