{"id":812,"date":"2026-02-05T08:35:50","date_gmt":"2026-02-05T07:35:50","guid":{"rendered":"https:\/\/decubal.com\/no\/?post_type=product&#038;p=812"},"modified":"2026-02-05T08:38:23","modified_gmt":"2026-02-05T07:38:23","slug":"decubal-restoring-tinted-lip-balm","status":"publish","type":"product","link":"https:\/\/decubal.com\/no\/produkt\/decubal-restoring-tinted-lip-balm\/","title":{"rendered":"Decubal Restoring Tinted Lip Balm"},"content":{"rendered":"\n<div class=\"wp-block-karopharma-free-text pt-large pb-large bg-center bg-cover bg-no-repeat  redblock\" style=\"background-image:url()\"><div class=\"free-text-wrapper container max-w-medium text-left\">\n<p>Decubal Restoring tinted lip balm, med sin rike og n\u00e6rende konsistens, bidrar til \u00e5 gjenopprette, mykgj\u00f8re og pleie sv\u00e6rt t\u00f8rre og sprukne lepper. Formuleringen inneholder petrolatum, ricinusolje og vitamin E som beskytter og gir umiddelbar fukt, samtidig som den gir en langvarig fuktighetsgivende effekt. Ingrediensene virker sammen for \u00e5 danne en beskyttende barriere p\u00e5 leppene, som l\u00e5ser inn fukt og st\u00f8tter hudens naturlige evne til \u00e5 bevare fuktighet, samtidig som den gir en subtil, transparent rosa tone. Denne leppebalmen er sk\u00e5nsom mot t\u00f8rr og sensitiv hud og er formulert uten parfyme.<\/p>\n<\/div><\/div>\n\n\n\n<div class=\"wp-block-karopharma-product-promotion text-align-right pt-large pb-large bg-center bg-cover bg-no-repeat\" style=\"background-image:url()\"><div class=\"container max-w-large\">\n<div class=\"wp-block-group is-layout-flow wp-block-group-is-layout-flow\">\n<div class=\"wp-block-group hexagon is-layout-constrained wp-block-group-is-layout-constrained\">\n<h3 class=\"wp-block-heading has-text-align-center has-primary-color has-text-color has-link-color wp-elements-5c3efc3f619c707f3793e1313c964f14\">Bruk<\/h3>\n\n\n\n<p class=\"has-text-align-center\">P\u00e5f\u00f8r s\u00e5 ofte som n\u00f8dvendig p\u00e5 t\u00f8rre og sprukne lepper<\/p>\n<\/div>\n<\/div>\n\n\n\n<div class=\"wp-block-group is-layout-flow wp-block-group-is-layout-flow\">\n<div class=\"wp-block-group hexagon is-layout-constrained wp-block-group-is-layout-constrained\">\n<h3 class=\"wp-block-heading has-text-align-center has-primary-color has-text-color has-link-color wp-elements-4a0bf1a110c499428bc704dd2eb1cc5c\">Ingredienser<\/h3>\n\n\n\n<p class=\"has-text-align-center\">Petrolatum, Lanolin, Paraffinum Liquidum, Cera Alba, Distarch Phosphate, Ricinus Communis Seed Oil, Tocopherol, Citric Acid, Anthocyanins.<\/p>\n<\/div>\n<\/div>\n<\/div><\/div>\n","protected":false},"excerpt":{"rendered":"<p>N\u00e6rende og mykgj\u00f8rende balm som fukter og gjenoppretter t\u00f8rre og sprukne lepper med en rosa farge. <\/p>\n","protected":false},"featured_media":813,"comment_status":"closed","ping_status":"closed","template":"","meta":{"_acf_changed":false,"footnotes":""},"product_brand":[],"product_cat":[23],"product_tag":[],"class_list":{"0":"post-812","1":"product","2":"type-product","3":"status-publish","4":"has-post-thumbnail","6":"product_cat-restoring","8":"first","9":"instock","10":"shipping-taxable","11":"product-type-simple"},"acf":[],"yoast_head":"<!-- This site is optimized with the Yoast SEO plugin v26.6 - https:\/\/yoast.com\/wordpress\/plugins\/seo\/ -->\n<title>Decubal Restoring Tinted Lip Balm - Decubal<\/title>\n<meta name=\"description\" content=\"N\u00e6rende og mykgj\u00f8rende balm som fukter og gjenoppretter t\u00f8rre og sprukne lepper med en rosa farge.\" \/>\n<meta name=\"robots\" content=\"index, follow, max-snippet:-1, max-image-preview:large, max-video-preview:-1\" \/>\n<link rel=\"canonical\" href=\"https:\/\/decubal.com\/no\/produkt\/decubal-restoring-tinted-lip-balm\/\" \/>\n<meta property=\"og:locale\" content=\"nb_NO\" \/>\n<meta property=\"og:type\" content=\"article\" \/>\n<meta property=\"og:title\" content=\"Decubal Restoring Tinted Lip Balm - Decubal\" \/>\n<meta property=\"og:description\" content=\"N\u00e6rende og mykgj\u00f8rende balm som fukter og gjenoppretter t\u00f8rre og sprukne lepper med en rosa farge.\" \/>\n<meta property=\"og:url\" content=\"https:\/\/decubal.com\/no\/produkt\/decubal-restoring-tinted-lip-balm\/\" \/>\n<meta property=\"og:site_name\" content=\"Decubal\" \/>\n<meta property=\"article:modified_time\" content=\"2026-02-05T07:38:23+00:00\" \/>\n<meta property=\"og:image\" content=\"https:\/\/decubal.com\/app\/uploads\/sites\/4\/2026\/02\/Decubal-Restoring-lip-balm.png\" \/>\n\t<meta property=\"og:image:width\" content=\"600\" \/>\n\t<meta property=\"og:image:height\" content=\"600\" \/>\n\t<meta property=\"og:image:type\" content=\"image\/png\" \/>\n<meta name=\"twitter:card\" content=\"summary_large_image\" \/>\n<meta name=\"twitter:label1\" content=\"Ansl. lesetid\" \/>\n\t<meta name=\"twitter:data1\" content=\"1 minutt\" \/>\n<script type=\"application\/ld+json\" class=\"yoast-schema-graph\">{\"@context\":\"https:\/\/schema.org\",\"@graph\":[{\"@type\":\"WebPage\",\"@id\":\"https:\/\/decubal.com\/no\/produkt\/decubal-restoring-tinted-lip-balm\/\",\"url\":\"https:\/\/decubal.com\/no\/produkt\/decubal-restoring-tinted-lip-balm\/\",\"name\":\"Decubal Restoring Tinted Lip Balm - Decubal\",\"isPartOf\":{\"@id\":\"https:\/\/multisite.decubal.com\/no\/#website\"},\"primaryImageOfPage\":{\"@id\":\"https:\/\/decubal.com\/no\/produkt\/decubal-restoring-tinted-lip-balm\/#primaryimage\"},\"image\":{\"@id\":\"https:\/\/decubal.com\/no\/produkt\/decubal-restoring-tinted-lip-balm\/#primaryimage\"},\"thumbnailUrl\":\"https:\/\/decubal.com\/app\/uploads\/sites\/4\/2026\/02\/Decubal-Restoring-lip-balm.png\",\"datePublished\":\"2026-02-05T07:35:50+00:00\",\"dateModified\":\"2026-02-05T07:38:23+00:00\",\"description\":\"N\u00e6rende og mykgj\u00f8rende balm som fukter og gjenoppretter t\u00f8rre og sprukne lepper med en rosa farge.\",\"breadcrumb\":{\"@id\":\"https:\/\/decubal.com\/no\/produkt\/decubal-restoring-tinted-lip-balm\/#breadcrumb\"},\"inLanguage\":\"nb-NO\",\"potentialAction\":[{\"@type\":\"ReadAction\",\"target\":[\"https:\/\/decubal.com\/no\/produkt\/decubal-restoring-tinted-lip-balm\/\"]}]},{\"@type\":\"ImageObject\",\"inLanguage\":\"nb-NO\",\"@id\":\"https:\/\/decubal.com\/no\/produkt\/decubal-restoring-tinted-lip-balm\/#primaryimage\",\"url\":\"https:\/\/decubal.com\/app\/uploads\/sites\/4\/2026\/02\/Decubal-Restoring-lip-balm.png\",\"contentUrl\":\"https:\/\/decubal.com\/app\/uploads\/sites\/4\/2026\/02\/Decubal-Restoring-lip-balm.png\",\"width\":600,\"height\":600,\"caption\":\"Decubal-Restoring-lip-balm\"},{\"@type\":\"BreadcrumbList\",\"@id\":\"https:\/\/decubal.com\/no\/produkt\/decubal-restoring-tinted-lip-balm\/#breadcrumb\",\"itemListElement\":[{\"@type\":\"ListItem\",\"position\":1,\"name\":\"Home\",\"item\":\"https:\/\/decubal.com\/no\/\"},{\"@type\":\"ListItem\",\"position\":2,\"name\":\"Produkter\",\"item\":\"https:\/\/decubal.com\/no\/produkter\/\"},{\"@type\":\"ListItem\",\"position\":3,\"name\":\"Decubal Restoring Tinted Lip Balm\"}]},{\"@type\":\"WebSite\",\"@id\":\"https:\/\/multisite.decubal.com\/no\/#website\",\"url\":\"https:\/\/multisite.decubal.com\/no\/\",\"name\":\"Decubal\",\"description\":\"\",\"publisher\":{\"@id\":\"https:\/\/multisite.decubal.com\/no\/#organization\"},\"potentialAction\":[{\"@type\":\"SearchAction\",\"target\":{\"@type\":\"EntryPoint\",\"urlTemplate\":\"https:\/\/multisite.decubal.com\/no\/?s={search_term_string}\"},\"query-input\":{\"@type\":\"PropertyValueSpecification\",\"valueRequired\":true,\"valueName\":\"search_term_string\"}}],\"inLanguage\":\"nb-NO\"},{\"@type\":\"Organization\",\"@id\":\"https:\/\/multisite.decubal.com\/no\/#organization\",\"name\":\"Decubal\",\"url\":\"https:\/\/multisite.decubal.com\/no\/\",\"logo\":{\"@type\":\"ImageObject\",\"inLanguage\":\"nb-NO\",\"@id\":\"https:\/\/multisite.decubal.com\/no\/#\/schema\/logo\/image\/\",\"url\":\"https:\/\/decubal.com\/app\/uploads\/sites\/4\/2022\/05\/Decubal-logo.png\",\"contentUrl\":\"https:\/\/decubal.com\/app\/uploads\/sites\/4\/2022\/05\/Decubal-logo.png\",\"width\":138,\"height\":40,\"caption\":\"Decubal\"},\"image\":{\"@id\":\"https:\/\/multisite.decubal.com\/no\/#\/schema\/logo\/image\/\"}}]}<\/script>\n<!-- \/ Yoast SEO plugin. -->","yoast_head_json":{"title":"Decubal Restoring Tinted Lip Balm - Decubal","description":"N\u00e6rende og mykgj\u00f8rende balm som fukter og gjenoppretter t\u00f8rre og sprukne lepper med en rosa farge.","robots":{"index":"index","follow":"follow","max-snippet":"max-snippet:-1","max-image-preview":"max-image-preview:large","max-video-preview":"max-video-preview:-1"},"canonical":"https:\/\/decubal.com\/no\/produkt\/decubal-restoring-tinted-lip-balm\/","og_locale":"nb_NO","og_type":"article","og_title":"Decubal Restoring Tinted Lip Balm - Decubal","og_description":"N\u00e6rende og mykgj\u00f8rende balm som fukter og gjenoppretter t\u00f8rre og sprukne lepper med en rosa farge.","og_url":"https:\/\/decubal.com\/no\/produkt\/decubal-restoring-tinted-lip-balm\/","og_site_name":"Decubal","article_modified_time":"2026-02-05T07:38:23+00:00","og_image":[{"width":600,"height":600,"url":"https:\/\/decubal.com\/app\/uploads\/sites\/4\/2026\/02\/Decubal-Restoring-lip-balm.png","type":"image\/png"}],"twitter_card":"summary_large_image","twitter_misc":{"Ansl. lesetid":"1 minutt"},"schema":{"@context":"https:\/\/schema.org","@graph":[{"@type":"WebPage","@id":"https:\/\/decubal.com\/no\/produkt\/decubal-restoring-tinted-lip-balm\/","url":"https:\/\/decubal.com\/no\/produkt\/decubal-restoring-tinted-lip-balm\/","name":"Decubal Restoring Tinted Lip Balm - Decubal","isPartOf":{"@id":"https:\/\/multisite.decubal.com\/no\/#website"},"primaryImageOfPage":{"@id":"https:\/\/decubal.com\/no\/produkt\/decubal-restoring-tinted-lip-balm\/#primaryimage"},"image":{"@id":"https:\/\/decubal.com\/no\/produkt\/decubal-restoring-tinted-lip-balm\/#primaryimage"},"thumbnailUrl":"https:\/\/decubal.com\/app\/uploads\/sites\/4\/2026\/02\/Decubal-Restoring-lip-balm.png","datePublished":"2026-02-05T07:35:50+00:00","dateModified":"2026-02-05T07:38:23+00:00","description":"N\u00e6rende og mykgj\u00f8rende balm som fukter og gjenoppretter t\u00f8rre og sprukne lepper med en rosa farge.","breadcrumb":{"@id":"https:\/\/decubal.com\/no\/produkt\/decubal-restoring-tinted-lip-balm\/#breadcrumb"},"inLanguage":"nb-NO","potentialAction":[{"@type":"ReadAction","target":["https:\/\/decubal.com\/no\/produkt\/decubal-restoring-tinted-lip-balm\/"]}]},{"@type":"ImageObject","inLanguage":"nb-NO","@id":"https:\/\/decubal.com\/no\/produkt\/decubal-restoring-tinted-lip-balm\/#primaryimage","url":"https:\/\/decubal.com\/app\/uploads\/sites\/4\/2026\/02\/Decubal-Restoring-lip-balm.png","contentUrl":"https:\/\/decubal.com\/app\/uploads\/sites\/4\/2026\/02\/Decubal-Restoring-lip-balm.png","width":600,"height":600,"caption":"Decubal-Restoring-lip-balm"},{"@type":"BreadcrumbList","@id":"https:\/\/decubal.com\/no\/produkt\/decubal-restoring-tinted-lip-balm\/#breadcrumb","itemListElement":[{"@type":"ListItem","position":1,"name":"Home","item":"https:\/\/decubal.com\/no\/"},{"@type":"ListItem","position":2,"name":"Produkter","item":"https:\/\/decubal.com\/no\/produkter\/"},{"@type":"ListItem","position":3,"name":"Decubal Restoring Tinted Lip Balm"}]},{"@type":"WebSite","@id":"https:\/\/multisite.decubal.com\/no\/#website","url":"https:\/\/multisite.decubal.com\/no\/","name":"Decubal","description":"","publisher":{"@id":"https:\/\/multisite.decubal.com\/no\/#organization"},"potentialAction":[{"@type":"SearchAction","target":{"@type":"EntryPoint","urlTemplate":"https:\/\/multisite.decubal.com\/no\/?s={search_term_string}"},"query-input":{"@type":"PropertyValueSpecification","valueRequired":true,"valueName":"search_term_string"}}],"inLanguage":"nb-NO"},{"@type":"Organization","@id":"https:\/\/multisite.decubal.com\/no\/#organization","name":"Decubal","url":"https:\/\/multisite.decubal.com\/no\/","logo":{"@type":"ImageObject","inLanguage":"nb-NO","@id":"https:\/\/multisite.decubal.com\/no\/#\/schema\/logo\/image\/","url":"https:\/\/decubal.com\/app\/uploads\/sites\/4\/2022\/05\/Decubal-logo.png","contentUrl":"https:\/\/decubal.com\/app\/uploads\/sites\/4\/2022\/05\/Decubal-logo.png","width":138,"height":40,"caption":"Decubal"},"image":{"@id":"https:\/\/multisite.decubal.com\/no\/#\/schema\/logo\/image\/"}}]}},"_links":{"self":[{"href":"https:\/\/decubal.com\/no\/wp-json\/wp\/v2\/product\/812","targetHints":{"allow":["GET"]}}],"collection":[{"href":"https:\/\/decubal.com\/no\/wp-json\/wp\/v2\/product"}],"about":[{"href":"https:\/\/decubal.com\/no\/wp-json\/wp\/v2\/types\/product"}],"replies":[{"embeddable":true,"href":"https:\/\/decubal.com\/no\/wp-json\/wp\/v2\/comments?post=812"}],"version-history":[{"count":2,"href":"https:\/\/decubal.com\/no\/wp-json\/wp\/v2\/product\/812\/revisions"}],"predecessor-version":[{"id":816,"href":"https:\/\/decubal.com\/no\/wp-json\/wp\/v2\/product\/812\/revisions\/816"}],"wp:featuredmedia":[{"embeddable":true,"href":"https:\/\/decubal.com\/no\/wp-json\/wp\/v2\/media\/813"}],"wp:attachment":[{"href":"https:\/\/decubal.com\/no\/wp-json\/wp\/v2\/media?parent=812"}],"wp:term":[{"taxonomy":"product_brand","embeddable":true,"href":"https:\/\/decubal.com\/no\/wp-json\/wp\/v2\/product_brand?post=812"},{"taxonomy":"product_cat","embeddable":true,"href":"https:\/\/decubal.com\/no\/wp-json\/wp\/v2\/product_cat?post=812"},{"taxonomy":"product_tag","embeddable":true,"href":"https:\/\/decubal.com\/no\/wp-json\/wp\/v2\/product_tag?post=812"}],"curies":[{"name":"wp","href":"https:\/\/api.w.org\/{rel}","templated":true}]}}