{"id":804,"date":"2026-02-05T07:54:28","date_gmt":"2026-02-05T06:54:28","guid":{"rendered":"https:\/\/decubal.com\/no\/?post_type=product&#038;p=804"},"modified":"2026-02-05T08:25:45","modified_gmt":"2026-02-05T07:25:45","slug":"decubal-enriching-face-cleanser","status":"publish","type":"product","link":"https:\/\/decubal.com\/no\/produkt\/decubal-enriching-face-cleanser\/","title":{"rendered":"Decubal Enriching Face Cleanser"},"content":{"rendered":"\n<div class=\"wp-block-karopharma-free-text pt-large pb-large bg-center bg-cover bg-no-repeat  redblock\" style=\"background-image:url()\"><div class=\"free-text-wrapper container max-w-medium text-left\">\n<p>Decubal Enriching face cleanser er en effektiv og sk\u00e5nsom formulering som er spesielt utviklet for sv\u00e6rt t\u00f8rr og sensitiv hud. Beriket med hudvennlige ingredienser som ceramider, vitamin E, vitamin C og r\u00f8d alge, fjerner den sk\u00e5nsomt smuss og urenheter samtidig som den pleier og revitaliserer huden. Denne avanserte rensen er utviklet for \u00e5 styrke hudens naturlige barriere og er klinisk dokumentert \u00e5 gi fuktighet i opptil 8 timer, slik at huden etterlates myk, ren og komfortabel.<\/p>\n<\/div><\/div>\n\n\n\n<div class=\"wp-block-karopharma-product-promotion text-align-right pt-large pb-large bg-center bg-cover bg-no-repeat\" style=\"background-image:url()\"><div class=\"container max-w-large\">\n<div class=\"wp-block-group is-layout-flow wp-block-group-is-layout-flow\">\n<div class=\"wp-block-group hexagon is-layout-constrained wp-block-group-is-layout-constrained\">\n<h3 class=\"wp-block-heading has-text-align-center has-primary-color has-text-color has-link-color wp-elements-5c3efc3f619c707f3793e1313c964f14\">Bruk<\/h3>\n\n\n\n<p class=\"has-text-align-center\">P\u00e5f\u00f8r rensen p\u00e5 fuktig ansikt og mass\u00e9r den forsiktig inn i huden. Skyll deretter av med vann. Anbefales brukt morgen og kveld.<\/p>\n<\/div>\n<\/div>\n\n\n\n<div class=\"wp-block-group is-layout-flow wp-block-group-is-layout-flow\">\n<div class=\"wp-block-group hexagon is-layout-constrained wp-block-group-is-layout-constrained\">\n<h3 class=\"wp-block-heading has-text-align-center has-primary-color has-text-color has-link-color wp-elements-4a0bf1a110c499428bc704dd2eb1cc5c\">Ingredienser<\/h3>\n\n\n\n<p class=\"has-text-align-center\">Aqua, Glycerin, Cocamidopropyl Betaine, PEG-7 Glyceryl Cocoate, Betaine, Panthenol, Caprylyl Glycol, Citric Acid, Sodium Gluconate.<\/p>\n<\/div>\n<\/div>\n<\/div><\/div>\n\n\n\n<div class=\"wp-block-karopharma-free-text pt-large pb-large bg-center bg-cover bg-no-repeat  beigeblock\" style=\"background-image:url()\"><div class=\"free-text-wrapper container max-w-small text-center\">\n<figure class=\"wp-block-image aligncenter size-full\"><img decoding=\"async\" src=\"https:\/\/decubal.com\/app\/uploads\/sites\/5\/2022\/05\/allergy-certified.png\" alt=\"allergy-certified\" class=\"wp-image-567\"\/><\/figure>\n\n\n\n<h2 class=\"wp-block-heading is-style-heading-h2\">Decubal Enriching face cleanser er formulert uten parfyme og er dermatologisk testet p\u00e5 t\u00f8rr til sv\u00e6rt t\u00f8rr, sensitiv hud.<\/h2>\n\n\n\n<p>Produktet er anbefalt av Allergy Certified, noe som betyr at en toksikolog eller farmas\u00f8yt har gjennomf\u00f8rt en risikovurdering av hver enkelt ingrediens i formuleringen for \u00e5 sikre at risikoen for allergiske reaksjoner er minimal.<\/p>\n<\/div><\/div>\n","protected":false},"excerpt":{"rendered":"<p>Effektiv og sk\u00e5nsom ansiktsrens som pleier og revitaliserer huden. For sv\u00e6rt t\u00f8rr og sensitiv hud.<\/p>\n","protected":false},"featured_media":805,"comment_status":"closed","ping_status":"closed","template":"","meta":{"_acf_changed":false,"footnotes":""},"product_brand":[],"product_cat":[21],"product_tag":[],"class_list":{"0":"post-804","1":"product","2":"type-product","3":"status-publish","4":"has-post-thumbnail","6":"product_cat-enriching","8":"first","9":"instock","10":"shipping-taxable","11":"product-type-simple"},"acf":[],"yoast_head":"<!-- This site is optimized with the Yoast SEO plugin v26.6 - https:\/\/yoast.com\/wordpress\/plugins\/seo\/ -->\n<title>Decubal Enriching Face Cleanser - Decubal<\/title>\n<meta name=\"description\" content=\"Effektiv og sk\u00e5nsom ansiktsrens som pleier og revitaliserer huden. For sv\u00e6rt t\u00f8rr og sensitiv hud.\" \/>\n<meta name=\"robots\" content=\"index, follow, max-snippet:-1, max-image-preview:large, max-video-preview:-1\" \/>\n<link rel=\"canonical\" href=\"https:\/\/decubal.com\/no\/produkt\/decubal-enriching-face-cleanser\/\" \/>\n<meta property=\"og:locale\" content=\"nb_NO\" \/>\n<meta property=\"og:type\" content=\"article\" \/>\n<meta property=\"og:title\" content=\"Decubal Enriching Face Cleanser - Decubal\" \/>\n<meta property=\"og:description\" content=\"Effektiv og sk\u00e5nsom ansiktsrens som pleier og revitaliserer huden. For sv\u00e6rt t\u00f8rr og sensitiv hud.\" \/>\n<meta property=\"og:url\" content=\"https:\/\/decubal.com\/no\/produkt\/decubal-enriching-face-cleanser\/\" \/>\n<meta property=\"og:site_name\" content=\"Decubal\" \/>\n<meta property=\"article:modified_time\" content=\"2026-02-05T07:25:45+00:00\" \/>\n<meta property=\"og:image\" content=\"https:\/\/decubal.com\/app\/uploads\/sites\/4\/2026\/02\/Decubal-Enriching-face-cleanser.png\" \/>\n\t<meta property=\"og:image:width\" content=\"600\" \/>\n\t<meta property=\"og:image:height\" content=\"600\" \/>\n\t<meta property=\"og:image:type\" content=\"image\/png\" \/>\n<meta name=\"twitter:card\" content=\"summary_large_image\" \/>\n<meta name=\"twitter:label1\" content=\"Ansl. lesetid\" \/>\n\t<meta name=\"twitter:data1\" content=\"2 minutter\" \/>\n<script type=\"application\/ld+json\" class=\"yoast-schema-graph\">{\"@context\":\"https:\/\/schema.org\",\"@graph\":[{\"@type\":\"WebPage\",\"@id\":\"https:\/\/decubal.com\/no\/produkt\/decubal-enriching-face-cleanser\/\",\"url\":\"https:\/\/decubal.com\/no\/produkt\/decubal-enriching-face-cleanser\/\",\"name\":\"Decubal Enriching Face Cleanser - Decubal\",\"isPartOf\":{\"@id\":\"https:\/\/multisite.decubal.com\/no\/#website\"},\"primaryImageOfPage\":{\"@id\":\"https:\/\/decubal.com\/no\/produkt\/decubal-enriching-face-cleanser\/#primaryimage\"},\"image\":{\"@id\":\"https:\/\/decubal.com\/no\/produkt\/decubal-enriching-face-cleanser\/#primaryimage\"},\"thumbnailUrl\":\"https:\/\/decubal.com\/app\/uploads\/sites\/4\/2026\/02\/Decubal-Enriching-face-cleanser.png\",\"datePublished\":\"2026-02-05T06:54:28+00:00\",\"dateModified\":\"2026-02-05T07:25:45+00:00\",\"description\":\"Effektiv og sk\u00e5nsom ansiktsrens som pleier og revitaliserer huden. For sv\u00e6rt t\u00f8rr og sensitiv hud.\",\"breadcrumb\":{\"@id\":\"https:\/\/decubal.com\/no\/produkt\/decubal-enriching-face-cleanser\/#breadcrumb\"},\"inLanguage\":\"nb-NO\",\"potentialAction\":[{\"@type\":\"ReadAction\",\"target\":[\"https:\/\/decubal.com\/no\/produkt\/decubal-enriching-face-cleanser\/\"]}]},{\"@type\":\"ImageObject\",\"inLanguage\":\"nb-NO\",\"@id\":\"https:\/\/decubal.com\/no\/produkt\/decubal-enriching-face-cleanser\/#primaryimage\",\"url\":\"https:\/\/decubal.com\/app\/uploads\/sites\/4\/2026\/02\/Decubal-Enriching-face-cleanser.png\",\"contentUrl\":\"https:\/\/decubal.com\/app\/uploads\/sites\/4\/2026\/02\/Decubal-Enriching-face-cleanser.png\",\"width\":600,\"height\":600,\"caption\":\"Decubal-Enriching-face-cleanser\"},{\"@type\":\"BreadcrumbList\",\"@id\":\"https:\/\/decubal.com\/no\/produkt\/decubal-enriching-face-cleanser\/#breadcrumb\",\"itemListElement\":[{\"@type\":\"ListItem\",\"position\":1,\"name\":\"Home\",\"item\":\"https:\/\/decubal.com\/no\/\"},{\"@type\":\"ListItem\",\"position\":2,\"name\":\"Produkter\",\"item\":\"https:\/\/decubal.com\/no\/produkter\/\"},{\"@type\":\"ListItem\",\"position\":3,\"name\":\"Decubal Enriching Face Cleanser\"}]},{\"@type\":\"WebSite\",\"@id\":\"https:\/\/multisite.decubal.com\/no\/#website\",\"url\":\"https:\/\/multisite.decubal.com\/no\/\",\"name\":\"Decubal\",\"description\":\"\",\"publisher\":{\"@id\":\"https:\/\/multisite.decubal.com\/no\/#organization\"},\"potentialAction\":[{\"@type\":\"SearchAction\",\"target\":{\"@type\":\"EntryPoint\",\"urlTemplate\":\"https:\/\/multisite.decubal.com\/no\/?s={search_term_string}\"},\"query-input\":{\"@type\":\"PropertyValueSpecification\",\"valueRequired\":true,\"valueName\":\"search_term_string\"}}],\"inLanguage\":\"nb-NO\"},{\"@type\":\"Organization\",\"@id\":\"https:\/\/multisite.decubal.com\/no\/#organization\",\"name\":\"Decubal\",\"url\":\"https:\/\/multisite.decubal.com\/no\/\",\"logo\":{\"@type\":\"ImageObject\",\"inLanguage\":\"nb-NO\",\"@id\":\"https:\/\/multisite.decubal.com\/no\/#\/schema\/logo\/image\/\",\"url\":\"https:\/\/decubal.com\/app\/uploads\/sites\/4\/2022\/05\/Decubal-logo.png\",\"contentUrl\":\"https:\/\/decubal.com\/app\/uploads\/sites\/4\/2022\/05\/Decubal-logo.png\",\"width\":138,\"height\":40,\"caption\":\"Decubal\"},\"image\":{\"@id\":\"https:\/\/multisite.decubal.com\/no\/#\/schema\/logo\/image\/\"}}]}<\/script>\n<!-- \/ Yoast SEO plugin. -->","yoast_head_json":{"title":"Decubal Enriching Face Cleanser - Decubal","description":"Effektiv og sk\u00e5nsom ansiktsrens som pleier og revitaliserer huden. For sv\u00e6rt t\u00f8rr og sensitiv hud.","robots":{"index":"index","follow":"follow","max-snippet":"max-snippet:-1","max-image-preview":"max-image-preview:large","max-video-preview":"max-video-preview:-1"},"canonical":"https:\/\/decubal.com\/no\/produkt\/decubal-enriching-face-cleanser\/","og_locale":"nb_NO","og_type":"article","og_title":"Decubal Enriching Face Cleanser - Decubal","og_description":"Effektiv og sk\u00e5nsom ansiktsrens som pleier og revitaliserer huden. For sv\u00e6rt t\u00f8rr og sensitiv hud.","og_url":"https:\/\/decubal.com\/no\/produkt\/decubal-enriching-face-cleanser\/","og_site_name":"Decubal","article_modified_time":"2026-02-05T07:25:45+00:00","og_image":[{"width":600,"height":600,"url":"https:\/\/decubal.com\/app\/uploads\/sites\/4\/2026\/02\/Decubal-Enriching-face-cleanser.png","type":"image\/png"}],"twitter_card":"summary_large_image","twitter_misc":{"Ansl. lesetid":"2 minutter"},"schema":{"@context":"https:\/\/schema.org","@graph":[{"@type":"WebPage","@id":"https:\/\/decubal.com\/no\/produkt\/decubal-enriching-face-cleanser\/","url":"https:\/\/decubal.com\/no\/produkt\/decubal-enriching-face-cleanser\/","name":"Decubal Enriching Face Cleanser - Decubal","isPartOf":{"@id":"https:\/\/multisite.decubal.com\/no\/#website"},"primaryImageOfPage":{"@id":"https:\/\/decubal.com\/no\/produkt\/decubal-enriching-face-cleanser\/#primaryimage"},"image":{"@id":"https:\/\/decubal.com\/no\/produkt\/decubal-enriching-face-cleanser\/#primaryimage"},"thumbnailUrl":"https:\/\/decubal.com\/app\/uploads\/sites\/4\/2026\/02\/Decubal-Enriching-face-cleanser.png","datePublished":"2026-02-05T06:54:28+00:00","dateModified":"2026-02-05T07:25:45+00:00","description":"Effektiv og sk\u00e5nsom ansiktsrens som pleier og revitaliserer huden. For sv\u00e6rt t\u00f8rr og sensitiv hud.","breadcrumb":{"@id":"https:\/\/decubal.com\/no\/produkt\/decubal-enriching-face-cleanser\/#breadcrumb"},"inLanguage":"nb-NO","potentialAction":[{"@type":"ReadAction","target":["https:\/\/decubal.com\/no\/produkt\/decubal-enriching-face-cleanser\/"]}]},{"@type":"ImageObject","inLanguage":"nb-NO","@id":"https:\/\/decubal.com\/no\/produkt\/decubal-enriching-face-cleanser\/#primaryimage","url":"https:\/\/decubal.com\/app\/uploads\/sites\/4\/2026\/02\/Decubal-Enriching-face-cleanser.png","contentUrl":"https:\/\/decubal.com\/app\/uploads\/sites\/4\/2026\/02\/Decubal-Enriching-face-cleanser.png","width":600,"height":600,"caption":"Decubal-Enriching-face-cleanser"},{"@type":"BreadcrumbList","@id":"https:\/\/decubal.com\/no\/produkt\/decubal-enriching-face-cleanser\/#breadcrumb","itemListElement":[{"@type":"ListItem","position":1,"name":"Home","item":"https:\/\/decubal.com\/no\/"},{"@type":"ListItem","position":2,"name":"Produkter","item":"https:\/\/decubal.com\/no\/produkter\/"},{"@type":"ListItem","position":3,"name":"Decubal Enriching Face Cleanser"}]},{"@type":"WebSite","@id":"https:\/\/multisite.decubal.com\/no\/#website","url":"https:\/\/multisite.decubal.com\/no\/","name":"Decubal","description":"","publisher":{"@id":"https:\/\/multisite.decubal.com\/no\/#organization"},"potentialAction":[{"@type":"SearchAction","target":{"@type":"EntryPoint","urlTemplate":"https:\/\/multisite.decubal.com\/no\/?s={search_term_string}"},"query-input":{"@type":"PropertyValueSpecification","valueRequired":true,"valueName":"search_term_string"}}],"inLanguage":"nb-NO"},{"@type":"Organization","@id":"https:\/\/multisite.decubal.com\/no\/#organization","name":"Decubal","url":"https:\/\/multisite.decubal.com\/no\/","logo":{"@type":"ImageObject","inLanguage":"nb-NO","@id":"https:\/\/multisite.decubal.com\/no\/#\/schema\/logo\/image\/","url":"https:\/\/decubal.com\/app\/uploads\/sites\/4\/2022\/05\/Decubal-logo.png","contentUrl":"https:\/\/decubal.com\/app\/uploads\/sites\/4\/2022\/05\/Decubal-logo.png","width":138,"height":40,"caption":"Decubal"},"image":{"@id":"https:\/\/multisite.decubal.com\/no\/#\/schema\/logo\/image\/"}}]}},"_links":{"self":[{"href":"https:\/\/decubal.com\/no\/wp-json\/wp\/v2\/product\/804","targetHints":{"allow":["GET"]}}],"collection":[{"href":"https:\/\/decubal.com\/no\/wp-json\/wp\/v2\/product"}],"about":[{"href":"https:\/\/decubal.com\/no\/wp-json\/wp\/v2\/types\/product"}],"replies":[{"embeddable":true,"href":"https:\/\/decubal.com\/no\/wp-json\/wp\/v2\/comments?post=804"}],"version-history":[{"count":2,"href":"https:\/\/decubal.com\/no\/wp-json\/wp\/v2\/product\/804\/revisions"}],"predecessor-version":[{"id":809,"href":"https:\/\/decubal.com\/no\/wp-json\/wp\/v2\/product\/804\/revisions\/809"}],"wp:featuredmedia":[{"embeddable":true,"href":"https:\/\/decubal.com\/no\/wp-json\/wp\/v2\/media\/805"}],"wp:attachment":[{"href":"https:\/\/decubal.com\/no\/wp-json\/wp\/v2\/media?parent=804"}],"wp:term":[{"taxonomy":"product_brand","embeddable":true,"href":"https:\/\/decubal.com\/no\/wp-json\/wp\/v2\/product_brand?post=804"},{"taxonomy":"product_cat","embeddable":true,"href":"https:\/\/decubal.com\/no\/wp-json\/wp\/v2\/product_cat?post=804"},{"taxonomy":"product_tag","embeddable":true,"href":"https:\/\/decubal.com\/no\/wp-json\/wp\/v2\/product_tag?post=804"}],"curies":[{"name":"wp","href":"https:\/\/api.w.org\/{rel}","templated":true}]}}