{"id":80,"date":"2022-05-18T10:45:27","date_gmt":"2022-05-18T08:45:27","guid":{"rendered":"https:\/\/decubal.com\/no\/?post_type=product&#038;p=80"},"modified":"2024-12-11T07:55:21","modified_gmt":"2024-12-11T06:55:21","slug":"decubal-restoring-clinic-cream","status":"publish","type":"product","link":"https:\/\/decubal.com\/no\/produkt\/decubal-restoring-clinic-cream\/","title":{"rendered":"Decubal Restoring clinic cream"},"content":{"rendered":"\n<div class=\"wp-block-karopharma-free-text pt-large pb-large bg-center bg-cover bg-no-repeat  redblock\" style=\"background-image:url()\"><div class=\"free-text-wrapper container max-w-medium text-left\">\n<p>Decubal Restoring Clinic Cream absorberes raskt og har en lett konsistens som fukter og gjenoppbygger t\u00f8rr hud, samtidig som den styrker hudens naturlige beskyttelsesbarriere. Produktet inneholder glyserin og renset lanolin av medisinsk kvalitet som bidrar til \u00e5 fukte og gj\u00f8re huden mykere &#8211; 83% av deltakerne i en klinisk studie sa at de opplevde en merkbart mykere og mer hydrert hud etter bare \u00e9n p\u00e5f\u00f8ring. Decubal Restoring clinic cream har en klinisk bevist umiddelbar og langvarig fuktighetsgivende effekt som varer i opptil 72 timer. Egnet som en daglig krem for hele familien til bruk i ansiktet og p\u00e5 kroppen.<\/p>\n<\/div><\/div>\n\n\n\n<div class=\"wp-block-karopharma-product-promotion text-align-right pt-large pb-large bg-center bg-cover bg-no-repeat\" style=\"background-image:url()\"><div class=\"container max-w-large\">\n<div class=\"wp-block-group is-layout-flow wp-block-group-is-layout-flow\">\n<div class=\"wp-block-group hexagon is-layout-constrained wp-block-group-is-layout-constrained\">\n<h3 class=\"wp-block-heading has-text-align-center has-primary-color has-text-color has-link-color wp-elements-5c3efc3f619c707f3793e1313c964f14\">Bruk<\/h3>\n\n\n\n<p class=\"has-text-align-center\">P\u00e5f\u00f8res daglig, i ansiktet og\/eller p\u00e5 kroppen, for \u00e5 gi n\u00e6ring og gjenoppbygge t\u00f8rr til sv\u00e6rt t\u00f8rr og sensitiv hud.<\/p>\n<\/div>\n<\/div>\n\n\n\n<div class=\"wp-block-group is-layout-flow wp-block-group-is-layout-flow\">\n<div class=\"wp-block-group hexagon is-layout-constrained wp-block-group-is-layout-constrained\">\n<h3 class=\"wp-block-heading has-text-align-center has-primary-color has-text-color has-link-color wp-elements-4a0bf1a110c499428bc704dd2eb1cc5c\">Ingredienser<\/h3>\n\n\n\n<p class=\"has-text-align-center\">Water, Isopropyl Myristate, Glycerin, Sorbitan Stearate, Lanolin, Dimethicone, Cetyl Alcohol, Polysorbate 60, Sorbic Acid.<\/p>\n<\/div>\n<\/div>\n<\/div><\/div>\n\n\n\n<div class=\"wp-block-karopharma-free-text pt-large pb-large bg-center bg-cover bg-no-repeat  beigeblock\" style=\"background-image:url()\"><div class=\"free-text-wrapper container max-w-small text-center\">\n<figure class=\"wp-block-image aligncenter size-full\"><img decoding=\"async\" src=\"https:\/\/decubal.com\/app\/uploads\/sites\/3\/2024\/05\/allergy-certified.png\" alt=\"Allergy Certified\" class=\"wp-image-666\"\/><\/figure>\n\n\n\n<h2 class=\"wp-block-heading is-style-heading-h2\">Decubal Restoring clinic cream er uparfymert og dermatologisk testet p\u00e5 t\u00f8rr og sensitiv hud.<\/h2>\n\n\n\n<p>Produktet er anbefalt av Allergy Certified, noe som betyr at en toksikolog eller farmas\u00f8yt har utf\u00f8rt en risikovurdering av hver enkelt ingrediens i formuleringen for \u00e5 minimere risikoen for allergiske reaksjoner.<\/p>\n<\/div><\/div>\n","protected":false},"excerpt":{"rendered":"<p>N\u00e6rende og intens fuktighetsgivende krem som styrker hudbarrieren og gjenoppbygger t\u00f8rr til sv\u00e6rt t\u00f8rr og sensitiv hud. <\/p>\n","protected":false},"featured_media":600,"comment_status":"closed","ping_status":"closed","template":"","meta":{"_acf_changed":false,"footnotes":""},"product_brand":[],"product_cat":[23],"product_tag":[],"class_list":{"0":"post-80","1":"product","2":"type-product","3":"status-publish","4":"has-post-thumbnail","6":"product_cat-restoring","8":"first","9":"instock","10":"shipping-taxable","11":"product-type-simple"},"acf":[],"yoast_head":"<!-- This site is optimized with the Yoast SEO plugin v26.6 - https:\/\/yoast.com\/wordpress\/plugins\/seo\/ -->\n<title>Decubal Restoring clinic cream - Decubal<\/title>\n<meta name=\"description\" content=\"N\u00e6rende og intens fuktighetsgivende krem som styrker hudbarrieren og gjenoppbygger t\u00f8rr til sv\u00e6rt t\u00f8rr og sensitiv hud.\" \/>\n<meta name=\"robots\" content=\"index, follow, max-snippet:-1, max-image-preview:large, max-video-preview:-1\" \/>\n<link rel=\"canonical\" href=\"https:\/\/decubal.com\/no\/produkt\/decubal-restoring-clinic-cream\/\" \/>\n<meta property=\"og:locale\" content=\"nb_NO\" \/>\n<meta property=\"og:type\" content=\"article\" \/>\n<meta property=\"og:title\" content=\"Decubal Restoring clinic cream - Decubal\" \/>\n<meta property=\"og:description\" content=\"N\u00e6rende og intens fuktighetsgivende krem som styrker hudbarrieren og gjenoppbygger t\u00f8rr til sv\u00e6rt t\u00f8rr og sensitiv hud.\" \/>\n<meta property=\"og:url\" content=\"https:\/\/decubal.com\/no\/produkt\/decubal-restoring-clinic-cream\/\" \/>\n<meta property=\"og:site_name\" content=\"Decubal\" \/>\n<meta property=\"article:modified_time\" content=\"2024-12-11T06:55:21+00:00\" \/>\n<meta property=\"og:image\" content=\"https:\/\/decubal.com\/app\/uploads\/sites\/4\/2022\/05\/Decubal-clinic-cream.png\" \/>\n\t<meta property=\"og:image:width\" content=\"600\" \/>\n\t<meta property=\"og:image:height\" content=\"600\" \/>\n\t<meta property=\"og:image:type\" content=\"image\/png\" \/>\n<meta name=\"twitter:card\" content=\"summary_large_image\" \/>\n<meta name=\"twitter:label1\" content=\"Ansl. lesetid\" \/>\n\t<meta name=\"twitter:data1\" content=\"2 minutter\" \/>\n<script type=\"application\/ld+json\" class=\"yoast-schema-graph\">{\"@context\":\"https:\/\/schema.org\",\"@graph\":[{\"@type\":\"WebPage\",\"@id\":\"https:\/\/decubal.com\/no\/produkt\/decubal-restoring-clinic-cream\/\",\"url\":\"https:\/\/decubal.com\/no\/produkt\/decubal-restoring-clinic-cream\/\",\"name\":\"Decubal Restoring clinic cream - Decubal\",\"isPartOf\":{\"@id\":\"https:\/\/multisite.decubal.com\/no\/#website\"},\"primaryImageOfPage\":{\"@id\":\"https:\/\/decubal.com\/no\/produkt\/decubal-restoring-clinic-cream\/#primaryimage\"},\"image\":{\"@id\":\"https:\/\/decubal.com\/no\/produkt\/decubal-restoring-clinic-cream\/#primaryimage\"},\"thumbnailUrl\":\"https:\/\/decubal.com\/app\/uploads\/sites\/4\/2022\/05\/Decubal-clinic-cream.png\",\"datePublished\":\"2022-05-18T08:45:27+00:00\",\"dateModified\":\"2024-12-11T06:55:21+00:00\",\"description\":\"N\u00e6rende og intens fuktighetsgivende krem som styrker hudbarrieren og gjenoppbygger t\u00f8rr til sv\u00e6rt t\u00f8rr og sensitiv hud.\",\"breadcrumb\":{\"@id\":\"https:\/\/decubal.com\/no\/produkt\/decubal-restoring-clinic-cream\/#breadcrumb\"},\"inLanguage\":\"nb-NO\",\"potentialAction\":[{\"@type\":\"ReadAction\",\"target\":[\"https:\/\/decubal.com\/no\/produkt\/decubal-restoring-clinic-cream\/\"]}]},{\"@type\":\"ImageObject\",\"inLanguage\":\"nb-NO\",\"@id\":\"https:\/\/decubal.com\/no\/produkt\/decubal-restoring-clinic-cream\/#primaryimage\",\"url\":\"https:\/\/decubal.com\/app\/uploads\/sites\/4\/2022\/05\/Decubal-clinic-cream.png\",\"contentUrl\":\"https:\/\/decubal.com\/app\/uploads\/sites\/4\/2022\/05\/Decubal-clinic-cream.png\",\"width\":600,\"height\":600,\"caption\":\"Decubal-clinic-cream\"},{\"@type\":\"BreadcrumbList\",\"@id\":\"https:\/\/decubal.com\/no\/produkt\/decubal-restoring-clinic-cream\/#breadcrumb\",\"itemListElement\":[{\"@type\":\"ListItem\",\"position\":1,\"name\":\"Home\",\"item\":\"https:\/\/decubal.com\/no\/\"},{\"@type\":\"ListItem\",\"position\":2,\"name\":\"Produkter\",\"item\":\"https:\/\/decubal.com\/no\/produkter\/\"},{\"@type\":\"ListItem\",\"position\":3,\"name\":\"Decubal Restoring clinic cream\"}]},{\"@type\":\"WebSite\",\"@id\":\"https:\/\/multisite.decubal.com\/no\/#website\",\"url\":\"https:\/\/multisite.decubal.com\/no\/\",\"name\":\"Decubal\",\"description\":\"\",\"publisher\":{\"@id\":\"https:\/\/multisite.decubal.com\/no\/#organization\"},\"potentialAction\":[{\"@type\":\"SearchAction\",\"target\":{\"@type\":\"EntryPoint\",\"urlTemplate\":\"https:\/\/multisite.decubal.com\/no\/?s={search_term_string}\"},\"query-input\":{\"@type\":\"PropertyValueSpecification\",\"valueRequired\":true,\"valueName\":\"search_term_string\"}}],\"inLanguage\":\"nb-NO\"},{\"@type\":\"Organization\",\"@id\":\"https:\/\/multisite.decubal.com\/no\/#organization\",\"name\":\"Decubal\",\"url\":\"https:\/\/multisite.decubal.com\/no\/\",\"logo\":{\"@type\":\"ImageObject\",\"inLanguage\":\"nb-NO\",\"@id\":\"https:\/\/multisite.decubal.com\/no\/#\/schema\/logo\/image\/\",\"url\":\"https:\/\/decubal.com\/app\/uploads\/sites\/4\/2022\/05\/Decubal-logo.png\",\"contentUrl\":\"https:\/\/decubal.com\/app\/uploads\/sites\/4\/2022\/05\/Decubal-logo.png\",\"width\":138,\"height\":40,\"caption\":\"Decubal\"},\"image\":{\"@id\":\"https:\/\/multisite.decubal.com\/no\/#\/schema\/logo\/image\/\"}}]}<\/script>\n<!-- \/ Yoast SEO plugin. -->","yoast_head_json":{"title":"Decubal Restoring clinic cream - Decubal","description":"N\u00e6rende og intens fuktighetsgivende krem som styrker hudbarrieren og gjenoppbygger t\u00f8rr til sv\u00e6rt t\u00f8rr og sensitiv hud.","robots":{"index":"index","follow":"follow","max-snippet":"max-snippet:-1","max-image-preview":"max-image-preview:large","max-video-preview":"max-video-preview:-1"},"canonical":"https:\/\/decubal.com\/no\/produkt\/decubal-restoring-clinic-cream\/","og_locale":"nb_NO","og_type":"article","og_title":"Decubal Restoring clinic cream - Decubal","og_description":"N\u00e6rende og intens fuktighetsgivende krem som styrker hudbarrieren og gjenoppbygger t\u00f8rr til sv\u00e6rt t\u00f8rr og sensitiv hud.","og_url":"https:\/\/decubal.com\/no\/produkt\/decubal-restoring-clinic-cream\/","og_site_name":"Decubal","article_modified_time":"2024-12-11T06:55:21+00:00","og_image":[{"width":600,"height":600,"url":"https:\/\/decubal.com\/app\/uploads\/sites\/4\/2022\/05\/Decubal-clinic-cream.png","type":"image\/png"}],"twitter_card":"summary_large_image","twitter_misc":{"Ansl. lesetid":"2 minutter"},"schema":{"@context":"https:\/\/schema.org","@graph":[{"@type":"WebPage","@id":"https:\/\/decubal.com\/no\/produkt\/decubal-restoring-clinic-cream\/","url":"https:\/\/decubal.com\/no\/produkt\/decubal-restoring-clinic-cream\/","name":"Decubal Restoring clinic cream - Decubal","isPartOf":{"@id":"https:\/\/multisite.decubal.com\/no\/#website"},"primaryImageOfPage":{"@id":"https:\/\/decubal.com\/no\/produkt\/decubal-restoring-clinic-cream\/#primaryimage"},"image":{"@id":"https:\/\/decubal.com\/no\/produkt\/decubal-restoring-clinic-cream\/#primaryimage"},"thumbnailUrl":"https:\/\/decubal.com\/app\/uploads\/sites\/4\/2022\/05\/Decubal-clinic-cream.png","datePublished":"2022-05-18T08:45:27+00:00","dateModified":"2024-12-11T06:55:21+00:00","description":"N\u00e6rende og intens fuktighetsgivende krem som styrker hudbarrieren og gjenoppbygger t\u00f8rr til sv\u00e6rt t\u00f8rr og sensitiv hud.","breadcrumb":{"@id":"https:\/\/decubal.com\/no\/produkt\/decubal-restoring-clinic-cream\/#breadcrumb"},"inLanguage":"nb-NO","potentialAction":[{"@type":"ReadAction","target":["https:\/\/decubal.com\/no\/produkt\/decubal-restoring-clinic-cream\/"]}]},{"@type":"ImageObject","inLanguage":"nb-NO","@id":"https:\/\/decubal.com\/no\/produkt\/decubal-restoring-clinic-cream\/#primaryimage","url":"https:\/\/decubal.com\/app\/uploads\/sites\/4\/2022\/05\/Decubal-clinic-cream.png","contentUrl":"https:\/\/decubal.com\/app\/uploads\/sites\/4\/2022\/05\/Decubal-clinic-cream.png","width":600,"height":600,"caption":"Decubal-clinic-cream"},{"@type":"BreadcrumbList","@id":"https:\/\/decubal.com\/no\/produkt\/decubal-restoring-clinic-cream\/#breadcrumb","itemListElement":[{"@type":"ListItem","position":1,"name":"Home","item":"https:\/\/decubal.com\/no\/"},{"@type":"ListItem","position":2,"name":"Produkter","item":"https:\/\/decubal.com\/no\/produkter\/"},{"@type":"ListItem","position":3,"name":"Decubal Restoring clinic cream"}]},{"@type":"WebSite","@id":"https:\/\/multisite.decubal.com\/no\/#website","url":"https:\/\/multisite.decubal.com\/no\/","name":"Decubal","description":"","publisher":{"@id":"https:\/\/multisite.decubal.com\/no\/#organization"},"potentialAction":[{"@type":"SearchAction","target":{"@type":"EntryPoint","urlTemplate":"https:\/\/multisite.decubal.com\/no\/?s={search_term_string}"},"query-input":{"@type":"PropertyValueSpecification","valueRequired":true,"valueName":"search_term_string"}}],"inLanguage":"nb-NO"},{"@type":"Organization","@id":"https:\/\/multisite.decubal.com\/no\/#organization","name":"Decubal","url":"https:\/\/multisite.decubal.com\/no\/","logo":{"@type":"ImageObject","inLanguage":"nb-NO","@id":"https:\/\/multisite.decubal.com\/no\/#\/schema\/logo\/image\/","url":"https:\/\/decubal.com\/app\/uploads\/sites\/4\/2022\/05\/Decubal-logo.png","contentUrl":"https:\/\/decubal.com\/app\/uploads\/sites\/4\/2022\/05\/Decubal-logo.png","width":138,"height":40,"caption":"Decubal"},"image":{"@id":"https:\/\/multisite.decubal.com\/no\/#\/schema\/logo\/image\/"}}]}},"_links":{"self":[{"href":"https:\/\/decubal.com\/no\/wp-json\/wp\/v2\/product\/80","targetHints":{"allow":["GET"]}}],"collection":[{"href":"https:\/\/decubal.com\/no\/wp-json\/wp\/v2\/product"}],"about":[{"href":"https:\/\/decubal.com\/no\/wp-json\/wp\/v2\/types\/product"}],"replies":[{"embeddable":true,"href":"https:\/\/decubal.com\/no\/wp-json\/wp\/v2\/comments?post=80"}],"version-history":[{"count":10,"href":"https:\/\/decubal.com\/no\/wp-json\/wp\/v2\/product\/80\/revisions"}],"predecessor-version":[{"id":709,"href":"https:\/\/decubal.com\/no\/wp-json\/wp\/v2\/product\/80\/revisions\/709"}],"wp:featuredmedia":[{"embeddable":true,"href":"https:\/\/decubal.com\/no\/wp-json\/wp\/v2\/media\/600"}],"wp:attachment":[{"href":"https:\/\/decubal.com\/no\/wp-json\/wp\/v2\/media?parent=80"}],"wp:term":[{"taxonomy":"product_brand","embeddable":true,"href":"https:\/\/decubal.com\/no\/wp-json\/wp\/v2\/product_brand?post=80"},{"taxonomy":"product_cat","embeddable":true,"href":"https:\/\/decubal.com\/no\/wp-json\/wp\/v2\/product_cat?post=80"},{"taxonomy":"product_tag","embeddable":true,"href":"https:\/\/decubal.com\/no\/wp-json\/wp\/v2\/product_tag?post=80"}],"curies":[{"name":"wp","href":"https:\/\/api.w.org\/{rel}","templated":true}]}}