{"id":799,"date":"2026-02-05T07:45:43","date_gmt":"2026-02-05T06:45:43","guid":{"rendered":"https:\/\/decubal.com\/no\/?post_type=product&#038;p=799"},"modified":"2026-02-05T08:23:56","modified_gmt":"2026-02-05T07:23:56","slug":"decubal-enriching-face-cream-spf-30","status":"publish","type":"product","link":"https:\/\/decubal.com\/no\/produkt\/decubal-enriching-face-cream-spf-30\/","title":{"rendered":"Decubal Enriching Face Cream SPF 30"},"content":{"rendered":"\n<div class=\"wp-block-karopharma-free-text pt-large pb-large bg-center bg-cover bg-no-repeat  redblock\" style=\"background-image:url()\"><div class=\"free-text-wrapper container max-w-medium text-left\">\n<p>Decubal Enriching face cream SPF 30 er spesielt utviklet for daglig pleie av t\u00f8rr til sv\u00e6rt t\u00f8rr, sensitiv hud. Den gir intens og langvarig fuktighet samtidig som den gjenoppretter et ungdommelig utseende og f\u00f8lelse ved \u00e5 styrke hudens naturlige barriere. Med klinisk dokumentert fuktighet i opptil 72 timer er den lette formuleringen beriket med en blanding av kollagen, ceramider, antioksidanter og r\u00f8d alge. En innovativ hudtilpassende teknologi hjelper formuleringen \u00e5 virke i harmoni med huden og tilpasse seg ulike \u00e5rstider og temperaturforandringer.<\/p>\n<\/div><\/div>\n\n\n\n<div class=\"wp-block-karopharma-product-promotion text-align-right pt-large pb-large bg-center bg-cover bg-no-repeat\" style=\"background-image:url()\"><div class=\"container max-w-large\">\n<div class=\"wp-block-group is-layout-flow wp-block-group-is-layout-flow\">\n<div class=\"wp-block-group hexagon is-layout-constrained wp-block-group-is-layout-constrained\">\n<h3 class=\"wp-block-heading has-text-align-center has-primary-color has-text-color has-link-color wp-elements-5c3efc3f619c707f3793e1313c964f14\">Bruk<\/h3>\n\n\n\n<p class=\"has-text-align-center\">P\u00e5f\u00f8r rikelig i ansiktet om morgenen etter rens eller etter bruk av serum.<\/p>\n<\/div>\n<\/div>\n\n\n\n<div class=\"wp-block-group is-layout-flow wp-block-group-is-layout-flow\">\n<div class=\"wp-block-group hexagon is-layout-constrained wp-block-group-is-layout-constrained\">\n<h3 class=\"wp-block-heading has-text-align-center has-primary-color has-text-color has-link-color wp-elements-4a0bf1a110c499428bc704dd2eb1cc5c\">Ingredienser<\/h3>\n\n\n\n<p class=\"has-text-align-center mindretext2\">Aqua, Dibutyl Adipate, Diethylamino Hydroxybenzoyl Hexyl Benzoate, C12-15 Alkyl Benzoate, Undecane, Diethylhexyl Butamido Triazone, Glycerin, Bis-Ethylhexyloxyphenol Methoxyphenyl Triazine, Avena Sativa Kernel Oil, Betaine, Ethylhexyl Triazone, Disodium Cetearyl Sulfosuccinate, Propanediol, Butyrospermum Parkii Butter, Glyceryl Stearate, Tridecane, Canola Oil, Hydrolyzed Collagen, Sodium Hyaluronate, Ascorbyl Tetraisopalmitate, Helianthus Annuus Seed Oil, Tocopheryl Acetate, Biosaccharide Gum-1, Caprylyl Glycol, Sodium Carrageenan, Glyceryl Stearate Citrate, Zea Mays Starch, Hydrogenated Lecithin, Tocopherol, Xanthan Gum, Lecithin,Phenoxyethanol, Citric Acid, Sodium Polyacryloyldimethyl Taurate, Sodium Acrylates Copolymer, Polyglyceryl-3 Stearate, Sea Salt.<\/p>\n<\/div>\n<\/div>\n<\/div><\/div>\n\n\n\n<div class=\"wp-block-karopharma-free-text pt-large pb-large bg-center bg-cover bg-no-repeat  beigeblock\" style=\"background-image:url()\"><div class=\"free-text-wrapper container max-w-small text-center\">\n<figure class=\"wp-block-image aligncenter size-full\"><img loading=\"lazy\" decoding=\"async\" width=\"200\" height=\"204\" src=\"https:\/\/decubal.com\/app\/uploads\/sites\/4\/2024\/12\/allergy-certified.png\" alt=\"allergy-certified\" class=\"wp-image-715\"\/><\/figure>\n\n\n\n<h2 class=\"wp-block-heading is-style-heading-h2\">Decubal Enriching face cream SPF 30 er formulert uten parfyme og er dermatologisk testet p\u00e5 t\u00f8rr til sv\u00e6rt t\u00f8rr, sensitiv hud.<\/h2>\n\n\n\n<p>Produktet er anbefalt av Allergy Certified, noe som betyr at en toksikolog eller farmas\u00f8yt har gjennomf\u00f8rt en risikovurdering av hver enkelt ingrediens i formuleringen for \u00e5 sikre at risikoen for allergiske reaksjoner er minimal.<\/p>\n<\/div><\/div>\n","protected":false},"excerpt":{"rendered":"<p>N\u00e6rende ansiktskrem med UVA-\/UVB-beskyttelse som beriker, beskytter og revitaliserer t\u00f8rr til sv\u00e6rt t\u00f8rr, sensitiv hud.<\/p>\n","protected":false},"featured_media":800,"comment_status":"closed","ping_status":"closed","template":"","meta":{"_acf_changed":false,"footnotes":""},"product_brand":[],"product_cat":[21],"product_tag":[],"class_list":{"0":"post-799","1":"product","2":"type-product","3":"status-publish","4":"has-post-thumbnail","6":"product_cat-enriching","8":"first","9":"instock","10":"shipping-taxable","11":"product-type-simple"},"acf":[],"yoast_head":"<!-- This site is optimized with the Yoast SEO plugin v26.6 - https:\/\/yoast.com\/wordpress\/plugins\/seo\/ -->\n<title>Decubal Enriching Face Cream SPF 30 - Decubal<\/title>\n<meta name=\"description\" content=\"N\u00e6rende ansiktskrem med UVA-\/UVB-beskyttelse som beriker, beskytter og revitaliserer t\u00f8rr til sv\u00e6rt t\u00f8rr, sensitiv hud.\u200b\" \/>\n<meta name=\"robots\" content=\"index, follow, max-snippet:-1, max-image-preview:large, max-video-preview:-1\" \/>\n<link rel=\"canonical\" href=\"https:\/\/decubal.com\/no\/produkt\/decubal-enriching-face-cream-spf-30\/\" \/>\n<meta property=\"og:locale\" content=\"nb_NO\" \/>\n<meta property=\"og:type\" content=\"article\" \/>\n<meta property=\"og:title\" content=\"Decubal Enriching Face Cream SPF 30 - Decubal\" \/>\n<meta property=\"og:description\" content=\"N\u00e6rende ansiktskrem med UVA-\/UVB-beskyttelse som beriker, beskytter og revitaliserer t\u00f8rr til sv\u00e6rt t\u00f8rr, sensitiv hud.\u200b\" \/>\n<meta property=\"og:url\" content=\"https:\/\/decubal.com\/no\/produkt\/decubal-enriching-face-cream-spf-30\/\" \/>\n<meta property=\"og:site_name\" content=\"Decubal\" \/>\n<meta property=\"article:modified_time\" content=\"2026-02-05T07:23:56+00:00\" \/>\n<meta property=\"og:image\" content=\"https:\/\/decubal.com\/app\/uploads\/sites\/4\/2026\/02\/Decubal-Enriching-face-cream.png\" \/>\n\t<meta property=\"og:image:width\" content=\"600\" \/>\n\t<meta property=\"og:image:height\" content=\"600\" \/>\n\t<meta property=\"og:image:type\" content=\"image\/png\" \/>\n<meta name=\"twitter:card\" content=\"summary_large_image\" \/>\n<meta name=\"twitter:label1\" content=\"Ansl. lesetid\" \/>\n\t<meta name=\"twitter:data1\" content=\"2 minutter\" \/>\n<script type=\"application\/ld+json\" class=\"yoast-schema-graph\">{\"@context\":\"https:\/\/schema.org\",\"@graph\":[{\"@type\":\"WebPage\",\"@id\":\"https:\/\/decubal.com\/no\/produkt\/decubal-enriching-face-cream-spf-30\/\",\"url\":\"https:\/\/decubal.com\/no\/produkt\/decubal-enriching-face-cream-spf-30\/\",\"name\":\"Decubal Enriching Face Cream SPF 30 - Decubal\",\"isPartOf\":{\"@id\":\"https:\/\/multisite.decubal.com\/no\/#website\"},\"primaryImageOfPage\":{\"@id\":\"https:\/\/decubal.com\/no\/produkt\/decubal-enriching-face-cream-spf-30\/#primaryimage\"},\"image\":{\"@id\":\"https:\/\/decubal.com\/no\/produkt\/decubal-enriching-face-cream-spf-30\/#primaryimage\"},\"thumbnailUrl\":\"https:\/\/decubal.com\/app\/uploads\/sites\/4\/2026\/02\/Decubal-Enriching-face-cream.png\",\"datePublished\":\"2026-02-05T06:45:43+00:00\",\"dateModified\":\"2026-02-05T07:23:56+00:00\",\"description\":\"N\u00e6rende ansiktskrem med UVA-\/UVB-beskyttelse som beriker, beskytter og revitaliserer t\u00f8rr til sv\u00e6rt t\u00f8rr, sensitiv hud.\u200b\",\"breadcrumb\":{\"@id\":\"https:\/\/decubal.com\/no\/produkt\/decubal-enriching-face-cream-spf-30\/#breadcrumb\"},\"inLanguage\":\"nb-NO\",\"potentialAction\":[{\"@type\":\"ReadAction\",\"target\":[\"https:\/\/decubal.com\/no\/produkt\/decubal-enriching-face-cream-spf-30\/\"]}]},{\"@type\":\"ImageObject\",\"inLanguage\":\"nb-NO\",\"@id\":\"https:\/\/decubal.com\/no\/produkt\/decubal-enriching-face-cream-spf-30\/#primaryimage\",\"url\":\"https:\/\/decubal.com\/app\/uploads\/sites\/4\/2026\/02\/Decubal-Enriching-face-cream.png\",\"contentUrl\":\"https:\/\/decubal.com\/app\/uploads\/sites\/4\/2026\/02\/Decubal-Enriching-face-cream.png\",\"width\":600,\"height\":600,\"caption\":\"Decubal-Enriching-face-cream\"},{\"@type\":\"BreadcrumbList\",\"@id\":\"https:\/\/decubal.com\/no\/produkt\/decubal-enriching-face-cream-spf-30\/#breadcrumb\",\"itemListElement\":[{\"@type\":\"ListItem\",\"position\":1,\"name\":\"Home\",\"item\":\"https:\/\/decubal.com\/no\/\"},{\"@type\":\"ListItem\",\"position\":2,\"name\":\"Produkter\",\"item\":\"https:\/\/decubal.com\/no\/produkter\/\"},{\"@type\":\"ListItem\",\"position\":3,\"name\":\"Decubal Enriching Face Cream SPF 30\"}]},{\"@type\":\"WebSite\",\"@id\":\"https:\/\/multisite.decubal.com\/no\/#website\",\"url\":\"https:\/\/multisite.decubal.com\/no\/\",\"name\":\"Decubal\",\"description\":\"\",\"publisher\":{\"@id\":\"https:\/\/multisite.decubal.com\/no\/#organization\"},\"potentialAction\":[{\"@type\":\"SearchAction\",\"target\":{\"@type\":\"EntryPoint\",\"urlTemplate\":\"https:\/\/multisite.decubal.com\/no\/?s={search_term_string}\"},\"query-input\":{\"@type\":\"PropertyValueSpecification\",\"valueRequired\":true,\"valueName\":\"search_term_string\"}}],\"inLanguage\":\"nb-NO\"},{\"@type\":\"Organization\",\"@id\":\"https:\/\/multisite.decubal.com\/no\/#organization\",\"name\":\"Decubal\",\"url\":\"https:\/\/multisite.decubal.com\/no\/\",\"logo\":{\"@type\":\"ImageObject\",\"inLanguage\":\"nb-NO\",\"@id\":\"https:\/\/multisite.decubal.com\/no\/#\/schema\/logo\/image\/\",\"url\":\"https:\/\/decubal.com\/app\/uploads\/sites\/4\/2022\/05\/Decubal-logo.png\",\"contentUrl\":\"https:\/\/decubal.com\/app\/uploads\/sites\/4\/2022\/05\/Decubal-logo.png\",\"width\":138,\"height\":40,\"caption\":\"Decubal\"},\"image\":{\"@id\":\"https:\/\/multisite.decubal.com\/no\/#\/schema\/logo\/image\/\"}}]}<\/script>\n<!-- \/ Yoast SEO plugin. -->","yoast_head_json":{"title":"Decubal Enriching Face Cream SPF 30 - Decubal","description":"N\u00e6rende ansiktskrem med UVA-\/UVB-beskyttelse som beriker, beskytter og revitaliserer t\u00f8rr til sv\u00e6rt t\u00f8rr, sensitiv hud.\u200b","robots":{"index":"index","follow":"follow","max-snippet":"max-snippet:-1","max-image-preview":"max-image-preview:large","max-video-preview":"max-video-preview:-1"},"canonical":"https:\/\/decubal.com\/no\/produkt\/decubal-enriching-face-cream-spf-30\/","og_locale":"nb_NO","og_type":"article","og_title":"Decubal Enriching Face Cream SPF 30 - Decubal","og_description":"N\u00e6rende ansiktskrem med UVA-\/UVB-beskyttelse som beriker, beskytter og revitaliserer t\u00f8rr til sv\u00e6rt t\u00f8rr, sensitiv hud.\u200b","og_url":"https:\/\/decubal.com\/no\/produkt\/decubal-enriching-face-cream-spf-30\/","og_site_name":"Decubal","article_modified_time":"2026-02-05T07:23:56+00:00","og_image":[{"width":600,"height":600,"url":"https:\/\/decubal.com\/app\/uploads\/sites\/4\/2026\/02\/Decubal-Enriching-face-cream.png","type":"image\/png"}],"twitter_card":"summary_large_image","twitter_misc":{"Ansl. lesetid":"2 minutter"},"schema":{"@context":"https:\/\/schema.org","@graph":[{"@type":"WebPage","@id":"https:\/\/decubal.com\/no\/produkt\/decubal-enriching-face-cream-spf-30\/","url":"https:\/\/decubal.com\/no\/produkt\/decubal-enriching-face-cream-spf-30\/","name":"Decubal Enriching Face Cream SPF 30 - Decubal","isPartOf":{"@id":"https:\/\/multisite.decubal.com\/no\/#website"},"primaryImageOfPage":{"@id":"https:\/\/decubal.com\/no\/produkt\/decubal-enriching-face-cream-spf-30\/#primaryimage"},"image":{"@id":"https:\/\/decubal.com\/no\/produkt\/decubal-enriching-face-cream-spf-30\/#primaryimage"},"thumbnailUrl":"https:\/\/decubal.com\/app\/uploads\/sites\/4\/2026\/02\/Decubal-Enriching-face-cream.png","datePublished":"2026-02-05T06:45:43+00:00","dateModified":"2026-02-05T07:23:56+00:00","description":"N\u00e6rende ansiktskrem med UVA-\/UVB-beskyttelse som beriker, beskytter og revitaliserer t\u00f8rr til sv\u00e6rt t\u00f8rr, sensitiv hud.\u200b","breadcrumb":{"@id":"https:\/\/decubal.com\/no\/produkt\/decubal-enriching-face-cream-spf-30\/#breadcrumb"},"inLanguage":"nb-NO","potentialAction":[{"@type":"ReadAction","target":["https:\/\/decubal.com\/no\/produkt\/decubal-enriching-face-cream-spf-30\/"]}]},{"@type":"ImageObject","inLanguage":"nb-NO","@id":"https:\/\/decubal.com\/no\/produkt\/decubal-enriching-face-cream-spf-30\/#primaryimage","url":"https:\/\/decubal.com\/app\/uploads\/sites\/4\/2026\/02\/Decubal-Enriching-face-cream.png","contentUrl":"https:\/\/decubal.com\/app\/uploads\/sites\/4\/2026\/02\/Decubal-Enriching-face-cream.png","width":600,"height":600,"caption":"Decubal-Enriching-face-cream"},{"@type":"BreadcrumbList","@id":"https:\/\/decubal.com\/no\/produkt\/decubal-enriching-face-cream-spf-30\/#breadcrumb","itemListElement":[{"@type":"ListItem","position":1,"name":"Home","item":"https:\/\/decubal.com\/no\/"},{"@type":"ListItem","position":2,"name":"Produkter","item":"https:\/\/decubal.com\/no\/produkter\/"},{"@type":"ListItem","position":3,"name":"Decubal Enriching Face Cream SPF 30"}]},{"@type":"WebSite","@id":"https:\/\/multisite.decubal.com\/no\/#website","url":"https:\/\/multisite.decubal.com\/no\/","name":"Decubal","description":"","publisher":{"@id":"https:\/\/multisite.decubal.com\/no\/#organization"},"potentialAction":[{"@type":"SearchAction","target":{"@type":"EntryPoint","urlTemplate":"https:\/\/multisite.decubal.com\/no\/?s={search_term_string}"},"query-input":{"@type":"PropertyValueSpecification","valueRequired":true,"valueName":"search_term_string"}}],"inLanguage":"nb-NO"},{"@type":"Organization","@id":"https:\/\/multisite.decubal.com\/no\/#organization","name":"Decubal","url":"https:\/\/multisite.decubal.com\/no\/","logo":{"@type":"ImageObject","inLanguage":"nb-NO","@id":"https:\/\/multisite.decubal.com\/no\/#\/schema\/logo\/image\/","url":"https:\/\/decubal.com\/app\/uploads\/sites\/4\/2022\/05\/Decubal-logo.png","contentUrl":"https:\/\/decubal.com\/app\/uploads\/sites\/4\/2022\/05\/Decubal-logo.png","width":138,"height":40,"caption":"Decubal"},"image":{"@id":"https:\/\/multisite.decubal.com\/no\/#\/schema\/logo\/image\/"}}]}},"_links":{"self":[{"href":"https:\/\/decubal.com\/no\/wp-json\/wp\/v2\/product\/799","targetHints":{"allow":["GET"]}}],"collection":[{"href":"https:\/\/decubal.com\/no\/wp-json\/wp\/v2\/product"}],"about":[{"href":"https:\/\/decubal.com\/no\/wp-json\/wp\/v2\/types\/product"}],"replies":[{"embeddable":true,"href":"https:\/\/decubal.com\/no\/wp-json\/wp\/v2\/comments?post=799"}],"version-history":[{"count":4,"href":"https:\/\/decubal.com\/no\/wp-json\/wp\/v2\/product\/799\/revisions"}],"predecessor-version":[{"id":811,"href":"https:\/\/decubal.com\/no\/wp-json\/wp\/v2\/product\/799\/revisions\/811"}],"wp:featuredmedia":[{"embeddable":true,"href":"https:\/\/decubal.com\/no\/wp-json\/wp\/v2\/media\/800"}],"wp:attachment":[{"href":"https:\/\/decubal.com\/no\/wp-json\/wp\/v2\/media?parent=799"}],"wp:term":[{"taxonomy":"product_brand","embeddable":true,"href":"https:\/\/decubal.com\/no\/wp-json\/wp\/v2\/product_brand?post=799"},{"taxonomy":"product_cat","embeddable":true,"href":"https:\/\/decubal.com\/no\/wp-json\/wp\/v2\/product_cat?post=799"},{"taxonomy":"product_tag","embeddable":true,"href":"https:\/\/decubal.com\/no\/wp-json\/wp\/v2\/product_tag?post=799"}],"curies":[{"name":"wp","href":"https:\/\/api.w.org\/{rel}","templated":true}]}}