{"id":793,"date":"2026-02-05T07:35:11","date_gmt":"2026-02-05T06:35:11","guid":{"rendered":"https:\/\/decubal.com\/no\/?post_type=product&#038;p=793"},"modified":"2026-02-05T07:41:26","modified_gmt":"2026-02-05T06:41:26","slug":"decubal-enriching-serum","status":"publish","type":"product","link":"https:\/\/decubal.com\/no\/produkt\/decubal-enriching-serum\/","title":{"rendered":"Decubal Enriching Serum"},"content":{"rendered":"\n<div class=\"wp-block-karopharma-free-text pt-large pb-large bg-center bg-cover bg-no-repeat  redblock\" style=\"background-image:url()\"><div class=\"free-text-wrapper container max-w-medium text-left\">\n<p>Decubal Enriching Serum er et n\u00e6rende serum som er spesielt utviklet for t\u00f8rr til sv\u00e6rt t\u00f8rr og sensitiv hud. Med innovativ, hudtilpassende teknologi som hjelper formuleringen \u00e5 virke i harmoni med huden og tilpasse seg ulike \u00e5rstider og temperaturforandringer, gir den intens og langvarig fuktighet samtidig som den bidrar til \u00e5 \u00f8ke elastisiteten og styrke hudens naturlige barriere. Den effektive, men sk\u00e5nsomme formuleringen er beriket med en unik blanding av kollagen, ceramider, antioksidanter, niacinamid og r\u00f8d alge som pleier huden i dybden.<\/p>\n<\/div><\/div>\n\n\n\n<div class=\"wp-block-karopharma-product-promotion text-align-right pt-large pb-large bg-center bg-cover bg-no-repeat\" style=\"background-image:url()\"><div class=\"container max-w-large\">\n<div class=\"wp-block-group is-layout-flow wp-block-group-is-layout-flow\">\n<div class=\"wp-block-group hexagon is-layout-constrained wp-block-group-is-layout-constrained\">\n<h3 class=\"wp-block-heading has-text-align-center has-primary-color has-text-color has-link-color wp-elements-5c3efc3f619c707f3793e1313c964f14\">Bruk<\/h3>\n\n\n\n<p class=\"has-text-align-center\">P\u00e5f\u00f8r 3\u20134 dr\u00e5per i ansikt og p\u00e5 hals og bryst (d\u00e9collet\u00e9) etter rens, og mass\u00e9r forsiktig inn i huden.<\/p>\n<\/div>\n<\/div>\n\n\n\n<div class=\"wp-block-group is-layout-flow wp-block-group-is-layout-flow\">\n<div class=\"wp-block-group hexagon is-layout-constrained wp-block-group-is-layout-constrained\">\n<h3 class=\"wp-block-heading has-text-align-center has-primary-color has-text-color has-link-color wp-elements-4a0bf1a110c499428bc704dd2eb1cc5c\">Ingredienser<\/h3>\n\n\n\n<p class=\"has-text-align-center mindretext2\">Aqua, Glycerin, Caprylic\/Capric Triglyceride, Caprylyl Methicone, Glyceryl Stearate, Niacinamide, Glyceryl Stearate Citrate, Sodium Ascorbyl Phosphate, TocopherylAcetate, Olive Oil Decyl Esters, Polyglyceryl-3 Stearate, Propanediol, Maltodextrin, Hydrogenated Lecithin, Caprylyl Glycol, Hydrolyzed Collagen, Sclerotium Gum,Sodium Hyaluronate, Sodium Lauroyl Lactylate, Squalene, Glycine Soja Oil, Caprylhydroxamic Acid, Phenoxyethanol, Tocopherol, Ceramide NP, Sodium Citrate, Beta-Sitosterol, Sodium Carrageenan, Ceramide AP, Phytosphingosine, Cholesterol, Xanthan Gum, Citric Acid, Carbomer, Ethylhexylglycerin, Sea Salt, Cyanocobalamin,Ceramide EOP.<\/p>\n<\/div>\n<\/div>\n<\/div><\/div>\n\n\n\n<div class=\"wp-block-karopharma-free-text pt-large pb-large bg-center bg-cover bg-no-repeat  beigeblock\" style=\"background-image:url()\"><div class=\"free-text-wrapper container max-w-small text-center\">\n<figure class=\"wp-block-image aligncenter size-full\"><img loading=\"lazy\" decoding=\"async\" width=\"200\" height=\"204\" src=\"https:\/\/decubal.com\/app\/uploads\/sites\/4\/2024\/12\/allergy-certified.png\" alt=\"allergy-certified\" class=\"wp-image-715\"\/><\/figure>\n\n\n\n<h2 class=\"wp-block-heading is-style-heading-h2\">Decubal Enriching face serum er formulert uten parfyme og er dermatologisk testet p\u00e5 t\u00f8rr til sv\u00e6rt t\u00f8rr, sensitiv hud.<\/h2>\n\n\n\n<p>Produktet er anbefalt av Allergy Certified, noe som betyr at en toksikolog eller farmas\u00f8yt har gjennomf\u00f8rt en risikovurdering av hver enkelt ingrediens i formuleringen for \u00e5 sikre at risikoen for allergiske reaksjoner er minimal.<\/p>\n<\/div><\/div>\n","protected":false},"excerpt":{"rendered":"<p>Intensivt n\u00e6rende ansiktsserum som forbedrer hudens fasthet og elastisitet. For t\u00f8rr til sv\u00e6rt t\u00f8rr, sensitiv hud.<\/p>\n","protected":false},"featured_media":794,"comment_status":"closed","ping_status":"closed","template":"","meta":{"_acf_changed":false,"footnotes":""},"product_brand":[],"product_cat":[21],"product_tag":[],"class_list":{"0":"post-793","1":"product","2":"type-product","3":"status-publish","4":"has-post-thumbnail","6":"product_cat-enriching","8":"first","9":"instock","10":"shipping-taxable","11":"product-type-simple"},"acf":[],"yoast_head":"<!-- This site is optimized with the Yoast SEO plugin v26.6 - https:\/\/yoast.com\/wordpress\/plugins\/seo\/ -->\n<title>Decubal Enriching Serum - Decubal<\/title>\n<meta name=\"description\" content=\"Intensivt n\u00e6rende ansiktsserum som forbedrer hudens fasthet og elastisitet. For t\u00f8rr til sv\u00e6rt t\u00f8rr, sensitiv hud.\" \/>\n<meta name=\"robots\" content=\"index, follow, max-snippet:-1, max-image-preview:large, max-video-preview:-1\" \/>\n<link rel=\"canonical\" href=\"https:\/\/decubal.com\/no\/produkt\/decubal-enriching-serum\/\" \/>\n<meta property=\"og:locale\" content=\"nb_NO\" \/>\n<meta property=\"og:type\" content=\"article\" \/>\n<meta property=\"og:title\" content=\"Decubal Enriching Serum - Decubal\" \/>\n<meta property=\"og:description\" content=\"Intensivt n\u00e6rende ansiktsserum som forbedrer hudens fasthet og elastisitet. For t\u00f8rr til sv\u00e6rt t\u00f8rr, sensitiv hud.\" \/>\n<meta property=\"og:url\" content=\"https:\/\/decubal.com\/no\/produkt\/decubal-enriching-serum\/\" \/>\n<meta property=\"og:site_name\" content=\"Decubal\" \/>\n<meta property=\"article:modified_time\" content=\"2026-02-05T06:41:26+00:00\" \/>\n<meta property=\"og:image\" content=\"https:\/\/decubal.com\/app\/uploads\/sites\/4\/2026\/02\/Decubal-Enriching-face-serum.png\" \/>\n\t<meta property=\"og:image:width\" content=\"600\" \/>\n\t<meta property=\"og:image:height\" content=\"600\" \/>\n\t<meta property=\"og:image:type\" content=\"image\/png\" \/>\n<meta name=\"twitter:card\" content=\"summary_large_image\" \/>\n<meta name=\"twitter:label1\" content=\"Ansl. lesetid\" \/>\n\t<meta name=\"twitter:data1\" content=\"2 minutter\" \/>\n<script type=\"application\/ld+json\" class=\"yoast-schema-graph\">{\"@context\":\"https:\/\/schema.org\",\"@graph\":[{\"@type\":\"WebPage\",\"@id\":\"https:\/\/decubal.com\/no\/produkt\/decubal-enriching-serum\/\",\"url\":\"https:\/\/decubal.com\/no\/produkt\/decubal-enriching-serum\/\",\"name\":\"Decubal Enriching Serum - Decubal\",\"isPartOf\":{\"@id\":\"https:\/\/multisite.decubal.com\/no\/#website\"},\"primaryImageOfPage\":{\"@id\":\"https:\/\/decubal.com\/no\/produkt\/decubal-enriching-serum\/#primaryimage\"},\"image\":{\"@id\":\"https:\/\/decubal.com\/no\/produkt\/decubal-enriching-serum\/#primaryimage\"},\"thumbnailUrl\":\"https:\/\/decubal.com\/app\/uploads\/sites\/4\/2026\/02\/Decubal-Enriching-face-serum.png\",\"datePublished\":\"2026-02-05T06:35:11+00:00\",\"dateModified\":\"2026-02-05T06:41:26+00:00\",\"description\":\"Intensivt n\u00e6rende ansiktsserum som forbedrer hudens fasthet og elastisitet. For t\u00f8rr til sv\u00e6rt t\u00f8rr, sensitiv hud.\",\"breadcrumb\":{\"@id\":\"https:\/\/decubal.com\/no\/produkt\/decubal-enriching-serum\/#breadcrumb\"},\"inLanguage\":\"nb-NO\",\"potentialAction\":[{\"@type\":\"ReadAction\",\"target\":[\"https:\/\/decubal.com\/no\/produkt\/decubal-enriching-serum\/\"]}]},{\"@type\":\"ImageObject\",\"inLanguage\":\"nb-NO\",\"@id\":\"https:\/\/decubal.com\/no\/produkt\/decubal-enriching-serum\/#primaryimage\",\"url\":\"https:\/\/decubal.com\/app\/uploads\/sites\/4\/2026\/02\/Decubal-Enriching-face-serum.png\",\"contentUrl\":\"https:\/\/decubal.com\/app\/uploads\/sites\/4\/2026\/02\/Decubal-Enriching-face-serum.png\",\"width\":600,\"height\":600,\"caption\":\"Decubal-Enriching-face-serum\"},{\"@type\":\"BreadcrumbList\",\"@id\":\"https:\/\/decubal.com\/no\/produkt\/decubal-enriching-serum\/#breadcrumb\",\"itemListElement\":[{\"@type\":\"ListItem\",\"position\":1,\"name\":\"Home\",\"item\":\"https:\/\/decubal.com\/no\/\"},{\"@type\":\"ListItem\",\"position\":2,\"name\":\"Produkter\",\"item\":\"https:\/\/decubal.com\/no\/produkter\/\"},{\"@type\":\"ListItem\",\"position\":3,\"name\":\"Decubal Enriching Serum\"}]},{\"@type\":\"WebSite\",\"@id\":\"https:\/\/multisite.decubal.com\/no\/#website\",\"url\":\"https:\/\/multisite.decubal.com\/no\/\",\"name\":\"Decubal\",\"description\":\"\",\"publisher\":{\"@id\":\"https:\/\/multisite.decubal.com\/no\/#organization\"},\"potentialAction\":[{\"@type\":\"SearchAction\",\"target\":{\"@type\":\"EntryPoint\",\"urlTemplate\":\"https:\/\/multisite.decubal.com\/no\/?s={search_term_string}\"},\"query-input\":{\"@type\":\"PropertyValueSpecification\",\"valueRequired\":true,\"valueName\":\"search_term_string\"}}],\"inLanguage\":\"nb-NO\"},{\"@type\":\"Organization\",\"@id\":\"https:\/\/multisite.decubal.com\/no\/#organization\",\"name\":\"Decubal\",\"url\":\"https:\/\/multisite.decubal.com\/no\/\",\"logo\":{\"@type\":\"ImageObject\",\"inLanguage\":\"nb-NO\",\"@id\":\"https:\/\/multisite.decubal.com\/no\/#\/schema\/logo\/image\/\",\"url\":\"https:\/\/decubal.com\/app\/uploads\/sites\/4\/2022\/05\/Decubal-logo.png\",\"contentUrl\":\"https:\/\/decubal.com\/app\/uploads\/sites\/4\/2022\/05\/Decubal-logo.png\",\"width\":138,\"height\":40,\"caption\":\"Decubal\"},\"image\":{\"@id\":\"https:\/\/multisite.decubal.com\/no\/#\/schema\/logo\/image\/\"}}]}<\/script>\n<!-- \/ Yoast SEO plugin. -->","yoast_head_json":{"title":"Decubal Enriching Serum - Decubal","description":"Intensivt n\u00e6rende ansiktsserum som forbedrer hudens fasthet og elastisitet. For t\u00f8rr til sv\u00e6rt t\u00f8rr, sensitiv hud.","robots":{"index":"index","follow":"follow","max-snippet":"max-snippet:-1","max-image-preview":"max-image-preview:large","max-video-preview":"max-video-preview:-1"},"canonical":"https:\/\/decubal.com\/no\/produkt\/decubal-enriching-serum\/","og_locale":"nb_NO","og_type":"article","og_title":"Decubal Enriching Serum - Decubal","og_description":"Intensivt n\u00e6rende ansiktsserum som forbedrer hudens fasthet og elastisitet. For t\u00f8rr til sv\u00e6rt t\u00f8rr, sensitiv hud.","og_url":"https:\/\/decubal.com\/no\/produkt\/decubal-enriching-serum\/","og_site_name":"Decubal","article_modified_time":"2026-02-05T06:41:26+00:00","og_image":[{"width":600,"height":600,"url":"https:\/\/decubal.com\/app\/uploads\/sites\/4\/2026\/02\/Decubal-Enriching-face-serum.png","type":"image\/png"}],"twitter_card":"summary_large_image","twitter_misc":{"Ansl. lesetid":"2 minutter"},"schema":{"@context":"https:\/\/schema.org","@graph":[{"@type":"WebPage","@id":"https:\/\/decubal.com\/no\/produkt\/decubal-enriching-serum\/","url":"https:\/\/decubal.com\/no\/produkt\/decubal-enriching-serum\/","name":"Decubal Enriching Serum - Decubal","isPartOf":{"@id":"https:\/\/multisite.decubal.com\/no\/#website"},"primaryImageOfPage":{"@id":"https:\/\/decubal.com\/no\/produkt\/decubal-enriching-serum\/#primaryimage"},"image":{"@id":"https:\/\/decubal.com\/no\/produkt\/decubal-enriching-serum\/#primaryimage"},"thumbnailUrl":"https:\/\/decubal.com\/app\/uploads\/sites\/4\/2026\/02\/Decubal-Enriching-face-serum.png","datePublished":"2026-02-05T06:35:11+00:00","dateModified":"2026-02-05T06:41:26+00:00","description":"Intensivt n\u00e6rende ansiktsserum som forbedrer hudens fasthet og elastisitet. For t\u00f8rr til sv\u00e6rt t\u00f8rr, sensitiv hud.","breadcrumb":{"@id":"https:\/\/decubal.com\/no\/produkt\/decubal-enriching-serum\/#breadcrumb"},"inLanguage":"nb-NO","potentialAction":[{"@type":"ReadAction","target":["https:\/\/decubal.com\/no\/produkt\/decubal-enriching-serum\/"]}]},{"@type":"ImageObject","inLanguage":"nb-NO","@id":"https:\/\/decubal.com\/no\/produkt\/decubal-enriching-serum\/#primaryimage","url":"https:\/\/decubal.com\/app\/uploads\/sites\/4\/2026\/02\/Decubal-Enriching-face-serum.png","contentUrl":"https:\/\/decubal.com\/app\/uploads\/sites\/4\/2026\/02\/Decubal-Enriching-face-serum.png","width":600,"height":600,"caption":"Decubal-Enriching-face-serum"},{"@type":"BreadcrumbList","@id":"https:\/\/decubal.com\/no\/produkt\/decubal-enriching-serum\/#breadcrumb","itemListElement":[{"@type":"ListItem","position":1,"name":"Home","item":"https:\/\/decubal.com\/no\/"},{"@type":"ListItem","position":2,"name":"Produkter","item":"https:\/\/decubal.com\/no\/produkter\/"},{"@type":"ListItem","position":3,"name":"Decubal Enriching Serum"}]},{"@type":"WebSite","@id":"https:\/\/multisite.decubal.com\/no\/#website","url":"https:\/\/multisite.decubal.com\/no\/","name":"Decubal","description":"","publisher":{"@id":"https:\/\/multisite.decubal.com\/no\/#organization"},"potentialAction":[{"@type":"SearchAction","target":{"@type":"EntryPoint","urlTemplate":"https:\/\/multisite.decubal.com\/no\/?s={search_term_string}"},"query-input":{"@type":"PropertyValueSpecification","valueRequired":true,"valueName":"search_term_string"}}],"inLanguage":"nb-NO"},{"@type":"Organization","@id":"https:\/\/multisite.decubal.com\/no\/#organization","name":"Decubal","url":"https:\/\/multisite.decubal.com\/no\/","logo":{"@type":"ImageObject","inLanguage":"nb-NO","@id":"https:\/\/multisite.decubal.com\/no\/#\/schema\/logo\/image\/","url":"https:\/\/decubal.com\/app\/uploads\/sites\/4\/2022\/05\/Decubal-logo.png","contentUrl":"https:\/\/decubal.com\/app\/uploads\/sites\/4\/2022\/05\/Decubal-logo.png","width":138,"height":40,"caption":"Decubal"},"image":{"@id":"https:\/\/multisite.decubal.com\/no\/#\/schema\/logo\/image\/"}}]}},"_links":{"self":[{"href":"https:\/\/decubal.com\/no\/wp-json\/wp\/v2\/product\/793","targetHints":{"allow":["GET"]}}],"collection":[{"href":"https:\/\/decubal.com\/no\/wp-json\/wp\/v2\/product"}],"about":[{"href":"https:\/\/decubal.com\/no\/wp-json\/wp\/v2\/types\/product"}],"replies":[{"embeddable":true,"href":"https:\/\/decubal.com\/no\/wp-json\/wp\/v2\/comments?post=793"}],"version-history":[{"count":3,"href":"https:\/\/decubal.com\/no\/wp-json\/wp\/v2\/product\/793\/revisions"}],"predecessor-version":[{"id":798,"href":"https:\/\/decubal.com\/no\/wp-json\/wp\/v2\/product\/793\/revisions\/798"}],"wp:featuredmedia":[{"embeddable":true,"href":"https:\/\/decubal.com\/no\/wp-json\/wp\/v2\/media\/794"}],"wp:attachment":[{"href":"https:\/\/decubal.com\/no\/wp-json\/wp\/v2\/media?parent=793"}],"wp:term":[{"taxonomy":"product_brand","embeddable":true,"href":"https:\/\/decubal.com\/no\/wp-json\/wp\/v2\/product_brand?post=793"},{"taxonomy":"product_cat","embeddable":true,"href":"https:\/\/decubal.com\/no\/wp-json\/wp\/v2\/product_cat?post=793"},{"taxonomy":"product_tag","embeddable":true,"href":"https:\/\/decubal.com\/no\/wp-json\/wp\/v2\/product_tag?post=793"}],"curies":[{"name":"wp","href":"https:\/\/api.w.org\/{rel}","templated":true}]}}