{"id":742,"date":"2025-02-19T09:53:38","date_gmt":"2025-02-19T08:53:38","guid":{"rendered":"https:\/\/decubal.com\/no\/?post_type=product&#038;p=742"},"modified":"2025-12-22T11:35:48","modified_gmt":"2025-12-22T10:35:48","slug":"decubal-sun-lip-balm-spf-30","status":"publish","type":"product","link":"https:\/\/decubal.com\/no\/produkt\/decubal-sun-lip-balm-spf-30\/","title":{"rendered":"Decubal Sun lip balm SPF 30"},"content":{"rendered":"\n<div class=\"wp-block-karopharma-free-text pt-large pb-large bg-center bg-cover bg-no-repeat  redblock\" style=\"background-image:url()\"><div class=\"free-text-wrapper container max-w-medium text-left\">\n<p>Decubal lip balm SPF30 er spesielt utviklet for \u00e5 beskytte sv\u00e6rt t\u00f8rre, sprukne og sensitive lepper. Den gir h\u00f8y beskyttelse mot UVA- og UVB-str\u00e5ler, samtidig som den gjenoppretter og n\u00e6rer leppene. Med opptil 48 timer med fuktighet, er den beriket med bivoks og vitamin E for myke, beskyttede lepper. Dermatologisk testet, hypoallergen, uten parfyme og vann, og EcoSun Pass godkjent for trygg og effektiv beskyttelse.<\/p>\n<\/div><\/div>\n\n\n\n<div class=\"wp-block-karopharma-product-promotion text-align-right pt-large pb-large bg-center bg-cover bg-no-repeat\" style=\"background-image:url()\"><div class=\"container max-w-large\">\n<div class=\"wp-block-group is-layout-flow wp-block-group-is-layout-flow\">\n<div class=\"wp-block-group hexagon is-layout-constrained wp-block-group-is-layout-constrained\">\n<h3 class=\"wp-block-heading has-text-align-center has-primary-color has-text-color has-link-color wp-elements-5c3efc3f619c707f3793e1313c964f14\">Bruk<\/h3>\n\n\n\n<p class=\"has-text-align-center\">P\u00e5f\u00f8r rikelig f\u00f8r soleksponering og p\u00e5f\u00f8r jevnlig for \u00e5 opprettholde beskyttelsen. Minimer soleksponering, da det ikke gir 100 % beskyttelse. Hold spedbarn og sm\u00e5 barn borte fra direkte sollys.<\/p>\n<\/div>\n<\/div>\n\n\n\n<div class=\"wp-block-group is-layout-flow wp-block-group-is-layout-flow\">\n<div class=\"wp-block-group hexagon is-layout-constrained wp-block-group-is-layout-constrained\">\n<h3 class=\"wp-block-heading has-text-align-center has-primary-color has-text-color has-link-color wp-elements-4a0bf1a110c499428bc704dd2eb1cc5c\">Ingredienser<\/h3>\n\n\n\n<p class=\"has-text-align-center\">Cera Alba, C12-15 Alkyl Benzoate, Dibutyl Adipate, Lanolin, Petrolatum, Shea Butter Ethyl Esters, Diethylamino Hydroxybenzoyl Hexyl Benzoate, Bis-Ethylhexyloxyphenol Methoxyphenyl Triazine, Ethylhexyl Triazone, Synthetic Fluorphlogopite, Glycine Soja Oil, Lauroyl Lysine, Tocopherol, Beta-Sitosterol, Squalene.<\/p>\n<\/div>\n<\/div>\n<\/div><\/div>\n","protected":false},"excerpt":{"rendered":"<p>N\u00e6rende og gjenopprettende balm som fukter og beskytter t\u00f8rre, sprukne lepper med h\u00f8y SPF30 UVA- og UVB-beskyttelse.<\/p>\n","protected":false},"featured_media":727,"comment_status":"closed","ping_status":"closed","template":"","meta":{"_acf_changed":false,"footnotes":""},"product_brand":[],"product_cat":[24],"product_tag":[],"class_list":{"0":"post-742","1":"product","2":"type-product","3":"status-publish","4":"has-post-thumbnail","6":"product_cat-sun","8":"first","9":"instock","10":"shipping-taxable","11":"product-type-simple"},"acf":[],"yoast_head":"<!-- This site is optimized with the Yoast SEO plugin v26.6 - https:\/\/yoast.com\/wordpress\/plugins\/seo\/ -->\n<title>Decubal Sun lip balm SPF 30 - Decubal<\/title>\n<meta name=\"description\" content=\"N\u00e6rende og gjenopprettende balm som fukter og beskytter t\u00f8rre, sprukne lepper med h\u00f8y SPF30 UVA- og UVB-beskyttelse.\" \/>\n<meta name=\"robots\" content=\"index, follow, max-snippet:-1, max-image-preview:large, max-video-preview:-1\" \/>\n<link rel=\"canonical\" href=\"https:\/\/decubal.com\/no\/produkt\/decubal-sun-lip-balm-spf-30\/\" \/>\n<meta property=\"og:locale\" content=\"nb_NO\" \/>\n<meta property=\"og:type\" content=\"article\" \/>\n<meta property=\"og:title\" content=\"Decubal Sun lip balm SPF 30 - Decubal\" \/>\n<meta property=\"og:description\" content=\"N\u00e6rende og gjenopprettende balm som fukter og beskytter t\u00f8rre, sprukne lepper med h\u00f8y SPF30 UVA- og UVB-beskyttelse.\" \/>\n<meta property=\"og:url\" content=\"https:\/\/decubal.com\/no\/produkt\/decubal-sun-lip-balm-spf-30\/\" \/>\n<meta property=\"og:site_name\" content=\"Decubal\" \/>\n<meta property=\"article:modified_time\" content=\"2025-12-22T10:35:48+00:00\" \/>\n<meta property=\"og:image\" content=\"https:\/\/decubal.com\/app\/uploads\/sites\/4\/2025\/02\/Decubal-Sun-lip-balm.png\" \/>\n\t<meta property=\"og:image:width\" content=\"600\" \/>\n\t<meta property=\"og:image:height\" content=\"600\" \/>\n\t<meta property=\"og:image:type\" content=\"image\/png\" \/>\n<meta name=\"twitter:card\" content=\"summary_large_image\" \/>\n<meta name=\"twitter:label1\" content=\"Ansl. lesetid\" \/>\n\t<meta name=\"twitter:data1\" content=\"1 minutt\" \/>\n<script type=\"application\/ld+json\" class=\"yoast-schema-graph\">{\"@context\":\"https:\/\/schema.org\",\"@graph\":[{\"@type\":\"WebPage\",\"@id\":\"https:\/\/decubal.com\/no\/produkt\/decubal-sun-lip-balm-spf-30\/\",\"url\":\"https:\/\/decubal.com\/no\/produkt\/decubal-sun-lip-balm-spf-30\/\",\"name\":\"Decubal Sun lip balm SPF 30 - Decubal\",\"isPartOf\":{\"@id\":\"https:\/\/multisite.decubal.com\/no\/#website\"},\"primaryImageOfPage\":{\"@id\":\"https:\/\/decubal.com\/no\/produkt\/decubal-sun-lip-balm-spf-30\/#primaryimage\"},\"image\":{\"@id\":\"https:\/\/decubal.com\/no\/produkt\/decubal-sun-lip-balm-spf-30\/#primaryimage\"},\"thumbnailUrl\":\"https:\/\/decubal.com\/app\/uploads\/sites\/4\/2025\/02\/Decubal-Sun-lip-balm.png\",\"datePublished\":\"2025-02-19T08:53:38+00:00\",\"dateModified\":\"2025-12-22T10:35:48+00:00\",\"description\":\"N\u00e6rende og gjenopprettende balm som fukter og beskytter t\u00f8rre, sprukne lepper med h\u00f8y SPF30 UVA- og UVB-beskyttelse.\",\"breadcrumb\":{\"@id\":\"https:\/\/decubal.com\/no\/produkt\/decubal-sun-lip-balm-spf-30\/#breadcrumb\"},\"inLanguage\":\"nb-NO\",\"potentialAction\":[{\"@type\":\"ReadAction\",\"target\":[\"https:\/\/decubal.com\/no\/produkt\/decubal-sun-lip-balm-spf-30\/\"]}]},{\"@type\":\"ImageObject\",\"inLanguage\":\"nb-NO\",\"@id\":\"https:\/\/decubal.com\/no\/produkt\/decubal-sun-lip-balm-spf-30\/#primaryimage\",\"url\":\"https:\/\/decubal.com\/app\/uploads\/sites\/4\/2025\/02\/Decubal-Sun-lip-balm.png\",\"contentUrl\":\"https:\/\/decubal.com\/app\/uploads\/sites\/4\/2025\/02\/Decubal-Sun-lip-balm.png\",\"width\":600,\"height\":600,\"caption\":\"Decubal-Sun-lip-balm SPF 30\"},{\"@type\":\"BreadcrumbList\",\"@id\":\"https:\/\/decubal.com\/no\/produkt\/decubal-sun-lip-balm-spf-30\/#breadcrumb\",\"itemListElement\":[{\"@type\":\"ListItem\",\"position\":1,\"name\":\"Home\",\"item\":\"https:\/\/decubal.com\/no\/\"},{\"@type\":\"ListItem\",\"position\":2,\"name\":\"Produkter\",\"item\":\"https:\/\/decubal.com\/no\/produkter\/\"},{\"@type\":\"ListItem\",\"position\":3,\"name\":\"Decubal Sun lip balm SPF 30\"}]},{\"@type\":\"WebSite\",\"@id\":\"https:\/\/multisite.decubal.com\/no\/#website\",\"url\":\"https:\/\/multisite.decubal.com\/no\/\",\"name\":\"Decubal\",\"description\":\"\",\"publisher\":{\"@id\":\"https:\/\/multisite.decubal.com\/no\/#organization\"},\"potentialAction\":[{\"@type\":\"SearchAction\",\"target\":{\"@type\":\"EntryPoint\",\"urlTemplate\":\"https:\/\/multisite.decubal.com\/no\/?s={search_term_string}\"},\"query-input\":{\"@type\":\"PropertyValueSpecification\",\"valueRequired\":true,\"valueName\":\"search_term_string\"}}],\"inLanguage\":\"nb-NO\"},{\"@type\":\"Organization\",\"@id\":\"https:\/\/multisite.decubal.com\/no\/#organization\",\"name\":\"Decubal\",\"url\":\"https:\/\/multisite.decubal.com\/no\/\",\"logo\":{\"@type\":\"ImageObject\",\"inLanguage\":\"nb-NO\",\"@id\":\"https:\/\/multisite.decubal.com\/no\/#\/schema\/logo\/image\/\",\"url\":\"https:\/\/decubal.com\/app\/uploads\/sites\/4\/2022\/05\/Decubal-logo.png\",\"contentUrl\":\"https:\/\/decubal.com\/app\/uploads\/sites\/4\/2022\/05\/Decubal-logo.png\",\"width\":138,\"height\":40,\"caption\":\"Decubal\"},\"image\":{\"@id\":\"https:\/\/multisite.decubal.com\/no\/#\/schema\/logo\/image\/\"}}]}<\/script>\n<!-- \/ Yoast SEO plugin. -->","yoast_head_json":{"title":"Decubal Sun lip balm SPF 30 - Decubal","description":"N\u00e6rende og gjenopprettende balm som fukter og beskytter t\u00f8rre, sprukne lepper med h\u00f8y SPF30 UVA- og UVB-beskyttelse.","robots":{"index":"index","follow":"follow","max-snippet":"max-snippet:-1","max-image-preview":"max-image-preview:large","max-video-preview":"max-video-preview:-1"},"canonical":"https:\/\/decubal.com\/no\/produkt\/decubal-sun-lip-balm-spf-30\/","og_locale":"nb_NO","og_type":"article","og_title":"Decubal Sun lip balm SPF 30 - Decubal","og_description":"N\u00e6rende og gjenopprettende balm som fukter og beskytter t\u00f8rre, sprukne lepper med h\u00f8y SPF30 UVA- og UVB-beskyttelse.","og_url":"https:\/\/decubal.com\/no\/produkt\/decubal-sun-lip-balm-spf-30\/","og_site_name":"Decubal","article_modified_time":"2025-12-22T10:35:48+00:00","og_image":[{"width":600,"height":600,"url":"https:\/\/decubal.com\/app\/uploads\/sites\/4\/2025\/02\/Decubal-Sun-lip-balm.png","type":"image\/png"}],"twitter_card":"summary_large_image","twitter_misc":{"Ansl. lesetid":"1 minutt"},"schema":{"@context":"https:\/\/schema.org","@graph":[{"@type":"WebPage","@id":"https:\/\/decubal.com\/no\/produkt\/decubal-sun-lip-balm-spf-30\/","url":"https:\/\/decubal.com\/no\/produkt\/decubal-sun-lip-balm-spf-30\/","name":"Decubal Sun lip balm SPF 30 - Decubal","isPartOf":{"@id":"https:\/\/multisite.decubal.com\/no\/#website"},"primaryImageOfPage":{"@id":"https:\/\/decubal.com\/no\/produkt\/decubal-sun-lip-balm-spf-30\/#primaryimage"},"image":{"@id":"https:\/\/decubal.com\/no\/produkt\/decubal-sun-lip-balm-spf-30\/#primaryimage"},"thumbnailUrl":"https:\/\/decubal.com\/app\/uploads\/sites\/4\/2025\/02\/Decubal-Sun-lip-balm.png","datePublished":"2025-02-19T08:53:38+00:00","dateModified":"2025-12-22T10:35:48+00:00","description":"N\u00e6rende og gjenopprettende balm som fukter og beskytter t\u00f8rre, sprukne lepper med h\u00f8y SPF30 UVA- og UVB-beskyttelse.","breadcrumb":{"@id":"https:\/\/decubal.com\/no\/produkt\/decubal-sun-lip-balm-spf-30\/#breadcrumb"},"inLanguage":"nb-NO","potentialAction":[{"@type":"ReadAction","target":["https:\/\/decubal.com\/no\/produkt\/decubal-sun-lip-balm-spf-30\/"]}]},{"@type":"ImageObject","inLanguage":"nb-NO","@id":"https:\/\/decubal.com\/no\/produkt\/decubal-sun-lip-balm-spf-30\/#primaryimage","url":"https:\/\/decubal.com\/app\/uploads\/sites\/4\/2025\/02\/Decubal-Sun-lip-balm.png","contentUrl":"https:\/\/decubal.com\/app\/uploads\/sites\/4\/2025\/02\/Decubal-Sun-lip-balm.png","width":600,"height":600,"caption":"Decubal-Sun-lip-balm SPF 30"},{"@type":"BreadcrumbList","@id":"https:\/\/decubal.com\/no\/produkt\/decubal-sun-lip-balm-spf-30\/#breadcrumb","itemListElement":[{"@type":"ListItem","position":1,"name":"Home","item":"https:\/\/decubal.com\/no\/"},{"@type":"ListItem","position":2,"name":"Produkter","item":"https:\/\/decubal.com\/no\/produkter\/"},{"@type":"ListItem","position":3,"name":"Decubal Sun lip balm SPF 30"}]},{"@type":"WebSite","@id":"https:\/\/multisite.decubal.com\/no\/#website","url":"https:\/\/multisite.decubal.com\/no\/","name":"Decubal","description":"","publisher":{"@id":"https:\/\/multisite.decubal.com\/no\/#organization"},"potentialAction":[{"@type":"SearchAction","target":{"@type":"EntryPoint","urlTemplate":"https:\/\/multisite.decubal.com\/no\/?s={search_term_string}"},"query-input":{"@type":"PropertyValueSpecification","valueRequired":true,"valueName":"search_term_string"}}],"inLanguage":"nb-NO"},{"@type":"Organization","@id":"https:\/\/multisite.decubal.com\/no\/#organization","name":"Decubal","url":"https:\/\/multisite.decubal.com\/no\/","logo":{"@type":"ImageObject","inLanguage":"nb-NO","@id":"https:\/\/multisite.decubal.com\/no\/#\/schema\/logo\/image\/","url":"https:\/\/decubal.com\/app\/uploads\/sites\/4\/2022\/05\/Decubal-logo.png","contentUrl":"https:\/\/decubal.com\/app\/uploads\/sites\/4\/2022\/05\/Decubal-logo.png","width":138,"height":40,"caption":"Decubal"},"image":{"@id":"https:\/\/multisite.decubal.com\/no\/#\/schema\/logo\/image\/"}}]}},"_links":{"self":[{"href":"https:\/\/decubal.com\/no\/wp-json\/wp\/v2\/product\/742","targetHints":{"allow":["GET"]}}],"collection":[{"href":"https:\/\/decubal.com\/no\/wp-json\/wp\/v2\/product"}],"about":[{"href":"https:\/\/decubal.com\/no\/wp-json\/wp\/v2\/types\/product"}],"replies":[{"embeddable":true,"href":"https:\/\/decubal.com\/no\/wp-json\/wp\/v2\/comments?post=742"}],"version-history":[{"count":3,"href":"https:\/\/decubal.com\/no\/wp-json\/wp\/v2\/product\/742\/revisions"}],"predecessor-version":[{"id":776,"href":"https:\/\/decubal.com\/no\/wp-json\/wp\/v2\/product\/742\/revisions\/776"}],"wp:featuredmedia":[{"embeddable":true,"href":"https:\/\/decubal.com\/no\/wp-json\/wp\/v2\/media\/727"}],"wp:attachment":[{"href":"https:\/\/decubal.com\/no\/wp-json\/wp\/v2\/media?parent=742"}],"wp:term":[{"taxonomy":"product_brand","embeddable":true,"href":"https:\/\/decubal.com\/no\/wp-json\/wp\/v2\/product_brand?post=742"},{"taxonomy":"product_cat","embeddable":true,"href":"https:\/\/decubal.com\/no\/wp-json\/wp\/v2\/product_cat?post=742"},{"taxonomy":"product_tag","embeddable":true,"href":"https:\/\/decubal.com\/no\/wp-json\/wp\/v2\/product_tag?post=742"}],"curies":[{"name":"wp","href":"https:\/\/api.w.org\/{rel}","templated":true}]}}