{"id":733,"date":"2025-02-18T14:52:13","date_gmt":"2025-02-18T13:52:13","guid":{"rendered":"https:\/\/decubal.com\/no\/?post_type=product&#038;p=733"},"modified":"2025-12-22T11:46:17","modified_gmt":"2025-12-22T10:46:17","slug":"decubal-sun-spray-spf-30","status":"publish","type":"product","link":"https:\/\/decubal.com\/no\/produkt\/decubal-sun-spray-spf-30\/","title":{"rendered":"Decubal Sun spray SPF 30"},"content":{"rendered":"\n<div class=\"wp-block-karopharma-free-text pt-large pb-large bg-center bg-cover bg-no-repeat  redblock\" style=\"background-image:url()\"><div class=\"free-text-wrapper container max-w-medium text-left\">\n<p>Decubal Sun spray SPF30 gir h\u00f8y, bredspektret beskyttelse mot UVA- og UVB-str\u00e5ler i et praktisk sprayformat. Beriket med vitamin E og n\u00e6rende avokadoolje, gir den raskt absorberende formuleringen en 24-timers fuktighetsgivende effekt samtidig som den opprettholder hudens barriere. Dermatologisk testet og allergisertifisert, er Decubal Sun spray laget for \u00e5 beskytte selv den mest t\u00f8rre og sensitive huden.<\/p>\n<\/div><\/div>\n\n\n\n<div class=\"wp-block-karopharma-product-promotion text-align-right pt-large pb-large bg-center bg-cover bg-no-repeat\" style=\"background-image:url()\"><div class=\"container max-w-large\">\n<div class=\"wp-block-group is-layout-flow wp-block-group-is-layout-flow\">\n<div class=\"wp-block-group hexagon is-layout-constrained wp-block-group-is-layout-constrained\">\n<h3 class=\"wp-block-heading has-text-align-center has-primary-color has-text-color has-link-color wp-elements-5c3efc3f619c707f3793e1313c964f14\">Bruk<\/h3>\n\n\n\n<p class=\"has-text-align-center\">P\u00e5f\u00f8r rikelig f\u00f8r soleksponering og p\u00e5f\u00f8r jevnlig for \u00e5 opprettholde beskyttelsen, spesielt etter svette, bading eller t\u00f8rking med h\u00e5ndkle. For lite solkrem gir lavere beskyttelsesniv\u00e5. Hold spedbarn og sm\u00e5 barn borte fra direkte sollys.<\/p>\n<\/div>\n<\/div>\n\n\n\n<div class=\"wp-block-group is-layout-flow wp-block-group-is-layout-flow\">\n<div class=\"wp-block-group hexagon is-layout-constrained wp-block-group-is-layout-constrained\">\n<h3 class=\"wp-block-heading has-text-align-center has-primary-color has-text-color has-link-color wp-elements-4a0bf1a110c499428bc704dd2eb1cc5c\">Ingredienser<\/h3>\n\n\n\n<p class=\"has-text-align-center mindretext2\">Aqua, Dibutyl Adipate, Diethylamino Hydroxybenzoyl Hexyl Benzoate, Phenoxyethyl Caprylate, Bis-Ethylhexyloxyphenol Methoxyphenyl Triazine, Diethylhexyl Butamido Triazone, Ethylhexyl Triazone, Propanediol, C12-13 Alkyl Lactate, Butylene Glycol, Cetearyl Alcohol, Glycerin, Phenylbenzimidazole Sulfonic Acid, VP\/Eicosene Copolymer, Canola Oil, Tocopheryl Acetate, Inositol, Propylheptyl Caprylate, Tocopherol, Potassium Cetyl Phosphate, Glyceryl Stearate, Ethylhexylglycerin, Xanthan Gum, PEG-100 Stearate, Coco-Glucoside, Ammonium Acryloyldimethyltaurate\/VP Copolymer, Arginine, Acrylates\/C12-22 Alkyl Methacrylate Copolymer, Disodium Lauryl Sulfosuccinate, Caprylyl Glycol, Sodium Hydroxide, Phenoxyethanol<\/p>\n<\/div>\n<\/div>\n<\/div><\/div>\n\n\n\n<div class=\"wp-block-karopharma-free-text pt-large pb-large bg-center bg-cover bg-no-repeat  beigeblock\" style=\"background-image:url()\"><div class=\"free-text-wrapper container max-w-small text-center\">\n<figure class=\"wp-block-image aligncenter size-full\"><img loading=\"lazy\" decoding=\"async\" width=\"200\" height=\"204\" src=\"https:\/\/decubal.com\/app\/uploads\/sites\/4\/2024\/12\/allergy-certified.png\" alt=\"allergy-certified\" class=\"wp-image-715\"\/><\/figure>\n\n\n\n<h2 class=\"wp-block-heading is-style-heading-h2\">Decubal SPF30 Sun spray er formulert uten parfyme og er dermatologisk testet p\u00e5 t\u00f8rr, sensitiv hud.<\/h2>\n\n\n\n<p>Produktet er anbefalt av Allergy Certified, noe som betyr at en toksikolog eller farmas\u00f8yt har gjennomf\u00f8rt en risikovurdering av hver eneste ingrediens i formuleringen for \u00e5 sikre at risikoen for allergiske reaksjoner er minimal.<\/p>\n<\/div><\/div>\n","protected":false},"excerpt":{"rendered":"<p>Lett, n\u00e6rende solspray med h\u00f8y SPF30 som beskytter mot b\u00e5de UVA- og UVB-str\u00e5ler, for normal til t\u00f8rr og sensitiv hud.<\/p>\n","protected":false},"featured_media":730,"comment_status":"closed","ping_status":"closed","template":"","meta":{"_acf_changed":false,"footnotes":""},"product_brand":[],"product_cat":[24],"product_tag":[],"class_list":{"0":"post-733","1":"product","2":"type-product","3":"status-publish","4":"has-post-thumbnail","6":"product_cat-sun","8":"first","9":"instock","10":"shipping-taxable","11":"product-type-simple"},"acf":[],"yoast_head":"<!-- This site is optimized with the Yoast SEO plugin v26.6 - https:\/\/yoast.com\/wordpress\/plugins\/seo\/ -->\n<title>Decubal Sun spray SPF 30 - Decubal<\/title>\n<meta name=\"description\" content=\"Decubal Sun spray SPF30 gir h\u00f8y, bredspektret beskyttelse mot UVA- og UVB-str\u00e5ler i et praktisk sprayformat.\" \/>\n<meta name=\"robots\" content=\"index, follow, max-snippet:-1, max-image-preview:large, max-video-preview:-1\" \/>\n<link rel=\"canonical\" href=\"https:\/\/decubal.com\/no\/produkt\/decubal-sun-spray-spf-30\/\" \/>\n<meta property=\"og:locale\" content=\"nb_NO\" \/>\n<meta property=\"og:type\" content=\"article\" \/>\n<meta property=\"og:title\" content=\"Decubal Sun spray SPF 30 - Decubal\" \/>\n<meta property=\"og:description\" content=\"Decubal Sun spray SPF30 gir h\u00f8y, bredspektret beskyttelse mot UVA- og UVB-str\u00e5ler i et praktisk sprayformat.\" \/>\n<meta property=\"og:url\" content=\"https:\/\/decubal.com\/no\/produkt\/decubal-sun-spray-spf-30\/\" \/>\n<meta property=\"og:site_name\" content=\"Decubal\" \/>\n<meta property=\"article:modified_time\" content=\"2025-12-22T10:46:17+00:00\" \/>\n<meta property=\"og:image\" content=\"https:\/\/decubal.com\/app\/uploads\/sites\/4\/2025\/02\/Decubal-Sun-Spray-30.png\" \/>\n\t<meta property=\"og:image:width\" content=\"600\" \/>\n\t<meta property=\"og:image:height\" content=\"600\" \/>\n\t<meta property=\"og:image:type\" content=\"image\/png\" \/>\n<meta name=\"twitter:card\" content=\"summary_large_image\" \/>\n<meta name=\"twitter:label1\" content=\"Ansl. lesetid\" \/>\n\t<meta name=\"twitter:data1\" content=\"2 minutter\" \/>\n<script type=\"application\/ld+json\" class=\"yoast-schema-graph\">{\"@context\":\"https:\/\/schema.org\",\"@graph\":[{\"@type\":\"WebPage\",\"@id\":\"https:\/\/decubal.com\/no\/produkt\/decubal-sun-spray-spf-30\/\",\"url\":\"https:\/\/decubal.com\/no\/produkt\/decubal-sun-spray-spf-30\/\",\"name\":\"Decubal Sun spray SPF 30 - Decubal\",\"isPartOf\":{\"@id\":\"https:\/\/multisite.decubal.com\/no\/#website\"},\"primaryImageOfPage\":{\"@id\":\"https:\/\/decubal.com\/no\/produkt\/decubal-sun-spray-spf-30\/#primaryimage\"},\"image\":{\"@id\":\"https:\/\/decubal.com\/no\/produkt\/decubal-sun-spray-spf-30\/#primaryimage\"},\"thumbnailUrl\":\"https:\/\/decubal.com\/app\/uploads\/sites\/4\/2025\/02\/Decubal-Sun-Spray-30.png\",\"datePublished\":\"2025-02-18T13:52:13+00:00\",\"dateModified\":\"2025-12-22T10:46:17+00:00\",\"description\":\"Decubal Sun spray SPF30 gir h\u00f8y, bredspektret beskyttelse mot UVA- og UVB-str\u00e5ler i et praktisk sprayformat.\",\"breadcrumb\":{\"@id\":\"https:\/\/decubal.com\/no\/produkt\/decubal-sun-spray-spf-30\/#breadcrumb\"},\"inLanguage\":\"nb-NO\",\"potentialAction\":[{\"@type\":\"ReadAction\",\"target\":[\"https:\/\/decubal.com\/no\/produkt\/decubal-sun-spray-spf-30\/\"]}]},{\"@type\":\"ImageObject\",\"inLanguage\":\"nb-NO\",\"@id\":\"https:\/\/decubal.com\/no\/produkt\/decubal-sun-spray-spf-30\/#primaryimage\",\"url\":\"https:\/\/decubal.com\/app\/uploads\/sites\/4\/2025\/02\/Decubal-Sun-Spray-30.png\",\"contentUrl\":\"https:\/\/decubal.com\/app\/uploads\/sites\/4\/2025\/02\/Decubal-Sun-Spray-30.png\",\"width\":600,\"height\":600,\"caption\":\"Decubal-Sun-Spray-30 SPF\"},{\"@type\":\"BreadcrumbList\",\"@id\":\"https:\/\/decubal.com\/no\/produkt\/decubal-sun-spray-spf-30\/#breadcrumb\",\"itemListElement\":[{\"@type\":\"ListItem\",\"position\":1,\"name\":\"Home\",\"item\":\"https:\/\/decubal.com\/no\/\"},{\"@type\":\"ListItem\",\"position\":2,\"name\":\"Produkter\",\"item\":\"https:\/\/decubal.com\/no\/produkter\/\"},{\"@type\":\"ListItem\",\"position\":3,\"name\":\"Decubal Sun spray SPF 30\"}]},{\"@type\":\"WebSite\",\"@id\":\"https:\/\/multisite.decubal.com\/no\/#website\",\"url\":\"https:\/\/multisite.decubal.com\/no\/\",\"name\":\"Decubal\",\"description\":\"\",\"publisher\":{\"@id\":\"https:\/\/multisite.decubal.com\/no\/#organization\"},\"potentialAction\":[{\"@type\":\"SearchAction\",\"target\":{\"@type\":\"EntryPoint\",\"urlTemplate\":\"https:\/\/multisite.decubal.com\/no\/?s={search_term_string}\"},\"query-input\":{\"@type\":\"PropertyValueSpecification\",\"valueRequired\":true,\"valueName\":\"search_term_string\"}}],\"inLanguage\":\"nb-NO\"},{\"@type\":\"Organization\",\"@id\":\"https:\/\/multisite.decubal.com\/no\/#organization\",\"name\":\"Decubal\",\"url\":\"https:\/\/multisite.decubal.com\/no\/\",\"logo\":{\"@type\":\"ImageObject\",\"inLanguage\":\"nb-NO\",\"@id\":\"https:\/\/multisite.decubal.com\/no\/#\/schema\/logo\/image\/\",\"url\":\"https:\/\/decubal.com\/app\/uploads\/sites\/4\/2022\/05\/Decubal-logo.png\",\"contentUrl\":\"https:\/\/decubal.com\/app\/uploads\/sites\/4\/2022\/05\/Decubal-logo.png\",\"width\":138,\"height\":40,\"caption\":\"Decubal\"},\"image\":{\"@id\":\"https:\/\/multisite.decubal.com\/no\/#\/schema\/logo\/image\/\"}}]}<\/script>\n<!-- \/ Yoast SEO plugin. -->","yoast_head_json":{"title":"Decubal Sun spray SPF 30 - Decubal","description":"Decubal Sun spray SPF30 gir h\u00f8y, bredspektret beskyttelse mot UVA- og UVB-str\u00e5ler i et praktisk sprayformat.","robots":{"index":"index","follow":"follow","max-snippet":"max-snippet:-1","max-image-preview":"max-image-preview:large","max-video-preview":"max-video-preview:-1"},"canonical":"https:\/\/decubal.com\/no\/produkt\/decubal-sun-spray-spf-30\/","og_locale":"nb_NO","og_type":"article","og_title":"Decubal Sun spray SPF 30 - Decubal","og_description":"Decubal Sun spray SPF30 gir h\u00f8y, bredspektret beskyttelse mot UVA- og UVB-str\u00e5ler i et praktisk sprayformat.","og_url":"https:\/\/decubal.com\/no\/produkt\/decubal-sun-spray-spf-30\/","og_site_name":"Decubal","article_modified_time":"2025-12-22T10:46:17+00:00","og_image":[{"width":600,"height":600,"url":"https:\/\/decubal.com\/app\/uploads\/sites\/4\/2025\/02\/Decubal-Sun-Spray-30.png","type":"image\/png"}],"twitter_card":"summary_large_image","twitter_misc":{"Ansl. lesetid":"2 minutter"},"schema":{"@context":"https:\/\/schema.org","@graph":[{"@type":"WebPage","@id":"https:\/\/decubal.com\/no\/produkt\/decubal-sun-spray-spf-30\/","url":"https:\/\/decubal.com\/no\/produkt\/decubal-sun-spray-spf-30\/","name":"Decubal Sun spray SPF 30 - Decubal","isPartOf":{"@id":"https:\/\/multisite.decubal.com\/no\/#website"},"primaryImageOfPage":{"@id":"https:\/\/decubal.com\/no\/produkt\/decubal-sun-spray-spf-30\/#primaryimage"},"image":{"@id":"https:\/\/decubal.com\/no\/produkt\/decubal-sun-spray-spf-30\/#primaryimage"},"thumbnailUrl":"https:\/\/decubal.com\/app\/uploads\/sites\/4\/2025\/02\/Decubal-Sun-Spray-30.png","datePublished":"2025-02-18T13:52:13+00:00","dateModified":"2025-12-22T10:46:17+00:00","description":"Decubal Sun spray SPF30 gir h\u00f8y, bredspektret beskyttelse mot UVA- og UVB-str\u00e5ler i et praktisk sprayformat.","breadcrumb":{"@id":"https:\/\/decubal.com\/no\/produkt\/decubal-sun-spray-spf-30\/#breadcrumb"},"inLanguage":"nb-NO","potentialAction":[{"@type":"ReadAction","target":["https:\/\/decubal.com\/no\/produkt\/decubal-sun-spray-spf-30\/"]}]},{"@type":"ImageObject","inLanguage":"nb-NO","@id":"https:\/\/decubal.com\/no\/produkt\/decubal-sun-spray-spf-30\/#primaryimage","url":"https:\/\/decubal.com\/app\/uploads\/sites\/4\/2025\/02\/Decubal-Sun-Spray-30.png","contentUrl":"https:\/\/decubal.com\/app\/uploads\/sites\/4\/2025\/02\/Decubal-Sun-Spray-30.png","width":600,"height":600,"caption":"Decubal-Sun-Spray-30 SPF"},{"@type":"BreadcrumbList","@id":"https:\/\/decubal.com\/no\/produkt\/decubal-sun-spray-spf-30\/#breadcrumb","itemListElement":[{"@type":"ListItem","position":1,"name":"Home","item":"https:\/\/decubal.com\/no\/"},{"@type":"ListItem","position":2,"name":"Produkter","item":"https:\/\/decubal.com\/no\/produkter\/"},{"@type":"ListItem","position":3,"name":"Decubal Sun spray SPF 30"}]},{"@type":"WebSite","@id":"https:\/\/multisite.decubal.com\/no\/#website","url":"https:\/\/multisite.decubal.com\/no\/","name":"Decubal","description":"","publisher":{"@id":"https:\/\/multisite.decubal.com\/no\/#organization"},"potentialAction":[{"@type":"SearchAction","target":{"@type":"EntryPoint","urlTemplate":"https:\/\/multisite.decubal.com\/no\/?s={search_term_string}"},"query-input":{"@type":"PropertyValueSpecification","valueRequired":true,"valueName":"search_term_string"}}],"inLanguage":"nb-NO"},{"@type":"Organization","@id":"https:\/\/multisite.decubal.com\/no\/#organization","name":"Decubal","url":"https:\/\/multisite.decubal.com\/no\/","logo":{"@type":"ImageObject","inLanguage":"nb-NO","@id":"https:\/\/multisite.decubal.com\/no\/#\/schema\/logo\/image\/","url":"https:\/\/decubal.com\/app\/uploads\/sites\/4\/2022\/05\/Decubal-logo.png","contentUrl":"https:\/\/decubal.com\/app\/uploads\/sites\/4\/2022\/05\/Decubal-logo.png","width":138,"height":40,"caption":"Decubal"},"image":{"@id":"https:\/\/multisite.decubal.com\/no\/#\/schema\/logo\/image\/"}}]}},"_links":{"self":[{"href":"https:\/\/decubal.com\/no\/wp-json\/wp\/v2\/product\/733","targetHints":{"allow":["GET"]}}],"collection":[{"href":"https:\/\/decubal.com\/no\/wp-json\/wp\/v2\/product"}],"about":[{"href":"https:\/\/decubal.com\/no\/wp-json\/wp\/v2\/types\/product"}],"replies":[{"embeddable":true,"href":"https:\/\/decubal.com\/no\/wp-json\/wp\/v2\/comments?post=733"}],"version-history":[{"count":4,"href":"https:\/\/decubal.com\/no\/wp-json\/wp\/v2\/product\/733\/revisions"}],"predecessor-version":[{"id":783,"href":"https:\/\/decubal.com\/no\/wp-json\/wp\/v2\/product\/733\/revisions\/783"}],"wp:featuredmedia":[{"embeddable":true,"href":"https:\/\/decubal.com\/no\/wp-json\/wp\/v2\/media\/730"}],"wp:attachment":[{"href":"https:\/\/decubal.com\/no\/wp-json\/wp\/v2\/media?parent=733"}],"wp:term":[{"taxonomy":"product_brand","embeddable":true,"href":"https:\/\/decubal.com\/no\/wp-json\/wp\/v2\/product_brand?post=733"},{"taxonomy":"product_cat","embeddable":true,"href":"https:\/\/decubal.com\/no\/wp-json\/wp\/v2\/product_cat?post=733"},{"taxonomy":"product_tag","embeddable":true,"href":"https:\/\/decubal.com\/no\/wp-json\/wp\/v2\/product_tag?post=733"}],"curies":[{"name":"wp","href":"https:\/\/api.w.org\/{rel}","templated":true}]}}