{"id":654,"date":"2024-12-05T10:40:34","date_gmt":"2024-12-05T09:40:34","guid":{"rendered":"https:\/\/decubal.com\/no\/?post_type=product&#038;p=654"},"modified":"2024-12-10T16:06:15","modified_gmt":"2024-12-10T15:06:15","slug":"decubal-hydrating-body-spray","status":"publish","type":"product","link":"https:\/\/decubal.com\/no\/produkt\/decubal-hydrating-body-spray\/","title":{"rendered":"Decubal Hydrating body spray"},"content":{"rendered":"\n<div class=\"wp-block-karopharma-free-text pt-large pb-large bg-center bg-cover bg-no-repeat  redblock\" style=\"background-image:url()\"><div class=\"free-text-wrapper container max-w-medium text-left\">\n<p>Decubals nye fuktighetsgivende kroppsspray gir rask fuktighet som varer i 24 timer og bidrar til \u00e5 beskytte hudens naturlige barriere. V\u00e5r lettabsorberende kroppsspray er en rask og enkel l\u00f8sning for \u00e5 fukte huden, enten det er etter trening eller p\u00e5 farten, og den er enkel \u00e5 p\u00e5f\u00f8re selv p\u00e5 vanskelige omr\u00e5der. Decubal Hydrating body spray inneholder et naturlig fuktighetskompleks og glyserin som gj\u00f8r at huden f\u00f8les myk, smidig og beskyttet. Sprayen er uparfymert, dermatologisk testet og allergisertifisert, noe som gj\u00f8r den egnet selv for sensitiv hud.<\/p>\n<\/div><\/div>\n\n\n\n<div class=\"wp-block-karopharma-product-promotion text-align-right pt-large pb-large bg-center bg-cover bg-no-repeat\" style=\"background-image:url()\"><div class=\"container max-w-large\">\n<div class=\"wp-block-group is-layout-flow wp-block-group-is-layout-flow\">\n<div class=\"wp-block-group hexagon is-layout-constrained wp-block-group-is-layout-constrained\">\n<h3 class=\"wp-block-heading has-text-align-center has-primary-color has-text-color has-link-color wp-elements-5c3efc3f619c707f3793e1313c964f14\">Bruk<\/h3>\n\n\n\n<p>P\u00e5f\u00f8r ved \u00e5 holde beholderen ca. 10 cm fra huden og spray over de tiltenkte hudomr\u00e5dene. Masser forsiktig inn i huden.<\/p>\n<\/div>\n<\/div>\n\n\n\n<div class=\"wp-block-group is-layout-flow wp-block-group-is-layout-flow\">\n<div class=\"wp-block-group hexagon is-layout-constrained wp-block-group-is-layout-constrained\">\n<h3 class=\"wp-block-heading has-text-align-center has-primary-color has-text-color has-link-color wp-elements-4a0bf1a110c499428bc704dd2eb1cc5c\">Ingredienser<\/h3>\n\n\n\n<p>Aqua, Glycerin, Caprylic\/Capric Triglyceride, Glyceryl Stearate, Phenoxyethanol, Xanthan Gum, Sodium Cetearyl Sulphate, Ethylhexylglycerin, Ammonium Acryloyldimethyltaurate\/VP Copolymer, Citric Acid, Sodium Hydroxide<\/p>\n<\/div>\n<\/div>\n<\/div><\/div>\n\n\n\n<div class=\"wp-block-karopharma-free-text pt-large pb-large bg-center bg-cover bg-no-repeat  beigeblock\" style=\"background-image:url()\"><div class=\"free-text-wrapper container max-w-small text-center\">\n<figure class=\"wp-block-image aligncenter size-full\"><img decoding=\"async\" src=\"https:\/\/decubal.com\/app\/uploads\/sites\/3\/2024\/05\/allergy-certified.png\" alt=\"Allergy Certified\" class=\"wp-image-666\"\/><\/figure>\n\n\n\n<h2 class=\"wp-block-heading is-style-heading-h2\">Decubal Hydrating body spray er uparfymert og dermatologisk testet p\u00e5 t\u00f8rr og sensitiv hud.<\/h2>\n\n\n\n<p>Produktet er anbefalt av Allergy Certified, noe som betyr at en toksikolog eller farmas\u00f8yt har utf\u00f8rt en risikovurdering av hver enkelt ingrediens i formuleringen for \u00e5 minimere risikoen for allergiske reaksjoner.<\/p>\n<\/div><\/div>\n","protected":false},"excerpt":{"rendered":"<p>En hurtigvirkende kroppsspray som gir umiddelbar og intens fuktighet til normal til t\u00f8rr og sensitiv hud.<\/p>\n","protected":false},"featured_media":655,"comment_status":"closed","ping_status":"closed","template":"","meta":{"_acf_changed":false,"footnotes":""},"product_brand":[],"product_cat":[22],"product_tag":[],"class_list":{"0":"post-654","1":"product","2":"type-product","3":"status-publish","4":"has-post-thumbnail","6":"product_cat-hydrating","8":"first","9":"instock","10":"shipping-taxable","11":"product-type-simple"},"acf":[],"yoast_head":"<!-- This site is optimized with the Yoast SEO plugin v26.6 - https:\/\/yoast.com\/wordpress\/plugins\/seo\/ -->\n<title>Decubal Hydrating body spray - Decubal<\/title>\n<meta name=\"description\" content=\"En hurtigvirkende kroppsspray som gir umiddelbar og intens fuktighet til normal til t\u00f8rr og sensitiv hud.\" \/>\n<meta name=\"robots\" content=\"index, follow, max-snippet:-1, max-image-preview:large, max-video-preview:-1\" \/>\n<link rel=\"canonical\" href=\"https:\/\/decubal.com\/no\/produkt\/decubal-hydrating-body-spray\/\" \/>\n<meta property=\"og:locale\" content=\"nb_NO\" \/>\n<meta property=\"og:type\" content=\"article\" \/>\n<meta property=\"og:title\" content=\"Decubal Hydrating body spray - Decubal\" \/>\n<meta property=\"og:description\" content=\"En hurtigvirkende kroppsspray som gir umiddelbar og intens fuktighet til normal til t\u00f8rr og sensitiv hud.\" \/>\n<meta property=\"og:url\" content=\"https:\/\/decubal.com\/no\/produkt\/decubal-hydrating-body-spray\/\" \/>\n<meta property=\"og:site_name\" content=\"Decubal\" \/>\n<meta property=\"article:modified_time\" content=\"2024-12-10T15:06:15+00:00\" \/>\n<meta property=\"og:image\" content=\"https:\/\/decubal.com\/app\/uploads\/sites\/4\/2024\/12\/Decubal-Hydrating-Body-Spray.png\" \/>\n\t<meta property=\"og:image:width\" content=\"600\" \/>\n\t<meta property=\"og:image:height\" content=\"600\" \/>\n\t<meta property=\"og:image:type\" content=\"image\/png\" \/>\n<meta name=\"twitter:card\" content=\"summary_large_image\" \/>\n<meta name=\"twitter:label1\" content=\"Ansl. lesetid\" \/>\n\t<meta name=\"twitter:data1\" content=\"2 minutter\" \/>\n<script type=\"application\/ld+json\" class=\"yoast-schema-graph\">{\"@context\":\"https:\/\/schema.org\",\"@graph\":[{\"@type\":\"WebPage\",\"@id\":\"https:\/\/decubal.com\/no\/produkt\/decubal-hydrating-body-spray\/\",\"url\":\"https:\/\/decubal.com\/no\/produkt\/decubal-hydrating-body-spray\/\",\"name\":\"Decubal Hydrating body spray - Decubal\",\"isPartOf\":{\"@id\":\"https:\/\/multisite.decubal.com\/no\/#website\"},\"primaryImageOfPage\":{\"@id\":\"https:\/\/decubal.com\/no\/produkt\/decubal-hydrating-body-spray\/#primaryimage\"},\"image\":{\"@id\":\"https:\/\/decubal.com\/no\/produkt\/decubal-hydrating-body-spray\/#primaryimage\"},\"thumbnailUrl\":\"https:\/\/decubal.com\/app\/uploads\/sites\/4\/2024\/12\/Decubal-Hydrating-Body-Spray.png\",\"datePublished\":\"2024-12-05T09:40:34+00:00\",\"dateModified\":\"2024-12-10T15:06:15+00:00\",\"description\":\"En hurtigvirkende kroppsspray som gir umiddelbar og intens fuktighet til normal til t\u00f8rr og sensitiv hud.\",\"breadcrumb\":{\"@id\":\"https:\/\/decubal.com\/no\/produkt\/decubal-hydrating-body-spray\/#breadcrumb\"},\"inLanguage\":\"nb-NO\",\"potentialAction\":[{\"@type\":\"ReadAction\",\"target\":[\"https:\/\/decubal.com\/no\/produkt\/decubal-hydrating-body-spray\/\"]}]},{\"@type\":\"ImageObject\",\"inLanguage\":\"nb-NO\",\"@id\":\"https:\/\/decubal.com\/no\/produkt\/decubal-hydrating-body-spray\/#primaryimage\",\"url\":\"https:\/\/decubal.com\/app\/uploads\/sites\/4\/2024\/12\/Decubal-Hydrating-Body-Spray.png\",\"contentUrl\":\"https:\/\/decubal.com\/app\/uploads\/sites\/4\/2024\/12\/Decubal-Hydrating-Body-Spray.png\",\"width\":600,\"height\":600,\"caption\":\"Decubal-Hydrating-Body-Spray\"},{\"@type\":\"BreadcrumbList\",\"@id\":\"https:\/\/decubal.com\/no\/produkt\/decubal-hydrating-body-spray\/#breadcrumb\",\"itemListElement\":[{\"@type\":\"ListItem\",\"position\":1,\"name\":\"Home\",\"item\":\"https:\/\/decubal.com\/no\/\"},{\"@type\":\"ListItem\",\"position\":2,\"name\":\"Produkter\",\"item\":\"https:\/\/decubal.com\/no\/produkter\/\"},{\"@type\":\"ListItem\",\"position\":3,\"name\":\"Decubal Hydrating body spray\"}]},{\"@type\":\"WebSite\",\"@id\":\"https:\/\/multisite.decubal.com\/no\/#website\",\"url\":\"https:\/\/multisite.decubal.com\/no\/\",\"name\":\"Decubal\",\"description\":\"\",\"publisher\":{\"@id\":\"https:\/\/multisite.decubal.com\/no\/#organization\"},\"potentialAction\":[{\"@type\":\"SearchAction\",\"target\":{\"@type\":\"EntryPoint\",\"urlTemplate\":\"https:\/\/multisite.decubal.com\/no\/?s={search_term_string}\"},\"query-input\":{\"@type\":\"PropertyValueSpecification\",\"valueRequired\":true,\"valueName\":\"search_term_string\"}}],\"inLanguage\":\"nb-NO\"},{\"@type\":\"Organization\",\"@id\":\"https:\/\/multisite.decubal.com\/no\/#organization\",\"name\":\"Decubal\",\"url\":\"https:\/\/multisite.decubal.com\/no\/\",\"logo\":{\"@type\":\"ImageObject\",\"inLanguage\":\"nb-NO\",\"@id\":\"https:\/\/multisite.decubal.com\/no\/#\/schema\/logo\/image\/\",\"url\":\"https:\/\/decubal.com\/app\/uploads\/sites\/4\/2022\/05\/Decubal-logo.png\",\"contentUrl\":\"https:\/\/decubal.com\/app\/uploads\/sites\/4\/2022\/05\/Decubal-logo.png\",\"width\":138,\"height\":40,\"caption\":\"Decubal\"},\"image\":{\"@id\":\"https:\/\/multisite.decubal.com\/no\/#\/schema\/logo\/image\/\"}}]}<\/script>\n<!-- \/ Yoast SEO plugin. -->","yoast_head_json":{"title":"Decubal Hydrating body spray - Decubal","description":"En hurtigvirkende kroppsspray som gir umiddelbar og intens fuktighet til normal til t\u00f8rr og sensitiv hud.","robots":{"index":"index","follow":"follow","max-snippet":"max-snippet:-1","max-image-preview":"max-image-preview:large","max-video-preview":"max-video-preview:-1"},"canonical":"https:\/\/decubal.com\/no\/produkt\/decubal-hydrating-body-spray\/","og_locale":"nb_NO","og_type":"article","og_title":"Decubal Hydrating body spray - Decubal","og_description":"En hurtigvirkende kroppsspray som gir umiddelbar og intens fuktighet til normal til t\u00f8rr og sensitiv hud.","og_url":"https:\/\/decubal.com\/no\/produkt\/decubal-hydrating-body-spray\/","og_site_name":"Decubal","article_modified_time":"2024-12-10T15:06:15+00:00","og_image":[{"width":600,"height":600,"url":"https:\/\/decubal.com\/app\/uploads\/sites\/4\/2024\/12\/Decubal-Hydrating-Body-Spray.png","type":"image\/png"}],"twitter_card":"summary_large_image","twitter_misc":{"Ansl. lesetid":"2 minutter"},"schema":{"@context":"https:\/\/schema.org","@graph":[{"@type":"WebPage","@id":"https:\/\/decubal.com\/no\/produkt\/decubal-hydrating-body-spray\/","url":"https:\/\/decubal.com\/no\/produkt\/decubal-hydrating-body-spray\/","name":"Decubal Hydrating body spray - Decubal","isPartOf":{"@id":"https:\/\/multisite.decubal.com\/no\/#website"},"primaryImageOfPage":{"@id":"https:\/\/decubal.com\/no\/produkt\/decubal-hydrating-body-spray\/#primaryimage"},"image":{"@id":"https:\/\/decubal.com\/no\/produkt\/decubal-hydrating-body-spray\/#primaryimage"},"thumbnailUrl":"https:\/\/decubal.com\/app\/uploads\/sites\/4\/2024\/12\/Decubal-Hydrating-Body-Spray.png","datePublished":"2024-12-05T09:40:34+00:00","dateModified":"2024-12-10T15:06:15+00:00","description":"En hurtigvirkende kroppsspray som gir umiddelbar og intens fuktighet til normal til t\u00f8rr og sensitiv hud.","breadcrumb":{"@id":"https:\/\/decubal.com\/no\/produkt\/decubal-hydrating-body-spray\/#breadcrumb"},"inLanguage":"nb-NO","potentialAction":[{"@type":"ReadAction","target":["https:\/\/decubal.com\/no\/produkt\/decubal-hydrating-body-spray\/"]}]},{"@type":"ImageObject","inLanguage":"nb-NO","@id":"https:\/\/decubal.com\/no\/produkt\/decubal-hydrating-body-spray\/#primaryimage","url":"https:\/\/decubal.com\/app\/uploads\/sites\/4\/2024\/12\/Decubal-Hydrating-Body-Spray.png","contentUrl":"https:\/\/decubal.com\/app\/uploads\/sites\/4\/2024\/12\/Decubal-Hydrating-Body-Spray.png","width":600,"height":600,"caption":"Decubal-Hydrating-Body-Spray"},{"@type":"BreadcrumbList","@id":"https:\/\/decubal.com\/no\/produkt\/decubal-hydrating-body-spray\/#breadcrumb","itemListElement":[{"@type":"ListItem","position":1,"name":"Home","item":"https:\/\/decubal.com\/no\/"},{"@type":"ListItem","position":2,"name":"Produkter","item":"https:\/\/decubal.com\/no\/produkter\/"},{"@type":"ListItem","position":3,"name":"Decubal Hydrating body spray"}]},{"@type":"WebSite","@id":"https:\/\/multisite.decubal.com\/no\/#website","url":"https:\/\/multisite.decubal.com\/no\/","name":"Decubal","description":"","publisher":{"@id":"https:\/\/multisite.decubal.com\/no\/#organization"},"potentialAction":[{"@type":"SearchAction","target":{"@type":"EntryPoint","urlTemplate":"https:\/\/multisite.decubal.com\/no\/?s={search_term_string}"},"query-input":{"@type":"PropertyValueSpecification","valueRequired":true,"valueName":"search_term_string"}}],"inLanguage":"nb-NO"},{"@type":"Organization","@id":"https:\/\/multisite.decubal.com\/no\/#organization","name":"Decubal","url":"https:\/\/multisite.decubal.com\/no\/","logo":{"@type":"ImageObject","inLanguage":"nb-NO","@id":"https:\/\/multisite.decubal.com\/no\/#\/schema\/logo\/image\/","url":"https:\/\/decubal.com\/app\/uploads\/sites\/4\/2022\/05\/Decubal-logo.png","contentUrl":"https:\/\/decubal.com\/app\/uploads\/sites\/4\/2022\/05\/Decubal-logo.png","width":138,"height":40,"caption":"Decubal"},"image":{"@id":"https:\/\/multisite.decubal.com\/no\/#\/schema\/logo\/image\/"}}]}},"_links":{"self":[{"href":"https:\/\/decubal.com\/no\/wp-json\/wp\/v2\/product\/654","targetHints":{"allow":["GET"]}}],"collection":[{"href":"https:\/\/decubal.com\/no\/wp-json\/wp\/v2\/product"}],"about":[{"href":"https:\/\/decubal.com\/no\/wp-json\/wp\/v2\/types\/product"}],"replies":[{"embeddable":true,"href":"https:\/\/decubal.com\/no\/wp-json\/wp\/v2\/comments?post=654"}],"version-history":[{"count":4,"href":"https:\/\/decubal.com\/no\/wp-json\/wp\/v2\/product\/654\/revisions"}],"predecessor-version":[{"id":691,"href":"https:\/\/decubal.com\/no\/wp-json\/wp\/v2\/product\/654\/revisions\/691"}],"wp:featuredmedia":[{"embeddable":true,"href":"https:\/\/decubal.com\/no\/wp-json\/wp\/v2\/media\/655"}],"wp:attachment":[{"href":"https:\/\/decubal.com\/no\/wp-json\/wp\/v2\/media?parent=654"}],"wp:term":[{"taxonomy":"product_brand","embeddable":true,"href":"https:\/\/decubal.com\/no\/wp-json\/wp\/v2\/product_brand?post=654"},{"taxonomy":"product_cat","embeddable":true,"href":"https:\/\/decubal.com\/no\/wp-json\/wp\/v2\/product_cat?post=654"},{"taxonomy":"product_tag","embeddable":true,"href":"https:\/\/decubal.com\/no\/wp-json\/wp\/v2\/product_tag?post=654"}],"curies":[{"name":"wp","href":"https:\/\/api.w.org\/{rel}","templated":true}]}}