{"id":63,"date":"2022-05-19T14:58:34","date_gmt":"2022-05-19T12:58:34","guid":{"rendered":"https:\/\/decubal.com\/no\/?post_type=product&#038;p=63"},"modified":"2024-12-11T07:42:34","modified_gmt":"2024-12-11T06:42:34","slug":"decubal-hydrating-cleansing-foam","status":"publish","type":"product","link":"https:\/\/decubal.com\/no\/produkt\/decubal-hydrating-cleansing-foam\/","title":{"rendered":"Decubal Hydrating cleansing foam"},"content":{"rendered":"\n<div class=\"wp-block-karopharma-free-text pt-large pb-large bg-center bg-cover bg-no-repeat  redblock\" style=\"background-image:url()\"><div class=\"free-text-wrapper container max-w-medium text-left\">\n<p>Decubal Hydrating cleansing foam er et mildt renseskum for ansiktet som sk\u00e5nsomt fjerner olje og urenheter fra huden uten \u00e5 t\u00f8rke den ut. Formuleringen v\u00e5r inneholder glyserin og panthenol (vitamin B5) som gir umiddelbar og intens fuktighet. Den lette skumkonsistensen gj\u00f8r at huden i ansiktet f\u00f8les myk, renset og fuktet. Decubal Hydrating cleansing foam inneholder hudvennlige ingredienser uten parfyme, er egnet for sensitiv hud og er allergisertifisert.<\/p>\n<\/div><\/div>\n\n\n\n<div class=\"wp-block-karopharma-product-promotion text-align-right pt-large pb-large bg-center bg-cover bg-no-repeat\" style=\"background-image:url()\"><div class=\"container max-w-large\">\n<div class=\"wp-block-group is-layout-flow wp-block-group-is-layout-flow\">\n<div class=\"wp-block-group hexagon is-layout-constrained wp-block-group-is-layout-constrained\">\n<h3 class=\"wp-block-heading has-text-align-center has-primary-color has-text-color has-link-color wp-elements-5c3efc3f619c707f3793e1313c964f14\">Bruk<\/h3>\n\n\n\n<p class=\"has-text-align-center\">Masseres inn i fuktig hud og skylles deretter av med vann. Brukes til rensing morgen og kveld.<\/p>\n<\/div>\n<\/div>\n\n\n\n<div class=\"wp-block-group is-layout-flow wp-block-group-is-layout-flow\">\n<div class=\"wp-block-group hexagon is-layout-constrained wp-block-group-is-layout-constrained\">\n<h3 class=\"wp-block-heading has-text-align-center has-primary-color has-text-color has-link-color wp-elements-4a0bf1a110c499428bc704dd2eb1cc5c\">Ingredienser<\/h3>\n\n\n\n<p class=\"has-text-align-center\">Glycerin, Water, Cocamidopropyl Betaine, PEG-7 Glyceryl Cocoate, Betaine, Panthenol, Caprylyl glycol, Citric acid, Sodium gluconate.<\/p>\n<\/div>\n<\/div>\n<\/div><\/div>\n\n\n\n<div class=\"wp-block-karopharma-free-text pt-large pb-large bg-center bg-cover bg-no-repeat  beigeblock\" style=\"background-image:url()\"><div class=\"free-text-wrapper container max-w-small text-center\">\n<figure class=\"wp-block-image aligncenter size-full\"><img decoding=\"async\" src=\"https:\/\/decubal.com\/app\/uploads\/sites\/3\/2024\/05\/allergy-certified.png\" alt=\"Allergy Certified\" class=\"wp-image-666\"\/><\/figure>\n\n\n\n<h2 class=\"wp-block-heading is-style-heading-h2\">Decubal Hydrating cleansing foam er uparfymert og dermatologisk testet p\u00e5 t\u00f8rr og sensitiv hud.<\/h2>\n\n\n\n<p>Produktet er anbefalt av Allergy Certified, noe som betyr at en toksikolog eller farmas\u00f8yt har utf\u00f8rt en risikovurdering av hver enkelt ingrediens i formuleringen for \u00e5 minimere risikoen for allergiske reaksjoner.<\/p>\n<\/div><\/div>\n","protected":false},"excerpt":{"rendered":"<p>Intensivt fuktighetsgivende renseskum for normal til t\u00f8rr og sensitiv hud i ansiktet. <\/p>\n","protected":false},"featured_media":588,"comment_status":"closed","ping_status":"closed","template":"","meta":{"_acf_changed":false,"footnotes":""},"product_brand":[],"product_cat":[22],"product_tag":[],"class_list":{"0":"post-63","1":"product","2":"type-product","3":"status-publish","4":"has-post-thumbnail","6":"product_cat-hydrating","8":"first","9":"instock","10":"shipping-taxable","11":"product-type-simple"},"acf":[],"yoast_head":"<!-- This site is optimized with the Yoast SEO plugin v26.6 - https:\/\/yoast.com\/wordpress\/plugins\/seo\/ -->\n<title>Decubal Hydrating cleansing foam - Decubal<\/title>\n<meta name=\"description\" content=\"Intensivt fuktighetsgivende renseskum for normal til t\u00f8rr og sensitiv hud i ansiktet.\" \/>\n<meta name=\"robots\" content=\"index, follow, max-snippet:-1, max-image-preview:large, max-video-preview:-1\" \/>\n<link rel=\"canonical\" href=\"https:\/\/decubal.com\/no\/produkt\/decubal-hydrating-cleansing-foam\/\" \/>\n<meta property=\"og:locale\" content=\"nb_NO\" \/>\n<meta property=\"og:type\" content=\"article\" \/>\n<meta property=\"og:title\" content=\"Decubal Hydrating cleansing foam - Decubal\" \/>\n<meta property=\"og:description\" content=\"Intensivt fuktighetsgivende renseskum for normal til t\u00f8rr og sensitiv hud i ansiktet.\" \/>\n<meta property=\"og:url\" content=\"https:\/\/decubal.com\/no\/produkt\/decubal-hydrating-cleansing-foam\/\" \/>\n<meta property=\"og:site_name\" content=\"Decubal\" \/>\n<meta property=\"article:modified_time\" content=\"2024-12-11T06:42:34+00:00\" \/>\n<meta property=\"og:image\" content=\"https:\/\/decubal.com\/app\/uploads\/sites\/4\/2022\/05\/Decubal-face-cleansing-foam.png\" \/>\n\t<meta property=\"og:image:width\" content=\"600\" \/>\n\t<meta property=\"og:image:height\" content=\"600\" \/>\n\t<meta property=\"og:image:type\" content=\"image\/png\" \/>\n<meta name=\"twitter:card\" content=\"summary_large_image\" \/>\n<meta name=\"twitter:label1\" content=\"Ansl. lesetid\" \/>\n\t<meta name=\"twitter:data1\" content=\"2 minutter\" \/>\n<script type=\"application\/ld+json\" class=\"yoast-schema-graph\">{\"@context\":\"https:\/\/schema.org\",\"@graph\":[{\"@type\":\"WebPage\",\"@id\":\"https:\/\/decubal.com\/no\/produkt\/decubal-hydrating-cleansing-foam\/\",\"url\":\"https:\/\/decubal.com\/no\/produkt\/decubal-hydrating-cleansing-foam\/\",\"name\":\"Decubal Hydrating cleansing foam - Decubal\",\"isPartOf\":{\"@id\":\"https:\/\/multisite.decubal.com\/no\/#website\"},\"primaryImageOfPage\":{\"@id\":\"https:\/\/decubal.com\/no\/produkt\/decubal-hydrating-cleansing-foam\/#primaryimage\"},\"image\":{\"@id\":\"https:\/\/decubal.com\/no\/produkt\/decubal-hydrating-cleansing-foam\/#primaryimage\"},\"thumbnailUrl\":\"https:\/\/decubal.com\/app\/uploads\/sites\/4\/2022\/05\/Decubal-face-cleansing-foam.png\",\"datePublished\":\"2022-05-19T12:58:34+00:00\",\"dateModified\":\"2024-12-11T06:42:34+00:00\",\"description\":\"Intensivt fuktighetsgivende renseskum for normal til t\u00f8rr og sensitiv hud i ansiktet.\",\"breadcrumb\":{\"@id\":\"https:\/\/decubal.com\/no\/produkt\/decubal-hydrating-cleansing-foam\/#breadcrumb\"},\"inLanguage\":\"nb-NO\",\"potentialAction\":[{\"@type\":\"ReadAction\",\"target\":[\"https:\/\/decubal.com\/no\/produkt\/decubal-hydrating-cleansing-foam\/\"]}]},{\"@type\":\"ImageObject\",\"inLanguage\":\"nb-NO\",\"@id\":\"https:\/\/decubal.com\/no\/produkt\/decubal-hydrating-cleansing-foam\/#primaryimage\",\"url\":\"https:\/\/decubal.com\/app\/uploads\/sites\/4\/2022\/05\/Decubal-face-cleansing-foam.png\",\"contentUrl\":\"https:\/\/decubal.com\/app\/uploads\/sites\/4\/2022\/05\/Decubal-face-cleansing-foam.png\",\"width\":600,\"height\":600,\"caption\":\"Decubal-face-cleansing-foam\"},{\"@type\":\"BreadcrumbList\",\"@id\":\"https:\/\/decubal.com\/no\/produkt\/decubal-hydrating-cleansing-foam\/#breadcrumb\",\"itemListElement\":[{\"@type\":\"ListItem\",\"position\":1,\"name\":\"Home\",\"item\":\"https:\/\/decubal.com\/no\/\"},{\"@type\":\"ListItem\",\"position\":2,\"name\":\"Produkter\",\"item\":\"https:\/\/decubal.com\/no\/produkter\/\"},{\"@type\":\"ListItem\",\"position\":3,\"name\":\"Decubal Hydrating cleansing foam\"}]},{\"@type\":\"WebSite\",\"@id\":\"https:\/\/multisite.decubal.com\/no\/#website\",\"url\":\"https:\/\/multisite.decubal.com\/no\/\",\"name\":\"Decubal\",\"description\":\"\",\"publisher\":{\"@id\":\"https:\/\/multisite.decubal.com\/no\/#organization\"},\"potentialAction\":[{\"@type\":\"SearchAction\",\"target\":{\"@type\":\"EntryPoint\",\"urlTemplate\":\"https:\/\/multisite.decubal.com\/no\/?s={search_term_string}\"},\"query-input\":{\"@type\":\"PropertyValueSpecification\",\"valueRequired\":true,\"valueName\":\"search_term_string\"}}],\"inLanguage\":\"nb-NO\"},{\"@type\":\"Organization\",\"@id\":\"https:\/\/multisite.decubal.com\/no\/#organization\",\"name\":\"Decubal\",\"url\":\"https:\/\/multisite.decubal.com\/no\/\",\"logo\":{\"@type\":\"ImageObject\",\"inLanguage\":\"nb-NO\",\"@id\":\"https:\/\/multisite.decubal.com\/no\/#\/schema\/logo\/image\/\",\"url\":\"https:\/\/decubal.com\/app\/uploads\/sites\/4\/2022\/05\/Decubal-logo.png\",\"contentUrl\":\"https:\/\/decubal.com\/app\/uploads\/sites\/4\/2022\/05\/Decubal-logo.png\",\"width\":138,\"height\":40,\"caption\":\"Decubal\"},\"image\":{\"@id\":\"https:\/\/multisite.decubal.com\/no\/#\/schema\/logo\/image\/\"}}]}<\/script>\n<!-- \/ Yoast SEO plugin. -->","yoast_head_json":{"title":"Decubal Hydrating cleansing foam - Decubal","description":"Intensivt fuktighetsgivende renseskum for normal til t\u00f8rr og sensitiv hud i ansiktet.","robots":{"index":"index","follow":"follow","max-snippet":"max-snippet:-1","max-image-preview":"max-image-preview:large","max-video-preview":"max-video-preview:-1"},"canonical":"https:\/\/decubal.com\/no\/produkt\/decubal-hydrating-cleansing-foam\/","og_locale":"nb_NO","og_type":"article","og_title":"Decubal Hydrating cleansing foam - Decubal","og_description":"Intensivt fuktighetsgivende renseskum for normal til t\u00f8rr og sensitiv hud i ansiktet.","og_url":"https:\/\/decubal.com\/no\/produkt\/decubal-hydrating-cleansing-foam\/","og_site_name":"Decubal","article_modified_time":"2024-12-11T06:42:34+00:00","og_image":[{"width":600,"height":600,"url":"https:\/\/decubal.com\/app\/uploads\/sites\/4\/2022\/05\/Decubal-face-cleansing-foam.png","type":"image\/png"}],"twitter_card":"summary_large_image","twitter_misc":{"Ansl. lesetid":"2 minutter"},"schema":{"@context":"https:\/\/schema.org","@graph":[{"@type":"WebPage","@id":"https:\/\/decubal.com\/no\/produkt\/decubal-hydrating-cleansing-foam\/","url":"https:\/\/decubal.com\/no\/produkt\/decubal-hydrating-cleansing-foam\/","name":"Decubal Hydrating cleansing foam - Decubal","isPartOf":{"@id":"https:\/\/multisite.decubal.com\/no\/#website"},"primaryImageOfPage":{"@id":"https:\/\/decubal.com\/no\/produkt\/decubal-hydrating-cleansing-foam\/#primaryimage"},"image":{"@id":"https:\/\/decubal.com\/no\/produkt\/decubal-hydrating-cleansing-foam\/#primaryimage"},"thumbnailUrl":"https:\/\/decubal.com\/app\/uploads\/sites\/4\/2022\/05\/Decubal-face-cleansing-foam.png","datePublished":"2022-05-19T12:58:34+00:00","dateModified":"2024-12-11T06:42:34+00:00","description":"Intensivt fuktighetsgivende renseskum for normal til t\u00f8rr og sensitiv hud i ansiktet.","breadcrumb":{"@id":"https:\/\/decubal.com\/no\/produkt\/decubal-hydrating-cleansing-foam\/#breadcrumb"},"inLanguage":"nb-NO","potentialAction":[{"@type":"ReadAction","target":["https:\/\/decubal.com\/no\/produkt\/decubal-hydrating-cleansing-foam\/"]}]},{"@type":"ImageObject","inLanguage":"nb-NO","@id":"https:\/\/decubal.com\/no\/produkt\/decubal-hydrating-cleansing-foam\/#primaryimage","url":"https:\/\/decubal.com\/app\/uploads\/sites\/4\/2022\/05\/Decubal-face-cleansing-foam.png","contentUrl":"https:\/\/decubal.com\/app\/uploads\/sites\/4\/2022\/05\/Decubal-face-cleansing-foam.png","width":600,"height":600,"caption":"Decubal-face-cleansing-foam"},{"@type":"BreadcrumbList","@id":"https:\/\/decubal.com\/no\/produkt\/decubal-hydrating-cleansing-foam\/#breadcrumb","itemListElement":[{"@type":"ListItem","position":1,"name":"Home","item":"https:\/\/decubal.com\/no\/"},{"@type":"ListItem","position":2,"name":"Produkter","item":"https:\/\/decubal.com\/no\/produkter\/"},{"@type":"ListItem","position":3,"name":"Decubal Hydrating cleansing foam"}]},{"@type":"WebSite","@id":"https:\/\/multisite.decubal.com\/no\/#website","url":"https:\/\/multisite.decubal.com\/no\/","name":"Decubal","description":"","publisher":{"@id":"https:\/\/multisite.decubal.com\/no\/#organization"},"potentialAction":[{"@type":"SearchAction","target":{"@type":"EntryPoint","urlTemplate":"https:\/\/multisite.decubal.com\/no\/?s={search_term_string}"},"query-input":{"@type":"PropertyValueSpecification","valueRequired":true,"valueName":"search_term_string"}}],"inLanguage":"nb-NO"},{"@type":"Organization","@id":"https:\/\/multisite.decubal.com\/no\/#organization","name":"Decubal","url":"https:\/\/multisite.decubal.com\/no\/","logo":{"@type":"ImageObject","inLanguage":"nb-NO","@id":"https:\/\/multisite.decubal.com\/no\/#\/schema\/logo\/image\/","url":"https:\/\/decubal.com\/app\/uploads\/sites\/4\/2022\/05\/Decubal-logo.png","contentUrl":"https:\/\/decubal.com\/app\/uploads\/sites\/4\/2022\/05\/Decubal-logo.png","width":138,"height":40,"caption":"Decubal"},"image":{"@id":"https:\/\/multisite.decubal.com\/no\/#\/schema\/logo\/image\/"}}]}},"_links":{"self":[{"href":"https:\/\/decubal.com\/no\/wp-json\/wp\/v2\/product\/63","targetHints":{"allow":["GET"]}}],"collection":[{"href":"https:\/\/decubal.com\/no\/wp-json\/wp\/v2\/product"}],"about":[{"href":"https:\/\/decubal.com\/no\/wp-json\/wp\/v2\/types\/product"}],"replies":[{"embeddable":true,"href":"https:\/\/decubal.com\/no\/wp-json\/wp\/v2\/comments?post=63"}],"version-history":[{"count":10,"href":"https:\/\/decubal.com\/no\/wp-json\/wp\/v2\/product\/63\/revisions"}],"predecessor-version":[{"id":698,"href":"https:\/\/decubal.com\/no\/wp-json\/wp\/v2\/product\/63\/revisions\/698"}],"wp:featuredmedia":[{"embeddable":true,"href":"https:\/\/decubal.com\/no\/wp-json\/wp\/v2\/media\/588"}],"wp:attachment":[{"href":"https:\/\/decubal.com\/no\/wp-json\/wp\/v2\/media?parent=63"}],"wp:term":[{"taxonomy":"product_brand","embeddable":true,"href":"https:\/\/decubal.com\/no\/wp-json\/wp\/v2\/product_brand?post=63"},{"taxonomy":"product_cat","embeddable":true,"href":"https:\/\/decubal.com\/no\/wp-json\/wp\/v2\/product_cat?post=63"},{"taxonomy":"product_tag","embeddable":true,"href":"https:\/\/decubal.com\/no\/wp-json\/wp\/v2\/product_tag?post=63"}],"curies":[{"name":"wp","href":"https:\/\/api.w.org\/{rel}","templated":true}]}}