{"id":454,"date":"2023-09-06T07:00:00","date_gmt":"2023-09-06T05:00:00","guid":{"rendered":"https:\/\/decubal.com\/no\/?post_type=product&#038;p=454"},"modified":"2024-12-10T15:57:12","modified_gmt":"2024-12-10T14:57:12","slug":"decubal-enriching-eye-cream","status":"publish","type":"product","link":"https:\/\/decubal.com\/no\/produkt\/decubal-enriching-eye-cream\/","title":{"rendered":"Decubal Enriching eye cream"},"content":{"rendered":"\n<div class=\"wp-block-karopharma-free-text pt-large pb-large bg-center bg-cover bg-no-repeat  redblock\" style=\"background-image:url()\"><div class=\"free-text-wrapper container max-w-medium text-left\">\n<p>Decubal Enriching eye cream er spesielt utviklet for \u00e5 ta vare p\u00e5 det sarte \u00f8yeomr\u00e5det. Den berikende formuleringen er fullpakket med ceramider og kollagen for \u00e5 gj\u00f8re huden fastere, sammen med hyaluronsyre og vitamin E for \u00e5 gi intens n\u00e6ring. Det er klinisk bevist at den gir 72 timers fuktighet. Decubal eye cream er lett, men intensivt n\u00e6rende, og gir pleie og oppstrammende resultater selv for t\u00f8rr og sensitiv hud.<\/p>\n<\/div><\/div>\n\n\n\n<div class=\"wp-block-karopharma-product-promotion text-align-right pt-large pb-large bg-center bg-cover bg-no-repeat\" style=\"background-image:url()\"><div class=\"container max-w-large\">\n<div class=\"wp-block-group is-layout-flow wp-block-group-is-layout-flow\">\n<div class=\"wp-block-group hexagon is-layout-constrained wp-block-group-is-layout-constrained\">\n<h3 class=\"wp-block-heading has-text-align-center has-primary-color has-text-color has-link-color wp-elements-5c3efc3f619c707f3793e1313c964f14\">Bruk<\/h3>\n\n\n\n<p class=\"has-text-align-center\">P\u00e5f\u00f8r et tynt lag over og under \u00f8yet, men unng\u00e5 \u00e5 sm\u00f8re kremen helt ut til vippekanten. Decubal eye cream kan p\u00e5f\u00f8res b\u00e5de morgen og kveld for optimal effekt.<\/p>\n<\/div>\n<\/div>\n\n\n\n<div class=\"wp-block-group is-layout-flow wp-block-group-is-layout-flow\">\n<div class=\"wp-block-group hexagon is-layout-constrained wp-block-group-is-layout-constrained\">\n<h3 class=\"wp-block-heading has-text-align-center has-primary-color has-text-color has-link-color wp-elements-4a0bf1a110c499428bc704dd2eb1cc5c\">Ingredienser<\/h3>\n\n\n\n<p class=\"has-text-align-center mindretext2\">Aqua, Dicaprylyl Carbonate, Pentylene Glycol, Glycerin, Octyldodecanol, Cetyl Alcohol, Diheptyl Succinate, Sodium PCA, Glyceryl Stearate, Distarch Phosphate, PEG-100 Stearate, Hydrolyzed Collagen, Butyrospermum Parkii Butter, Capryloyl Glycerin\/Sebacic Acid Copolymer, Creatine, Sodium Hyaluronate, Ceramide 3, Prunus Amygdalus Dulcis Oil, Tocopherol, Tocopheryl Acetate, Isocetyl Alcohol, Ethylhexylglycerin, Carbomer, Sodium Gluconate, Citric Acid, Sodium Hydroxide.<\/p>\n<\/div>\n<\/div>\n<\/div><\/div>\n\n\n\n<div class=\"wp-block-karopharma-free-text pt-large pb-large bg-center bg-cover bg-no-repeat  beigeblock\" style=\"background-image:url()\"><div class=\"free-text-wrapper container max-w-small text-center\">\n<figure class=\"wp-block-image aligncenter size-full\"><img decoding=\"async\" src=\"https:\/\/decubal.com\/app\/uploads\/sites\/3\/2024\/05\/allergy-certified.png\" alt=\"Allergy Certified\" class=\"wp-image-666\"\/><\/figure>\n\n\n\n<p>Decubal Enriching eye cream er anbefalt av Allergy Certified, noe som betyr at en toksikolog eller farmas\u00f8yt har utf\u00f8rt en risikovurdering av hver enkelt ingrediens i formelen for \u00e5 sikre at risikoen for en allergisk reaksjon er minimal. Formulert uten parfyme og egnet for t\u00f8rr, sensitiv hud.<\/p>\n<\/div><\/div>\n","protected":false},"excerpt":{"rendered":"<p>Oppstrammende \u00f8yekrem beriket med kollagen som gir intens n\u00e6ring til t\u00f8rr og sensitiv hud.<\/p>\n","protected":false},"featured_media":622,"comment_status":"closed","ping_status":"closed","template":"","meta":{"_acf_changed":false,"footnotes":""},"product_brand":[],"product_cat":[21],"product_tag":[],"class_list":{"0":"post-454","1":"product","2":"type-product","3":"status-publish","4":"has-post-thumbnail","6":"product_cat-enriching","8":"first","9":"instock","10":"shipping-taxable","11":"product-type-simple"},"acf":[],"yoast_head":"<!-- This site is optimized with the Yoast SEO plugin v26.6 - https:\/\/yoast.com\/wordpress\/plugins\/seo\/ -->\n<title>Decubal Enriching eye cream - Decubal<\/title>\n<meta name=\"description\" content=\"Huden rundt \u00f8ynene er f\u00f8lsom og krever spesiell pleie. Med Decubal eye cream f\u00e5r du en mild \u00f8yekrem utviklet for t\u00f8rr og sensitiv hud, fylt med fuktighetsgivende og oppstrammende ingredienser.\" \/>\n<meta name=\"robots\" content=\"index, follow, max-snippet:-1, max-image-preview:large, max-video-preview:-1\" \/>\n<link rel=\"canonical\" href=\"https:\/\/decubal.com\/no\/produkt\/decubal-enriching-eye-cream\/\" \/>\n<meta property=\"og:locale\" content=\"nb_NO\" \/>\n<meta property=\"og:type\" content=\"article\" \/>\n<meta property=\"og:title\" content=\"Decubal Enriching eye cream - Decubal\" \/>\n<meta property=\"og:description\" content=\"Huden rundt \u00f8ynene er f\u00f8lsom og krever spesiell pleie. Med Decubal eye cream f\u00e5r du en mild \u00f8yekrem utviklet for t\u00f8rr og sensitiv hud, fylt med fuktighetsgivende og oppstrammende ingredienser.\" \/>\n<meta property=\"og:url\" content=\"https:\/\/decubal.com\/no\/produkt\/decubal-enriching-eye-cream\/\" \/>\n<meta property=\"og:site_name\" content=\"Decubal\" \/>\n<meta property=\"article:modified_time\" content=\"2024-12-10T14:57:12+00:00\" \/>\n<meta property=\"og:image\" content=\"https:\/\/decubal.com\/app\/uploads\/sites\/4\/2023\/09\/Decubal-eye-cream-1.png\" \/>\n\t<meta property=\"og:image:width\" content=\"600\" \/>\n\t<meta property=\"og:image:height\" content=\"600\" \/>\n\t<meta property=\"og:image:type\" content=\"image\/png\" \/>\n<meta name=\"twitter:card\" content=\"summary_large_image\" \/>\n<meta name=\"twitter:label1\" content=\"Ansl. lesetid\" \/>\n\t<meta name=\"twitter:data1\" content=\"2 minutter\" \/>\n<script type=\"application\/ld+json\" class=\"yoast-schema-graph\">{\"@context\":\"https:\/\/schema.org\",\"@graph\":[{\"@type\":\"WebPage\",\"@id\":\"https:\/\/decubal.com\/no\/produkt\/decubal-enriching-eye-cream\/\",\"url\":\"https:\/\/decubal.com\/no\/produkt\/decubal-enriching-eye-cream\/\",\"name\":\"Decubal Enriching eye cream - Decubal\",\"isPartOf\":{\"@id\":\"https:\/\/multisite.decubal.com\/no\/#website\"},\"primaryImageOfPage\":{\"@id\":\"https:\/\/decubal.com\/no\/produkt\/decubal-enriching-eye-cream\/#primaryimage\"},\"image\":{\"@id\":\"https:\/\/decubal.com\/no\/produkt\/decubal-enriching-eye-cream\/#primaryimage\"},\"thumbnailUrl\":\"https:\/\/decubal.com\/app\/uploads\/sites\/4\/2023\/09\/Decubal-eye-cream-1.png\",\"datePublished\":\"2023-09-06T05:00:00+00:00\",\"dateModified\":\"2024-12-10T14:57:12+00:00\",\"description\":\"Huden rundt \u00f8ynene er f\u00f8lsom og krever spesiell pleie. Med Decubal eye cream f\u00e5r du en mild \u00f8yekrem utviklet for t\u00f8rr og sensitiv hud, fylt med fuktighetsgivende og oppstrammende ingredienser.\",\"breadcrumb\":{\"@id\":\"https:\/\/decubal.com\/no\/produkt\/decubal-enriching-eye-cream\/#breadcrumb\"},\"inLanguage\":\"nb-NO\",\"potentialAction\":[{\"@type\":\"ReadAction\",\"target\":[\"https:\/\/decubal.com\/no\/produkt\/decubal-enriching-eye-cream\/\"]}]},{\"@type\":\"ImageObject\",\"inLanguage\":\"nb-NO\",\"@id\":\"https:\/\/decubal.com\/no\/produkt\/decubal-enriching-eye-cream\/#primaryimage\",\"url\":\"https:\/\/decubal.com\/app\/uploads\/sites\/4\/2023\/09\/Decubal-eye-cream-1.png\",\"contentUrl\":\"https:\/\/decubal.com\/app\/uploads\/sites\/4\/2023\/09\/Decubal-eye-cream-1.png\",\"width\":600,\"height\":600,\"caption\":\"Decubal-eye-cream\"},{\"@type\":\"BreadcrumbList\",\"@id\":\"https:\/\/decubal.com\/no\/produkt\/decubal-enriching-eye-cream\/#breadcrumb\",\"itemListElement\":[{\"@type\":\"ListItem\",\"position\":1,\"name\":\"Home\",\"item\":\"https:\/\/decubal.com\/no\/\"},{\"@type\":\"ListItem\",\"position\":2,\"name\":\"Produkter\",\"item\":\"https:\/\/decubal.com\/no\/produkter\/\"},{\"@type\":\"ListItem\",\"position\":3,\"name\":\"Decubal Enriching eye cream\"}]},{\"@type\":\"WebSite\",\"@id\":\"https:\/\/multisite.decubal.com\/no\/#website\",\"url\":\"https:\/\/multisite.decubal.com\/no\/\",\"name\":\"Decubal\",\"description\":\"\",\"publisher\":{\"@id\":\"https:\/\/multisite.decubal.com\/no\/#organization\"},\"potentialAction\":[{\"@type\":\"SearchAction\",\"target\":{\"@type\":\"EntryPoint\",\"urlTemplate\":\"https:\/\/multisite.decubal.com\/no\/?s={search_term_string}\"},\"query-input\":{\"@type\":\"PropertyValueSpecification\",\"valueRequired\":true,\"valueName\":\"search_term_string\"}}],\"inLanguage\":\"nb-NO\"},{\"@type\":\"Organization\",\"@id\":\"https:\/\/multisite.decubal.com\/no\/#organization\",\"name\":\"Decubal\",\"url\":\"https:\/\/multisite.decubal.com\/no\/\",\"logo\":{\"@type\":\"ImageObject\",\"inLanguage\":\"nb-NO\",\"@id\":\"https:\/\/multisite.decubal.com\/no\/#\/schema\/logo\/image\/\",\"url\":\"https:\/\/decubal.com\/app\/uploads\/sites\/4\/2022\/05\/Decubal-logo.png\",\"contentUrl\":\"https:\/\/decubal.com\/app\/uploads\/sites\/4\/2022\/05\/Decubal-logo.png\",\"width\":138,\"height\":40,\"caption\":\"Decubal\"},\"image\":{\"@id\":\"https:\/\/multisite.decubal.com\/no\/#\/schema\/logo\/image\/\"}}]}<\/script>\n<!-- \/ Yoast SEO plugin. -->","yoast_head_json":{"title":"Decubal Enriching eye cream - Decubal","description":"Huden rundt \u00f8ynene er f\u00f8lsom og krever spesiell pleie. Med Decubal eye cream f\u00e5r du en mild \u00f8yekrem utviklet for t\u00f8rr og sensitiv hud, fylt med fuktighetsgivende og oppstrammende ingredienser.","robots":{"index":"index","follow":"follow","max-snippet":"max-snippet:-1","max-image-preview":"max-image-preview:large","max-video-preview":"max-video-preview:-1"},"canonical":"https:\/\/decubal.com\/no\/produkt\/decubal-enriching-eye-cream\/","og_locale":"nb_NO","og_type":"article","og_title":"Decubal Enriching eye cream - Decubal","og_description":"Huden rundt \u00f8ynene er f\u00f8lsom og krever spesiell pleie. Med Decubal eye cream f\u00e5r du en mild \u00f8yekrem utviklet for t\u00f8rr og sensitiv hud, fylt med fuktighetsgivende og oppstrammende ingredienser.","og_url":"https:\/\/decubal.com\/no\/produkt\/decubal-enriching-eye-cream\/","og_site_name":"Decubal","article_modified_time":"2024-12-10T14:57:12+00:00","og_image":[{"width":600,"height":600,"url":"https:\/\/decubal.com\/app\/uploads\/sites\/4\/2023\/09\/Decubal-eye-cream-1.png","type":"image\/png"}],"twitter_card":"summary_large_image","twitter_misc":{"Ansl. lesetid":"2 minutter"},"schema":{"@context":"https:\/\/schema.org","@graph":[{"@type":"WebPage","@id":"https:\/\/decubal.com\/no\/produkt\/decubal-enriching-eye-cream\/","url":"https:\/\/decubal.com\/no\/produkt\/decubal-enriching-eye-cream\/","name":"Decubal Enriching eye cream - Decubal","isPartOf":{"@id":"https:\/\/multisite.decubal.com\/no\/#website"},"primaryImageOfPage":{"@id":"https:\/\/decubal.com\/no\/produkt\/decubal-enriching-eye-cream\/#primaryimage"},"image":{"@id":"https:\/\/decubal.com\/no\/produkt\/decubal-enriching-eye-cream\/#primaryimage"},"thumbnailUrl":"https:\/\/decubal.com\/app\/uploads\/sites\/4\/2023\/09\/Decubal-eye-cream-1.png","datePublished":"2023-09-06T05:00:00+00:00","dateModified":"2024-12-10T14:57:12+00:00","description":"Huden rundt \u00f8ynene er f\u00f8lsom og krever spesiell pleie. Med Decubal eye cream f\u00e5r du en mild \u00f8yekrem utviklet for t\u00f8rr og sensitiv hud, fylt med fuktighetsgivende og oppstrammende ingredienser.","breadcrumb":{"@id":"https:\/\/decubal.com\/no\/produkt\/decubal-enriching-eye-cream\/#breadcrumb"},"inLanguage":"nb-NO","potentialAction":[{"@type":"ReadAction","target":["https:\/\/decubal.com\/no\/produkt\/decubal-enriching-eye-cream\/"]}]},{"@type":"ImageObject","inLanguage":"nb-NO","@id":"https:\/\/decubal.com\/no\/produkt\/decubal-enriching-eye-cream\/#primaryimage","url":"https:\/\/decubal.com\/app\/uploads\/sites\/4\/2023\/09\/Decubal-eye-cream-1.png","contentUrl":"https:\/\/decubal.com\/app\/uploads\/sites\/4\/2023\/09\/Decubal-eye-cream-1.png","width":600,"height":600,"caption":"Decubal-eye-cream"},{"@type":"BreadcrumbList","@id":"https:\/\/decubal.com\/no\/produkt\/decubal-enriching-eye-cream\/#breadcrumb","itemListElement":[{"@type":"ListItem","position":1,"name":"Home","item":"https:\/\/decubal.com\/no\/"},{"@type":"ListItem","position":2,"name":"Produkter","item":"https:\/\/decubal.com\/no\/produkter\/"},{"@type":"ListItem","position":3,"name":"Decubal Enriching eye cream"}]},{"@type":"WebSite","@id":"https:\/\/multisite.decubal.com\/no\/#website","url":"https:\/\/multisite.decubal.com\/no\/","name":"Decubal","description":"","publisher":{"@id":"https:\/\/multisite.decubal.com\/no\/#organization"},"potentialAction":[{"@type":"SearchAction","target":{"@type":"EntryPoint","urlTemplate":"https:\/\/multisite.decubal.com\/no\/?s={search_term_string}"},"query-input":{"@type":"PropertyValueSpecification","valueRequired":true,"valueName":"search_term_string"}}],"inLanguage":"nb-NO"},{"@type":"Organization","@id":"https:\/\/multisite.decubal.com\/no\/#organization","name":"Decubal","url":"https:\/\/multisite.decubal.com\/no\/","logo":{"@type":"ImageObject","inLanguage":"nb-NO","@id":"https:\/\/multisite.decubal.com\/no\/#\/schema\/logo\/image\/","url":"https:\/\/decubal.com\/app\/uploads\/sites\/4\/2022\/05\/Decubal-logo.png","contentUrl":"https:\/\/decubal.com\/app\/uploads\/sites\/4\/2022\/05\/Decubal-logo.png","width":138,"height":40,"caption":"Decubal"},"image":{"@id":"https:\/\/multisite.decubal.com\/no\/#\/schema\/logo\/image\/"}}]}},"_links":{"self":[{"href":"https:\/\/decubal.com\/no\/wp-json\/wp\/v2\/product\/454","targetHints":{"allow":["GET"]}}],"collection":[{"href":"https:\/\/decubal.com\/no\/wp-json\/wp\/v2\/product"}],"about":[{"href":"https:\/\/decubal.com\/no\/wp-json\/wp\/v2\/types\/product"}],"replies":[{"embeddable":true,"href":"https:\/\/decubal.com\/no\/wp-json\/wp\/v2\/comments?post=454"}],"version-history":[{"count":9,"href":"https:\/\/decubal.com\/no\/wp-json\/wp\/v2\/product\/454\/revisions"}],"predecessor-version":[{"id":690,"href":"https:\/\/decubal.com\/no\/wp-json\/wp\/v2\/product\/454\/revisions\/690"}],"wp:featuredmedia":[{"embeddable":true,"href":"https:\/\/decubal.com\/no\/wp-json\/wp\/v2\/media\/622"}],"wp:attachment":[{"href":"https:\/\/decubal.com\/no\/wp-json\/wp\/v2\/media?parent=454"}],"wp:term":[{"taxonomy":"product_brand","embeddable":true,"href":"https:\/\/decubal.com\/no\/wp-json\/wp\/v2\/product_brand?post=454"},{"taxonomy":"product_cat","embeddable":true,"href":"https:\/\/decubal.com\/no\/wp-json\/wp\/v2\/product_cat?post=454"},{"taxonomy":"product_tag","embeddable":true,"href":"https:\/\/decubal.com\/no\/wp-json\/wp\/v2\/product_tag?post=454"}],"curies":[{"name":"wp","href":"https:\/\/api.w.org\/{rel}","templated":true}]}}