{"id":90,"date":"2022-05-18T09:31:28","date_gmt":"2022-05-18T07:31:28","guid":{"rendered":"https:\/\/decubal.com\/no\/?page_id=90"},"modified":"2024-12-10T07:12:56","modified_gmt":"2024-12-10T06:12:56","slug":"om-decubal","status":"publish","type":"page","link":"https:\/\/decubal.com\/no\/om-decubal\/","title":{"rendered":"Om Decubal"},"content":{"rendered":"\n<div class=\"wp-block-karopharma-product-promotion text-align-left pt-medium pb-medium bg-center bg-cover bg-no-repeat\" style=\"background-image:url()\"><div class=\"container max-w-large\">\n<div class=\"wp-block-group is-layout-flow wp-block-group-is-layout-flow\">\n<figure class=\"wp-block-karopharma-product-promotion-image product-promotion-image\"><img fetchpriority=\"high\" decoding=\"async\" datatest=\"image\" src=\"https:\/\/decubal.com\/cdn-cgi\/image\/format=auto\/app\/uploads\/sites\/3\/2024\/10\/Decubal-produktmontage.jpg\" loading=\"eager\" alt=\"Decubal-produktmontage\" width=\"649\" height=\"493\" srcset=\"https:\/\/decubal.com\/cdn-cgi\/image\/format=auto,width=584\/app\/uploads\/sites\/3\/2024\/10\/Decubal-produktmontage.jpg 584w, https:\/\/decubal.com\/cdn-cgi\/image\/format=auto,width=272\/app\/uploads\/sites\/3\/2024\/10\/Decubal-produktmontage.jpg 272w\" sizes=\"(max-width: 584px) 100vw, 584px\"\/><\/figure>\n<\/div>\n\n\n\n<div class=\"wp-block-group is-layout-flow wp-block-group-is-layout-flow\">\n<h1 class=\"wp-block-heading title is-style-heading-huge has-primary-color has-text-color has-link-color wp-elements-b47bd2f885da724afaa5044626266b30\">Om Decubal<\/h1>\n\n\n\n<p class=\"paragraph is-style-paragraph-body-text\">Decubal er n\u00e6rende pleie for deg som har t\u00f8rr og sensitiv hud. Decubal er utviklet for \u00e5 beskytte huden i det nordiske klimaet og med over 50 \u00e5rs erfaring forst\u00e5r vi hva det vil si \u00e5 bevare hudens naturlige fuktighet og smidighet.<\/p>\n<\/div>\n<\/div><\/div>\n\n\n\n\n\n\n\n\n\n\n\n\n","protected":false},"excerpt":{"rendered":"","protected":false},"author":2,"featured_media":0,"parent":0,"menu_order":0,"comment_status":"closed","ping_status":"closed","template":"","meta":{"_acf_changed":false,"footnotes":""},"from-article-database":[],"class_list":["post-90","page","type-page","status-publish","hentry"],"acf":[],"yoast_head":"<!-- This site is optimized with the Yoast SEO plugin v26.6 - https:\/\/yoast.com\/wordpress\/plugins\/seo\/ -->\n<title>Om Decubal - Decubal<\/title>\n<meta name=\"description\" content=\"Decubal er utviklet for \u00e5 beskytte huden i det nordiske klimaet og med over 40 \u00e5rs erfaring forst\u00e5r vi hva det vil si \u00e5 bevare hudens naturlige fuktighet og smidighet.\" \/>\n<meta name=\"robots\" content=\"index, follow, max-snippet:-1, max-image-preview:large, max-video-preview:-1\" \/>\n<link rel=\"canonical\" href=\"https:\/\/decubal.com\/no\/om-decubal\/\" \/>\n<meta property=\"og:locale\" content=\"nb_NO\" \/>\n<meta property=\"og:type\" content=\"article\" \/>\n<meta property=\"og:title\" content=\"Om Decubal - Decubal\" \/>\n<meta property=\"og:description\" content=\"Decubal er utviklet for \u00e5 beskytte huden i det nordiske klimaet og med over 40 \u00e5rs erfaring forst\u00e5r vi hva det vil si \u00e5 bevare hudens naturlige fuktighet og smidighet.\" \/>\n<meta property=\"og:url\" content=\"https:\/\/decubal.com\/no\/om-decubal\/\" \/>\n<meta property=\"og:site_name\" content=\"Decubal\" \/>\n<meta property=\"article:modified_time\" content=\"2024-12-10T06:12:56+00:00\" \/>\n<meta property=\"og:image\" content=\"https:\/\/decubal.com\/cdn-cgi\/image\/format=auto\/app\/uploads\/sites\/3\/2024\/10\/Decubal-produktmontage.jpg\" \/>\n<meta name=\"twitter:card\" content=\"summary_large_image\" \/>\n<meta name=\"twitter:label1\" content=\"Ansl. lesetid\" \/>\n\t<meta name=\"twitter:data1\" content=\"1 minutt\" \/>\n<script type=\"application\/ld+json\" class=\"yoast-schema-graph\">{\"@context\":\"https:\/\/schema.org\",\"@graph\":[{\"@type\":\"WebPage\",\"@id\":\"https:\/\/decubal.com\/no\/om-decubal\/\",\"url\":\"https:\/\/decubal.com\/no\/om-decubal\/\",\"name\":\"Om Decubal - Decubal\",\"isPartOf\":{\"@id\":\"https:\/\/multisite.decubal.com\/no\/#website\"},\"primaryImageOfPage\":{\"@id\":\"https:\/\/decubal.com\/no\/om-decubal\/#primaryimage\"},\"image\":{\"@id\":\"https:\/\/decubal.com\/no\/om-decubal\/#primaryimage\"},\"thumbnailUrl\":\"https:\/\/decubal.com\/cdn-cgi\/image\/format=auto\/app\/uploads\/sites\/3\/2024\/10\/Decubal-produktmontage.jpg\",\"datePublished\":\"2022-05-18T07:31:28+00:00\",\"dateModified\":\"2024-12-10T06:12:56+00:00\",\"description\":\"Decubal er utviklet for \u00e5 beskytte huden i det nordiske klimaet og med over 40 \u00e5rs erfaring forst\u00e5r vi hva det vil si \u00e5 bevare hudens naturlige fuktighet og smidighet.\",\"breadcrumb\":{\"@id\":\"https:\/\/decubal.com\/no\/om-decubal\/#breadcrumb\"},\"inLanguage\":\"nb-NO\",\"potentialAction\":[{\"@type\":\"ReadAction\",\"target\":[\"https:\/\/decubal.com\/no\/om-decubal\/\"]}]},{\"@type\":\"ImageObject\",\"inLanguage\":\"nb-NO\",\"@id\":\"https:\/\/decubal.com\/no\/om-decubal\/#primaryimage\",\"url\":\"https:\/\/decubal.com\/cdn-cgi\/image\/format=auto\/app\/uploads\/sites\/3\/2024\/10\/Decubal-produktmontage.jpg\",\"contentUrl\":\"https:\/\/decubal.com\/cdn-cgi\/image\/format=auto\/app\/uploads\/sites\/3\/2024\/10\/Decubal-produktmontage.jpg\"},{\"@type\":\"BreadcrumbList\",\"@id\":\"https:\/\/decubal.com\/no\/om-decubal\/#breadcrumb\",\"itemListElement\":[{\"@type\":\"ListItem\",\"position\":1,\"name\":\"Home\",\"item\":\"https:\/\/decubal.com\/no\/\"},{\"@type\":\"ListItem\",\"position\":2,\"name\":\"Om Decubal\"}]},{\"@type\":\"WebSite\",\"@id\":\"https:\/\/multisite.decubal.com\/no\/#website\",\"url\":\"https:\/\/multisite.decubal.com\/no\/\",\"name\":\"Decubal\",\"description\":\"\",\"publisher\":{\"@id\":\"https:\/\/multisite.decubal.com\/no\/#organization\"},\"potentialAction\":[{\"@type\":\"SearchAction\",\"target\":{\"@type\":\"EntryPoint\",\"urlTemplate\":\"https:\/\/multisite.decubal.com\/no\/?s={search_term_string}\"},\"query-input\":{\"@type\":\"PropertyValueSpecification\",\"valueRequired\":true,\"valueName\":\"search_term_string\"}}],\"inLanguage\":\"nb-NO\"},{\"@type\":\"Organization\",\"@id\":\"https:\/\/multisite.decubal.com\/no\/#organization\",\"name\":\"Decubal\",\"url\":\"https:\/\/multisite.decubal.com\/no\/\",\"logo\":{\"@type\":\"ImageObject\",\"inLanguage\":\"nb-NO\",\"@id\":\"https:\/\/multisite.decubal.com\/no\/#\/schema\/logo\/image\/\",\"url\":\"https:\/\/decubal.com\/app\/uploads\/sites\/4\/2022\/05\/Decubal-logo.png\",\"contentUrl\":\"https:\/\/decubal.com\/app\/uploads\/sites\/4\/2022\/05\/Decubal-logo.png\",\"width\":138,\"height\":40,\"caption\":\"Decubal\"},\"image\":{\"@id\":\"https:\/\/multisite.decubal.com\/no\/#\/schema\/logo\/image\/\"}}]}<\/script>\n<!-- \/ Yoast SEO plugin. -->","yoast_head_json":{"title":"Om Decubal - Decubal","description":"Decubal er utviklet for \u00e5 beskytte huden i det nordiske klimaet og med over 40 \u00e5rs erfaring forst\u00e5r vi hva det vil si \u00e5 bevare hudens naturlige fuktighet og smidighet.","robots":{"index":"index","follow":"follow","max-snippet":"max-snippet:-1","max-image-preview":"max-image-preview:large","max-video-preview":"max-video-preview:-1"},"canonical":"https:\/\/decubal.com\/no\/om-decubal\/","og_locale":"nb_NO","og_type":"article","og_title":"Om Decubal - Decubal","og_description":"Decubal er utviklet for \u00e5 beskytte huden i det nordiske klimaet og med over 40 \u00e5rs erfaring forst\u00e5r vi hva det vil si \u00e5 bevare hudens naturlige fuktighet og smidighet.","og_url":"https:\/\/decubal.com\/no\/om-decubal\/","og_site_name":"Decubal","article_modified_time":"2024-12-10T06:12:56+00:00","og_image":[{"url":"https:\/\/decubal.com\/cdn-cgi\/image\/format=auto\/app\/uploads\/sites\/3\/2024\/10\/Decubal-produktmontage.jpg","type":"","width":"","height":""}],"twitter_card":"summary_large_image","twitter_misc":{"Ansl. lesetid":"1 minutt"},"schema":{"@context":"https:\/\/schema.org","@graph":[{"@type":"WebPage","@id":"https:\/\/decubal.com\/no\/om-decubal\/","url":"https:\/\/decubal.com\/no\/om-decubal\/","name":"Om Decubal - Decubal","isPartOf":{"@id":"https:\/\/multisite.decubal.com\/no\/#website"},"primaryImageOfPage":{"@id":"https:\/\/decubal.com\/no\/om-decubal\/#primaryimage"},"image":{"@id":"https:\/\/decubal.com\/no\/om-decubal\/#primaryimage"},"thumbnailUrl":"https:\/\/decubal.com\/cdn-cgi\/image\/format=auto\/app\/uploads\/sites\/3\/2024\/10\/Decubal-produktmontage.jpg","datePublished":"2022-05-18T07:31:28+00:00","dateModified":"2024-12-10T06:12:56+00:00","description":"Decubal er utviklet for \u00e5 beskytte huden i det nordiske klimaet og med over 40 \u00e5rs erfaring forst\u00e5r vi hva det vil si \u00e5 bevare hudens naturlige fuktighet og smidighet.","breadcrumb":{"@id":"https:\/\/decubal.com\/no\/om-decubal\/#breadcrumb"},"inLanguage":"nb-NO","potentialAction":[{"@type":"ReadAction","target":["https:\/\/decubal.com\/no\/om-decubal\/"]}]},{"@type":"ImageObject","inLanguage":"nb-NO","@id":"https:\/\/decubal.com\/no\/om-decubal\/#primaryimage","url":"https:\/\/decubal.com\/cdn-cgi\/image\/format=auto\/app\/uploads\/sites\/3\/2024\/10\/Decubal-produktmontage.jpg","contentUrl":"https:\/\/decubal.com\/cdn-cgi\/image\/format=auto\/app\/uploads\/sites\/3\/2024\/10\/Decubal-produktmontage.jpg"},{"@type":"BreadcrumbList","@id":"https:\/\/decubal.com\/no\/om-decubal\/#breadcrumb","itemListElement":[{"@type":"ListItem","position":1,"name":"Home","item":"https:\/\/decubal.com\/no\/"},{"@type":"ListItem","position":2,"name":"Om Decubal"}]},{"@type":"WebSite","@id":"https:\/\/multisite.decubal.com\/no\/#website","url":"https:\/\/multisite.decubal.com\/no\/","name":"Decubal","description":"","publisher":{"@id":"https:\/\/multisite.decubal.com\/no\/#organization"},"potentialAction":[{"@type":"SearchAction","target":{"@type":"EntryPoint","urlTemplate":"https:\/\/multisite.decubal.com\/no\/?s={search_term_string}"},"query-input":{"@type":"PropertyValueSpecification","valueRequired":true,"valueName":"search_term_string"}}],"inLanguage":"nb-NO"},{"@type":"Organization","@id":"https:\/\/multisite.decubal.com\/no\/#organization","name":"Decubal","url":"https:\/\/multisite.decubal.com\/no\/","logo":{"@type":"ImageObject","inLanguage":"nb-NO","@id":"https:\/\/multisite.decubal.com\/no\/#\/schema\/logo\/image\/","url":"https:\/\/decubal.com\/app\/uploads\/sites\/4\/2022\/05\/Decubal-logo.png","contentUrl":"https:\/\/decubal.com\/app\/uploads\/sites\/4\/2022\/05\/Decubal-logo.png","width":138,"height":40,"caption":"Decubal"},"image":{"@id":"https:\/\/multisite.decubal.com\/no\/#\/schema\/logo\/image\/"}}]}},"_links":{"self":[{"href":"https:\/\/decubal.com\/no\/wp-json\/wp\/v2\/pages\/90","targetHints":{"allow":["GET"]}}],"collection":[{"href":"https:\/\/decubal.com\/no\/wp-json\/wp\/v2\/pages"}],"about":[{"href":"https:\/\/decubal.com\/no\/wp-json\/wp\/v2\/types\/page"}],"author":[{"embeddable":true,"href":"https:\/\/decubal.com\/no\/wp-json\/wp\/v2\/users\/2"}],"replies":[{"embeddable":true,"href":"https:\/\/decubal.com\/no\/wp-json\/wp\/v2\/comments?post=90"}],"version-history":[{"count":10,"href":"https:\/\/decubal.com\/no\/wp-json\/wp\/v2\/pages\/90\/revisions"}],"predecessor-version":[{"id":680,"href":"https:\/\/decubal.com\/no\/wp-json\/wp\/v2\/pages\/90\/revisions\/680"}],"wp:attachment":[{"href":"https:\/\/decubal.com\/no\/wp-json\/wp\/v2\/media?parent=90"}],"wp:term":[{"taxonomy":"from-article-database","embeddable":true,"href":"https:\/\/decubal.com\/no\/wp-json\/wp\/v2\/from-article-database?post=90"}],"curies":[{"name":"wp","href":"https:\/\/api.w.org\/{rel}","templated":true}]}}