{"id":87,"date":"2022-05-18T09:20:45","date_gmt":"2022-05-18T07:20:45","guid":{"rendered":"https:\/\/decubal.com\/no\/?page_id=87"},"modified":"2024-12-13T08:25:39","modified_gmt":"2024-12-13T07:25:39","slug":"nyttig-info","status":"publish","type":"page","link":"https:\/\/decubal.com\/no\/nyttig-info\/","title":{"rendered":"Nyttig info"},"content":{"rendered":"\n\n\n\n\n<div class=\"wp-block-karopharma-free-text md:pt-20 lg:pt-32 pb-small bg-center bg-contain bg-no-repeat\" style=\"background-image:url()\"><div class=\"free-text-wrapper container max-w-medium text-center\">\n<h2 class=\"wp-block-heading is-style-heading-h2\">Nyttig informasjon om hudtilstander<\/h2>\n<\/div><\/div>\n\n\n\n<div class=\"wp-block-karopharma-accordions\"><div class=\"container\">\n<details class=\"wp-block-karopharma-accordion\"><summary><h2 class=\"accordion-title\">Eksem<\/h2><\/summary><div class=\"accordion-content\">\n<p>Eksem er en fellesbetegnelse for flere hudsykdommer. Dette kan for eksempel v\u00e6re r\u00f8dhet, hevelse, t\u00f8rrhet, kl\u00f8e, flass og blemmer. Eksem betyr at huden er betent. Den er ofte ogs\u00e5 t\u00f8rr og skj\u00f8r og har derfor redusert evne til \u00e5 beskytte seg mot ytre p\u00e5virkninger som infeksjoner. Eksemet kl\u00f8r ofte, men kl\u00f8r du, sprer betennelsen seg og utslettet kan forverres.<\/p>\n\n\n\n<p><strong>Daglig hudpleie lindrer.<\/strong><\/p>\n\n\n\n<p>Daglig hudpleie er viktig for \u00e5 gi huden beskyttelse mot ytre p\u00e5virkninger. Bruk kremer med h\u00f8yt fettinnhold og uten parfyme. Noen ganger kan det v\u00e6re n\u00f8dvendig \u00e5 behandle med medisinske kremer som du f\u00e5r etter avtale med lege eller hudlege.<\/p>\n\n\n\n<p>Tenk ogs\u00e5 p\u00e5 hvor ofte du vasker deg \u2013 s\u00e5pe og vann t\u00f8rker ogs\u00e5 ut huden. Om n\u00f8dvendig, bytt ut s\u00e5pen med en vaskeolje, for eksempel Decubal Shower &amp; Bath Oil.<\/p>\n<\/div><\/details>\n\n\n\n<details class=\"wp-block-karopharma-accordion\"><summary><h2 class=\"accordion-title\">Irritasjonseksem<\/h2><\/summary><div class=\"accordion-content\">\n<p>Hvis huden ofte kommer i kontakt med irriterende stoffer, som sterke rensemidler, eller hvis du vasker deg for ofte med s\u00e5pe og vann, kan den reagere med \u00e5 bli t\u00f8rr og sprukket. Hudens naturlige beskyttelse brytes ned, og det kan oppst\u00e5 ikke-allergisk kontakteksem \u2013 ogs\u00e5 kalt irritasjonseksem. Hos barn og unge som driver med idrett ligger kontakteksem vanligvis under verneutstyret, som benbeskyttelse i ishockey og fotball.<\/p>\n<\/div><\/details>\n\n\n\n<details class=\"wp-block-karopharma-accordion\"><summary><h2 class=\"accordion-title\">Allergisk kontakteksem<\/h2><\/summary><div class=\"accordion-content\">\n<p>Hvis huden utsettes for et allergifremkallende stoff, som parfyme eller nikkel, kan det oppst\u00e5 en allergisk reaksjon fra kroppens immunsystem. Hele huden er ofte p\u00e5virket av allergien \u2013 ikke bare omr\u00e5det der utslettet f\u00f8rst dukket opp. Hvis du en gang har reagert p\u00e5 et bestemt stoff, blir du ofte allergisk mot det stoffet, selv om du bare er i kontakt med det i kort tid.<\/p>\n\n\n\n<p>Kontakteksem viser seg som r\u00f8dhet, kl\u00f8e, klumper og sm\u00e5 blemmer og kan utvikle seg til s\u00e5r.<\/p>\n<\/div><\/details>\n\n\n\n<details class=\"wp-block-karopharma-accordion\"><summary><h2 class=\"accordion-title\">Hudens struktur og funksjoner<\/h2><\/summary><div class=\"accordion-content\">\n<p>Det er ikke noe vi tenker p\u00e5 til daglig. Men huden er et levende, aktivt organ. Faktisk er huden det st\u00f8rste organet, som hos en voksen veier ca. 3 kg., og har et areal p\u00e5 ca. 2 m2.<\/p>\n\n\n\n<p>Huden har mange viktige funksjoner. Huden beskytter kroppen v\u00e5r mot effekten av mikroorganismer, kjemikalier, trykk og bare noe s\u00e5 enkelt som vann og s\u00e5pe.<\/p>\n\n\n\n<p>Huden best\u00e5r av flere lag:<\/p>\n\n\n\n<p>1. \u00d8vrehuden (epidermis)<br>2. L\u00e6rhuden (dermis)<br>3. Underhuden (subcutis)<\/p>\n<\/div><\/details>\n\n\n\n<details class=\"wp-block-karopharma-accordion\"><summary><h2 class=\"accordion-title\">Normal hud \/ T\u00f8rr hud<\/h2><\/summary><div class=\"accordion-content\">\n<p><strong>Normal hud<\/strong><\/p>\n\n\n\n<p>Det \u00f8vre laget av huden (stratum corneum) best\u00e5r av keratiniserte, d\u00f8de hudceller. Hudcellene bindes sammen av talg. P\u00e5 denne m\u00e5ten holder stratum corneum p\u00e5 fuktigheten i huden, og gir huden en barriere som beskytter mot slitasje og ytre p\u00e5virkninger som f.eks. mikroorganismer, vann og s\u00e5pe.<\/p>\n\n\n\n<p><strong>T\u00f8rr hud<\/strong><\/p>\n\n\n\n<p>Hvis talg forsvinner, f.eks. ved slitasje eller ved eksponering for s\u00e5pe eller vaskemiddel kan vannet fordampe fritt fra huden, hudbarrieren er skadet &#8211; med t\u00f8rr hud som resultat.<\/p>\n\n\n\n<p>Hvis hudbarrieren er skadet, kan ytre stoffer lettere trenge direkte inn i huden, noe som kan f\u00f8re til betennelse eller allergi.<\/p>\n\n\n\n<p><strong>Hvordan ser t\u00f8rr hud ut?<\/strong><\/p>\n\n\n\n<p>Kl\u00f8e, f\u00f8lelse av stramhet og mulig sprekker og s\u00e5r kan v\u00e6re ubehagelige f\u00f8lger av t\u00f8rr hud.<\/p>\n\n\n\n<p>De fleste opplever at huden blir t\u00f8rrere om vinteren, spesielt i ansikt og hender, hvor kulde og vind sliter p\u00e5 huden.<\/p>\n<\/div><\/details>\n\n\n\n<details class=\"wp-block-karopharma-accordion\"><summary><h2 class=\"accordion-title\">Om t\u00f8rr hud<\/h2><\/summary><div class=\"accordion-content\">\n<p>T\u00f8rr hud er sv\u00e6rt vanlig i v\u00e5rt nordiske klima. T\u00f8rr hud kan skyldes forskjellige ting og kan oppleves p\u00e5 forskjellige m\u00e5ter &#8211; noen har bare en f\u00f8lelse av t\u00f8rrhet og litt stram hud, mens andre har s\u00e5 t\u00f8rr hud at det sprekker.<\/p>\n\n\n\n<p><strong>T\u00f8rr hud mangler vann<\/strong><\/p>\n\n\n\n<p>Akkurat som et hus bygget av murstein med m\u00f8rtel imellom, best\u00e5r overflaten av huden av hornceller. Mellom disse cellene ligger fett, de s\u00e5kalte lipidene. I sunn hud binder lipidene fuktighet i huden og lager en beskyttende barriere som hindrer vannet i \u00e5 fordampe.<\/p>\n\n\n\n<p>I t\u00f8rr hud er det for lite av denne &laquo;m\u00f8rtelen&raquo;, noe som gj\u00f8r at den ikke kan binde fukt og vann. Vannet fordamper og huden blir t\u00f8rr. Jo eldre du blir, jo mer vanlig blir problemet. Hudens evne til \u00e5 binde fukt avtar med alderen.<\/p>\n\n\n\n<figure class=\"wp-block-image size-full is-resized\"><img decoding=\"async\" src=\"https:\/\/decubal.com\/app\/uploads\/sites\/2\/2022\/05\/hud-dk-300x117-1.png\" alt=\"Om t\u00f8r hud\" class=\"wp-image-109\" style=\"width:300px;height:117px\"\/><\/figure>\n\n\n\n<p><strong>P\u00e5virkning fra livsstil og klima<\/strong><\/p>\n\n\n\n<p>Dine gener og din livsstil er de mest avgj\u00f8rende faktorene n\u00e5r det kommer til huden din. Ytre faktorer som stress, forurensning, sterk sol, r\u00f8yking, dine gener og livsstil er de mest avgj\u00f8rende faktorene n\u00e5r det kommer til huden din. Ytre faktorer som stress, forurensning, sterk sol, r\u00f8yking og d\u00e5rlig kosthold spiller inn. \u00c5rstiden har ogs\u00e5 en betydning.<\/p>\n\n\n\n<p><strong>Hudsykdommer kan ogs\u00e5 v\u00e6re viktige<\/strong><\/p>\n\n\n\n<p>T\u00f8rr hud kan ogs\u00e5 v\u00e6re for\u00e5rsaket av en form for hudtilstand, som psoriasis eller eksem.<\/p>\n\n\n\n<p><strong>Sprukket hud kan for\u00e5rsake infeksjoner<\/strong><\/p>\n\n\n\n<p>T\u00f8rr hud kan ikke bare f\u00f8les ubehagelig \u2013 det kan ogs\u00e5 f\u00f8re til mange problemer. Det gir en ujevn hudoverflate som gj\u00f8r huden &laquo;\u00e5pen&raquo; og mottakelig for bakterier. Sprekker i huden er det ideelle milj\u00f8et for dannelse av infeksjoner.<\/p>\n\n\n\n<figure class=\"wp-block-image size-full\"><img decoding=\"async\" src=\"https:\/\/decubal.com\/app\/uploads\/sites\/2\/2022\/05\/hud-dk-300x156-1.png\" alt=\"Om t\u00f8r hud\" class=\"wp-image-111\"\/><\/figure>\n<\/div><\/details>\n<\/div><\/div>\n","protected":false},"excerpt":{"rendered":"","protected":false},"author":2,"featured_media":0,"parent":0,"menu_order":0,"comment_status":"closed","ping_status":"closed","template":"","meta":{"_acf_changed":false,"footnotes":""},"from-article-database":[],"class_list":["post-87","page","type-page","status-publish","hentry"],"acf":[],"yoast_head":"<!-- This site is optimized with the Yoast SEO plugin v26.6 - https:\/\/yoast.com\/wordpress\/plugins\/seo\/ -->\n<title>Nyttig info - Decubal<\/title>\n<meta name=\"description\" content=\"Ofte stilte sp\u00f8rsm\u00e5l vedr Eksem, irritasjonseksem, allergisk kontakteksem, hudens struktur og funksjoner\" \/>\n<meta name=\"robots\" content=\"index, follow, max-snippet:-1, max-image-preview:large, max-video-preview:-1\" \/>\n<link rel=\"canonical\" href=\"https:\/\/decubal.com\/no\/nyttig-info\/\" \/>\n<meta property=\"og:locale\" content=\"nb_NO\" \/>\n<meta property=\"og:type\" content=\"article\" \/>\n<meta property=\"og:title\" content=\"Nyttig info - Decubal\" \/>\n<meta property=\"og:description\" content=\"Ofte stilte sp\u00f8rsm\u00e5l vedr Eksem, irritasjonseksem, allergisk kontakteksem, hudens struktur og funksjoner\" \/>\n<meta property=\"og:url\" content=\"https:\/\/decubal.com\/no\/nyttig-info\/\" \/>\n<meta property=\"og:site_name\" content=\"Decubal\" \/>\n<meta property=\"article:modified_time\" content=\"2024-12-13T07:25:39+00:00\" \/>\n<meta property=\"og:image\" content=\"https:\/\/decubal.com\/app\/uploads\/sites\/2\/2022\/05\/hud-dk-300x117-1.png\" \/>\n<meta name=\"twitter:card\" content=\"summary_large_image\" \/>\n<meta name=\"twitter:label1\" content=\"Ansl. lesetid\" \/>\n\t<meta name=\"twitter:data1\" content=\"5 minutter\" \/>\n<script type=\"application\/ld+json\" class=\"yoast-schema-graph\">{\"@context\":\"https:\/\/schema.org\",\"@graph\":[{\"@type\":\"WebPage\",\"@id\":\"https:\/\/decubal.com\/no\/nyttig-info\/\",\"url\":\"https:\/\/decubal.com\/no\/nyttig-info\/\",\"name\":\"Nyttig info - Decubal\",\"isPartOf\":{\"@id\":\"https:\/\/multisite.decubal.com\/no\/#website\"},\"primaryImageOfPage\":{\"@id\":\"https:\/\/decubal.com\/no\/nyttig-info\/#primaryimage\"},\"image\":{\"@id\":\"https:\/\/decubal.com\/no\/nyttig-info\/#primaryimage\"},\"thumbnailUrl\":\"https:\/\/decubal.com\/app\/uploads\/sites\/2\/2022\/05\/hud-dk-300x117-1.png\",\"datePublished\":\"2022-05-18T07:20:45+00:00\",\"dateModified\":\"2024-12-13T07:25:39+00:00\",\"description\":\"Ofte stilte sp\u00f8rsm\u00e5l vedr Eksem, irritasjonseksem, allergisk kontakteksem, hudens struktur og funksjoner\",\"breadcrumb\":{\"@id\":\"https:\/\/decubal.com\/no\/nyttig-info\/#breadcrumb\"},\"inLanguage\":\"nb-NO\",\"potentialAction\":[{\"@type\":\"ReadAction\",\"target\":[\"https:\/\/decubal.com\/no\/nyttig-info\/\"]}]},{\"@type\":\"ImageObject\",\"inLanguage\":\"nb-NO\",\"@id\":\"https:\/\/decubal.com\/no\/nyttig-info\/#primaryimage\",\"url\":\"https:\/\/decubal.com\/app\/uploads\/sites\/2\/2022\/05\/hud-dk-300x117-1.png\",\"contentUrl\":\"https:\/\/decubal.com\/app\/uploads\/sites\/2\/2022\/05\/hud-dk-300x117-1.png\"},{\"@type\":\"BreadcrumbList\",\"@id\":\"https:\/\/decubal.com\/no\/nyttig-info\/#breadcrumb\",\"itemListElement\":[{\"@type\":\"ListItem\",\"position\":1,\"name\":\"Home\",\"item\":\"https:\/\/decubal.com\/no\/\"},{\"@type\":\"ListItem\",\"position\":2,\"name\":\"Nyttig info\"}]},{\"@type\":\"WebSite\",\"@id\":\"https:\/\/multisite.decubal.com\/no\/#website\",\"url\":\"https:\/\/multisite.decubal.com\/no\/\",\"name\":\"Decubal\",\"description\":\"\",\"publisher\":{\"@id\":\"https:\/\/multisite.decubal.com\/no\/#organization\"},\"potentialAction\":[{\"@type\":\"SearchAction\",\"target\":{\"@type\":\"EntryPoint\",\"urlTemplate\":\"https:\/\/multisite.decubal.com\/no\/?s={search_term_string}\"},\"query-input\":{\"@type\":\"PropertyValueSpecification\",\"valueRequired\":true,\"valueName\":\"search_term_string\"}}],\"inLanguage\":\"nb-NO\"},{\"@type\":\"Organization\",\"@id\":\"https:\/\/multisite.decubal.com\/no\/#organization\",\"name\":\"Decubal\",\"url\":\"https:\/\/multisite.decubal.com\/no\/\",\"logo\":{\"@type\":\"ImageObject\",\"inLanguage\":\"nb-NO\",\"@id\":\"https:\/\/multisite.decubal.com\/no\/#\/schema\/logo\/image\/\",\"url\":\"https:\/\/decubal.com\/app\/uploads\/sites\/4\/2022\/05\/Decubal-logo.png\",\"contentUrl\":\"https:\/\/decubal.com\/app\/uploads\/sites\/4\/2022\/05\/Decubal-logo.png\",\"width\":138,\"height\":40,\"caption\":\"Decubal\"},\"image\":{\"@id\":\"https:\/\/multisite.decubal.com\/no\/#\/schema\/logo\/image\/\"}}]}<\/script>\n<!-- \/ Yoast SEO plugin. -->","yoast_head_json":{"title":"Nyttig info - Decubal","description":"Ofte stilte sp\u00f8rsm\u00e5l vedr Eksem, irritasjonseksem, allergisk kontakteksem, hudens struktur og funksjoner","robots":{"index":"index","follow":"follow","max-snippet":"max-snippet:-1","max-image-preview":"max-image-preview:large","max-video-preview":"max-video-preview:-1"},"canonical":"https:\/\/decubal.com\/no\/nyttig-info\/","og_locale":"nb_NO","og_type":"article","og_title":"Nyttig info - Decubal","og_description":"Ofte stilte sp\u00f8rsm\u00e5l vedr Eksem, irritasjonseksem, allergisk kontakteksem, hudens struktur og funksjoner","og_url":"https:\/\/decubal.com\/no\/nyttig-info\/","og_site_name":"Decubal","article_modified_time":"2024-12-13T07:25:39+00:00","og_image":[{"url":"https:\/\/decubal.com\/app\/uploads\/sites\/2\/2022\/05\/hud-dk-300x117-1.png","type":"","width":"","height":""}],"twitter_card":"summary_large_image","twitter_misc":{"Ansl. lesetid":"5 minutter"},"schema":{"@context":"https:\/\/schema.org","@graph":[{"@type":"WebPage","@id":"https:\/\/decubal.com\/no\/nyttig-info\/","url":"https:\/\/decubal.com\/no\/nyttig-info\/","name":"Nyttig info - Decubal","isPartOf":{"@id":"https:\/\/multisite.decubal.com\/no\/#website"},"primaryImageOfPage":{"@id":"https:\/\/decubal.com\/no\/nyttig-info\/#primaryimage"},"image":{"@id":"https:\/\/decubal.com\/no\/nyttig-info\/#primaryimage"},"thumbnailUrl":"https:\/\/decubal.com\/app\/uploads\/sites\/2\/2022\/05\/hud-dk-300x117-1.png","datePublished":"2022-05-18T07:20:45+00:00","dateModified":"2024-12-13T07:25:39+00:00","description":"Ofte stilte sp\u00f8rsm\u00e5l vedr Eksem, irritasjonseksem, allergisk kontakteksem, hudens struktur og funksjoner","breadcrumb":{"@id":"https:\/\/decubal.com\/no\/nyttig-info\/#breadcrumb"},"inLanguage":"nb-NO","potentialAction":[{"@type":"ReadAction","target":["https:\/\/decubal.com\/no\/nyttig-info\/"]}]},{"@type":"ImageObject","inLanguage":"nb-NO","@id":"https:\/\/decubal.com\/no\/nyttig-info\/#primaryimage","url":"https:\/\/decubal.com\/app\/uploads\/sites\/2\/2022\/05\/hud-dk-300x117-1.png","contentUrl":"https:\/\/decubal.com\/app\/uploads\/sites\/2\/2022\/05\/hud-dk-300x117-1.png"},{"@type":"BreadcrumbList","@id":"https:\/\/decubal.com\/no\/nyttig-info\/#breadcrumb","itemListElement":[{"@type":"ListItem","position":1,"name":"Home","item":"https:\/\/decubal.com\/no\/"},{"@type":"ListItem","position":2,"name":"Nyttig info"}]},{"@type":"WebSite","@id":"https:\/\/multisite.decubal.com\/no\/#website","url":"https:\/\/multisite.decubal.com\/no\/","name":"Decubal","description":"","publisher":{"@id":"https:\/\/multisite.decubal.com\/no\/#organization"},"potentialAction":[{"@type":"SearchAction","target":{"@type":"EntryPoint","urlTemplate":"https:\/\/multisite.decubal.com\/no\/?s={search_term_string}"},"query-input":{"@type":"PropertyValueSpecification","valueRequired":true,"valueName":"search_term_string"}}],"inLanguage":"nb-NO"},{"@type":"Organization","@id":"https:\/\/multisite.decubal.com\/no\/#organization","name":"Decubal","url":"https:\/\/multisite.decubal.com\/no\/","logo":{"@type":"ImageObject","inLanguage":"nb-NO","@id":"https:\/\/multisite.decubal.com\/no\/#\/schema\/logo\/image\/","url":"https:\/\/decubal.com\/app\/uploads\/sites\/4\/2022\/05\/Decubal-logo.png","contentUrl":"https:\/\/decubal.com\/app\/uploads\/sites\/4\/2022\/05\/Decubal-logo.png","width":138,"height":40,"caption":"Decubal"},"image":{"@id":"https:\/\/multisite.decubal.com\/no\/#\/schema\/logo\/image\/"}}]}},"_links":{"self":[{"href":"https:\/\/decubal.com\/no\/wp-json\/wp\/v2\/pages\/87","targetHints":{"allow":["GET"]}}],"collection":[{"href":"https:\/\/decubal.com\/no\/wp-json\/wp\/v2\/pages"}],"about":[{"href":"https:\/\/decubal.com\/no\/wp-json\/wp\/v2\/types\/page"}],"author":[{"embeddable":true,"href":"https:\/\/decubal.com\/no\/wp-json\/wp\/v2\/users\/2"}],"replies":[{"embeddable":true,"href":"https:\/\/decubal.com\/no\/wp-json\/wp\/v2\/comments?post=87"}],"version-history":[{"count":10,"href":"https:\/\/decubal.com\/no\/wp-json\/wp\/v2\/pages\/87\/revisions"}],"predecessor-version":[{"id":721,"href":"https:\/\/decubal.com\/no\/wp-json\/wp\/v2\/pages\/87\/revisions\/721"}],"wp:attachment":[{"href":"https:\/\/decubal.com\/no\/wp-json\/wp\/v2\/media?parent=87"}],"wp:term":[{"taxonomy":"from-article-database","embeddable":true,"href":"https:\/\/decubal.com\/no\/wp-json\/wp\/v2\/from-article-database?post=87"}],"curies":[{"name":"wp","href":"https:\/\/api.w.org\/{rel}","templated":true}]}}