{"id":99,"date":"2022-09-14T09:10:16","date_gmt":"2022-09-14T09:10:16","guid":{"rendered":"https:\/\/decubal.com\/is\/?post_type=product&#038;p=99"},"modified":"2025-11-17T10:42:05","modified_gmt":"2025-11-17T10:42:05","slug":"decubal-junior-cold-cream","status":"publish","type":"product","link":"https:\/\/decubal.com\/is\/voru\/decubal-junior-cold-cream\/","title":{"rendered":"Decubal junior cold cream"},"content":{"rendered":"\n<div class=\"wp-block-karopharma-accordions is-style-secondary\"><div class=\"container\">\n<details class=\"wp-block-karopharma-accordion\"><summary><h2 class=\"accordion-title\">Notkun<\/h2><\/summary><div class=\"accordion-content\">\n<ul class=\"is-style-icon wp-block-list\"><li><span style=\"font-family: var(--font-family-body);font-size: 1rem;font-weight: var(--font-weight-body);background-color: var(--color-secondary-10);color: initial\">Nota\u00f0 daglega e\u00f0a eftir \u00fe\u00f6rfum<\/span><\/li><li>H\u00e6gt a\u00f0 nota \u00e1 allan l\u00edkamann e\u00f0a sta\u00f0bundi\u00f0 \u00e1 t.d. kinnar, eyru, hendur og olnboga<\/li><li>Beri\u00f0 \u00e1 h\u00fa\u00f0ina helst 15-20 m\u00edn\u00fatum \u00e1\u00f0ur en barni\u00f0 fer \u00fat<\/li><\/ul>\n<\/div><\/details>\n\n\n\n<details class=\"wp-block-karopharma-accordion\"><summary><h2 class=\"accordion-title\">Innihaldsefni<\/h2><\/summary><div class=\"accordion-content\">\n<figure class=\"wp-block-table\"><table><tbody><tr><td><strong>Innihaldsefni<\/strong><\/td><\/tr><tr><td>Petrolatum<\/td><\/tr><tr><td>Aqua<\/td><\/tr><tr><td>Paraffinum Liquidum<\/td><\/tr><tr><td>Cetearyl Alcohol<\/td><\/tr><tr><td>Ceteareth -25<\/td><\/tr><tr><td>Ceteareth-20<\/td><\/tr><tr><td>Sodium Cluconate<\/td><\/tr><tr><td>Sodium Citrate<\/td><\/tr><tr><td>Citric Acid<\/td><\/tr><tr><td>Caprylyl Glycol<\/td><\/tr><tr><td>Phenoxyethanol<\/td><\/tr><\/tbody><\/table><\/figure>\n<\/div><\/details>\n<\/div><\/div>\n","protected":false},"excerpt":{"rendered":"<p>Vendandi krem gegn ro\u00f0a og \u00feurrki \u00feegar kalt er \u00fati<\/p>\n","protected":false},"featured_media":100,"comment_status":"closed","ping_status":"closed","template":"","meta":{"_acf_changed":false,"footnotes":""},"product_brand":[],"product_cat":[20],"product_tag":[],"class_list":{"0":"post-99","1":"product","2":"type-product","3":"status-publish","4":"has-post-thumbnail","6":"product_cat-yngri","8":"first","9":"instock","10":"shipping-taxable","11":"product-type-simple"},"acf":[],"yoast_head":"<!-- This site is optimized with the Yoast SEO plugin v26.6 - https:\/\/yoast.com\/wordpress\/plugins\/seo\/ -->\n<title>Decubal junior cold cream - Decubal<\/title>\n<meta name=\"description\" content=\"Decubal Junior Cold Cream er krem sem er s\u00e9rstaklega hanna\u00f0 til a\u00f0 vernda kinnar og andlit barnsins \u00feegar \u00fea\u00f0 er kalt \u00fati. \u00dea\u00f0 er a\u00f0laga\u00f0 til daglegrar notkunar og verndar h\u00fa\u00f0ina gegn \u00fev\u00ed a\u00f0 ver\u00f0a rau\u00f0 og \u00feurr.\" \/>\n<meta name=\"robots\" content=\"index, follow, max-snippet:-1, max-image-preview:large, max-video-preview:-1\" \/>\n<link rel=\"canonical\" href=\"https:\/\/decubal.com\/is\/voru\/decubal-junior-cold-cream\/\" \/>\n<meta property=\"og:locale\" content=\"is_IS\" \/>\n<meta property=\"og:type\" content=\"article\" \/>\n<meta property=\"og:title\" content=\"Decubal junior cold cream - Decubal\" \/>\n<meta property=\"og:description\" content=\"Decubal Junior Cold Cream er krem sem er s\u00e9rstaklega hanna\u00f0 til a\u00f0 vernda kinnar og andlit barnsins \u00feegar \u00fea\u00f0 er kalt \u00fati. \u00dea\u00f0 er a\u00f0laga\u00f0 til daglegrar notkunar og verndar h\u00fa\u00f0ina gegn \u00fev\u00ed a\u00f0 ver\u00f0a rau\u00f0 og \u00feurr.\" \/>\n<meta property=\"og:url\" content=\"https:\/\/decubal.com\/is\/voru\/decubal-junior-cold-cream\/\" \/>\n<meta property=\"og:site_name\" content=\"Decubal\" \/>\n<meta property=\"article:modified_time\" content=\"2025-11-17T10:42:05+00:00\" \/>\n<meta property=\"og:image\" content=\"https:\/\/decubal.com\/app\/uploads\/sites\/6\/2022\/09\/Decubal-junior-cold-cream.png\" \/>\n\t<meta property=\"og:image:width\" content=\"600\" \/>\n\t<meta property=\"og:image:height\" content=\"600\" \/>\n\t<meta property=\"og:image:type\" content=\"image\/png\" \/>\n<meta name=\"twitter:card\" content=\"summary_large_image\" \/>\n<meta name=\"twitter:label1\" content=\"Est. reading time\" \/>\n\t<meta name=\"twitter:data1\" content=\"1 minute\" \/>\n<script type=\"application\/ld+json\" class=\"yoast-schema-graph\">{\"@context\":\"https:\/\/schema.org\",\"@graph\":[{\"@type\":\"WebPage\",\"@id\":\"https:\/\/decubal.com\/is\/voru\/decubal-junior-cold-cream\/\",\"url\":\"https:\/\/decubal.com\/is\/voru\/decubal-junior-cold-cream\/\",\"name\":\"Decubal junior cold cream - Decubal\",\"isPartOf\":{\"@id\":\"https:\/\/decubal.com\/is\/#website\"},\"primaryImageOfPage\":{\"@id\":\"https:\/\/decubal.com\/is\/voru\/decubal-junior-cold-cream\/#primaryimage\"},\"image\":{\"@id\":\"https:\/\/decubal.com\/is\/voru\/decubal-junior-cold-cream\/#primaryimage\"},\"thumbnailUrl\":\"https:\/\/decubal.com\/app\/uploads\/sites\/6\/2022\/09\/Decubal-junior-cold-cream.png\",\"datePublished\":\"2022-09-14T09:10:16+00:00\",\"dateModified\":\"2025-11-17T10:42:05+00:00\",\"description\":\"Decubal Junior Cold Cream er krem sem er s\u00e9rstaklega hanna\u00f0 til a\u00f0 vernda kinnar og andlit barnsins \u00feegar \u00fea\u00f0 er kalt \u00fati. \u00dea\u00f0 er a\u00f0laga\u00f0 til daglegrar notkunar og verndar h\u00fa\u00f0ina gegn \u00fev\u00ed a\u00f0 ver\u00f0a rau\u00f0 og \u00feurr.\",\"breadcrumb\":{\"@id\":\"https:\/\/decubal.com\/is\/voru\/decubal-junior-cold-cream\/#breadcrumb\"},\"inLanguage\":\"is\",\"potentialAction\":[{\"@type\":\"ReadAction\",\"target\":[\"https:\/\/decubal.com\/is\/voru\/decubal-junior-cold-cream\/\"]}]},{\"@type\":\"ImageObject\",\"inLanguage\":\"is\",\"@id\":\"https:\/\/decubal.com\/is\/voru\/decubal-junior-cold-cream\/#primaryimage\",\"url\":\"https:\/\/decubal.com\/app\/uploads\/sites\/6\/2022\/09\/Decubal-junior-cold-cream.png\",\"contentUrl\":\"https:\/\/decubal.com\/app\/uploads\/sites\/6\/2022\/09\/Decubal-junior-cold-cream.png\",\"width\":600,\"height\":600},{\"@type\":\"BreadcrumbList\",\"@id\":\"https:\/\/decubal.com\/is\/voru\/decubal-junior-cold-cream\/#breadcrumb\",\"itemListElement\":[{\"@type\":\"ListItem\",\"position\":1,\"name\":\"Home\",\"item\":\"https:\/\/decubal.com\/is\/\"},{\"@type\":\"ListItem\",\"position\":2,\"name\":\"V\u00f6rur\",\"item\":\"https:\/\/decubal.com\/is\/vorur\/\"},{\"@type\":\"ListItem\",\"position\":3,\"name\":\"Decubal junior cold cream\"}]},{\"@type\":\"WebSite\",\"@id\":\"https:\/\/decubal.com\/is\/#website\",\"url\":\"https:\/\/decubal.com\/is\/\",\"name\":\"Decubal\",\"description\":\"\",\"publisher\":{\"@id\":\"https:\/\/decubal.com\/is\/#organization\"},\"potentialAction\":[{\"@type\":\"SearchAction\",\"target\":{\"@type\":\"EntryPoint\",\"urlTemplate\":\"https:\/\/decubal.com\/is\/?s={search_term_string}\"},\"query-input\":{\"@type\":\"PropertyValueSpecification\",\"valueRequired\":true,\"valueName\":\"search_term_string\"}}],\"inLanguage\":\"is\"},{\"@type\":\"Organization\",\"@id\":\"https:\/\/decubal.com\/is\/#organization\",\"name\":\"Decubal\",\"url\":\"https:\/\/decubal.com\/is\/\",\"logo\":{\"@type\":\"ImageObject\",\"inLanguage\":\"is\",\"@id\":\"https:\/\/decubal.com\/is\/#\/schema\/logo\/image\/\",\"url\":\"https:\/\/decubal.com\/app\/uploads\/sites\/6\/2022\/09\/Decubal-logo.png\",\"contentUrl\":\"https:\/\/decubal.com\/app\/uploads\/sites\/6\/2022\/09\/Decubal-logo.png\",\"width\":138,\"height\":40,\"caption\":\"Decubal\"},\"image\":{\"@id\":\"https:\/\/decubal.com\/is\/#\/schema\/logo\/image\/\"}}]}<\/script>\n<!-- \/ Yoast SEO plugin. -->","yoast_head_json":{"title":"Decubal junior cold cream - Decubal","description":"Decubal Junior Cold Cream er krem sem er s\u00e9rstaklega hanna\u00f0 til a\u00f0 vernda kinnar og andlit barnsins \u00feegar \u00fea\u00f0 er kalt \u00fati. \u00dea\u00f0 er a\u00f0laga\u00f0 til daglegrar notkunar og verndar h\u00fa\u00f0ina gegn \u00fev\u00ed a\u00f0 ver\u00f0a rau\u00f0 og \u00feurr.","robots":{"index":"index","follow":"follow","max-snippet":"max-snippet:-1","max-image-preview":"max-image-preview:large","max-video-preview":"max-video-preview:-1"},"canonical":"https:\/\/decubal.com\/is\/voru\/decubal-junior-cold-cream\/","og_locale":"is_IS","og_type":"article","og_title":"Decubal junior cold cream - Decubal","og_description":"Decubal Junior Cold Cream er krem sem er s\u00e9rstaklega hanna\u00f0 til a\u00f0 vernda kinnar og andlit barnsins \u00feegar \u00fea\u00f0 er kalt \u00fati. \u00dea\u00f0 er a\u00f0laga\u00f0 til daglegrar notkunar og verndar h\u00fa\u00f0ina gegn \u00fev\u00ed a\u00f0 ver\u00f0a rau\u00f0 og \u00feurr.","og_url":"https:\/\/decubal.com\/is\/voru\/decubal-junior-cold-cream\/","og_site_name":"Decubal","article_modified_time":"2025-11-17T10:42:05+00:00","og_image":[{"width":600,"height":600,"url":"https:\/\/decubal.com\/app\/uploads\/sites\/6\/2022\/09\/Decubal-junior-cold-cream.png","type":"image\/png"}],"twitter_card":"summary_large_image","twitter_misc":{"Est. reading time":"1 minute"},"schema":{"@context":"https:\/\/schema.org","@graph":[{"@type":"WebPage","@id":"https:\/\/decubal.com\/is\/voru\/decubal-junior-cold-cream\/","url":"https:\/\/decubal.com\/is\/voru\/decubal-junior-cold-cream\/","name":"Decubal junior cold cream - Decubal","isPartOf":{"@id":"https:\/\/decubal.com\/is\/#website"},"primaryImageOfPage":{"@id":"https:\/\/decubal.com\/is\/voru\/decubal-junior-cold-cream\/#primaryimage"},"image":{"@id":"https:\/\/decubal.com\/is\/voru\/decubal-junior-cold-cream\/#primaryimage"},"thumbnailUrl":"https:\/\/decubal.com\/app\/uploads\/sites\/6\/2022\/09\/Decubal-junior-cold-cream.png","datePublished":"2022-09-14T09:10:16+00:00","dateModified":"2025-11-17T10:42:05+00:00","description":"Decubal Junior Cold Cream er krem sem er s\u00e9rstaklega hanna\u00f0 til a\u00f0 vernda kinnar og andlit barnsins \u00feegar \u00fea\u00f0 er kalt \u00fati. \u00dea\u00f0 er a\u00f0laga\u00f0 til daglegrar notkunar og verndar h\u00fa\u00f0ina gegn \u00fev\u00ed a\u00f0 ver\u00f0a rau\u00f0 og \u00feurr.","breadcrumb":{"@id":"https:\/\/decubal.com\/is\/voru\/decubal-junior-cold-cream\/#breadcrumb"},"inLanguage":"is","potentialAction":[{"@type":"ReadAction","target":["https:\/\/decubal.com\/is\/voru\/decubal-junior-cold-cream\/"]}]},{"@type":"ImageObject","inLanguage":"is","@id":"https:\/\/decubal.com\/is\/voru\/decubal-junior-cold-cream\/#primaryimage","url":"https:\/\/decubal.com\/app\/uploads\/sites\/6\/2022\/09\/Decubal-junior-cold-cream.png","contentUrl":"https:\/\/decubal.com\/app\/uploads\/sites\/6\/2022\/09\/Decubal-junior-cold-cream.png","width":600,"height":600},{"@type":"BreadcrumbList","@id":"https:\/\/decubal.com\/is\/voru\/decubal-junior-cold-cream\/#breadcrumb","itemListElement":[{"@type":"ListItem","position":1,"name":"Home","item":"https:\/\/decubal.com\/is\/"},{"@type":"ListItem","position":2,"name":"V\u00f6rur","item":"https:\/\/decubal.com\/is\/vorur\/"},{"@type":"ListItem","position":3,"name":"Decubal junior cold cream"}]},{"@type":"WebSite","@id":"https:\/\/decubal.com\/is\/#website","url":"https:\/\/decubal.com\/is\/","name":"Decubal","description":"","publisher":{"@id":"https:\/\/decubal.com\/is\/#organization"},"potentialAction":[{"@type":"SearchAction","target":{"@type":"EntryPoint","urlTemplate":"https:\/\/decubal.com\/is\/?s={search_term_string}"},"query-input":{"@type":"PropertyValueSpecification","valueRequired":true,"valueName":"search_term_string"}}],"inLanguage":"is"},{"@type":"Organization","@id":"https:\/\/decubal.com\/is\/#organization","name":"Decubal","url":"https:\/\/decubal.com\/is\/","logo":{"@type":"ImageObject","inLanguage":"is","@id":"https:\/\/decubal.com\/is\/#\/schema\/logo\/image\/","url":"https:\/\/decubal.com\/app\/uploads\/sites\/6\/2022\/09\/Decubal-logo.png","contentUrl":"https:\/\/decubal.com\/app\/uploads\/sites\/6\/2022\/09\/Decubal-logo.png","width":138,"height":40,"caption":"Decubal"},"image":{"@id":"https:\/\/decubal.com\/is\/#\/schema\/logo\/image\/"}}]}},"_links":{"self":[{"href":"https:\/\/decubal.com\/is\/wp-json\/wp\/v2\/product\/99","targetHints":{"allow":["GET"]}}],"collection":[{"href":"https:\/\/decubal.com\/is\/wp-json\/wp\/v2\/product"}],"about":[{"href":"https:\/\/decubal.com\/is\/wp-json\/wp\/v2\/types\/product"}],"replies":[{"embeddable":true,"href":"https:\/\/decubal.com\/is\/wp-json\/wp\/v2\/comments?post=99"}],"version-history":[{"count":10,"href":"https:\/\/decubal.com\/is\/wp-json\/wp\/v2\/product\/99\/revisions"}],"predecessor-version":[{"id":601,"href":"https:\/\/decubal.com\/is\/wp-json\/wp\/v2\/product\/99\/revisions\/601"}],"wp:featuredmedia":[{"embeddable":true,"href":"https:\/\/decubal.com\/is\/wp-json\/wp\/v2\/media\/100"}],"wp:attachment":[{"href":"https:\/\/decubal.com\/is\/wp-json\/wp\/v2\/media?parent=99"}],"wp:term":[{"taxonomy":"product_brand","embeddable":true,"href":"https:\/\/decubal.com\/is\/wp-json\/wp\/v2\/product_brand?post=99"},{"taxonomy":"product_cat","embeddable":true,"href":"https:\/\/decubal.com\/is\/wp-json\/wp\/v2\/product_cat?post=99"},{"taxonomy":"product_tag","embeddable":true,"href":"https:\/\/decubal.com\/is\/wp-json\/wp\/v2\/product_tag?post=99"}],"curies":[{"name":"wp","href":"https:\/\/api.w.org\/{rel}","templated":true}]}}