{"id":91,"date":"2022-09-14T08:59:26","date_gmt":"2022-09-14T08:59:26","guid":{"rendered":"https:\/\/decubal.com\/is\/?post_type=product&#038;p=91"},"modified":"2025-08-15T10:34:31","modified_gmt":"2025-08-15T10:34:31","slug":"decubal-face-wash","status":"publish","type":"product","link":"https:\/\/decubal.com\/is\/voru\/decubal-face-wash\/","title":{"rendered":"Decubal face wash"},"content":{"rendered":"\n<div class=\"wp-block-karopharma-accordions is-style-secondary\"><div class=\"container\">\n<details class=\"wp-block-karopharma-accordion\"><summary><h2 class=\"accordion-title\">Notkun<\/h2><\/summary><div class=\"accordion-content\">\n<ul class=\"is-style-icon wp-block-list\"><li>Dagleg andlitshreinsun<\/li><\/ul>\n<\/div><\/details>\n\n\n\n<details class=\"wp-block-karopharma-accordion\"><summary><h2 class=\"accordion-title\">Innihaldsefni<\/h2><\/summary><div class=\"accordion-content\">\n<figure class=\"wp-block-table\"><table><tbody><tr><td><strong>Innihaldsefni<\/strong><\/td><\/tr><tr><td>Glycerin<\/td><\/tr><tr><td>Aqua<\/td><\/tr><tr><td>Cocamidopropyl Betaine<\/td><\/tr><tr><td>PEG-7 Glyceryl Cocoate<\/td><\/tr><tr><td>Betaine<\/td><\/tr><tr><td>Panthenol<\/td><\/tr><tr><td>Caprylyl Glycoll<\/td><\/tr><tr><td>Citric Acid<\/td><\/tr><tr><td>Sodium Gluconate<\/td><\/tr><\/tbody><\/table><\/figure>\n<\/div><\/details>\n<\/div><\/div>\n","protected":false},"excerpt":{"rendered":"<p>Mild og rakagefandi hreinsifro\u00f0a sem hreinsar h\u00fa\u00f0ina \u00e1 \u00e1hrifar\u00edkan h\u00e1tt.<\/p>\n","protected":false},"featured_media":92,"comment_status":"closed","ping_status":"closed","template":"","meta":{"_acf_changed":false,"footnotes":""},"product_brand":[],"product_cat":[18],"product_tag":[],"class_list":{"0":"post-91","1":"product","2":"type-product","3":"status-publish","4":"has-post-thumbnail","6":"product_cat-daglega","8":"first","9":"instock","10":"shipping-taxable","11":"product-type-simple"},"acf":[],"yoast_head":"<!-- This site is optimized with the Yoast SEO plugin v26.6 - https:\/\/yoast.com\/wordpress\/plugins\/seo\/ -->\n<title>Decubal face wash - Decubal<\/title>\n<meta name=\"description\" content=\"\u00devo\u00f0u andliti\u00f0 kv\u00f6lds og morgna me\u00f0 mildri hreinsifro\u00f0u sem hreinsar h\u00fa\u00f0ina \u00e1 \u00e1hrifar\u00edkan h\u00e1tt \u00e1n \u00feess a\u00f0 \u00feurra upp h\u00fa\u00f0ina. Fro\u00f0an hefur svipa\u00f0a \u00e1fer\u00f0 og mousse, sem er l\u00e9tt og mj\u00fak.\" \/>\n<meta name=\"robots\" content=\"index, follow, max-snippet:-1, max-image-preview:large, max-video-preview:-1\" \/>\n<link rel=\"canonical\" href=\"https:\/\/decubal.com\/is\/voru\/decubal-face-wash\/\" \/>\n<meta property=\"og:locale\" content=\"is_IS\" \/>\n<meta property=\"og:type\" content=\"article\" \/>\n<meta property=\"og:title\" content=\"Decubal face wash - Decubal\" \/>\n<meta property=\"og:description\" content=\"\u00devo\u00f0u andliti\u00f0 kv\u00f6lds og morgna me\u00f0 mildri hreinsifro\u00f0u sem hreinsar h\u00fa\u00f0ina \u00e1 \u00e1hrifar\u00edkan h\u00e1tt \u00e1n \u00feess a\u00f0 \u00feurra upp h\u00fa\u00f0ina. Fro\u00f0an hefur svipa\u00f0a \u00e1fer\u00f0 og mousse, sem er l\u00e9tt og mj\u00fak.\" \/>\n<meta property=\"og:url\" content=\"https:\/\/decubal.com\/is\/voru\/decubal-face-wash\/\" \/>\n<meta property=\"og:site_name\" content=\"Decubal\" \/>\n<meta property=\"article:modified_time\" content=\"2025-08-15T10:34:31+00:00\" \/>\n<meta property=\"og:image\" content=\"https:\/\/decubal.com\/app\/uploads\/sites\/6\/2022\/09\/decubal-facewash.png\" \/>\n\t<meta property=\"og:image:width\" content=\"600\" \/>\n\t<meta property=\"og:image:height\" content=\"600\" \/>\n\t<meta property=\"og:image:type\" content=\"image\/png\" \/>\n<meta name=\"twitter:card\" content=\"summary_large_image\" \/>\n<meta name=\"twitter:label1\" content=\"Est. reading time\" \/>\n\t<meta name=\"twitter:data1\" content=\"1 minute\" \/>\n<script type=\"application\/ld+json\" class=\"yoast-schema-graph\">{\"@context\":\"https:\/\/schema.org\",\"@graph\":[{\"@type\":\"WebPage\",\"@id\":\"https:\/\/decubal.com\/is\/voru\/decubal-face-wash\/\",\"url\":\"https:\/\/decubal.com\/is\/voru\/decubal-face-wash\/\",\"name\":\"Decubal face wash - Decubal\",\"isPartOf\":{\"@id\":\"https:\/\/decubal.com\/is\/#website\"},\"primaryImageOfPage\":{\"@id\":\"https:\/\/decubal.com\/is\/voru\/decubal-face-wash\/#primaryimage\"},\"image\":{\"@id\":\"https:\/\/decubal.com\/is\/voru\/decubal-face-wash\/#primaryimage\"},\"thumbnailUrl\":\"https:\/\/decubal.com\/app\/uploads\/sites\/6\/2022\/09\/decubal-facewash.png\",\"datePublished\":\"2022-09-14T08:59:26+00:00\",\"dateModified\":\"2025-08-15T10:34:31+00:00\",\"description\":\"\u00devo\u00f0u andliti\u00f0 kv\u00f6lds og morgna me\u00f0 mildri hreinsifro\u00f0u sem hreinsar h\u00fa\u00f0ina \u00e1 \u00e1hrifar\u00edkan h\u00e1tt \u00e1n \u00feess a\u00f0 \u00feurra upp h\u00fa\u00f0ina. Fro\u00f0an hefur svipa\u00f0a \u00e1fer\u00f0 og mousse, sem er l\u00e9tt og mj\u00fak.\",\"breadcrumb\":{\"@id\":\"https:\/\/decubal.com\/is\/voru\/decubal-face-wash\/#breadcrumb\"},\"inLanguage\":\"is\",\"potentialAction\":[{\"@type\":\"ReadAction\",\"target\":[\"https:\/\/decubal.com\/is\/voru\/decubal-face-wash\/\"]}]},{\"@type\":\"ImageObject\",\"inLanguage\":\"is\",\"@id\":\"https:\/\/decubal.com\/is\/voru\/decubal-face-wash\/#primaryimage\",\"url\":\"https:\/\/decubal.com\/app\/uploads\/sites\/6\/2022\/09\/decubal-facewash.png\",\"contentUrl\":\"https:\/\/decubal.com\/app\/uploads\/sites\/6\/2022\/09\/decubal-facewash.png\",\"width\":600,\"height\":600},{\"@type\":\"BreadcrumbList\",\"@id\":\"https:\/\/decubal.com\/is\/voru\/decubal-face-wash\/#breadcrumb\",\"itemListElement\":[{\"@type\":\"ListItem\",\"position\":1,\"name\":\"Home\",\"item\":\"https:\/\/decubal.com\/is\/\"},{\"@type\":\"ListItem\",\"position\":2,\"name\":\"V\u00f6rur\",\"item\":\"https:\/\/decubal.com\/is\/vorur\/\"},{\"@type\":\"ListItem\",\"position\":3,\"name\":\"Decubal face wash\"}]},{\"@type\":\"WebSite\",\"@id\":\"https:\/\/decubal.com\/is\/#website\",\"url\":\"https:\/\/decubal.com\/is\/\",\"name\":\"Decubal\",\"description\":\"\",\"publisher\":{\"@id\":\"https:\/\/decubal.com\/is\/#organization\"},\"potentialAction\":[{\"@type\":\"SearchAction\",\"target\":{\"@type\":\"EntryPoint\",\"urlTemplate\":\"https:\/\/decubal.com\/is\/?s={search_term_string}\"},\"query-input\":{\"@type\":\"PropertyValueSpecification\",\"valueRequired\":true,\"valueName\":\"search_term_string\"}}],\"inLanguage\":\"is\"},{\"@type\":\"Organization\",\"@id\":\"https:\/\/decubal.com\/is\/#organization\",\"name\":\"Decubal\",\"url\":\"https:\/\/decubal.com\/is\/\",\"logo\":{\"@type\":\"ImageObject\",\"inLanguage\":\"is\",\"@id\":\"https:\/\/decubal.com\/is\/#\/schema\/logo\/image\/\",\"url\":\"https:\/\/decubal.com\/app\/uploads\/sites\/6\/2022\/09\/Decubal-logo.png\",\"contentUrl\":\"https:\/\/decubal.com\/app\/uploads\/sites\/6\/2022\/09\/Decubal-logo.png\",\"width\":138,\"height\":40,\"caption\":\"Decubal\"},\"image\":{\"@id\":\"https:\/\/decubal.com\/is\/#\/schema\/logo\/image\/\"}}]}<\/script>\n<!-- \/ Yoast SEO plugin. -->","yoast_head_json":{"title":"Decubal face wash - Decubal","description":"\u00devo\u00f0u andliti\u00f0 kv\u00f6lds og morgna me\u00f0 mildri hreinsifro\u00f0u sem hreinsar h\u00fa\u00f0ina \u00e1 \u00e1hrifar\u00edkan h\u00e1tt \u00e1n \u00feess a\u00f0 \u00feurra upp h\u00fa\u00f0ina. Fro\u00f0an hefur svipa\u00f0a \u00e1fer\u00f0 og mousse, sem er l\u00e9tt og mj\u00fak.","robots":{"index":"index","follow":"follow","max-snippet":"max-snippet:-1","max-image-preview":"max-image-preview:large","max-video-preview":"max-video-preview:-1"},"canonical":"https:\/\/decubal.com\/is\/voru\/decubal-face-wash\/","og_locale":"is_IS","og_type":"article","og_title":"Decubal face wash - Decubal","og_description":"\u00devo\u00f0u andliti\u00f0 kv\u00f6lds og morgna me\u00f0 mildri hreinsifro\u00f0u sem hreinsar h\u00fa\u00f0ina \u00e1 \u00e1hrifar\u00edkan h\u00e1tt \u00e1n \u00feess a\u00f0 \u00feurra upp h\u00fa\u00f0ina. Fro\u00f0an hefur svipa\u00f0a \u00e1fer\u00f0 og mousse, sem er l\u00e9tt og mj\u00fak.","og_url":"https:\/\/decubal.com\/is\/voru\/decubal-face-wash\/","og_site_name":"Decubal","article_modified_time":"2025-08-15T10:34:31+00:00","og_image":[{"width":600,"height":600,"url":"https:\/\/decubal.com\/app\/uploads\/sites\/6\/2022\/09\/decubal-facewash.png","type":"image\/png"}],"twitter_card":"summary_large_image","twitter_misc":{"Est. reading time":"1 minute"},"schema":{"@context":"https:\/\/schema.org","@graph":[{"@type":"WebPage","@id":"https:\/\/decubal.com\/is\/voru\/decubal-face-wash\/","url":"https:\/\/decubal.com\/is\/voru\/decubal-face-wash\/","name":"Decubal face wash - Decubal","isPartOf":{"@id":"https:\/\/decubal.com\/is\/#website"},"primaryImageOfPage":{"@id":"https:\/\/decubal.com\/is\/voru\/decubal-face-wash\/#primaryimage"},"image":{"@id":"https:\/\/decubal.com\/is\/voru\/decubal-face-wash\/#primaryimage"},"thumbnailUrl":"https:\/\/decubal.com\/app\/uploads\/sites\/6\/2022\/09\/decubal-facewash.png","datePublished":"2022-09-14T08:59:26+00:00","dateModified":"2025-08-15T10:34:31+00:00","description":"\u00devo\u00f0u andliti\u00f0 kv\u00f6lds og morgna me\u00f0 mildri hreinsifro\u00f0u sem hreinsar h\u00fa\u00f0ina \u00e1 \u00e1hrifar\u00edkan h\u00e1tt \u00e1n \u00feess a\u00f0 \u00feurra upp h\u00fa\u00f0ina. Fro\u00f0an hefur svipa\u00f0a \u00e1fer\u00f0 og mousse, sem er l\u00e9tt og mj\u00fak.","breadcrumb":{"@id":"https:\/\/decubal.com\/is\/voru\/decubal-face-wash\/#breadcrumb"},"inLanguage":"is","potentialAction":[{"@type":"ReadAction","target":["https:\/\/decubal.com\/is\/voru\/decubal-face-wash\/"]}]},{"@type":"ImageObject","inLanguage":"is","@id":"https:\/\/decubal.com\/is\/voru\/decubal-face-wash\/#primaryimage","url":"https:\/\/decubal.com\/app\/uploads\/sites\/6\/2022\/09\/decubal-facewash.png","contentUrl":"https:\/\/decubal.com\/app\/uploads\/sites\/6\/2022\/09\/decubal-facewash.png","width":600,"height":600},{"@type":"BreadcrumbList","@id":"https:\/\/decubal.com\/is\/voru\/decubal-face-wash\/#breadcrumb","itemListElement":[{"@type":"ListItem","position":1,"name":"Home","item":"https:\/\/decubal.com\/is\/"},{"@type":"ListItem","position":2,"name":"V\u00f6rur","item":"https:\/\/decubal.com\/is\/vorur\/"},{"@type":"ListItem","position":3,"name":"Decubal face wash"}]},{"@type":"WebSite","@id":"https:\/\/decubal.com\/is\/#website","url":"https:\/\/decubal.com\/is\/","name":"Decubal","description":"","publisher":{"@id":"https:\/\/decubal.com\/is\/#organization"},"potentialAction":[{"@type":"SearchAction","target":{"@type":"EntryPoint","urlTemplate":"https:\/\/decubal.com\/is\/?s={search_term_string}"},"query-input":{"@type":"PropertyValueSpecification","valueRequired":true,"valueName":"search_term_string"}}],"inLanguage":"is"},{"@type":"Organization","@id":"https:\/\/decubal.com\/is\/#organization","name":"Decubal","url":"https:\/\/decubal.com\/is\/","logo":{"@type":"ImageObject","inLanguage":"is","@id":"https:\/\/decubal.com\/is\/#\/schema\/logo\/image\/","url":"https:\/\/decubal.com\/app\/uploads\/sites\/6\/2022\/09\/Decubal-logo.png","contentUrl":"https:\/\/decubal.com\/app\/uploads\/sites\/6\/2022\/09\/Decubal-logo.png","width":138,"height":40,"caption":"Decubal"},"image":{"@id":"https:\/\/decubal.com\/is\/#\/schema\/logo\/image\/"}}]}},"_links":{"self":[{"href":"https:\/\/decubal.com\/is\/wp-json\/wp\/v2\/product\/91","targetHints":{"allow":["GET"]}}],"collection":[{"href":"https:\/\/decubal.com\/is\/wp-json\/wp\/v2\/product"}],"about":[{"href":"https:\/\/decubal.com\/is\/wp-json\/wp\/v2\/types\/product"}],"replies":[{"embeddable":true,"href":"https:\/\/decubal.com\/is\/wp-json\/wp\/v2\/comments?post=91"}],"version-history":[{"count":10,"href":"https:\/\/decubal.com\/is\/wp-json\/wp\/v2\/product\/91\/revisions"}],"predecessor-version":[{"id":587,"href":"https:\/\/decubal.com\/is\/wp-json\/wp\/v2\/product\/91\/revisions\/587"}],"wp:featuredmedia":[{"embeddable":true,"href":"https:\/\/decubal.com\/is\/wp-json\/wp\/v2\/media\/92"}],"wp:attachment":[{"href":"https:\/\/decubal.com\/is\/wp-json\/wp\/v2\/media?parent=91"}],"wp:term":[{"taxonomy":"product_brand","embeddable":true,"href":"https:\/\/decubal.com\/is\/wp-json\/wp\/v2\/product_brand?post=91"},{"taxonomy":"product_cat","embeddable":true,"href":"https:\/\/decubal.com\/is\/wp-json\/wp\/v2\/product_cat?post=91"},{"taxonomy":"product_tag","embeddable":true,"href":"https:\/\/decubal.com\/is\/wp-json\/wp\/v2\/product_tag?post=91"}],"curies":[{"name":"wp","href":"https:\/\/api.w.org\/{rel}","templated":true}]}}