{"id":87,"date":"2022-09-14T08:54:32","date_gmt":"2022-09-14T08:54:32","guid":{"rendered":"https:\/\/decubal.com\/is\/?post_type=product&#038;p=87"},"modified":"2025-08-15T10:34:54","modified_gmt":"2025-08-15T10:34:54","slug":"decubal-face-vital-cream","status":"publish","type":"product","link":"https:\/\/decubal.com\/is\/voru\/decubal-face-vital-cream\/","title":{"rendered":"Decubal face vital cream"},"content":{"rendered":"\n<div class=\"wp-block-karopharma-accordions is-style-secondary\"><div class=\"container\">\n<details class=\"wp-block-karopharma-accordion\"><summary><h2 class=\"accordion-title\">Notkun<\/h2><\/summary><div class=\"accordion-content\">\n<ul class=\"is-style-icon wp-block-list\"><li>Til daglegrar umhir\u00f0u \u00feurrar h\u00fa\u00f0ar \u00ed andliti<\/li><li>Hentar b\u00e6\u00f0i sem dag- og n\u00e6turkrem<\/li><\/ul>\n<\/div><\/details>\n\n\n\n<details class=\"wp-block-karopharma-accordion\"><summary><h2 class=\"accordion-title\">Innihaldsefni<\/h2><\/summary><div class=\"accordion-content\">\n<figure class=\"wp-block-table\"><table><tbody><tr><td><strong>Innihaldsefni<\/strong><\/td><\/tr><tr><td>Aqua<\/td><\/tr><tr><td>Pentylene Glycol<\/td><\/tr><tr><td>Cetearyl Isononanoate<\/td><\/tr><tr><td>Glycerin<\/td><\/tr><tr><td>Niacinamide<\/td><\/tr><tr><td>Simmondsia Chinensis Seed Oil<\/td><\/tr><tr><td>Glyceryl Stearate<\/td><\/tr><tr><td>Dicaprylyl Carbonate<\/td><\/tr><tr><td>Polyglyceryl-3 Methylglucose Distearate<\/td><\/tr><tr><td>Butyrospermum Parkii Butter<\/td><\/tr><tr><td>Cetearyl Alcohol<\/td><\/tr><tr><td>Glyceryl Stearate Citrate<\/td><\/tr><tr><td>Magnesium Aluminum Silicate<\/td><\/tr><tr><td>Phytosphingosine<\/td><\/tr><tr><td>Cholesterol<\/td><\/tr><tr><td>Ceramide 6 II<\/td><\/tr><tr><td>Ceramide 3<\/td><\/tr><tr><td>Sorbitol<\/td><\/tr><tr><td>Caprylic\/Capric Triglyceride<\/td><\/tr><tr><td>Stearic Acid<\/td><\/tr><tr><td>Palmitic Acid<\/td><\/tr><tr><td>Tocopherol<\/td><\/tr><tr><td>Tocopheryl Acetate<\/td><\/tr><tr><td>Galactoarabinan<\/td><\/tr><tr><td>Xanthan Gum<\/td><\/tr><tr><td>Polyglyceryl-2 Dipolyhydroxystearate<\/td><\/tr><tr><td>Sodium Stearoyl Lactylate<\/td><\/tr><tr><td>Sodium Gluconate<\/td><\/tr><tr><td>Critic Acid<\/td><\/tr><tr><td>Sodium Hydroxide<\/td><\/tr><\/tbody><\/table><\/figure>\n<\/div><\/details>\n<\/div><\/div>\n","protected":false},"excerpt":{"rendered":"<p>Extra n\u00e6randi andlitskrem fyrir \u00feurra og vi\u00f0kv\u00e6ma h\u00fa\u00f0.<\/p>\n","protected":false},"featured_media":88,"comment_status":"closed","ping_status":"closed","template":"","meta":{"_acf_changed":false,"footnotes":""},"product_brand":[],"product_cat":[18],"product_tag":[],"class_list":{"0":"post-87","1":"product","2":"type-product","3":"status-publish","4":"has-post-thumbnail","6":"product_cat-daglega","8":"first","9":"instock","10":"shipping-taxable","11":"product-type-simple"},"acf":[],"yoast_head":"<!-- This site is optimized with the Yoast SEO plugin v26.6 - https:\/\/yoast.com\/wordpress\/plugins\/seo\/ -->\n<title>Decubal face vital cream - Decubal<\/title>\n<meta name=\"description\" content=\"Extra n\u00e6randi andlitskrem fyrir \u00feurra og vi\u00f0kv\u00e6ma h\u00fa\u00f0. Kremi\u00f0 inniheldur fj\u00f6lda virkra innihaldsefna sem vinna saman a\u00f0 \u00fev\u00ed me\u00f0al annars a\u00f0 endurbyggja h\u00fa\u00f0ina innan fr\u00e1 og raka h\u00fa\u00f0ina \u00e1kaflega.\" \/>\n<meta name=\"robots\" content=\"index, follow, max-snippet:-1, max-image-preview:large, max-video-preview:-1\" \/>\n<link rel=\"canonical\" href=\"https:\/\/decubal.com\/is\/voru\/decubal-face-vital-cream\/\" \/>\n<meta property=\"og:locale\" content=\"is_IS\" \/>\n<meta property=\"og:type\" content=\"article\" \/>\n<meta property=\"og:title\" content=\"Decubal face vital cream - Decubal\" \/>\n<meta property=\"og:description\" content=\"Extra n\u00e6randi andlitskrem fyrir \u00feurra og vi\u00f0kv\u00e6ma h\u00fa\u00f0. Kremi\u00f0 inniheldur fj\u00f6lda virkra innihaldsefna sem vinna saman a\u00f0 \u00fev\u00ed me\u00f0al annars a\u00f0 endurbyggja h\u00fa\u00f0ina innan fr\u00e1 og raka h\u00fa\u00f0ina \u00e1kaflega.\" \/>\n<meta property=\"og:url\" content=\"https:\/\/decubal.com\/is\/voru\/decubal-face-vital-cream\/\" \/>\n<meta property=\"og:site_name\" content=\"Decubal\" \/>\n<meta property=\"article:modified_time\" content=\"2025-08-15T10:34:54+00:00\" \/>\n<meta property=\"og:image\" content=\"https:\/\/decubal.com\/app\/uploads\/sites\/6\/2022\/09\/Decubal-face-vital-cream.webp\" \/>\n\t<meta property=\"og:image:width\" content=\"600\" \/>\n\t<meta property=\"og:image:height\" content=\"600\" \/>\n\t<meta property=\"og:image:type\" content=\"image\/webp\" \/>\n<meta name=\"twitter:card\" content=\"summary_large_image\" \/>\n<meta name=\"twitter:label1\" content=\"Est. reading time\" \/>\n\t<meta name=\"twitter:data1\" content=\"1 minute\" \/>\n<script type=\"application\/ld+json\" class=\"yoast-schema-graph\">{\"@context\":\"https:\/\/schema.org\",\"@graph\":[{\"@type\":\"WebPage\",\"@id\":\"https:\/\/decubal.com\/is\/voru\/decubal-face-vital-cream\/\",\"url\":\"https:\/\/decubal.com\/is\/voru\/decubal-face-vital-cream\/\",\"name\":\"Decubal face vital cream - Decubal\",\"isPartOf\":{\"@id\":\"https:\/\/decubal.com\/is\/#website\"},\"primaryImageOfPage\":{\"@id\":\"https:\/\/decubal.com\/is\/voru\/decubal-face-vital-cream\/#primaryimage\"},\"image\":{\"@id\":\"https:\/\/decubal.com\/is\/voru\/decubal-face-vital-cream\/#primaryimage\"},\"thumbnailUrl\":\"https:\/\/decubal.com\/app\/uploads\/sites\/6\/2022\/09\/Decubal-face-vital-cream.webp\",\"datePublished\":\"2022-09-14T08:54:32+00:00\",\"dateModified\":\"2025-08-15T10:34:54+00:00\",\"description\":\"Extra n\u00e6randi andlitskrem fyrir \u00feurra og vi\u00f0kv\u00e6ma h\u00fa\u00f0. Kremi\u00f0 inniheldur fj\u00f6lda virkra innihaldsefna sem vinna saman a\u00f0 \u00fev\u00ed me\u00f0al annars a\u00f0 endurbyggja h\u00fa\u00f0ina innan fr\u00e1 og raka h\u00fa\u00f0ina \u00e1kaflega.\",\"breadcrumb\":{\"@id\":\"https:\/\/decubal.com\/is\/voru\/decubal-face-vital-cream\/#breadcrumb\"},\"inLanguage\":\"is\",\"potentialAction\":[{\"@type\":\"ReadAction\",\"target\":[\"https:\/\/decubal.com\/is\/voru\/decubal-face-vital-cream\/\"]}]},{\"@type\":\"ImageObject\",\"inLanguage\":\"is\",\"@id\":\"https:\/\/decubal.com\/is\/voru\/decubal-face-vital-cream\/#primaryimage\",\"url\":\"https:\/\/decubal.com\/app\/uploads\/sites\/6\/2022\/09\/Decubal-face-vital-cream.webp\",\"contentUrl\":\"https:\/\/decubal.com\/app\/uploads\/sites\/6\/2022\/09\/Decubal-face-vital-cream.webp\",\"width\":600,\"height\":600},{\"@type\":\"BreadcrumbList\",\"@id\":\"https:\/\/decubal.com\/is\/voru\/decubal-face-vital-cream\/#breadcrumb\",\"itemListElement\":[{\"@type\":\"ListItem\",\"position\":1,\"name\":\"Home\",\"item\":\"https:\/\/decubal.com\/is\/\"},{\"@type\":\"ListItem\",\"position\":2,\"name\":\"V\u00f6rur\",\"item\":\"https:\/\/decubal.com\/is\/vorur\/\"},{\"@type\":\"ListItem\",\"position\":3,\"name\":\"Decubal face vital cream\"}]},{\"@type\":\"WebSite\",\"@id\":\"https:\/\/decubal.com\/is\/#website\",\"url\":\"https:\/\/decubal.com\/is\/\",\"name\":\"Decubal\",\"description\":\"\",\"publisher\":{\"@id\":\"https:\/\/decubal.com\/is\/#organization\"},\"potentialAction\":[{\"@type\":\"SearchAction\",\"target\":{\"@type\":\"EntryPoint\",\"urlTemplate\":\"https:\/\/decubal.com\/is\/?s={search_term_string}\"},\"query-input\":{\"@type\":\"PropertyValueSpecification\",\"valueRequired\":true,\"valueName\":\"search_term_string\"}}],\"inLanguage\":\"is\"},{\"@type\":\"Organization\",\"@id\":\"https:\/\/decubal.com\/is\/#organization\",\"name\":\"Decubal\",\"url\":\"https:\/\/decubal.com\/is\/\",\"logo\":{\"@type\":\"ImageObject\",\"inLanguage\":\"is\",\"@id\":\"https:\/\/decubal.com\/is\/#\/schema\/logo\/image\/\",\"url\":\"https:\/\/decubal.com\/app\/uploads\/sites\/6\/2022\/09\/Decubal-logo.png\",\"contentUrl\":\"https:\/\/decubal.com\/app\/uploads\/sites\/6\/2022\/09\/Decubal-logo.png\",\"width\":138,\"height\":40,\"caption\":\"Decubal\"},\"image\":{\"@id\":\"https:\/\/decubal.com\/is\/#\/schema\/logo\/image\/\"}}]}<\/script>\n<!-- \/ Yoast SEO plugin. -->","yoast_head_json":{"title":"Decubal face vital cream - Decubal","description":"Extra n\u00e6randi andlitskrem fyrir \u00feurra og vi\u00f0kv\u00e6ma h\u00fa\u00f0. Kremi\u00f0 inniheldur fj\u00f6lda virkra innihaldsefna sem vinna saman a\u00f0 \u00fev\u00ed me\u00f0al annars a\u00f0 endurbyggja h\u00fa\u00f0ina innan fr\u00e1 og raka h\u00fa\u00f0ina \u00e1kaflega.","robots":{"index":"index","follow":"follow","max-snippet":"max-snippet:-1","max-image-preview":"max-image-preview:large","max-video-preview":"max-video-preview:-1"},"canonical":"https:\/\/decubal.com\/is\/voru\/decubal-face-vital-cream\/","og_locale":"is_IS","og_type":"article","og_title":"Decubal face vital cream - Decubal","og_description":"Extra n\u00e6randi andlitskrem fyrir \u00feurra og vi\u00f0kv\u00e6ma h\u00fa\u00f0. Kremi\u00f0 inniheldur fj\u00f6lda virkra innihaldsefna sem vinna saman a\u00f0 \u00fev\u00ed me\u00f0al annars a\u00f0 endurbyggja h\u00fa\u00f0ina innan fr\u00e1 og raka h\u00fa\u00f0ina \u00e1kaflega.","og_url":"https:\/\/decubal.com\/is\/voru\/decubal-face-vital-cream\/","og_site_name":"Decubal","article_modified_time":"2025-08-15T10:34:54+00:00","og_image":[{"width":600,"height":600,"url":"https:\/\/decubal.com\/app\/uploads\/sites\/6\/2022\/09\/Decubal-face-vital-cream.webp","type":"image\/webp"}],"twitter_card":"summary_large_image","twitter_misc":{"Est. reading time":"1 minute"},"schema":{"@context":"https:\/\/schema.org","@graph":[{"@type":"WebPage","@id":"https:\/\/decubal.com\/is\/voru\/decubal-face-vital-cream\/","url":"https:\/\/decubal.com\/is\/voru\/decubal-face-vital-cream\/","name":"Decubal face vital cream - Decubal","isPartOf":{"@id":"https:\/\/decubal.com\/is\/#website"},"primaryImageOfPage":{"@id":"https:\/\/decubal.com\/is\/voru\/decubal-face-vital-cream\/#primaryimage"},"image":{"@id":"https:\/\/decubal.com\/is\/voru\/decubal-face-vital-cream\/#primaryimage"},"thumbnailUrl":"https:\/\/decubal.com\/app\/uploads\/sites\/6\/2022\/09\/Decubal-face-vital-cream.webp","datePublished":"2022-09-14T08:54:32+00:00","dateModified":"2025-08-15T10:34:54+00:00","description":"Extra n\u00e6randi andlitskrem fyrir \u00feurra og vi\u00f0kv\u00e6ma h\u00fa\u00f0. Kremi\u00f0 inniheldur fj\u00f6lda virkra innihaldsefna sem vinna saman a\u00f0 \u00fev\u00ed me\u00f0al annars a\u00f0 endurbyggja h\u00fa\u00f0ina innan fr\u00e1 og raka h\u00fa\u00f0ina \u00e1kaflega.","breadcrumb":{"@id":"https:\/\/decubal.com\/is\/voru\/decubal-face-vital-cream\/#breadcrumb"},"inLanguage":"is","potentialAction":[{"@type":"ReadAction","target":["https:\/\/decubal.com\/is\/voru\/decubal-face-vital-cream\/"]}]},{"@type":"ImageObject","inLanguage":"is","@id":"https:\/\/decubal.com\/is\/voru\/decubal-face-vital-cream\/#primaryimage","url":"https:\/\/decubal.com\/app\/uploads\/sites\/6\/2022\/09\/Decubal-face-vital-cream.webp","contentUrl":"https:\/\/decubal.com\/app\/uploads\/sites\/6\/2022\/09\/Decubal-face-vital-cream.webp","width":600,"height":600},{"@type":"BreadcrumbList","@id":"https:\/\/decubal.com\/is\/voru\/decubal-face-vital-cream\/#breadcrumb","itemListElement":[{"@type":"ListItem","position":1,"name":"Home","item":"https:\/\/decubal.com\/is\/"},{"@type":"ListItem","position":2,"name":"V\u00f6rur","item":"https:\/\/decubal.com\/is\/vorur\/"},{"@type":"ListItem","position":3,"name":"Decubal face vital cream"}]},{"@type":"WebSite","@id":"https:\/\/decubal.com\/is\/#website","url":"https:\/\/decubal.com\/is\/","name":"Decubal","description":"","publisher":{"@id":"https:\/\/decubal.com\/is\/#organization"},"potentialAction":[{"@type":"SearchAction","target":{"@type":"EntryPoint","urlTemplate":"https:\/\/decubal.com\/is\/?s={search_term_string}"},"query-input":{"@type":"PropertyValueSpecification","valueRequired":true,"valueName":"search_term_string"}}],"inLanguage":"is"},{"@type":"Organization","@id":"https:\/\/decubal.com\/is\/#organization","name":"Decubal","url":"https:\/\/decubal.com\/is\/","logo":{"@type":"ImageObject","inLanguage":"is","@id":"https:\/\/decubal.com\/is\/#\/schema\/logo\/image\/","url":"https:\/\/decubal.com\/app\/uploads\/sites\/6\/2022\/09\/Decubal-logo.png","contentUrl":"https:\/\/decubal.com\/app\/uploads\/sites\/6\/2022\/09\/Decubal-logo.png","width":138,"height":40,"caption":"Decubal"},"image":{"@id":"https:\/\/decubal.com\/is\/#\/schema\/logo\/image\/"}}]}},"_links":{"self":[{"href":"https:\/\/decubal.com\/is\/wp-json\/wp\/v2\/product\/87","targetHints":{"allow":["GET"]}}],"collection":[{"href":"https:\/\/decubal.com\/is\/wp-json\/wp\/v2\/product"}],"about":[{"href":"https:\/\/decubal.com\/is\/wp-json\/wp\/v2\/types\/product"}],"replies":[{"embeddable":true,"href":"https:\/\/decubal.com\/is\/wp-json\/wp\/v2\/comments?post=87"}],"version-history":[{"count":10,"href":"https:\/\/decubal.com\/is\/wp-json\/wp\/v2\/product\/87\/revisions"}],"predecessor-version":[{"id":588,"href":"https:\/\/decubal.com\/is\/wp-json\/wp\/v2\/product\/87\/revisions\/588"}],"wp:featuredmedia":[{"embeddable":true,"href":"https:\/\/decubal.com\/is\/wp-json\/wp\/v2\/media\/88"}],"wp:attachment":[{"href":"https:\/\/decubal.com\/is\/wp-json\/wp\/v2\/media?parent=87"}],"wp:term":[{"taxonomy":"product_brand","embeddable":true,"href":"https:\/\/decubal.com\/is\/wp-json\/wp\/v2\/product_brand?post=87"},{"taxonomy":"product_cat","embeddable":true,"href":"https:\/\/decubal.com\/is\/wp-json\/wp\/v2\/product_cat?post=87"},{"taxonomy":"product_tag","embeddable":true,"href":"https:\/\/decubal.com\/is\/wp-json\/wp\/v2\/product_tag?post=87"}],"curies":[{"name":"wp","href":"https:\/\/api.w.org\/{rel}","templated":true}]}}