{"id":79,"date":"2022-09-14T08:43:00","date_gmt":"2022-09-14T08:43:00","guid":{"rendered":"https:\/\/decubal.com\/is\/?post_type=product&#038;p=79"},"modified":"2025-08-15T10:35:24","modified_gmt":"2025-08-15T10:35:24","slug":"decubal-clinic-cream","status":"publish","type":"product","link":"https:\/\/decubal.com\/is\/voru\/decubal-clinic-cream\/","title":{"rendered":"Decubal clinic cream"},"content":{"rendered":"\n<div class=\"wp-block-karopharma-accordions is-style-secondary\"><div class=\"container\">\n<details class=\"wp-block-karopharma-accordion\"><summary><h2 class=\"accordion-title\">Notkun<\/h2><\/summary><div class=\"accordion-content\">\n<ul class=\"is-style-icon wp-block-list\"><li>Fyrir daglega og fyrirbyggjandi umm\u00f6nnun \u00feurrar h\u00fa\u00f0ar<\/li><li>M\u00e1 nota \u00e1 allan l\u00edkamann, l\u00edka andlit<\/li><\/ul>\n<\/div><\/details>\n\n\n\n<details class=\"wp-block-karopharma-accordion\"><summary><h2 class=\"accordion-title\">Innihaldsefni<\/h2><\/summary><div class=\"accordion-content\">\n<figure class=\"wp-block-table\"><table><tbody><tr><td><strong>Innihaldsefni<\/strong><\/td><\/tr><tr><td>Aqua<\/td><\/tr><tr><td>Isopropyl Myristate<\/td><\/tr><tr><td>Glycerin<\/td><\/tr><tr><td>Sorbitan Stearate<\/td><\/tr><tr><td>Oprenset lanolin<\/td><\/tr><tr><td>Dimethicone<\/td><\/tr><tr><td>Cetyl Alcohol<\/td><\/tr><tr><td>Polysorbate 60<\/td><\/tr><tr><td>Sorbic Acid<\/td><\/tr><\/tbody><\/table><\/figure>\n<\/div><\/details>\n<\/div><\/div>\n","protected":false},"excerpt":{"rendered":"<p>M\u00fdkir, rakabindandi og myndar verndandi himnu \u00e1 h\u00fa\u00f0inni<\/p>\n","protected":false},"featured_media":80,"comment_status":"closed","ping_status":"closed","template":"","meta":{"_acf_changed":false,"footnotes":""},"product_brand":[],"product_cat":[18],"product_tag":[],"class_list":{"0":"post-79","1":"product","2":"type-product","3":"status-publish","4":"has-post-thumbnail","6":"product_cat-daglega","8":"first","9":"instock","10":"shipping-taxable","11":"product-type-simple"},"acf":[],"yoast_head":"<!-- This site is optimized with the Yoast SEO plugin v26.6 - https:\/\/yoast.com\/wordpress\/plugins\/seo\/ -->\n<title>Decubal clinic cream - Decubal<\/title>\n<meta name=\"description\" content=\"Decubal clinic cream n\u00e6rir h\u00fa\u00f0ina og gefur henni raka m.a. me\u00f0 vasel\u00edni og paraff\u00edni sem m\u00fdkir og setur verndandi himnu \u00e1 h\u00fa\u00f0ina og hj\u00e1lpar \u00feannig til vi\u00f0 a\u00f0 halda raka \u00ed h\u00fa\u00f0inni.\" \/>\n<meta name=\"robots\" content=\"index, follow, max-snippet:-1, max-image-preview:large, max-video-preview:-1\" \/>\n<link rel=\"canonical\" href=\"https:\/\/decubal.com\/is\/voru\/decubal-clinic-cream\/\" \/>\n<meta property=\"og:locale\" content=\"is_IS\" \/>\n<meta property=\"og:type\" content=\"article\" \/>\n<meta property=\"og:title\" content=\"Decubal clinic cream - Decubal\" \/>\n<meta property=\"og:description\" content=\"Decubal clinic cream n\u00e6rir h\u00fa\u00f0ina og gefur henni raka m.a. me\u00f0 vasel\u00edni og paraff\u00edni sem m\u00fdkir og setur verndandi himnu \u00e1 h\u00fa\u00f0ina og hj\u00e1lpar \u00feannig til vi\u00f0 a\u00f0 halda raka \u00ed h\u00fa\u00f0inni.\" \/>\n<meta property=\"og:url\" content=\"https:\/\/decubal.com\/is\/voru\/decubal-clinic-cream\/\" \/>\n<meta property=\"og:site_name\" content=\"Decubal\" \/>\n<meta property=\"article:modified_time\" content=\"2025-08-15T10:35:24+00:00\" \/>\n<meta property=\"og:image\" content=\"https:\/\/decubal.com\/app\/uploads\/sites\/6\/2022\/09\/decubal-original-clinic-cream.webp\" \/>\n\t<meta property=\"og:image:width\" content=\"640\" \/>\n\t<meta property=\"og:image:height\" content=\"640\" \/>\n\t<meta property=\"og:image:type\" content=\"image\/webp\" \/>\n<meta name=\"twitter:card\" content=\"summary_large_image\" \/>\n<meta name=\"twitter:label1\" content=\"Est. reading time\" \/>\n\t<meta name=\"twitter:data1\" content=\"1 minute\" \/>\n<script type=\"application\/ld+json\" class=\"yoast-schema-graph\">{\"@context\":\"https:\/\/schema.org\",\"@graph\":[{\"@type\":\"WebPage\",\"@id\":\"https:\/\/decubal.com\/is\/voru\/decubal-clinic-cream\/\",\"url\":\"https:\/\/decubal.com\/is\/voru\/decubal-clinic-cream\/\",\"name\":\"Decubal clinic cream - Decubal\",\"isPartOf\":{\"@id\":\"https:\/\/decubal.com\/is\/#website\"},\"primaryImageOfPage\":{\"@id\":\"https:\/\/decubal.com\/is\/voru\/decubal-clinic-cream\/#primaryimage\"},\"image\":{\"@id\":\"https:\/\/decubal.com\/is\/voru\/decubal-clinic-cream\/#primaryimage\"},\"thumbnailUrl\":\"https:\/\/decubal.com\/app\/uploads\/sites\/6\/2022\/09\/decubal-original-clinic-cream.webp\",\"datePublished\":\"2022-09-14T08:43:00+00:00\",\"dateModified\":\"2025-08-15T10:35:24+00:00\",\"description\":\"Decubal clinic cream n\u00e6rir h\u00fa\u00f0ina og gefur henni raka m.a. me\u00f0 vasel\u00edni og paraff\u00edni sem m\u00fdkir og setur verndandi himnu \u00e1 h\u00fa\u00f0ina og hj\u00e1lpar \u00feannig til vi\u00f0 a\u00f0 halda raka \u00ed h\u00fa\u00f0inni.\",\"breadcrumb\":{\"@id\":\"https:\/\/decubal.com\/is\/voru\/decubal-clinic-cream\/#breadcrumb\"},\"inLanguage\":\"is\",\"potentialAction\":[{\"@type\":\"ReadAction\",\"target\":[\"https:\/\/decubal.com\/is\/voru\/decubal-clinic-cream\/\"]}]},{\"@type\":\"ImageObject\",\"inLanguage\":\"is\",\"@id\":\"https:\/\/decubal.com\/is\/voru\/decubal-clinic-cream\/#primaryimage\",\"url\":\"https:\/\/decubal.com\/app\/uploads\/sites\/6\/2022\/09\/decubal-original-clinic-cream.webp\",\"contentUrl\":\"https:\/\/decubal.com\/app\/uploads\/sites\/6\/2022\/09\/decubal-original-clinic-cream.webp\",\"width\":640,\"height\":640},{\"@type\":\"BreadcrumbList\",\"@id\":\"https:\/\/decubal.com\/is\/voru\/decubal-clinic-cream\/#breadcrumb\",\"itemListElement\":[{\"@type\":\"ListItem\",\"position\":1,\"name\":\"Home\",\"item\":\"https:\/\/decubal.com\/is\/\"},{\"@type\":\"ListItem\",\"position\":2,\"name\":\"V\u00f6rur\",\"item\":\"https:\/\/decubal.com\/is\/vorur\/\"},{\"@type\":\"ListItem\",\"position\":3,\"name\":\"Decubal clinic cream\"}]},{\"@type\":\"WebSite\",\"@id\":\"https:\/\/decubal.com\/is\/#website\",\"url\":\"https:\/\/decubal.com\/is\/\",\"name\":\"Decubal\",\"description\":\"\",\"publisher\":{\"@id\":\"https:\/\/decubal.com\/is\/#organization\"},\"potentialAction\":[{\"@type\":\"SearchAction\",\"target\":{\"@type\":\"EntryPoint\",\"urlTemplate\":\"https:\/\/decubal.com\/is\/?s={search_term_string}\"},\"query-input\":{\"@type\":\"PropertyValueSpecification\",\"valueRequired\":true,\"valueName\":\"search_term_string\"}}],\"inLanguage\":\"is\"},{\"@type\":\"Organization\",\"@id\":\"https:\/\/decubal.com\/is\/#organization\",\"name\":\"Decubal\",\"url\":\"https:\/\/decubal.com\/is\/\",\"logo\":{\"@type\":\"ImageObject\",\"inLanguage\":\"is\",\"@id\":\"https:\/\/decubal.com\/is\/#\/schema\/logo\/image\/\",\"url\":\"https:\/\/decubal.com\/app\/uploads\/sites\/6\/2022\/09\/Decubal-logo.png\",\"contentUrl\":\"https:\/\/decubal.com\/app\/uploads\/sites\/6\/2022\/09\/Decubal-logo.png\",\"width\":138,\"height\":40,\"caption\":\"Decubal\"},\"image\":{\"@id\":\"https:\/\/decubal.com\/is\/#\/schema\/logo\/image\/\"}}]}<\/script>\n<!-- \/ Yoast SEO plugin. -->","yoast_head_json":{"title":"Decubal clinic cream - Decubal","description":"Decubal clinic cream n\u00e6rir h\u00fa\u00f0ina og gefur henni raka m.a. me\u00f0 vasel\u00edni og paraff\u00edni sem m\u00fdkir og setur verndandi himnu \u00e1 h\u00fa\u00f0ina og hj\u00e1lpar \u00feannig til vi\u00f0 a\u00f0 halda raka \u00ed h\u00fa\u00f0inni.","robots":{"index":"index","follow":"follow","max-snippet":"max-snippet:-1","max-image-preview":"max-image-preview:large","max-video-preview":"max-video-preview:-1"},"canonical":"https:\/\/decubal.com\/is\/voru\/decubal-clinic-cream\/","og_locale":"is_IS","og_type":"article","og_title":"Decubal clinic cream - Decubal","og_description":"Decubal clinic cream n\u00e6rir h\u00fa\u00f0ina og gefur henni raka m.a. me\u00f0 vasel\u00edni og paraff\u00edni sem m\u00fdkir og setur verndandi himnu \u00e1 h\u00fa\u00f0ina og hj\u00e1lpar \u00feannig til vi\u00f0 a\u00f0 halda raka \u00ed h\u00fa\u00f0inni.","og_url":"https:\/\/decubal.com\/is\/voru\/decubal-clinic-cream\/","og_site_name":"Decubal","article_modified_time":"2025-08-15T10:35:24+00:00","og_image":[{"width":640,"height":640,"url":"https:\/\/decubal.com\/app\/uploads\/sites\/6\/2022\/09\/decubal-original-clinic-cream.webp","type":"image\/webp"}],"twitter_card":"summary_large_image","twitter_misc":{"Est. reading time":"1 minute"},"schema":{"@context":"https:\/\/schema.org","@graph":[{"@type":"WebPage","@id":"https:\/\/decubal.com\/is\/voru\/decubal-clinic-cream\/","url":"https:\/\/decubal.com\/is\/voru\/decubal-clinic-cream\/","name":"Decubal clinic cream - Decubal","isPartOf":{"@id":"https:\/\/decubal.com\/is\/#website"},"primaryImageOfPage":{"@id":"https:\/\/decubal.com\/is\/voru\/decubal-clinic-cream\/#primaryimage"},"image":{"@id":"https:\/\/decubal.com\/is\/voru\/decubal-clinic-cream\/#primaryimage"},"thumbnailUrl":"https:\/\/decubal.com\/app\/uploads\/sites\/6\/2022\/09\/decubal-original-clinic-cream.webp","datePublished":"2022-09-14T08:43:00+00:00","dateModified":"2025-08-15T10:35:24+00:00","description":"Decubal clinic cream n\u00e6rir h\u00fa\u00f0ina og gefur henni raka m.a. me\u00f0 vasel\u00edni og paraff\u00edni sem m\u00fdkir og setur verndandi himnu \u00e1 h\u00fa\u00f0ina og hj\u00e1lpar \u00feannig til vi\u00f0 a\u00f0 halda raka \u00ed h\u00fa\u00f0inni.","breadcrumb":{"@id":"https:\/\/decubal.com\/is\/voru\/decubal-clinic-cream\/#breadcrumb"},"inLanguage":"is","potentialAction":[{"@type":"ReadAction","target":["https:\/\/decubal.com\/is\/voru\/decubal-clinic-cream\/"]}]},{"@type":"ImageObject","inLanguage":"is","@id":"https:\/\/decubal.com\/is\/voru\/decubal-clinic-cream\/#primaryimage","url":"https:\/\/decubal.com\/app\/uploads\/sites\/6\/2022\/09\/decubal-original-clinic-cream.webp","contentUrl":"https:\/\/decubal.com\/app\/uploads\/sites\/6\/2022\/09\/decubal-original-clinic-cream.webp","width":640,"height":640},{"@type":"BreadcrumbList","@id":"https:\/\/decubal.com\/is\/voru\/decubal-clinic-cream\/#breadcrumb","itemListElement":[{"@type":"ListItem","position":1,"name":"Home","item":"https:\/\/decubal.com\/is\/"},{"@type":"ListItem","position":2,"name":"V\u00f6rur","item":"https:\/\/decubal.com\/is\/vorur\/"},{"@type":"ListItem","position":3,"name":"Decubal clinic cream"}]},{"@type":"WebSite","@id":"https:\/\/decubal.com\/is\/#website","url":"https:\/\/decubal.com\/is\/","name":"Decubal","description":"","publisher":{"@id":"https:\/\/decubal.com\/is\/#organization"},"potentialAction":[{"@type":"SearchAction","target":{"@type":"EntryPoint","urlTemplate":"https:\/\/decubal.com\/is\/?s={search_term_string}"},"query-input":{"@type":"PropertyValueSpecification","valueRequired":true,"valueName":"search_term_string"}}],"inLanguage":"is"},{"@type":"Organization","@id":"https:\/\/decubal.com\/is\/#organization","name":"Decubal","url":"https:\/\/decubal.com\/is\/","logo":{"@type":"ImageObject","inLanguage":"is","@id":"https:\/\/decubal.com\/is\/#\/schema\/logo\/image\/","url":"https:\/\/decubal.com\/app\/uploads\/sites\/6\/2022\/09\/Decubal-logo.png","contentUrl":"https:\/\/decubal.com\/app\/uploads\/sites\/6\/2022\/09\/Decubal-logo.png","width":138,"height":40,"caption":"Decubal"},"image":{"@id":"https:\/\/decubal.com\/is\/#\/schema\/logo\/image\/"}}]}},"_links":{"self":[{"href":"https:\/\/decubal.com\/is\/wp-json\/wp\/v2\/product\/79","targetHints":{"allow":["GET"]}}],"collection":[{"href":"https:\/\/decubal.com\/is\/wp-json\/wp\/v2\/product"}],"about":[{"href":"https:\/\/decubal.com\/is\/wp-json\/wp\/v2\/types\/product"}],"replies":[{"embeddable":true,"href":"https:\/\/decubal.com\/is\/wp-json\/wp\/v2\/comments?post=79"}],"version-history":[{"count":10,"href":"https:\/\/decubal.com\/is\/wp-json\/wp\/v2\/product\/79\/revisions"}],"predecessor-version":[{"id":589,"href":"https:\/\/decubal.com\/is\/wp-json\/wp\/v2\/product\/79\/revisions\/589"}],"wp:featuredmedia":[{"embeddable":true,"href":"https:\/\/decubal.com\/is\/wp-json\/wp\/v2\/media\/80"}],"wp:attachment":[{"href":"https:\/\/decubal.com\/is\/wp-json\/wp\/v2\/media?parent=79"}],"wp:term":[{"taxonomy":"product_brand","embeddable":true,"href":"https:\/\/decubal.com\/is\/wp-json\/wp\/v2\/product_brand?post=79"},{"taxonomy":"product_cat","embeddable":true,"href":"https:\/\/decubal.com\/is\/wp-json\/wp\/v2\/product_cat?post=79"},{"taxonomy":"product_tag","embeddable":true,"href":"https:\/\/decubal.com\/is\/wp-json\/wp\/v2\/product_tag?post=79"}],"curies":[{"name":"wp","href":"https:\/\/api.w.org\/{rel}","templated":true}]}}