{"id":73,"date":"2022-09-14T08:35:47","date_gmt":"2022-09-14T08:35:47","guid":{"rendered":"https:\/\/decubal.com\/is\/?post_type=product&#038;p=73"},"modified":"2025-08-15T10:35:59","modified_gmt":"2025-08-15T10:35:59","slug":"decubal-body-lotion","status":"publish","type":"product","link":"https:\/\/decubal.com\/is\/voru\/decubal-body-lotion\/","title":{"rendered":"Decubal body lotion"},"content":{"rendered":"\n<div class=\"wp-block-karopharma-accordions is-style-secondary\"><div class=\"container\">\n<details class=\"wp-block-karopharma-accordion\"><summary><h2 class=\"accordion-title\">Notkun<\/h2><\/summary><div class=\"accordion-content\">\n<ul class=\"wp-block-list is-style-icon\">\n<li>Til daglegrar notkunar \u00e1 \u00feurra og vi\u00f0kv\u00e6ma h\u00fa\u00f0, m\u00e1 fara \u00e1 allan l\u00edkamann.<\/li>\n\n\n\n<li>Gott r\u00e1\u00f0! A\u00f0 nota sem fyrirbyggjandi og vi\u00f0b\u00f3t fyrir \u00fe\u00e1 sem nota Decubal clinic cream e\u00f0a Decubal lipid cream \u00e1 \u00feeim d\u00f6gum sem h\u00fa\u00f0in er mj\u00f6g \u00feurr.<\/li>\n<\/ul>\n<\/div><\/details>\n\n\n\n<details class=\"wp-block-karopharma-accordion\"><summary><h2 class=\"accordion-title\">Innihaldsefni<\/h2><\/summary><div class=\"accordion-content\">\n<figure class=\"wp-block-table\"><table><tbody><tr><td><strong>Innihaldsefni<\/strong><\/td><\/tr><tr><td>Aqua<\/td><\/tr><tr><td>Isopropyl Myristate<\/td><\/tr><tr><td>Sorbitan Stearate<\/td><\/tr><tr><td>Glycerin<\/td><\/tr><tr><td>Niacinamide<\/td><\/tr><tr><td>Oprenset lanolin<\/td><\/tr><tr><td>Cetyl Alcohol<\/td><\/tr><tr><td>Polysorbate 60<\/td><\/tr><tr><td>Butyrospermum Parkii Butter<\/td><\/tr><tr><td>Sodium Gluconate<\/td><\/tr><tr><td>Citric Acid<\/td><\/tr><tr><td>Phenoxyethanol<\/td><\/tr><tr><td>Sodium Bonzoate<\/td><\/tr><\/tbody><\/table><\/figure>\n<\/div><\/details>\n<\/div><\/div>\n","protected":false},"excerpt":{"rendered":"<p>Krem til daglegrar notkunar, gefur raka, m\u00fdkir og n\u00e6rir h\u00fa\u00f0ina.<\/p>\n","protected":false},"featured_media":77,"comment_status":"closed","ping_status":"closed","template":"","meta":{"_acf_changed":false,"footnotes":""},"product_brand":[],"product_cat":[18],"product_tag":[],"class_list":{"0":"post-73","1":"product","2":"type-product","3":"status-publish","4":"has-post-thumbnail","6":"product_cat-daglega","8":"first","9":"instock","10":"shipping-taxable","11":"product-type-simple"},"acf":[],"yoast_head":"<!-- This site is optimized with the Yoast SEO plugin v26.6 - https:\/\/yoast.com\/wordpress\/plugins\/seo\/ -->\n<title>Decubal body lotion - Decubal<\/title>\n<meta name=\"description\" content=\"Decubal body lotion er au\u00f0velt a\u00f0 bera \u00e1 sm\u00fdgur hratt inn \u00ed h\u00fa\u00f0ina, gefur raka og m\u00fdkir \u00feurra og vi\u00f0kv\u00e6ma h\u00fa\u00f0.\" \/>\n<meta name=\"robots\" content=\"index, follow, max-snippet:-1, max-image-preview:large, max-video-preview:-1\" \/>\n<link rel=\"canonical\" href=\"https:\/\/decubal.com\/is\/voru\/decubal-body-lotion\/\" \/>\n<meta property=\"og:locale\" content=\"is_IS\" \/>\n<meta property=\"og:type\" content=\"article\" \/>\n<meta property=\"og:title\" content=\"Decubal body lotion - Decubal\" \/>\n<meta property=\"og:description\" content=\"Decubal body lotion er au\u00f0velt a\u00f0 bera \u00e1 sm\u00fdgur hratt inn \u00ed h\u00fa\u00f0ina, gefur raka og m\u00fdkir \u00feurra og vi\u00f0kv\u00e6ma h\u00fa\u00f0.\" \/>\n<meta property=\"og:url\" content=\"https:\/\/decubal.com\/is\/voru\/decubal-body-lotion\/\" \/>\n<meta property=\"og:site_name\" content=\"Decubal\" \/>\n<meta property=\"article:modified_time\" content=\"2025-08-15T10:35:59+00:00\" \/>\n<meta property=\"og:image\" content=\"https:\/\/decubal.com\/app\/uploads\/sites\/6\/2022\/09\/Decubal_Body_Lotion_IS_2.png\" \/>\n\t<meta property=\"og:image:width\" content=\"1000\" \/>\n\t<meta property=\"og:image:height\" content=\"1000\" \/>\n\t<meta property=\"og:image:type\" content=\"image\/png\" \/>\n<meta name=\"twitter:card\" content=\"summary_large_image\" \/>\n<meta name=\"twitter:label1\" content=\"Est. reading time\" \/>\n\t<meta name=\"twitter:data1\" content=\"1 minute\" \/>\n<script type=\"application\/ld+json\" class=\"yoast-schema-graph\">{\"@context\":\"https:\/\/schema.org\",\"@graph\":[{\"@type\":\"WebPage\",\"@id\":\"https:\/\/decubal.com\/is\/voru\/decubal-body-lotion\/\",\"url\":\"https:\/\/decubal.com\/is\/voru\/decubal-body-lotion\/\",\"name\":\"Decubal body lotion - Decubal\",\"isPartOf\":{\"@id\":\"https:\/\/decubal.com\/is\/#website\"},\"primaryImageOfPage\":{\"@id\":\"https:\/\/decubal.com\/is\/voru\/decubal-body-lotion\/#primaryimage\"},\"image\":{\"@id\":\"https:\/\/decubal.com\/is\/voru\/decubal-body-lotion\/#primaryimage\"},\"thumbnailUrl\":\"https:\/\/decubal.com\/app\/uploads\/sites\/6\/2022\/09\/Decubal_Body_Lotion_IS_2.png\",\"datePublished\":\"2022-09-14T08:35:47+00:00\",\"dateModified\":\"2025-08-15T10:35:59+00:00\",\"description\":\"Decubal body lotion er au\u00f0velt a\u00f0 bera \u00e1 sm\u00fdgur hratt inn \u00ed h\u00fa\u00f0ina, gefur raka og m\u00fdkir \u00feurra og vi\u00f0kv\u00e6ma h\u00fa\u00f0.\",\"breadcrumb\":{\"@id\":\"https:\/\/decubal.com\/is\/voru\/decubal-body-lotion\/#breadcrumb\"},\"inLanguage\":\"is\",\"potentialAction\":[{\"@type\":\"ReadAction\",\"target\":[\"https:\/\/decubal.com\/is\/voru\/decubal-body-lotion\/\"]}]},{\"@type\":\"ImageObject\",\"inLanguage\":\"is\",\"@id\":\"https:\/\/decubal.com\/is\/voru\/decubal-body-lotion\/#primaryimage\",\"url\":\"https:\/\/decubal.com\/app\/uploads\/sites\/6\/2022\/09\/Decubal_Body_Lotion_IS_2.png\",\"contentUrl\":\"https:\/\/decubal.com\/app\/uploads\/sites\/6\/2022\/09\/Decubal_Body_Lotion_IS_2.png\",\"width\":1000,\"height\":1000},{\"@type\":\"BreadcrumbList\",\"@id\":\"https:\/\/decubal.com\/is\/voru\/decubal-body-lotion\/#breadcrumb\",\"itemListElement\":[{\"@type\":\"ListItem\",\"position\":1,\"name\":\"Home\",\"item\":\"https:\/\/decubal.com\/is\/\"},{\"@type\":\"ListItem\",\"position\":2,\"name\":\"V\u00f6rur\",\"item\":\"https:\/\/decubal.com\/is\/vorur\/\"},{\"@type\":\"ListItem\",\"position\":3,\"name\":\"Decubal body lotion\"}]},{\"@type\":\"WebSite\",\"@id\":\"https:\/\/decubal.com\/is\/#website\",\"url\":\"https:\/\/decubal.com\/is\/\",\"name\":\"Decubal\",\"description\":\"\",\"publisher\":{\"@id\":\"https:\/\/decubal.com\/is\/#organization\"},\"potentialAction\":[{\"@type\":\"SearchAction\",\"target\":{\"@type\":\"EntryPoint\",\"urlTemplate\":\"https:\/\/decubal.com\/is\/?s={search_term_string}\"},\"query-input\":{\"@type\":\"PropertyValueSpecification\",\"valueRequired\":true,\"valueName\":\"search_term_string\"}}],\"inLanguage\":\"is\"},{\"@type\":\"Organization\",\"@id\":\"https:\/\/decubal.com\/is\/#organization\",\"name\":\"Decubal\",\"url\":\"https:\/\/decubal.com\/is\/\",\"logo\":{\"@type\":\"ImageObject\",\"inLanguage\":\"is\",\"@id\":\"https:\/\/decubal.com\/is\/#\/schema\/logo\/image\/\",\"url\":\"https:\/\/decubal.com\/app\/uploads\/sites\/6\/2022\/09\/Decubal-logo.png\",\"contentUrl\":\"https:\/\/decubal.com\/app\/uploads\/sites\/6\/2022\/09\/Decubal-logo.png\",\"width\":138,\"height\":40,\"caption\":\"Decubal\"},\"image\":{\"@id\":\"https:\/\/decubal.com\/is\/#\/schema\/logo\/image\/\"}}]}<\/script>\n<!-- \/ Yoast SEO plugin. -->","yoast_head_json":{"title":"Decubal body lotion - Decubal","description":"Decubal body lotion er au\u00f0velt a\u00f0 bera \u00e1 sm\u00fdgur hratt inn \u00ed h\u00fa\u00f0ina, gefur raka og m\u00fdkir \u00feurra og vi\u00f0kv\u00e6ma h\u00fa\u00f0.","robots":{"index":"index","follow":"follow","max-snippet":"max-snippet:-1","max-image-preview":"max-image-preview:large","max-video-preview":"max-video-preview:-1"},"canonical":"https:\/\/decubal.com\/is\/voru\/decubal-body-lotion\/","og_locale":"is_IS","og_type":"article","og_title":"Decubal body lotion - Decubal","og_description":"Decubal body lotion er au\u00f0velt a\u00f0 bera \u00e1 sm\u00fdgur hratt inn \u00ed h\u00fa\u00f0ina, gefur raka og m\u00fdkir \u00feurra og vi\u00f0kv\u00e6ma h\u00fa\u00f0.","og_url":"https:\/\/decubal.com\/is\/voru\/decubal-body-lotion\/","og_site_name":"Decubal","article_modified_time":"2025-08-15T10:35:59+00:00","og_image":[{"width":1000,"height":1000,"url":"https:\/\/decubal.com\/app\/uploads\/sites\/6\/2022\/09\/Decubal_Body_Lotion_IS_2.png","type":"image\/png"}],"twitter_card":"summary_large_image","twitter_misc":{"Est. reading time":"1 minute"},"schema":{"@context":"https:\/\/schema.org","@graph":[{"@type":"WebPage","@id":"https:\/\/decubal.com\/is\/voru\/decubal-body-lotion\/","url":"https:\/\/decubal.com\/is\/voru\/decubal-body-lotion\/","name":"Decubal body lotion - Decubal","isPartOf":{"@id":"https:\/\/decubal.com\/is\/#website"},"primaryImageOfPage":{"@id":"https:\/\/decubal.com\/is\/voru\/decubal-body-lotion\/#primaryimage"},"image":{"@id":"https:\/\/decubal.com\/is\/voru\/decubal-body-lotion\/#primaryimage"},"thumbnailUrl":"https:\/\/decubal.com\/app\/uploads\/sites\/6\/2022\/09\/Decubal_Body_Lotion_IS_2.png","datePublished":"2022-09-14T08:35:47+00:00","dateModified":"2025-08-15T10:35:59+00:00","description":"Decubal body lotion er au\u00f0velt a\u00f0 bera \u00e1 sm\u00fdgur hratt inn \u00ed h\u00fa\u00f0ina, gefur raka og m\u00fdkir \u00feurra og vi\u00f0kv\u00e6ma h\u00fa\u00f0.","breadcrumb":{"@id":"https:\/\/decubal.com\/is\/voru\/decubal-body-lotion\/#breadcrumb"},"inLanguage":"is","potentialAction":[{"@type":"ReadAction","target":["https:\/\/decubal.com\/is\/voru\/decubal-body-lotion\/"]}]},{"@type":"ImageObject","inLanguage":"is","@id":"https:\/\/decubal.com\/is\/voru\/decubal-body-lotion\/#primaryimage","url":"https:\/\/decubal.com\/app\/uploads\/sites\/6\/2022\/09\/Decubal_Body_Lotion_IS_2.png","contentUrl":"https:\/\/decubal.com\/app\/uploads\/sites\/6\/2022\/09\/Decubal_Body_Lotion_IS_2.png","width":1000,"height":1000},{"@type":"BreadcrumbList","@id":"https:\/\/decubal.com\/is\/voru\/decubal-body-lotion\/#breadcrumb","itemListElement":[{"@type":"ListItem","position":1,"name":"Home","item":"https:\/\/decubal.com\/is\/"},{"@type":"ListItem","position":2,"name":"V\u00f6rur","item":"https:\/\/decubal.com\/is\/vorur\/"},{"@type":"ListItem","position":3,"name":"Decubal body lotion"}]},{"@type":"WebSite","@id":"https:\/\/decubal.com\/is\/#website","url":"https:\/\/decubal.com\/is\/","name":"Decubal","description":"","publisher":{"@id":"https:\/\/decubal.com\/is\/#organization"},"potentialAction":[{"@type":"SearchAction","target":{"@type":"EntryPoint","urlTemplate":"https:\/\/decubal.com\/is\/?s={search_term_string}"},"query-input":{"@type":"PropertyValueSpecification","valueRequired":true,"valueName":"search_term_string"}}],"inLanguage":"is"},{"@type":"Organization","@id":"https:\/\/decubal.com\/is\/#organization","name":"Decubal","url":"https:\/\/decubal.com\/is\/","logo":{"@type":"ImageObject","inLanguage":"is","@id":"https:\/\/decubal.com\/is\/#\/schema\/logo\/image\/","url":"https:\/\/decubal.com\/app\/uploads\/sites\/6\/2022\/09\/Decubal-logo.png","contentUrl":"https:\/\/decubal.com\/app\/uploads\/sites\/6\/2022\/09\/Decubal-logo.png","width":138,"height":40,"caption":"Decubal"},"image":{"@id":"https:\/\/decubal.com\/is\/#\/schema\/logo\/image\/"}}]}},"_links":{"self":[{"href":"https:\/\/decubal.com\/is\/wp-json\/wp\/v2\/product\/73","targetHints":{"allow":["GET"]}}],"collection":[{"href":"https:\/\/decubal.com\/is\/wp-json\/wp\/v2\/product"}],"about":[{"href":"https:\/\/decubal.com\/is\/wp-json\/wp\/v2\/types\/product"}],"replies":[{"embeddable":true,"href":"https:\/\/decubal.com\/is\/wp-json\/wp\/v2\/comments?post=73"}],"version-history":[{"count":10,"href":"https:\/\/decubal.com\/is\/wp-json\/wp\/v2\/product\/73\/revisions"}],"predecessor-version":[{"id":590,"href":"https:\/\/decubal.com\/is\/wp-json\/wp\/v2\/product\/73\/revisions\/590"}],"wp:featuredmedia":[{"embeddable":true,"href":"https:\/\/decubal.com\/is\/wp-json\/wp\/v2\/media\/77"}],"wp:attachment":[{"href":"https:\/\/decubal.com\/is\/wp-json\/wp\/v2\/media?parent=73"}],"wp:term":[{"taxonomy":"product_brand","embeddable":true,"href":"https:\/\/decubal.com\/is\/wp-json\/wp\/v2\/product_brand?post=73"},{"taxonomy":"product_cat","embeddable":true,"href":"https:\/\/decubal.com\/is\/wp-json\/wp\/v2\/product_cat?post=73"},{"taxonomy":"product_tag","embeddable":true,"href":"https:\/\/decubal.com\/is\/wp-json\/wp\/v2\/product_tag?post=73"}],"curies":[{"name":"wp","href":"https:\/\/api.w.org\/{rel}","templated":true}]}}