{"id":523,"date":"2024-03-21T13:44:24","date_gmt":"2024-03-21T13:44:24","guid":{"rendered":"https:\/\/decubal.com\/is\/?post_type=product&#038;p=523"},"modified":"2025-08-15T10:23:38","modified_gmt":"2025-08-15T10:23:38","slug":"decubal-sun-lotion-spf-30","status":"publish","type":"product","link":"https:\/\/decubal.com\/is\/voru\/decubal-sun-lotion-spf-30\/","title":{"rendered":"Decubal sun lotion SPF 30"},"content":{"rendered":"\n<div class=\"wp-block-karopharma-accordions is-style-secondary\"><div class=\"container\">\n<details class=\"wp-block-karopharma-accordion\"><summary><h2 class=\"accordion-title\">Notkun<\/h2><\/summary><div class=\"accordion-content\">\n<p>Beri\u00f0 \u00e1 h\u00fa\u00f0ina \u00e1\u00f0ur en fari\u00f0 er \u00fat \u00ed s\u00f3larlj\u00f3s. Beri\u00f0 reglulega r\u00edkulegt magn \u00e1 til a\u00f0 vi\u00f0halda v\u00f6rninni, s\u00e9rstaklega eftir svita, sund og handkl\u00e6\u00f0a\u00feurrk. Ekki vera of lengi \u00ed s\u00f3linni \u00fear sem s\u00f3larvarnir vernda ekki 100%. Of mikil \u00fatsetning fyrir s\u00f3l getur veri\u00f0 h\u00e6ttuleg. Haldi\u00f0 ungab\u00f6rnum og litlum b\u00f6rnum fr\u00e1 beinu s\u00f3larlj\u00f3si.<\/p>\n<\/div><\/details>\n\n\n\n<details class=\"wp-block-karopharma-accordion\"><summary><h2 class=\"accordion-title\">Innihaldsefni<\/h2><\/summary><div class=\"accordion-content\">\n<p>Aqua, Dibutyl Adipate, Diethylamino Hydroxybenzoyl Hexyl Benzoate, Phenoxyethyl Caprylate, Bis-Ethylhexyloxyphenol Methoxyphenyl Triazine, Diethylhexyl Butamido Triazone, Ethylhexyl Triazone, Propanediol, C12-13 Alkyl Lactate, Butylene Glycol, Cetearyl Alcohol, Glycerin, Phenylbenzimidazole Sulfonic Acid, VP\/Eicosene Copolymer, Canola Oil, Tocopheryl Acetate, Inositol, Propylheptyl Caprylate, Tocopherol, Potassium Cetyl Phosphate, Glyceryl Stearate, Ethylhexylglycerin, Xanthan Gum, PEG-100 Stearate, Coco-Glucoside, Ammonium Acryloyldimethyltaurate\/VP Copolymer, Arginine, Acrylates\/C12-22 Alkyl Methacrylate Copolymer, Disodium Lauryl Sulfosuccinate, Caprylyl Glycol, Sodium Hydroxide, Phenoxyethanol<\/p>\n<\/div><\/details>\n<\/div><\/div>\n","protected":false},"excerpt":{"rendered":"<p>S\u00f3larv\u00f6rn me\u00f0 SPF 30, fyrir \u00feurra\/vi\u00f0kv\u00e6ma h\u00fa\u00f0<\/p>\n","protected":false},"featured_media":524,"comment_status":"closed","ping_status":"closed","template":"","meta":{"_acf_changed":false,"footnotes":""},"product_brand":[],"product_cat":[21],"product_tag":[],"class_list":{"0":"post-523","1":"product","2":"type-product","3":"status-publish","4":"has-post-thumbnail","6":"product_cat-sol","8":"first","9":"instock","10":"shipping-taxable","11":"product-type-simple"},"acf":[],"yoast_head":"<!-- This site is optimized with the Yoast SEO plugin v26.6 - https:\/\/yoast.com\/wordpress\/plugins\/seo\/ -->\n<title>Decubal sun lotion SPF 30 - Decubal<\/title>\n<meta name=\"robots\" content=\"index, follow, max-snippet:-1, max-image-preview:large, max-video-preview:-1\" \/>\n<link rel=\"canonical\" href=\"https:\/\/decubal.com\/is\/voru\/decubal-sun-lotion-spf-30\/\" \/>\n<meta property=\"og:locale\" content=\"is_IS\" \/>\n<meta property=\"og:type\" content=\"article\" \/>\n<meta property=\"og:title\" content=\"Decubal sun lotion SPF 30 - Decubal\" \/>\n<meta property=\"og:description\" content=\"S\u00f3larv\u00f6rn me\u00f0 SPF 30, fyrir \u00feurra\/vi\u00f0kv\u00e6ma h\u00fa\u00f0\" \/>\n<meta property=\"og:url\" content=\"https:\/\/decubal.com\/is\/voru\/decubal-sun-lotion-spf-30\/\" \/>\n<meta property=\"og:site_name\" content=\"Decubal\" \/>\n<meta property=\"article:modified_time\" content=\"2025-08-15T10:23:38+00:00\" \/>\n<meta property=\"og:image\" content=\"https:\/\/decubal.com\/app\/uploads\/sites\/6\/2024\/03\/Decubal-Sun-lotion-30.png\" \/>\n\t<meta property=\"og:image:width\" content=\"600\" \/>\n\t<meta property=\"og:image:height\" content=\"600\" \/>\n\t<meta property=\"og:image:type\" content=\"image\/png\" \/>\n<meta name=\"twitter:card\" content=\"summary_large_image\" \/>\n<meta name=\"twitter:label1\" content=\"Est. reading time\" \/>\n\t<meta name=\"twitter:data1\" content=\"1 minute\" \/>\n<script type=\"application\/ld+json\" class=\"yoast-schema-graph\">{\"@context\":\"https:\/\/schema.org\",\"@graph\":[{\"@type\":\"WebPage\",\"@id\":\"https:\/\/decubal.com\/is\/voru\/decubal-sun-lotion-spf-30\/\",\"url\":\"https:\/\/decubal.com\/is\/voru\/decubal-sun-lotion-spf-30\/\",\"name\":\"Decubal sun lotion SPF 30 - Decubal\",\"isPartOf\":{\"@id\":\"https:\/\/decubal.com\/is\/#website\"},\"primaryImageOfPage\":{\"@id\":\"https:\/\/decubal.com\/is\/voru\/decubal-sun-lotion-spf-30\/#primaryimage\"},\"image\":{\"@id\":\"https:\/\/decubal.com\/is\/voru\/decubal-sun-lotion-spf-30\/#primaryimage\"},\"thumbnailUrl\":\"https:\/\/decubal.com\/app\/uploads\/sites\/6\/2024\/03\/Decubal-Sun-lotion-30.png\",\"datePublished\":\"2024-03-21T13:44:24+00:00\",\"dateModified\":\"2025-08-15T10:23:38+00:00\",\"breadcrumb\":{\"@id\":\"https:\/\/decubal.com\/is\/voru\/decubal-sun-lotion-spf-30\/#breadcrumb\"},\"inLanguage\":\"is\",\"potentialAction\":[{\"@type\":\"ReadAction\",\"target\":[\"https:\/\/decubal.com\/is\/voru\/decubal-sun-lotion-spf-30\/\"]}]},{\"@type\":\"ImageObject\",\"inLanguage\":\"is\",\"@id\":\"https:\/\/decubal.com\/is\/voru\/decubal-sun-lotion-spf-30\/#primaryimage\",\"url\":\"https:\/\/decubal.com\/app\/uploads\/sites\/6\/2024\/03\/Decubal-Sun-lotion-30.png\",\"contentUrl\":\"https:\/\/decubal.com\/app\/uploads\/sites\/6\/2024\/03\/Decubal-Sun-lotion-30.png\",\"width\":600,\"height\":600,\"caption\":\"Decubal-Sun-lotion-30\"},{\"@type\":\"BreadcrumbList\",\"@id\":\"https:\/\/decubal.com\/is\/voru\/decubal-sun-lotion-spf-30\/#breadcrumb\",\"itemListElement\":[{\"@type\":\"ListItem\",\"position\":1,\"name\":\"Home\",\"item\":\"https:\/\/decubal.com\/is\/\"},{\"@type\":\"ListItem\",\"position\":2,\"name\":\"V\u00f6rur\",\"item\":\"https:\/\/decubal.com\/is\/vorur\/\"},{\"@type\":\"ListItem\",\"position\":3,\"name\":\"Decubal sun lotion SPF 30\"}]},{\"@type\":\"WebSite\",\"@id\":\"https:\/\/decubal.com\/is\/#website\",\"url\":\"https:\/\/decubal.com\/is\/\",\"name\":\"Decubal\",\"description\":\"\",\"publisher\":{\"@id\":\"https:\/\/decubal.com\/is\/#organization\"},\"potentialAction\":[{\"@type\":\"SearchAction\",\"target\":{\"@type\":\"EntryPoint\",\"urlTemplate\":\"https:\/\/decubal.com\/is\/?s={search_term_string}\"},\"query-input\":{\"@type\":\"PropertyValueSpecification\",\"valueRequired\":true,\"valueName\":\"search_term_string\"}}],\"inLanguage\":\"is\"},{\"@type\":\"Organization\",\"@id\":\"https:\/\/decubal.com\/is\/#organization\",\"name\":\"Decubal\",\"url\":\"https:\/\/decubal.com\/is\/\",\"logo\":{\"@type\":\"ImageObject\",\"inLanguage\":\"is\",\"@id\":\"https:\/\/decubal.com\/is\/#\/schema\/logo\/image\/\",\"url\":\"https:\/\/decubal.com\/app\/uploads\/sites\/6\/2022\/09\/Decubal-logo.png\",\"contentUrl\":\"https:\/\/decubal.com\/app\/uploads\/sites\/6\/2022\/09\/Decubal-logo.png\",\"width\":138,\"height\":40,\"caption\":\"Decubal\"},\"image\":{\"@id\":\"https:\/\/decubal.com\/is\/#\/schema\/logo\/image\/\"}}]}<\/script>\n<!-- \/ Yoast SEO plugin. -->","yoast_head_json":{"title":"Decubal sun lotion SPF 30 - Decubal","robots":{"index":"index","follow":"follow","max-snippet":"max-snippet:-1","max-image-preview":"max-image-preview:large","max-video-preview":"max-video-preview:-1"},"canonical":"https:\/\/decubal.com\/is\/voru\/decubal-sun-lotion-spf-30\/","og_locale":"is_IS","og_type":"article","og_title":"Decubal sun lotion SPF 30 - Decubal","og_description":"S\u00f3larv\u00f6rn me\u00f0 SPF 30, fyrir \u00feurra\/vi\u00f0kv\u00e6ma h\u00fa\u00f0","og_url":"https:\/\/decubal.com\/is\/voru\/decubal-sun-lotion-spf-30\/","og_site_name":"Decubal","article_modified_time":"2025-08-15T10:23:38+00:00","og_image":[{"width":600,"height":600,"url":"https:\/\/decubal.com\/app\/uploads\/sites\/6\/2024\/03\/Decubal-Sun-lotion-30.png","type":"image\/png"}],"twitter_card":"summary_large_image","twitter_misc":{"Est. reading time":"1 minute"},"schema":{"@context":"https:\/\/schema.org","@graph":[{"@type":"WebPage","@id":"https:\/\/decubal.com\/is\/voru\/decubal-sun-lotion-spf-30\/","url":"https:\/\/decubal.com\/is\/voru\/decubal-sun-lotion-spf-30\/","name":"Decubal sun lotion SPF 30 - Decubal","isPartOf":{"@id":"https:\/\/decubal.com\/is\/#website"},"primaryImageOfPage":{"@id":"https:\/\/decubal.com\/is\/voru\/decubal-sun-lotion-spf-30\/#primaryimage"},"image":{"@id":"https:\/\/decubal.com\/is\/voru\/decubal-sun-lotion-spf-30\/#primaryimage"},"thumbnailUrl":"https:\/\/decubal.com\/app\/uploads\/sites\/6\/2024\/03\/Decubal-Sun-lotion-30.png","datePublished":"2024-03-21T13:44:24+00:00","dateModified":"2025-08-15T10:23:38+00:00","breadcrumb":{"@id":"https:\/\/decubal.com\/is\/voru\/decubal-sun-lotion-spf-30\/#breadcrumb"},"inLanguage":"is","potentialAction":[{"@type":"ReadAction","target":["https:\/\/decubal.com\/is\/voru\/decubal-sun-lotion-spf-30\/"]}]},{"@type":"ImageObject","inLanguage":"is","@id":"https:\/\/decubal.com\/is\/voru\/decubal-sun-lotion-spf-30\/#primaryimage","url":"https:\/\/decubal.com\/app\/uploads\/sites\/6\/2024\/03\/Decubal-Sun-lotion-30.png","contentUrl":"https:\/\/decubal.com\/app\/uploads\/sites\/6\/2024\/03\/Decubal-Sun-lotion-30.png","width":600,"height":600,"caption":"Decubal-Sun-lotion-30"},{"@type":"BreadcrumbList","@id":"https:\/\/decubal.com\/is\/voru\/decubal-sun-lotion-spf-30\/#breadcrumb","itemListElement":[{"@type":"ListItem","position":1,"name":"Home","item":"https:\/\/decubal.com\/is\/"},{"@type":"ListItem","position":2,"name":"V\u00f6rur","item":"https:\/\/decubal.com\/is\/vorur\/"},{"@type":"ListItem","position":3,"name":"Decubal sun lotion SPF 30"}]},{"@type":"WebSite","@id":"https:\/\/decubal.com\/is\/#website","url":"https:\/\/decubal.com\/is\/","name":"Decubal","description":"","publisher":{"@id":"https:\/\/decubal.com\/is\/#organization"},"potentialAction":[{"@type":"SearchAction","target":{"@type":"EntryPoint","urlTemplate":"https:\/\/decubal.com\/is\/?s={search_term_string}"},"query-input":{"@type":"PropertyValueSpecification","valueRequired":true,"valueName":"search_term_string"}}],"inLanguage":"is"},{"@type":"Organization","@id":"https:\/\/decubal.com\/is\/#organization","name":"Decubal","url":"https:\/\/decubal.com\/is\/","logo":{"@type":"ImageObject","inLanguage":"is","@id":"https:\/\/decubal.com\/is\/#\/schema\/logo\/image\/","url":"https:\/\/decubal.com\/app\/uploads\/sites\/6\/2022\/09\/Decubal-logo.png","contentUrl":"https:\/\/decubal.com\/app\/uploads\/sites\/6\/2022\/09\/Decubal-logo.png","width":138,"height":40,"caption":"Decubal"},"image":{"@id":"https:\/\/decubal.com\/is\/#\/schema\/logo\/image\/"}}]}},"_links":{"self":[{"href":"https:\/\/decubal.com\/is\/wp-json\/wp\/v2\/product\/523","targetHints":{"allow":["GET"]}}],"collection":[{"href":"https:\/\/decubal.com\/is\/wp-json\/wp\/v2\/product"}],"about":[{"href":"https:\/\/decubal.com\/is\/wp-json\/wp\/v2\/types\/product"}],"replies":[{"embeddable":true,"href":"https:\/\/decubal.com\/is\/wp-json\/wp\/v2\/comments?post=523"}],"version-history":[{"count":5,"href":"https:\/\/decubal.com\/is\/wp-json\/wp\/v2\/product\/523\/revisions"}],"predecessor-version":[{"id":570,"href":"https:\/\/decubal.com\/is\/wp-json\/wp\/v2\/product\/523\/revisions\/570"}],"wp:featuredmedia":[{"embeddable":true,"href":"https:\/\/decubal.com\/is\/wp-json\/wp\/v2\/media\/524"}],"wp:attachment":[{"href":"https:\/\/decubal.com\/is\/wp-json\/wp\/v2\/media?parent=523"}],"wp:term":[{"taxonomy":"product_brand","embeddable":true,"href":"https:\/\/decubal.com\/is\/wp-json\/wp\/v2\/product_brand?post=523"},{"taxonomy":"product_cat","embeddable":true,"href":"https:\/\/decubal.com\/is\/wp-json\/wp\/v2\/product_cat?post=523"},{"taxonomy":"product_tag","embeddable":true,"href":"https:\/\/decubal.com\/is\/wp-json\/wp\/v2\/product_tag?post=523"}],"curies":[{"name":"wp","href":"https:\/\/api.w.org\/{rel}","templated":true}]}}