{"id":493,"date":"2023-09-28T07:34:44","date_gmt":"2023-09-28T07:34:44","guid":{"rendered":"https:\/\/decubal.com\/is\/?post_type=product&#038;p=493"},"modified":"2025-08-15T10:25:33","modified_gmt":"2025-08-15T10:25:33","slug":"decubal-hydrating-serum","status":"publish","type":"product","link":"https:\/\/decubal.com\/is\/voru\/decubal-hydrating-serum\/","title":{"rendered":"Decubal hydrating serum"},"content":{"rendered":"\n<div class=\"wp-block-karopharma-accordions is-style-secondary\"><div class=\"container\">\n<details class=\"wp-block-karopharma-accordion\"><summary><h2 class=\"accordion-title\">Notkun<\/h2><\/summary><div class=\"accordion-content\">\n<p>Ber\u00f0u \u00e1 andliti\u00f0 kv\u00f6lds og morgna \u00e1 hreina h\u00fa\u00f0. Nota\u00f0u 4 dropa og nudda\u00f0u varlega \u00e1 h\u00fa\u00f0ina. Til a\u00f0 n\u00e1 sem bestum \u00e1rangri skaltu bera Decubal dag e\u00f0a n\u00e6turkrem \u00e1 andliti\u00f0 \u00feegar serumi\u00f0 hefur fari\u00f0 inn \u00ed h\u00fa\u00f0ina.<\/p>\n<\/div><\/details>\n\n\n\n<details class=\"wp-block-karopharma-accordion\"><summary><h2 class=\"accordion-title\">Innihaldsefni<\/h2><\/summary><div class=\"accordion-content\">\n<figure class=\"wp-block-table\"><table><thead><tr><th class=\"has-text-align-left\" data-align=\"left\">Innihaldsefni<\/th><\/tr><\/thead><tbody><tr><td class=\"has-text-align-left\" data-align=\"left\">Aqua<\/td><\/tr><tr><td class=\"has-text-align-left\" data-align=\"left\">Propanediol<\/td><\/tr><tr><td class=\"has-text-align-left\" data-align=\"left\">Butylene Glycol<\/td><\/tr><tr><td class=\"has-text-align-left\" data-align=\"left\">Sodium Hyaluronate<\/td><\/tr><tr><td class=\"has-text-align-left\" data-align=\"left\">Glycerin<\/td><\/tr><tr><td class=\"has-text-align-left\" data-align=\"left\">Aqua<\/td><\/tr><tr><td class=\"has-text-align-left\" data-align=\"left\">Hydrolyzed Algin<\/td><\/tr><tr><td class=\"has-text-align-left\" data-align=\"left\">Sea Water<\/td><\/tr><tr><td class=\"has-text-align-left\" data-align=\"left\">Chlorella Vulgaris Extract<\/td><\/tr><tr><td class=\"has-text-align-left\" data-align=\"left\">Phenoxyethanol<\/td><\/tr><tr><td class=\"has-text-align-left\" data-align=\"left\">Carbomer<\/td><\/tr><tr><td class=\"has-text-align-left\" data-align=\"left\">Acrylic Acid<\/td><\/tr><tr><td class=\"has-text-align-left\" data-align=\"left\">Hydroxyacetophenone<\/td><\/tr><tr><td class=\"has-text-align-left\" data-align=\"left\">Aqua<\/td><\/tr><tr><td class=\"has-text-align-left\" data-align=\"left\">Tetrasodium Glutamate Diacetate<\/td><\/tr><tr><td class=\"has-text-align-left\" data-align=\"left\">Sodium Hydroxide<\/td><\/tr><tr><td class=\"has-text-align-left\" data-align=\"left\">Sodium Hyaluronate<\/td><\/tr><\/tbody><\/table><\/figure>\n<\/div><\/details>\n<\/div><\/div>\n","protected":false},"excerpt":{"rendered":"<p>Mj\u00f6g rakagefandi serum me\u00f0 48 klst raka\u00e1hrifum.<\/p>\n","protected":false},"featured_media":481,"comment_status":"closed","ping_status":"closed","template":"","meta":{"_acf_changed":false,"footnotes":""},"product_brand":[],"product_cat":[18],"product_tag":[],"class_list":{"0":"post-493","1":"product","2":"type-product","3":"status-publish","4":"has-post-thumbnail","6":"product_cat-daglega","8":"first","9":"instock","10":"shipping-taxable","11":"product-type-simple"},"acf":[],"yoast_head":"<!-- This site is optimized with the Yoast SEO plugin v26.6 - https:\/\/yoast.com\/wordpress\/plugins\/seo\/ -->\n<title>Decubal hydrating serum - Decubal<\/title>\n<meta name=\"description\" content=\"Rakagefandi serum sem eykur hratt rakastig h\u00fa\u00f0arinnar \u00ed 48 klst fr\u00e1 fyrstu notkun. H\u00fa\u00f0in f\u00e6r mikinn raka og ver\u00f0ur mj\u00fak og jafnari.\" \/>\n<meta name=\"robots\" content=\"index, follow, max-snippet:-1, max-image-preview:large, max-video-preview:-1\" \/>\n<link rel=\"canonical\" href=\"https:\/\/decubal.com\/is\/voru\/decubal-hydrating-serum\/\" \/>\n<meta property=\"og:locale\" content=\"is_IS\" \/>\n<meta property=\"og:type\" content=\"article\" \/>\n<meta property=\"og:title\" content=\"Decubal hydrating serum - Decubal\" \/>\n<meta property=\"og:description\" content=\"Rakagefandi serum sem eykur hratt rakastig h\u00fa\u00f0arinnar \u00ed 48 klst fr\u00e1 fyrstu notkun. H\u00fa\u00f0in f\u00e6r mikinn raka og ver\u00f0ur mj\u00fak og jafnari.\" \/>\n<meta property=\"og:url\" content=\"https:\/\/decubal.com\/is\/voru\/decubal-hydrating-serum\/\" \/>\n<meta property=\"og:site_name\" content=\"Decubal\" \/>\n<meta property=\"article:modified_time\" content=\"2025-08-15T10:25:33+00:00\" \/>\n<meta property=\"og:image\" content=\"https:\/\/decubal.com\/app\/uploads\/sites\/6\/2023\/09\/Decubal-Hydrating-serum.jpg\" \/>\n\t<meta property=\"og:image:width\" content=\"1000\" \/>\n\t<meta property=\"og:image:height\" content=\"1000\" \/>\n\t<meta property=\"og:image:type\" content=\"image\/jpeg\" \/>\n<meta name=\"twitter:card\" content=\"summary_large_image\" \/>\n<meta name=\"twitter:label1\" content=\"Est. reading time\" \/>\n\t<meta name=\"twitter:data1\" content=\"1 minute\" \/>\n<script type=\"application\/ld+json\" class=\"yoast-schema-graph\">{\"@context\":\"https:\/\/schema.org\",\"@graph\":[{\"@type\":\"WebPage\",\"@id\":\"https:\/\/decubal.com\/is\/voru\/decubal-hydrating-serum\/\",\"url\":\"https:\/\/decubal.com\/is\/voru\/decubal-hydrating-serum\/\",\"name\":\"Decubal hydrating serum - Decubal\",\"isPartOf\":{\"@id\":\"https:\/\/decubal.com\/is\/#website\"},\"primaryImageOfPage\":{\"@id\":\"https:\/\/decubal.com\/is\/voru\/decubal-hydrating-serum\/#primaryimage\"},\"image\":{\"@id\":\"https:\/\/decubal.com\/is\/voru\/decubal-hydrating-serum\/#primaryimage\"},\"thumbnailUrl\":\"https:\/\/decubal.com\/app\/uploads\/sites\/6\/2023\/09\/Decubal-Hydrating-serum.jpg\",\"datePublished\":\"2023-09-28T07:34:44+00:00\",\"dateModified\":\"2025-08-15T10:25:33+00:00\",\"description\":\"Rakagefandi serum sem eykur hratt rakastig h\u00fa\u00f0arinnar \u00ed 48 klst fr\u00e1 fyrstu notkun. H\u00fa\u00f0in f\u00e6r mikinn raka og ver\u00f0ur mj\u00fak og jafnari.\",\"breadcrumb\":{\"@id\":\"https:\/\/decubal.com\/is\/voru\/decubal-hydrating-serum\/#breadcrumb\"},\"inLanguage\":\"is\",\"potentialAction\":[{\"@type\":\"ReadAction\",\"target\":[\"https:\/\/decubal.com\/is\/voru\/decubal-hydrating-serum\/\"]}]},{\"@type\":\"ImageObject\",\"inLanguage\":\"is\",\"@id\":\"https:\/\/decubal.com\/is\/voru\/decubal-hydrating-serum\/#primaryimage\",\"url\":\"https:\/\/decubal.com\/app\/uploads\/sites\/6\/2023\/09\/Decubal-Hydrating-serum.jpg\",\"contentUrl\":\"https:\/\/decubal.com\/app\/uploads\/sites\/6\/2023\/09\/Decubal-Hydrating-serum.jpg\",\"width\":1000,\"height\":1000,\"caption\":\"Decubal Hydrating serum\"},{\"@type\":\"BreadcrumbList\",\"@id\":\"https:\/\/decubal.com\/is\/voru\/decubal-hydrating-serum\/#breadcrumb\",\"itemListElement\":[{\"@type\":\"ListItem\",\"position\":1,\"name\":\"Home\",\"item\":\"https:\/\/decubal.com\/is\/\"},{\"@type\":\"ListItem\",\"position\":2,\"name\":\"V\u00f6rur\",\"item\":\"https:\/\/decubal.com\/is\/vorur\/\"},{\"@type\":\"ListItem\",\"position\":3,\"name\":\"Decubal hydrating serum\"}]},{\"@type\":\"WebSite\",\"@id\":\"https:\/\/decubal.com\/is\/#website\",\"url\":\"https:\/\/decubal.com\/is\/\",\"name\":\"Decubal\",\"description\":\"\",\"publisher\":{\"@id\":\"https:\/\/decubal.com\/is\/#organization\"},\"potentialAction\":[{\"@type\":\"SearchAction\",\"target\":{\"@type\":\"EntryPoint\",\"urlTemplate\":\"https:\/\/decubal.com\/is\/?s={search_term_string}\"},\"query-input\":{\"@type\":\"PropertyValueSpecification\",\"valueRequired\":true,\"valueName\":\"search_term_string\"}}],\"inLanguage\":\"is\"},{\"@type\":\"Organization\",\"@id\":\"https:\/\/decubal.com\/is\/#organization\",\"name\":\"Decubal\",\"url\":\"https:\/\/decubal.com\/is\/\",\"logo\":{\"@type\":\"ImageObject\",\"inLanguage\":\"is\",\"@id\":\"https:\/\/decubal.com\/is\/#\/schema\/logo\/image\/\",\"url\":\"https:\/\/decubal.com\/app\/uploads\/sites\/6\/2022\/09\/Decubal-logo.png\",\"contentUrl\":\"https:\/\/decubal.com\/app\/uploads\/sites\/6\/2022\/09\/Decubal-logo.png\",\"width\":138,\"height\":40,\"caption\":\"Decubal\"},\"image\":{\"@id\":\"https:\/\/decubal.com\/is\/#\/schema\/logo\/image\/\"}}]}<\/script>\n<!-- \/ Yoast SEO plugin. -->","yoast_head_json":{"title":"Decubal hydrating serum - Decubal","description":"Rakagefandi serum sem eykur hratt rakastig h\u00fa\u00f0arinnar \u00ed 48 klst fr\u00e1 fyrstu notkun. H\u00fa\u00f0in f\u00e6r mikinn raka og ver\u00f0ur mj\u00fak og jafnari.","robots":{"index":"index","follow":"follow","max-snippet":"max-snippet:-1","max-image-preview":"max-image-preview:large","max-video-preview":"max-video-preview:-1"},"canonical":"https:\/\/decubal.com\/is\/voru\/decubal-hydrating-serum\/","og_locale":"is_IS","og_type":"article","og_title":"Decubal hydrating serum - Decubal","og_description":"Rakagefandi serum sem eykur hratt rakastig h\u00fa\u00f0arinnar \u00ed 48 klst fr\u00e1 fyrstu notkun. H\u00fa\u00f0in f\u00e6r mikinn raka og ver\u00f0ur mj\u00fak og jafnari.","og_url":"https:\/\/decubal.com\/is\/voru\/decubal-hydrating-serum\/","og_site_name":"Decubal","article_modified_time":"2025-08-15T10:25:33+00:00","og_image":[{"width":1000,"height":1000,"url":"https:\/\/decubal.com\/app\/uploads\/sites\/6\/2023\/09\/Decubal-Hydrating-serum.jpg","type":"image\/jpeg"}],"twitter_card":"summary_large_image","twitter_misc":{"Est. reading time":"1 minute"},"schema":{"@context":"https:\/\/schema.org","@graph":[{"@type":"WebPage","@id":"https:\/\/decubal.com\/is\/voru\/decubal-hydrating-serum\/","url":"https:\/\/decubal.com\/is\/voru\/decubal-hydrating-serum\/","name":"Decubal hydrating serum - Decubal","isPartOf":{"@id":"https:\/\/decubal.com\/is\/#website"},"primaryImageOfPage":{"@id":"https:\/\/decubal.com\/is\/voru\/decubal-hydrating-serum\/#primaryimage"},"image":{"@id":"https:\/\/decubal.com\/is\/voru\/decubal-hydrating-serum\/#primaryimage"},"thumbnailUrl":"https:\/\/decubal.com\/app\/uploads\/sites\/6\/2023\/09\/Decubal-Hydrating-serum.jpg","datePublished":"2023-09-28T07:34:44+00:00","dateModified":"2025-08-15T10:25:33+00:00","description":"Rakagefandi serum sem eykur hratt rakastig h\u00fa\u00f0arinnar \u00ed 48 klst fr\u00e1 fyrstu notkun. H\u00fa\u00f0in f\u00e6r mikinn raka og ver\u00f0ur mj\u00fak og jafnari.","breadcrumb":{"@id":"https:\/\/decubal.com\/is\/voru\/decubal-hydrating-serum\/#breadcrumb"},"inLanguage":"is","potentialAction":[{"@type":"ReadAction","target":["https:\/\/decubal.com\/is\/voru\/decubal-hydrating-serum\/"]}]},{"@type":"ImageObject","inLanguage":"is","@id":"https:\/\/decubal.com\/is\/voru\/decubal-hydrating-serum\/#primaryimage","url":"https:\/\/decubal.com\/app\/uploads\/sites\/6\/2023\/09\/Decubal-Hydrating-serum.jpg","contentUrl":"https:\/\/decubal.com\/app\/uploads\/sites\/6\/2023\/09\/Decubal-Hydrating-serum.jpg","width":1000,"height":1000,"caption":"Decubal Hydrating serum"},{"@type":"BreadcrumbList","@id":"https:\/\/decubal.com\/is\/voru\/decubal-hydrating-serum\/#breadcrumb","itemListElement":[{"@type":"ListItem","position":1,"name":"Home","item":"https:\/\/decubal.com\/is\/"},{"@type":"ListItem","position":2,"name":"V\u00f6rur","item":"https:\/\/decubal.com\/is\/vorur\/"},{"@type":"ListItem","position":3,"name":"Decubal hydrating serum"}]},{"@type":"WebSite","@id":"https:\/\/decubal.com\/is\/#website","url":"https:\/\/decubal.com\/is\/","name":"Decubal","description":"","publisher":{"@id":"https:\/\/decubal.com\/is\/#organization"},"potentialAction":[{"@type":"SearchAction","target":{"@type":"EntryPoint","urlTemplate":"https:\/\/decubal.com\/is\/?s={search_term_string}"},"query-input":{"@type":"PropertyValueSpecification","valueRequired":true,"valueName":"search_term_string"}}],"inLanguage":"is"},{"@type":"Organization","@id":"https:\/\/decubal.com\/is\/#organization","name":"Decubal","url":"https:\/\/decubal.com\/is\/","logo":{"@type":"ImageObject","inLanguage":"is","@id":"https:\/\/decubal.com\/is\/#\/schema\/logo\/image\/","url":"https:\/\/decubal.com\/app\/uploads\/sites\/6\/2022\/09\/Decubal-logo.png","contentUrl":"https:\/\/decubal.com\/app\/uploads\/sites\/6\/2022\/09\/Decubal-logo.png","width":138,"height":40,"caption":"Decubal"},"image":{"@id":"https:\/\/decubal.com\/is\/#\/schema\/logo\/image\/"}}]}},"_links":{"self":[{"href":"https:\/\/decubal.com\/is\/wp-json\/wp\/v2\/product\/493","targetHints":{"allow":["GET"]}}],"collection":[{"href":"https:\/\/decubal.com\/is\/wp-json\/wp\/v2\/product"}],"about":[{"href":"https:\/\/decubal.com\/is\/wp-json\/wp\/v2\/types\/product"}],"replies":[{"embeddable":true,"href":"https:\/\/decubal.com\/is\/wp-json\/wp\/v2\/comments?post=493"}],"version-history":[{"count":7,"href":"https:\/\/decubal.com\/is\/wp-json\/wp\/v2\/product\/493\/revisions"}],"predecessor-version":[{"id":573,"href":"https:\/\/decubal.com\/is\/wp-json\/wp\/v2\/product\/493\/revisions\/573"}],"wp:featuredmedia":[{"embeddable":true,"href":"https:\/\/decubal.com\/is\/wp-json\/wp\/v2\/media\/481"}],"wp:attachment":[{"href":"https:\/\/decubal.com\/is\/wp-json\/wp\/v2\/media?parent=493"}],"wp:term":[{"taxonomy":"product_brand","embeddable":true,"href":"https:\/\/decubal.com\/is\/wp-json\/wp\/v2\/product_brand?post=493"},{"taxonomy":"product_cat","embeddable":true,"href":"https:\/\/decubal.com\/is\/wp-json\/wp\/v2\/product_cat?post=493"},{"taxonomy":"product_tag","embeddable":true,"href":"https:\/\/decubal.com\/is\/wp-json\/wp\/v2\/product_tag?post=493"}],"curies":[{"name":"wp","href":"https:\/\/api.w.org\/{rel}","templated":true}]}}