{"id":490,"date":"2023-09-28T06:39:21","date_gmt":"2023-09-28T06:39:21","guid":{"rendered":"https:\/\/decubal.com\/is\/?post_type=product&#038;p=490"},"modified":"2025-08-15T10:26:12","modified_gmt":"2025-08-15T10:26:12","slug":"decubal-hydrating-nigh-cream","status":"publish","type":"product","link":"https:\/\/decubal.com\/is\/voru\/decubal-hydrating-nigh-cream\/","title":{"rendered":"Decubal hydrating night cream"},"content":{"rendered":"\n<div class=\"wp-block-karopharma-accordions is-style-secondary\"><div class=\"container\">\n<details class=\"wp-block-karopharma-accordion\"><summary><h2 class=\"accordion-title\">Notkun<\/h2><\/summary><div class=\"accordion-content\">\n<p>Beri\u00f0 kremi\u00f0 \u00e1 hreina h\u00fa\u00f0 \u00e1 kv\u00f6ldin. Nuddi\u00f0 l\u00e9tt \u00e1 h\u00fa\u00f0ina. <br>Ef \u00fe\u00fa notar serum fyrst skaltu leyfa \u00fev\u00ed a\u00f0 fara inn \u00ed h\u00fa\u00f0ina \u00ed nokkrar m\u00edn\u00fatur \u00e1\u00f0ur en n\u00e6turkremi\u00f0 er bori\u00f0 \u00e1.<\/p>\n<\/div><\/details>\n\n\n\n<details class=\"wp-block-karopharma-accordion\"><summary><h2 class=\"accordion-title\">Innihaldsefni<\/h2><\/summary><div class=\"accordion-content\">\n<figure class=\"wp-block-table\"><table><thead><tr><th class=\"has-text-align-left\" data-align=\"left\">Innihaldsefni<\/th><\/tr><\/thead><tbody><tr><td class=\"has-text-align-left\" data-align=\"left\">Aqua<\/td><\/tr><tr><td class=\"has-text-align-left\" data-align=\"left\">Macadamia integrifolia seed oil<\/td><\/tr><tr><td class=\"has-text-align-left\" data-align=\"left\">Prunus amygdalus dulcis oil<\/td><\/tr><tr><td class=\"has-text-align-left\" data-align=\"left\">Pentylene glycol<\/td><\/tr><tr><td class=\"has-text-align-left\" data-align=\"left\">Glycerin<\/td><\/tr><tr><td class=\"has-text-align-left\" data-align=\"left\">Simmondsia chinensis seed oil<\/td><\/tr><tr><td class=\"has-text-align-left\" data-align=\"left\">Stearyl alcohol<\/td><\/tr><tr><td class=\"has-text-align-left\" data-align=\"left\">Polyglyceryl-2 stearate<\/td><\/tr><tr><td class=\"has-text-align-left\" data-align=\"left\">Behenyl alcohol<\/td><\/tr><tr><td class=\"has-text-align-left\" data-align=\"left\">Theobroma cacao seed butter<\/td><\/tr><tr><td class=\"has-text-align-left\" data-align=\"left\">Butyrospermum parkii butter<\/td><\/tr><tr><td class=\"has-text-align-left\" data-align=\"left\">Glyceryl stearate<\/td><\/tr><tr><td class=\"has-text-align-left\" data-align=\"left\">Hydrogenated rapeseed alcohol<\/td><\/tr><tr><td class=\"has-text-align-left\" data-align=\"left\">Polyglyceryl-10 eicosanedioate\/tetradecanedioate<\/td><\/tr><tr><td class=\"has-text-align-left\" data-align=\"left\">Betaine<\/td><\/tr><tr><td class=\"has-text-align-left\" data-align=\"left\">Xanthan gum<\/td><\/tr><tr><td class=\"has-text-align-left\" data-align=\"left\">Tocopheryl acetate<\/td><\/tr><tr><td class=\"has-text-align-left\" data-align=\"left\">Levulinic acid<\/td><\/tr><tr><td class=\"has-text-align-left\" data-align=\"left\">Sodium anisate<\/td><\/tr><tr><td class=\"has-text-align-left\" data-align=\"left\">Sodium levulinate<\/td><\/tr><tr><td class=\"has-text-align-left\" data-align=\"left\">Polyglyceryl-4 oleate<\/td><\/tr><tr><td class=\"has-text-align-left\" data-align=\"left\">Tocopherol<\/td><\/tr><tr><td class=\"has-text-align-left\" data-align=\"left\">Sodium hydroxide<\/td><\/tr><tr><td class=\"has-text-align-left\" data-align=\"left\">Helianthus annuus seed oil<\/td><\/tr><tr><td class=\"has-text-align-left\" data-align=\"left\">Glyceryl olivate<\/td><\/tr><\/tbody><\/table><\/figure>\n<\/div><\/details>\n<\/div><\/div>\n","protected":false},"excerpt":{"rendered":"<p>N\u00e6turkrem sem veitir \u00f6flug raka\u00e1hrif \u00ed 24 klst.<\/p>\n","protected":false},"featured_media":480,"comment_status":"closed","ping_status":"closed","template":"","meta":{"_acf_changed":false,"footnotes":""},"product_brand":[],"product_cat":[18],"product_tag":[],"class_list":{"0":"post-490","1":"product","2":"type-product","3":"status-publish","4":"has-post-thumbnail","6":"product_cat-daglega","8":"first","9":"instock","10":"shipping-taxable","11":"product-type-simple"},"acf":[],"yoast_head":"<!-- This site is optimized with the Yoast SEO plugin v26.6 - https:\/\/yoast.com\/wordpress\/plugins\/seo\/ -->\n<title>Decubal hydrating night cream - Decubal<\/title>\n<meta name=\"description\" content=\"Kraftmiki\u00f0 rakagefandi n\u00e6turkrem sem gefur h\u00fa\u00f0inni \u00f6flugan raka \u00ed 24 klst, endurbyggir ysta lag h\u00fa\u00f0arinnar \u00e1 me\u00f0an \u00fe\u00fa sefur.\" \/>\n<meta name=\"robots\" content=\"index, follow, max-snippet:-1, max-image-preview:large, max-video-preview:-1\" \/>\n<link rel=\"canonical\" href=\"https:\/\/decubal.com\/is\/voru\/decubal-hydrating-nigh-cream\/\" \/>\n<meta property=\"og:locale\" content=\"is_IS\" \/>\n<meta property=\"og:type\" content=\"article\" \/>\n<meta property=\"og:title\" content=\"Decubal hydrating night cream - Decubal\" \/>\n<meta property=\"og:description\" content=\"Kraftmiki\u00f0 rakagefandi n\u00e6turkrem sem gefur h\u00fa\u00f0inni \u00f6flugan raka \u00ed 24 klst, endurbyggir ysta lag h\u00fa\u00f0arinnar \u00e1 me\u00f0an \u00fe\u00fa sefur.\" \/>\n<meta property=\"og:url\" content=\"https:\/\/decubal.com\/is\/voru\/decubal-hydrating-nigh-cream\/\" \/>\n<meta property=\"og:site_name\" content=\"Decubal\" \/>\n<meta property=\"article:modified_time\" content=\"2025-08-15T10:26:12+00:00\" \/>\n<meta property=\"og:image\" content=\"https:\/\/decubal.com\/app\/uploads\/sites\/6\/2023\/09\/Decubal-Hydrating-night-cream.jpg\" \/>\n\t<meta property=\"og:image:width\" content=\"1000\" \/>\n\t<meta property=\"og:image:height\" content=\"1000\" \/>\n\t<meta property=\"og:image:type\" content=\"image\/jpeg\" \/>\n<meta name=\"twitter:card\" content=\"summary_large_image\" \/>\n<meta name=\"twitter:label1\" content=\"Est. reading time\" \/>\n\t<meta name=\"twitter:data1\" content=\"1 minute\" \/>\n<script type=\"application\/ld+json\" class=\"yoast-schema-graph\">{\"@context\":\"https:\/\/schema.org\",\"@graph\":[{\"@type\":\"WebPage\",\"@id\":\"https:\/\/decubal.com\/is\/voru\/decubal-hydrating-nigh-cream\/\",\"url\":\"https:\/\/decubal.com\/is\/voru\/decubal-hydrating-nigh-cream\/\",\"name\":\"Decubal hydrating night cream - Decubal\",\"isPartOf\":{\"@id\":\"https:\/\/decubal.com\/is\/#website\"},\"primaryImageOfPage\":{\"@id\":\"https:\/\/decubal.com\/is\/voru\/decubal-hydrating-nigh-cream\/#primaryimage\"},\"image\":{\"@id\":\"https:\/\/decubal.com\/is\/voru\/decubal-hydrating-nigh-cream\/#primaryimage\"},\"thumbnailUrl\":\"https:\/\/decubal.com\/app\/uploads\/sites\/6\/2023\/09\/Decubal-Hydrating-night-cream.jpg\",\"datePublished\":\"2023-09-28T06:39:21+00:00\",\"dateModified\":\"2025-08-15T10:26:12+00:00\",\"description\":\"Kraftmiki\u00f0 rakagefandi n\u00e6turkrem sem gefur h\u00fa\u00f0inni \u00f6flugan raka \u00ed 24 klst, endurbyggir ysta lag h\u00fa\u00f0arinnar \u00e1 me\u00f0an \u00fe\u00fa sefur.\",\"breadcrumb\":{\"@id\":\"https:\/\/decubal.com\/is\/voru\/decubal-hydrating-nigh-cream\/#breadcrumb\"},\"inLanguage\":\"is\",\"potentialAction\":[{\"@type\":\"ReadAction\",\"target\":[\"https:\/\/decubal.com\/is\/voru\/decubal-hydrating-nigh-cream\/\"]}]},{\"@type\":\"ImageObject\",\"inLanguage\":\"is\",\"@id\":\"https:\/\/decubal.com\/is\/voru\/decubal-hydrating-nigh-cream\/#primaryimage\",\"url\":\"https:\/\/decubal.com\/app\/uploads\/sites\/6\/2023\/09\/Decubal-Hydrating-night-cream.jpg\",\"contentUrl\":\"https:\/\/decubal.com\/app\/uploads\/sites\/6\/2023\/09\/Decubal-Hydrating-night-cream.jpg\",\"width\":1000,\"height\":1000,\"caption\":\"Decubal Hydrating night cream\"},{\"@type\":\"BreadcrumbList\",\"@id\":\"https:\/\/decubal.com\/is\/voru\/decubal-hydrating-nigh-cream\/#breadcrumb\",\"itemListElement\":[{\"@type\":\"ListItem\",\"position\":1,\"name\":\"Home\",\"item\":\"https:\/\/decubal.com\/is\/\"},{\"@type\":\"ListItem\",\"position\":2,\"name\":\"V\u00f6rur\",\"item\":\"https:\/\/decubal.com\/is\/vorur\/\"},{\"@type\":\"ListItem\",\"position\":3,\"name\":\"Decubal hydrating night cream\"}]},{\"@type\":\"WebSite\",\"@id\":\"https:\/\/decubal.com\/is\/#website\",\"url\":\"https:\/\/decubal.com\/is\/\",\"name\":\"Decubal\",\"description\":\"\",\"publisher\":{\"@id\":\"https:\/\/decubal.com\/is\/#organization\"},\"potentialAction\":[{\"@type\":\"SearchAction\",\"target\":{\"@type\":\"EntryPoint\",\"urlTemplate\":\"https:\/\/decubal.com\/is\/?s={search_term_string}\"},\"query-input\":{\"@type\":\"PropertyValueSpecification\",\"valueRequired\":true,\"valueName\":\"search_term_string\"}}],\"inLanguage\":\"is\"},{\"@type\":\"Organization\",\"@id\":\"https:\/\/decubal.com\/is\/#organization\",\"name\":\"Decubal\",\"url\":\"https:\/\/decubal.com\/is\/\",\"logo\":{\"@type\":\"ImageObject\",\"inLanguage\":\"is\",\"@id\":\"https:\/\/decubal.com\/is\/#\/schema\/logo\/image\/\",\"url\":\"https:\/\/decubal.com\/app\/uploads\/sites\/6\/2022\/09\/Decubal-logo.png\",\"contentUrl\":\"https:\/\/decubal.com\/app\/uploads\/sites\/6\/2022\/09\/Decubal-logo.png\",\"width\":138,\"height\":40,\"caption\":\"Decubal\"},\"image\":{\"@id\":\"https:\/\/decubal.com\/is\/#\/schema\/logo\/image\/\"}}]}<\/script>\n<!-- \/ Yoast SEO plugin. -->","yoast_head_json":{"title":"Decubal hydrating night cream - Decubal","description":"Kraftmiki\u00f0 rakagefandi n\u00e6turkrem sem gefur h\u00fa\u00f0inni \u00f6flugan raka \u00ed 24 klst, endurbyggir ysta lag h\u00fa\u00f0arinnar \u00e1 me\u00f0an \u00fe\u00fa sefur.","robots":{"index":"index","follow":"follow","max-snippet":"max-snippet:-1","max-image-preview":"max-image-preview:large","max-video-preview":"max-video-preview:-1"},"canonical":"https:\/\/decubal.com\/is\/voru\/decubal-hydrating-nigh-cream\/","og_locale":"is_IS","og_type":"article","og_title":"Decubal hydrating night cream - Decubal","og_description":"Kraftmiki\u00f0 rakagefandi n\u00e6turkrem sem gefur h\u00fa\u00f0inni \u00f6flugan raka \u00ed 24 klst, endurbyggir ysta lag h\u00fa\u00f0arinnar \u00e1 me\u00f0an \u00fe\u00fa sefur.","og_url":"https:\/\/decubal.com\/is\/voru\/decubal-hydrating-nigh-cream\/","og_site_name":"Decubal","article_modified_time":"2025-08-15T10:26:12+00:00","og_image":[{"width":1000,"height":1000,"url":"https:\/\/decubal.com\/app\/uploads\/sites\/6\/2023\/09\/Decubal-Hydrating-night-cream.jpg","type":"image\/jpeg"}],"twitter_card":"summary_large_image","twitter_misc":{"Est. reading time":"1 minute"},"schema":{"@context":"https:\/\/schema.org","@graph":[{"@type":"WebPage","@id":"https:\/\/decubal.com\/is\/voru\/decubal-hydrating-nigh-cream\/","url":"https:\/\/decubal.com\/is\/voru\/decubal-hydrating-nigh-cream\/","name":"Decubal hydrating night cream - Decubal","isPartOf":{"@id":"https:\/\/decubal.com\/is\/#website"},"primaryImageOfPage":{"@id":"https:\/\/decubal.com\/is\/voru\/decubal-hydrating-nigh-cream\/#primaryimage"},"image":{"@id":"https:\/\/decubal.com\/is\/voru\/decubal-hydrating-nigh-cream\/#primaryimage"},"thumbnailUrl":"https:\/\/decubal.com\/app\/uploads\/sites\/6\/2023\/09\/Decubal-Hydrating-night-cream.jpg","datePublished":"2023-09-28T06:39:21+00:00","dateModified":"2025-08-15T10:26:12+00:00","description":"Kraftmiki\u00f0 rakagefandi n\u00e6turkrem sem gefur h\u00fa\u00f0inni \u00f6flugan raka \u00ed 24 klst, endurbyggir ysta lag h\u00fa\u00f0arinnar \u00e1 me\u00f0an \u00fe\u00fa sefur.","breadcrumb":{"@id":"https:\/\/decubal.com\/is\/voru\/decubal-hydrating-nigh-cream\/#breadcrumb"},"inLanguage":"is","potentialAction":[{"@type":"ReadAction","target":["https:\/\/decubal.com\/is\/voru\/decubal-hydrating-nigh-cream\/"]}]},{"@type":"ImageObject","inLanguage":"is","@id":"https:\/\/decubal.com\/is\/voru\/decubal-hydrating-nigh-cream\/#primaryimage","url":"https:\/\/decubal.com\/app\/uploads\/sites\/6\/2023\/09\/Decubal-Hydrating-night-cream.jpg","contentUrl":"https:\/\/decubal.com\/app\/uploads\/sites\/6\/2023\/09\/Decubal-Hydrating-night-cream.jpg","width":1000,"height":1000,"caption":"Decubal Hydrating night cream"},{"@type":"BreadcrumbList","@id":"https:\/\/decubal.com\/is\/voru\/decubal-hydrating-nigh-cream\/#breadcrumb","itemListElement":[{"@type":"ListItem","position":1,"name":"Home","item":"https:\/\/decubal.com\/is\/"},{"@type":"ListItem","position":2,"name":"V\u00f6rur","item":"https:\/\/decubal.com\/is\/vorur\/"},{"@type":"ListItem","position":3,"name":"Decubal hydrating night cream"}]},{"@type":"WebSite","@id":"https:\/\/decubal.com\/is\/#website","url":"https:\/\/decubal.com\/is\/","name":"Decubal","description":"","publisher":{"@id":"https:\/\/decubal.com\/is\/#organization"},"potentialAction":[{"@type":"SearchAction","target":{"@type":"EntryPoint","urlTemplate":"https:\/\/decubal.com\/is\/?s={search_term_string}"},"query-input":{"@type":"PropertyValueSpecification","valueRequired":true,"valueName":"search_term_string"}}],"inLanguage":"is"},{"@type":"Organization","@id":"https:\/\/decubal.com\/is\/#organization","name":"Decubal","url":"https:\/\/decubal.com\/is\/","logo":{"@type":"ImageObject","inLanguage":"is","@id":"https:\/\/decubal.com\/is\/#\/schema\/logo\/image\/","url":"https:\/\/decubal.com\/app\/uploads\/sites\/6\/2022\/09\/Decubal-logo.png","contentUrl":"https:\/\/decubal.com\/app\/uploads\/sites\/6\/2022\/09\/Decubal-logo.png","width":138,"height":40,"caption":"Decubal"},"image":{"@id":"https:\/\/decubal.com\/is\/#\/schema\/logo\/image\/"}}]}},"_links":{"self":[{"href":"https:\/\/decubal.com\/is\/wp-json\/wp\/v2\/product\/490","targetHints":{"allow":["GET"]}}],"collection":[{"href":"https:\/\/decubal.com\/is\/wp-json\/wp\/v2\/product"}],"about":[{"href":"https:\/\/decubal.com\/is\/wp-json\/wp\/v2\/types\/product"}],"replies":[{"embeddable":true,"href":"https:\/\/decubal.com\/is\/wp-json\/wp\/v2\/comments?post=490"}],"version-history":[{"count":7,"href":"https:\/\/decubal.com\/is\/wp-json\/wp\/v2\/product\/490\/revisions"}],"predecessor-version":[{"id":574,"href":"https:\/\/decubal.com\/is\/wp-json\/wp\/v2\/product\/490\/revisions\/574"}],"wp:featuredmedia":[{"embeddable":true,"href":"https:\/\/decubal.com\/is\/wp-json\/wp\/v2\/media\/480"}],"wp:attachment":[{"href":"https:\/\/decubal.com\/is\/wp-json\/wp\/v2\/media?parent=490"}],"wp:term":[{"taxonomy":"product_brand","embeddable":true,"href":"https:\/\/decubal.com\/is\/wp-json\/wp\/v2\/product_brand?post=490"},{"taxonomy":"product_cat","embeddable":true,"href":"https:\/\/decubal.com\/is\/wp-json\/wp\/v2\/product_cat?post=490"},{"taxonomy":"product_tag","embeddable":true,"href":"https:\/\/decubal.com\/is\/wp-json\/wp\/v2\/product_tag?post=490"}],"curies":[{"name":"wp","href":"https:\/\/api.w.org\/{rel}","templated":true}]}}