{"id":478,"date":"2023-09-28T06:27:18","date_gmt":"2023-09-28T06:27:18","guid":{"rendered":"https:\/\/decubal.com\/is\/?post_type=product&#038;p=478"},"modified":"2025-08-15T10:26:45","modified_gmt":"2025-08-15T10:26:45","slug":"decubal-hydrating-day-cream","status":"publish","type":"product","link":"https:\/\/decubal.com\/is\/voru\/decubal-hydrating-day-cream\/","title":{"rendered":"Decubal hydrating day cream"},"content":{"rendered":"\n<div class=\"wp-block-karopharma-accordions is-style-secondary\"><div class=\"container\">\n<details class=\"wp-block-karopharma-accordion\"><summary><h2 class=\"accordion-title\">Notkun<\/h2><\/summary><div class=\"accordion-content\">\n<p>Beri\u00f0 \u00e1 hreina h\u00fa\u00f0 \u00e1 morgnana e\u00f0a \u00e1 eftir Decubal hydrating serum. <br>L\u00e1ti\u00f0 serumi\u00f0 fara inn \u00ed h\u00fa\u00f0ina \u00ed nokkrar m\u00edn\u00fatur \u00e1\u00f0ur en kremi\u00f0 er bori\u00f0 \u00e1.<\/p>\n<\/div><\/details>\n\n\n\n<details class=\"wp-block-karopharma-accordion\"><summary><h2 class=\"accordion-title\">Innihaldsefni<\/h2><\/summary><div class=\"accordion-content\">\n<figure class=\"wp-block-table\"><table><thead><tr><th class=\"has-text-align-left\" data-align=\"left\">Innihaldsefni<\/th><\/tr><\/thead><tbody><tr><td class=\"has-text-align-left\" data-align=\"left\">Aqua<\/td><\/tr><tr><td class=\"has-text-align-left\" data-align=\"left\">C12-15 Alkyl Benzoate<\/td><\/tr><tr><td class=\"has-text-align-left\" data-align=\"left\">Ethylhexyl Salicylate<\/td><\/tr><tr><td class=\"has-text-align-left\" data-align=\"left\">Ethylhexyl Triazone<\/td><\/tr><tr><td class=\"has-text-align-left\" data-align=\"left\">Glycerin<\/td><\/tr><tr><td class=\"has-text-align-left\" data-align=\"left\">Butyl Methoxydibenzoylmethane<\/td><\/tr><tr><td class=\"has-text-align-left\" data-align=\"left\">Stearyl Alcohol<\/td><\/tr><tr><td class=\"has-text-align-left\" data-align=\"left\">Bis-Ethylhexyloxyphenol Methoxyphenyl Triazine<\/td><\/tr><tr><td class=\"has-text-align-left\" data-align=\"left\">Glyceryl Stearate<\/td><\/tr><tr><td class=\"has-text-align-left\" data-align=\"left\">Pentaerythrityl Distearate<\/td><\/tr><tr><td class=\"has-text-align-left\" data-align=\"left\">Cetyl Phosphate<\/td><\/tr><tr><td class=\"has-text-align-left\" data-align=\"left\">Phenoxyethanol<\/td><\/tr><tr><td class=\"has-text-align-left\" data-align=\"left\">Polyglyceryl-10 Eico-sanedioate\/Tetradecanedioate<\/td><\/tr><tr><td class=\"has-text-align-left\" data-align=\"left\">Arginine, Betaine, Xanthan Gum<\/td><\/tr><tr><td class=\"has-text-align-left\" data-align=\"left\">Tocopheryl Acetate<\/td><\/tr><tr><td class=\"has-text-align-left\" data-align=\"left\">Ethylhexylglycerin<\/td><\/tr><tr><td class=\"has-text-align-left\" data-align=\"left\">Propanediol, Lecithin<\/td><\/tr><tr><td class=\"has-text-align-left\" data-align=\"left\">Trisodium Ethylenediamine Disuccinate<\/td><\/tr><tr><td class=\"has-text-align-left\" data-align=\"left\">Tocopherol, Ascorbyl Palmitate<\/td><\/tr><tr><td class=\"has-text-align-left\" data-align=\"left\">Polyglutamic Acid<\/td><\/tr><tr><td class=\"has-text-align-left\" data-align=\"left\">1,2-Hexanediol<\/td><\/tr><tr><td class=\"has-text-align-left\" data-align=\"left\">Caprylyl Glycol<\/td><\/tr><tr><td class=\"has-text-align-left\" data-align=\"left\">Citric Acid<\/td><\/tr><\/tbody><\/table><\/figure>\n<\/div><\/details>\n<\/div><\/div>\n","protected":false},"excerpt":{"rendered":"<p>24 t\u00edma rakagefandi andlitskrem me\u00f0 SPF 30 &#8211; 50 ml<\/p>\n","protected":false},"featured_media":479,"comment_status":"closed","ping_status":"closed","template":"","meta":{"_acf_changed":false,"footnotes":""},"product_brand":[],"product_cat":[18],"product_tag":[],"class_list":{"0":"post-478","1":"product","2":"type-product","3":"status-publish","4":"has-post-thumbnail","6":"product_cat-daglega","8":"first","9":"instock","10":"shipping-taxable","11":"product-type-simple"},"acf":[],"yoast_head":"<!-- This site is optimized with the Yoast SEO plugin v26.6 - https:\/\/yoast.com\/wordpress\/plugins\/seo\/ -->\n<title>Decubal hydrating day cream - Decubal<\/title>\n<meta name=\"description\" content=\"L\u00e9tt andlitskrem me\u00f0 SPF 30 og 24 t\u00edma rakagefandi \u00e1hrifum.\" \/>\n<meta name=\"robots\" content=\"index, follow, max-snippet:-1, max-image-preview:large, max-video-preview:-1\" \/>\n<link rel=\"canonical\" href=\"https:\/\/decubal.com\/is\/voru\/decubal-hydrating-day-cream\/\" \/>\n<meta property=\"og:locale\" content=\"is_IS\" \/>\n<meta property=\"og:type\" content=\"article\" \/>\n<meta property=\"og:title\" content=\"Decubal hydrating day cream - Decubal\" \/>\n<meta property=\"og:description\" content=\"L\u00e9tt andlitskrem me\u00f0 SPF 30 og 24 t\u00edma rakagefandi \u00e1hrifum.\" \/>\n<meta property=\"og:url\" content=\"https:\/\/decubal.com\/is\/voru\/decubal-hydrating-day-cream\/\" \/>\n<meta property=\"og:site_name\" content=\"Decubal\" \/>\n<meta property=\"article:modified_time\" content=\"2025-08-15T10:26:45+00:00\" \/>\n<meta property=\"og:image\" content=\"https:\/\/decubal.com\/app\/uploads\/sites\/6\/2023\/09\/Decubal-Hydrating-day-cream.jpg\" \/>\n\t<meta property=\"og:image:width\" content=\"1000\" \/>\n\t<meta property=\"og:image:height\" content=\"1000\" \/>\n\t<meta property=\"og:image:type\" content=\"image\/jpeg\" \/>\n<meta name=\"twitter:card\" content=\"summary_large_image\" \/>\n<meta name=\"twitter:label1\" content=\"Est. reading time\" \/>\n\t<meta name=\"twitter:data1\" content=\"1 minute\" \/>\n<script type=\"application\/ld+json\" class=\"yoast-schema-graph\">{\"@context\":\"https:\/\/schema.org\",\"@graph\":[{\"@type\":\"WebPage\",\"@id\":\"https:\/\/decubal.com\/is\/voru\/decubal-hydrating-day-cream\/\",\"url\":\"https:\/\/decubal.com\/is\/voru\/decubal-hydrating-day-cream\/\",\"name\":\"Decubal hydrating day cream - Decubal\",\"isPartOf\":{\"@id\":\"https:\/\/decubal.com\/is\/#website\"},\"primaryImageOfPage\":{\"@id\":\"https:\/\/decubal.com\/is\/voru\/decubal-hydrating-day-cream\/#primaryimage\"},\"image\":{\"@id\":\"https:\/\/decubal.com\/is\/voru\/decubal-hydrating-day-cream\/#primaryimage\"},\"thumbnailUrl\":\"https:\/\/decubal.com\/app\/uploads\/sites\/6\/2023\/09\/Decubal-Hydrating-day-cream.jpg\",\"datePublished\":\"2023-09-28T06:27:18+00:00\",\"dateModified\":\"2025-08-15T10:26:45+00:00\",\"description\":\"L\u00e9tt andlitskrem me\u00f0 SPF 30 og 24 t\u00edma rakagefandi \u00e1hrifum.\",\"breadcrumb\":{\"@id\":\"https:\/\/decubal.com\/is\/voru\/decubal-hydrating-day-cream\/#breadcrumb\"},\"inLanguage\":\"is\",\"potentialAction\":[{\"@type\":\"ReadAction\",\"target\":[\"https:\/\/decubal.com\/is\/voru\/decubal-hydrating-day-cream\/\"]}]},{\"@type\":\"ImageObject\",\"inLanguage\":\"is\",\"@id\":\"https:\/\/decubal.com\/is\/voru\/decubal-hydrating-day-cream\/#primaryimage\",\"url\":\"https:\/\/decubal.com\/app\/uploads\/sites\/6\/2023\/09\/Decubal-Hydrating-day-cream.jpg\",\"contentUrl\":\"https:\/\/decubal.com\/app\/uploads\/sites\/6\/2023\/09\/Decubal-Hydrating-day-cream.jpg\",\"width\":1000,\"height\":1000,\"caption\":\"Decubal Hydrating day cream\"},{\"@type\":\"BreadcrumbList\",\"@id\":\"https:\/\/decubal.com\/is\/voru\/decubal-hydrating-day-cream\/#breadcrumb\",\"itemListElement\":[{\"@type\":\"ListItem\",\"position\":1,\"name\":\"Home\",\"item\":\"https:\/\/decubal.com\/is\/\"},{\"@type\":\"ListItem\",\"position\":2,\"name\":\"V\u00f6rur\",\"item\":\"https:\/\/decubal.com\/is\/vorur\/\"},{\"@type\":\"ListItem\",\"position\":3,\"name\":\"Decubal hydrating day cream\"}]},{\"@type\":\"WebSite\",\"@id\":\"https:\/\/decubal.com\/is\/#website\",\"url\":\"https:\/\/decubal.com\/is\/\",\"name\":\"Decubal\",\"description\":\"\",\"publisher\":{\"@id\":\"https:\/\/decubal.com\/is\/#organization\"},\"potentialAction\":[{\"@type\":\"SearchAction\",\"target\":{\"@type\":\"EntryPoint\",\"urlTemplate\":\"https:\/\/decubal.com\/is\/?s={search_term_string}\"},\"query-input\":{\"@type\":\"PropertyValueSpecification\",\"valueRequired\":true,\"valueName\":\"search_term_string\"}}],\"inLanguage\":\"is\"},{\"@type\":\"Organization\",\"@id\":\"https:\/\/decubal.com\/is\/#organization\",\"name\":\"Decubal\",\"url\":\"https:\/\/decubal.com\/is\/\",\"logo\":{\"@type\":\"ImageObject\",\"inLanguage\":\"is\",\"@id\":\"https:\/\/decubal.com\/is\/#\/schema\/logo\/image\/\",\"url\":\"https:\/\/decubal.com\/app\/uploads\/sites\/6\/2022\/09\/Decubal-logo.png\",\"contentUrl\":\"https:\/\/decubal.com\/app\/uploads\/sites\/6\/2022\/09\/Decubal-logo.png\",\"width\":138,\"height\":40,\"caption\":\"Decubal\"},\"image\":{\"@id\":\"https:\/\/decubal.com\/is\/#\/schema\/logo\/image\/\"}}]}<\/script>\n<!-- \/ Yoast SEO plugin. -->","yoast_head_json":{"title":"Decubal hydrating day cream - Decubal","description":"L\u00e9tt andlitskrem me\u00f0 SPF 30 og 24 t\u00edma rakagefandi \u00e1hrifum.","robots":{"index":"index","follow":"follow","max-snippet":"max-snippet:-1","max-image-preview":"max-image-preview:large","max-video-preview":"max-video-preview:-1"},"canonical":"https:\/\/decubal.com\/is\/voru\/decubal-hydrating-day-cream\/","og_locale":"is_IS","og_type":"article","og_title":"Decubal hydrating day cream - Decubal","og_description":"L\u00e9tt andlitskrem me\u00f0 SPF 30 og 24 t\u00edma rakagefandi \u00e1hrifum.","og_url":"https:\/\/decubal.com\/is\/voru\/decubal-hydrating-day-cream\/","og_site_name":"Decubal","article_modified_time":"2025-08-15T10:26:45+00:00","og_image":[{"width":1000,"height":1000,"url":"https:\/\/decubal.com\/app\/uploads\/sites\/6\/2023\/09\/Decubal-Hydrating-day-cream.jpg","type":"image\/jpeg"}],"twitter_card":"summary_large_image","twitter_misc":{"Est. reading time":"1 minute"},"schema":{"@context":"https:\/\/schema.org","@graph":[{"@type":"WebPage","@id":"https:\/\/decubal.com\/is\/voru\/decubal-hydrating-day-cream\/","url":"https:\/\/decubal.com\/is\/voru\/decubal-hydrating-day-cream\/","name":"Decubal hydrating day cream - Decubal","isPartOf":{"@id":"https:\/\/decubal.com\/is\/#website"},"primaryImageOfPage":{"@id":"https:\/\/decubal.com\/is\/voru\/decubal-hydrating-day-cream\/#primaryimage"},"image":{"@id":"https:\/\/decubal.com\/is\/voru\/decubal-hydrating-day-cream\/#primaryimage"},"thumbnailUrl":"https:\/\/decubal.com\/app\/uploads\/sites\/6\/2023\/09\/Decubal-Hydrating-day-cream.jpg","datePublished":"2023-09-28T06:27:18+00:00","dateModified":"2025-08-15T10:26:45+00:00","description":"L\u00e9tt andlitskrem me\u00f0 SPF 30 og 24 t\u00edma rakagefandi \u00e1hrifum.","breadcrumb":{"@id":"https:\/\/decubal.com\/is\/voru\/decubal-hydrating-day-cream\/#breadcrumb"},"inLanguage":"is","potentialAction":[{"@type":"ReadAction","target":["https:\/\/decubal.com\/is\/voru\/decubal-hydrating-day-cream\/"]}]},{"@type":"ImageObject","inLanguage":"is","@id":"https:\/\/decubal.com\/is\/voru\/decubal-hydrating-day-cream\/#primaryimage","url":"https:\/\/decubal.com\/app\/uploads\/sites\/6\/2023\/09\/Decubal-Hydrating-day-cream.jpg","contentUrl":"https:\/\/decubal.com\/app\/uploads\/sites\/6\/2023\/09\/Decubal-Hydrating-day-cream.jpg","width":1000,"height":1000,"caption":"Decubal Hydrating day cream"},{"@type":"BreadcrumbList","@id":"https:\/\/decubal.com\/is\/voru\/decubal-hydrating-day-cream\/#breadcrumb","itemListElement":[{"@type":"ListItem","position":1,"name":"Home","item":"https:\/\/decubal.com\/is\/"},{"@type":"ListItem","position":2,"name":"V\u00f6rur","item":"https:\/\/decubal.com\/is\/vorur\/"},{"@type":"ListItem","position":3,"name":"Decubal hydrating day cream"}]},{"@type":"WebSite","@id":"https:\/\/decubal.com\/is\/#website","url":"https:\/\/decubal.com\/is\/","name":"Decubal","description":"","publisher":{"@id":"https:\/\/decubal.com\/is\/#organization"},"potentialAction":[{"@type":"SearchAction","target":{"@type":"EntryPoint","urlTemplate":"https:\/\/decubal.com\/is\/?s={search_term_string}"},"query-input":{"@type":"PropertyValueSpecification","valueRequired":true,"valueName":"search_term_string"}}],"inLanguage":"is"},{"@type":"Organization","@id":"https:\/\/decubal.com\/is\/#organization","name":"Decubal","url":"https:\/\/decubal.com\/is\/","logo":{"@type":"ImageObject","inLanguage":"is","@id":"https:\/\/decubal.com\/is\/#\/schema\/logo\/image\/","url":"https:\/\/decubal.com\/app\/uploads\/sites\/6\/2022\/09\/Decubal-logo.png","contentUrl":"https:\/\/decubal.com\/app\/uploads\/sites\/6\/2022\/09\/Decubal-logo.png","width":138,"height":40,"caption":"Decubal"},"image":{"@id":"https:\/\/decubal.com\/is\/#\/schema\/logo\/image\/"}}]}},"_links":{"self":[{"href":"https:\/\/decubal.com\/is\/wp-json\/wp\/v2\/product\/478","targetHints":{"allow":["GET"]}}],"collection":[{"href":"https:\/\/decubal.com\/is\/wp-json\/wp\/v2\/product"}],"about":[{"href":"https:\/\/decubal.com\/is\/wp-json\/wp\/v2\/types\/product"}],"replies":[{"embeddable":true,"href":"https:\/\/decubal.com\/is\/wp-json\/wp\/v2\/comments?post=478"}],"version-history":[{"count":10,"href":"https:\/\/decubal.com\/is\/wp-json\/wp\/v2\/product\/478\/revisions"}],"predecessor-version":[{"id":575,"href":"https:\/\/decubal.com\/is\/wp-json\/wp\/v2\/product\/478\/revisions\/575"}],"wp:featuredmedia":[{"embeddable":true,"href":"https:\/\/decubal.com\/is\/wp-json\/wp\/v2\/media\/479"}],"wp:attachment":[{"href":"https:\/\/decubal.com\/is\/wp-json\/wp\/v2\/media?parent=478"}],"wp:term":[{"taxonomy":"product_brand","embeddable":true,"href":"https:\/\/decubal.com\/is\/wp-json\/wp\/v2\/product_brand?post=478"},{"taxonomy":"product_cat","embeddable":true,"href":"https:\/\/decubal.com\/is\/wp-json\/wp\/v2\/product_cat?post=478"},{"taxonomy":"product_tag","embeddable":true,"href":"https:\/\/decubal.com\/is\/wp-json\/wp\/v2\/product_tag?post=478"}],"curies":[{"name":"wp","href":"https:\/\/api.w.org\/{rel}","templated":true}]}}