{"id":281,"date":"2022-11-17T14:04:22","date_gmt":"2022-11-17T14:04:22","guid":{"rendered":"https:\/\/decubal.com\/is\/?post_type=product&#038;p=281"},"modified":"2026-05-11T11:58:29","modified_gmt":"2026-05-11T11:58:29","slug":"decubal-foot-cream","status":"publish","type":"product","link":"https:\/\/decubal.com\/is\/voru\/decubal-foot-cream\/","title":{"rendered":"Decubal foot cream"},"content":{"rendered":"\n<div class=\"wp-block-karopharma-accordions is-style-secondary\"><div class=\"container\">\n<details class=\"wp-block-karopharma-accordion\"><summary><h2 class=\"accordion-title\">Notkun<\/h2><\/summary><div class=\"accordion-content\">\n<ul class=\"is-style-icon wp-block-list\"><li>M\u00e1 nota daglega \u00e1 \u00feurra h\u00fa\u00f0 og til a\u00f0 fyrirbyggja \u00feurra h\u00fa\u00f0<\/li><li>Tips! Til a\u00f0 n\u00e1 g\u00f3\u00f0um \u00e1rangri er sni\u00f0ugt a\u00f0 bera kremi\u00f0 \u00e1 f\u00e6turnar og fara svo \u00ed b\u00f3mullarsokka yfir og vera \u00ed yfir n\u00f3ttina.<\/li><\/ul>\n<\/div><\/details>\n\n\n\n<details class=\"wp-block-karopharma-accordion\"><summary><h2 class=\"accordion-title\">Innihaldsefni<\/h2><\/summary><div class=\"accordion-content\">\n<figure class=\"wp-block-table\"><table><tbody><tr><td><strong>Innihaldsefni<\/strong><\/td><td><strong>Virkni<\/strong><\/td><\/tr><tr><td>Aqua<\/td><td>Vand<\/td><\/tr><tr><td>Caprylic\/Capric Triglyceride<\/td><td>Fedtfase, olie, bl\u00f8dg\u00f8rende<\/td><\/tr><tr><td>Paraffinum Liquidum<\/td><td>Fedtfase, olie<\/td><\/tr><tr><td>Butyrospermum Parkii Butter<\/td><td>Shea sm\u00f8r, bl\u00f8dg\u00f8rende<\/td><\/tr><tr><td>Pentylene Glycol<\/td><td>Fugtgivende<\/td><\/tr><tr><td>Cetearyl Alcohol<\/td><td>Fortykker<\/td><\/tr><tr><td>Glycerin<\/td><td>Fugtgivende<\/td><\/tr><tr><td>Urea<\/td><td>Karbamid, fugtgivende<\/td><\/tr><tr><td>Glyceryl Stearate<\/td><td>Emulgator<\/td><\/tr><tr><td>Sodium Lactate<\/td><td>Buffer<\/td><\/tr><tr><td>Cetearyl Glucoside<\/td><td>Emulgator<\/td><\/tr><tr><td>Panthenol<\/td><td>Hudreparerende, fugtgivende<\/td><\/tr><tr><td>Stearic Acid<\/td><td>Emollient<\/td><\/tr><tr><td>Palmitic Acid<\/td><td>Emollient<\/td><\/tr><tr><td>Prunus Amygdalus Dulcis Oil<\/td><td>Mandelolie, bl\u00f8dg\u00f8rende<\/td><\/tr><tr><td>Persea Gratissima Oil<\/td><td>Avokadoolie, bl\u00f8dg\u00f8rende<\/td><\/tr><tr><td>Zinc Ricinoleate<\/td><td>Lugtkontrol<\/td><\/tr><tr><td>Tocopherol<\/td><td>E-vitamin, antioxidant<\/td><\/tr><tr><td>Xanthan Gum<\/td><td>Fortykker<\/td><\/tr><tr><td>Sodium Cetearyl Sulfate<\/td><td>Emulgator<\/td><\/tr><tr><td>Sodium Gluconate<\/td><td>Stabilisator<\/td><\/tr><tr><td>Citric Acid<\/td><td>pH justerende<\/td><\/tr><tr><td>Lactic acid<\/td><td>pH justerende<\/td><\/tr><\/tbody><\/table><\/figure>\n<\/div><\/details>\n<\/div><\/div>\n","protected":false},"excerpt":{"rendered":"<p>M\u00fdkir h\u00e6la, kemur \u00ed veg fyrir sprungur og heldur f\u00f3tunum ferskum<\/p>\n","protected":false},"featured_media":282,"comment_status":"closed","ping_status":"closed","template":"","meta":{"_acf_changed":false,"footnotes":""},"product_brand":[],"product_cat":[18],"product_tag":[],"class_list":{"0":"post-281","1":"product","2":"type-product","3":"status-publish","4":"has-post-thumbnail","6":"product_cat-daglega","8":"first","9":"instock","10":"shipping-taxable","11":"product-type-simple"},"acf":[],"yoast_head":"<!-- This site is optimized with the Yoast SEO plugin v26.6 - https:\/\/yoast.com\/wordpress\/plugins\/seo\/ -->\n<title>Decubal foot cream - Decubal<\/title>\n<meta name=\"description\" content=\"\u00deetta \u00e1hrifar\u00edka f\u00f3takrem er hanna\u00f0 fyrir \u00feurra h\u00fa\u00f0. \u00dea\u00f0 m\u00fdkir og n\u00e6rir f\u00e6turnar, kemur \u00ed veg fyrir sprungur og heldur f\u00f3runum ferskum me\u00f0 hj\u00e1lp s\u00ednks, sem vinnur gegn lykt.\" \/>\n<meta name=\"robots\" content=\"index, follow, max-snippet:-1, max-image-preview:large, max-video-preview:-1\" \/>\n<link rel=\"canonical\" href=\"https:\/\/decubal.com\/is\/voru\/decubal-foot-cream\/\" \/>\n<meta property=\"og:locale\" content=\"is_IS\" \/>\n<meta property=\"og:type\" content=\"article\" \/>\n<meta property=\"og:title\" content=\"Decubal foot cream - Decubal\" \/>\n<meta property=\"og:description\" content=\"\u00deetta \u00e1hrifar\u00edka f\u00f3takrem er hanna\u00f0 fyrir \u00feurra h\u00fa\u00f0. \u00dea\u00f0 m\u00fdkir og n\u00e6rir f\u00e6turnar, kemur \u00ed veg fyrir sprungur og heldur f\u00f3runum ferskum me\u00f0 hj\u00e1lp s\u00ednks, sem vinnur gegn lykt.\" \/>\n<meta property=\"og:url\" content=\"https:\/\/decubal.com\/is\/voru\/decubal-foot-cream\/\" \/>\n<meta property=\"og:site_name\" content=\"Decubal\" \/>\n<meta property=\"article:modified_time\" content=\"2026-05-11T11:58:29+00:00\" \/>\n<meta property=\"og:image\" content=\"https:\/\/decubal.com\/app\/uploads\/sites\/6\/2022\/11\/Decubal-foot-cream.png\" \/>\n\t<meta property=\"og:image:width\" content=\"600\" \/>\n\t<meta property=\"og:image:height\" content=\"600\" \/>\n\t<meta property=\"og:image:type\" content=\"image\/png\" \/>\n<meta name=\"twitter:card\" content=\"summary_large_image\" \/>\n<meta name=\"twitter:label1\" content=\"Est. reading time\" \/>\n\t<meta name=\"twitter:data1\" content=\"1 minute\" \/>\n<script type=\"application\/ld+json\" class=\"yoast-schema-graph\">{\"@context\":\"https:\/\/schema.org\",\"@graph\":[{\"@type\":\"WebPage\",\"@id\":\"https:\/\/decubal.com\/is\/voru\/decubal-foot-cream\/\",\"url\":\"https:\/\/decubal.com\/is\/voru\/decubal-foot-cream\/\",\"name\":\"Decubal foot cream - Decubal\",\"isPartOf\":{\"@id\":\"https:\/\/decubal.com\/is\/#website\"},\"primaryImageOfPage\":{\"@id\":\"https:\/\/decubal.com\/is\/voru\/decubal-foot-cream\/#primaryimage\"},\"image\":{\"@id\":\"https:\/\/decubal.com\/is\/voru\/decubal-foot-cream\/#primaryimage\"},\"thumbnailUrl\":\"https:\/\/decubal.com\/app\/uploads\/sites\/6\/2022\/11\/Decubal-foot-cream.png\",\"datePublished\":\"2022-11-17T14:04:22+00:00\",\"dateModified\":\"2026-05-11T11:58:29+00:00\",\"description\":\"\u00deetta \u00e1hrifar\u00edka f\u00f3takrem er hanna\u00f0 fyrir \u00feurra h\u00fa\u00f0. \u00dea\u00f0 m\u00fdkir og n\u00e6rir f\u00e6turnar, kemur \u00ed veg fyrir sprungur og heldur f\u00f3runum ferskum me\u00f0 hj\u00e1lp s\u00ednks, sem vinnur gegn lykt.\",\"breadcrumb\":{\"@id\":\"https:\/\/decubal.com\/is\/voru\/decubal-foot-cream\/#breadcrumb\"},\"inLanguage\":\"is\",\"potentialAction\":[{\"@type\":\"ReadAction\",\"target\":[\"https:\/\/decubal.com\/is\/voru\/decubal-foot-cream\/\"]}]},{\"@type\":\"ImageObject\",\"inLanguage\":\"is\",\"@id\":\"https:\/\/decubal.com\/is\/voru\/decubal-foot-cream\/#primaryimage\",\"url\":\"https:\/\/decubal.com\/app\/uploads\/sites\/6\/2022\/11\/Decubal-foot-cream.png\",\"contentUrl\":\"https:\/\/decubal.com\/app\/uploads\/sites\/6\/2022\/11\/Decubal-foot-cream.png\",\"width\":600,\"height\":600},{\"@type\":\"BreadcrumbList\",\"@id\":\"https:\/\/decubal.com\/is\/voru\/decubal-foot-cream\/#breadcrumb\",\"itemListElement\":[{\"@type\":\"ListItem\",\"position\":1,\"name\":\"Home\",\"item\":\"https:\/\/decubal.com\/is\/\"},{\"@type\":\"ListItem\",\"position\":2,\"name\":\"V\u00f6rur\",\"item\":\"https:\/\/decubal.com\/is\/vorur\/\"},{\"@type\":\"ListItem\",\"position\":3,\"name\":\"Decubal foot cream\"}]},{\"@type\":\"WebSite\",\"@id\":\"https:\/\/decubal.com\/is\/#website\",\"url\":\"https:\/\/decubal.com\/is\/\",\"name\":\"Decubal\",\"description\":\"\",\"publisher\":{\"@id\":\"https:\/\/decubal.com\/is\/#organization\"},\"potentialAction\":[{\"@type\":\"SearchAction\",\"target\":{\"@type\":\"EntryPoint\",\"urlTemplate\":\"https:\/\/decubal.com\/is\/?s={search_term_string}\"},\"query-input\":{\"@type\":\"PropertyValueSpecification\",\"valueRequired\":true,\"valueName\":\"search_term_string\"}}],\"inLanguage\":\"is\"},{\"@type\":\"Organization\",\"@id\":\"https:\/\/decubal.com\/is\/#organization\",\"name\":\"Decubal\",\"url\":\"https:\/\/decubal.com\/is\/\",\"logo\":{\"@type\":\"ImageObject\",\"inLanguage\":\"is\",\"@id\":\"https:\/\/decubal.com\/is\/#\/schema\/logo\/image\/\",\"url\":\"https:\/\/decubal.com\/app\/uploads\/sites\/6\/2022\/09\/Decubal-logo.png\",\"contentUrl\":\"https:\/\/decubal.com\/app\/uploads\/sites\/6\/2022\/09\/Decubal-logo.png\",\"width\":138,\"height\":40,\"caption\":\"Decubal\"},\"image\":{\"@id\":\"https:\/\/decubal.com\/is\/#\/schema\/logo\/image\/\"}}]}<\/script>\n<!-- \/ Yoast SEO plugin. -->","yoast_head_json":{"title":"Decubal foot cream - Decubal","description":"\u00deetta \u00e1hrifar\u00edka f\u00f3takrem er hanna\u00f0 fyrir \u00feurra h\u00fa\u00f0. \u00dea\u00f0 m\u00fdkir og n\u00e6rir f\u00e6turnar, kemur \u00ed veg fyrir sprungur og heldur f\u00f3runum ferskum me\u00f0 hj\u00e1lp s\u00ednks, sem vinnur gegn lykt.","robots":{"index":"index","follow":"follow","max-snippet":"max-snippet:-1","max-image-preview":"max-image-preview:large","max-video-preview":"max-video-preview:-1"},"canonical":"https:\/\/decubal.com\/is\/voru\/decubal-foot-cream\/","og_locale":"is_IS","og_type":"article","og_title":"Decubal foot cream - Decubal","og_description":"\u00deetta \u00e1hrifar\u00edka f\u00f3takrem er hanna\u00f0 fyrir \u00feurra h\u00fa\u00f0. \u00dea\u00f0 m\u00fdkir og n\u00e6rir f\u00e6turnar, kemur \u00ed veg fyrir sprungur og heldur f\u00f3runum ferskum me\u00f0 hj\u00e1lp s\u00ednks, sem vinnur gegn lykt.","og_url":"https:\/\/decubal.com\/is\/voru\/decubal-foot-cream\/","og_site_name":"Decubal","article_modified_time":"2026-05-11T11:58:29+00:00","og_image":[{"width":600,"height":600,"url":"https:\/\/decubal.com\/app\/uploads\/sites\/6\/2022\/11\/Decubal-foot-cream.png","type":"image\/png"}],"twitter_card":"summary_large_image","twitter_misc":{"Est. reading time":"1 minute"},"schema":{"@context":"https:\/\/schema.org","@graph":[{"@type":"WebPage","@id":"https:\/\/decubal.com\/is\/voru\/decubal-foot-cream\/","url":"https:\/\/decubal.com\/is\/voru\/decubal-foot-cream\/","name":"Decubal foot cream - Decubal","isPartOf":{"@id":"https:\/\/decubal.com\/is\/#website"},"primaryImageOfPage":{"@id":"https:\/\/decubal.com\/is\/voru\/decubal-foot-cream\/#primaryimage"},"image":{"@id":"https:\/\/decubal.com\/is\/voru\/decubal-foot-cream\/#primaryimage"},"thumbnailUrl":"https:\/\/decubal.com\/app\/uploads\/sites\/6\/2022\/11\/Decubal-foot-cream.png","datePublished":"2022-11-17T14:04:22+00:00","dateModified":"2026-05-11T11:58:29+00:00","description":"\u00deetta \u00e1hrifar\u00edka f\u00f3takrem er hanna\u00f0 fyrir \u00feurra h\u00fa\u00f0. \u00dea\u00f0 m\u00fdkir og n\u00e6rir f\u00e6turnar, kemur \u00ed veg fyrir sprungur og heldur f\u00f3runum ferskum me\u00f0 hj\u00e1lp s\u00ednks, sem vinnur gegn lykt.","breadcrumb":{"@id":"https:\/\/decubal.com\/is\/voru\/decubal-foot-cream\/#breadcrumb"},"inLanguage":"is","potentialAction":[{"@type":"ReadAction","target":["https:\/\/decubal.com\/is\/voru\/decubal-foot-cream\/"]}]},{"@type":"ImageObject","inLanguage":"is","@id":"https:\/\/decubal.com\/is\/voru\/decubal-foot-cream\/#primaryimage","url":"https:\/\/decubal.com\/app\/uploads\/sites\/6\/2022\/11\/Decubal-foot-cream.png","contentUrl":"https:\/\/decubal.com\/app\/uploads\/sites\/6\/2022\/11\/Decubal-foot-cream.png","width":600,"height":600},{"@type":"BreadcrumbList","@id":"https:\/\/decubal.com\/is\/voru\/decubal-foot-cream\/#breadcrumb","itemListElement":[{"@type":"ListItem","position":1,"name":"Home","item":"https:\/\/decubal.com\/is\/"},{"@type":"ListItem","position":2,"name":"V\u00f6rur","item":"https:\/\/decubal.com\/is\/vorur\/"},{"@type":"ListItem","position":3,"name":"Decubal foot cream"}]},{"@type":"WebSite","@id":"https:\/\/decubal.com\/is\/#website","url":"https:\/\/decubal.com\/is\/","name":"Decubal","description":"","publisher":{"@id":"https:\/\/decubal.com\/is\/#organization"},"potentialAction":[{"@type":"SearchAction","target":{"@type":"EntryPoint","urlTemplate":"https:\/\/decubal.com\/is\/?s={search_term_string}"},"query-input":{"@type":"PropertyValueSpecification","valueRequired":true,"valueName":"search_term_string"}}],"inLanguage":"is"},{"@type":"Organization","@id":"https:\/\/decubal.com\/is\/#organization","name":"Decubal","url":"https:\/\/decubal.com\/is\/","logo":{"@type":"ImageObject","inLanguage":"is","@id":"https:\/\/decubal.com\/is\/#\/schema\/logo\/image\/","url":"https:\/\/decubal.com\/app\/uploads\/sites\/6\/2022\/09\/Decubal-logo.png","contentUrl":"https:\/\/decubal.com\/app\/uploads\/sites\/6\/2022\/09\/Decubal-logo.png","width":138,"height":40,"caption":"Decubal"},"image":{"@id":"https:\/\/decubal.com\/is\/#\/schema\/logo\/image\/"}}]}},"_links":{"self":[{"href":"https:\/\/decubal.com\/is\/wp-json\/wp\/v2\/product\/281","targetHints":{"allow":["GET"]}}],"collection":[{"href":"https:\/\/decubal.com\/is\/wp-json\/wp\/v2\/product"}],"about":[{"href":"https:\/\/decubal.com\/is\/wp-json\/wp\/v2\/types\/product"}],"replies":[{"embeddable":true,"href":"https:\/\/decubal.com\/is\/wp-json\/wp\/v2\/comments?post=281"}],"version-history":[{"count":10,"href":"https:\/\/decubal.com\/is\/wp-json\/wp\/v2\/product\/281\/revisions"}],"predecessor-version":[{"id":603,"href":"https:\/\/decubal.com\/is\/wp-json\/wp\/v2\/product\/281\/revisions\/603"}],"wp:featuredmedia":[{"embeddable":true,"href":"https:\/\/decubal.com\/is\/wp-json\/wp\/v2\/media\/282"}],"wp:attachment":[{"href":"https:\/\/decubal.com\/is\/wp-json\/wp\/v2\/media?parent=281"}],"wp:term":[{"taxonomy":"product_brand","embeddable":true,"href":"https:\/\/decubal.com\/is\/wp-json\/wp\/v2\/product_brand?post=281"},{"taxonomy":"product_cat","embeddable":true,"href":"https:\/\/decubal.com\/is\/wp-json\/wp\/v2\/product_cat?post=281"},{"taxonomy":"product_tag","embeddable":true,"href":"https:\/\/decubal.com\/is\/wp-json\/wp\/v2\/product_tag?post=281"}],"curies":[{"name":"wp","href":"https:\/\/api.w.org\/{rel}","templated":true}]}}