{"id":277,"date":"2022-11-16T12:50:55","date_gmt":"2022-11-16T12:50:55","guid":{"rendered":"https:\/\/decubal.com\/is\/?post_type=product&#038;p=277"},"modified":"2025-08-15T10:32:33","modified_gmt":"2025-08-15T10:32:33","slug":"decubal-eye-cream","status":"publish","type":"product","link":"https:\/\/decubal.com\/is\/voru\/decubal-eye-cream\/","title":{"rendered":"Decubal eye cream"},"content":{"rendered":"\n<div class=\"wp-block-karopharma-accordions is-style-secondary\"><div class=\"container\">\n<details class=\"wp-block-karopharma-accordion\"><summary><h2 class=\"accordion-title\">Notkun<\/h2><\/summary><div class=\"accordion-content\">\n<ul class=\"is-style-icon wp-block-list\"><li>Til daglegrar notkunar \u00e1 h\u00fa\u00f0 \u00ed kringum augun<\/li><li>Athugi\u00f0! Augnkrem \u00e1 a\u00f0 bera \u00ed \u00feunnu lagi fyrir ofan og ne\u00f0an auga\u00f0<\/li><li>Nota\u00f0ur augnkremi\u00f0 b\u00e6\u00f0i kv\u00f6lds og morgna til a\u00f0 n\u00e1 sem bestum \u00e1rangri, \u00feannig a\u00f0 h\u00fa\u00f0in f\u00e1i n\u00e6gilegan raka<\/li><\/ul>\n<\/div><\/details>\n\n\n\n<details class=\"wp-block-karopharma-accordion\"><summary><h2 class=\"accordion-title\">Innihaldsefni<\/h2><\/summary><div class=\"accordion-content\">\n<figure class=\"wp-block-table\"><table><tbody><tr><td><strong>Innihaldsefni<\/strong><\/td><td><strong>Virkni<\/strong><\/td><\/tr><tr><td>Aqua<\/td><td>Vatn<\/td><\/tr><tr><td>Dicaprylyl Carbonate<\/td><td>M\u00fdkjandi<\/td><\/tr><tr><td>Pentylene Glycol<\/td><td>Rakagefandi<\/td><\/tr><tr><td>Glycerin<\/td><td>Rakagefandi<\/td><\/tr><tr><td>Octyldodecanol<\/td><td>M\u00fdkjandi<\/td><\/tr><tr><td>Cetyl Alcohol<\/td><td>\u00deykkingarefni<\/td><\/tr><tr><td>Diheptyl Succinate<\/td><td>M\u00fdkjandi \/ h\u00fa\u00f0n\u00e6ring<\/td><\/tr><tr><td>Sodium PCA<\/td><td>Rakagefandi<\/td><\/tr><tr><td>Glyceryl Stearate<\/td><td>\u00ddruefni<\/td><\/tr><tr><td>Distarch Phosphate<\/td><td>Bindiefni<\/td><\/tr><tr><td>PEG-100 Stearate<\/td><td>\u00ddruefni<\/td><\/tr><tr><td>Hydrolyzed Collagen<\/td><td>Kollagen<\/td><\/tr><tr><td>Butyrospermum Parkii Butter<\/td><td>Shea butter, m\u00fdkjandi<\/td><\/tr><tr><td>Capryloyl Glycerin\/Sebacic Acid Copolymer<\/td><td>H\u00fa\u00f0n\u00e6ring<\/td><\/tr><tr><td>Creatine<\/td><td>Kreat\u00edn vinnur gegn \u00f6ldrun<\/td><\/tr><tr><td>Sodium Hyaluronate<\/td><td>Rakagefandi<\/td><\/tr><tr><td>Ceramide 3<\/td><td>Keram\u00ed\u00f0<\/td><\/tr><tr><td>Prunus Amygdalus Dulcis Oil<\/td><td>M\u00f6ndluol\u00eda, m\u00fdkjandi<\/td><\/tr><tr><td>Tocopherol<\/td><td>Andoxunarefni<\/td><\/tr><tr><td>Tocopheryl Acetate<\/td><td>Andoxunarefni<\/td><\/tr><tr><td>Isocetyl Alcohol<\/td><td>Keram\u00ed\u00f0<\/td><\/tr><tr><td>Ethylhexylglycerin<\/td><td>Vi\u00f0heldur eiginleikum v\u00f6runnar (stabilizer)<\/td><\/tr><tr><td>Carbomer<\/td><td>\u00deykkingarefni<\/td><\/tr><tr><td>Sodium Gluconate<\/td><td>Vi\u00f0heldur eiginleikum v\u00f6runnar (stabilizer)<\/td><\/tr><tr><td>Citric acid<\/td><td>pH s\u00fdrustilling<\/td><\/tr><tr><td>Sodium Hydroxide<\/td><td>pH s\u00fdrustilling<\/td><\/tr><\/tbody><\/table><\/figure>\n<\/div><\/details>\n<\/div><\/div>\n","protected":false},"excerpt":{"rendered":"<p>Rakagefandi, n\u00e6randi og \u00fe\u00e9ttandi<\/p>\n","protected":false},"featured_media":278,"comment_status":"closed","ping_status":"closed","template":"","meta":{"_acf_changed":false,"footnotes":""},"product_brand":[],"product_cat":[18],"product_tag":[],"class_list":{"0":"post-277","1":"product","2":"type-product","3":"status-publish","4":"has-post-thumbnail","6":"product_cat-daglega","8":"first","9":"instock","10":"shipping-taxable","11":"product-type-simple"},"acf":[],"yoast_head":"<!-- This site is optimized with the Yoast SEO plugin v26.6 - https:\/\/yoast.com\/wordpress\/plugins\/seo\/ -->\n<title>Decubal eye cream - Decubal<\/title>\n<meta name=\"description\" content=\"Me\u00f0 Decubal augnkreminu f\u00e6r\u00f0u milt augnkrem sem \u00fer\u00f3a\u00f0 er fyrir \u00feurra og vi\u00f0kv\u00e6ma h\u00fa\u00f0, st\u00fatfullt af rakagefandi og \u00fe\u00e9ttandi innihaldsefnum.\" \/>\n<meta name=\"robots\" content=\"index, follow, max-snippet:-1, max-image-preview:large, max-video-preview:-1\" \/>\n<link rel=\"canonical\" href=\"https:\/\/decubal.com\/is\/voru\/decubal-eye-cream\/\" \/>\n<meta property=\"og:locale\" content=\"is_IS\" \/>\n<meta property=\"og:type\" content=\"article\" \/>\n<meta property=\"og:title\" content=\"Decubal eye cream - Decubal\" \/>\n<meta property=\"og:description\" content=\"Me\u00f0 Decubal augnkreminu f\u00e6r\u00f0u milt augnkrem sem \u00fer\u00f3a\u00f0 er fyrir \u00feurra og vi\u00f0kv\u00e6ma h\u00fa\u00f0, st\u00fatfullt af rakagefandi og \u00fe\u00e9ttandi innihaldsefnum.\" \/>\n<meta property=\"og:url\" content=\"https:\/\/decubal.com\/is\/voru\/decubal-eye-cream\/\" \/>\n<meta property=\"og:site_name\" content=\"Decubal\" \/>\n<meta property=\"article:modified_time\" content=\"2025-08-15T10:32:33+00:00\" \/>\n<meta property=\"og:image\" content=\"https:\/\/decubal.com\/app\/uploads\/sites\/6\/2022\/11\/decubal-eye-cream-1.png\" \/>\n\t<meta property=\"og:image:width\" content=\"600\" \/>\n\t<meta property=\"og:image:height\" content=\"600\" \/>\n\t<meta property=\"og:image:type\" content=\"image\/png\" \/>\n<meta name=\"twitter:card\" content=\"summary_large_image\" \/>\n<meta name=\"twitter:label1\" content=\"Est. reading time\" \/>\n\t<meta name=\"twitter:data1\" content=\"1 minute\" \/>\n<script type=\"application\/ld+json\" class=\"yoast-schema-graph\">{\"@context\":\"https:\/\/schema.org\",\"@graph\":[{\"@type\":\"WebPage\",\"@id\":\"https:\/\/decubal.com\/is\/voru\/decubal-eye-cream\/\",\"url\":\"https:\/\/decubal.com\/is\/voru\/decubal-eye-cream\/\",\"name\":\"Decubal eye cream - Decubal\",\"isPartOf\":{\"@id\":\"https:\/\/decubal.com\/is\/#website\"},\"primaryImageOfPage\":{\"@id\":\"https:\/\/decubal.com\/is\/voru\/decubal-eye-cream\/#primaryimage\"},\"image\":{\"@id\":\"https:\/\/decubal.com\/is\/voru\/decubal-eye-cream\/#primaryimage\"},\"thumbnailUrl\":\"https:\/\/decubal.com\/app\/uploads\/sites\/6\/2022\/11\/decubal-eye-cream-1.png\",\"datePublished\":\"2022-11-16T12:50:55+00:00\",\"dateModified\":\"2025-08-15T10:32:33+00:00\",\"description\":\"Me\u00f0 Decubal augnkreminu f\u00e6r\u00f0u milt augnkrem sem \u00fer\u00f3a\u00f0 er fyrir \u00feurra og vi\u00f0kv\u00e6ma h\u00fa\u00f0, st\u00fatfullt af rakagefandi og \u00fe\u00e9ttandi innihaldsefnum.\",\"breadcrumb\":{\"@id\":\"https:\/\/decubal.com\/is\/voru\/decubal-eye-cream\/#breadcrumb\"},\"inLanguage\":\"is\",\"potentialAction\":[{\"@type\":\"ReadAction\",\"target\":[\"https:\/\/decubal.com\/is\/voru\/decubal-eye-cream\/\"]}]},{\"@type\":\"ImageObject\",\"inLanguage\":\"is\",\"@id\":\"https:\/\/decubal.com\/is\/voru\/decubal-eye-cream\/#primaryimage\",\"url\":\"https:\/\/decubal.com\/app\/uploads\/sites\/6\/2022\/11\/decubal-eye-cream-1.png\",\"contentUrl\":\"https:\/\/decubal.com\/app\/uploads\/sites\/6\/2022\/11\/decubal-eye-cream-1.png\",\"width\":600,\"height\":600},{\"@type\":\"BreadcrumbList\",\"@id\":\"https:\/\/decubal.com\/is\/voru\/decubal-eye-cream\/#breadcrumb\",\"itemListElement\":[{\"@type\":\"ListItem\",\"position\":1,\"name\":\"Home\",\"item\":\"https:\/\/decubal.com\/is\/\"},{\"@type\":\"ListItem\",\"position\":2,\"name\":\"V\u00f6rur\",\"item\":\"https:\/\/decubal.com\/is\/vorur\/\"},{\"@type\":\"ListItem\",\"position\":3,\"name\":\"Decubal eye cream\"}]},{\"@type\":\"WebSite\",\"@id\":\"https:\/\/decubal.com\/is\/#website\",\"url\":\"https:\/\/decubal.com\/is\/\",\"name\":\"Decubal\",\"description\":\"\",\"publisher\":{\"@id\":\"https:\/\/decubal.com\/is\/#organization\"},\"potentialAction\":[{\"@type\":\"SearchAction\",\"target\":{\"@type\":\"EntryPoint\",\"urlTemplate\":\"https:\/\/decubal.com\/is\/?s={search_term_string}\"},\"query-input\":{\"@type\":\"PropertyValueSpecification\",\"valueRequired\":true,\"valueName\":\"search_term_string\"}}],\"inLanguage\":\"is\"},{\"@type\":\"Organization\",\"@id\":\"https:\/\/decubal.com\/is\/#organization\",\"name\":\"Decubal\",\"url\":\"https:\/\/decubal.com\/is\/\",\"logo\":{\"@type\":\"ImageObject\",\"inLanguage\":\"is\",\"@id\":\"https:\/\/decubal.com\/is\/#\/schema\/logo\/image\/\",\"url\":\"https:\/\/decubal.com\/app\/uploads\/sites\/6\/2022\/09\/Decubal-logo.png\",\"contentUrl\":\"https:\/\/decubal.com\/app\/uploads\/sites\/6\/2022\/09\/Decubal-logo.png\",\"width\":138,\"height\":40,\"caption\":\"Decubal\"},\"image\":{\"@id\":\"https:\/\/decubal.com\/is\/#\/schema\/logo\/image\/\"}}]}<\/script>\n<!-- \/ Yoast SEO plugin. -->","yoast_head_json":{"title":"Decubal eye cream - Decubal","description":"Me\u00f0 Decubal augnkreminu f\u00e6r\u00f0u milt augnkrem sem \u00fer\u00f3a\u00f0 er fyrir \u00feurra og vi\u00f0kv\u00e6ma h\u00fa\u00f0, st\u00fatfullt af rakagefandi og \u00fe\u00e9ttandi innihaldsefnum.","robots":{"index":"index","follow":"follow","max-snippet":"max-snippet:-1","max-image-preview":"max-image-preview:large","max-video-preview":"max-video-preview:-1"},"canonical":"https:\/\/decubal.com\/is\/voru\/decubal-eye-cream\/","og_locale":"is_IS","og_type":"article","og_title":"Decubal eye cream - Decubal","og_description":"Me\u00f0 Decubal augnkreminu f\u00e6r\u00f0u milt augnkrem sem \u00fer\u00f3a\u00f0 er fyrir \u00feurra og vi\u00f0kv\u00e6ma h\u00fa\u00f0, st\u00fatfullt af rakagefandi og \u00fe\u00e9ttandi innihaldsefnum.","og_url":"https:\/\/decubal.com\/is\/voru\/decubal-eye-cream\/","og_site_name":"Decubal","article_modified_time":"2025-08-15T10:32:33+00:00","og_image":[{"width":600,"height":600,"url":"https:\/\/decubal.com\/app\/uploads\/sites\/6\/2022\/11\/decubal-eye-cream-1.png","type":"image\/png"}],"twitter_card":"summary_large_image","twitter_misc":{"Est. reading time":"1 minute"},"schema":{"@context":"https:\/\/schema.org","@graph":[{"@type":"WebPage","@id":"https:\/\/decubal.com\/is\/voru\/decubal-eye-cream\/","url":"https:\/\/decubal.com\/is\/voru\/decubal-eye-cream\/","name":"Decubal eye cream - Decubal","isPartOf":{"@id":"https:\/\/decubal.com\/is\/#website"},"primaryImageOfPage":{"@id":"https:\/\/decubal.com\/is\/voru\/decubal-eye-cream\/#primaryimage"},"image":{"@id":"https:\/\/decubal.com\/is\/voru\/decubal-eye-cream\/#primaryimage"},"thumbnailUrl":"https:\/\/decubal.com\/app\/uploads\/sites\/6\/2022\/11\/decubal-eye-cream-1.png","datePublished":"2022-11-16T12:50:55+00:00","dateModified":"2025-08-15T10:32:33+00:00","description":"Me\u00f0 Decubal augnkreminu f\u00e6r\u00f0u milt augnkrem sem \u00fer\u00f3a\u00f0 er fyrir \u00feurra og vi\u00f0kv\u00e6ma h\u00fa\u00f0, st\u00fatfullt af rakagefandi og \u00fe\u00e9ttandi innihaldsefnum.","breadcrumb":{"@id":"https:\/\/decubal.com\/is\/voru\/decubal-eye-cream\/#breadcrumb"},"inLanguage":"is","potentialAction":[{"@type":"ReadAction","target":["https:\/\/decubal.com\/is\/voru\/decubal-eye-cream\/"]}]},{"@type":"ImageObject","inLanguage":"is","@id":"https:\/\/decubal.com\/is\/voru\/decubal-eye-cream\/#primaryimage","url":"https:\/\/decubal.com\/app\/uploads\/sites\/6\/2022\/11\/decubal-eye-cream-1.png","contentUrl":"https:\/\/decubal.com\/app\/uploads\/sites\/6\/2022\/11\/decubal-eye-cream-1.png","width":600,"height":600},{"@type":"BreadcrumbList","@id":"https:\/\/decubal.com\/is\/voru\/decubal-eye-cream\/#breadcrumb","itemListElement":[{"@type":"ListItem","position":1,"name":"Home","item":"https:\/\/decubal.com\/is\/"},{"@type":"ListItem","position":2,"name":"V\u00f6rur","item":"https:\/\/decubal.com\/is\/vorur\/"},{"@type":"ListItem","position":3,"name":"Decubal eye cream"}]},{"@type":"WebSite","@id":"https:\/\/decubal.com\/is\/#website","url":"https:\/\/decubal.com\/is\/","name":"Decubal","description":"","publisher":{"@id":"https:\/\/decubal.com\/is\/#organization"},"potentialAction":[{"@type":"SearchAction","target":{"@type":"EntryPoint","urlTemplate":"https:\/\/decubal.com\/is\/?s={search_term_string}"},"query-input":{"@type":"PropertyValueSpecification","valueRequired":true,"valueName":"search_term_string"}}],"inLanguage":"is"},{"@type":"Organization","@id":"https:\/\/decubal.com\/is\/#organization","name":"Decubal","url":"https:\/\/decubal.com\/is\/","logo":{"@type":"ImageObject","inLanguage":"is","@id":"https:\/\/decubal.com\/is\/#\/schema\/logo\/image\/","url":"https:\/\/decubal.com\/app\/uploads\/sites\/6\/2022\/09\/Decubal-logo.png","contentUrl":"https:\/\/decubal.com\/app\/uploads\/sites\/6\/2022\/09\/Decubal-logo.png","width":138,"height":40,"caption":"Decubal"},"image":{"@id":"https:\/\/decubal.com\/is\/#\/schema\/logo\/image\/"}}]}},"_links":{"self":[{"href":"https:\/\/decubal.com\/is\/wp-json\/wp\/v2\/product\/277","targetHints":{"allow":["GET"]}}],"collection":[{"href":"https:\/\/decubal.com\/is\/wp-json\/wp\/v2\/product"}],"about":[{"href":"https:\/\/decubal.com\/is\/wp-json\/wp\/v2\/types\/product"}],"replies":[{"embeddable":true,"href":"https:\/\/decubal.com\/is\/wp-json\/wp\/v2\/comments?post=277"}],"version-history":[{"count":10,"href":"https:\/\/decubal.com\/is\/wp-json\/wp\/v2\/product\/277\/revisions"}],"predecessor-version":[{"id":583,"href":"https:\/\/decubal.com\/is\/wp-json\/wp\/v2\/product\/277\/revisions\/583"}],"wp:featuredmedia":[{"embeddable":true,"href":"https:\/\/decubal.com\/is\/wp-json\/wp\/v2\/media\/278"}],"wp:attachment":[{"href":"https:\/\/decubal.com\/is\/wp-json\/wp\/v2\/media?parent=277"}],"wp:term":[{"taxonomy":"product_brand","embeddable":true,"href":"https:\/\/decubal.com\/is\/wp-json\/wp\/v2\/product_brand?post=277"},{"taxonomy":"product_cat","embeddable":true,"href":"https:\/\/decubal.com\/is\/wp-json\/wp\/v2\/product_cat?post=277"},{"taxonomy":"product_tag","embeddable":true,"href":"https:\/\/decubal.com\/is\/wp-json\/wp\/v2\/product_tag?post=277"}],"curies":[{"name":"wp","href":"https:\/\/api.w.org\/{rel}","templated":true}]}}