{"id":268,"date":"2022-11-16T12:46:36","date_gmt":"2022-11-16T12:46:36","guid":{"rendered":"https:\/\/decubal.com\/is\/?post_type=product&#038;p=268"},"modified":"2025-08-15T10:33:33","modified_gmt":"2025-08-15T10:33:33","slug":"decubal-hand-cream","status":"publish","type":"product","link":"https:\/\/decubal.com\/is\/voru\/decubal-hand-cream\/","title":{"rendered":"Decubal hand cream"},"content":{"rendered":"\n<div class=\"wp-block-karopharma-accordions is-style-secondary\"><div class=\"container\">\n<details class=\"wp-block-karopharma-accordion\"><summary><h2 class=\"accordion-title\">Notkun<\/h2><\/summary><div class=\"accordion-content\">\n<ul class=\"is-style-icon wp-block-list\"><li>Fyrir daglega og fyrirbyggjandi notkun fyrir \u00feurrar hendur<\/li><\/ul>\n<\/div><\/details>\n\n\n\n<details class=\"wp-block-karopharma-accordion\"><summary><h2 class=\"accordion-title\">Innihaldsefni<\/h2><\/summary><div class=\"accordion-content\">\n<figure class=\"wp-block-table\"><table><tbody><tr><td><strong>Innihaldsefni<\/strong><\/td><td><strong>Virkni<\/strong><\/td><\/tr><tr><td>Aqua<\/td><td>Vatn<\/td><\/tr><tr><td>Caprylic\/Capric Triglyceride<\/td><td>Fitufasi,ol\u00eda, m\u00fdkjandi<\/td><\/tr><tr><td>Glycerin<\/td><td>Rakagefandi<\/td><\/tr><tr><td>Isopropyl Myristate<\/td><td>M\u00fdkjandi<\/td><\/tr><tr><td>Oprenset lanolin<\/td><td>Fitufari, m\u00fdkjandi, verndandi<\/td><\/tr><tr><td>Petrolatum<\/td><td>Vaselin<\/td><\/tr><tr><td>Polyglyceryl-3 Methylglucose Distearate<\/td><td>\u00ddruefni<\/td><\/tr><tr><td>Glyceryl Stearateearate<\/td><td>\u00ddruefni<\/td><\/tr><tr><td>Tocopheryl Acetate<\/td><td>E-v\u00edtam\u00edn, andoxunarefni<\/td><\/tr><tr><td>Cetearyl Alcohol<\/td><td>Vi\u00f0heldur eiginleikum v\u00f6runnar (stabilizer)<\/td><\/tr><tr><td>Pentylene Glycol<\/td><td>Rakagefandi<\/td><\/tr><tr><td>Dimethicone<\/td><td>V\u00f6rn<\/td><\/tr><tr><td>Sodium Hyaluronate<\/td><td>Rakagefandi<\/td><\/tr><tr><td>Persea Gratissima Oil<\/td><td>Av\u00f3kad\u00f3ol\u00eda<\/td><\/tr><tr><td>Tocopherol<\/td><td>E-v\u00edtam\u00edn, andoxunarefni<\/td><\/tr><tr><td>Ceteareth-20<\/td><td>\u00ddruefni<\/td><\/tr><tr><td>Sodium Cetearyl Sulfate<\/td><td>\u00ddruefni<\/td><\/tr><tr><td>Citric Acid<\/td><td>pH s\u00fdrustilling<\/td><\/tr><tr><td>Phenoxyethanol<\/td><td>Var\u00f0veisluefni<\/td><\/tr><tr><td>Sodium Benzoate<\/td><td>Rotvarnarefni<\/td><\/tr><\/tbody><\/table><\/figure>\n<\/div><\/details>\n<\/div><\/div>\n","protected":false},"excerpt":{"rendered":"<p>Rakagefandi, n\u00e6randi og verndandi hand\u00e1bur\u00f0ur.<\/p>\n","protected":false},"featured_media":269,"comment_status":"closed","ping_status":"closed","template":"","meta":{"_acf_changed":false,"footnotes":""},"product_brand":[],"product_cat":[18],"product_tag":[],"class_list":{"0":"post-268","1":"product","2":"type-product","3":"status-publish","4":"has-post-thumbnail","6":"product_cat-daglega","8":"first","9":"instock","10":"shipping-taxable","11":"product-type-simple"},"acf":[],"yoast_head":"<!-- This site is optimized with the Yoast SEO plugin v26.6 - https:\/\/yoast.com\/wordpress\/plugins\/seo\/ -->\n<title>Decubal hand cream - Decubal<\/title>\n<meta name=\"description\" content=\"Hand\u00e1bur\u00f0ur sem er r\u00edkur af n\u00e6randi innihaldsefnum og er \u00fer\u00f3a\u00f0ur fyrir \u00feurra, vi\u00f0kv\u00e6ma og s\u00e9rstaklega \u00fatsetta h\u00fa\u00f0 \u00e1 h\u00f6ndum. Hand\u00e1bur\u00f0urinn gefur raka, n\u00e6rir og verndar h\u00fa\u00f0ina.\" \/>\n<meta name=\"robots\" content=\"index, follow, max-snippet:-1, max-image-preview:large, max-video-preview:-1\" \/>\n<link rel=\"canonical\" href=\"https:\/\/decubal.com\/is\/voru\/decubal-hand-cream\/\" \/>\n<meta property=\"og:locale\" content=\"is_IS\" \/>\n<meta property=\"og:type\" content=\"article\" \/>\n<meta property=\"og:title\" content=\"Decubal hand cream - Decubal\" \/>\n<meta property=\"og:description\" content=\"Hand\u00e1bur\u00f0ur sem er r\u00edkur af n\u00e6randi innihaldsefnum og er \u00fer\u00f3a\u00f0ur fyrir \u00feurra, vi\u00f0kv\u00e6ma og s\u00e9rstaklega \u00fatsetta h\u00fa\u00f0 \u00e1 h\u00f6ndum. Hand\u00e1bur\u00f0urinn gefur raka, n\u00e6rir og verndar h\u00fa\u00f0ina.\" \/>\n<meta property=\"og:url\" content=\"https:\/\/decubal.com\/is\/voru\/decubal-hand-cream\/\" \/>\n<meta property=\"og:site_name\" content=\"Decubal\" \/>\n<meta property=\"article:modified_time\" content=\"2025-08-15T10:33:33+00:00\" \/>\n<meta property=\"og:image\" content=\"https:\/\/decubal.com\/app\/uploads\/sites\/6\/2022\/11\/decubal-hand-cream.png\" \/>\n\t<meta property=\"og:image:width\" content=\"600\" \/>\n\t<meta property=\"og:image:height\" content=\"600\" \/>\n\t<meta property=\"og:image:type\" content=\"image\/png\" \/>\n<meta name=\"twitter:card\" content=\"summary_large_image\" \/>\n<meta name=\"twitter:label1\" content=\"Est. reading time\" \/>\n\t<meta name=\"twitter:data1\" content=\"1 minute\" \/>\n<script type=\"application\/ld+json\" class=\"yoast-schema-graph\">{\"@context\":\"https:\/\/schema.org\",\"@graph\":[{\"@type\":\"WebPage\",\"@id\":\"https:\/\/decubal.com\/is\/voru\/decubal-hand-cream\/\",\"url\":\"https:\/\/decubal.com\/is\/voru\/decubal-hand-cream\/\",\"name\":\"Decubal hand cream - Decubal\",\"isPartOf\":{\"@id\":\"https:\/\/decubal.com\/is\/#website\"},\"primaryImageOfPage\":{\"@id\":\"https:\/\/decubal.com\/is\/voru\/decubal-hand-cream\/#primaryimage\"},\"image\":{\"@id\":\"https:\/\/decubal.com\/is\/voru\/decubal-hand-cream\/#primaryimage\"},\"thumbnailUrl\":\"https:\/\/decubal.com\/app\/uploads\/sites\/6\/2022\/11\/decubal-hand-cream.png\",\"datePublished\":\"2022-11-16T12:46:36+00:00\",\"dateModified\":\"2025-08-15T10:33:33+00:00\",\"description\":\"Hand\u00e1bur\u00f0ur sem er r\u00edkur af n\u00e6randi innihaldsefnum og er \u00fer\u00f3a\u00f0ur fyrir \u00feurra, vi\u00f0kv\u00e6ma og s\u00e9rstaklega \u00fatsetta h\u00fa\u00f0 \u00e1 h\u00f6ndum. Hand\u00e1bur\u00f0urinn gefur raka, n\u00e6rir og verndar h\u00fa\u00f0ina.\",\"breadcrumb\":{\"@id\":\"https:\/\/decubal.com\/is\/voru\/decubal-hand-cream\/#breadcrumb\"},\"inLanguage\":\"is\",\"potentialAction\":[{\"@type\":\"ReadAction\",\"target\":[\"https:\/\/decubal.com\/is\/voru\/decubal-hand-cream\/\"]}]},{\"@type\":\"ImageObject\",\"inLanguage\":\"is\",\"@id\":\"https:\/\/decubal.com\/is\/voru\/decubal-hand-cream\/#primaryimage\",\"url\":\"https:\/\/decubal.com\/app\/uploads\/sites\/6\/2022\/11\/decubal-hand-cream.png\",\"contentUrl\":\"https:\/\/decubal.com\/app\/uploads\/sites\/6\/2022\/11\/decubal-hand-cream.png\",\"width\":600,\"height\":600},{\"@type\":\"BreadcrumbList\",\"@id\":\"https:\/\/decubal.com\/is\/voru\/decubal-hand-cream\/#breadcrumb\",\"itemListElement\":[{\"@type\":\"ListItem\",\"position\":1,\"name\":\"Home\",\"item\":\"https:\/\/decubal.com\/is\/\"},{\"@type\":\"ListItem\",\"position\":2,\"name\":\"V\u00f6rur\",\"item\":\"https:\/\/decubal.com\/is\/vorur\/\"},{\"@type\":\"ListItem\",\"position\":3,\"name\":\"Decubal hand cream\"}]},{\"@type\":\"WebSite\",\"@id\":\"https:\/\/decubal.com\/is\/#website\",\"url\":\"https:\/\/decubal.com\/is\/\",\"name\":\"Decubal\",\"description\":\"\",\"publisher\":{\"@id\":\"https:\/\/decubal.com\/is\/#organization\"},\"potentialAction\":[{\"@type\":\"SearchAction\",\"target\":{\"@type\":\"EntryPoint\",\"urlTemplate\":\"https:\/\/decubal.com\/is\/?s={search_term_string}\"},\"query-input\":{\"@type\":\"PropertyValueSpecification\",\"valueRequired\":true,\"valueName\":\"search_term_string\"}}],\"inLanguage\":\"is\"},{\"@type\":\"Organization\",\"@id\":\"https:\/\/decubal.com\/is\/#organization\",\"name\":\"Decubal\",\"url\":\"https:\/\/decubal.com\/is\/\",\"logo\":{\"@type\":\"ImageObject\",\"inLanguage\":\"is\",\"@id\":\"https:\/\/decubal.com\/is\/#\/schema\/logo\/image\/\",\"url\":\"https:\/\/decubal.com\/app\/uploads\/sites\/6\/2022\/09\/Decubal-logo.png\",\"contentUrl\":\"https:\/\/decubal.com\/app\/uploads\/sites\/6\/2022\/09\/Decubal-logo.png\",\"width\":138,\"height\":40,\"caption\":\"Decubal\"},\"image\":{\"@id\":\"https:\/\/decubal.com\/is\/#\/schema\/logo\/image\/\"}}]}<\/script>\n<!-- \/ Yoast SEO plugin. -->","yoast_head_json":{"title":"Decubal hand cream - Decubal","description":"Hand\u00e1bur\u00f0ur sem er r\u00edkur af n\u00e6randi innihaldsefnum og er \u00fer\u00f3a\u00f0ur fyrir \u00feurra, vi\u00f0kv\u00e6ma og s\u00e9rstaklega \u00fatsetta h\u00fa\u00f0 \u00e1 h\u00f6ndum. Hand\u00e1bur\u00f0urinn gefur raka, n\u00e6rir og verndar h\u00fa\u00f0ina.","robots":{"index":"index","follow":"follow","max-snippet":"max-snippet:-1","max-image-preview":"max-image-preview:large","max-video-preview":"max-video-preview:-1"},"canonical":"https:\/\/decubal.com\/is\/voru\/decubal-hand-cream\/","og_locale":"is_IS","og_type":"article","og_title":"Decubal hand cream - Decubal","og_description":"Hand\u00e1bur\u00f0ur sem er r\u00edkur af n\u00e6randi innihaldsefnum og er \u00fer\u00f3a\u00f0ur fyrir \u00feurra, vi\u00f0kv\u00e6ma og s\u00e9rstaklega \u00fatsetta h\u00fa\u00f0 \u00e1 h\u00f6ndum. Hand\u00e1bur\u00f0urinn gefur raka, n\u00e6rir og verndar h\u00fa\u00f0ina.","og_url":"https:\/\/decubal.com\/is\/voru\/decubal-hand-cream\/","og_site_name":"Decubal","article_modified_time":"2025-08-15T10:33:33+00:00","og_image":[{"width":600,"height":600,"url":"https:\/\/decubal.com\/app\/uploads\/sites\/6\/2022\/11\/decubal-hand-cream.png","type":"image\/png"}],"twitter_card":"summary_large_image","twitter_misc":{"Est. reading time":"1 minute"},"schema":{"@context":"https:\/\/schema.org","@graph":[{"@type":"WebPage","@id":"https:\/\/decubal.com\/is\/voru\/decubal-hand-cream\/","url":"https:\/\/decubal.com\/is\/voru\/decubal-hand-cream\/","name":"Decubal hand cream - Decubal","isPartOf":{"@id":"https:\/\/decubal.com\/is\/#website"},"primaryImageOfPage":{"@id":"https:\/\/decubal.com\/is\/voru\/decubal-hand-cream\/#primaryimage"},"image":{"@id":"https:\/\/decubal.com\/is\/voru\/decubal-hand-cream\/#primaryimage"},"thumbnailUrl":"https:\/\/decubal.com\/app\/uploads\/sites\/6\/2022\/11\/decubal-hand-cream.png","datePublished":"2022-11-16T12:46:36+00:00","dateModified":"2025-08-15T10:33:33+00:00","description":"Hand\u00e1bur\u00f0ur sem er r\u00edkur af n\u00e6randi innihaldsefnum og er \u00fer\u00f3a\u00f0ur fyrir \u00feurra, vi\u00f0kv\u00e6ma og s\u00e9rstaklega \u00fatsetta h\u00fa\u00f0 \u00e1 h\u00f6ndum. Hand\u00e1bur\u00f0urinn gefur raka, n\u00e6rir og verndar h\u00fa\u00f0ina.","breadcrumb":{"@id":"https:\/\/decubal.com\/is\/voru\/decubal-hand-cream\/#breadcrumb"},"inLanguage":"is","potentialAction":[{"@type":"ReadAction","target":["https:\/\/decubal.com\/is\/voru\/decubal-hand-cream\/"]}]},{"@type":"ImageObject","inLanguage":"is","@id":"https:\/\/decubal.com\/is\/voru\/decubal-hand-cream\/#primaryimage","url":"https:\/\/decubal.com\/app\/uploads\/sites\/6\/2022\/11\/decubal-hand-cream.png","contentUrl":"https:\/\/decubal.com\/app\/uploads\/sites\/6\/2022\/11\/decubal-hand-cream.png","width":600,"height":600},{"@type":"BreadcrumbList","@id":"https:\/\/decubal.com\/is\/voru\/decubal-hand-cream\/#breadcrumb","itemListElement":[{"@type":"ListItem","position":1,"name":"Home","item":"https:\/\/decubal.com\/is\/"},{"@type":"ListItem","position":2,"name":"V\u00f6rur","item":"https:\/\/decubal.com\/is\/vorur\/"},{"@type":"ListItem","position":3,"name":"Decubal hand cream"}]},{"@type":"WebSite","@id":"https:\/\/decubal.com\/is\/#website","url":"https:\/\/decubal.com\/is\/","name":"Decubal","description":"","publisher":{"@id":"https:\/\/decubal.com\/is\/#organization"},"potentialAction":[{"@type":"SearchAction","target":{"@type":"EntryPoint","urlTemplate":"https:\/\/decubal.com\/is\/?s={search_term_string}"},"query-input":{"@type":"PropertyValueSpecification","valueRequired":true,"valueName":"search_term_string"}}],"inLanguage":"is"},{"@type":"Organization","@id":"https:\/\/decubal.com\/is\/#organization","name":"Decubal","url":"https:\/\/decubal.com\/is\/","logo":{"@type":"ImageObject","inLanguage":"is","@id":"https:\/\/decubal.com\/is\/#\/schema\/logo\/image\/","url":"https:\/\/decubal.com\/app\/uploads\/sites\/6\/2022\/09\/Decubal-logo.png","contentUrl":"https:\/\/decubal.com\/app\/uploads\/sites\/6\/2022\/09\/Decubal-logo.png","width":138,"height":40,"caption":"Decubal"},"image":{"@id":"https:\/\/decubal.com\/is\/#\/schema\/logo\/image\/"}}]}},"_links":{"self":[{"href":"https:\/\/decubal.com\/is\/wp-json\/wp\/v2\/product\/268","targetHints":{"allow":["GET"]}}],"collection":[{"href":"https:\/\/decubal.com\/is\/wp-json\/wp\/v2\/product"}],"about":[{"href":"https:\/\/decubal.com\/is\/wp-json\/wp\/v2\/types\/product"}],"replies":[{"embeddable":true,"href":"https:\/\/decubal.com\/is\/wp-json\/wp\/v2\/comments?post=268"}],"version-history":[{"count":10,"href":"https:\/\/decubal.com\/is\/wp-json\/wp\/v2\/product\/268\/revisions"}],"predecessor-version":[{"id":585,"href":"https:\/\/decubal.com\/is\/wp-json\/wp\/v2\/product\/268\/revisions\/585"}],"wp:featuredmedia":[{"embeddable":true,"href":"https:\/\/decubal.com\/is\/wp-json\/wp\/v2\/media\/269"}],"wp:attachment":[{"href":"https:\/\/decubal.com\/is\/wp-json\/wp\/v2\/media?parent=268"}],"wp:term":[{"taxonomy":"product_brand","embeddable":true,"href":"https:\/\/decubal.com\/is\/wp-json\/wp\/v2\/product_brand?post=268"},{"taxonomy":"product_cat","embeddable":true,"href":"https:\/\/decubal.com\/is\/wp-json\/wp\/v2\/product_cat?post=268"},{"taxonomy":"product_tag","embeddable":true,"href":"https:\/\/decubal.com\/is\/wp-json\/wp\/v2\/product_tag?post=268"}],"curies":[{"name":"wp","href":"https:\/\/api.w.org\/{rel}","templated":true}]}}