{"id":260,"date":"2022-11-16T12:33:31","date_gmt":"2022-11-16T12:33:31","guid":{"rendered":"https:\/\/decubal.com\/is\/?post_type=product&#038;p=260"},"modified":"2025-08-15T10:38:58","modified_gmt":"2025-08-15T10:38:58","slug":"decubal-junior-hair-body-wash","status":"publish","type":"product","link":"https:\/\/decubal.com\/is\/voru\/decubal-junior-hair-body-wash\/","title":{"rendered":"Decubal junior hair &#038; body wash"},"content":{"rendered":"\n<div class=\"wp-block-karopharma-accordions is-style-secondary\"><div class=\"container\">\n<details class=\"wp-block-karopharma-accordion\"><summary><h2 class=\"accordion-title\">Notkun<\/h2><\/summary><div class=\"accordion-content\">\n<ul class=\"is-style-icon wp-block-list\"><li>M\u00e1 nota daglega sem sjamp\u00f3 og l\u00edkamshreinsi<\/li><li>\u00deegar varan er notu\u00f0 sem h\u00e1rs\u00e1pa: Beri\u00f0 v\u00f6runa \u00e1 rakt h\u00e1r, nuddi\u00f0 vel \u00ed h\u00e1r og h\u00e1rsv\u00f6r\u00f0, skoli\u00f0 me\u00f0 vatni.<\/li><li>Hentugt a\u00f0 nota \u00ed ba\u00f0i\u00f0<\/li><\/ul>\n<\/div><\/details>\n\n\n\n<details class=\"wp-block-karopharma-accordion\"><summary><h2 class=\"accordion-title\">Innihaldsefni<\/h2><\/summary><div class=\"accordion-content\">\n<figure class=\"wp-block-table\"><table><tbody><tr><td><strong>Innihaldsefni<\/strong><\/td><td><strong>Virkni<\/strong><\/td><\/tr><tr><td>Aqua (Water)<\/td><td>Solvent<\/td><\/tr><tr><td>Cocamidopropyl Betaine<\/td><td>Rensende, skummende, overfladeaktiv<\/td><\/tr><tr><td>Glycerin<\/td><td>Fugtgivende<\/td><\/tr><tr><td>Glycereth-2 Cocoate<\/td><td>Overfladeaktiv<\/td><\/tr><tr><td>Guar Hydroxypropyltrimonium Chloride<\/td><td>Bl\u00f8dg\u00f8rende<\/td><\/tr><tr><td>Almond Oil Glycereth-8 Esters<\/td><td>Bl\u00f8dg\u00f8rende<\/td><\/tr><tr><td>Betaine<\/td><td>Bl\u00f8dg\u00f8rende og fugtgivende<\/td><\/tr><tr><td>Sodium Benzoate<\/td><td>Konserveringsmiddel<\/td><\/tr><tr><td>Lactic Acid<\/td><td>Buffer, bl\u00f8dg\u00f8rende og fugtgivende<\/td><\/tr><\/tbody><\/table><\/figure>\n<\/div><\/details>\n<\/div><\/div>\n","protected":false},"excerpt":{"rendered":"<p>Mildur h\u00e1r &#038; l\u00edkams hreinsir fyrir ungab\u00f6rn og b\u00f6rn \u00e1 \u00f6llum aldri<\/p>\n","protected":false},"featured_media":261,"comment_status":"closed","ping_status":"closed","template":"","meta":{"_acf_changed":false,"footnotes":""},"product_brand":[],"product_cat":[20],"product_tag":[],"class_list":{"0":"post-260","1":"product","2":"type-product","3":"status-publish","4":"has-post-thumbnail","6":"product_cat-yngri","8":"first","9":"instock","10":"shipping-taxable","11":"product-type-simple"},"acf":[],"yoast_head":"<!-- This site is optimized with the Yoast SEO plugin v26.6 - https:\/\/yoast.com\/wordpress\/plugins\/seo\/ -->\n<title>Decubal junior hair &amp; body wash - Decubal<\/title>\n<meta name=\"description\" content=\"Mildur h\u00e1r- og l\u00edkams\u00fevottur me\u00f0 vandlega v\u00f6ldum innihaldsefnum sem hreinsa og n\u00e6ra \u00feurra og vi\u00f0kv\u00e6ma h\u00fa\u00f0 \u00e1 mildan h\u00e1tt hj\u00e1 ungab\u00f6rnum og b\u00f6rnum.\" \/>\n<meta name=\"robots\" content=\"index, follow, max-snippet:-1, max-image-preview:large, max-video-preview:-1\" \/>\n<link rel=\"canonical\" href=\"https:\/\/decubal.com\/is\/voru\/decubal-junior-hair-body-wash\/\" \/>\n<meta property=\"og:locale\" content=\"is_IS\" \/>\n<meta property=\"og:type\" content=\"article\" \/>\n<meta property=\"og:title\" content=\"Decubal junior hair &amp; body wash - Decubal\" \/>\n<meta property=\"og:description\" content=\"Mildur h\u00e1r- og l\u00edkams\u00fevottur me\u00f0 vandlega v\u00f6ldum innihaldsefnum sem hreinsa og n\u00e6ra \u00feurra og vi\u00f0kv\u00e6ma h\u00fa\u00f0 \u00e1 mildan h\u00e1tt hj\u00e1 ungab\u00f6rnum og b\u00f6rnum.\" \/>\n<meta property=\"og:url\" content=\"https:\/\/decubal.com\/is\/voru\/decubal-junior-hair-body-wash\/\" \/>\n<meta property=\"og:site_name\" content=\"Decubal\" \/>\n<meta property=\"article:modified_time\" content=\"2025-08-15T10:38:58+00:00\" \/>\n<meta property=\"og:image\" content=\"https:\/\/decubal.com\/app\/uploads\/sites\/6\/2022\/11\/Decubal_JuniorHairBodyWashDaily-1.png\" \/>\n\t<meta property=\"og:image:width\" content=\"600\" \/>\n\t<meta property=\"og:image:height\" content=\"600\" \/>\n\t<meta property=\"og:image:type\" content=\"image\/png\" \/>\n<meta name=\"twitter:card\" content=\"summary_large_image\" \/>\n<meta name=\"twitter:label1\" content=\"Est. reading time\" \/>\n\t<meta name=\"twitter:data1\" content=\"1 minute\" \/>\n<script type=\"application\/ld+json\" class=\"yoast-schema-graph\">{\"@context\":\"https:\/\/schema.org\",\"@graph\":[{\"@type\":\"WebPage\",\"@id\":\"https:\/\/decubal.com\/is\/voru\/decubal-junior-hair-body-wash\/\",\"url\":\"https:\/\/decubal.com\/is\/voru\/decubal-junior-hair-body-wash\/\",\"name\":\"Decubal junior hair & body wash - Decubal\",\"isPartOf\":{\"@id\":\"https:\/\/decubal.com\/is\/#website\"},\"primaryImageOfPage\":{\"@id\":\"https:\/\/decubal.com\/is\/voru\/decubal-junior-hair-body-wash\/#primaryimage\"},\"image\":{\"@id\":\"https:\/\/decubal.com\/is\/voru\/decubal-junior-hair-body-wash\/#primaryimage\"},\"thumbnailUrl\":\"https:\/\/decubal.com\/app\/uploads\/sites\/6\/2022\/11\/Decubal_JuniorHairBodyWashDaily-1.png\",\"datePublished\":\"2022-11-16T12:33:31+00:00\",\"dateModified\":\"2025-08-15T10:38:58+00:00\",\"description\":\"Mildur h\u00e1r- og l\u00edkams\u00fevottur me\u00f0 vandlega v\u00f6ldum innihaldsefnum sem hreinsa og n\u00e6ra \u00feurra og vi\u00f0kv\u00e6ma h\u00fa\u00f0 \u00e1 mildan h\u00e1tt hj\u00e1 ungab\u00f6rnum og b\u00f6rnum.\",\"breadcrumb\":{\"@id\":\"https:\/\/decubal.com\/is\/voru\/decubal-junior-hair-body-wash\/#breadcrumb\"},\"inLanguage\":\"is\",\"potentialAction\":[{\"@type\":\"ReadAction\",\"target\":[\"https:\/\/decubal.com\/is\/voru\/decubal-junior-hair-body-wash\/\"]}]},{\"@type\":\"ImageObject\",\"inLanguage\":\"is\",\"@id\":\"https:\/\/decubal.com\/is\/voru\/decubal-junior-hair-body-wash\/#primaryimage\",\"url\":\"https:\/\/decubal.com\/app\/uploads\/sites\/6\/2022\/11\/Decubal_JuniorHairBodyWashDaily-1.png\",\"contentUrl\":\"https:\/\/decubal.com\/app\/uploads\/sites\/6\/2022\/11\/Decubal_JuniorHairBodyWashDaily-1.png\",\"width\":600,\"height\":600},{\"@type\":\"BreadcrumbList\",\"@id\":\"https:\/\/decubal.com\/is\/voru\/decubal-junior-hair-body-wash\/#breadcrumb\",\"itemListElement\":[{\"@type\":\"ListItem\",\"position\":1,\"name\":\"Home\",\"item\":\"https:\/\/decubal.com\/is\/\"},{\"@type\":\"ListItem\",\"position\":2,\"name\":\"V\u00f6rur\",\"item\":\"https:\/\/decubal.com\/is\/vorur\/\"},{\"@type\":\"ListItem\",\"position\":3,\"name\":\"Decubal junior hair &#038; body wash\"}]},{\"@type\":\"WebSite\",\"@id\":\"https:\/\/decubal.com\/is\/#website\",\"url\":\"https:\/\/decubal.com\/is\/\",\"name\":\"Decubal\",\"description\":\"\",\"publisher\":{\"@id\":\"https:\/\/decubal.com\/is\/#organization\"},\"potentialAction\":[{\"@type\":\"SearchAction\",\"target\":{\"@type\":\"EntryPoint\",\"urlTemplate\":\"https:\/\/decubal.com\/is\/?s={search_term_string}\"},\"query-input\":{\"@type\":\"PropertyValueSpecification\",\"valueRequired\":true,\"valueName\":\"search_term_string\"}}],\"inLanguage\":\"is\"},{\"@type\":\"Organization\",\"@id\":\"https:\/\/decubal.com\/is\/#organization\",\"name\":\"Decubal\",\"url\":\"https:\/\/decubal.com\/is\/\",\"logo\":{\"@type\":\"ImageObject\",\"inLanguage\":\"is\",\"@id\":\"https:\/\/decubal.com\/is\/#\/schema\/logo\/image\/\",\"url\":\"https:\/\/decubal.com\/app\/uploads\/sites\/6\/2022\/09\/Decubal-logo.png\",\"contentUrl\":\"https:\/\/decubal.com\/app\/uploads\/sites\/6\/2022\/09\/Decubal-logo.png\",\"width\":138,\"height\":40,\"caption\":\"Decubal\"},\"image\":{\"@id\":\"https:\/\/decubal.com\/is\/#\/schema\/logo\/image\/\"}}]}<\/script>\n<!-- \/ Yoast SEO plugin. -->","yoast_head_json":{"title":"Decubal junior hair & body wash - Decubal","description":"Mildur h\u00e1r- og l\u00edkams\u00fevottur me\u00f0 vandlega v\u00f6ldum innihaldsefnum sem hreinsa og n\u00e6ra \u00feurra og vi\u00f0kv\u00e6ma h\u00fa\u00f0 \u00e1 mildan h\u00e1tt hj\u00e1 ungab\u00f6rnum og b\u00f6rnum.","robots":{"index":"index","follow":"follow","max-snippet":"max-snippet:-1","max-image-preview":"max-image-preview:large","max-video-preview":"max-video-preview:-1"},"canonical":"https:\/\/decubal.com\/is\/voru\/decubal-junior-hair-body-wash\/","og_locale":"is_IS","og_type":"article","og_title":"Decubal junior hair & body wash - Decubal","og_description":"Mildur h\u00e1r- og l\u00edkams\u00fevottur me\u00f0 vandlega v\u00f6ldum innihaldsefnum sem hreinsa og n\u00e6ra \u00feurra og vi\u00f0kv\u00e6ma h\u00fa\u00f0 \u00e1 mildan h\u00e1tt hj\u00e1 ungab\u00f6rnum og b\u00f6rnum.","og_url":"https:\/\/decubal.com\/is\/voru\/decubal-junior-hair-body-wash\/","og_site_name":"Decubal","article_modified_time":"2025-08-15T10:38:58+00:00","og_image":[{"width":600,"height":600,"url":"https:\/\/decubal.com\/app\/uploads\/sites\/6\/2022\/11\/Decubal_JuniorHairBodyWashDaily-1.png","type":"image\/png"}],"twitter_card":"summary_large_image","twitter_misc":{"Est. reading time":"1 minute"},"schema":{"@context":"https:\/\/schema.org","@graph":[{"@type":"WebPage","@id":"https:\/\/decubal.com\/is\/voru\/decubal-junior-hair-body-wash\/","url":"https:\/\/decubal.com\/is\/voru\/decubal-junior-hair-body-wash\/","name":"Decubal junior hair & body wash - Decubal","isPartOf":{"@id":"https:\/\/decubal.com\/is\/#website"},"primaryImageOfPage":{"@id":"https:\/\/decubal.com\/is\/voru\/decubal-junior-hair-body-wash\/#primaryimage"},"image":{"@id":"https:\/\/decubal.com\/is\/voru\/decubal-junior-hair-body-wash\/#primaryimage"},"thumbnailUrl":"https:\/\/decubal.com\/app\/uploads\/sites\/6\/2022\/11\/Decubal_JuniorHairBodyWashDaily-1.png","datePublished":"2022-11-16T12:33:31+00:00","dateModified":"2025-08-15T10:38:58+00:00","description":"Mildur h\u00e1r- og l\u00edkams\u00fevottur me\u00f0 vandlega v\u00f6ldum innihaldsefnum sem hreinsa og n\u00e6ra \u00feurra og vi\u00f0kv\u00e6ma h\u00fa\u00f0 \u00e1 mildan h\u00e1tt hj\u00e1 ungab\u00f6rnum og b\u00f6rnum.","breadcrumb":{"@id":"https:\/\/decubal.com\/is\/voru\/decubal-junior-hair-body-wash\/#breadcrumb"},"inLanguage":"is","potentialAction":[{"@type":"ReadAction","target":["https:\/\/decubal.com\/is\/voru\/decubal-junior-hair-body-wash\/"]}]},{"@type":"ImageObject","inLanguage":"is","@id":"https:\/\/decubal.com\/is\/voru\/decubal-junior-hair-body-wash\/#primaryimage","url":"https:\/\/decubal.com\/app\/uploads\/sites\/6\/2022\/11\/Decubal_JuniorHairBodyWashDaily-1.png","contentUrl":"https:\/\/decubal.com\/app\/uploads\/sites\/6\/2022\/11\/Decubal_JuniorHairBodyWashDaily-1.png","width":600,"height":600},{"@type":"BreadcrumbList","@id":"https:\/\/decubal.com\/is\/voru\/decubal-junior-hair-body-wash\/#breadcrumb","itemListElement":[{"@type":"ListItem","position":1,"name":"Home","item":"https:\/\/decubal.com\/is\/"},{"@type":"ListItem","position":2,"name":"V\u00f6rur","item":"https:\/\/decubal.com\/is\/vorur\/"},{"@type":"ListItem","position":3,"name":"Decubal junior hair &#038; body wash"}]},{"@type":"WebSite","@id":"https:\/\/decubal.com\/is\/#website","url":"https:\/\/decubal.com\/is\/","name":"Decubal","description":"","publisher":{"@id":"https:\/\/decubal.com\/is\/#organization"},"potentialAction":[{"@type":"SearchAction","target":{"@type":"EntryPoint","urlTemplate":"https:\/\/decubal.com\/is\/?s={search_term_string}"},"query-input":{"@type":"PropertyValueSpecification","valueRequired":true,"valueName":"search_term_string"}}],"inLanguage":"is"},{"@type":"Organization","@id":"https:\/\/decubal.com\/is\/#organization","name":"Decubal","url":"https:\/\/decubal.com\/is\/","logo":{"@type":"ImageObject","inLanguage":"is","@id":"https:\/\/decubal.com\/is\/#\/schema\/logo\/image\/","url":"https:\/\/decubal.com\/app\/uploads\/sites\/6\/2022\/09\/Decubal-logo.png","contentUrl":"https:\/\/decubal.com\/app\/uploads\/sites\/6\/2022\/09\/Decubal-logo.png","width":138,"height":40,"caption":"Decubal"},"image":{"@id":"https:\/\/decubal.com\/is\/#\/schema\/logo\/image\/"}}]}},"_links":{"self":[{"href":"https:\/\/decubal.com\/is\/wp-json\/wp\/v2\/product\/260","targetHints":{"allow":["GET"]}}],"collection":[{"href":"https:\/\/decubal.com\/is\/wp-json\/wp\/v2\/product"}],"about":[{"href":"https:\/\/decubal.com\/is\/wp-json\/wp\/v2\/types\/product"}],"replies":[{"embeddable":true,"href":"https:\/\/decubal.com\/is\/wp-json\/wp\/v2\/comments?post=260"}],"version-history":[{"count":10,"href":"https:\/\/decubal.com\/is\/wp-json\/wp\/v2\/product\/260\/revisions"}],"predecessor-version":[{"id":594,"href":"https:\/\/decubal.com\/is\/wp-json\/wp\/v2\/product\/260\/revisions\/594"}],"wp:featuredmedia":[{"embeddable":true,"href":"https:\/\/decubal.com\/is\/wp-json\/wp\/v2\/media\/261"}],"wp:attachment":[{"href":"https:\/\/decubal.com\/is\/wp-json\/wp\/v2\/media?parent=260"}],"wp:term":[{"taxonomy":"product_brand","embeddable":true,"href":"https:\/\/decubal.com\/is\/wp-json\/wp\/v2\/product_brand?post=260"},{"taxonomy":"product_cat","embeddable":true,"href":"https:\/\/decubal.com\/is\/wp-json\/wp\/v2\/product_cat?post=260"},{"taxonomy":"product_tag","embeddable":true,"href":"https:\/\/decubal.com\/is\/wp-json\/wp\/v2\/product_tag?post=260"}],"curies":[{"name":"wp","href":"https:\/\/api.w.org\/{rel}","templated":true}]}}