{"id":119,"date":"2022-09-14T09:35:37","date_gmt":"2022-09-14T09:35:37","guid":{"rendered":"https:\/\/decubal.com\/is\/?post_type=product&#038;p=119"},"modified":"2025-08-15T10:28:59","modified_gmt":"2025-08-15T10:28:59","slug":"decubal-shower-bath-oil","status":"publish","type":"product","link":"https:\/\/decubal.com\/is\/voru\/decubal-shower-bath-oil\/","title":{"rendered":"Decubal shower &#038; bath oil"},"content":{"rendered":"\n<div class=\"wp-block-karopharma-accordions is-style-secondary\"><div class=\"container\">\n<details class=\"wp-block-karopharma-accordion\"><summary><h2 class=\"accordion-title\">Notkun<\/h2><\/summary><div class=\"accordion-content\">\n<ul class=\"is-style-icon wp-block-list\"><li>Fyrir daglega hreinsun l\u00edkamans<\/li><li>H\u00e6gt a\u00f0 nota b\u00e6\u00f0i \u00ed sturtu og ba\u00f0i<\/li><\/ul>\n<\/div><\/details>\n\n\n\n<details class=\"wp-block-karopharma-accordion\"><summary><h2 class=\"accordion-title\">Innihaldsefni<\/h2><\/summary><div class=\"accordion-content\">\n<figure class=\"wp-block-table\"><table><tbody><tr><td><strong>Innihaldsefni<\/strong><\/td><\/tr><tr><td>MIPA-Laureth Sulfate<\/td><\/tr><tr><td>Caprylic\/Capic Triglyceride<\/td><\/tr><tr><td>Cocamide DEA<\/td><\/tr><tr><td>Ethylhexyl Stearate<\/td><\/tr><tr><td>Ricinus Communis Seed Oil<\/td><\/tr><tr><td>Olus Oil<\/td><\/tr><tr><td>Laureth-4<\/td><\/tr><tr><td>Propylene Glycol<\/td><\/tr><tr><td>Aqua<\/td><\/tr><tr><td>Polyglyceryl-3 Caprylate<\/td><\/tr><tr><td>Bisabolol<\/td><\/tr><tr><td>Tocopherol<\/td><\/tr><tr><td>Tocopheryl Acetate<\/td><\/tr><tr><td>Citric Acid<\/td><\/tr><\/tbody><\/table><\/figure>\n<\/div><\/details>\n<\/div><\/div>\n\n\n\n<p><\/p>\n","protected":false},"excerpt":{"rendered":"<p>Mild og rakagefandi sturtu- og ba\u00f0ol\u00eda<\/p>\n","protected":false},"featured_media":120,"comment_status":"closed","ping_status":"closed","template":"","meta":{"_acf_changed":false,"footnotes":""},"product_brand":[],"product_cat":[18],"product_tag":[],"class_list":{"0":"post-119","1":"product","2":"type-product","3":"status-publish","4":"has-post-thumbnail","6":"product_cat-daglega","8":"first","9":"instock","10":"shipping-taxable","11":"product-type-simple"},"acf":[],"yoast_head":"<!-- This site is optimized with the Yoast SEO plugin v26.6 - https:\/\/yoast.com\/wordpress\/plugins\/seo\/ -->\n<title>Decubal shower &amp; bath oil - Decubal<\/title>\n<meta name=\"description\" content=\"A\u00f0 fara \u00ed sturtu e\u00f0a ba\u00f0 daglega getur \u00feurrka\u00f0 upp h\u00fa\u00f0ina. \u00deurr, vi\u00f0kv\u00e6m og ert h\u00fa\u00f0 \u00fearf \u00fev\u00ed hreinl\u00e6tisv\u00f6rur sem eru mildar og hugsa vel um h\u00fa\u00f0ina.\" \/>\n<meta name=\"robots\" content=\"index, follow, max-snippet:-1, max-image-preview:large, max-video-preview:-1\" \/>\n<link rel=\"canonical\" href=\"https:\/\/decubal.com\/is\/voru\/decubal-shower-bath-oil\/\" \/>\n<meta property=\"og:locale\" content=\"is_IS\" \/>\n<meta property=\"og:type\" content=\"article\" \/>\n<meta property=\"og:title\" content=\"Decubal shower &amp; bath oil - Decubal\" \/>\n<meta property=\"og:description\" content=\"A\u00f0 fara \u00ed sturtu e\u00f0a ba\u00f0 daglega getur \u00feurrka\u00f0 upp h\u00fa\u00f0ina. \u00deurr, vi\u00f0kv\u00e6m og ert h\u00fa\u00f0 \u00fearf \u00fev\u00ed hreinl\u00e6tisv\u00f6rur sem eru mildar og hugsa vel um h\u00fa\u00f0ina.\" \/>\n<meta property=\"og:url\" content=\"https:\/\/decubal.com\/is\/voru\/decubal-shower-bath-oil\/\" \/>\n<meta property=\"og:site_name\" content=\"Decubal\" \/>\n<meta property=\"article:modified_time\" content=\"2025-08-15T10:28:59+00:00\" \/>\n<meta property=\"og:image\" content=\"https:\/\/decubal.com\/app\/uploads\/sites\/6\/2022\/09\/decubal-shower-bath-oil.png\" \/>\n\t<meta property=\"og:image:width\" content=\"600\" \/>\n\t<meta property=\"og:image:height\" content=\"600\" \/>\n\t<meta property=\"og:image:type\" content=\"image\/png\" \/>\n<meta name=\"twitter:card\" content=\"summary_large_image\" \/>\n<meta name=\"twitter:label1\" content=\"Est. reading time\" \/>\n\t<meta name=\"twitter:data1\" content=\"1 minute\" \/>\n<script type=\"application\/ld+json\" class=\"yoast-schema-graph\">{\"@context\":\"https:\/\/schema.org\",\"@graph\":[{\"@type\":\"WebPage\",\"@id\":\"https:\/\/decubal.com\/is\/voru\/decubal-shower-bath-oil\/\",\"url\":\"https:\/\/decubal.com\/is\/voru\/decubal-shower-bath-oil\/\",\"name\":\"Decubal shower & bath oil - Decubal\",\"isPartOf\":{\"@id\":\"https:\/\/decubal.com\/is\/#website\"},\"primaryImageOfPage\":{\"@id\":\"https:\/\/decubal.com\/is\/voru\/decubal-shower-bath-oil\/#primaryimage\"},\"image\":{\"@id\":\"https:\/\/decubal.com\/is\/voru\/decubal-shower-bath-oil\/#primaryimage\"},\"thumbnailUrl\":\"https:\/\/decubal.com\/app\/uploads\/sites\/6\/2022\/09\/decubal-shower-bath-oil.png\",\"datePublished\":\"2022-09-14T09:35:37+00:00\",\"dateModified\":\"2025-08-15T10:28:59+00:00\",\"description\":\"A\u00f0 fara \u00ed sturtu e\u00f0a ba\u00f0 daglega getur \u00feurrka\u00f0 upp h\u00fa\u00f0ina. \u00deurr, vi\u00f0kv\u00e6m og ert h\u00fa\u00f0 \u00fearf \u00fev\u00ed hreinl\u00e6tisv\u00f6rur sem eru mildar og hugsa vel um h\u00fa\u00f0ina.\",\"breadcrumb\":{\"@id\":\"https:\/\/decubal.com\/is\/voru\/decubal-shower-bath-oil\/#breadcrumb\"},\"inLanguage\":\"is\",\"potentialAction\":[{\"@type\":\"ReadAction\",\"target\":[\"https:\/\/decubal.com\/is\/voru\/decubal-shower-bath-oil\/\"]}]},{\"@type\":\"ImageObject\",\"inLanguage\":\"is\",\"@id\":\"https:\/\/decubal.com\/is\/voru\/decubal-shower-bath-oil\/#primaryimage\",\"url\":\"https:\/\/decubal.com\/app\/uploads\/sites\/6\/2022\/09\/decubal-shower-bath-oil.png\",\"contentUrl\":\"https:\/\/decubal.com\/app\/uploads\/sites\/6\/2022\/09\/decubal-shower-bath-oil.png\",\"width\":600,\"height\":600},{\"@type\":\"BreadcrumbList\",\"@id\":\"https:\/\/decubal.com\/is\/voru\/decubal-shower-bath-oil\/#breadcrumb\",\"itemListElement\":[{\"@type\":\"ListItem\",\"position\":1,\"name\":\"Home\",\"item\":\"https:\/\/decubal.com\/is\/\"},{\"@type\":\"ListItem\",\"position\":2,\"name\":\"V\u00f6rur\",\"item\":\"https:\/\/decubal.com\/is\/vorur\/\"},{\"@type\":\"ListItem\",\"position\":3,\"name\":\"Decubal shower &#038; bath oil\"}]},{\"@type\":\"WebSite\",\"@id\":\"https:\/\/decubal.com\/is\/#website\",\"url\":\"https:\/\/decubal.com\/is\/\",\"name\":\"Decubal\",\"description\":\"\",\"publisher\":{\"@id\":\"https:\/\/decubal.com\/is\/#organization\"},\"potentialAction\":[{\"@type\":\"SearchAction\",\"target\":{\"@type\":\"EntryPoint\",\"urlTemplate\":\"https:\/\/decubal.com\/is\/?s={search_term_string}\"},\"query-input\":{\"@type\":\"PropertyValueSpecification\",\"valueRequired\":true,\"valueName\":\"search_term_string\"}}],\"inLanguage\":\"is\"},{\"@type\":\"Organization\",\"@id\":\"https:\/\/decubal.com\/is\/#organization\",\"name\":\"Decubal\",\"url\":\"https:\/\/decubal.com\/is\/\",\"logo\":{\"@type\":\"ImageObject\",\"inLanguage\":\"is\",\"@id\":\"https:\/\/decubal.com\/is\/#\/schema\/logo\/image\/\",\"url\":\"https:\/\/decubal.com\/app\/uploads\/sites\/6\/2022\/09\/Decubal-logo.png\",\"contentUrl\":\"https:\/\/decubal.com\/app\/uploads\/sites\/6\/2022\/09\/Decubal-logo.png\",\"width\":138,\"height\":40,\"caption\":\"Decubal\"},\"image\":{\"@id\":\"https:\/\/decubal.com\/is\/#\/schema\/logo\/image\/\"}}]}<\/script>\n<!-- \/ Yoast SEO plugin. -->","yoast_head_json":{"title":"Decubal shower & bath oil - Decubal","description":"A\u00f0 fara \u00ed sturtu e\u00f0a ba\u00f0 daglega getur \u00feurrka\u00f0 upp h\u00fa\u00f0ina. \u00deurr, vi\u00f0kv\u00e6m og ert h\u00fa\u00f0 \u00fearf \u00fev\u00ed hreinl\u00e6tisv\u00f6rur sem eru mildar og hugsa vel um h\u00fa\u00f0ina.","robots":{"index":"index","follow":"follow","max-snippet":"max-snippet:-1","max-image-preview":"max-image-preview:large","max-video-preview":"max-video-preview:-1"},"canonical":"https:\/\/decubal.com\/is\/voru\/decubal-shower-bath-oil\/","og_locale":"is_IS","og_type":"article","og_title":"Decubal shower & bath oil - Decubal","og_description":"A\u00f0 fara \u00ed sturtu e\u00f0a ba\u00f0 daglega getur \u00feurrka\u00f0 upp h\u00fa\u00f0ina. \u00deurr, vi\u00f0kv\u00e6m og ert h\u00fa\u00f0 \u00fearf \u00fev\u00ed hreinl\u00e6tisv\u00f6rur sem eru mildar og hugsa vel um h\u00fa\u00f0ina.","og_url":"https:\/\/decubal.com\/is\/voru\/decubal-shower-bath-oil\/","og_site_name":"Decubal","article_modified_time":"2025-08-15T10:28:59+00:00","og_image":[{"width":600,"height":600,"url":"https:\/\/decubal.com\/app\/uploads\/sites\/6\/2022\/09\/decubal-shower-bath-oil.png","type":"image\/png"}],"twitter_card":"summary_large_image","twitter_misc":{"Est. reading time":"1 minute"},"schema":{"@context":"https:\/\/schema.org","@graph":[{"@type":"WebPage","@id":"https:\/\/decubal.com\/is\/voru\/decubal-shower-bath-oil\/","url":"https:\/\/decubal.com\/is\/voru\/decubal-shower-bath-oil\/","name":"Decubal shower & bath oil - Decubal","isPartOf":{"@id":"https:\/\/decubal.com\/is\/#website"},"primaryImageOfPage":{"@id":"https:\/\/decubal.com\/is\/voru\/decubal-shower-bath-oil\/#primaryimage"},"image":{"@id":"https:\/\/decubal.com\/is\/voru\/decubal-shower-bath-oil\/#primaryimage"},"thumbnailUrl":"https:\/\/decubal.com\/app\/uploads\/sites\/6\/2022\/09\/decubal-shower-bath-oil.png","datePublished":"2022-09-14T09:35:37+00:00","dateModified":"2025-08-15T10:28:59+00:00","description":"A\u00f0 fara \u00ed sturtu e\u00f0a ba\u00f0 daglega getur \u00feurrka\u00f0 upp h\u00fa\u00f0ina. \u00deurr, vi\u00f0kv\u00e6m og ert h\u00fa\u00f0 \u00fearf \u00fev\u00ed hreinl\u00e6tisv\u00f6rur sem eru mildar og hugsa vel um h\u00fa\u00f0ina.","breadcrumb":{"@id":"https:\/\/decubal.com\/is\/voru\/decubal-shower-bath-oil\/#breadcrumb"},"inLanguage":"is","potentialAction":[{"@type":"ReadAction","target":["https:\/\/decubal.com\/is\/voru\/decubal-shower-bath-oil\/"]}]},{"@type":"ImageObject","inLanguage":"is","@id":"https:\/\/decubal.com\/is\/voru\/decubal-shower-bath-oil\/#primaryimage","url":"https:\/\/decubal.com\/app\/uploads\/sites\/6\/2022\/09\/decubal-shower-bath-oil.png","contentUrl":"https:\/\/decubal.com\/app\/uploads\/sites\/6\/2022\/09\/decubal-shower-bath-oil.png","width":600,"height":600},{"@type":"BreadcrumbList","@id":"https:\/\/decubal.com\/is\/voru\/decubal-shower-bath-oil\/#breadcrumb","itemListElement":[{"@type":"ListItem","position":1,"name":"Home","item":"https:\/\/decubal.com\/is\/"},{"@type":"ListItem","position":2,"name":"V\u00f6rur","item":"https:\/\/decubal.com\/is\/vorur\/"},{"@type":"ListItem","position":3,"name":"Decubal shower &#038; bath oil"}]},{"@type":"WebSite","@id":"https:\/\/decubal.com\/is\/#website","url":"https:\/\/decubal.com\/is\/","name":"Decubal","description":"","publisher":{"@id":"https:\/\/decubal.com\/is\/#organization"},"potentialAction":[{"@type":"SearchAction","target":{"@type":"EntryPoint","urlTemplate":"https:\/\/decubal.com\/is\/?s={search_term_string}"},"query-input":{"@type":"PropertyValueSpecification","valueRequired":true,"valueName":"search_term_string"}}],"inLanguage":"is"},{"@type":"Organization","@id":"https:\/\/decubal.com\/is\/#organization","name":"Decubal","url":"https:\/\/decubal.com\/is\/","logo":{"@type":"ImageObject","inLanguage":"is","@id":"https:\/\/decubal.com\/is\/#\/schema\/logo\/image\/","url":"https:\/\/decubal.com\/app\/uploads\/sites\/6\/2022\/09\/Decubal-logo.png","contentUrl":"https:\/\/decubal.com\/app\/uploads\/sites\/6\/2022\/09\/Decubal-logo.png","width":138,"height":40,"caption":"Decubal"},"image":{"@id":"https:\/\/decubal.com\/is\/#\/schema\/logo\/image\/"}}]}},"_links":{"self":[{"href":"https:\/\/decubal.com\/is\/wp-json\/wp\/v2\/product\/119","targetHints":{"allow":["GET"]}}],"collection":[{"href":"https:\/\/decubal.com\/is\/wp-json\/wp\/v2\/product"}],"about":[{"href":"https:\/\/decubal.com\/is\/wp-json\/wp\/v2\/types\/product"}],"replies":[{"embeddable":true,"href":"https:\/\/decubal.com\/is\/wp-json\/wp\/v2\/comments?post=119"}],"version-history":[{"count":10,"href":"https:\/\/decubal.com\/is\/wp-json\/wp\/v2\/product\/119\/revisions"}],"predecessor-version":[{"id":577,"href":"https:\/\/decubal.com\/is\/wp-json\/wp\/v2\/product\/119\/revisions\/577"}],"wp:featuredmedia":[{"embeddable":true,"href":"https:\/\/decubal.com\/is\/wp-json\/wp\/v2\/media\/120"}],"wp:attachment":[{"href":"https:\/\/decubal.com\/is\/wp-json\/wp\/v2\/media?parent=119"}],"wp:term":[{"taxonomy":"product_brand","embeddable":true,"href":"https:\/\/decubal.com\/is\/wp-json\/wp\/v2\/product_brand?post=119"},{"taxonomy":"product_cat","embeddable":true,"href":"https:\/\/decubal.com\/is\/wp-json\/wp\/v2\/product_cat?post=119"},{"taxonomy":"product_tag","embeddable":true,"href":"https:\/\/decubal.com\/is\/wp-json\/wp\/v2\/product_tag?post=119"}],"curies":[{"name":"wp","href":"https:\/\/api.w.org\/{rel}","templated":true}]}}