{"id":115,"date":"2022-09-14T09:29:32","date_gmt":"2022-09-14T09:29:32","guid":{"rendered":"https:\/\/decubal.com\/is\/?post_type=product&#038;p=115"},"modified":"2025-08-15T10:37:54","modified_gmt":"2025-08-15T10:37:54","slug":"decubal-repair-cream","status":"publish","type":"product","link":"https:\/\/decubal.com\/is\/voru\/decubal-repair-cream\/","title":{"rendered":"Decubal repair cream"},"content":{"rendered":"\n<div class=\"wp-block-karopharma-accordions is-style-secondary\"><div class=\"container\">\n<details class=\"wp-block-karopharma-accordion\"><summary><h2 class=\"accordion-title\">Notkun<\/h2><\/summary><div class=\"accordion-content\">\n<ul class=\"is-style-icon wp-block-list\"><li>M\u00e1 nota daglega e\u00f0a eftir \u00fe\u00f6rfum til a\u00f0 m\u00fdkja og endurbyggja sprungin, rau\u00f0 og ert h\u00fa\u00f0sv\u00e6\u00f0i<\/li><li>M\u00e1 nota \u00e1 allan l\u00edkamann<\/li><\/ul>\n<\/div><\/details>\n\n\n\n<details class=\"wp-block-karopharma-accordion\"><summary><h2 class=\"accordion-title\">Innihaldsefni<\/h2><\/summary><div class=\"accordion-content\">\n<figure class=\"wp-block-table\"><table><tbody><tr><td>Innihaldsefni<\/td><\/tr><tr><td>Petrolatum<\/td><\/tr><tr><td>Paraffinum num liquidim<\/td><\/tr><tr><td>Aqua<\/td><\/tr><tr><td>Pentylene Glycol<\/td><\/tr><tr><td>Cetearyl Alcohol<\/td><\/tr><tr><td>Methyl Glucose Sesquistearate<\/td><\/tr><tr><td>PEG-20 Methyl Glucose Sesquistearate<\/td><\/tr><tr><td>Niacinamide<\/td><\/tr><tr><td>Simmondsia Chinensis &nbsp;Seed Oil<\/td><\/tr><tr><td>Phytosphingosine<\/td><\/tr><tr><td>Cholesterol<\/td><\/tr><tr><td>Ceramide 6 II<\/td><\/tr><tr><td>Ceramide 3<\/td><\/tr><tr><td>Caprylic\/Capric Triglyceride<\/td><\/tr><tr><td>Stearic Acid<\/td><\/tr><tr><td>Palmitic Acid<\/td><\/tr><tr><td>Tocopherol<\/td><\/tr><tr><td>Galactoarabinan<\/td><\/tr><tr><td>Xanthan Gum<\/td><\/tr><tr><td>Sodium Citrate<\/td><\/tr><tr><td>Sodium Stearoyl Lactylate<\/td><\/tr><tr><td>Polyglyceryl-3 Methylglucose Distearate<\/td><\/tr><tr><td>Sodium Hydroxide<\/td><\/tr><tr><td>Citric Acid<\/td><\/tr><\/tbody><\/table><\/figure>\n<\/div><\/details>\n<\/div><\/div>\n","protected":false},"excerpt":{"rendered":"<p>Extra n\u00e6randi krem fyrir mj\u00f6g \u00feurra og skadda\u00f0a h\u00fa\u00f0<\/p>\n","protected":false},"featured_media":116,"comment_status":"closed","ping_status":"closed","template":"","meta":{"_acf_changed":false,"footnotes":""},"product_brand":[],"product_cat":[19],"product_tag":[],"class_list":{"0":"post-115","1":"product","2":"type-product","3":"status-publish","4":"has-post-thumbnail","6":"product_cat-oflug","8":"first","9":"instock","10":"shipping-taxable","11":"product-type-simple"},"acf":[],"yoast_head":"<!-- This site is optimized with the Yoast SEO plugin v26.6 - https:\/\/yoast.com\/wordpress\/plugins\/seo\/ -->\n<title>Decubal repair cream - Decubal<\/title>\n<meta name=\"description\" content=\"Extra n\u00e6randi krem fyrir mj\u00f6g \u00feurra og skemmda h\u00fa\u00f0 sem \u00fearf a\u00f0 endurbyggja og l\u00e6kna. Inniheldur ceram\u00ed\u00f0, sem er h\u00fa\u00f0n\u00e1kv\u00e6m fita, og v\u00edtam\u00edn B3 (n\u00edas\u00ednam\u00ed\u00f0) sem endurbyggir og virkjar eigin framlei\u00f0slu h\u00fa\u00f0arinnar \u00e1 fitunni sem h\u00fa\u00f0ina skortir til a\u00f0 byggja sig upp.\" \/>\n<meta name=\"robots\" content=\"index, follow, max-snippet:-1, max-image-preview:large, max-video-preview:-1\" \/>\n<link rel=\"canonical\" href=\"https:\/\/decubal.com\/is\/voru\/decubal-repair-cream\/\" \/>\n<meta property=\"og:locale\" content=\"is_IS\" \/>\n<meta property=\"og:type\" content=\"article\" \/>\n<meta property=\"og:title\" content=\"Decubal repair cream - Decubal\" \/>\n<meta property=\"og:description\" content=\"Extra n\u00e6randi krem fyrir mj\u00f6g \u00feurra og skemmda h\u00fa\u00f0 sem \u00fearf a\u00f0 endurbyggja og l\u00e6kna. Inniheldur ceram\u00ed\u00f0, sem er h\u00fa\u00f0n\u00e1kv\u00e6m fita, og v\u00edtam\u00edn B3 (n\u00edas\u00ednam\u00ed\u00f0) sem endurbyggir og virkjar eigin framlei\u00f0slu h\u00fa\u00f0arinnar \u00e1 fitunni sem h\u00fa\u00f0ina skortir til a\u00f0 byggja sig upp.\" \/>\n<meta property=\"og:url\" content=\"https:\/\/decubal.com\/is\/voru\/decubal-repair-cream\/\" \/>\n<meta property=\"og:site_name\" content=\"Decubal\" \/>\n<meta property=\"article:modified_time\" content=\"2025-08-15T10:37:54+00:00\" \/>\n<meta property=\"og:image\" content=\"https:\/\/decubal.com\/app\/uploads\/sites\/6\/2022\/09\/Decubal-repair-cream.png\" \/>\n\t<meta property=\"og:image:width\" content=\"600\" \/>\n\t<meta property=\"og:image:height\" content=\"600\" \/>\n\t<meta property=\"og:image:type\" content=\"image\/png\" \/>\n<meta name=\"twitter:card\" content=\"summary_large_image\" \/>\n<meta name=\"twitter:label1\" content=\"Est. reading time\" \/>\n\t<meta name=\"twitter:data1\" content=\"1 minute\" \/>\n<script type=\"application\/ld+json\" class=\"yoast-schema-graph\">{\"@context\":\"https:\/\/schema.org\",\"@graph\":[{\"@type\":\"WebPage\",\"@id\":\"https:\/\/decubal.com\/is\/voru\/decubal-repair-cream\/\",\"url\":\"https:\/\/decubal.com\/is\/voru\/decubal-repair-cream\/\",\"name\":\"Decubal repair cream - Decubal\",\"isPartOf\":{\"@id\":\"https:\/\/decubal.com\/is\/#website\"},\"primaryImageOfPage\":{\"@id\":\"https:\/\/decubal.com\/is\/voru\/decubal-repair-cream\/#primaryimage\"},\"image\":{\"@id\":\"https:\/\/decubal.com\/is\/voru\/decubal-repair-cream\/#primaryimage\"},\"thumbnailUrl\":\"https:\/\/decubal.com\/app\/uploads\/sites\/6\/2022\/09\/Decubal-repair-cream.png\",\"datePublished\":\"2022-09-14T09:29:32+00:00\",\"dateModified\":\"2025-08-15T10:37:54+00:00\",\"description\":\"Extra n\u00e6randi krem fyrir mj\u00f6g \u00feurra og skemmda h\u00fa\u00f0 sem \u00fearf a\u00f0 endurbyggja og l\u00e6kna. Inniheldur ceram\u00ed\u00f0, sem er h\u00fa\u00f0n\u00e1kv\u00e6m fita, og v\u00edtam\u00edn B3 (n\u00edas\u00ednam\u00ed\u00f0) sem endurbyggir og virkjar eigin framlei\u00f0slu h\u00fa\u00f0arinnar \u00e1 fitunni sem h\u00fa\u00f0ina skortir til a\u00f0 byggja sig upp.\",\"breadcrumb\":{\"@id\":\"https:\/\/decubal.com\/is\/voru\/decubal-repair-cream\/#breadcrumb\"},\"inLanguage\":\"is\",\"potentialAction\":[{\"@type\":\"ReadAction\",\"target\":[\"https:\/\/decubal.com\/is\/voru\/decubal-repair-cream\/\"]}]},{\"@type\":\"ImageObject\",\"inLanguage\":\"is\",\"@id\":\"https:\/\/decubal.com\/is\/voru\/decubal-repair-cream\/#primaryimage\",\"url\":\"https:\/\/decubal.com\/app\/uploads\/sites\/6\/2022\/09\/Decubal-repair-cream.png\",\"contentUrl\":\"https:\/\/decubal.com\/app\/uploads\/sites\/6\/2022\/09\/Decubal-repair-cream.png\",\"width\":600,\"height\":600},{\"@type\":\"BreadcrumbList\",\"@id\":\"https:\/\/decubal.com\/is\/voru\/decubal-repair-cream\/#breadcrumb\",\"itemListElement\":[{\"@type\":\"ListItem\",\"position\":1,\"name\":\"Home\",\"item\":\"https:\/\/decubal.com\/is\/\"},{\"@type\":\"ListItem\",\"position\":2,\"name\":\"V\u00f6rur\",\"item\":\"https:\/\/decubal.com\/is\/vorur\/\"},{\"@type\":\"ListItem\",\"position\":3,\"name\":\"Decubal repair cream\"}]},{\"@type\":\"WebSite\",\"@id\":\"https:\/\/decubal.com\/is\/#website\",\"url\":\"https:\/\/decubal.com\/is\/\",\"name\":\"Decubal\",\"description\":\"\",\"publisher\":{\"@id\":\"https:\/\/decubal.com\/is\/#organization\"},\"potentialAction\":[{\"@type\":\"SearchAction\",\"target\":{\"@type\":\"EntryPoint\",\"urlTemplate\":\"https:\/\/decubal.com\/is\/?s={search_term_string}\"},\"query-input\":{\"@type\":\"PropertyValueSpecification\",\"valueRequired\":true,\"valueName\":\"search_term_string\"}}],\"inLanguage\":\"is\"},{\"@type\":\"Organization\",\"@id\":\"https:\/\/decubal.com\/is\/#organization\",\"name\":\"Decubal\",\"url\":\"https:\/\/decubal.com\/is\/\",\"logo\":{\"@type\":\"ImageObject\",\"inLanguage\":\"is\",\"@id\":\"https:\/\/decubal.com\/is\/#\/schema\/logo\/image\/\",\"url\":\"https:\/\/decubal.com\/app\/uploads\/sites\/6\/2022\/09\/Decubal-logo.png\",\"contentUrl\":\"https:\/\/decubal.com\/app\/uploads\/sites\/6\/2022\/09\/Decubal-logo.png\",\"width\":138,\"height\":40,\"caption\":\"Decubal\"},\"image\":{\"@id\":\"https:\/\/decubal.com\/is\/#\/schema\/logo\/image\/\"}}]}<\/script>\n<!-- \/ Yoast SEO plugin. -->","yoast_head_json":{"title":"Decubal repair cream - Decubal","description":"Extra n\u00e6randi krem fyrir mj\u00f6g \u00feurra og skemmda h\u00fa\u00f0 sem \u00fearf a\u00f0 endurbyggja og l\u00e6kna. Inniheldur ceram\u00ed\u00f0, sem er h\u00fa\u00f0n\u00e1kv\u00e6m fita, og v\u00edtam\u00edn B3 (n\u00edas\u00ednam\u00ed\u00f0) sem endurbyggir og virkjar eigin framlei\u00f0slu h\u00fa\u00f0arinnar \u00e1 fitunni sem h\u00fa\u00f0ina skortir til a\u00f0 byggja sig upp.","robots":{"index":"index","follow":"follow","max-snippet":"max-snippet:-1","max-image-preview":"max-image-preview:large","max-video-preview":"max-video-preview:-1"},"canonical":"https:\/\/decubal.com\/is\/voru\/decubal-repair-cream\/","og_locale":"is_IS","og_type":"article","og_title":"Decubal repair cream - Decubal","og_description":"Extra n\u00e6randi krem fyrir mj\u00f6g \u00feurra og skemmda h\u00fa\u00f0 sem \u00fearf a\u00f0 endurbyggja og l\u00e6kna. Inniheldur ceram\u00ed\u00f0, sem er h\u00fa\u00f0n\u00e1kv\u00e6m fita, og v\u00edtam\u00edn B3 (n\u00edas\u00ednam\u00ed\u00f0) sem endurbyggir og virkjar eigin framlei\u00f0slu h\u00fa\u00f0arinnar \u00e1 fitunni sem h\u00fa\u00f0ina skortir til a\u00f0 byggja sig upp.","og_url":"https:\/\/decubal.com\/is\/voru\/decubal-repair-cream\/","og_site_name":"Decubal","article_modified_time":"2025-08-15T10:37:54+00:00","og_image":[{"width":600,"height":600,"url":"https:\/\/decubal.com\/app\/uploads\/sites\/6\/2022\/09\/Decubal-repair-cream.png","type":"image\/png"}],"twitter_card":"summary_large_image","twitter_misc":{"Est. reading time":"1 minute"},"schema":{"@context":"https:\/\/schema.org","@graph":[{"@type":"WebPage","@id":"https:\/\/decubal.com\/is\/voru\/decubal-repair-cream\/","url":"https:\/\/decubal.com\/is\/voru\/decubal-repair-cream\/","name":"Decubal repair cream - Decubal","isPartOf":{"@id":"https:\/\/decubal.com\/is\/#website"},"primaryImageOfPage":{"@id":"https:\/\/decubal.com\/is\/voru\/decubal-repair-cream\/#primaryimage"},"image":{"@id":"https:\/\/decubal.com\/is\/voru\/decubal-repair-cream\/#primaryimage"},"thumbnailUrl":"https:\/\/decubal.com\/app\/uploads\/sites\/6\/2022\/09\/Decubal-repair-cream.png","datePublished":"2022-09-14T09:29:32+00:00","dateModified":"2025-08-15T10:37:54+00:00","description":"Extra n\u00e6randi krem fyrir mj\u00f6g \u00feurra og skemmda h\u00fa\u00f0 sem \u00fearf a\u00f0 endurbyggja og l\u00e6kna. Inniheldur ceram\u00ed\u00f0, sem er h\u00fa\u00f0n\u00e1kv\u00e6m fita, og v\u00edtam\u00edn B3 (n\u00edas\u00ednam\u00ed\u00f0) sem endurbyggir og virkjar eigin framlei\u00f0slu h\u00fa\u00f0arinnar \u00e1 fitunni sem h\u00fa\u00f0ina skortir til a\u00f0 byggja sig upp.","breadcrumb":{"@id":"https:\/\/decubal.com\/is\/voru\/decubal-repair-cream\/#breadcrumb"},"inLanguage":"is","potentialAction":[{"@type":"ReadAction","target":["https:\/\/decubal.com\/is\/voru\/decubal-repair-cream\/"]}]},{"@type":"ImageObject","inLanguage":"is","@id":"https:\/\/decubal.com\/is\/voru\/decubal-repair-cream\/#primaryimage","url":"https:\/\/decubal.com\/app\/uploads\/sites\/6\/2022\/09\/Decubal-repair-cream.png","contentUrl":"https:\/\/decubal.com\/app\/uploads\/sites\/6\/2022\/09\/Decubal-repair-cream.png","width":600,"height":600},{"@type":"BreadcrumbList","@id":"https:\/\/decubal.com\/is\/voru\/decubal-repair-cream\/#breadcrumb","itemListElement":[{"@type":"ListItem","position":1,"name":"Home","item":"https:\/\/decubal.com\/is\/"},{"@type":"ListItem","position":2,"name":"V\u00f6rur","item":"https:\/\/decubal.com\/is\/vorur\/"},{"@type":"ListItem","position":3,"name":"Decubal repair cream"}]},{"@type":"WebSite","@id":"https:\/\/decubal.com\/is\/#website","url":"https:\/\/decubal.com\/is\/","name":"Decubal","description":"","publisher":{"@id":"https:\/\/decubal.com\/is\/#organization"},"potentialAction":[{"@type":"SearchAction","target":{"@type":"EntryPoint","urlTemplate":"https:\/\/decubal.com\/is\/?s={search_term_string}"},"query-input":{"@type":"PropertyValueSpecification","valueRequired":true,"valueName":"search_term_string"}}],"inLanguage":"is"},{"@type":"Organization","@id":"https:\/\/decubal.com\/is\/#organization","name":"Decubal","url":"https:\/\/decubal.com\/is\/","logo":{"@type":"ImageObject","inLanguage":"is","@id":"https:\/\/decubal.com\/is\/#\/schema\/logo\/image\/","url":"https:\/\/decubal.com\/app\/uploads\/sites\/6\/2022\/09\/Decubal-logo.png","contentUrl":"https:\/\/decubal.com\/app\/uploads\/sites\/6\/2022\/09\/Decubal-logo.png","width":138,"height":40,"caption":"Decubal"},"image":{"@id":"https:\/\/decubal.com\/is\/#\/schema\/logo\/image\/"}}]}},"_links":{"self":[{"href":"https:\/\/decubal.com\/is\/wp-json\/wp\/v2\/product\/115","targetHints":{"allow":["GET"]}}],"collection":[{"href":"https:\/\/decubal.com\/is\/wp-json\/wp\/v2\/product"}],"about":[{"href":"https:\/\/decubal.com\/is\/wp-json\/wp\/v2\/types\/product"}],"replies":[{"embeddable":true,"href":"https:\/\/decubal.com\/is\/wp-json\/wp\/v2\/comments?post=115"}],"version-history":[{"count":10,"href":"https:\/\/decubal.com\/is\/wp-json\/wp\/v2\/product\/115\/revisions"}],"predecessor-version":[{"id":592,"href":"https:\/\/decubal.com\/is\/wp-json\/wp\/v2\/product\/115\/revisions\/592"}],"wp:featuredmedia":[{"embeddable":true,"href":"https:\/\/decubal.com\/is\/wp-json\/wp\/v2\/media\/116"}],"wp:attachment":[{"href":"https:\/\/decubal.com\/is\/wp-json\/wp\/v2\/media?parent=115"}],"wp:term":[{"taxonomy":"product_brand","embeddable":true,"href":"https:\/\/decubal.com\/is\/wp-json\/wp\/v2\/product_brand?post=115"},{"taxonomy":"product_cat","embeddable":true,"href":"https:\/\/decubal.com\/is\/wp-json\/wp\/v2\/product_cat?post=115"},{"taxonomy":"product_tag","embeddable":true,"href":"https:\/\/decubal.com\/is\/wp-json\/wp\/v2\/product_tag?post=115"}],"curies":[{"name":"wp","href":"https:\/\/api.w.org\/{rel}","templated":true}]}}