{"id":111,"date":"2022-09-14T09:25:10","date_gmt":"2022-09-14T09:25:10","guid":{"rendered":"https:\/\/decubal.com\/is\/?post_type=product&#038;p=111"},"modified":"2025-08-15T10:29:34","modified_gmt":"2025-08-15T10:29:34","slug":"decubal-lips-dry-spots-balm","status":"publish","type":"product","link":"https:\/\/decubal.com\/is\/voru\/decubal-lips-dry-spots-balm\/","title":{"rendered":"Decubal lips &#038; dry spots balm"},"content":{"rendered":"\n<div class=\"wp-block-karopharma-accordions is-style-secondary\"><div class=\"container\">\n<details class=\"wp-block-karopharma-accordion\"><summary><h2 class=\"accordion-title\">Notkun<\/h2><\/summary><div class=\"accordion-content\">\n<ul class=\"is-style-icon wp-block-list\"><li>Fyrir \u00e1kve\u00f0in vandam\u00e1lasv\u00e6\u00f0i eins og til d\u00e6mis varir, naglab\u00f6nd, hn\u00faa, olnboga og hn\u00e9.<\/li><\/ul>\n<\/div><\/details>\n\n\n\n<details class=\"wp-block-karopharma-accordion\"><summary><h2 class=\"accordion-title\">Innihaldsefni<\/h2><\/summary><div class=\"accordion-content\">\n<figure class=\"wp-block-table\"><table><tbody><tr><td><strong>Innihaldsefni<\/strong><\/td><\/tr><tr><td>Petrolatum<\/td><\/tr><tr><td>Oprenset lanolin<\/td><\/tr><tr><td>Paraffinum Liquidum<\/td><\/tr><tr><td>Bivoks<\/td><\/tr><tr><td>Ricinus Communis Seed Oil<\/td><\/tr><tr><td>Tocopherol<\/td><\/tr><\/tbody><\/table><\/figure>\n<\/div><\/details>\n<\/div><\/div>\n","protected":false},"excerpt":{"rendered":"<p>Feitt, n\u00e6randi og rakagefandi smyrsli sem n\u00e6rir og sty\u00f0ur vi\u00f0 l\u00e6kningaferli h\u00fa\u00f0arinnar<\/p>\n","protected":false},"featured_media":112,"comment_status":"closed","ping_status":"closed","template":"","meta":{"_acf_changed":false,"footnotes":""},"product_brand":[],"product_cat":[18],"product_tag":[],"class_list":{"0":"post-111","1":"product","2":"type-product","3":"status-publish","4":"has-post-thumbnail","6":"product_cat-daglega","8":"first","9":"instock","10":"shipping-taxable","11":"product-type-simple"},"acf":[],"yoast_head":"<!-- This site is optimized with the Yoast SEO plugin v26.6 - https:\/\/yoast.com\/wordpress\/plugins\/seo\/ -->\n<title>Decubal lips &amp; dry spots balm - Decubal<\/title>\n<meta name=\"description\" content=\"Decubal lips &amp; dry spots balm er nota\u00f0 \u00e1 \u00feurrar og sprungnar varir e\u00f0a \u00f6nnur \u00feurr sv\u00e6\u00f0i \u00e1 l\u00edkamanum eins og naglab\u00f6nd, olnboga og hn\u00e9. \u00deetta smyrsli er h\u00e6gt a\u00f0 nota n\u00e1kv\u00e6mlega \u00fear sem vandam\u00e1li\u00f0 er.\" \/>\n<meta name=\"robots\" content=\"index, follow, max-snippet:-1, max-image-preview:large, max-video-preview:-1\" \/>\n<link rel=\"canonical\" href=\"https:\/\/decubal.com\/is\/voru\/decubal-lips-dry-spots-balm\/\" \/>\n<meta property=\"og:locale\" content=\"is_IS\" \/>\n<meta property=\"og:type\" content=\"article\" \/>\n<meta property=\"og:title\" content=\"Decubal lips &amp; dry spots balm - Decubal\" \/>\n<meta property=\"og:description\" content=\"Decubal lips &amp; dry spots balm er nota\u00f0 \u00e1 \u00feurrar og sprungnar varir e\u00f0a \u00f6nnur \u00feurr sv\u00e6\u00f0i \u00e1 l\u00edkamanum eins og naglab\u00f6nd, olnboga og hn\u00e9. \u00deetta smyrsli er h\u00e6gt a\u00f0 nota n\u00e1kv\u00e6mlega \u00fear sem vandam\u00e1li\u00f0 er.\" \/>\n<meta property=\"og:url\" content=\"https:\/\/decubal.com\/is\/voru\/decubal-lips-dry-spots-balm\/\" \/>\n<meta property=\"og:site_name\" content=\"Decubal\" \/>\n<meta property=\"article:modified_time\" content=\"2025-08-15T10:29:34+00:00\" \/>\n<meta property=\"og:image\" content=\"https:\/\/decubal.com\/app\/uploads\/sites\/6\/2022\/09\/decubal-lips-dry.png\" \/>\n\t<meta property=\"og:image:width\" content=\"600\" \/>\n\t<meta property=\"og:image:height\" content=\"600\" \/>\n\t<meta property=\"og:image:type\" content=\"image\/png\" \/>\n<meta name=\"twitter:card\" content=\"summary_large_image\" \/>\n<meta name=\"twitter:label1\" content=\"Est. reading time\" \/>\n\t<meta name=\"twitter:data1\" content=\"1 minute\" \/>\n<script type=\"application\/ld+json\" class=\"yoast-schema-graph\">{\"@context\":\"https:\/\/schema.org\",\"@graph\":[{\"@type\":\"WebPage\",\"@id\":\"https:\/\/decubal.com\/is\/voru\/decubal-lips-dry-spots-balm\/\",\"url\":\"https:\/\/decubal.com\/is\/voru\/decubal-lips-dry-spots-balm\/\",\"name\":\"Decubal lips & dry spots balm - Decubal\",\"isPartOf\":{\"@id\":\"https:\/\/decubal.com\/is\/#website\"},\"primaryImageOfPage\":{\"@id\":\"https:\/\/decubal.com\/is\/voru\/decubal-lips-dry-spots-balm\/#primaryimage\"},\"image\":{\"@id\":\"https:\/\/decubal.com\/is\/voru\/decubal-lips-dry-spots-balm\/#primaryimage\"},\"thumbnailUrl\":\"https:\/\/decubal.com\/app\/uploads\/sites\/6\/2022\/09\/decubal-lips-dry.png\",\"datePublished\":\"2022-09-14T09:25:10+00:00\",\"dateModified\":\"2025-08-15T10:29:34+00:00\",\"description\":\"Decubal lips & dry spots balm er nota\u00f0 \u00e1 \u00feurrar og sprungnar varir e\u00f0a \u00f6nnur \u00feurr sv\u00e6\u00f0i \u00e1 l\u00edkamanum eins og naglab\u00f6nd, olnboga og hn\u00e9. \u00deetta smyrsli er h\u00e6gt a\u00f0 nota n\u00e1kv\u00e6mlega \u00fear sem vandam\u00e1li\u00f0 er.\",\"breadcrumb\":{\"@id\":\"https:\/\/decubal.com\/is\/voru\/decubal-lips-dry-spots-balm\/#breadcrumb\"},\"inLanguage\":\"is\",\"potentialAction\":[{\"@type\":\"ReadAction\",\"target\":[\"https:\/\/decubal.com\/is\/voru\/decubal-lips-dry-spots-balm\/\"]}]},{\"@type\":\"ImageObject\",\"inLanguage\":\"is\",\"@id\":\"https:\/\/decubal.com\/is\/voru\/decubal-lips-dry-spots-balm\/#primaryimage\",\"url\":\"https:\/\/decubal.com\/app\/uploads\/sites\/6\/2022\/09\/decubal-lips-dry.png\",\"contentUrl\":\"https:\/\/decubal.com\/app\/uploads\/sites\/6\/2022\/09\/decubal-lips-dry.png\",\"width\":600,\"height\":600},{\"@type\":\"BreadcrumbList\",\"@id\":\"https:\/\/decubal.com\/is\/voru\/decubal-lips-dry-spots-balm\/#breadcrumb\",\"itemListElement\":[{\"@type\":\"ListItem\",\"position\":1,\"name\":\"Home\",\"item\":\"https:\/\/decubal.com\/is\/\"},{\"@type\":\"ListItem\",\"position\":2,\"name\":\"V\u00f6rur\",\"item\":\"https:\/\/decubal.com\/is\/vorur\/\"},{\"@type\":\"ListItem\",\"position\":3,\"name\":\"Decubal lips &#038; dry spots balm\"}]},{\"@type\":\"WebSite\",\"@id\":\"https:\/\/decubal.com\/is\/#website\",\"url\":\"https:\/\/decubal.com\/is\/\",\"name\":\"Decubal\",\"description\":\"\",\"publisher\":{\"@id\":\"https:\/\/decubal.com\/is\/#organization\"},\"potentialAction\":[{\"@type\":\"SearchAction\",\"target\":{\"@type\":\"EntryPoint\",\"urlTemplate\":\"https:\/\/decubal.com\/is\/?s={search_term_string}\"},\"query-input\":{\"@type\":\"PropertyValueSpecification\",\"valueRequired\":true,\"valueName\":\"search_term_string\"}}],\"inLanguage\":\"is\"},{\"@type\":\"Organization\",\"@id\":\"https:\/\/decubal.com\/is\/#organization\",\"name\":\"Decubal\",\"url\":\"https:\/\/decubal.com\/is\/\",\"logo\":{\"@type\":\"ImageObject\",\"inLanguage\":\"is\",\"@id\":\"https:\/\/decubal.com\/is\/#\/schema\/logo\/image\/\",\"url\":\"https:\/\/decubal.com\/app\/uploads\/sites\/6\/2022\/09\/Decubal-logo.png\",\"contentUrl\":\"https:\/\/decubal.com\/app\/uploads\/sites\/6\/2022\/09\/Decubal-logo.png\",\"width\":138,\"height\":40,\"caption\":\"Decubal\"},\"image\":{\"@id\":\"https:\/\/decubal.com\/is\/#\/schema\/logo\/image\/\"}}]}<\/script>\n<!-- \/ Yoast SEO plugin. -->","yoast_head_json":{"title":"Decubal lips & dry spots balm - Decubal","description":"Decubal lips & dry spots balm er nota\u00f0 \u00e1 \u00feurrar og sprungnar varir e\u00f0a \u00f6nnur \u00feurr sv\u00e6\u00f0i \u00e1 l\u00edkamanum eins og naglab\u00f6nd, olnboga og hn\u00e9. \u00deetta smyrsli er h\u00e6gt a\u00f0 nota n\u00e1kv\u00e6mlega \u00fear sem vandam\u00e1li\u00f0 er.","robots":{"index":"index","follow":"follow","max-snippet":"max-snippet:-1","max-image-preview":"max-image-preview:large","max-video-preview":"max-video-preview:-1"},"canonical":"https:\/\/decubal.com\/is\/voru\/decubal-lips-dry-spots-balm\/","og_locale":"is_IS","og_type":"article","og_title":"Decubal lips & dry spots balm - Decubal","og_description":"Decubal lips & dry spots balm er nota\u00f0 \u00e1 \u00feurrar og sprungnar varir e\u00f0a \u00f6nnur \u00feurr sv\u00e6\u00f0i \u00e1 l\u00edkamanum eins og naglab\u00f6nd, olnboga og hn\u00e9. \u00deetta smyrsli er h\u00e6gt a\u00f0 nota n\u00e1kv\u00e6mlega \u00fear sem vandam\u00e1li\u00f0 er.","og_url":"https:\/\/decubal.com\/is\/voru\/decubal-lips-dry-spots-balm\/","og_site_name":"Decubal","article_modified_time":"2025-08-15T10:29:34+00:00","og_image":[{"width":600,"height":600,"url":"https:\/\/decubal.com\/app\/uploads\/sites\/6\/2022\/09\/decubal-lips-dry.png","type":"image\/png"}],"twitter_card":"summary_large_image","twitter_misc":{"Est. reading time":"1 minute"},"schema":{"@context":"https:\/\/schema.org","@graph":[{"@type":"WebPage","@id":"https:\/\/decubal.com\/is\/voru\/decubal-lips-dry-spots-balm\/","url":"https:\/\/decubal.com\/is\/voru\/decubal-lips-dry-spots-balm\/","name":"Decubal lips & dry spots balm - Decubal","isPartOf":{"@id":"https:\/\/decubal.com\/is\/#website"},"primaryImageOfPage":{"@id":"https:\/\/decubal.com\/is\/voru\/decubal-lips-dry-spots-balm\/#primaryimage"},"image":{"@id":"https:\/\/decubal.com\/is\/voru\/decubal-lips-dry-spots-balm\/#primaryimage"},"thumbnailUrl":"https:\/\/decubal.com\/app\/uploads\/sites\/6\/2022\/09\/decubal-lips-dry.png","datePublished":"2022-09-14T09:25:10+00:00","dateModified":"2025-08-15T10:29:34+00:00","description":"Decubal lips & dry spots balm er nota\u00f0 \u00e1 \u00feurrar og sprungnar varir e\u00f0a \u00f6nnur \u00feurr sv\u00e6\u00f0i \u00e1 l\u00edkamanum eins og naglab\u00f6nd, olnboga og hn\u00e9. \u00deetta smyrsli er h\u00e6gt a\u00f0 nota n\u00e1kv\u00e6mlega \u00fear sem vandam\u00e1li\u00f0 er.","breadcrumb":{"@id":"https:\/\/decubal.com\/is\/voru\/decubal-lips-dry-spots-balm\/#breadcrumb"},"inLanguage":"is","potentialAction":[{"@type":"ReadAction","target":["https:\/\/decubal.com\/is\/voru\/decubal-lips-dry-spots-balm\/"]}]},{"@type":"ImageObject","inLanguage":"is","@id":"https:\/\/decubal.com\/is\/voru\/decubal-lips-dry-spots-balm\/#primaryimage","url":"https:\/\/decubal.com\/app\/uploads\/sites\/6\/2022\/09\/decubal-lips-dry.png","contentUrl":"https:\/\/decubal.com\/app\/uploads\/sites\/6\/2022\/09\/decubal-lips-dry.png","width":600,"height":600},{"@type":"BreadcrumbList","@id":"https:\/\/decubal.com\/is\/voru\/decubal-lips-dry-spots-balm\/#breadcrumb","itemListElement":[{"@type":"ListItem","position":1,"name":"Home","item":"https:\/\/decubal.com\/is\/"},{"@type":"ListItem","position":2,"name":"V\u00f6rur","item":"https:\/\/decubal.com\/is\/vorur\/"},{"@type":"ListItem","position":3,"name":"Decubal lips &#038; dry spots balm"}]},{"@type":"WebSite","@id":"https:\/\/decubal.com\/is\/#website","url":"https:\/\/decubal.com\/is\/","name":"Decubal","description":"","publisher":{"@id":"https:\/\/decubal.com\/is\/#organization"},"potentialAction":[{"@type":"SearchAction","target":{"@type":"EntryPoint","urlTemplate":"https:\/\/decubal.com\/is\/?s={search_term_string}"},"query-input":{"@type":"PropertyValueSpecification","valueRequired":true,"valueName":"search_term_string"}}],"inLanguage":"is"},{"@type":"Organization","@id":"https:\/\/decubal.com\/is\/#organization","name":"Decubal","url":"https:\/\/decubal.com\/is\/","logo":{"@type":"ImageObject","inLanguage":"is","@id":"https:\/\/decubal.com\/is\/#\/schema\/logo\/image\/","url":"https:\/\/decubal.com\/app\/uploads\/sites\/6\/2022\/09\/Decubal-logo.png","contentUrl":"https:\/\/decubal.com\/app\/uploads\/sites\/6\/2022\/09\/Decubal-logo.png","width":138,"height":40,"caption":"Decubal"},"image":{"@id":"https:\/\/decubal.com\/is\/#\/schema\/logo\/image\/"}}]}},"_links":{"self":[{"href":"https:\/\/decubal.com\/is\/wp-json\/wp\/v2\/product\/111","targetHints":{"allow":["GET"]}}],"collection":[{"href":"https:\/\/decubal.com\/is\/wp-json\/wp\/v2\/product"}],"about":[{"href":"https:\/\/decubal.com\/is\/wp-json\/wp\/v2\/types\/product"}],"replies":[{"embeddable":true,"href":"https:\/\/decubal.com\/is\/wp-json\/wp\/v2\/comments?post=111"}],"version-history":[{"count":10,"href":"https:\/\/decubal.com\/is\/wp-json\/wp\/v2\/product\/111\/revisions"}],"predecessor-version":[{"id":578,"href":"https:\/\/decubal.com\/is\/wp-json\/wp\/v2\/product\/111\/revisions\/578"}],"wp:featuredmedia":[{"embeddable":true,"href":"https:\/\/decubal.com\/is\/wp-json\/wp\/v2\/media\/112"}],"wp:attachment":[{"href":"https:\/\/decubal.com\/is\/wp-json\/wp\/v2\/media?parent=111"}],"wp:term":[{"taxonomy":"product_brand","embeddable":true,"href":"https:\/\/decubal.com\/is\/wp-json\/wp\/v2\/product_brand?post=111"},{"taxonomy":"product_cat","embeddable":true,"href":"https:\/\/decubal.com\/is\/wp-json\/wp\/v2\/product_cat?post=111"},{"taxonomy":"product_tag","embeddable":true,"href":"https:\/\/decubal.com\/is\/wp-json\/wp\/v2\/product_tag?post=111"}],"curies":[{"name":"wp","href":"https:\/\/api.w.org\/{rel}","templated":true}]}}