{"id":107,"date":"2022-09-14T09:20:48","date_gmt":"2022-09-14T09:20:48","guid":{"rendered":"https:\/\/decubal.com\/is\/?post_type=product&#038;p=107"},"modified":"2025-08-15T10:30:09","modified_gmt":"2025-08-15T10:30:09","slug":"decubal-lipid-cream","status":"publish","type":"product","link":"https:\/\/decubal.com\/is\/voru\/decubal-lipid-cream\/","title":{"rendered":"Decubal lipid cream"},"content":{"rendered":"\n<div class=\"wp-block-karopharma-accordions is-style-secondary\"><div class=\"container\">\n<details class=\"wp-block-karopharma-accordion\"><summary><h2 class=\"accordion-title\">Notkun<\/h2><\/summary><div class=\"accordion-content\">\n<ul class=\"is-style-icon wp-block-list\"><li>M\u00e1 nota daglega \u00e1 allan l\u00edkamann \u00e1 mj\u00f6g \u00feurra og erfi\u00f0a h\u00fa\u00f0 og sem vi\u00f0b\u00f3tarme\u00f0fer\u00f0 \u00e1 einkennalausum t\u00edmabilum vegna t.d. exems<\/li><li>M\u00e1 bera \u00e1 allan l\u00edkmann og andlit<\/li><\/ul>\n<\/div><\/details>\n\n\n\n<details class=\"wp-block-karopharma-accordion\"><summary><h2 class=\"accordion-title\">Innihaldsefni<\/h2><\/summary><div class=\"accordion-content\">\n<figure class=\"wp-block-table\"><table><tbody><tr><td>Innihaldsefni<\/td><\/tr><tr><td>Petrolatum<\/td><\/tr><tr><td>Aqua<\/td><\/tr><tr><td>Paraffinum Liquidum<\/td><\/tr><tr><td>Cetearyl Alcohol<\/td><\/tr><tr><td>Ceteareth -25<\/td><\/tr><tr><td>Ceteareth-20<\/td><\/tr><tr><td>Sodium Cluconate<\/td><\/tr><tr><td>Sodium Citrate<\/td><\/tr><tr><td>Citric Acid<\/td><\/tr><tr><td>Caprylyl Glycol<\/td><\/tr><tr><td>Phenoxyethanol<\/td><\/tr><\/tbody><\/table><\/figure>\n<\/div><\/details>\n<\/div><\/div>\n","protected":false},"excerpt":{"rendered":"<p>Einstaklega n\u00e6randi og rakagefandi krem fyrir mj\u00f6g \u00feurra og \u00fatsetta h\u00fa\u00f0<\/p>\n","protected":false},"featured_media":127,"comment_status":"closed","ping_status":"closed","template":"","meta":{"_acf_changed":false,"footnotes":""},"product_brand":[],"product_cat":[18],"product_tag":[],"class_list":{"0":"post-107","1":"product","2":"type-product","3":"status-publish","4":"has-post-thumbnail","6":"product_cat-daglega","8":"first","9":"instock","10":"shipping-taxable","11":"product-type-simple"},"acf":[],"yoast_head":"<!-- This site is optimized with the Yoast SEO plugin v26.6 - https:\/\/yoast.com\/wordpress\/plugins\/seo\/ -->\n<title>Decubal lipid cream - Decubal<\/title>\n<meta name=\"description\" content=\"Decubal lipid cream er \u00fer\u00f3a\u00f0 fyrir mj\u00f6g \u00feurra og \u00fatsetta h\u00fa\u00f0 og er endurn\u00e6randi krem me\u00f0 fituinnihald 70%. Lipid cream hj\u00e1lpar h\u00fa\u00f0inni a\u00f0 endurbyggja varnir s\u00ednar og ver hana gegn rakatapi. \u00deetta b\u00e6tir einnig teygjanleika h\u00fa\u00f0arinnar.\" \/>\n<meta name=\"robots\" content=\"index, follow, max-snippet:-1, max-image-preview:large, max-video-preview:-1\" \/>\n<link rel=\"canonical\" href=\"https:\/\/decubal.com\/is\/voru\/decubal-lipid-cream\/\" \/>\n<meta property=\"og:locale\" content=\"is_IS\" \/>\n<meta property=\"og:type\" content=\"article\" \/>\n<meta property=\"og:title\" content=\"Decubal lipid cream - Decubal\" \/>\n<meta property=\"og:description\" content=\"Decubal lipid cream er \u00fer\u00f3a\u00f0 fyrir mj\u00f6g \u00feurra og \u00fatsetta h\u00fa\u00f0 og er endurn\u00e6randi krem me\u00f0 fituinnihald 70%. Lipid cream hj\u00e1lpar h\u00fa\u00f0inni a\u00f0 endurbyggja varnir s\u00ednar og ver hana gegn rakatapi. \u00deetta b\u00e6tir einnig teygjanleika h\u00fa\u00f0arinnar.\" \/>\n<meta property=\"og:url\" content=\"https:\/\/decubal.com\/is\/voru\/decubal-lipid-cream\/\" \/>\n<meta property=\"og:site_name\" content=\"Decubal\" \/>\n<meta property=\"article:modified_time\" content=\"2025-08-15T10:30:09+00:00\" \/>\n<meta property=\"og:image\" content=\"https:\/\/decubal.com\/app\/uploads\/sites\/6\/2022\/09\/Decubal_Lipid_Cream_SE2.png\" \/>\n\t<meta property=\"og:image:width\" content=\"1000\" \/>\n\t<meta property=\"og:image:height\" content=\"1000\" \/>\n\t<meta property=\"og:image:type\" content=\"image\/png\" \/>\n<meta name=\"twitter:card\" content=\"summary_large_image\" \/>\n<meta name=\"twitter:label1\" content=\"Est. reading time\" \/>\n\t<meta name=\"twitter:data1\" content=\"1 minute\" \/>\n<script type=\"application\/ld+json\" class=\"yoast-schema-graph\">{\"@context\":\"https:\/\/schema.org\",\"@graph\":[{\"@type\":\"WebPage\",\"@id\":\"https:\/\/decubal.com\/is\/voru\/decubal-lipid-cream\/\",\"url\":\"https:\/\/decubal.com\/is\/voru\/decubal-lipid-cream\/\",\"name\":\"Decubal lipid cream - Decubal\",\"isPartOf\":{\"@id\":\"https:\/\/decubal.com\/is\/#website\"},\"primaryImageOfPage\":{\"@id\":\"https:\/\/decubal.com\/is\/voru\/decubal-lipid-cream\/#primaryimage\"},\"image\":{\"@id\":\"https:\/\/decubal.com\/is\/voru\/decubal-lipid-cream\/#primaryimage\"},\"thumbnailUrl\":\"https:\/\/decubal.com\/app\/uploads\/sites\/6\/2022\/09\/Decubal_Lipid_Cream_SE2.png\",\"datePublished\":\"2022-09-14T09:20:48+00:00\",\"dateModified\":\"2025-08-15T10:30:09+00:00\",\"description\":\"Decubal lipid cream er \u00fer\u00f3a\u00f0 fyrir mj\u00f6g \u00feurra og \u00fatsetta h\u00fa\u00f0 og er endurn\u00e6randi krem me\u00f0 fituinnihald 70%. Lipid cream hj\u00e1lpar h\u00fa\u00f0inni a\u00f0 endurbyggja varnir s\u00ednar og ver hana gegn rakatapi. \u00deetta b\u00e6tir einnig teygjanleika h\u00fa\u00f0arinnar.\",\"breadcrumb\":{\"@id\":\"https:\/\/decubal.com\/is\/voru\/decubal-lipid-cream\/#breadcrumb\"},\"inLanguage\":\"is\",\"potentialAction\":[{\"@type\":\"ReadAction\",\"target\":[\"https:\/\/decubal.com\/is\/voru\/decubal-lipid-cream\/\"]}]},{\"@type\":\"ImageObject\",\"inLanguage\":\"is\",\"@id\":\"https:\/\/decubal.com\/is\/voru\/decubal-lipid-cream\/#primaryimage\",\"url\":\"https:\/\/decubal.com\/app\/uploads\/sites\/6\/2022\/09\/Decubal_Lipid_Cream_SE2.png\",\"contentUrl\":\"https:\/\/decubal.com\/app\/uploads\/sites\/6\/2022\/09\/Decubal_Lipid_Cream_SE2.png\",\"width\":1000,\"height\":1000},{\"@type\":\"BreadcrumbList\",\"@id\":\"https:\/\/decubal.com\/is\/voru\/decubal-lipid-cream\/#breadcrumb\",\"itemListElement\":[{\"@type\":\"ListItem\",\"position\":1,\"name\":\"Home\",\"item\":\"https:\/\/decubal.com\/is\/\"},{\"@type\":\"ListItem\",\"position\":2,\"name\":\"V\u00f6rur\",\"item\":\"https:\/\/decubal.com\/is\/vorur\/\"},{\"@type\":\"ListItem\",\"position\":3,\"name\":\"Decubal lipid cream\"}]},{\"@type\":\"WebSite\",\"@id\":\"https:\/\/decubal.com\/is\/#website\",\"url\":\"https:\/\/decubal.com\/is\/\",\"name\":\"Decubal\",\"description\":\"\",\"publisher\":{\"@id\":\"https:\/\/decubal.com\/is\/#organization\"},\"potentialAction\":[{\"@type\":\"SearchAction\",\"target\":{\"@type\":\"EntryPoint\",\"urlTemplate\":\"https:\/\/decubal.com\/is\/?s={search_term_string}\"},\"query-input\":{\"@type\":\"PropertyValueSpecification\",\"valueRequired\":true,\"valueName\":\"search_term_string\"}}],\"inLanguage\":\"is\"},{\"@type\":\"Organization\",\"@id\":\"https:\/\/decubal.com\/is\/#organization\",\"name\":\"Decubal\",\"url\":\"https:\/\/decubal.com\/is\/\",\"logo\":{\"@type\":\"ImageObject\",\"inLanguage\":\"is\",\"@id\":\"https:\/\/decubal.com\/is\/#\/schema\/logo\/image\/\",\"url\":\"https:\/\/decubal.com\/app\/uploads\/sites\/6\/2022\/09\/Decubal-logo.png\",\"contentUrl\":\"https:\/\/decubal.com\/app\/uploads\/sites\/6\/2022\/09\/Decubal-logo.png\",\"width\":138,\"height\":40,\"caption\":\"Decubal\"},\"image\":{\"@id\":\"https:\/\/decubal.com\/is\/#\/schema\/logo\/image\/\"}}]}<\/script>\n<!-- \/ Yoast SEO plugin. -->","yoast_head_json":{"title":"Decubal lipid cream - Decubal","description":"Decubal lipid cream er \u00fer\u00f3a\u00f0 fyrir mj\u00f6g \u00feurra og \u00fatsetta h\u00fa\u00f0 og er endurn\u00e6randi krem me\u00f0 fituinnihald 70%. Lipid cream hj\u00e1lpar h\u00fa\u00f0inni a\u00f0 endurbyggja varnir s\u00ednar og ver hana gegn rakatapi. \u00deetta b\u00e6tir einnig teygjanleika h\u00fa\u00f0arinnar.","robots":{"index":"index","follow":"follow","max-snippet":"max-snippet:-1","max-image-preview":"max-image-preview:large","max-video-preview":"max-video-preview:-1"},"canonical":"https:\/\/decubal.com\/is\/voru\/decubal-lipid-cream\/","og_locale":"is_IS","og_type":"article","og_title":"Decubal lipid cream - Decubal","og_description":"Decubal lipid cream er \u00fer\u00f3a\u00f0 fyrir mj\u00f6g \u00feurra og \u00fatsetta h\u00fa\u00f0 og er endurn\u00e6randi krem me\u00f0 fituinnihald 70%. Lipid cream hj\u00e1lpar h\u00fa\u00f0inni a\u00f0 endurbyggja varnir s\u00ednar og ver hana gegn rakatapi. \u00deetta b\u00e6tir einnig teygjanleika h\u00fa\u00f0arinnar.","og_url":"https:\/\/decubal.com\/is\/voru\/decubal-lipid-cream\/","og_site_name":"Decubal","article_modified_time":"2025-08-15T10:30:09+00:00","og_image":[{"width":1000,"height":1000,"url":"https:\/\/decubal.com\/app\/uploads\/sites\/6\/2022\/09\/Decubal_Lipid_Cream_SE2.png","type":"image\/png"}],"twitter_card":"summary_large_image","twitter_misc":{"Est. reading time":"1 minute"},"schema":{"@context":"https:\/\/schema.org","@graph":[{"@type":"WebPage","@id":"https:\/\/decubal.com\/is\/voru\/decubal-lipid-cream\/","url":"https:\/\/decubal.com\/is\/voru\/decubal-lipid-cream\/","name":"Decubal lipid cream - Decubal","isPartOf":{"@id":"https:\/\/decubal.com\/is\/#website"},"primaryImageOfPage":{"@id":"https:\/\/decubal.com\/is\/voru\/decubal-lipid-cream\/#primaryimage"},"image":{"@id":"https:\/\/decubal.com\/is\/voru\/decubal-lipid-cream\/#primaryimage"},"thumbnailUrl":"https:\/\/decubal.com\/app\/uploads\/sites\/6\/2022\/09\/Decubal_Lipid_Cream_SE2.png","datePublished":"2022-09-14T09:20:48+00:00","dateModified":"2025-08-15T10:30:09+00:00","description":"Decubal lipid cream er \u00fer\u00f3a\u00f0 fyrir mj\u00f6g \u00feurra og \u00fatsetta h\u00fa\u00f0 og er endurn\u00e6randi krem me\u00f0 fituinnihald 70%. Lipid cream hj\u00e1lpar h\u00fa\u00f0inni a\u00f0 endurbyggja varnir s\u00ednar og ver hana gegn rakatapi. \u00deetta b\u00e6tir einnig teygjanleika h\u00fa\u00f0arinnar.","breadcrumb":{"@id":"https:\/\/decubal.com\/is\/voru\/decubal-lipid-cream\/#breadcrumb"},"inLanguage":"is","potentialAction":[{"@type":"ReadAction","target":["https:\/\/decubal.com\/is\/voru\/decubal-lipid-cream\/"]}]},{"@type":"ImageObject","inLanguage":"is","@id":"https:\/\/decubal.com\/is\/voru\/decubal-lipid-cream\/#primaryimage","url":"https:\/\/decubal.com\/app\/uploads\/sites\/6\/2022\/09\/Decubal_Lipid_Cream_SE2.png","contentUrl":"https:\/\/decubal.com\/app\/uploads\/sites\/6\/2022\/09\/Decubal_Lipid_Cream_SE2.png","width":1000,"height":1000},{"@type":"BreadcrumbList","@id":"https:\/\/decubal.com\/is\/voru\/decubal-lipid-cream\/#breadcrumb","itemListElement":[{"@type":"ListItem","position":1,"name":"Home","item":"https:\/\/decubal.com\/is\/"},{"@type":"ListItem","position":2,"name":"V\u00f6rur","item":"https:\/\/decubal.com\/is\/vorur\/"},{"@type":"ListItem","position":3,"name":"Decubal lipid cream"}]},{"@type":"WebSite","@id":"https:\/\/decubal.com\/is\/#website","url":"https:\/\/decubal.com\/is\/","name":"Decubal","description":"","publisher":{"@id":"https:\/\/decubal.com\/is\/#organization"},"potentialAction":[{"@type":"SearchAction","target":{"@type":"EntryPoint","urlTemplate":"https:\/\/decubal.com\/is\/?s={search_term_string}"},"query-input":{"@type":"PropertyValueSpecification","valueRequired":true,"valueName":"search_term_string"}}],"inLanguage":"is"},{"@type":"Organization","@id":"https:\/\/decubal.com\/is\/#organization","name":"Decubal","url":"https:\/\/decubal.com\/is\/","logo":{"@type":"ImageObject","inLanguage":"is","@id":"https:\/\/decubal.com\/is\/#\/schema\/logo\/image\/","url":"https:\/\/decubal.com\/app\/uploads\/sites\/6\/2022\/09\/Decubal-logo.png","contentUrl":"https:\/\/decubal.com\/app\/uploads\/sites\/6\/2022\/09\/Decubal-logo.png","width":138,"height":40,"caption":"Decubal"},"image":{"@id":"https:\/\/decubal.com\/is\/#\/schema\/logo\/image\/"}}]}},"_links":{"self":[{"href":"https:\/\/decubal.com\/is\/wp-json\/wp\/v2\/product\/107","targetHints":{"allow":["GET"]}}],"collection":[{"href":"https:\/\/decubal.com\/is\/wp-json\/wp\/v2\/product"}],"about":[{"href":"https:\/\/decubal.com\/is\/wp-json\/wp\/v2\/types\/product"}],"replies":[{"embeddable":true,"href":"https:\/\/decubal.com\/is\/wp-json\/wp\/v2\/comments?post=107"}],"version-history":[{"count":10,"href":"https:\/\/decubal.com\/is\/wp-json\/wp\/v2\/product\/107\/revisions"}],"predecessor-version":[{"id":579,"href":"https:\/\/decubal.com\/is\/wp-json\/wp\/v2\/product\/107\/revisions\/579"}],"wp:featuredmedia":[{"embeddable":true,"href":"https:\/\/decubal.com\/is\/wp-json\/wp\/v2\/media\/127"}],"wp:attachment":[{"href":"https:\/\/decubal.com\/is\/wp-json\/wp\/v2\/media?parent=107"}],"wp:term":[{"taxonomy":"product_brand","embeddable":true,"href":"https:\/\/decubal.com\/is\/wp-json\/wp\/v2\/product_brand?post=107"},{"taxonomy":"product_cat","embeddable":true,"href":"https:\/\/decubal.com\/is\/wp-json\/wp\/v2\/product_cat?post=107"},{"taxonomy":"product_tag","embeddable":true,"href":"https:\/\/decubal.com\/is\/wp-json\/wp\/v2\/product_tag?post=107"}],"curies":[{"name":"wp","href":"https:\/\/api.w.org\/{rel}","templated":true}]}}